{"id":58662,"date":"2026-01-27T12:39:56","date_gmt":"2026-02-09T12:43:57","guid":{"rendered":"https:\/\/likeink.com\/gnuggisar\/mustat-rakkaus-ja-suukko-kynsitarrat\/"},"modified":"2026-02-25T09:44:11","modified_gmt":"2026-02-25T09:44:11","slug":"mustat-rakkaus-ja-suukko-kynsitarrat","status":"publish","type":"product","link":"https:\/\/likeink.com\/fi\/siirtotatuoinnit\/mustat-rakkaus-ja-suukko-kynsitarrat\/","title":{"rendered":"Black Love &#038; Kiss Nail stickers"},"content":{"rendered":"","protected":false},"excerpt":{"rendered":"<p>Like Ink<br \/>\nNail tattoos<br \/>\n\u2013 Black Love &#038; Kiss Nail stickers<\/p>\n<h2>Tilaa romanttisin mustin kuvioin koristeltu Nail stickers!<\/h2>\n<p>Luo rohkea ja romanttinen manikyyri Like Ink<br \/>\nBlack Love &#038; Kiss Nail stickers<br \/>\n-tarroilla. Tarroissa on upeita mustia kuvioita, kuten huulet, kauniisti kuvitettu ruusu, syd\u00e4met ja ilmeikk\u00e4\u00e4t tekstit \u201dlove\u201d, \u201dkiss\u201d ja \u201dkiss me\u201d.<\/p>\n<p>Kuvioiden koko vaihtelee noin 3\u201315 mm:n v\u00e4lill\u00e4, joten n\u00e4m\u00e4 Nail stickers<br \/>\n-tarrat sopivat sek\u00e4 hienovaraisiin romanttisiin korostuksiin ett\u00e4 n\u00e4ytt\u00e4v\u00e4\u00e4n Nail art<br \/>\n-manikyyriin. Yksiv\u00e4rinen musta ulkon\u00e4k\u00f6 lis\u00e4\u00e4 tyylikkyytt\u00e4 ja modernia s\u00e4rm\u00e4\u00e4, mutta kuviot ovat silti leikkisi\u00e4 ja ilmeikk\u00e4it\u00e4.<\/p>\n<p>Ihanteellinen treffeille, erityistilaisuuksiin tai p\u00e4ivitt\u00e4iseen Nail art<br \/>\ntyylikk\u00e4\u00e4seen meikkiin. Helppo kiinnitt\u00e4\u00e4 ja mukava k\u00e4ytt\u00e4\u00e4, n\u00e4m\u00e4 Nail stickers<br \/>\npysyv\u00e4t paikoillaan useita p\u00e4ivi\u00e4 ilman tahroja tai kuoriutumista.<\/p>\n<p>Ei sotkua, ei kuivumisaikaa eik\u00e4 salonkik\u00e4yntej\u00e4 \u2013 vain vaivatonta Nail art<br \/>\nromanttisella vivahteella.<\/p>\n<p><strong>Kuinka kiinnitt\u00e4\u00e4 Nail stickers <\/strong><br \/>\nPuhdista ja kuivaa kynsi<\/p>\n<p>Valitse tarra arkista ja nosta se varovasti pinseteill\u00e4<\/p>\n<p>Aseta kuvio kynsille ja paina kevyesti<\/p>\n<p>Levit\u00e4 p\u00e4\u00e4llyslakka kest\u00e4vyyden lis\u00e4\u00e4miseksi<\/p>\n<p>Valmis!<\/p>\n<p><strong>Tuotetiedot<\/strong><\/p>\n<p><strong>Arkin koko:<\/strong><br \/>\n7 \u00d7 10 <strong>cm<br \/>\nV\u00e4ri:<\/strong><br \/>\n<strong>Musta<br \/>\nKuvio:<\/strong><br \/>\nHuulet, ruusu, syd\u00e4met, <strong>teksti<br \/>\nKuvion koko:<\/strong><br \/>\nnoin 3\u201315 mm<\/p>\n<p><strong>PS:<\/strong><br \/>\nOsta 6 arkkia ja maksa 5:st\u00e4 alennuskoodilla<strong> INKNAILS <\/strong><br \/>\n\ud83d\udc8b\u2728<\/p>\n","protected":false},"featured_media":59162,"template":"","meta":[],"product_brand":[],"product_cat":[468],"product_tag":[],"class_list":{"0":"post-58662","1":"product","2":"type-product","3":"status-publish","4":"has-post-thumbnail","6":"product_cat-nailstickers-fi","8":"first","9":"instock","10":"taxable","11":"shipping-taxable","12":"purchasable","13":"product-type-simple"},"yoast_head":"<!-- This site is optimized with the Yoast SEO Premium plugin v26.2 (Yoast SEO v27.4) - https:\/\/yoast.com\/product\/yoast-seo-premium-wordpress\/ -->\n<title>Black Love &amp; Kiss Nail stickers | Like Ink<\/title>\n<meta name=\"description\" content=\"Like Ink in musta Nail stickers, jossa on huulet, ruusu, syd\u00e4met ja rakkaudesta inspiroitu teksti. Elegantit, leikkis\u00e4t kuosit eri kokoisina. - Like ink\" \/>\n<meta name=\"robots\" content=\"index, follow, max-snippet:-1, max-image-preview:large, max-video-preview:-1\" \/>\n<link rel=\"canonical\" href=\"https:\/\/likeink.com\/fi\/siirtotatuoinnit\/mustat-rakkaus-ja-suukko-kynsitarrat\/\" \/>\n<meta property=\"og:locale\" content=\"fi_FI\" \/>\n<meta property=\"og:type\" content=\"article\" \/>\n<meta property=\"og:title\" content=\"Black Love &amp; Kiss Nail stickers\" \/>\n<meta property=\"og:description\" content=\"Like Ink Nail tattoos \u2013 Black Love &amp; Kiss Nail stickers Tilaa romanttisin mustin kuvioin koristeltu Nail stickers! Luo rohkea ja romanttinen manikyyri Like Ink Black Love &amp; Kiss Nail stickers -tarroilla. Tarroissa on upeita mustia kuvioita, kuten huulet, kauniisti kuvitettu ruusu, syd\u00e4met ja ilmeikk\u00e4\u00e4t tekstit \u201dlove\u201d, \u201dkiss\u201d ja \u201dkiss me\u201d. Kuvioiden koko vaihtelee noin 3\u201315 mm:n v\u00e4lill\u00e4, joten n\u00e4m\u00e4 Nail stickers -tarrat sopivat sek\u00e4 hienovaraisiin romanttisiin korostuksiin ett\u00e4 n\u00e4ytt\u00e4v\u00e4\u00e4n Nail art -manikyyriin. Yksiv\u00e4rinen musta ulkon\u00e4k\u00f6 lis\u00e4\u00e4 tyylikkyytt\u00e4 ja modernia s\u00e4rm\u00e4\u00e4, mutta kuviot ovat silti leikkisi\u00e4 ja ilmeikk\u00e4it\u00e4. Ihanteellinen treffeille, erityistilaisuuksiin tai p\u00e4ivitt\u00e4iseen Nail art tyylikk\u00e4\u00e4seen meikkiin. Helppo kiinnitt\u00e4\u00e4 ja mukava k\u00e4ytt\u00e4\u00e4, n\u00e4m\u00e4 Nail stickers pysyv\u00e4t paikoillaan useita p\u00e4ivi\u00e4 ilman tahroja tai kuoriutumista. Ei sotkua, ei kuivumisaikaa eik\u00e4 salonkik\u00e4yntej\u00e4 \u2013 vain vaivatonta Nail art romanttisella vivahteella. Kuinka kiinnitt\u00e4\u00e4 Nail stickers Puhdista ja kuivaa kynsi Valitse tarra arkista ja nosta se varovasti pinseteill\u00e4 Aseta kuvio kynsille ja paina kevyesti Levit\u00e4 p\u00e4\u00e4llyslakka kest\u00e4vyyden lis\u00e4\u00e4miseksi Valmis! Tuotetiedot Arkin koko: 7 \u00d7 10 cm V\u00e4ri: Musta Kuvio: Huulet, ruusu, syd\u00e4met, teksti Kuvion koko: noin 3\u201315 mm PS: Osta 6 arkkia ja maksa 5:st\u00e4 alennuskoodilla INKNAILS \ud83d\udc8b\u2728\" \/>\n<meta property=\"og:url\" content=\"https:\/\/likeink.com\/fi\/siirtotatuoinnit\/mustat-rakkaus-ja-suukko-kynsitarrat\/\" \/>\n<meta property=\"og:site_name\" content=\"Like ink\" \/>\n<meta property=\"article:publisher\" content=\"https:\/\/www.facebook.com\/LikeInkSe\" \/>\n<meta property=\"article:modified_time\" content=\"2026-02-25T09:44:11+00:00\" \/>\n<meta property=\"og:image\" content=\"https:\/\/likeink.com\/wp-content\/uploads\/2026\/02\/nail-srt-stickers-punk-likeink.png\" \/>\n\t<meta property=\"og:image:width\" content=\"1024\" \/>\n\t<meta property=\"og:image:height\" content=\"1024\" \/>\n\t<meta property=\"og:image:type\" content=\"image\/png\" \/>\n<meta name=\"twitter:card\" content=\"summary_large_image\" \/>\n<script type=\"application\/ld+json\" class=\"yoast-schema-graph\">{\"@context\":\"https:\\\/\\\/schema.org\",\"@graph\":[{\"@type\":\"WebPage\",\"@id\":\"https:\\\/\\\/likeink.com\\\/fi\\\/siirtotatuoinnit\\\/mustat-rakkaus-ja-suukko-kynsitarrat\\\/\",\"url\":\"https:\\\/\\\/likeink.com\\\/fi\\\/siirtotatuoinnit\\\/mustat-rakkaus-ja-suukko-kynsitarrat\\\/\",\"name\":\"Black Love & Kiss Nail stickers | Like Ink\",\"isPartOf\":{\"@id\":\"https:\\\/\\\/likeink.com\\\/fi\\\/#website\"},\"primaryImageOfPage\":{\"@id\":\"https:\\\/\\\/likeink.com\\\/fi\\\/siirtotatuoinnit\\\/mustat-rakkaus-ja-suukko-kynsitarrat\\\/#primaryimage\"},\"image\":{\"@id\":\"https:\\\/\\\/likeink.com\\\/fi\\\/siirtotatuoinnit\\\/mustat-rakkaus-ja-suukko-kynsitarrat\\\/#primaryimage\"},\"thumbnailUrl\":\"https:\\\/\\\/likeink.com\\\/wp-content\\\/uploads\\\/2026\\\/02\\\/nail-srt-stickers-punk-likeink.png\",\"datePublished\":\"2026-02-09T12:43:57+00:00\",\"dateModified\":\"2026-02-25T09:44:11+00:00\",\"description\":\"Like Ink in musta Nail stickers, jossa on huulet, ruusu, syd\u00e4met ja rakkaudesta inspiroitu teksti. Elegantit, leikkis\u00e4t kuosit eri kokoisina. - Like ink\",\"breadcrumb\":{\"@id\":\"https:\\\/\\\/likeink.com\\\/fi\\\/siirtotatuoinnit\\\/mustat-rakkaus-ja-suukko-kynsitarrat\\\/#breadcrumb\"},\"inLanguage\":\"fi\",\"potentialAction\":[{\"@type\":\"ReadAction\",\"target\":[\"https:\\\/\\\/likeink.com\\\/fi\\\/siirtotatuoinnit\\\/mustat-rakkaus-ja-suukko-kynsitarrat\\\/\"]}]},{\"@type\":\"ImageObject\",\"inLanguage\":\"fi\",\"@id\":\"https:\\\/\\\/likeink.com\\\/fi\\\/siirtotatuoinnit\\\/mustat-rakkaus-ja-suukko-kynsitarrat\\\/#primaryimage\",\"url\":\"https:\\\/\\\/likeink.com\\\/wp-content\\\/uploads\\\/2026\\\/02\\\/nail-srt-stickers-punk-likeink.png\",\"contentUrl\":\"https:\\\/\\\/likeink.com\\\/wp-content\\\/uploads\\\/2026\\\/02\\\/nail-srt-stickers-punk-likeink.png\",\"width\":1024,\"height\":1024,\"caption\":\"Kaksi sormea kynsitaiteella: toisessa kynsiss\u00e4 lukee Kiss me with hearts, toisessa on yksi musta syd\u00e4n. Sumeassa taustassa graffitissa on anarkiasymboli ja p\u00e4\u00e4kallo.\"},{\"@type\":\"BreadcrumbList\",\"@id\":\"https:\\\/\\\/likeink.com\\\/fi\\\/siirtotatuoinnit\\\/mustat-rakkaus-ja-suukko-kynsitarrat\\\/#breadcrumb\",\"itemListElement\":[{\"@type\":\"ListItem\",\"position\":1,\"name\":\"Hem\",\"item\":\"https:\\\/\\\/likeink.com\\\/fi\\\/\"},{\"@type\":\"ListItem\",\"position\":2,\"name\":\"Shop\",\"item\":\"https:\\\/\\\/likeink.com\\\/fi\\\/shop\\\/\"},{\"@type\":\"ListItem\",\"position\":3,\"name\":\"Black Love &#038; Kiss Nail stickers\"}]},{\"@type\":\"WebSite\",\"@id\":\"https:\\\/\\\/likeink.com\\\/fi\\\/#website\",\"url\":\"https:\\\/\\\/likeink.com\\\/fi\\\/\",\"name\":\"Like ink\",\"description\":\"Make your own custom design\",\"potentialAction\":[{\"@type\":\"SearchAction\",\"target\":{\"@type\":\"EntryPoint\",\"urlTemplate\":\"https:\\\/\\\/likeink.com\\\/fi\\\/?s={search_term_string}\"},\"query-input\":{\"@type\":\"PropertyValueSpecification\",\"valueRequired\":true,\"valueName\":\"search_term_string\"}}],\"inLanguage\":\"fi\"}]}<\/script>\n<!-- \/ Yoast SEO Premium plugin. -->","yoast_head_json":{"title":"Black Love & Kiss Nail stickers | Like Ink","description":"Like Ink in musta Nail stickers, jossa on huulet, ruusu, syd\u00e4met ja rakkaudesta inspiroitu teksti. Elegantit, leikkis\u00e4t kuosit eri kokoisina. - Like ink","robots":{"index":"index","follow":"follow","max-snippet":"max-snippet:-1","max-image-preview":"max-image-preview:large","max-video-preview":"max-video-preview:-1"},"canonical":"https:\/\/likeink.com\/fi\/siirtotatuoinnit\/mustat-rakkaus-ja-suukko-kynsitarrat\/","og_locale":"fi_FI","og_type":"article","og_title":"Black Love & Kiss Nail stickers","og_description":"Like Ink Nail tattoos \u2013 Black Love & Kiss Nail stickers Tilaa romanttisin mustin kuvioin koristeltu Nail stickers! Luo rohkea ja romanttinen manikyyri Like Ink Black Love & Kiss Nail stickers -tarroilla. Tarroissa on upeita mustia kuvioita, kuten huulet, kauniisti kuvitettu ruusu, syd\u00e4met ja ilmeikk\u00e4\u00e4t tekstit \u201dlove\u201d, \u201dkiss\u201d ja \u201dkiss me\u201d. Kuvioiden koko vaihtelee noin 3\u201315 mm:n v\u00e4lill\u00e4, joten n\u00e4m\u00e4 Nail stickers -tarrat sopivat sek\u00e4 hienovaraisiin romanttisiin korostuksiin ett\u00e4 n\u00e4ytt\u00e4v\u00e4\u00e4n Nail art -manikyyriin. Yksiv\u00e4rinen musta ulkon\u00e4k\u00f6 lis\u00e4\u00e4 tyylikkyytt\u00e4 ja modernia s\u00e4rm\u00e4\u00e4, mutta kuviot ovat silti leikkisi\u00e4 ja ilmeikk\u00e4it\u00e4. Ihanteellinen treffeille, erityistilaisuuksiin tai p\u00e4ivitt\u00e4iseen Nail art tyylikk\u00e4\u00e4seen meikkiin. Helppo kiinnitt\u00e4\u00e4 ja mukava k\u00e4ytt\u00e4\u00e4, n\u00e4m\u00e4 Nail stickers pysyv\u00e4t paikoillaan useita p\u00e4ivi\u00e4 ilman tahroja tai kuoriutumista. Ei sotkua, ei kuivumisaikaa eik\u00e4 salonkik\u00e4yntej\u00e4 \u2013 vain vaivatonta Nail art romanttisella vivahteella. Kuinka kiinnitt\u00e4\u00e4 Nail stickers Puhdista ja kuivaa kynsi Valitse tarra arkista ja nosta se varovasti pinseteill\u00e4 Aseta kuvio kynsille ja paina kevyesti Levit\u00e4 p\u00e4\u00e4llyslakka kest\u00e4vyyden lis\u00e4\u00e4miseksi Valmis! Tuotetiedot Arkin koko: 7 \u00d7 10 cm V\u00e4ri: Musta Kuvio: Huulet, ruusu, syd\u00e4met, teksti Kuvion koko: noin 3\u201315 mm PS: Osta 6 arkkia ja maksa 5:st\u00e4 alennuskoodilla INKNAILS \ud83d\udc8b\u2728","og_url":"https:\/\/likeink.com\/fi\/siirtotatuoinnit\/mustat-rakkaus-ja-suukko-kynsitarrat\/","og_site_name":"Like ink","article_publisher":"https:\/\/www.facebook.com\/LikeInkSe","article_modified_time":"2026-02-25T09:44:11+00:00","og_image":[{"width":1024,"height":1024,"url":"https:\/\/likeink.com\/wp-content\/uploads\/2026\/02\/nail-srt-stickers-punk-likeink.png","type":"image\/png"}],"twitter_card":"summary_large_image","schema":{"@context":"https:\/\/schema.org","@graph":[{"@type":"WebPage","@id":"https:\/\/likeink.com\/fi\/siirtotatuoinnit\/mustat-rakkaus-ja-suukko-kynsitarrat\/","url":"https:\/\/likeink.com\/fi\/siirtotatuoinnit\/mustat-rakkaus-ja-suukko-kynsitarrat\/","name":"Black Love & Kiss Nail stickers | Like Ink","isPartOf":{"@id":"https:\/\/likeink.com\/fi\/#website"},"primaryImageOfPage":{"@id":"https:\/\/likeink.com\/fi\/siirtotatuoinnit\/mustat-rakkaus-ja-suukko-kynsitarrat\/#primaryimage"},"image":{"@id":"https:\/\/likeink.com\/fi\/siirtotatuoinnit\/mustat-rakkaus-ja-suukko-kynsitarrat\/#primaryimage"},"thumbnailUrl":"https:\/\/likeink.com\/wp-content\/uploads\/2026\/02\/nail-srt-stickers-punk-likeink.png","datePublished":"2026-02-09T12:43:57+00:00","dateModified":"2026-02-25T09:44:11+00:00","description":"Like Ink in musta Nail stickers, jossa on huulet, ruusu, syd\u00e4met ja rakkaudesta inspiroitu teksti. Elegantit, leikkis\u00e4t kuosit eri kokoisina. - Like ink","breadcrumb":{"@id":"https:\/\/likeink.com\/fi\/siirtotatuoinnit\/mustat-rakkaus-ja-suukko-kynsitarrat\/#breadcrumb"},"inLanguage":"fi","potentialAction":[{"@type":"ReadAction","target":["https:\/\/likeink.com\/fi\/siirtotatuoinnit\/mustat-rakkaus-ja-suukko-kynsitarrat\/"]}]},{"@type":"ImageObject","inLanguage":"fi","@id":"https:\/\/likeink.com\/fi\/siirtotatuoinnit\/mustat-rakkaus-ja-suukko-kynsitarrat\/#primaryimage","url":"https:\/\/likeink.com\/wp-content\/uploads\/2026\/02\/nail-srt-stickers-punk-likeink.png","contentUrl":"https:\/\/likeink.com\/wp-content\/uploads\/2026\/02\/nail-srt-stickers-punk-likeink.png","width":1024,"height":1024,"caption":"Kaksi sormea kynsitaiteella: toisessa kynsiss\u00e4 lukee Kiss me with hearts, toisessa on yksi musta syd\u00e4n. Sumeassa taustassa graffitissa on anarkiasymboli ja p\u00e4\u00e4kallo."},{"@type":"BreadcrumbList","@id":"https:\/\/likeink.com\/fi\/siirtotatuoinnit\/mustat-rakkaus-ja-suukko-kynsitarrat\/#breadcrumb","itemListElement":[{"@type":"ListItem","position":1,"name":"Hem","item":"https:\/\/likeink.com\/fi\/"},{"@type":"ListItem","position":2,"name":"Shop","item":"https:\/\/likeink.com\/fi\/shop\/"},{"@type":"ListItem","position":3,"name":"Black Love &#038; Kiss Nail stickers"}]},{"@type":"WebSite","@id":"https:\/\/likeink.com\/fi\/#website","url":"https:\/\/likeink.com\/fi\/","name":"Like ink","description":"Make your own custom design","potentialAction":[{"@type":"SearchAction","target":{"@type":"EntryPoint","urlTemplate":"https:\/\/likeink.com\/fi\/?s={search_term_string}"},"query-input":{"@type":"PropertyValueSpecification","valueRequired":true,"valueName":"search_term_string"}}],"inLanguage":"fi"}]}},"_links":{"self":[{"href":"https:\/\/likeink.com\/fi\/wp-json\/wp\/v2\/product\/58662","targetHints":{"allow":["GET"]}}],"collection":[{"href":"https:\/\/likeink.com\/fi\/wp-json\/wp\/v2\/product"}],"about":[{"href":"https:\/\/likeink.com\/fi\/wp-json\/wp\/v2\/types\/product"}],"wp:featuredmedia":[{"embeddable":true,"href":"https:\/\/likeink.com\/fi\/wp-json\/wp\/v2\/media\/59162"}],"wp:attachment":[{"href":"https:\/\/likeink.com\/fi\/wp-json\/wp\/v2\/media?parent=58662"}],"wp:term":[{"taxonomy":"product_brand","embeddable":true,"href":"https:\/\/likeink.com\/fi\/wp-json\/wp\/v2\/product_brand?post=58662"},{"taxonomy":"product_cat","embeddable":true,"href":"https:\/\/likeink.com\/fi\/wp-json\/wp\/v2\/product_cat?post=58662"},{"taxonomy":"product_tag","embeddable":true,"href":"https:\/\/likeink.com\/fi\/wp-json\/wp\/v2\/product_tag?post=58662"}],"curies":[{"name":"wp","href":"https:\/\/api.w.org\/{rel}","templated":true}]}}