{"id":58665,"date":"2026-01-27T12:12:38","date_gmt":"2026-02-09T12:44:00","guid":{"rendered":"https:\/\/likeink.com\/gnuggisar\/pimeassa-hohtavat-taivaalliset-kynsitarrat\/"},"modified":"2026-02-25T09:44:14","modified_gmt":"2026-02-25T09:44:14","slug":"pimeassa-hohtavat-taivaalliset-kynsitarrat","status":"publish","type":"product","link":"https:\/\/likeink.com\/fi\/siirtotatuoinnit\/pimeassa-hohtavat-taivaalliset-kynsitarrat\/","title":{"rendered":"Pime\u00e4ss\u00e4 hohtava taivaallinen Nail stickers"},"content":{"rendered":"","protected":false},"excerpt":{"rendered":"<p>Like Ink<br \/>\nNail tattoos<br \/>\n\u2013 Pime\u00e4ss\u00e4 hohtava Nail stickers<\/p>\n<h2>Tilaa pime\u00e4ss\u00e4 hohtava Nail stickers, jossa on taivaallisia kuvioita!<\/h2>\n<p>Pirist\u00e4 manikyyri\u00e4si Like Ink<br \/>\nGlow in the Dark Celestial Nail stickers<br \/>\n-tuotteella. T\u00e4ss\u00e4 arkissa on vieh\u00e4tt\u00e4vi\u00e4 aurinko-, kuu- ja t\u00e4htikuvioita, jotka hehkuvat pehme\u00e4sti pime\u00e4ss\u00e4 ja luovat leikkis\u00e4n ja maagisen Nail art<br \/>\n-efektin, kun valot sammuvat.<\/p>\n<p>Kuvioiden koko on noin 5\u20138 mm, joten n\u00e4m\u00e4 Nail stickers<br \/>\n-tuotteet sopivat t\u00e4ydellisesti sek\u00e4 hienovaraisiin korostuksiin ett\u00e4 t\u00e4ysimittaisiin taivaankuvioisiin kynsidesigneihin. P\u00e4iv\u00e4ll\u00e4 ne n\u00e4ytt\u00e4v\u00e4t siisteilt\u00e4 ja tyylikk\u00e4ilt\u00e4, ja y\u00f6ll\u00e4 ne muuttuvat hehkuviksi yksityiskohdiksi, jotka tuovat odottamattoman k\u00e4\u00e4nteen.<\/p>\n<p>Ihanteellinen festivaaleille, juhliin, y\u00f6 tapahtumiin tai kaikille, jotka rakastavat hauskoja Nail art<br \/>\nkosmisen tunnelman kanssa. Helppo levitt\u00e4\u00e4 ja mukava k\u00e4ytt\u00e4\u00e4, n\u00e4m\u00e4 Nail stickers<br \/>\npysyv\u00e4t paikoillaan useita p\u00e4ivi\u00e4 ilman tahraantumista tai kuoriutumista.<\/p>\n<p>Ei sotkua, ei kuivumisaikaa eik\u00e4 salonkik\u00e4ynti\u00e4 \u2013 vain hohtavat Nail art<br \/>\nmuutamassa minuutissa.<\/p>\n<p><strong>Kuinka levitt\u00e4\u00e4 Nail stickers <\/strong><br \/>\nPuhdista ja kuivaa kynsi<\/p>\n<p>Valitse tarra arkista ja nosta se varovasti pinseteill\u00e4<\/p>\n<p>Aseta kuvio kynsille ja paina kevyesti<\/p>\n<p>Levit\u00e4 p\u00e4\u00e4llyslakka kest\u00e4vyyden lis\u00e4\u00e4miseksi<\/p>\n<p>Valmis!<\/p>\n<p><strong>Tuotetiedot<\/strong><\/p>\n<p><strong>Arkin koko:<\/strong><br \/>\n7 \u00d7 10 <strong>cm<br \/>\nVaikutus:<\/strong><br \/>\nHohtava pime\u00e4ss\u00e4<br \/>\n<strong>Motiivit:<\/strong><br \/>\nAurinkot, kuut, <strong>t\u00e4hdet<br \/>\nMotiivin koko:<\/strong><br \/>\nnoin 5\u20138 mm<\/p>\n<p><strong>PS:<\/strong><br \/>\nOsta 6 arkkia ja maksa 5:st\u00e4 alennuskoodilla<strong> INKNAILS <\/strong><br \/>\n\ud83c\udf1f\ud83d\udc85<\/p>\n","protected":false},"featured_media":59412,"template":"","meta":[],"product_brand":[],"product_cat":[468],"product_tag":[],"class_list":{"0":"post-58665","1":"product","2":"type-product","3":"status-publish","4":"has-post-thumbnail","6":"product_cat-nailstickers-fi","8":"first","9":"instock","10":"taxable","11":"shipping-taxable","12":"purchasable","13":"product-type-simple"},"yoast_head":"<!-- This site is optimized with the Yoast SEO Premium plugin v26.2 (Yoast SEO v27.4) - https:\/\/yoast.com\/product\/yoast-seo-premium-wordpress\/ -->\n<title>Pime\u00e4ss\u00e4 hohtava Celestial Nail stickers | Like Ink<\/title>\n<meta name=\"description\" content=\"Like Ink in pime\u00e4ss\u00e4 hohtava Nail stickers, jossa on aurinkoja, kuita ja t\u00e4hti\u00e4. Hauska, helppo levitt\u00e4\u00e4 ja t\u00e4ydellinen y\u00f6aikaan Nail art. - Like ink\" \/>\n<meta name=\"robots\" content=\"index, follow, max-snippet:-1, max-image-preview:large, max-video-preview:-1\" \/>\n<link rel=\"canonical\" href=\"https:\/\/likeink.com\/fi\/siirtotatuoinnit\/pimeassa-hohtavat-taivaalliset-kynsitarrat\/\" \/>\n<meta property=\"og:locale\" content=\"fi_FI\" \/>\n<meta property=\"og:type\" content=\"article\" \/>\n<meta property=\"og:title\" content=\"Pime\u00e4ss\u00e4 hohtava taivaallinen Nail stickers\" \/>\n<meta property=\"og:description\" content=\"Like Ink Nail tattoos \u2013 Pime\u00e4ss\u00e4 hohtava Nail stickers Tilaa pime\u00e4ss\u00e4 hohtava Nail stickers, jossa on taivaallisia kuvioita! Pirist\u00e4 manikyyri\u00e4si Like Ink Glow in the Dark Celestial Nail stickers -tuotteella. T\u00e4ss\u00e4 arkissa on vieh\u00e4tt\u00e4vi\u00e4 aurinko-, kuu- ja t\u00e4htikuvioita, jotka hehkuvat pehme\u00e4sti pime\u00e4ss\u00e4 ja luovat leikkis\u00e4n ja maagisen Nail art -efektin, kun valot sammuvat. Kuvioiden koko on noin 5\u20138 mm, joten n\u00e4m\u00e4 Nail stickers -tuotteet sopivat t\u00e4ydellisesti sek\u00e4 hienovaraisiin korostuksiin ett\u00e4 t\u00e4ysimittaisiin taivaankuvioisiin kynsidesigneihin. P\u00e4iv\u00e4ll\u00e4 ne n\u00e4ytt\u00e4v\u00e4t siisteilt\u00e4 ja tyylikk\u00e4ilt\u00e4, ja y\u00f6ll\u00e4 ne muuttuvat hehkuviksi yksityiskohdiksi, jotka tuovat odottamattoman k\u00e4\u00e4nteen. Ihanteellinen festivaaleille, juhliin, y\u00f6 tapahtumiin tai kaikille, jotka rakastavat hauskoja Nail art kosmisen tunnelman kanssa. Helppo levitt\u00e4\u00e4 ja mukava k\u00e4ytt\u00e4\u00e4, n\u00e4m\u00e4 Nail stickers pysyv\u00e4t paikoillaan useita p\u00e4ivi\u00e4 ilman tahraantumista tai kuoriutumista. Ei sotkua, ei kuivumisaikaa eik\u00e4 salonkik\u00e4ynti\u00e4 \u2013 vain hohtavat Nail art muutamassa minuutissa. Kuinka levitt\u00e4\u00e4 Nail stickers Puhdista ja kuivaa kynsi Valitse tarra arkista ja nosta se varovasti pinseteill\u00e4 Aseta kuvio kynsille ja paina kevyesti Levit\u00e4 p\u00e4\u00e4llyslakka kest\u00e4vyyden lis\u00e4\u00e4miseksi Valmis! Tuotetiedot Arkin koko: 7 \u00d7 10 cm Vaikutus: Hohtava pime\u00e4ss\u00e4 Motiivit: Aurinkot, kuut, t\u00e4hdet Motiivin koko: noin 5\u20138 mm PS: Osta 6 arkkia ja maksa 5:st\u00e4 alennuskoodilla INKNAILS \ud83c\udf1f\ud83d\udc85\" \/>\n<meta property=\"og:url\" content=\"https:\/\/likeink.com\/fi\/siirtotatuoinnit\/pimeassa-hohtavat-taivaalliset-kynsitarrat\/\" \/>\n<meta property=\"og:site_name\" content=\"Like ink\" \/>\n<meta property=\"article:publisher\" content=\"https:\/\/www.facebook.com\/LikeInkSe\" \/>\n<meta property=\"article:modified_time\" content=\"2026-02-25T09:44:14+00:00\" \/>\n<meta property=\"og:image\" content=\"https:\/\/likeink.com\/wp-content\/uploads\/2026\/02\/nailstickers-glowinthedark-sun.png\" \/>\n\t<meta property=\"og:image:width\" content=\"1024\" \/>\n\t<meta property=\"og:image:height\" content=\"1024\" \/>\n\t<meta property=\"og:image:type\" content=\"image\/png\" \/>\n<meta name=\"twitter:card\" content=\"summary_large_image\" \/>\n<script type=\"application\/ld+json\" class=\"yoast-schema-graph\">{\"@context\":\"https:\\\/\\\/schema.org\",\"@graph\":[{\"@type\":\"WebPage\",\"@id\":\"https:\\\/\\\/likeink.com\\\/fi\\\/siirtotatuoinnit\\\/pimeassa-hohtavat-taivaalliset-kynsitarrat\\\/\",\"url\":\"https:\\\/\\\/likeink.com\\\/fi\\\/siirtotatuoinnit\\\/pimeassa-hohtavat-taivaalliset-kynsitarrat\\\/\",\"name\":\"Pime\u00e4ss\u00e4 hohtava Celestial Nail stickers | Like Ink\",\"isPartOf\":{\"@id\":\"https:\\\/\\\/likeink.com\\\/fi\\\/#website\"},\"primaryImageOfPage\":{\"@id\":\"https:\\\/\\\/likeink.com\\\/fi\\\/siirtotatuoinnit\\\/pimeassa-hohtavat-taivaalliset-kynsitarrat\\\/#primaryimage\"},\"image\":{\"@id\":\"https:\\\/\\\/likeink.com\\\/fi\\\/siirtotatuoinnit\\\/pimeassa-hohtavat-taivaalliset-kynsitarrat\\\/#primaryimage\"},\"thumbnailUrl\":\"https:\\\/\\\/likeink.com\\\/wp-content\\\/uploads\\\/2026\\\/02\\\/nailstickers-glowinthedark-sun.png\",\"datePublished\":\"2026-02-09T12:44:00+00:00\",\"dateModified\":\"2026-02-25T09:44:14+00:00\",\"description\":\"Like Ink in pime\u00e4ss\u00e4 hohtava Nail stickers, jossa on aurinkoja, kuita ja t\u00e4hti\u00e4. Hauska, helppo levitt\u00e4\u00e4 ja t\u00e4ydellinen y\u00f6aikaan Nail art. - Like ink\",\"breadcrumb\":{\"@id\":\"https:\\\/\\\/likeink.com\\\/fi\\\/siirtotatuoinnit\\\/pimeassa-hohtavat-taivaalliset-kynsitarrat\\\/#breadcrumb\"},\"inLanguage\":\"fi\",\"potentialAction\":[{\"@type\":\"ReadAction\",\"target\":[\"https:\\\/\\\/likeink.com\\\/fi\\\/siirtotatuoinnit\\\/pimeassa-hohtavat-taivaalliset-kynsitarrat\\\/\"]}]},{\"@type\":\"ImageObject\",\"inLanguage\":\"fi\",\"@id\":\"https:\\\/\\\/likeink.com\\\/fi\\\/siirtotatuoinnit\\\/pimeassa-hohtavat-taivaalliset-kynsitarrat\\\/#primaryimage\",\"url\":\"https:\\\/\\\/likeink.com\\\/wp-content\\\/uploads\\\/2026\\\/02\\\/nailstickers-glowinthedark-sun.png\",\"contentUrl\":\"https:\\\/\\\/likeink.com\\\/wp-content\\\/uploads\\\/2026\\\/02\\\/nailstickers-glowinthedark-sun.png\",\"width\":1024,\"height\":1024,\"caption\":\"L\u00e4hikuva nelj\u00e4st\u00e4 kynsist\u00e4, joissa jokaisessa on hehkuva vihre\u00e4 kuvio: t\u00e4hti, hymyilev\u00e4 aurinko, kuunsirppi ja toinen t\u00e4hti v\u00e4rikk\u00e4\u00e4ll\u00e4, sumealla taustalla.\"},{\"@type\":\"BreadcrumbList\",\"@id\":\"https:\\\/\\\/likeink.com\\\/fi\\\/siirtotatuoinnit\\\/pimeassa-hohtavat-taivaalliset-kynsitarrat\\\/#breadcrumb\",\"itemListElement\":[{\"@type\":\"ListItem\",\"position\":1,\"name\":\"Hem\",\"item\":\"https:\\\/\\\/likeink.com\\\/fi\\\/\"},{\"@type\":\"ListItem\",\"position\":2,\"name\":\"Shop\",\"item\":\"https:\\\/\\\/likeink.com\\\/fi\\\/shop\\\/\"},{\"@type\":\"ListItem\",\"position\":3,\"name\":\"Pime\u00e4ss\u00e4 hohtava taivaallinen Nail stickers\"}]},{\"@type\":\"WebSite\",\"@id\":\"https:\\\/\\\/likeink.com\\\/fi\\\/#website\",\"url\":\"https:\\\/\\\/likeink.com\\\/fi\\\/\",\"name\":\"Like ink\",\"description\":\"Make your own custom design\",\"potentialAction\":[{\"@type\":\"SearchAction\",\"target\":{\"@type\":\"EntryPoint\",\"urlTemplate\":\"https:\\\/\\\/likeink.com\\\/fi\\\/?s={search_term_string}\"},\"query-input\":{\"@type\":\"PropertyValueSpecification\",\"valueRequired\":true,\"valueName\":\"search_term_string\"}}],\"inLanguage\":\"fi\"}]}<\/script>\n<!-- \/ Yoast SEO Premium plugin. -->","yoast_head_json":{"title":"Pime\u00e4ss\u00e4 hohtava Celestial Nail stickers | Like Ink","description":"Like Ink in pime\u00e4ss\u00e4 hohtava Nail stickers, jossa on aurinkoja, kuita ja t\u00e4hti\u00e4. Hauska, helppo levitt\u00e4\u00e4 ja t\u00e4ydellinen y\u00f6aikaan Nail art. - Like ink","robots":{"index":"index","follow":"follow","max-snippet":"max-snippet:-1","max-image-preview":"max-image-preview:large","max-video-preview":"max-video-preview:-1"},"canonical":"https:\/\/likeink.com\/fi\/siirtotatuoinnit\/pimeassa-hohtavat-taivaalliset-kynsitarrat\/","og_locale":"fi_FI","og_type":"article","og_title":"Pime\u00e4ss\u00e4 hohtava taivaallinen Nail stickers","og_description":"Like Ink Nail tattoos \u2013 Pime\u00e4ss\u00e4 hohtava Nail stickers Tilaa pime\u00e4ss\u00e4 hohtava Nail stickers, jossa on taivaallisia kuvioita! Pirist\u00e4 manikyyri\u00e4si Like Ink Glow in the Dark Celestial Nail stickers -tuotteella. T\u00e4ss\u00e4 arkissa on vieh\u00e4tt\u00e4vi\u00e4 aurinko-, kuu- ja t\u00e4htikuvioita, jotka hehkuvat pehme\u00e4sti pime\u00e4ss\u00e4 ja luovat leikkis\u00e4n ja maagisen Nail art -efektin, kun valot sammuvat. Kuvioiden koko on noin 5\u20138 mm, joten n\u00e4m\u00e4 Nail stickers -tuotteet sopivat t\u00e4ydellisesti sek\u00e4 hienovaraisiin korostuksiin ett\u00e4 t\u00e4ysimittaisiin taivaankuvioisiin kynsidesigneihin. P\u00e4iv\u00e4ll\u00e4 ne n\u00e4ytt\u00e4v\u00e4t siisteilt\u00e4 ja tyylikk\u00e4ilt\u00e4, ja y\u00f6ll\u00e4 ne muuttuvat hehkuviksi yksityiskohdiksi, jotka tuovat odottamattoman k\u00e4\u00e4nteen. Ihanteellinen festivaaleille, juhliin, y\u00f6 tapahtumiin tai kaikille, jotka rakastavat hauskoja Nail art kosmisen tunnelman kanssa. Helppo levitt\u00e4\u00e4 ja mukava k\u00e4ytt\u00e4\u00e4, n\u00e4m\u00e4 Nail stickers pysyv\u00e4t paikoillaan useita p\u00e4ivi\u00e4 ilman tahraantumista tai kuoriutumista. Ei sotkua, ei kuivumisaikaa eik\u00e4 salonkik\u00e4ynti\u00e4 \u2013 vain hohtavat Nail art muutamassa minuutissa. Kuinka levitt\u00e4\u00e4 Nail stickers Puhdista ja kuivaa kynsi Valitse tarra arkista ja nosta se varovasti pinseteill\u00e4 Aseta kuvio kynsille ja paina kevyesti Levit\u00e4 p\u00e4\u00e4llyslakka kest\u00e4vyyden lis\u00e4\u00e4miseksi Valmis! Tuotetiedot Arkin koko: 7 \u00d7 10 cm Vaikutus: Hohtava pime\u00e4ss\u00e4 Motiivit: Aurinkot, kuut, t\u00e4hdet Motiivin koko: noin 5\u20138 mm PS: Osta 6 arkkia ja maksa 5:st\u00e4 alennuskoodilla INKNAILS \ud83c\udf1f\ud83d\udc85","og_url":"https:\/\/likeink.com\/fi\/siirtotatuoinnit\/pimeassa-hohtavat-taivaalliset-kynsitarrat\/","og_site_name":"Like ink","article_publisher":"https:\/\/www.facebook.com\/LikeInkSe","article_modified_time":"2026-02-25T09:44:14+00:00","og_image":[{"width":1024,"height":1024,"url":"https:\/\/likeink.com\/wp-content\/uploads\/2026\/02\/nailstickers-glowinthedark-sun.png","type":"image\/png"}],"twitter_card":"summary_large_image","schema":{"@context":"https:\/\/schema.org","@graph":[{"@type":"WebPage","@id":"https:\/\/likeink.com\/fi\/siirtotatuoinnit\/pimeassa-hohtavat-taivaalliset-kynsitarrat\/","url":"https:\/\/likeink.com\/fi\/siirtotatuoinnit\/pimeassa-hohtavat-taivaalliset-kynsitarrat\/","name":"Pime\u00e4ss\u00e4 hohtava Celestial Nail stickers | Like Ink","isPartOf":{"@id":"https:\/\/likeink.com\/fi\/#website"},"primaryImageOfPage":{"@id":"https:\/\/likeink.com\/fi\/siirtotatuoinnit\/pimeassa-hohtavat-taivaalliset-kynsitarrat\/#primaryimage"},"image":{"@id":"https:\/\/likeink.com\/fi\/siirtotatuoinnit\/pimeassa-hohtavat-taivaalliset-kynsitarrat\/#primaryimage"},"thumbnailUrl":"https:\/\/likeink.com\/wp-content\/uploads\/2026\/02\/nailstickers-glowinthedark-sun.png","datePublished":"2026-02-09T12:44:00+00:00","dateModified":"2026-02-25T09:44:14+00:00","description":"Like Ink in pime\u00e4ss\u00e4 hohtava Nail stickers, jossa on aurinkoja, kuita ja t\u00e4hti\u00e4. Hauska, helppo levitt\u00e4\u00e4 ja t\u00e4ydellinen y\u00f6aikaan Nail art. - Like ink","breadcrumb":{"@id":"https:\/\/likeink.com\/fi\/siirtotatuoinnit\/pimeassa-hohtavat-taivaalliset-kynsitarrat\/#breadcrumb"},"inLanguage":"fi","potentialAction":[{"@type":"ReadAction","target":["https:\/\/likeink.com\/fi\/siirtotatuoinnit\/pimeassa-hohtavat-taivaalliset-kynsitarrat\/"]}]},{"@type":"ImageObject","inLanguage":"fi","@id":"https:\/\/likeink.com\/fi\/siirtotatuoinnit\/pimeassa-hohtavat-taivaalliset-kynsitarrat\/#primaryimage","url":"https:\/\/likeink.com\/wp-content\/uploads\/2026\/02\/nailstickers-glowinthedark-sun.png","contentUrl":"https:\/\/likeink.com\/wp-content\/uploads\/2026\/02\/nailstickers-glowinthedark-sun.png","width":1024,"height":1024,"caption":"L\u00e4hikuva nelj\u00e4st\u00e4 kynsist\u00e4, joissa jokaisessa on hehkuva vihre\u00e4 kuvio: t\u00e4hti, hymyilev\u00e4 aurinko, kuunsirppi ja toinen t\u00e4hti v\u00e4rikk\u00e4\u00e4ll\u00e4, sumealla taustalla."},{"@type":"BreadcrumbList","@id":"https:\/\/likeink.com\/fi\/siirtotatuoinnit\/pimeassa-hohtavat-taivaalliset-kynsitarrat\/#breadcrumb","itemListElement":[{"@type":"ListItem","position":1,"name":"Hem","item":"https:\/\/likeink.com\/fi\/"},{"@type":"ListItem","position":2,"name":"Shop","item":"https:\/\/likeink.com\/fi\/shop\/"},{"@type":"ListItem","position":3,"name":"Pime\u00e4ss\u00e4 hohtava taivaallinen Nail stickers"}]},{"@type":"WebSite","@id":"https:\/\/likeink.com\/fi\/#website","url":"https:\/\/likeink.com\/fi\/","name":"Like ink","description":"Make your own custom design","potentialAction":[{"@type":"SearchAction","target":{"@type":"EntryPoint","urlTemplate":"https:\/\/likeink.com\/fi\/?s={search_term_string}"},"query-input":{"@type":"PropertyValueSpecification","valueRequired":true,"valueName":"search_term_string"}}],"inLanguage":"fi"}]}},"_links":{"self":[{"href":"https:\/\/likeink.com\/fi\/wp-json\/wp\/v2\/product\/58665","targetHints":{"allow":["GET"]}}],"collection":[{"href":"https:\/\/likeink.com\/fi\/wp-json\/wp\/v2\/product"}],"about":[{"href":"https:\/\/likeink.com\/fi\/wp-json\/wp\/v2\/types\/product"}],"wp:featuredmedia":[{"embeddable":true,"href":"https:\/\/likeink.com\/fi\/wp-json\/wp\/v2\/media\/59412"}],"wp:attachment":[{"href":"https:\/\/likeink.com\/fi\/wp-json\/wp\/v2\/media?parent=58665"}],"wp:term":[{"taxonomy":"product_brand","embeddable":true,"href":"https:\/\/likeink.com\/fi\/wp-json\/wp\/v2\/product_brand?post=58665"},{"taxonomy":"product_cat","embeddable":true,"href":"https:\/\/likeink.com\/fi\/wp-json\/wp\/v2\/product_cat?post=58665"},{"taxonomy":"product_tag","embeddable":true,"href":"https:\/\/likeink.com\/fi\/wp-json\/wp\/v2\/product_tag?post=58665"}],"curies":[{"name":"wp","href":"https:\/\/api.w.org\/{rel}","templated":true}]}}