{"id":58671,"date":"2026-01-27T09:47:51","date_gmt":"2026-02-09T12:44:07","guid":{"rendered":"https:\/\/likeink.com\/gnuggisar\/ruskeat-leopardikuvioiset-tahti-ja-ristikynsitarrat\/"},"modified":"2026-02-25T09:44:20","modified_gmt":"2026-02-25T09:44:20","slug":"ruskeat-leopardikuvioiset-tahti-ja-ristikynsitarrat","status":"publish","type":"product","link":"https:\/\/likeink.com\/fi\/siirtotatuoinnit\/ruskeat-leopardikuvioiset-tahti-ja-ristikynsitarrat\/","title":{"rendered":"Ruskea leopardit\u00e4hti ja risti Nail stickers"},"content":{"rendered":"","protected":false},"excerpt":{"rendered":"<p>Like Ink<br \/>\nNail tattoos<br \/>\n\u2013 Leopard Star &#038; Cross Nail stickers<\/p>\n<h2>Tilaa Nail stickers, jossa on rohkeat leopardikuvioiset t\u00e4htikuvioinnit!<\/h2>\n<p>Lis\u00e4\u00e4 manikyyriisi asennetta ja tekstuuria Like Ink<br \/>\nLeopard Star &#038; Cross Nail stickers<br \/>\n. T\u00e4ss\u00e4 arkissa on ruskeat leopardikuvioiset t\u00e4hdet ja ristit, joihin on yhdistetty minimalistisia pisteit\u00e4, mik\u00e4 luo rohkean ja tyylikk\u00e4\u00e4n ilmeen.<\/p>\n<p>T\u00e4htien ja ristien kuviointi on kooltaan noin 6\u201315 mm, joten ne sopivat t\u00e4ydellisesti n\u00e4ytt\u00e4v\u00e4\u00e4n manikyyriin tai voimakkaisiin korostuskuvioihin. Pienemm\u00e4t 3 mm:n pisteet ovat ihanteellisia hienovaraisiin yksityiskohtiin, v\u00e4lily\u00f6nteihin tai kerroksellisiin Nail art<br \/>\n-kuvioihin.<\/p>\n<p>Sopii t\u00e4ydellisesti rock-henkisiin tyyleihin, el\u00e4inprinttien yst\u00e4ville ja kaikille, jotka nauttivat edgyjen symbolien ja klassisten kuvioiden yhdist\u00e4misest\u00e4. Helppoja kiinnitt\u00e4\u00e4 ja mukavia k\u00e4ytt\u00e4\u00e4, n\u00e4m\u00e4 Nail stickers<br \/>\npysyv\u00e4t paikoillaan useita p\u00e4ivi\u00e4 ilman tahraantumista tai kuoriutumista.<\/p>\n<p>Ei sotkua, ei kuivumisaikaa eik\u00e4 salonkik\u00e4yntej\u00e4 \u2013 vain vaivatonta Nail art<br \/>\nluonnetta.<\/p>\n<p><strong>Kuinka kiinnitt\u00e4\u00e4 Nail stickers <\/strong><br \/>\nPuhdista ja kuivaa kynsi.<\/p>\n<p>Valitse tarra arkista ja nosta se varovasti pinseteill\u00e4.<\/p>\n<p>Aseta kuvio kynsille ja paina kevyesti.<\/p>\n<p>Levit\u00e4 p\u00e4\u00e4llyslakka kest\u00e4vyyden lis\u00e4\u00e4miseksi.<\/p>\n<p>Valmis!<\/p>\n<p><strong>Tuotetiedot<\/strong><\/p>\n<p><strong>Arkin koko:<\/strong><br \/>\n7 \u00d7 10 <strong>cm<br \/>\nV\u00e4rit:<\/strong><br \/>\nRuskea (leopardikuvio)<br \/>\n<strong>Motivit:<\/strong><br \/>\nT\u00e4hdet, ristit, <strong>pisteet<br \/>\nMotivien koko:<\/strong><br \/>\n\u2013 T\u00e4hdet ja ristit: noin 6\u201315 mm<br \/>\n\u2013 Pisteet: noin 3 mm<\/p>\n<p><strong>PS:<\/strong><br \/>\nOsta 6 arkkia ja maksa vain 5 alennuskoodilla<strong> INKNAILS <\/strong><br \/>\n\ud83e\udd0e\u2728<\/p>\n","protected":false},"featured_media":59529,"template":"","meta":[],"product_brand":[],"product_cat":[468],"product_tag":[],"class_list":{"0":"post-58671","1":"product","2":"type-product","3":"status-publish","4":"has-post-thumbnail","6":"product_cat-nailstickers-fi","8":"first","9":"instock","10":"taxable","11":"shipping-taxable","12":"purchasable","13":"product-type-simple"},"yoast_head":"<!-- This site is optimized with the Yoast SEO Premium plugin v26.2 (Yoast SEO v27.4) - https:\/\/yoast.com\/product\/yoast-seo-premium-wordpress\/ -->\n<title>Brown Leopard Star &amp; Cross Nail stickers | Like Ink<\/title>\n<meta name=\"description\" content=\"Ruskeat leopardikuvioiset Nail stickers -korut Like Ink -sivustolta, joissa on t\u00e4hti\u00e4, ristej\u00e4 ja pisteit\u00e4. Rohkeat, tyylikk\u00e4\u00e4t mallit eri kokoina. - Like ink\" \/>\n<meta name=\"robots\" content=\"index, follow, max-snippet:-1, max-image-preview:large, max-video-preview:-1\" \/>\n<link rel=\"canonical\" href=\"https:\/\/likeink.com\/fi\/siirtotatuoinnit\/ruskeat-leopardikuvioiset-tahti-ja-ristikynsitarrat\/\" \/>\n<meta property=\"og:locale\" content=\"fi_FI\" \/>\n<meta property=\"og:type\" content=\"article\" \/>\n<meta property=\"og:title\" content=\"Ruskea leopardit\u00e4hti ja risti Nail stickers\" \/>\n<meta property=\"og:description\" content=\"Like Ink Nail tattoos \u2013 Leopard Star &amp; Cross Nail stickers Tilaa Nail stickers, jossa on rohkeat leopardikuvioiset t\u00e4htikuvioinnit! Lis\u00e4\u00e4 manikyyriisi asennetta ja tekstuuria Like Ink Leopard Star &amp; Cross Nail stickers . T\u00e4ss\u00e4 arkissa on ruskeat leopardikuvioiset t\u00e4hdet ja ristit, joihin on yhdistetty minimalistisia pisteit\u00e4, mik\u00e4 luo rohkean ja tyylikk\u00e4\u00e4n ilmeen. T\u00e4htien ja ristien kuviointi on kooltaan noin 6\u201315 mm, joten ne sopivat t\u00e4ydellisesti n\u00e4ytt\u00e4v\u00e4\u00e4n manikyyriin tai voimakkaisiin korostuskuvioihin. Pienemm\u00e4t 3 mm:n pisteet ovat ihanteellisia hienovaraisiin yksityiskohtiin, v\u00e4lily\u00f6nteihin tai kerroksellisiin Nail art -kuvioihin. Sopii t\u00e4ydellisesti rock-henkisiin tyyleihin, el\u00e4inprinttien yst\u00e4ville ja kaikille, jotka nauttivat edgyjen symbolien ja klassisten kuvioiden yhdist\u00e4misest\u00e4. Helppoja kiinnitt\u00e4\u00e4 ja mukavia k\u00e4ytt\u00e4\u00e4, n\u00e4m\u00e4 Nail stickers pysyv\u00e4t paikoillaan useita p\u00e4ivi\u00e4 ilman tahraantumista tai kuoriutumista. Ei sotkua, ei kuivumisaikaa eik\u00e4 salonkik\u00e4yntej\u00e4 \u2013 vain vaivatonta Nail art luonnetta. Kuinka kiinnitt\u00e4\u00e4 Nail stickers Puhdista ja kuivaa kynsi. Valitse tarra arkista ja nosta se varovasti pinseteill\u00e4. Aseta kuvio kynsille ja paina kevyesti. Levit\u00e4 p\u00e4\u00e4llyslakka kest\u00e4vyyden lis\u00e4\u00e4miseksi. Valmis! Tuotetiedot  Arkin koko: 7 \u00d7 10 cm V\u00e4rit: Ruskea (leopardikuvio) Motivit: T\u00e4hdet, ristit, pisteet Motivien koko: \u2013 T\u00e4hdet ja ristit: noin 6\u201315 mm \u2013 Pisteet: noin 3 mm PS: Osta 6 arkkia ja maksa vain 5 alennuskoodilla INKNAILS \ud83e\udd0e\u2728\" \/>\n<meta property=\"og:url\" content=\"https:\/\/likeink.com\/fi\/siirtotatuoinnit\/ruskeat-leopardikuvioiset-tahti-ja-ristikynsitarrat\/\" \/>\n<meta property=\"og:site_name\" content=\"Like ink\" \/>\n<meta property=\"article:publisher\" content=\"https:\/\/www.facebook.com\/LikeInkSe\" \/>\n<meta property=\"article:modified_time\" content=\"2026-02-25T09:44:20+00:00\" \/>\n<meta property=\"og:image\" content=\"https:\/\/likeink.com\/wp-content\/uploads\/2026\/02\/nail-sticker-design-stars-likeink.png\" \/>\n\t<meta property=\"og:image:width\" content=\"1024\" \/>\n\t<meta property=\"og:image:height\" content=\"1024\" \/>\n\t<meta property=\"og:image:type\" content=\"image\/png\" \/>\n<meta name=\"twitter:card\" content=\"summary_large_image\" \/>\n<script type=\"application\/ld+json\" class=\"yoast-schema-graph\">{\"@context\":\"https:\\\/\\\/schema.org\",\"@graph\":[{\"@type\":\"WebPage\",\"@id\":\"https:\\\/\\\/likeink.com\\\/fi\\\/siirtotatuoinnit\\\/ruskeat-leopardikuvioiset-tahti-ja-ristikynsitarrat\\\/\",\"url\":\"https:\\\/\\\/likeink.com\\\/fi\\\/siirtotatuoinnit\\\/ruskeat-leopardikuvioiset-tahti-ja-ristikynsitarrat\\\/\",\"name\":\"Brown Leopard Star & Cross Nail stickers | Like Ink\",\"isPartOf\":{\"@id\":\"https:\\\/\\\/likeink.com\\\/fi\\\/#website\"},\"primaryImageOfPage\":{\"@id\":\"https:\\\/\\\/likeink.com\\\/fi\\\/siirtotatuoinnit\\\/ruskeat-leopardikuvioiset-tahti-ja-ristikynsitarrat\\\/#primaryimage\"},\"image\":{\"@id\":\"https:\\\/\\\/likeink.com\\\/fi\\\/siirtotatuoinnit\\\/ruskeat-leopardikuvioiset-tahti-ja-ristikynsitarrat\\\/#primaryimage\"},\"thumbnailUrl\":\"https:\\\/\\\/likeink.com\\\/wp-content\\\/uploads\\\/2026\\\/02\\\/nail-sticker-design-stars-likeink.png\",\"datePublished\":\"2026-02-09T12:44:07+00:00\",\"dateModified\":\"2026-02-25T09:44:20+00:00\",\"description\":\"Ruskeat leopardikuvioiset Nail stickers -korut Like Ink -sivustolta, joissa on t\u00e4hti\u00e4, ristej\u00e4 ja pisteit\u00e4. Rohkeat, tyylikk\u00e4\u00e4t mallit eri kokoina. - Like ink\",\"breadcrumb\":{\"@id\":\"https:\\\/\\\/likeink.com\\\/fi\\\/siirtotatuoinnit\\\/ruskeat-leopardikuvioiset-tahti-ja-ristikynsitarrat\\\/#breadcrumb\"},\"inLanguage\":\"fi\",\"potentialAction\":[{\"@type\":\"ReadAction\",\"target\":[\"https:\\\/\\\/likeink.com\\\/fi\\\/siirtotatuoinnit\\\/ruskeat-leopardikuvioiset-tahti-ja-ristikynsitarrat\\\/\"]}]},{\"@type\":\"ImageObject\",\"inLanguage\":\"fi\",\"@id\":\"https:\\\/\\\/likeink.com\\\/fi\\\/siirtotatuoinnit\\\/ruskeat-leopardikuvioiset-tahti-ja-ristikynsitarrat\\\/#primaryimage\",\"url\":\"https:\\\/\\\/likeink.com\\\/wp-content\\\/uploads\\\/2026\\\/02\\\/nail-sticker-design-stars-likeink.png\",\"contentUrl\":\"https:\\\/\\\/likeink.com\\\/wp-content\\\/uploads\\\/2026\\\/02\\\/nail-sticker-design-stars-likeink.png\",\"width\":1024,\"height\":1024,\"caption\":\"Keltaiseksi maalatut kynnet, joissa on mustat leopardinj\u00e4lkiset t\u00e4htikuviot kolmessa kynsiss\u00e4 ja leopardinj\u00e4lkinen perhonen yhdess\u00e4 kynsiss\u00e4, valkoisella pohjalla.\"},{\"@type\":\"BreadcrumbList\",\"@id\":\"https:\\\/\\\/likeink.com\\\/fi\\\/siirtotatuoinnit\\\/ruskeat-leopardikuvioiset-tahti-ja-ristikynsitarrat\\\/#breadcrumb\",\"itemListElement\":[{\"@type\":\"ListItem\",\"position\":1,\"name\":\"Hem\",\"item\":\"https:\\\/\\\/likeink.com\\\/fi\\\/\"},{\"@type\":\"ListItem\",\"position\":2,\"name\":\"Shop\",\"item\":\"https:\\\/\\\/likeink.com\\\/fi\\\/shop\\\/\"},{\"@type\":\"ListItem\",\"position\":3,\"name\":\"Ruskea leopardit\u00e4hti ja risti Nail stickers\"}]},{\"@type\":\"WebSite\",\"@id\":\"https:\\\/\\\/likeink.com\\\/fi\\\/#website\",\"url\":\"https:\\\/\\\/likeink.com\\\/fi\\\/\",\"name\":\"Like ink\",\"description\":\"Make your own custom design\",\"potentialAction\":[{\"@type\":\"SearchAction\",\"target\":{\"@type\":\"EntryPoint\",\"urlTemplate\":\"https:\\\/\\\/likeink.com\\\/fi\\\/?s={search_term_string}\"},\"query-input\":{\"@type\":\"PropertyValueSpecification\",\"valueRequired\":true,\"valueName\":\"search_term_string\"}}],\"inLanguage\":\"fi\"}]}<\/script>\n<!-- \/ Yoast SEO Premium plugin. -->","yoast_head_json":{"title":"Brown Leopard Star & Cross Nail stickers | Like Ink","description":"Ruskeat leopardikuvioiset Nail stickers -korut Like Ink -sivustolta, joissa on t\u00e4hti\u00e4, ristej\u00e4 ja pisteit\u00e4. Rohkeat, tyylikk\u00e4\u00e4t mallit eri kokoina. - Like ink","robots":{"index":"index","follow":"follow","max-snippet":"max-snippet:-1","max-image-preview":"max-image-preview:large","max-video-preview":"max-video-preview:-1"},"canonical":"https:\/\/likeink.com\/fi\/siirtotatuoinnit\/ruskeat-leopardikuvioiset-tahti-ja-ristikynsitarrat\/","og_locale":"fi_FI","og_type":"article","og_title":"Ruskea leopardit\u00e4hti ja risti Nail stickers","og_description":"Like Ink Nail tattoos \u2013 Leopard Star & Cross Nail stickers Tilaa Nail stickers, jossa on rohkeat leopardikuvioiset t\u00e4htikuvioinnit! Lis\u00e4\u00e4 manikyyriisi asennetta ja tekstuuria Like Ink Leopard Star & Cross Nail stickers . T\u00e4ss\u00e4 arkissa on ruskeat leopardikuvioiset t\u00e4hdet ja ristit, joihin on yhdistetty minimalistisia pisteit\u00e4, mik\u00e4 luo rohkean ja tyylikk\u00e4\u00e4n ilmeen. T\u00e4htien ja ristien kuviointi on kooltaan noin 6\u201315 mm, joten ne sopivat t\u00e4ydellisesti n\u00e4ytt\u00e4v\u00e4\u00e4n manikyyriin tai voimakkaisiin korostuskuvioihin. Pienemm\u00e4t 3 mm:n pisteet ovat ihanteellisia hienovaraisiin yksityiskohtiin, v\u00e4lily\u00f6nteihin tai kerroksellisiin Nail art -kuvioihin. Sopii t\u00e4ydellisesti rock-henkisiin tyyleihin, el\u00e4inprinttien yst\u00e4ville ja kaikille, jotka nauttivat edgyjen symbolien ja klassisten kuvioiden yhdist\u00e4misest\u00e4. Helppoja kiinnitt\u00e4\u00e4 ja mukavia k\u00e4ytt\u00e4\u00e4, n\u00e4m\u00e4 Nail stickers pysyv\u00e4t paikoillaan useita p\u00e4ivi\u00e4 ilman tahraantumista tai kuoriutumista. Ei sotkua, ei kuivumisaikaa eik\u00e4 salonkik\u00e4yntej\u00e4 \u2013 vain vaivatonta Nail art luonnetta. Kuinka kiinnitt\u00e4\u00e4 Nail stickers Puhdista ja kuivaa kynsi. Valitse tarra arkista ja nosta se varovasti pinseteill\u00e4. Aseta kuvio kynsille ja paina kevyesti. Levit\u00e4 p\u00e4\u00e4llyslakka kest\u00e4vyyden lis\u00e4\u00e4miseksi. Valmis! Tuotetiedot  Arkin koko: 7 \u00d7 10 cm V\u00e4rit: Ruskea (leopardikuvio) Motivit: T\u00e4hdet, ristit, pisteet Motivien koko: \u2013 T\u00e4hdet ja ristit: noin 6\u201315 mm \u2013 Pisteet: noin 3 mm PS: Osta 6 arkkia ja maksa vain 5 alennuskoodilla INKNAILS \ud83e\udd0e\u2728","og_url":"https:\/\/likeink.com\/fi\/siirtotatuoinnit\/ruskeat-leopardikuvioiset-tahti-ja-ristikynsitarrat\/","og_site_name":"Like ink","article_publisher":"https:\/\/www.facebook.com\/LikeInkSe","article_modified_time":"2026-02-25T09:44:20+00:00","og_image":[{"width":1024,"height":1024,"url":"https:\/\/likeink.com\/wp-content\/uploads\/2026\/02\/nail-sticker-design-stars-likeink.png","type":"image\/png"}],"twitter_card":"summary_large_image","schema":{"@context":"https:\/\/schema.org","@graph":[{"@type":"WebPage","@id":"https:\/\/likeink.com\/fi\/siirtotatuoinnit\/ruskeat-leopardikuvioiset-tahti-ja-ristikynsitarrat\/","url":"https:\/\/likeink.com\/fi\/siirtotatuoinnit\/ruskeat-leopardikuvioiset-tahti-ja-ristikynsitarrat\/","name":"Brown Leopard Star & Cross Nail stickers | Like Ink","isPartOf":{"@id":"https:\/\/likeink.com\/fi\/#website"},"primaryImageOfPage":{"@id":"https:\/\/likeink.com\/fi\/siirtotatuoinnit\/ruskeat-leopardikuvioiset-tahti-ja-ristikynsitarrat\/#primaryimage"},"image":{"@id":"https:\/\/likeink.com\/fi\/siirtotatuoinnit\/ruskeat-leopardikuvioiset-tahti-ja-ristikynsitarrat\/#primaryimage"},"thumbnailUrl":"https:\/\/likeink.com\/wp-content\/uploads\/2026\/02\/nail-sticker-design-stars-likeink.png","datePublished":"2026-02-09T12:44:07+00:00","dateModified":"2026-02-25T09:44:20+00:00","description":"Ruskeat leopardikuvioiset Nail stickers -korut Like Ink -sivustolta, joissa on t\u00e4hti\u00e4, ristej\u00e4 ja pisteit\u00e4. Rohkeat, tyylikk\u00e4\u00e4t mallit eri kokoina. - Like ink","breadcrumb":{"@id":"https:\/\/likeink.com\/fi\/siirtotatuoinnit\/ruskeat-leopardikuvioiset-tahti-ja-ristikynsitarrat\/#breadcrumb"},"inLanguage":"fi","potentialAction":[{"@type":"ReadAction","target":["https:\/\/likeink.com\/fi\/siirtotatuoinnit\/ruskeat-leopardikuvioiset-tahti-ja-ristikynsitarrat\/"]}]},{"@type":"ImageObject","inLanguage":"fi","@id":"https:\/\/likeink.com\/fi\/siirtotatuoinnit\/ruskeat-leopardikuvioiset-tahti-ja-ristikynsitarrat\/#primaryimage","url":"https:\/\/likeink.com\/wp-content\/uploads\/2026\/02\/nail-sticker-design-stars-likeink.png","contentUrl":"https:\/\/likeink.com\/wp-content\/uploads\/2026\/02\/nail-sticker-design-stars-likeink.png","width":1024,"height":1024,"caption":"Keltaiseksi maalatut kynnet, joissa on mustat leopardinj\u00e4lkiset t\u00e4htikuviot kolmessa kynsiss\u00e4 ja leopardinj\u00e4lkinen perhonen yhdess\u00e4 kynsiss\u00e4, valkoisella pohjalla."},{"@type":"BreadcrumbList","@id":"https:\/\/likeink.com\/fi\/siirtotatuoinnit\/ruskeat-leopardikuvioiset-tahti-ja-ristikynsitarrat\/#breadcrumb","itemListElement":[{"@type":"ListItem","position":1,"name":"Hem","item":"https:\/\/likeink.com\/fi\/"},{"@type":"ListItem","position":2,"name":"Shop","item":"https:\/\/likeink.com\/fi\/shop\/"},{"@type":"ListItem","position":3,"name":"Ruskea leopardit\u00e4hti ja risti Nail stickers"}]},{"@type":"WebSite","@id":"https:\/\/likeink.com\/fi\/#website","url":"https:\/\/likeink.com\/fi\/","name":"Like ink","description":"Make your own custom design","potentialAction":[{"@type":"SearchAction","target":{"@type":"EntryPoint","urlTemplate":"https:\/\/likeink.com\/fi\/?s={search_term_string}"},"query-input":{"@type":"PropertyValueSpecification","valueRequired":true,"valueName":"search_term_string"}}],"inLanguage":"fi"}]}},"_links":{"self":[{"href":"https:\/\/likeink.com\/fi\/wp-json\/wp\/v2\/product\/58671","targetHints":{"allow":["GET"]}}],"collection":[{"href":"https:\/\/likeink.com\/fi\/wp-json\/wp\/v2\/product"}],"about":[{"href":"https:\/\/likeink.com\/fi\/wp-json\/wp\/v2\/types\/product"}],"wp:featuredmedia":[{"embeddable":true,"href":"https:\/\/likeink.com\/fi\/wp-json\/wp\/v2\/media\/59529"}],"wp:attachment":[{"href":"https:\/\/likeink.com\/fi\/wp-json\/wp\/v2\/media?parent=58671"}],"wp:term":[{"taxonomy":"product_brand","embeddable":true,"href":"https:\/\/likeink.com\/fi\/wp-json\/wp\/v2\/product_brand?post=58671"},{"taxonomy":"product_cat","embeddable":true,"href":"https:\/\/likeink.com\/fi\/wp-json\/wp\/v2\/product_cat?post=58671"},{"taxonomy":"product_tag","embeddable":true,"href":"https:\/\/likeink.com\/fi\/wp-json\/wp\/v2\/product_tag?post=58671"}],"curies":[{"name":"wp","href":"https:\/\/api.w.org\/{rel}","templated":true}]}}