{"id":58672,"date":"2026-01-27T09:29:52","date_gmt":"2026-02-09T12:44:08","guid":{"rendered":"https:\/\/likeink.com\/gnuggisar\/kirkkaan-pinkit-punk-kynsitarrat\/"},"modified":"2026-02-25T09:44:21","modified_gmt":"2026-02-25T09:44:21","slug":"kirkkaan-pinkit-punk-kynsitarrat","status":"publish","type":"product","link":"https:\/\/likeink.com\/fi\/siirtotatuoinnit\/kirkkaan-pinkit-punk-kynsitarrat\/","title":{"rendered":"Kirkkaan pinkki punk-Nail stickers"},"content":{"rendered":"","protected":false},"excerpt":{"rendered":"<p>Like Ink<br \/>\nNail tattoos<br \/>\n\u2013 Hot Pink Punk Nail stickers<\/p>\n<h2>Tilaa Nail stickers, jossa on rohkeita hot pink punk -kuvioita!<\/h2>\n<p>Nosta \u00e4\u00e4nenvoimakkuutta Like Ink<br \/>\nHot Pink Punk Nail stickers<br \/>\n. T\u00e4m\u00e4 arkki on t\u00e4ynn\u00e4 r\u00e4ikeit\u00e4, leikkisi\u00e4 kuvioita kirkkaan pinkiss\u00e4 v\u00e4riss\u00e4, joissa on tekstit &#8221;just rock it&#8221;, &#8221;lovely girl&#8221; ja &#8221;sweet pink&#8221; yhdistettyn\u00e4 syd\u00e4miin, t\u00e4htiin, risteihin ja muihin graafisiin symboleihin.<\/p>\n<p>Motivien koot vaihtelevat noin 5\u201310 mm:n v\u00e4lill\u00e4, mik\u00e4 sopii t\u00e4ydellisesti korostuskyntien ja ilmeikk\u00e4iden asettelujen luomiseen. Noin 6 cm:n kokoinen, erottuva vy\u00f6kuvio voidaan levitt\u00e4\u00e4 useille kynsille luomaan silmiinpist\u00e4v\u00e4, yhten\u00e4inen punk-ilme.<\/p>\n<p>Ihanteellinen rohkeille persoonallisuuksille, pop-punk-estetiikalle ja kaikille, jotka rakastavat pelottomia v\u00e4rej\u00e4 ja asennetta. Helppo levitt\u00e4\u00e4 ja mukava k\u00e4ytt\u00e4\u00e4, n\u00e4m\u00e4 Nail stickers<br \/>\npysyv\u00e4t paikoillaan useita p\u00e4ivi\u00e4 ilman tahraantumista tai kuoriutumista.<\/p>\n<p>Ei sotkua, ei kuivumisaikaa eik\u00e4 salonkik\u00e4yntej\u00e4 \u2013 vain rohkea Nail art<br \/>\npunk-energialla.<\/p>\n<p><strong> Nail stickers -tarrojen kiinnitt\u00e4minen<\/strong><br \/>\nPuhdista ja kuivaa kynsi.<\/p>\n<p>Valitse tarra arkista ja nosta se varovasti pinseteill\u00e4.<\/p>\n<p>Aseta kuvio kynsille ja paina kevyesti.<\/p>\n<p>Vy\u00f6kuvio voidaan jakaa ja kiinnitt\u00e4\u00e4 useammalle kynsille.<\/p>\n<p>Kest\u00e4vyyden lis\u00e4\u00e4miseksi voit levitt\u00e4\u00e4 p\u00e4\u00e4lle p\u00e4\u00e4llyslakan.<\/p>\n<p>Valmis!<\/p>\n<p><strong>Tuotetiedot<\/strong><\/p>\n<p><strong>Arkin koko:<\/strong><br \/>\n7 \u00d7 10 <strong>cm<br \/>\nV\u00e4ri:<\/strong><br \/>\nKirkkaan <strong>pinkki<br \/>\nMotiivit:<\/strong><br \/>\nTeksti, syd\u00e4met, t\u00e4hdet, ristit, symbolit, vy\u00f6motiivi<br \/>\n<strong>Motiivin koko:<\/strong><br \/>\nnoin 5\u201310 mm<br \/>\n<strong>Statement-motiivi:<\/strong><br \/>\nVy\u00f6motiivi noin 6 cm<\/p>\n<p><strong>PS:<\/strong><br \/>\nOsta 6 arkkia ja maksa 5:st\u00e4 alennuskoodilla<strong> INKNAILS <\/strong><br \/>\n\ud83d\udc96\ud83e\udd18<\/p>\n","protected":false},"featured_media":59559,"template":"","meta":[],"product_brand":[],"product_cat":[468],"product_tag":[],"class_list":{"0":"post-58672","1":"product","2":"type-product","3":"status-publish","4":"has-post-thumbnail","6":"product_cat-nailstickers-fi","8":"first","9":"instock","10":"taxable","11":"shipping-taxable","12":"purchasable","13":"product-type-simple"},"yoast_head":"<!-- This site is optimized with the Yoast SEO Premium plugin v26.2 (Yoast SEO v27.4) - https:\/\/yoast.com\/product\/yoast-seo-premium-wordpress\/ -->\n<title>Hot Pink Punk Nail stickers | Like Ink<\/title>\n<meta name=\"description\" content=\"Like Ink in rohkea, kirkkaan pinkki punk-Nail stickers. Teksti\u00e4, symboleja ja n\u00e4ytt\u00e4v\u00e4 vy\u00f6. Helppo kiinnitt\u00e4\u00e4 ja t\u00e4ynn\u00e4 asennetta. - Like ink\" \/>\n<meta name=\"robots\" content=\"index, follow, max-snippet:-1, max-image-preview:large, max-video-preview:-1\" \/>\n<link rel=\"canonical\" href=\"https:\/\/likeink.com\/fi\/siirtotatuoinnit\/kirkkaan-pinkit-punk-kynsitarrat\/\" \/>\n<meta property=\"og:locale\" content=\"fi_FI\" \/>\n<meta property=\"og:type\" content=\"article\" \/>\n<meta property=\"og:title\" content=\"Kirkkaan pinkki punk-Nail stickers\" \/>\n<meta property=\"og:description\" content=\"Like Ink Nail tattoos \u2013 Hot Pink Punk Nail stickers Tilaa Nail stickers, jossa on rohkeita hot pink punk -kuvioita! Nosta \u00e4\u00e4nenvoimakkuutta Like Ink Hot Pink Punk Nail stickers . T\u00e4m\u00e4 arkki on t\u00e4ynn\u00e4 r\u00e4ikeit\u00e4, leikkisi\u00e4 kuvioita kirkkaan pinkiss\u00e4 v\u00e4riss\u00e4, joissa on tekstit &quot;just rock it&quot;, &quot;lovely girl&quot; ja &quot;sweet pink&quot; yhdistettyn\u00e4 syd\u00e4miin, t\u00e4htiin, risteihin ja muihin graafisiin symboleihin. Motivien koot vaihtelevat noin 5\u201310 mm:n v\u00e4lill\u00e4, mik\u00e4 sopii t\u00e4ydellisesti korostuskyntien ja ilmeikk\u00e4iden asettelujen luomiseen. Noin 6 cm:n kokoinen, erottuva vy\u00f6kuvio voidaan levitt\u00e4\u00e4 useille kynsille luomaan silmiinpist\u00e4v\u00e4, yhten\u00e4inen punk-ilme. Ihanteellinen rohkeille persoonallisuuksille, pop-punk-estetiikalle ja kaikille, jotka rakastavat pelottomia v\u00e4rej\u00e4 ja asennetta. Helppo levitt\u00e4\u00e4 ja mukava k\u00e4ytt\u00e4\u00e4, n\u00e4m\u00e4 Nail stickers pysyv\u00e4t paikoillaan useita p\u00e4ivi\u00e4 ilman tahraantumista tai kuoriutumista. Ei sotkua, ei kuivumisaikaa eik\u00e4 salonkik\u00e4yntej\u00e4 \u2013 vain rohkea Nail art punk-energialla.  Nail stickers -tarrojen kiinnitt\u00e4minen Puhdista ja kuivaa kynsi. Valitse tarra arkista ja nosta se varovasti pinseteill\u00e4. Aseta kuvio kynsille ja paina kevyesti. Vy\u00f6kuvio voidaan jakaa ja kiinnitt\u00e4\u00e4 useammalle kynsille. Kest\u00e4vyyden lis\u00e4\u00e4miseksi voit levitt\u00e4\u00e4 p\u00e4\u00e4lle p\u00e4\u00e4llyslakan. Valmis! Tuotetiedot Arkin koko: 7 \u00d7 10 cm V\u00e4ri: Kirkkaan pinkki Motiivit: Teksti, syd\u00e4met, t\u00e4hdet, ristit, symbolit, vy\u00f6motiivi Motiivin koko: noin 5\u201310 mm Statement-motiivi: Vy\u00f6motiivi noin 6 cm PS: Osta 6 arkkia ja maksa 5:st\u00e4 alennuskoodilla INKNAILS \ud83d\udc96\ud83e\udd18\" \/>\n<meta property=\"og:url\" content=\"https:\/\/likeink.com\/fi\/siirtotatuoinnit\/kirkkaan-pinkit-punk-kynsitarrat\/\" \/>\n<meta property=\"og:site_name\" content=\"Like ink\" \/>\n<meta property=\"article:publisher\" content=\"https:\/\/www.facebook.com\/LikeInkSe\" \/>\n<meta property=\"article:modified_time\" content=\"2026-02-25T09:44:21+00:00\" \/>\n<meta property=\"og:image\" content=\"https:\/\/likeink.com\/wp-content\/uploads\/2026\/02\/Nail-stickers-pastel-pink-likeink.png\" \/>\n\t<meta property=\"og:image:width\" content=\"1024\" \/>\n\t<meta property=\"og:image:height\" content=\"1536\" \/>\n\t<meta property=\"og:image:type\" content=\"image\/png\" \/>\n<meta name=\"twitter:card\" content=\"summary_large_image\" \/>\n<script type=\"application\/ld+json\" class=\"yoast-schema-graph\">{\"@context\":\"https:\\\/\\\/schema.org\",\"@graph\":[{\"@type\":\"WebPage\",\"@id\":\"https:\\\/\\\/likeink.com\\\/fi\\\/siirtotatuoinnit\\\/kirkkaan-pinkit-punk-kynsitarrat\\\/\",\"url\":\"https:\\\/\\\/likeink.com\\\/fi\\\/siirtotatuoinnit\\\/kirkkaan-pinkit-punk-kynsitarrat\\\/\",\"name\":\"Hot Pink Punk Nail stickers | Like Ink\",\"isPartOf\":{\"@id\":\"https:\\\/\\\/likeink.com\\\/fi\\\/#website\"},\"primaryImageOfPage\":{\"@id\":\"https:\\\/\\\/likeink.com\\\/fi\\\/siirtotatuoinnit\\\/kirkkaan-pinkit-punk-kynsitarrat\\\/#primaryimage\"},\"image\":{\"@id\":\"https:\\\/\\\/likeink.com\\\/fi\\\/siirtotatuoinnit\\\/kirkkaan-pinkit-punk-kynsitarrat\\\/#primaryimage\"},\"thumbnailUrl\":\"https:\\\/\\\/likeink.com\\\/wp-content\\\/uploads\\\/2026\\\/02\\\/Nail-stickers-pastel-pink-likeink.png\",\"datePublished\":\"2026-02-09T12:44:08+00:00\",\"dateModified\":\"2026-02-25T09:44:21+00:00\",\"description\":\"Like Ink in rohkea, kirkkaan pinkki punk-Nail stickers. Teksti\u00e4, symboleja ja n\u00e4ytt\u00e4v\u00e4 vy\u00f6. Helppo kiinnitt\u00e4\u00e4 ja t\u00e4ynn\u00e4 asennetta. - Like ink\",\"breadcrumb\":{\"@id\":\"https:\\\/\\\/likeink.com\\\/fi\\\/siirtotatuoinnit\\\/kirkkaan-pinkit-punk-kynsitarrat\\\/#breadcrumb\"},\"inLanguage\":\"fi\",\"potentialAction\":[{\"@type\":\"ReadAction\",\"target\":[\"https:\\\/\\\/likeink.com\\\/fi\\\/siirtotatuoinnit\\\/kirkkaan-pinkit-punk-kynsitarrat\\\/\"]}]},{\"@type\":\"ImageObject\",\"inLanguage\":\"fi\",\"@id\":\"https:\\\/\\\/likeink.com\\\/fi\\\/siirtotatuoinnit\\\/kirkkaan-pinkit-punk-kynsitarrat\\\/#primaryimage\",\"url\":\"https:\\\/\\\/likeink.com\\\/wp-content\\\/uploads\\\/2026\\\/02\\\/Nail-stickers-pastel-pink-likeink.png\",\"contentUrl\":\"https:\\\/\\\/likeink.com\\\/wp-content\\\/uploads\\\/2026\\\/02\\\/Nail-stickers-pastel-pink-likeink.png\",\"width\":1024,\"height\":1536,\"caption\":\"K\u00e4si, jossa on vaaleanpunaiset hoidetut kynnet, joissa on pieni\u00e4 kuvioita: vaaleanpunainen planeetta keskisormessa, vaaleanpunainen t\u00e4hti rengassormessa ja vaaleanpunainen syd\u00e4n pikkusormessa pehme\u00e4ll\u00e4 vaaleanpunaisella pohjalla.\"},{\"@type\":\"BreadcrumbList\",\"@id\":\"https:\\\/\\\/likeink.com\\\/fi\\\/siirtotatuoinnit\\\/kirkkaan-pinkit-punk-kynsitarrat\\\/#breadcrumb\",\"itemListElement\":[{\"@type\":\"ListItem\",\"position\":1,\"name\":\"Hem\",\"item\":\"https:\\\/\\\/likeink.com\\\/fi\\\/\"},{\"@type\":\"ListItem\",\"position\":2,\"name\":\"Shop\",\"item\":\"https:\\\/\\\/likeink.com\\\/fi\\\/shop\\\/\"},{\"@type\":\"ListItem\",\"position\":3,\"name\":\"Kirkkaan pinkki punk-Nail stickers\"}]},{\"@type\":\"WebSite\",\"@id\":\"https:\\\/\\\/likeink.com\\\/fi\\\/#website\",\"url\":\"https:\\\/\\\/likeink.com\\\/fi\\\/\",\"name\":\"Like ink\",\"description\":\"Make your own custom design\",\"potentialAction\":[{\"@type\":\"SearchAction\",\"target\":{\"@type\":\"EntryPoint\",\"urlTemplate\":\"https:\\\/\\\/likeink.com\\\/fi\\\/?s={search_term_string}\"},\"query-input\":{\"@type\":\"PropertyValueSpecification\",\"valueRequired\":true,\"valueName\":\"search_term_string\"}}],\"inLanguage\":\"fi\"}]}<\/script>\n<!-- \/ Yoast SEO Premium plugin. -->","yoast_head_json":{"title":"Hot Pink Punk Nail stickers | Like Ink","description":"Like Ink in rohkea, kirkkaan pinkki punk-Nail stickers. Teksti\u00e4, symboleja ja n\u00e4ytt\u00e4v\u00e4 vy\u00f6. Helppo kiinnitt\u00e4\u00e4 ja t\u00e4ynn\u00e4 asennetta. - Like ink","robots":{"index":"index","follow":"follow","max-snippet":"max-snippet:-1","max-image-preview":"max-image-preview:large","max-video-preview":"max-video-preview:-1"},"canonical":"https:\/\/likeink.com\/fi\/siirtotatuoinnit\/kirkkaan-pinkit-punk-kynsitarrat\/","og_locale":"fi_FI","og_type":"article","og_title":"Kirkkaan pinkki punk-Nail stickers","og_description":"Like Ink Nail tattoos \u2013 Hot Pink Punk Nail stickers Tilaa Nail stickers, jossa on rohkeita hot pink punk -kuvioita! Nosta \u00e4\u00e4nenvoimakkuutta Like Ink Hot Pink Punk Nail stickers . T\u00e4m\u00e4 arkki on t\u00e4ynn\u00e4 r\u00e4ikeit\u00e4, leikkisi\u00e4 kuvioita kirkkaan pinkiss\u00e4 v\u00e4riss\u00e4, joissa on tekstit \"just rock it\", \"lovely girl\" ja \"sweet pink\" yhdistettyn\u00e4 syd\u00e4miin, t\u00e4htiin, risteihin ja muihin graafisiin symboleihin. Motivien koot vaihtelevat noin 5\u201310 mm:n v\u00e4lill\u00e4, mik\u00e4 sopii t\u00e4ydellisesti korostuskyntien ja ilmeikk\u00e4iden asettelujen luomiseen. Noin 6 cm:n kokoinen, erottuva vy\u00f6kuvio voidaan levitt\u00e4\u00e4 useille kynsille luomaan silmiinpist\u00e4v\u00e4, yhten\u00e4inen punk-ilme. Ihanteellinen rohkeille persoonallisuuksille, pop-punk-estetiikalle ja kaikille, jotka rakastavat pelottomia v\u00e4rej\u00e4 ja asennetta. Helppo levitt\u00e4\u00e4 ja mukava k\u00e4ytt\u00e4\u00e4, n\u00e4m\u00e4 Nail stickers pysyv\u00e4t paikoillaan useita p\u00e4ivi\u00e4 ilman tahraantumista tai kuoriutumista. Ei sotkua, ei kuivumisaikaa eik\u00e4 salonkik\u00e4yntej\u00e4 \u2013 vain rohkea Nail art punk-energialla.  Nail stickers -tarrojen kiinnitt\u00e4minen Puhdista ja kuivaa kynsi. Valitse tarra arkista ja nosta se varovasti pinseteill\u00e4. Aseta kuvio kynsille ja paina kevyesti. Vy\u00f6kuvio voidaan jakaa ja kiinnitt\u00e4\u00e4 useammalle kynsille. Kest\u00e4vyyden lis\u00e4\u00e4miseksi voit levitt\u00e4\u00e4 p\u00e4\u00e4lle p\u00e4\u00e4llyslakan. Valmis! Tuotetiedot Arkin koko: 7 \u00d7 10 cm V\u00e4ri: Kirkkaan pinkki Motiivit: Teksti, syd\u00e4met, t\u00e4hdet, ristit, symbolit, vy\u00f6motiivi Motiivin koko: noin 5\u201310 mm Statement-motiivi: Vy\u00f6motiivi noin 6 cm PS: Osta 6 arkkia ja maksa 5:st\u00e4 alennuskoodilla INKNAILS \ud83d\udc96\ud83e\udd18","og_url":"https:\/\/likeink.com\/fi\/siirtotatuoinnit\/kirkkaan-pinkit-punk-kynsitarrat\/","og_site_name":"Like ink","article_publisher":"https:\/\/www.facebook.com\/LikeInkSe","article_modified_time":"2026-02-25T09:44:21+00:00","og_image":[{"width":1024,"height":1536,"url":"https:\/\/likeink.com\/wp-content\/uploads\/2026\/02\/Nail-stickers-pastel-pink-likeink.png","type":"image\/png"}],"twitter_card":"summary_large_image","schema":{"@context":"https:\/\/schema.org","@graph":[{"@type":"WebPage","@id":"https:\/\/likeink.com\/fi\/siirtotatuoinnit\/kirkkaan-pinkit-punk-kynsitarrat\/","url":"https:\/\/likeink.com\/fi\/siirtotatuoinnit\/kirkkaan-pinkit-punk-kynsitarrat\/","name":"Hot Pink Punk Nail stickers | Like Ink","isPartOf":{"@id":"https:\/\/likeink.com\/fi\/#website"},"primaryImageOfPage":{"@id":"https:\/\/likeink.com\/fi\/siirtotatuoinnit\/kirkkaan-pinkit-punk-kynsitarrat\/#primaryimage"},"image":{"@id":"https:\/\/likeink.com\/fi\/siirtotatuoinnit\/kirkkaan-pinkit-punk-kynsitarrat\/#primaryimage"},"thumbnailUrl":"https:\/\/likeink.com\/wp-content\/uploads\/2026\/02\/Nail-stickers-pastel-pink-likeink.png","datePublished":"2026-02-09T12:44:08+00:00","dateModified":"2026-02-25T09:44:21+00:00","description":"Like Ink in rohkea, kirkkaan pinkki punk-Nail stickers. Teksti\u00e4, symboleja ja n\u00e4ytt\u00e4v\u00e4 vy\u00f6. Helppo kiinnitt\u00e4\u00e4 ja t\u00e4ynn\u00e4 asennetta. - Like ink","breadcrumb":{"@id":"https:\/\/likeink.com\/fi\/siirtotatuoinnit\/kirkkaan-pinkit-punk-kynsitarrat\/#breadcrumb"},"inLanguage":"fi","potentialAction":[{"@type":"ReadAction","target":["https:\/\/likeink.com\/fi\/siirtotatuoinnit\/kirkkaan-pinkit-punk-kynsitarrat\/"]}]},{"@type":"ImageObject","inLanguage":"fi","@id":"https:\/\/likeink.com\/fi\/siirtotatuoinnit\/kirkkaan-pinkit-punk-kynsitarrat\/#primaryimage","url":"https:\/\/likeink.com\/wp-content\/uploads\/2026\/02\/Nail-stickers-pastel-pink-likeink.png","contentUrl":"https:\/\/likeink.com\/wp-content\/uploads\/2026\/02\/Nail-stickers-pastel-pink-likeink.png","width":1024,"height":1536,"caption":"K\u00e4si, jossa on vaaleanpunaiset hoidetut kynnet, joissa on pieni\u00e4 kuvioita: vaaleanpunainen planeetta keskisormessa, vaaleanpunainen t\u00e4hti rengassormessa ja vaaleanpunainen syd\u00e4n pikkusormessa pehme\u00e4ll\u00e4 vaaleanpunaisella pohjalla."},{"@type":"BreadcrumbList","@id":"https:\/\/likeink.com\/fi\/siirtotatuoinnit\/kirkkaan-pinkit-punk-kynsitarrat\/#breadcrumb","itemListElement":[{"@type":"ListItem","position":1,"name":"Hem","item":"https:\/\/likeink.com\/fi\/"},{"@type":"ListItem","position":2,"name":"Shop","item":"https:\/\/likeink.com\/fi\/shop\/"},{"@type":"ListItem","position":3,"name":"Kirkkaan pinkki punk-Nail stickers"}]},{"@type":"WebSite","@id":"https:\/\/likeink.com\/fi\/#website","url":"https:\/\/likeink.com\/fi\/","name":"Like ink","description":"Make your own custom design","potentialAction":[{"@type":"SearchAction","target":{"@type":"EntryPoint","urlTemplate":"https:\/\/likeink.com\/fi\/?s={search_term_string}"},"query-input":{"@type":"PropertyValueSpecification","valueRequired":true,"valueName":"search_term_string"}}],"inLanguage":"fi"}]}},"_links":{"self":[{"href":"https:\/\/likeink.com\/fi\/wp-json\/wp\/v2\/product\/58672","targetHints":{"allow":["GET"]}}],"collection":[{"href":"https:\/\/likeink.com\/fi\/wp-json\/wp\/v2\/product"}],"about":[{"href":"https:\/\/likeink.com\/fi\/wp-json\/wp\/v2\/types\/product"}],"wp:featuredmedia":[{"embeddable":true,"href":"https:\/\/likeink.com\/fi\/wp-json\/wp\/v2\/media\/59559"}],"wp:attachment":[{"href":"https:\/\/likeink.com\/fi\/wp-json\/wp\/v2\/media?parent=58672"}],"wp:term":[{"taxonomy":"product_brand","embeddable":true,"href":"https:\/\/likeink.com\/fi\/wp-json\/wp\/v2\/product_brand?post=58672"},{"taxonomy":"product_cat","embeddable":true,"href":"https:\/\/likeink.com\/fi\/wp-json\/wp\/v2\/product_cat?post=58672"},{"taxonomy":"product_tag","embeddable":true,"href":"https:\/\/likeink.com\/fi\/wp-json\/wp\/v2\/product_tag?post=58672"}],"curies":[{"name":"wp","href":"https:\/\/api.w.org\/{rel}","templated":true}]}}