{"id":58674,"date":"2026-01-27T09:16:05","date_gmt":"2026-02-09T12:44:10","guid":{"rendered":"https:\/\/likeink.com\/gnuggisar\/kuvioidut-tahtikynsitarrat\/"},"modified":"2026-02-25T09:44:23","modified_gmt":"2026-02-25T09:44:23","slug":"kuvioidut-tahtikynsitarrat","status":"publish","type":"product","link":"https:\/\/likeink.com\/fi\/siirtotatuoinnit\/kuvioidut-tahtikynsitarrat\/","title":{"rendered":"Kuvioitu t\u00e4hti Nail stickers"},"content":{"rendered":"","protected":false},"excerpt":{"rendered":"<p>Like Ink<br \/>\nNail tattoos<br \/>\n\u2013 Kuvioitu t\u00e4hti-Nail stickers<\/p>\n<h2>Tilaa Nail stickers, jossa on rohkeita kuvioituja t\u00e4htikuvioita!<\/h2>\n<p>Luo vahva ja monipuolinen manikyyri Like Ink<br \/>\nPatterned Star Nail stickers<br \/>\n-tuotteella. T\u00e4ss\u00e4 arkissa on erikokoisia t\u00e4hti\u00e4 graafisilla kuvioilla, jotka sopivat moniin erilaisiin tyyleihin ja ilmeisiin.<\/p>\n<p>Kuvioiden koot vaihtelevat noin 4\u201312 mm:n v\u00e4lill\u00e4, joten n\u00e4m\u00e4 Nail stickers<br \/>\nsopivat t\u00e4ydellisesti sek\u00e4 hienovaraisiin korostuksiin ett\u00e4 koko kynsien kuviosuunnitteluun. T\u00e4htikuvioinnit lis\u00e4\u00e4v\u00e4t luonnetta ja s\u00e4rm\u00e4\u00e4, joten ne sopivat erinomaisesti rock-henkisiin tyyleihin, jokap\u00e4iv\u00e4iseen k\u00e4ytt\u00f6\u00f6n ja luoviin Nail art<br \/>\n.<\/p>\n<p>Suunniteltu kaikille \u2013 rokkareille, luoville, miehille, naisille ja kaikille muillekin \u2013 n\u00e4m\u00e4 Nail stickers<br \/>\novat itsens\u00e4 ilmaisua ilman leimoja. Helppoja levitt\u00e4\u00e4 ja mukavia k\u00e4ytt\u00e4\u00e4, ne pysyv\u00e4t paikoillaan useita p\u00e4ivi\u00e4 ilman tahroja tai kuoriutumista.<\/p>\n<p>Ei sotkua, ei kuivumisaikaa eik\u00e4 salonkik\u00e4yntej\u00e4 \u2013 vain puhtaat, ilmeikk\u00e4\u00e4t Nail art<br \/>\nmuutamassa minuutissa.<\/p>\n<p><strong>Kuinka kiinnitt\u00e4\u00e4 Nail stickers <\/strong><br \/>\nPuhdista ja kuivaa kynsi.<\/p>\n<p>Valitse tarra arkista ja nosta se varovasti pinseteill\u00e4.<\/p>\n<p>Aseta kuvio kynsille ja paina kevyesti.<\/p>\n<p>Levit\u00e4 p\u00e4\u00e4llyslakka kest\u00e4vyyden lis\u00e4\u00e4miseksi.<\/p>\n<p>Valmis!<\/p>\n<p><strong>Tuotetiedot<\/strong><\/p>\n<p><strong>Arkin koko:<\/strong><br \/>\n7 \u00d7 10 <strong>cm<br \/>\nKuvion koko:<\/strong><br \/>\nnoin 4\u201312 mm<br \/>\n<strong>Kuvio:<\/strong><br \/>\nT\u00e4htikuvio<br \/>\n<strong>Tyyli:<\/strong><br \/>\nRock-henkinen, sukupuolineutraali<\/p>\n<p><strong>PS:<\/strong><br \/>\nOsta 6 arkkia ja maksa vain 5 alennuskoodilla<strong> INKNAILS <\/strong><br \/>\n\u2b50\ud83d\udda4<\/p>\n","protected":false},"featured_media":59539,"template":"","meta":[],"product_brand":[],"product_cat":[468],"product_tag":[],"class_list":{"0":"post-58674","1":"product","2":"type-product","3":"status-publish","4":"has-post-thumbnail","6":"product_cat-nailstickers-fi","8":"first","9":"instock","10":"taxable","11":"shipping-taxable","12":"purchasable","13":"product-type-simple"},"yoast_head":"<!-- This site is optimized with the Yoast SEO Premium plugin v26.2 (Yoast SEO v27.5) - https:\/\/yoast.com\/product\/yoast-seo-premium-wordpress\/ -->\n<title>Kuvioitu t\u00e4hti Nail stickers | Like Ink<\/title>\n<meta name=\"description\" content=\"Like Ink in kuviolliset t\u00e4htikuvioiset Nail stickers -korut eri kokoina. Monipuoliset mallit sopivat rokkareille ja kaikille, jotka rakastavat rohkeaa Nail art. - Like ink\" \/>\n<meta name=\"robots\" content=\"index, follow, max-snippet:-1, max-image-preview:large, max-video-preview:-1\" \/>\n<link rel=\"canonical\" href=\"https:\/\/likeink.com\/fi\/siirtotatuoinnit\/kuvioidut-tahtikynsitarrat\/\" \/>\n<meta property=\"og:locale\" content=\"fi_FI\" \/>\n<meta property=\"og:type\" content=\"article\" \/>\n<meta property=\"og:title\" content=\"Kuvioitu t\u00e4hti Nail stickers\" \/>\n<meta property=\"og:description\" content=\"Like Ink Nail tattoos \u2013 Kuvioitu t\u00e4hti-Nail stickers Tilaa Nail stickers, jossa on rohkeita kuvioituja t\u00e4htikuvioita! Luo vahva ja monipuolinen manikyyri Like Ink Patterned Star Nail stickers -tuotteella. T\u00e4ss\u00e4 arkissa on erikokoisia t\u00e4hti\u00e4 graafisilla kuvioilla, jotka sopivat moniin erilaisiin tyyleihin ja ilmeisiin. Kuvioiden koot vaihtelevat noin 4\u201312 mm:n v\u00e4lill\u00e4, joten n\u00e4m\u00e4 Nail stickers sopivat t\u00e4ydellisesti sek\u00e4 hienovaraisiin korostuksiin ett\u00e4 koko kynsien kuviosuunnitteluun. T\u00e4htikuvioinnit lis\u00e4\u00e4v\u00e4t luonnetta ja s\u00e4rm\u00e4\u00e4, joten ne sopivat erinomaisesti rock-henkisiin tyyleihin, jokap\u00e4iv\u00e4iseen k\u00e4ytt\u00f6\u00f6n ja luoviin Nail art . Suunniteltu kaikille \u2013 rokkareille, luoville, miehille, naisille ja kaikille muillekin \u2013 n\u00e4m\u00e4 Nail stickers ovat itsens\u00e4 ilmaisua ilman leimoja. Helppoja levitt\u00e4\u00e4 ja mukavia k\u00e4ytt\u00e4\u00e4, ne pysyv\u00e4t paikoillaan useita p\u00e4ivi\u00e4 ilman tahroja tai kuoriutumista. Ei sotkua, ei kuivumisaikaa eik\u00e4 salonkik\u00e4yntej\u00e4 \u2013 vain puhtaat, ilmeikk\u00e4\u00e4t Nail art muutamassa minuutissa. Kuinka kiinnitt\u00e4\u00e4 Nail stickers Puhdista ja kuivaa kynsi. Valitse tarra arkista ja nosta se varovasti pinseteill\u00e4. Aseta kuvio kynsille ja paina kevyesti. Levit\u00e4 p\u00e4\u00e4llyslakka kest\u00e4vyyden lis\u00e4\u00e4miseksi. Valmis! Tuotetiedot Arkin koko: 7 \u00d7 10 cm Kuvion koko: noin 4\u201312 mm Kuvio: T\u00e4htikuvio Tyyli: Rock-henkinen, sukupuolineutraali PS: Osta 6 arkkia ja maksa vain 5 alennuskoodilla INKNAILS \u2b50\ud83d\udda4\" \/>\n<meta property=\"og:url\" content=\"https:\/\/likeink.com\/fi\/siirtotatuoinnit\/kuvioidut-tahtikynsitarrat\/\" \/>\n<meta property=\"og:site_name\" content=\"Like ink\" \/>\n<meta property=\"article:publisher\" content=\"https:\/\/www.facebook.com\/LikeInkSe\" \/>\n<meta property=\"article:modified_time\" content=\"2026-02-25T09:44:23+00:00\" \/>\n<meta property=\"og:image\" content=\"https:\/\/likeink.com\/wp-content\/uploads\/2026\/02\/nail-sticker-pattern-leopard-stars.png\" \/>\n\t<meta property=\"og:image:width\" content=\"1024\" \/>\n\t<meta property=\"og:image:height\" content=\"1536\" \/>\n\t<meta property=\"og:image:type\" content=\"image\/png\" \/>\n<meta name=\"twitter:card\" content=\"summary_large_image\" \/>\n<!-- \/ Yoast SEO Premium plugin. -->","yoast_head_json":{"title":"Kuvioitu t\u00e4hti Nail stickers | Like Ink","description":"Like Ink in kuviolliset t\u00e4htikuvioiset Nail stickers -korut eri kokoina. Monipuoliset mallit sopivat rokkareille ja kaikille, jotka rakastavat rohkeaa Nail art. - Like ink","robots":{"index":"index","follow":"follow","max-snippet":"max-snippet:-1","max-image-preview":"max-image-preview:large","max-video-preview":"max-video-preview:-1"},"canonical":"https:\/\/likeink.com\/fi\/siirtotatuoinnit\/kuvioidut-tahtikynsitarrat\/","og_locale":"fi_FI","og_type":"article","og_title":"Kuvioitu t\u00e4hti Nail stickers","og_description":"Like Ink Nail tattoos \u2013 Kuvioitu t\u00e4hti-Nail stickers Tilaa Nail stickers, jossa on rohkeita kuvioituja t\u00e4htikuvioita! Luo vahva ja monipuolinen manikyyri Like Ink Patterned Star Nail stickers -tuotteella. T\u00e4ss\u00e4 arkissa on erikokoisia t\u00e4hti\u00e4 graafisilla kuvioilla, jotka sopivat moniin erilaisiin tyyleihin ja ilmeisiin. Kuvioiden koot vaihtelevat noin 4\u201312 mm:n v\u00e4lill\u00e4, joten n\u00e4m\u00e4 Nail stickers sopivat t\u00e4ydellisesti sek\u00e4 hienovaraisiin korostuksiin ett\u00e4 koko kynsien kuviosuunnitteluun. T\u00e4htikuvioinnit lis\u00e4\u00e4v\u00e4t luonnetta ja s\u00e4rm\u00e4\u00e4, joten ne sopivat erinomaisesti rock-henkisiin tyyleihin, jokap\u00e4iv\u00e4iseen k\u00e4ytt\u00f6\u00f6n ja luoviin Nail art . Suunniteltu kaikille \u2013 rokkareille, luoville, miehille, naisille ja kaikille muillekin \u2013 n\u00e4m\u00e4 Nail stickers ovat itsens\u00e4 ilmaisua ilman leimoja. Helppoja levitt\u00e4\u00e4 ja mukavia k\u00e4ytt\u00e4\u00e4, ne pysyv\u00e4t paikoillaan useita p\u00e4ivi\u00e4 ilman tahroja tai kuoriutumista. Ei sotkua, ei kuivumisaikaa eik\u00e4 salonkik\u00e4yntej\u00e4 \u2013 vain puhtaat, ilmeikk\u00e4\u00e4t Nail art muutamassa minuutissa. Kuinka kiinnitt\u00e4\u00e4 Nail stickers Puhdista ja kuivaa kynsi. Valitse tarra arkista ja nosta se varovasti pinseteill\u00e4. Aseta kuvio kynsille ja paina kevyesti. Levit\u00e4 p\u00e4\u00e4llyslakka kest\u00e4vyyden lis\u00e4\u00e4miseksi. Valmis! Tuotetiedot Arkin koko: 7 \u00d7 10 cm Kuvion koko: noin 4\u201312 mm Kuvio: T\u00e4htikuvio Tyyli: Rock-henkinen, sukupuolineutraali PS: Osta 6 arkkia ja maksa vain 5 alennuskoodilla INKNAILS \u2b50\ud83d\udda4","og_url":"https:\/\/likeink.com\/fi\/siirtotatuoinnit\/kuvioidut-tahtikynsitarrat\/","og_site_name":"Like ink","article_publisher":"https:\/\/www.facebook.com\/LikeInkSe","article_modified_time":"2026-02-25T09:44:23+00:00","og_image":[{"width":1024,"height":1536,"url":"https:\/\/likeink.com\/wp-content\/uploads\/2026\/02\/nail-sticker-pattern-leopard-stars.png","type":"image\/png"}],"twitter_card":"summary_large_image","schema":{"@context":"https:\/\/schema.org","@graph":[{"@type":"WebPage","@id":"https:\/\/likeink.com\/fi\/siirtotatuoinnit\/kuvioidut-tahtikynsitarrat\/","url":"https:\/\/likeink.com\/fi\/siirtotatuoinnit\/kuvioidut-tahtikynsitarrat\/","name":"Kuvioitu t\u00e4hti Nail stickers | Like Ink","isPartOf":{"@id":"https:\/\/likeink.com\/fi\/#website"},"primaryImageOfPage":{"@id":"https:\/\/likeink.com\/fi\/siirtotatuoinnit\/kuvioidut-tahtikynsitarrat\/#primaryimage"},"image":{"@id":"https:\/\/likeink.com\/fi\/siirtotatuoinnit\/kuvioidut-tahtikynsitarrat\/#primaryimage"},"thumbnailUrl":"https:\/\/likeink.com\/wp-content\/uploads\/2026\/02\/nail-sticker-pattern-leopard-stars.png","datePublished":"2026-02-09T12:44:10+00:00","dateModified":"2026-02-25T09:44:23+00:00","description":"Like Ink in kuviolliset t\u00e4htikuvioiset Nail stickers -korut eri kokoina. Monipuoliset mallit sopivat rokkareille ja kaikille, jotka rakastavat rohkeaa Nail art. - Like ink","breadcrumb":{"@id":"https:\/\/likeink.com\/fi\/siirtotatuoinnit\/kuvioidut-tahtikynsitarrat\/#breadcrumb"},"inLanguage":"fi","potentialAction":[{"@type":"ReadAction","target":["https:\/\/likeink.com\/fi\/siirtotatuoinnit\/kuvioidut-tahtikynsitarrat\/"]}]},{"@type":"ImageObject","inLanguage":"fi","@id":"https:\/\/likeink.com\/fi\/siirtotatuoinnit\/kuvioidut-tahtikynsitarrat\/#primaryimage","url":"https:\/\/likeink.com\/wp-content\/uploads\/2026\/02\/nail-sticker-pattern-leopard-stars.png","contentUrl":"https:\/\/likeink.com\/wp-content\/uploads\/2026\/02\/nail-sticker-pattern-leopard-stars.png","width":1024,"height":1536,"caption":"K\u00e4si, jonka pitk\u00e4t, soikeat kynnet on maalattu harmaiksi ja jossa on metalliset t\u00e4htikoristeet jokaisessa kynsiss\u00e4. Kynnet ovat siististi hoidetut ja tausta on pelkk\u00e4 valkoinen."},{"@type":"BreadcrumbList","@id":"https:\/\/likeink.com\/fi\/siirtotatuoinnit\/kuvioidut-tahtikynsitarrat\/#breadcrumb","itemListElement":[{"@type":"ListItem","position":1,"name":"Hem","item":"https:\/\/likeink.com\/fi\/"},{"@type":"ListItem","position":2,"name":"Shop","item":"https:\/\/likeink.com\/fi\/shop\/"},{"@type":"ListItem","position":3,"name":"Kuvioitu t\u00e4hti Nail stickers"}]},{"@type":"WebSite","@id":"https:\/\/likeink.com\/fi\/#website","url":"https:\/\/likeink.com\/fi\/","name":"Like ink","description":"Make your own custom design","potentialAction":[{"@type":"SearchAction","target":{"@type":"EntryPoint","urlTemplate":"https:\/\/likeink.com\/fi\/?s={search_term_string}"},"query-input":{"@type":"PropertyValueSpecification","valueRequired":true,"valueName":"search_term_string"}}],"inLanguage":"fi"}]}},"_links":{"self":[{"href":"https:\/\/likeink.com\/fi\/wp-json\/wp\/v2\/product\/58674","targetHints":{"allow":["GET"]}}],"collection":[{"href":"https:\/\/likeink.com\/fi\/wp-json\/wp\/v2\/product"}],"about":[{"href":"https:\/\/likeink.com\/fi\/wp-json\/wp\/v2\/types\/product"}],"wp:featuredmedia":[{"embeddable":true,"href":"https:\/\/likeink.com\/fi\/wp-json\/wp\/v2\/media\/59539"}],"wp:attachment":[{"href":"https:\/\/likeink.com\/fi\/wp-json\/wp\/v2\/media?parent=58674"}],"wp:term":[{"taxonomy":"product_brand","embeddable":true,"href":"https:\/\/likeink.com\/fi\/wp-json\/wp\/v2\/product_brand?post=58674"},{"taxonomy":"product_cat","embeddable":true,"href":"https:\/\/likeink.com\/fi\/wp-json\/wp\/v2\/product_cat?post=58674"},{"taxonomy":"product_tag","embeddable":true,"href":"https:\/\/likeink.com\/fi\/wp-json\/wp\/v2\/product_tag?post=58674"}],"curies":[{"name":"wp","href":"https:\/\/api.w.org\/{rel}","templated":true}]}}