{"id":58676,"date":"2026-01-26T21:43:21","date_gmt":"2026-02-09T12:44:12","guid":{"rendered":"https:\/\/likeink.com\/gnuggisar\/hopeiset-kimaltelevat-kynsitarrat\/"},"modified":"2026-02-25T09:44:25","modified_gmt":"2026-02-25T09:44:25","slug":"hopeiset-kimaltelevat-kynsitarrat","status":"publish","type":"product","link":"https:\/\/likeink.com\/fi\/siirtotatuoinnit\/hopeiset-kimaltelevat-kynsitarrat\/","title":{"rendered":"Hopeinen kimallus Nail stickers"},"content":{"rendered":"","protected":false},"excerpt":{"rendered":"<p>Like Ink<br \/>\nNail tattoos<br \/>\n\u2013 Hopeinen kimallus Nail stickers<\/p>\n<h2>Tilaa hopeinen kimallus Nail stickers, jossa on upeita symbolisia kuvioita!<\/h2>\n<p>Luo rohkea mutta elegantti manikyyri Like Ink<br \/>\nn hopeisella kimallus Nail stickers<br \/>\n-arkilla. Arkissa on kimaltelevia hopeisia kuvioita, joissa on hienoja viivoja ja n\u00e4ytt\u00e4vi\u00e4 motiiveja, kuten syd\u00e4mi\u00e4, kuita, herkk\u00e4 sulka, iso k\u00e4\u00e4rme ja teksti \u201dLOVE\u201d.<\/p>\n<p>Huomiota her\u00e4tt\u00e4v\u00e4 k\u00e4\u00e4rmemotiivi on noin 2 cm:n kokoinen ja se voidaan jakaa nelj\u00e4lle sormelle, jolloin saadaan aikaan silmiinpist\u00e4v\u00e4, yhten\u00e4inen Nail art<br \/>\n-ilme. Yhdistettyn\u00e4 pienempiin hienoihin viivamotiiveihin t\u00e4m\u00e4 arkki mahdollistaa hienovaraisten yksityiskohtien ja voimakkaiden elementtien yhdist\u00e4misen.<\/p>\n<p>T\u00e4ydellinen valinta edgyille minimalisteille, modernin Nail art<br \/>\n-tyylin yst\u00e4ville ja kaikille, jotka haluavat tyylikk\u00e4\u00e4n, kimaltelevan lopputuloksen, jolla on symbolista merkityst\u00e4. Helppo levitt\u00e4\u00e4 ja mukava k\u00e4ytt\u00e4\u00e4, n\u00e4m\u00e4 Nail stickers<br \/>\npysyv\u00e4t paikoillaan useita p\u00e4ivi\u00e4 ilman tahraantumista tai kuoriutumista.<\/p>\n<p>Ei sotkua, ei kuivumisaikaa eik\u00e4 salonkik\u00e4ynti\u00e4 \u2013 vain ilmeik\u00e4s hopeinen Nail art<br \/>\nmuutamassa minuutissa.<\/p>\n<p><strong>Kuinka kiinnitt\u00e4\u00e4 Nail stickers <\/strong><br \/>\nPuhdista ja kuivaa kynsi.<\/p>\n<p>Valitse tarra arkista ja nosta se varovasti pinseteill\u00e4.<\/p>\n<p>Aseta kuvio kynsille ja paina kevyesti.<\/p>\n<p>K\u00e4\u00e4rmekuvion osalta jaa motiivi ja kiinnit\u00e4 se nelj\u00e4lle kynsille.<\/p>\n<p>Levit\u00e4 p\u00e4\u00e4llyslakka kest\u00e4vyyden ja kiillon lis\u00e4\u00e4miseksi.<\/p>\n<p>Valmis!<\/p>\n<p><strong>Tuotetiedot<\/strong><\/p>\n<p><strong>Arkin koko:<\/strong><br \/>\n7 \u00d7 10 <strong>cm<br \/>\nV\u00e4ri:<\/strong><br \/>\nHopeaglitteri<br \/>\n<strong>Motiivit:<\/strong><br \/>\nSyd\u00e4n, kuu, ohuet viivat, sulka, k\u00e4\u00e4rme, teksti<br \/>\n<strong>Motiivin koko:<\/strong><br \/>\n5 mm \u2013 noin 2 cm<br \/>\n<strong>Erityispiirre:<\/strong><br \/>\nK\u00e4\u00e4rme- ja tekstikuvio voidaan jakaa useammalle kynsille<\/p>\n<p><strong>PS:<\/strong><br \/>\nOsta 6 arkkia ja maksa 5:st\u00e4 alennuskoodilla<strong> INKNAILS <\/strong><br \/>\n\u2728\ud83d\udda4<\/p>\n","protected":false},"featured_media":59362,"template":"","meta":[],"product_brand":[],"product_cat":[468],"product_tag":[],"class_list":{"0":"post-58676","1":"product","2":"type-product","3":"status-publish","4":"has-post-thumbnail","6":"product_cat-nailstickers-fi","8":"first","9":"instock","10":"taxable","11":"shipping-taxable","12":"purchasable","13":"product-type-simple"},"yoast_head":"<!-- This site is optimized with the Yoast SEO Premium plugin v26.2 (Yoast SEO v27.4) - https:\/\/yoast.com\/product\/yoast-seo-premium-wordpress\/ -->\n<title>Hopeinen kimallus Nail stickers -symbolit ja k\u00e4\u00e4rme | Like Ink<\/title>\n<meta name=\"description\" content=\"Like Ink in viile\u00e4 hopeinen kimallus Nail stickers, jossa on syd\u00e4mi\u00e4, kuu, ohuita viivoja, sulka, k\u00e4\u00e4rme ja LOVE-teksti. Helppo levitt\u00e4\u00e4. - Like ink\" \/>\n<meta name=\"robots\" content=\"index, follow, max-snippet:-1, max-image-preview:large, max-video-preview:-1\" \/>\n<link rel=\"canonical\" href=\"https:\/\/likeink.com\/fi\/siirtotatuoinnit\/hopeiset-kimaltelevat-kynsitarrat\/\" \/>\n<meta property=\"og:locale\" content=\"fi_FI\" \/>\n<meta property=\"og:type\" content=\"article\" \/>\n<meta property=\"og:title\" content=\"Hopeinen kimallus Nail stickers\" \/>\n<meta property=\"og:description\" content=\"Like Ink Nail tattoos \u2013 Hopeinen kimallus Nail stickers Tilaa hopeinen kimallus Nail stickers, jossa on upeita symbolisia kuvioita! Luo rohkea mutta elegantti manikyyri Like Ink n hopeisella kimallus Nail stickers -arkilla. Arkissa on kimaltelevia hopeisia kuvioita, joissa on hienoja viivoja ja n\u00e4ytt\u00e4vi\u00e4 motiiveja, kuten syd\u00e4mi\u00e4, kuita, herkk\u00e4 sulka, iso k\u00e4\u00e4rme ja teksti \u201dLOVE\u201d. Huomiota her\u00e4tt\u00e4v\u00e4 k\u00e4\u00e4rmemotiivi on noin 2 cm:n kokoinen ja se voidaan jakaa nelj\u00e4lle sormelle, jolloin saadaan aikaan silmiinpist\u00e4v\u00e4, yhten\u00e4inen Nail art -ilme. Yhdistettyn\u00e4 pienempiin hienoihin viivamotiiveihin t\u00e4m\u00e4 arkki mahdollistaa hienovaraisten yksityiskohtien ja voimakkaiden elementtien yhdist\u00e4misen. T\u00e4ydellinen valinta edgyille minimalisteille, modernin Nail art -tyylin yst\u00e4ville ja kaikille, jotka haluavat tyylikk\u00e4\u00e4n, kimaltelevan lopputuloksen, jolla on symbolista merkityst\u00e4. Helppo levitt\u00e4\u00e4 ja mukava k\u00e4ytt\u00e4\u00e4, n\u00e4m\u00e4 Nail stickers pysyv\u00e4t paikoillaan useita p\u00e4ivi\u00e4 ilman tahraantumista tai kuoriutumista. Ei sotkua, ei kuivumisaikaa eik\u00e4 salonkik\u00e4ynti\u00e4 \u2013 vain ilmeik\u00e4s hopeinen Nail art muutamassa minuutissa. Kuinka kiinnitt\u00e4\u00e4 Nail stickers Puhdista ja kuivaa kynsi. Valitse tarra arkista ja nosta se varovasti pinseteill\u00e4. Aseta kuvio kynsille ja paina kevyesti. K\u00e4\u00e4rmekuvion osalta jaa motiivi ja kiinnit\u00e4 se nelj\u00e4lle kynsille. Levit\u00e4 p\u00e4\u00e4llyslakka kest\u00e4vyyden ja kiillon lis\u00e4\u00e4miseksi. Valmis! Tuotetiedot Arkin koko: 7 \u00d7 10 cm V\u00e4ri: Hopeaglitteri Motiivit: Syd\u00e4n, kuu, ohuet viivat, sulka, k\u00e4\u00e4rme, teksti Motiivin koko: 5 mm \u2013 noin 2 cm Erityispiirre: K\u00e4\u00e4rme- ja tekstikuvio voidaan jakaa useammalle kynsille PS: Osta 6 arkkia ja maksa 5:st\u00e4 alennuskoodilla INKNAILS \u2728\ud83d\udda4\" \/>\n<meta property=\"og:url\" content=\"https:\/\/likeink.com\/fi\/siirtotatuoinnit\/hopeiset-kimaltelevat-kynsitarrat\/\" \/>\n<meta property=\"og:site_name\" content=\"Like ink\" \/>\n<meta property=\"article:publisher\" content=\"https:\/\/www.facebook.com\/LikeInkSe\" \/>\n<meta property=\"article:modified_time\" content=\"2026-02-25T09:44:25+00:00\" \/>\n<meta property=\"og:image\" content=\"https:\/\/likeink.com\/wp-content\/uploads\/2026\/02\/nail-stickers-silver-holo-likeink-683x1024.png\" \/>\n\t<meta property=\"og:image:width\" content=\"683\" \/>\n\t<meta property=\"og:image:height\" content=\"1024\" \/>\n\t<meta property=\"og:image:type\" content=\"image\/png\" \/>\n<meta name=\"twitter:card\" content=\"summary_large_image\" \/>\n<script type=\"application\/ld+json\" class=\"yoast-schema-graph\">{\"@context\":\"https:\\\/\\\/schema.org\",\"@graph\":[{\"@type\":\"WebPage\",\"@id\":\"https:\\\/\\\/likeink.com\\\/fi\\\/siirtotatuoinnit\\\/hopeiset-kimaltelevat-kynsitarrat\\\/\",\"url\":\"https:\\\/\\\/likeink.com\\\/fi\\\/siirtotatuoinnit\\\/hopeiset-kimaltelevat-kynsitarrat\\\/\",\"name\":\"Hopeinen kimallus Nail stickers -symbolit ja k\u00e4\u00e4rme | Like Ink\",\"isPartOf\":{\"@id\":\"https:\\\/\\\/likeink.com\\\/fi\\\/#website\"},\"primaryImageOfPage\":{\"@id\":\"https:\\\/\\\/likeink.com\\\/fi\\\/siirtotatuoinnit\\\/hopeiset-kimaltelevat-kynsitarrat\\\/#primaryimage\"},\"image\":{\"@id\":\"https:\\\/\\\/likeink.com\\\/fi\\\/siirtotatuoinnit\\\/hopeiset-kimaltelevat-kynsitarrat\\\/#primaryimage\"},\"thumbnailUrl\":\"https:\\\/\\\/likeink.com\\\/wp-content\\\/uploads\\\/2026\\\/02\\\/nail-stickers-silver-holo-likeink.png\",\"datePublished\":\"2026-02-09T12:44:12+00:00\",\"dateModified\":\"2026-02-25T09:44:25+00:00\",\"description\":\"Like Ink in viile\u00e4 hopeinen kimallus Nail stickers, jossa on syd\u00e4mi\u00e4, kuu, ohuita viivoja, sulka, k\u00e4\u00e4rme ja LOVE-teksti. Helppo levitt\u00e4\u00e4. - Like ink\",\"breadcrumb\":{\"@id\":\"https:\\\/\\\/likeink.com\\\/fi\\\/siirtotatuoinnit\\\/hopeiset-kimaltelevat-kynsitarrat\\\/#breadcrumb\"},\"inLanguage\":\"fi\",\"potentialAction\":[{\"@type\":\"ReadAction\",\"target\":[\"https:\\\/\\\/likeink.com\\\/fi\\\/siirtotatuoinnit\\\/hopeiset-kimaltelevat-kynsitarrat\\\/\"]}]},{\"@type\":\"ImageObject\",\"inLanguage\":\"fi\",\"@id\":\"https:\\\/\\\/likeink.com\\\/fi\\\/siirtotatuoinnit\\\/hopeiset-kimaltelevat-kynsitarrat\\\/#primaryimage\",\"url\":\"https:\\\/\\\/likeink.com\\\/wp-content\\\/uploads\\\/2026\\\/02\\\/nail-stickers-silver-holo-likeink.png\",\"contentUrl\":\"https:\\\/\\\/likeink.com\\\/wp-content\\\/uploads\\\/2026\\\/02\\\/nail-stickers-silver-holo-likeink.png\",\"width\":1024,\"height\":1536,\"caption\":\"Vaaleanpunaisella kynsilakalla lakatussa k\u00e4dess\u00e4 on kynsitaidetta: etusormessa vaaleanpunainen syd\u00e4n, keskisormessa kimalteleva k\u00e4\u00e4rme ja rengassormessa hopeinen kuunsirppi mustaa nahkataustaa vasten.\"},{\"@type\":\"BreadcrumbList\",\"@id\":\"https:\\\/\\\/likeink.com\\\/fi\\\/siirtotatuoinnit\\\/hopeiset-kimaltelevat-kynsitarrat\\\/#breadcrumb\",\"itemListElement\":[{\"@type\":\"ListItem\",\"position\":1,\"name\":\"Hem\",\"item\":\"https:\\\/\\\/likeink.com\\\/fi\\\/\"},{\"@type\":\"ListItem\",\"position\":2,\"name\":\"Shop\",\"item\":\"https:\\\/\\\/likeink.com\\\/fi\\\/shop\\\/\"},{\"@type\":\"ListItem\",\"position\":3,\"name\":\"Hopeinen kimallus Nail stickers\"}]},{\"@type\":\"WebSite\",\"@id\":\"https:\\\/\\\/likeink.com\\\/fi\\\/#website\",\"url\":\"https:\\\/\\\/likeink.com\\\/fi\\\/\",\"name\":\"Like ink\",\"description\":\"Make your own custom design\",\"potentialAction\":[{\"@type\":\"SearchAction\",\"target\":{\"@type\":\"EntryPoint\",\"urlTemplate\":\"https:\\\/\\\/likeink.com\\\/fi\\\/?s={search_term_string}\"},\"query-input\":{\"@type\":\"PropertyValueSpecification\",\"valueRequired\":true,\"valueName\":\"search_term_string\"}}],\"inLanguage\":\"fi\"}]}<\/script>\n<!-- \/ Yoast SEO Premium plugin. -->","yoast_head_json":{"title":"Hopeinen kimallus Nail stickers -symbolit ja k\u00e4\u00e4rme | Like Ink","description":"Like Ink in viile\u00e4 hopeinen kimallus Nail stickers, jossa on syd\u00e4mi\u00e4, kuu, ohuita viivoja, sulka, k\u00e4\u00e4rme ja LOVE-teksti. Helppo levitt\u00e4\u00e4. - Like ink","robots":{"index":"index","follow":"follow","max-snippet":"max-snippet:-1","max-image-preview":"max-image-preview:large","max-video-preview":"max-video-preview:-1"},"canonical":"https:\/\/likeink.com\/fi\/siirtotatuoinnit\/hopeiset-kimaltelevat-kynsitarrat\/","og_locale":"fi_FI","og_type":"article","og_title":"Hopeinen kimallus Nail stickers","og_description":"Like Ink Nail tattoos \u2013 Hopeinen kimallus Nail stickers Tilaa hopeinen kimallus Nail stickers, jossa on upeita symbolisia kuvioita! Luo rohkea mutta elegantti manikyyri Like Ink n hopeisella kimallus Nail stickers -arkilla. Arkissa on kimaltelevia hopeisia kuvioita, joissa on hienoja viivoja ja n\u00e4ytt\u00e4vi\u00e4 motiiveja, kuten syd\u00e4mi\u00e4, kuita, herkk\u00e4 sulka, iso k\u00e4\u00e4rme ja teksti \u201dLOVE\u201d. Huomiota her\u00e4tt\u00e4v\u00e4 k\u00e4\u00e4rmemotiivi on noin 2 cm:n kokoinen ja se voidaan jakaa nelj\u00e4lle sormelle, jolloin saadaan aikaan silmiinpist\u00e4v\u00e4, yhten\u00e4inen Nail art -ilme. Yhdistettyn\u00e4 pienempiin hienoihin viivamotiiveihin t\u00e4m\u00e4 arkki mahdollistaa hienovaraisten yksityiskohtien ja voimakkaiden elementtien yhdist\u00e4misen. T\u00e4ydellinen valinta edgyille minimalisteille, modernin Nail art -tyylin yst\u00e4ville ja kaikille, jotka haluavat tyylikk\u00e4\u00e4n, kimaltelevan lopputuloksen, jolla on symbolista merkityst\u00e4. Helppo levitt\u00e4\u00e4 ja mukava k\u00e4ytt\u00e4\u00e4, n\u00e4m\u00e4 Nail stickers pysyv\u00e4t paikoillaan useita p\u00e4ivi\u00e4 ilman tahraantumista tai kuoriutumista. Ei sotkua, ei kuivumisaikaa eik\u00e4 salonkik\u00e4ynti\u00e4 \u2013 vain ilmeik\u00e4s hopeinen Nail art muutamassa minuutissa. Kuinka kiinnitt\u00e4\u00e4 Nail stickers Puhdista ja kuivaa kynsi. Valitse tarra arkista ja nosta se varovasti pinseteill\u00e4. Aseta kuvio kynsille ja paina kevyesti. K\u00e4\u00e4rmekuvion osalta jaa motiivi ja kiinnit\u00e4 se nelj\u00e4lle kynsille. Levit\u00e4 p\u00e4\u00e4llyslakka kest\u00e4vyyden ja kiillon lis\u00e4\u00e4miseksi. Valmis! Tuotetiedot Arkin koko: 7 \u00d7 10 cm V\u00e4ri: Hopeaglitteri Motiivit: Syd\u00e4n, kuu, ohuet viivat, sulka, k\u00e4\u00e4rme, teksti Motiivin koko: 5 mm \u2013 noin 2 cm Erityispiirre: K\u00e4\u00e4rme- ja tekstikuvio voidaan jakaa useammalle kynsille PS: Osta 6 arkkia ja maksa 5:st\u00e4 alennuskoodilla INKNAILS \u2728\ud83d\udda4","og_url":"https:\/\/likeink.com\/fi\/siirtotatuoinnit\/hopeiset-kimaltelevat-kynsitarrat\/","og_site_name":"Like ink","article_publisher":"https:\/\/www.facebook.com\/LikeInkSe","article_modified_time":"2026-02-25T09:44:25+00:00","og_image":[{"width":683,"height":1024,"url":"https:\/\/likeink.com\/wp-content\/uploads\/2026\/02\/nail-stickers-silver-holo-likeink-683x1024.png","type":"image\/png"}],"twitter_card":"summary_large_image","schema":{"@context":"https:\/\/schema.org","@graph":[{"@type":"WebPage","@id":"https:\/\/likeink.com\/fi\/siirtotatuoinnit\/hopeiset-kimaltelevat-kynsitarrat\/","url":"https:\/\/likeink.com\/fi\/siirtotatuoinnit\/hopeiset-kimaltelevat-kynsitarrat\/","name":"Hopeinen kimallus Nail stickers -symbolit ja k\u00e4\u00e4rme | Like Ink","isPartOf":{"@id":"https:\/\/likeink.com\/fi\/#website"},"primaryImageOfPage":{"@id":"https:\/\/likeink.com\/fi\/siirtotatuoinnit\/hopeiset-kimaltelevat-kynsitarrat\/#primaryimage"},"image":{"@id":"https:\/\/likeink.com\/fi\/siirtotatuoinnit\/hopeiset-kimaltelevat-kynsitarrat\/#primaryimage"},"thumbnailUrl":"https:\/\/likeink.com\/wp-content\/uploads\/2026\/02\/nail-stickers-silver-holo-likeink.png","datePublished":"2026-02-09T12:44:12+00:00","dateModified":"2026-02-25T09:44:25+00:00","description":"Like Ink in viile\u00e4 hopeinen kimallus Nail stickers, jossa on syd\u00e4mi\u00e4, kuu, ohuita viivoja, sulka, k\u00e4\u00e4rme ja LOVE-teksti. Helppo levitt\u00e4\u00e4. - Like ink","breadcrumb":{"@id":"https:\/\/likeink.com\/fi\/siirtotatuoinnit\/hopeiset-kimaltelevat-kynsitarrat\/#breadcrumb"},"inLanguage":"fi","potentialAction":[{"@type":"ReadAction","target":["https:\/\/likeink.com\/fi\/siirtotatuoinnit\/hopeiset-kimaltelevat-kynsitarrat\/"]}]},{"@type":"ImageObject","inLanguage":"fi","@id":"https:\/\/likeink.com\/fi\/siirtotatuoinnit\/hopeiset-kimaltelevat-kynsitarrat\/#primaryimage","url":"https:\/\/likeink.com\/wp-content\/uploads\/2026\/02\/nail-stickers-silver-holo-likeink.png","contentUrl":"https:\/\/likeink.com\/wp-content\/uploads\/2026\/02\/nail-stickers-silver-holo-likeink.png","width":1024,"height":1536,"caption":"Vaaleanpunaisella kynsilakalla lakatussa k\u00e4dess\u00e4 on kynsitaidetta: etusormessa vaaleanpunainen syd\u00e4n, keskisormessa kimalteleva k\u00e4\u00e4rme ja rengassormessa hopeinen kuunsirppi mustaa nahkataustaa vasten."},{"@type":"BreadcrumbList","@id":"https:\/\/likeink.com\/fi\/siirtotatuoinnit\/hopeiset-kimaltelevat-kynsitarrat\/#breadcrumb","itemListElement":[{"@type":"ListItem","position":1,"name":"Hem","item":"https:\/\/likeink.com\/fi\/"},{"@type":"ListItem","position":2,"name":"Shop","item":"https:\/\/likeink.com\/fi\/shop\/"},{"@type":"ListItem","position":3,"name":"Hopeinen kimallus Nail stickers"}]},{"@type":"WebSite","@id":"https:\/\/likeink.com\/fi\/#website","url":"https:\/\/likeink.com\/fi\/","name":"Like ink","description":"Make your own custom design","potentialAction":[{"@type":"SearchAction","target":{"@type":"EntryPoint","urlTemplate":"https:\/\/likeink.com\/fi\/?s={search_term_string}"},"query-input":{"@type":"PropertyValueSpecification","valueRequired":true,"valueName":"search_term_string"}}],"inLanguage":"fi"}]}},"_links":{"self":[{"href":"https:\/\/likeink.com\/fi\/wp-json\/wp\/v2\/product\/58676","targetHints":{"allow":["GET"]}}],"collection":[{"href":"https:\/\/likeink.com\/fi\/wp-json\/wp\/v2\/product"}],"about":[{"href":"https:\/\/likeink.com\/fi\/wp-json\/wp\/v2\/types\/product"}],"wp:featuredmedia":[{"embeddable":true,"href":"https:\/\/likeink.com\/fi\/wp-json\/wp\/v2\/media\/59362"}],"wp:attachment":[{"href":"https:\/\/likeink.com\/fi\/wp-json\/wp\/v2\/media?parent=58676"}],"wp:term":[{"taxonomy":"product_brand","embeddable":true,"href":"https:\/\/likeink.com\/fi\/wp-json\/wp\/v2\/product_brand?post=58676"},{"taxonomy":"product_cat","embeddable":true,"href":"https:\/\/likeink.com\/fi\/wp-json\/wp\/v2\/product_cat?post=58676"},{"taxonomy":"product_tag","embeddable":true,"href":"https:\/\/likeink.com\/fi\/wp-json\/wp\/v2\/product_tag?post=58676"}],"curies":[{"name":"wp","href":"https:\/\/api.w.org\/{rel}","templated":true}]}}