{"id":58677,"date":"2026-01-26T21:35:37","date_gmt":"2026-02-09T12:44:13","guid":{"rendered":"https:\/\/likeink.com\/gnuggisar\/kultaiset-kuu-ja-tahtikynsitarrat\/"},"modified":"2026-02-25T09:44:25","modified_gmt":"2026-02-25T09:44:25","slug":"kultaiset-kuu-ja-tahtikynsitarrat","status":"publish","type":"product","link":"https:\/\/likeink.com\/fi\/siirtotatuoinnit\/kultaiset-kuu-ja-tahtikynsitarrat\/","title":{"rendered":"Kultaiset kuu ja t\u00e4hti Nail stickers"},"content":{"rendered":"","protected":false},"excerpt":{"rendered":"<p>Like Ink<br \/>\nNail tattoos<br \/>\n\u2013 Gold Moon &#038; Star -Nail stickers<\/p>\n<h2>Tilaa Nail stickers, jossa on tyylikk\u00e4\u00e4t kultaiset kuu- ja t\u00e4htikuvioinnit!<\/h2>\n<p>Luo puhdas ja hienostunut manikyyri Like Ink<br \/>\nGold Moon &#038; Star Nail stickers<br \/>\n-tuotteella. T\u00e4m\u00e4 arkki sis\u00e4lt\u00e4\u00e4 kimaltelevia kultaisia kuvioita, jotka ovat saaneet inspiraationsa taivaallisista elementeist\u00e4, kuten kuusta, t\u00e4hdist\u00e4 ja minimalistisista koristekuvioista.<\/p>\n<p>Kuvioiden koot vaihtelevat noin 3 mm:st\u00e4 10 mm:iin, joten n\u00e4m\u00e4 Nail stickers<br \/>\n-tuotteet sopivat t\u00e4ydellisesti sek\u00e4 hienovaraisiin korostuksiin ett\u00e4 tasapainoisiin koko kynnen kattaviin kuvioihin. Ajaton kultainen viimeistely lis\u00e4\u00e4 ripauksen eleganssia ja sopii kauniisti sek\u00e4 luonnollisille kynsille ett\u00e4 v\u00e4rillisille pohjille.<\/p>\n<p>Ihanteellinen minimalisteille, modernin Nail art<br \/>\ntyylin yst\u00e4ville ja kaikille, jotka etsiv\u00e4t hienostunutta mutta vaivatonta lookia. Helppoja kiinnitt\u00e4\u00e4 ja mukavia k\u00e4ytt\u00e4\u00e4, n\u00e4m\u00e4 Nail stickers<br \/>\npysyv\u00e4t paikoillaan useita p\u00e4ivi\u00e4 ilman tahroja tai kuoriutumista.<\/p>\n<p>Ei sotkua, ei kuivumisaikaa eik\u00e4 salonkik\u00e4yntej\u00e4 \u2013 vain kiillotetut Nail art<br \/>\nmuutamassa minuutissa.<\/p>\n<p><strong>Kuinka kiinnitt\u00e4\u00e4 Nail stickers <\/strong><br \/>\nPuhdista ja kuivaa kynsi<\/p>\n<p>Valitse tarra arkista ja nosta se varovasti pinseteill\u00e4<\/p>\n<p>Aseta kuvio kynsille ja paina kevyesti<\/p>\n<p>Levit\u00e4 p\u00e4\u00e4llyslakka, jotta kynnet pysyv\u00e4t kauniina ja kiilt\u00e4v\u00e4n\u00e4 pidemp\u00e4\u00e4n<\/p>\n<p>Valmis!<\/p>\n<p><strong>Tuotetiedot<\/strong><\/p>\n<p><strong>Arkin koko:<\/strong><br \/>\n7 \u00d7 10 <strong>cm<br \/>\nV\u00e4ri:<\/strong><br \/>\n<strong>Kulta<br \/>\nKuvio:<\/strong><br \/>\nKuu, t\u00e4hdet, koristekuviot<br \/>\n<strong>Kuvion koko:<\/strong><br \/>\nnoin 3\u201310 mm<\/p>\n<p><strong>PS:<\/strong><br \/>\nOsta 6 arkkia ja maksa vain 5:st\u00e4 alennuskoodilla<strong> INKNAILS <\/strong><br \/>\n\u2728\ud83d\udc85<\/p>\n","protected":false},"featured_media":59332,"template":"","meta":[],"product_brand":[],"product_cat":[468],"product_tag":[],"class_list":{"0":"post-58677","1":"product","2":"type-product","3":"status-publish","4":"has-post-thumbnail","6":"product_cat-nailstickers-fi","8":"first","9":"instock","10":"taxable","11":"shipping-taxable","12":"purchasable","13":"product-type-simple"},"yoast_head":"<!-- This site is optimized with the Yoast SEO Premium plugin v26.2 (Yoast SEO v27.4) - https:\/\/yoast.com\/product\/yoast-seo-premium-wordpress\/ -->\n<title>Gold Moon &amp; Star Nail stickers | Like Ink<\/title>\n<meta name=\"description\" content=\"Like Ink in minimalistinen kultainen Nail stickers, jossa on kuu-, t\u00e4hti- ja kuviomallit. Elegantti, helppo levitt\u00e4\u00e4 ja t\u00e4ydellinen hienostuneeseen Nail art. - Like ink\" \/>\n<meta name=\"robots\" content=\"index, follow, max-snippet:-1, max-image-preview:large, max-video-preview:-1\" \/>\n<link rel=\"canonical\" href=\"https:\/\/likeink.com\/fi\/siirtotatuoinnit\/kultaiset-kuu-ja-tahtikynsitarrat\/\" \/>\n<meta property=\"og:locale\" content=\"fi_FI\" \/>\n<meta property=\"og:type\" content=\"article\" \/>\n<meta property=\"og:title\" content=\"Kultaiset kuu ja t\u00e4hti Nail stickers\" \/>\n<meta property=\"og:description\" content=\"Like Ink Nail tattoos \u2013 Gold Moon &amp; Star -Nail stickers Tilaa Nail stickers, jossa on tyylikk\u00e4\u00e4t kultaiset kuu- ja t\u00e4htikuvioinnit! Luo puhdas ja hienostunut manikyyri Like Ink Gold Moon &amp; Star Nail stickers -tuotteella. T\u00e4m\u00e4 arkki sis\u00e4lt\u00e4\u00e4 kimaltelevia kultaisia kuvioita, jotka ovat saaneet inspiraationsa taivaallisista elementeist\u00e4, kuten kuusta, t\u00e4hdist\u00e4 ja minimalistisista koristekuvioista. Kuvioiden koot vaihtelevat noin 3 mm:st\u00e4 10 mm:iin, joten n\u00e4m\u00e4 Nail stickers -tuotteet sopivat t\u00e4ydellisesti sek\u00e4 hienovaraisiin korostuksiin ett\u00e4 tasapainoisiin koko kynnen kattaviin kuvioihin. Ajaton kultainen viimeistely lis\u00e4\u00e4 ripauksen eleganssia ja sopii kauniisti sek\u00e4 luonnollisille kynsille ett\u00e4 v\u00e4rillisille pohjille. Ihanteellinen minimalisteille, modernin Nail art tyylin yst\u00e4ville ja kaikille, jotka etsiv\u00e4t hienostunutta mutta vaivatonta lookia. Helppoja kiinnitt\u00e4\u00e4 ja mukavia k\u00e4ytt\u00e4\u00e4, n\u00e4m\u00e4 Nail stickers pysyv\u00e4t paikoillaan useita p\u00e4ivi\u00e4 ilman tahroja tai kuoriutumista. Ei sotkua, ei kuivumisaikaa eik\u00e4 salonkik\u00e4yntej\u00e4 \u2013 vain kiillotetut Nail art muutamassa minuutissa. Kuinka kiinnitt\u00e4\u00e4 Nail stickers Puhdista ja kuivaa kynsi Valitse tarra arkista ja nosta se varovasti pinseteill\u00e4 Aseta kuvio kynsille ja paina kevyesti Levit\u00e4 p\u00e4\u00e4llyslakka, jotta kynnet pysyv\u00e4t kauniina ja kiilt\u00e4v\u00e4n\u00e4 pidemp\u00e4\u00e4n Valmis! Tuotetiedot Arkin koko: 7 \u00d7 10 cm V\u00e4ri: Kulta Kuvio: Kuu, t\u00e4hdet, koristekuviot Kuvion koko: noin 3\u201310 mm PS: Osta 6 arkkia ja maksa vain 5:st\u00e4 alennuskoodilla INKNAILS \u2728\ud83d\udc85\" \/>\n<meta property=\"og:url\" content=\"https:\/\/likeink.com\/fi\/siirtotatuoinnit\/kultaiset-kuu-ja-tahtikynsitarrat\/\" \/>\n<meta property=\"og:site_name\" content=\"Like ink\" \/>\n<meta property=\"article:publisher\" content=\"https:\/\/www.facebook.com\/LikeInkSe\" \/>\n<meta property=\"article:modified_time\" content=\"2026-02-25T09:44:25+00:00\" \/>\n<meta property=\"og:image\" content=\"https:\/\/likeink.com\/wp-content\/uploads\/2026\/02\/nail-stickers-gold-design-likeink.png\" \/>\n\t<meta property=\"og:image:width\" content=\"1024\" \/>\n\t<meta property=\"og:image:height\" content=\"1024\" \/>\n\t<meta property=\"og:image:type\" content=\"image\/png\" \/>\n<meta name=\"twitter:card\" content=\"summary_large_image\" \/>\n<script type=\"application\/ld+json\" class=\"yoast-schema-graph\">{\"@context\":\"https:\\\/\\\/schema.org\",\"@graph\":[{\"@type\":\"WebPage\",\"@id\":\"https:\\\/\\\/likeink.com\\\/fi\\\/siirtotatuoinnit\\\/kultaiset-kuu-ja-tahtikynsitarrat\\\/\",\"url\":\"https:\\\/\\\/likeink.com\\\/fi\\\/siirtotatuoinnit\\\/kultaiset-kuu-ja-tahtikynsitarrat\\\/\",\"name\":\"Gold Moon & Star Nail stickers | Like Ink\",\"isPartOf\":{\"@id\":\"https:\\\/\\\/likeink.com\\\/fi\\\/#website\"},\"primaryImageOfPage\":{\"@id\":\"https:\\\/\\\/likeink.com\\\/fi\\\/siirtotatuoinnit\\\/kultaiset-kuu-ja-tahtikynsitarrat\\\/#primaryimage\"},\"image\":{\"@id\":\"https:\\\/\\\/likeink.com\\\/fi\\\/siirtotatuoinnit\\\/kultaiset-kuu-ja-tahtikynsitarrat\\\/#primaryimage\"},\"thumbnailUrl\":\"https:\\\/\\\/likeink.com\\\/wp-content\\\/uploads\\\/2026\\\/02\\\/nail-stickers-gold-design-likeink.png\",\"datePublished\":\"2026-02-09T12:44:13+00:00\",\"dateModified\":\"2026-02-25T09:44:25+00:00\",\"description\":\"Like Ink in minimalistinen kultainen Nail stickers, jossa on kuu-, t\u00e4hti- ja kuviomallit. Elegantti, helppo levitt\u00e4\u00e4 ja t\u00e4ydellinen hienostuneeseen Nail art. - Like ink\",\"breadcrumb\":{\"@id\":\"https:\\\/\\\/likeink.com\\\/fi\\\/siirtotatuoinnit\\\/kultaiset-kuu-ja-tahtikynsitarrat\\\/#breadcrumb\"},\"inLanguage\":\"fi\",\"potentialAction\":[{\"@type\":\"ReadAction\",\"target\":[\"https:\\\/\\\/likeink.com\\\/fi\\\/siirtotatuoinnit\\\/kultaiset-kuu-ja-tahtikynsitarrat\\\/\"]}]},{\"@type\":\"ImageObject\",\"inLanguage\":\"fi\",\"@id\":\"https:\\\/\\\/likeink.com\\\/fi\\\/siirtotatuoinnit\\\/kultaiset-kuu-ja-tahtikynsitarrat\\\/#primaryimage\",\"url\":\"https:\\\/\\\/likeink.com\\\/wp-content\\\/uploads\\\/2026\\\/02\\\/nail-stickers-gold-design-likeink.png\",\"contentUrl\":\"https:\\\/\\\/likeink.com\\\/wp-content\\\/uploads\\\/2026\\\/02\\\/nail-stickers-gold-design-likeink.png\",\"width\":1024,\"height\":1024,\"caption\":\"Nudenv\u00e4risell\u00e4 kynsilakalla p\u00e4\u00e4llystetyss\u00e4 k\u00e4dess\u00e4 on herk\u00e4t kultaiset kuu- ja t\u00e4htikuviot kummassakin kynsiss\u00e4, taustalla t\u00e4htitaivas, pilvi\u00e4 ja hehkuva t\u00e4ysikuu.\"},{\"@type\":\"BreadcrumbList\",\"@id\":\"https:\\\/\\\/likeink.com\\\/fi\\\/siirtotatuoinnit\\\/kultaiset-kuu-ja-tahtikynsitarrat\\\/#breadcrumb\",\"itemListElement\":[{\"@type\":\"ListItem\",\"position\":1,\"name\":\"Hem\",\"item\":\"https:\\\/\\\/likeink.com\\\/fi\\\/\"},{\"@type\":\"ListItem\",\"position\":2,\"name\":\"Shop\",\"item\":\"https:\\\/\\\/likeink.com\\\/fi\\\/shop\\\/\"},{\"@type\":\"ListItem\",\"position\":3,\"name\":\"Kultaiset kuu ja t\u00e4hti Nail stickers\"}]},{\"@type\":\"WebSite\",\"@id\":\"https:\\\/\\\/likeink.com\\\/fi\\\/#website\",\"url\":\"https:\\\/\\\/likeink.com\\\/fi\\\/\",\"name\":\"Like ink\",\"description\":\"Make your own custom design\",\"potentialAction\":[{\"@type\":\"SearchAction\",\"target\":{\"@type\":\"EntryPoint\",\"urlTemplate\":\"https:\\\/\\\/likeink.com\\\/fi\\\/?s={search_term_string}\"},\"query-input\":{\"@type\":\"PropertyValueSpecification\",\"valueRequired\":true,\"valueName\":\"search_term_string\"}}],\"inLanguage\":\"fi\"}]}<\/script>\n<!-- \/ Yoast SEO Premium plugin. -->","yoast_head_json":{"title":"Gold Moon & Star Nail stickers | Like Ink","description":"Like Ink in minimalistinen kultainen Nail stickers, jossa on kuu-, t\u00e4hti- ja kuviomallit. Elegantti, helppo levitt\u00e4\u00e4 ja t\u00e4ydellinen hienostuneeseen Nail art. - Like ink","robots":{"index":"index","follow":"follow","max-snippet":"max-snippet:-1","max-image-preview":"max-image-preview:large","max-video-preview":"max-video-preview:-1"},"canonical":"https:\/\/likeink.com\/fi\/siirtotatuoinnit\/kultaiset-kuu-ja-tahtikynsitarrat\/","og_locale":"fi_FI","og_type":"article","og_title":"Kultaiset kuu ja t\u00e4hti Nail stickers","og_description":"Like Ink Nail tattoos \u2013 Gold Moon & Star -Nail stickers Tilaa Nail stickers, jossa on tyylikk\u00e4\u00e4t kultaiset kuu- ja t\u00e4htikuvioinnit! Luo puhdas ja hienostunut manikyyri Like Ink Gold Moon & Star Nail stickers -tuotteella. T\u00e4m\u00e4 arkki sis\u00e4lt\u00e4\u00e4 kimaltelevia kultaisia kuvioita, jotka ovat saaneet inspiraationsa taivaallisista elementeist\u00e4, kuten kuusta, t\u00e4hdist\u00e4 ja minimalistisista koristekuvioista. Kuvioiden koot vaihtelevat noin 3 mm:st\u00e4 10 mm:iin, joten n\u00e4m\u00e4 Nail stickers -tuotteet sopivat t\u00e4ydellisesti sek\u00e4 hienovaraisiin korostuksiin ett\u00e4 tasapainoisiin koko kynnen kattaviin kuvioihin. Ajaton kultainen viimeistely lis\u00e4\u00e4 ripauksen eleganssia ja sopii kauniisti sek\u00e4 luonnollisille kynsille ett\u00e4 v\u00e4rillisille pohjille. Ihanteellinen minimalisteille, modernin Nail art tyylin yst\u00e4ville ja kaikille, jotka etsiv\u00e4t hienostunutta mutta vaivatonta lookia. Helppoja kiinnitt\u00e4\u00e4 ja mukavia k\u00e4ytt\u00e4\u00e4, n\u00e4m\u00e4 Nail stickers pysyv\u00e4t paikoillaan useita p\u00e4ivi\u00e4 ilman tahroja tai kuoriutumista. Ei sotkua, ei kuivumisaikaa eik\u00e4 salonkik\u00e4yntej\u00e4 \u2013 vain kiillotetut Nail art muutamassa minuutissa. Kuinka kiinnitt\u00e4\u00e4 Nail stickers Puhdista ja kuivaa kynsi Valitse tarra arkista ja nosta se varovasti pinseteill\u00e4 Aseta kuvio kynsille ja paina kevyesti Levit\u00e4 p\u00e4\u00e4llyslakka, jotta kynnet pysyv\u00e4t kauniina ja kiilt\u00e4v\u00e4n\u00e4 pidemp\u00e4\u00e4n Valmis! Tuotetiedot Arkin koko: 7 \u00d7 10 cm V\u00e4ri: Kulta Kuvio: Kuu, t\u00e4hdet, koristekuviot Kuvion koko: noin 3\u201310 mm PS: Osta 6 arkkia ja maksa vain 5:st\u00e4 alennuskoodilla INKNAILS \u2728\ud83d\udc85","og_url":"https:\/\/likeink.com\/fi\/siirtotatuoinnit\/kultaiset-kuu-ja-tahtikynsitarrat\/","og_site_name":"Like ink","article_publisher":"https:\/\/www.facebook.com\/LikeInkSe","article_modified_time":"2026-02-25T09:44:25+00:00","og_image":[{"width":1024,"height":1024,"url":"https:\/\/likeink.com\/wp-content\/uploads\/2026\/02\/nail-stickers-gold-design-likeink.png","type":"image\/png"}],"twitter_card":"summary_large_image","schema":{"@context":"https:\/\/schema.org","@graph":[{"@type":"WebPage","@id":"https:\/\/likeink.com\/fi\/siirtotatuoinnit\/kultaiset-kuu-ja-tahtikynsitarrat\/","url":"https:\/\/likeink.com\/fi\/siirtotatuoinnit\/kultaiset-kuu-ja-tahtikynsitarrat\/","name":"Gold Moon & Star Nail stickers | Like Ink","isPartOf":{"@id":"https:\/\/likeink.com\/fi\/#website"},"primaryImageOfPage":{"@id":"https:\/\/likeink.com\/fi\/siirtotatuoinnit\/kultaiset-kuu-ja-tahtikynsitarrat\/#primaryimage"},"image":{"@id":"https:\/\/likeink.com\/fi\/siirtotatuoinnit\/kultaiset-kuu-ja-tahtikynsitarrat\/#primaryimage"},"thumbnailUrl":"https:\/\/likeink.com\/wp-content\/uploads\/2026\/02\/nail-stickers-gold-design-likeink.png","datePublished":"2026-02-09T12:44:13+00:00","dateModified":"2026-02-25T09:44:25+00:00","description":"Like Ink in minimalistinen kultainen Nail stickers, jossa on kuu-, t\u00e4hti- ja kuviomallit. Elegantti, helppo levitt\u00e4\u00e4 ja t\u00e4ydellinen hienostuneeseen Nail art. - Like ink","breadcrumb":{"@id":"https:\/\/likeink.com\/fi\/siirtotatuoinnit\/kultaiset-kuu-ja-tahtikynsitarrat\/#breadcrumb"},"inLanguage":"fi","potentialAction":[{"@type":"ReadAction","target":["https:\/\/likeink.com\/fi\/siirtotatuoinnit\/kultaiset-kuu-ja-tahtikynsitarrat\/"]}]},{"@type":"ImageObject","inLanguage":"fi","@id":"https:\/\/likeink.com\/fi\/siirtotatuoinnit\/kultaiset-kuu-ja-tahtikynsitarrat\/#primaryimage","url":"https:\/\/likeink.com\/wp-content\/uploads\/2026\/02\/nail-stickers-gold-design-likeink.png","contentUrl":"https:\/\/likeink.com\/wp-content\/uploads\/2026\/02\/nail-stickers-gold-design-likeink.png","width":1024,"height":1024,"caption":"Nudenv\u00e4risell\u00e4 kynsilakalla p\u00e4\u00e4llystetyss\u00e4 k\u00e4dess\u00e4 on herk\u00e4t kultaiset kuu- ja t\u00e4htikuviot kummassakin kynsiss\u00e4, taustalla t\u00e4htitaivas, pilvi\u00e4 ja hehkuva t\u00e4ysikuu."},{"@type":"BreadcrumbList","@id":"https:\/\/likeink.com\/fi\/siirtotatuoinnit\/kultaiset-kuu-ja-tahtikynsitarrat\/#breadcrumb","itemListElement":[{"@type":"ListItem","position":1,"name":"Hem","item":"https:\/\/likeink.com\/fi\/"},{"@type":"ListItem","position":2,"name":"Shop","item":"https:\/\/likeink.com\/fi\/shop\/"},{"@type":"ListItem","position":3,"name":"Kultaiset kuu ja t\u00e4hti Nail stickers"}]},{"@type":"WebSite","@id":"https:\/\/likeink.com\/fi\/#website","url":"https:\/\/likeink.com\/fi\/","name":"Like ink","description":"Make your own custom design","potentialAction":[{"@type":"SearchAction","target":{"@type":"EntryPoint","urlTemplate":"https:\/\/likeink.com\/fi\/?s={search_term_string}"},"query-input":{"@type":"PropertyValueSpecification","valueRequired":true,"valueName":"search_term_string"}}],"inLanguage":"fi"}]}},"_links":{"self":[{"href":"https:\/\/likeink.com\/fi\/wp-json\/wp\/v2\/product\/58677","targetHints":{"allow":["GET"]}}],"collection":[{"href":"https:\/\/likeink.com\/fi\/wp-json\/wp\/v2\/product"}],"about":[{"href":"https:\/\/likeink.com\/fi\/wp-json\/wp\/v2\/types\/product"}],"wp:featuredmedia":[{"embeddable":true,"href":"https:\/\/likeink.com\/fi\/wp-json\/wp\/v2\/media\/59332"}],"wp:attachment":[{"href":"https:\/\/likeink.com\/fi\/wp-json\/wp\/v2\/media?parent=58677"}],"wp:term":[{"taxonomy":"product_brand","embeddable":true,"href":"https:\/\/likeink.com\/fi\/wp-json\/wp\/v2\/product_brand?post=58677"},{"taxonomy":"product_cat","embeddable":true,"href":"https:\/\/likeink.com\/fi\/wp-json\/wp\/v2\/product_cat?post=58677"},{"taxonomy":"product_tag","embeddable":true,"href":"https:\/\/likeink.com\/fi\/wp-json\/wp\/v2\/product_tag?post=58677"}],"curies":[{"name":"wp","href":"https:\/\/api.w.org\/{rel}","templated":true}]}}