{"id":58679,"date":"2026-01-26T21:25:45","date_gmt":"2026-02-09T12:44:15","guid":{"rendered":"https:\/\/likeink.com\/gnuggisar\/kimaltelevat-sydan-ja-lumihiutale-kynsitarrat\/"},"modified":"2026-02-25T09:44:27","modified_gmt":"2026-02-25T09:44:27","slug":"kimaltelevat-sydan-ja-lumihiutale-kynsitarrat","status":"publish","type":"product","link":"https:\/\/likeink.com\/fi\/siirtotatuoinnit\/kimaltelevat-sydan-ja-lumihiutale-kynsitarrat\/","title":{"rendered":"Glitter Heart &#038; Snowflake -Nail stickers"},"content":{"rendered":"","protected":false},"excerpt":{"rendered":"<p>Like Ink<br \/>\nNail tattoos<br \/>\n\u2013 Glitter Heart &#038; Snowflake Nail stickers<\/p>\n<h2>Tilaa Nail stickers, jossa on glitter-syd\u00e4mi\u00e4 ja lumihiutaleita!<\/h2>\n<p>Luo leikkis\u00e4 mutta elegantti manikyyri Like Ink<br \/>\nGlitter Heart &#038; Snowflake Nail stickers<br \/>\n-arkilla. Arkissa on valkoisia, mustia ja vaaleanpunaisia glitter-kuvioita, joissa yhdistyv\u00e4t herk\u00e4t lumihiutaleet, suloiset syd\u00e4met ja koristeelliset kuviot.<\/p>\n<p>Erilaiset koot tekev\u00e4t t\u00e4st\u00e4 arkista t\u00e4ydellisen luovaan Nail art<br \/>\n. Pienemm\u00e4t syd\u00e4nkuviot ovat kooltaan noin 3 mm, kun taas suurin kuvio on noin 10 \u00d7 20 mm, joten voit yhdistell\u00e4 hienovaraisia yksityiskohtia ja silmiinpist\u00e4vi\u00e4 korostuksia.<\/p>\n<p>Ihanteellinen talvisiin tyyleihin, romanttisiin tyyleihin tai kaikille, jotka rakastavat pehme\u00e4\u00e4 kimallusta ja kontrastia. Helppo levitt\u00e4\u00e4 ja mukava k\u00e4ytt\u00e4\u00e4, n\u00e4m\u00e4 Nail stickers<br \/>\npysyv\u00e4t paikoillaan useita p\u00e4ivi\u00e4 ilman tahroja tai kuoriutumista.<\/p>\n<p>Ei sotkua, ei kuivumisaikaa eik\u00e4 salonkik\u00e4yntej\u00e4 \u2013 vain v\u00e4lit\u00f6n glitter-Nail art<br \/>\ni persoonallisuudella.<\/p>\n<p><strong>Kuinka kiinnitt\u00e4\u00e4 Nail stickers <\/strong><br \/>\nPuhdista ja kuivaa kynsi<\/p>\n<p>Valitse tarra arkista ja nosta se varovasti pinseteill\u00e4<\/p>\n<p>Aseta malli kynsille ja paina kevyesti<\/p>\n<p>Levit\u00e4 p\u00e4\u00e4llyslakka lis\u00e4\u00e4 kest\u00e4vyytt\u00e4 ja kiiltoa varten<\/p>\n<p>Valmis!<\/p>\n<p><strong>Tuotetiedot<\/strong><\/p>\n<p><strong>Arkin koko:<\/strong><br \/>\n7 \u00d7 10 <strong>cm<br \/>\nV\u00e4rit:<\/strong><br \/>\nValkoinen, musta ja vaaleanpunainen <strong>glitter<br \/>\nMotiivit:<\/strong><br \/>\nLumihiutaleet, syd\u00e4met, koristeelliset <strong>kuviot<br \/>\nMotiivin koko:<\/strong><br \/>\nnoin 3 mm \u2013 10 \u00d7 20 <strong>mm<\/p>\n<p>PS:<\/strong><br \/>\nOsta 6 arkkia ja maksa 5:st\u00e4 alennuskoodilla<strong> INKNAILS <\/strong><br \/>\n\u2728\ud83d\udc85<\/p>\n","protected":false},"featured_media":59312,"template":"","meta":[],"product_brand":[],"product_cat":[468],"product_tag":[],"class_list":{"0":"post-58679","1":"product","2":"type-product","3":"status-publish","4":"has-post-thumbnail","6":"product_cat-nailstickers-fi","8":"first","9":"instock","10":"taxable","11":"shipping-taxable","12":"purchasable","13":"product-type-simple"},"yoast_head":"<!-- This site is optimized with the Yoast SEO Premium plugin v26.2 (Yoast SEO v27.4) - https:\/\/yoast.com\/product\/yoast-seo-premium-wordpress\/ -->\n<title>Glitter Heart &amp; Snowflake Nail stickers | Like Ink<\/title>\n<meta name=\"description\" content=\"Nail stickers Like Ink -sivustolta valkoisena, mustana ja vaaleanpunaisena kimalluskoristeena. Sis\u00e4lt\u00e4\u00e4 syd\u00e4mi\u00e4, lumihiutaleita ja koristeellisia kuvioita eri kokoisina. - Like ink\" \/>\n<meta name=\"robots\" content=\"index, follow, max-snippet:-1, max-image-preview:large, max-video-preview:-1\" \/>\n<link rel=\"canonical\" href=\"https:\/\/likeink.com\/fi\/siirtotatuoinnit\/kimaltelevat-sydan-ja-lumihiutale-kynsitarrat\/\" \/>\n<meta property=\"og:locale\" content=\"fi_FI\" \/>\n<meta property=\"og:type\" content=\"article\" \/>\n<meta property=\"og:title\" content=\"Glitter Heart &amp; Snowflake -Nail stickers\" \/>\n<meta property=\"og:description\" content=\"Like Ink Nail tattoos \u2013 Glitter Heart &amp; Snowflake Nail stickers Tilaa Nail stickers, jossa on glitter-syd\u00e4mi\u00e4 ja lumihiutaleita! Luo leikkis\u00e4 mutta elegantti manikyyri Like Ink Glitter Heart &amp; Snowflake Nail stickers -arkilla. Arkissa on valkoisia, mustia ja vaaleanpunaisia glitter-kuvioita, joissa yhdistyv\u00e4t herk\u00e4t lumihiutaleet, suloiset syd\u00e4met ja koristeelliset kuviot. Erilaiset koot tekev\u00e4t t\u00e4st\u00e4 arkista t\u00e4ydellisen luovaan Nail art . Pienemm\u00e4t syd\u00e4nkuviot ovat kooltaan noin 3 mm, kun taas suurin kuvio on noin 10 \u00d7 20 mm, joten voit yhdistell\u00e4 hienovaraisia yksityiskohtia ja silmiinpist\u00e4vi\u00e4 korostuksia. Ihanteellinen talvisiin tyyleihin, romanttisiin tyyleihin tai kaikille, jotka rakastavat pehme\u00e4\u00e4 kimallusta ja kontrastia. Helppo levitt\u00e4\u00e4 ja mukava k\u00e4ytt\u00e4\u00e4, n\u00e4m\u00e4 Nail stickers pysyv\u00e4t paikoillaan useita p\u00e4ivi\u00e4 ilman tahroja tai kuoriutumista. Ei sotkua, ei kuivumisaikaa eik\u00e4 salonkik\u00e4yntej\u00e4 \u2013 vain v\u00e4lit\u00f6n glitter-Nail art i persoonallisuudella. Kuinka kiinnitt\u00e4\u00e4 Nail stickers Puhdista ja kuivaa kynsi Valitse tarra arkista ja nosta se varovasti pinseteill\u00e4 Aseta malli kynsille ja paina kevyesti Levit\u00e4 p\u00e4\u00e4llyslakka lis\u00e4\u00e4 kest\u00e4vyytt\u00e4 ja kiiltoa varten Valmis! Tuotetiedot Arkin koko: 7 \u00d7 10 cm V\u00e4rit: Valkoinen, musta ja vaaleanpunainen glitter Motiivit: Lumihiutaleet, syd\u00e4met, koristeelliset kuviot Motiivin koko: noin 3 mm \u2013 10 \u00d7 20 mm PS: Osta 6 arkkia ja maksa 5:st\u00e4 alennuskoodilla INKNAILS \u2728\ud83d\udc85\" \/>\n<meta property=\"og:url\" content=\"https:\/\/likeink.com\/fi\/siirtotatuoinnit\/kimaltelevat-sydan-ja-lumihiutale-kynsitarrat\/\" \/>\n<meta property=\"og:site_name\" content=\"Like ink\" \/>\n<meta property=\"article:publisher\" content=\"https:\/\/www.facebook.com\/LikeInkSe\" \/>\n<meta property=\"article:modified_time\" content=\"2026-02-25T09:44:27+00:00\" \/>\n<meta property=\"og:image\" content=\"https:\/\/likeink.com\/wp-content\/uploads\/2026\/02\/nail-stickers-glitter-snowflake-likeink.png\" \/>\n\t<meta property=\"og:image:width\" content=\"1024\" \/>\n\t<meta property=\"og:image:height\" content=\"1024\" \/>\n\t<meta property=\"og:image:type\" content=\"image\/png\" \/>\n<meta name=\"twitter:card\" content=\"summary_large_image\" \/>\n<script type=\"application\/ld+json\" class=\"yoast-schema-graph\">{\"@context\":\"https:\\\/\\\/schema.org\",\"@graph\":[{\"@type\":\"WebPage\",\"@id\":\"https:\\\/\\\/likeink.com\\\/fi\\\/siirtotatuoinnit\\\/kimaltelevat-sydan-ja-lumihiutale-kynsitarrat\\\/\",\"url\":\"https:\\\/\\\/likeink.com\\\/fi\\\/siirtotatuoinnit\\\/kimaltelevat-sydan-ja-lumihiutale-kynsitarrat\\\/\",\"name\":\"Glitter Heart & Snowflake Nail stickers | Like Ink\",\"isPartOf\":{\"@id\":\"https:\\\/\\\/likeink.com\\\/fi\\\/#website\"},\"primaryImageOfPage\":{\"@id\":\"https:\\\/\\\/likeink.com\\\/fi\\\/siirtotatuoinnit\\\/kimaltelevat-sydan-ja-lumihiutale-kynsitarrat\\\/#primaryimage\"},\"image\":{\"@id\":\"https:\\\/\\\/likeink.com\\\/fi\\\/siirtotatuoinnit\\\/kimaltelevat-sydan-ja-lumihiutale-kynsitarrat\\\/#primaryimage\"},\"thumbnailUrl\":\"https:\\\/\\\/likeink.com\\\/wp-content\\\/uploads\\\/2026\\\/02\\\/nail-stickers-glitter-snowflake-likeink.png\",\"datePublished\":\"2026-02-09T12:44:15+00:00\",\"dateModified\":\"2026-02-25T09:44:27+00:00\",\"description\":\"Nail stickers Like Ink -sivustolta valkoisena, mustana ja vaaleanpunaisena kimalluskoristeena. Sis\u00e4lt\u00e4\u00e4 syd\u00e4mi\u00e4, lumihiutaleita ja koristeellisia kuvioita eri kokoisina. - Like ink\",\"breadcrumb\":{\"@id\":\"https:\\\/\\\/likeink.com\\\/fi\\\/siirtotatuoinnit\\\/kimaltelevat-sydan-ja-lumihiutale-kynsitarrat\\\/#breadcrumb\"},\"inLanguage\":\"fi\",\"potentialAction\":[{\"@type\":\"ReadAction\",\"target\":[\"https:\\\/\\\/likeink.com\\\/fi\\\/siirtotatuoinnit\\\/kimaltelevat-sydan-ja-lumihiutale-kynsitarrat\\\/\"]}]},{\"@type\":\"ImageObject\",\"inLanguage\":\"fi\",\"@id\":\"https:\\\/\\\/likeink.com\\\/fi\\\/siirtotatuoinnit\\\/kimaltelevat-sydan-ja-lumihiutale-kynsitarrat\\\/#primaryimage\",\"url\":\"https:\\\/\\\/likeink.com\\\/wp-content\\\/uploads\\\/2026\\\/02\\\/nail-stickers-glitter-snowflake-likeink.png\",\"contentUrl\":\"https:\\\/\\\/likeink.com\\\/wp-content\\\/uploads\\\/2026\\\/02\\\/nail-stickers-glitter-snowflake-likeink.png\",\"width\":1024,\"height\":1024,\"caption\":\"L\u00e4hikuva nelj\u00e4st\u00e4 kynsist\u00e4, joissa on nude-lakkaa ja joissa jokaisessa on eri kuvio: vaaleanpunainen glitterisyd\u00e4n, valkoinen lumihiutale, musta syd\u00e4n ja vaaleanpunainen glitterit\u00e4hti.\"},{\"@type\":\"BreadcrumbList\",\"@id\":\"https:\\\/\\\/likeink.com\\\/fi\\\/siirtotatuoinnit\\\/kimaltelevat-sydan-ja-lumihiutale-kynsitarrat\\\/#breadcrumb\",\"itemListElement\":[{\"@type\":\"ListItem\",\"position\":1,\"name\":\"Hem\",\"item\":\"https:\\\/\\\/likeink.com\\\/fi\\\/\"},{\"@type\":\"ListItem\",\"position\":2,\"name\":\"Shop\",\"item\":\"https:\\\/\\\/likeink.com\\\/fi\\\/shop\\\/\"},{\"@type\":\"ListItem\",\"position\":3,\"name\":\"Glitter Heart &#038; Snowflake -Nail stickers\"}]},{\"@type\":\"WebSite\",\"@id\":\"https:\\\/\\\/likeink.com\\\/fi\\\/#website\",\"url\":\"https:\\\/\\\/likeink.com\\\/fi\\\/\",\"name\":\"Like ink\",\"description\":\"Make your own custom design\",\"potentialAction\":[{\"@type\":\"SearchAction\",\"target\":{\"@type\":\"EntryPoint\",\"urlTemplate\":\"https:\\\/\\\/likeink.com\\\/fi\\\/?s={search_term_string}\"},\"query-input\":{\"@type\":\"PropertyValueSpecification\",\"valueRequired\":true,\"valueName\":\"search_term_string\"}}],\"inLanguage\":\"fi\"}]}<\/script>\n<!-- \/ Yoast SEO Premium plugin. -->","yoast_head_json":{"title":"Glitter Heart & Snowflake Nail stickers | Like Ink","description":"Nail stickers Like Ink -sivustolta valkoisena, mustana ja vaaleanpunaisena kimalluskoristeena. Sis\u00e4lt\u00e4\u00e4 syd\u00e4mi\u00e4, lumihiutaleita ja koristeellisia kuvioita eri kokoisina. - Like ink","robots":{"index":"index","follow":"follow","max-snippet":"max-snippet:-1","max-image-preview":"max-image-preview:large","max-video-preview":"max-video-preview:-1"},"canonical":"https:\/\/likeink.com\/fi\/siirtotatuoinnit\/kimaltelevat-sydan-ja-lumihiutale-kynsitarrat\/","og_locale":"fi_FI","og_type":"article","og_title":"Glitter Heart & Snowflake -Nail stickers","og_description":"Like Ink Nail tattoos \u2013 Glitter Heart & Snowflake Nail stickers Tilaa Nail stickers, jossa on glitter-syd\u00e4mi\u00e4 ja lumihiutaleita! Luo leikkis\u00e4 mutta elegantti manikyyri Like Ink Glitter Heart & Snowflake Nail stickers -arkilla. Arkissa on valkoisia, mustia ja vaaleanpunaisia glitter-kuvioita, joissa yhdistyv\u00e4t herk\u00e4t lumihiutaleet, suloiset syd\u00e4met ja koristeelliset kuviot. Erilaiset koot tekev\u00e4t t\u00e4st\u00e4 arkista t\u00e4ydellisen luovaan Nail art . Pienemm\u00e4t syd\u00e4nkuviot ovat kooltaan noin 3 mm, kun taas suurin kuvio on noin 10 \u00d7 20 mm, joten voit yhdistell\u00e4 hienovaraisia yksityiskohtia ja silmiinpist\u00e4vi\u00e4 korostuksia. Ihanteellinen talvisiin tyyleihin, romanttisiin tyyleihin tai kaikille, jotka rakastavat pehme\u00e4\u00e4 kimallusta ja kontrastia. Helppo levitt\u00e4\u00e4 ja mukava k\u00e4ytt\u00e4\u00e4, n\u00e4m\u00e4 Nail stickers pysyv\u00e4t paikoillaan useita p\u00e4ivi\u00e4 ilman tahroja tai kuoriutumista. Ei sotkua, ei kuivumisaikaa eik\u00e4 salonkik\u00e4yntej\u00e4 \u2013 vain v\u00e4lit\u00f6n glitter-Nail art i persoonallisuudella. Kuinka kiinnitt\u00e4\u00e4 Nail stickers Puhdista ja kuivaa kynsi Valitse tarra arkista ja nosta se varovasti pinseteill\u00e4 Aseta malli kynsille ja paina kevyesti Levit\u00e4 p\u00e4\u00e4llyslakka lis\u00e4\u00e4 kest\u00e4vyytt\u00e4 ja kiiltoa varten Valmis! Tuotetiedot Arkin koko: 7 \u00d7 10 cm V\u00e4rit: Valkoinen, musta ja vaaleanpunainen glitter Motiivit: Lumihiutaleet, syd\u00e4met, koristeelliset kuviot Motiivin koko: noin 3 mm \u2013 10 \u00d7 20 mm PS: Osta 6 arkkia ja maksa 5:st\u00e4 alennuskoodilla INKNAILS \u2728\ud83d\udc85","og_url":"https:\/\/likeink.com\/fi\/siirtotatuoinnit\/kimaltelevat-sydan-ja-lumihiutale-kynsitarrat\/","og_site_name":"Like ink","article_publisher":"https:\/\/www.facebook.com\/LikeInkSe","article_modified_time":"2026-02-25T09:44:27+00:00","og_image":[{"width":1024,"height":1024,"url":"https:\/\/likeink.com\/wp-content\/uploads\/2026\/02\/nail-stickers-glitter-snowflake-likeink.png","type":"image\/png"}],"twitter_card":"summary_large_image","schema":{"@context":"https:\/\/schema.org","@graph":[{"@type":"WebPage","@id":"https:\/\/likeink.com\/fi\/siirtotatuoinnit\/kimaltelevat-sydan-ja-lumihiutale-kynsitarrat\/","url":"https:\/\/likeink.com\/fi\/siirtotatuoinnit\/kimaltelevat-sydan-ja-lumihiutale-kynsitarrat\/","name":"Glitter Heart & Snowflake Nail stickers | Like Ink","isPartOf":{"@id":"https:\/\/likeink.com\/fi\/#website"},"primaryImageOfPage":{"@id":"https:\/\/likeink.com\/fi\/siirtotatuoinnit\/kimaltelevat-sydan-ja-lumihiutale-kynsitarrat\/#primaryimage"},"image":{"@id":"https:\/\/likeink.com\/fi\/siirtotatuoinnit\/kimaltelevat-sydan-ja-lumihiutale-kynsitarrat\/#primaryimage"},"thumbnailUrl":"https:\/\/likeink.com\/wp-content\/uploads\/2026\/02\/nail-stickers-glitter-snowflake-likeink.png","datePublished":"2026-02-09T12:44:15+00:00","dateModified":"2026-02-25T09:44:27+00:00","description":"Nail stickers Like Ink -sivustolta valkoisena, mustana ja vaaleanpunaisena kimalluskoristeena. Sis\u00e4lt\u00e4\u00e4 syd\u00e4mi\u00e4, lumihiutaleita ja koristeellisia kuvioita eri kokoisina. - Like ink","breadcrumb":{"@id":"https:\/\/likeink.com\/fi\/siirtotatuoinnit\/kimaltelevat-sydan-ja-lumihiutale-kynsitarrat\/#breadcrumb"},"inLanguage":"fi","potentialAction":[{"@type":"ReadAction","target":["https:\/\/likeink.com\/fi\/siirtotatuoinnit\/kimaltelevat-sydan-ja-lumihiutale-kynsitarrat\/"]}]},{"@type":"ImageObject","inLanguage":"fi","@id":"https:\/\/likeink.com\/fi\/siirtotatuoinnit\/kimaltelevat-sydan-ja-lumihiutale-kynsitarrat\/#primaryimage","url":"https:\/\/likeink.com\/wp-content\/uploads\/2026\/02\/nail-stickers-glitter-snowflake-likeink.png","contentUrl":"https:\/\/likeink.com\/wp-content\/uploads\/2026\/02\/nail-stickers-glitter-snowflake-likeink.png","width":1024,"height":1024,"caption":"L\u00e4hikuva nelj\u00e4st\u00e4 kynsist\u00e4, joissa on nude-lakkaa ja joissa jokaisessa on eri kuvio: vaaleanpunainen glitterisyd\u00e4n, valkoinen lumihiutale, musta syd\u00e4n ja vaaleanpunainen glitterit\u00e4hti."},{"@type":"BreadcrumbList","@id":"https:\/\/likeink.com\/fi\/siirtotatuoinnit\/kimaltelevat-sydan-ja-lumihiutale-kynsitarrat\/#breadcrumb","itemListElement":[{"@type":"ListItem","position":1,"name":"Hem","item":"https:\/\/likeink.com\/fi\/"},{"@type":"ListItem","position":2,"name":"Shop","item":"https:\/\/likeink.com\/fi\/shop\/"},{"@type":"ListItem","position":3,"name":"Glitter Heart &#038; Snowflake -Nail stickers"}]},{"@type":"WebSite","@id":"https:\/\/likeink.com\/fi\/#website","url":"https:\/\/likeink.com\/fi\/","name":"Like ink","description":"Make your own custom design","potentialAction":[{"@type":"SearchAction","target":{"@type":"EntryPoint","urlTemplate":"https:\/\/likeink.com\/fi\/?s={search_term_string}"},"query-input":{"@type":"PropertyValueSpecification","valueRequired":true,"valueName":"search_term_string"}}],"inLanguage":"fi"}]}},"_links":{"self":[{"href":"https:\/\/likeink.com\/fi\/wp-json\/wp\/v2\/product\/58679","targetHints":{"allow":["GET"]}}],"collection":[{"href":"https:\/\/likeink.com\/fi\/wp-json\/wp\/v2\/product"}],"about":[{"href":"https:\/\/likeink.com\/fi\/wp-json\/wp\/v2\/types\/product"}],"wp:featuredmedia":[{"embeddable":true,"href":"https:\/\/likeink.com\/fi\/wp-json\/wp\/v2\/media\/59312"}],"wp:attachment":[{"href":"https:\/\/likeink.com\/fi\/wp-json\/wp\/v2\/media?parent=58679"}],"wp:term":[{"taxonomy":"product_brand","embeddable":true,"href":"https:\/\/likeink.com\/fi\/wp-json\/wp\/v2\/product_brand?post=58679"},{"taxonomy":"product_cat","embeddable":true,"href":"https:\/\/likeink.com\/fi\/wp-json\/wp\/v2\/product_cat?post=58679"},{"taxonomy":"product_tag","embeddable":true,"href":"https:\/\/likeink.com\/fi\/wp-json\/wp\/v2\/product_tag?post=58679"}],"curies":[{"name":"wp","href":"https:\/\/api.w.org\/{rel}","templated":true}]}}