{"id":58681,"date":"2026-01-26T18:01:49","date_gmt":"2026-02-09T12:44:17","guid":{"rendered":"https:\/\/likeink.com\/gnuggisar\/glitter-gothic-kynsitarrat\/"},"modified":"2026-02-25T09:44:29","modified_gmt":"2026-02-25T09:44:29","slug":"glitter-gothic-kynsitarrat","status":"publish","type":"product","link":"https:\/\/likeink.com\/fi\/siirtotatuoinnit\/glitter-gothic-kynsitarrat\/","title":{"rendered":"Glitter Gothic Nail stickers"},"content":{"rendered":"","protected":false},"excerpt":{"rendered":"<p>Like Ink<br \/>\nNail tattoos<br \/>\n\u2013 Glitter Gothic Nail stickers<\/p>\n<h2>Tilaa glitter Nail stickers, joissa on goottilaisia ja mystisi\u00e4 kuvioita!<\/h2>\n<p>Lis\u00e4\u00e4 manikyyriisi tummaa glamouria Like Ink<br \/>\nGlitter Gothic Nail stickers<br \/>\n. T\u00e4ss\u00e4 arkissa on kimaltelevia vaaleanpunaisia, mustia ja valkoisia kuvioita, joissa on ikonisia motiiveja, kuten h\u00e4m\u00e4h\u00e4kinverkkoja, k\u00e4denj\u00e4lki\u00e4, kalloja, syd\u00e4mi\u00e4, kuita ja pieni\u00e4 t\u00e4hti\u00e4.<\/p>\n<p>Koot vaihtelevat 3 mm:st\u00e4 15 mm:iin, joten n\u00e4m\u00e4 Nail stickers<br \/>\nsopivat t\u00e4ydellisesti kaikkeen hienovaraisista yksityiskohdista rohkeisiin kynsiin. Glitter-viimeistelyjen ja symbolisten kuvien yhdistelm\u00e4 luo salaper\u00e4isen, edgy-ilmeen, joka on saanut inspiraationsa goottilaisesta estetiikasta, rock-kulttuurista ja y\u00f6n taikuudesta.<\/p>\n<p>Helppoja kiinnitt\u00e4\u00e4 ja mukavia k\u00e4ytt\u00e4\u00e4, tarrat pysyv\u00e4t paikoillaan useita p\u00e4ivi\u00e4 ilman tahroja tai irtoamista. Ei sotkua, ei kuivumisaikaa eik\u00e4 salonkik\u00e4yntej\u00e4 \u2013 vain v\u00e4lit\u00f6n glitter-Nail art<br \/>\n, jossa on asennetta.<\/p>\n<p><strong>Kuinka kiinnitt\u00e4\u00e4 Nail stickers <\/strong><br \/>\nPuhdista ja kuivaa kynsi<\/p>\n<p>Valitse tarra arkista ja nosta se varovasti pinseteill\u00e4<\/p>\n<p>Aseta kuvio kynsille ja paina kevyesti<\/p>\n<p>Levit\u00e4 p\u00e4\u00e4llyslakka kest\u00e4vyyden ja kiillon lis\u00e4\u00e4miseksi<\/p>\n<p>Valmis!<\/p>\n<p><strong>Tuotetiedot<\/strong><\/p>\n<p><strong>Arkin koko:<\/strong><br \/>\n7 \u00d7 10 <strong>cm<br \/>\nKuvion koko:<\/strong><br \/>\nnoin 3\u201315 mm<br \/>\n<strong>V\u00e4rit:<\/strong><br \/>\nKimaltava pinkki, musta ja <strong>valkoinen<br \/>\nKuvio:<\/strong><br \/>\nH\u00e4m\u00e4h\u00e4kinverkko, k\u00e4denj\u00e4lki, kallo, syd\u00e4n, kuu, t\u00e4hdet<\/p>\n<p><strong>PS:<\/strong><br \/>\nOsta 6 arkkia ja maksa 5:st\u00e4 alennuskoodilla <strong> INKNAILS <\/strong><\/p>\n","protected":false},"featured_media":59252,"template":"","meta":[],"product_brand":[],"product_cat":[468],"product_tag":[],"class_list":{"0":"post-58681","1":"product","2":"type-product","3":"status-publish","4":"has-post-thumbnail","6":"product_cat-nailstickers-fi","8":"first","9":"instock","10":"taxable","11":"shipping-taxable","12":"purchasable","13":"product-type-simple"},"yoast_head":"<!-- This site is optimized with the Yoast SEO Premium plugin v26.2 (Yoast SEO v27.4) - https:\/\/yoast.com\/product\/yoast-seo-premium-wordpress\/ -->\n<title>Glitter Gothic Nail stickers Pink Black &amp; White | Like Ink<\/title>\n<meta name=\"description\" content=\"Like Ink in kimaltelevat kynsilakat vaaleanpunaisena, mustana ja valkoisena. Kuviot: h\u00e4m\u00e4h\u00e4kinverkot, p\u00e4\u00e4kallot, kuut, syd\u00e4met ja t\u00e4hdet. Helppo levitt\u00e4\u00e4 ja trendik\u00e4s. - Like ink\" \/>\n<meta name=\"robots\" content=\"index, follow, max-snippet:-1, max-image-preview:large, max-video-preview:-1\" \/>\n<link rel=\"canonical\" href=\"https:\/\/likeink.com\/fi\/siirtotatuoinnit\/glitter-gothic-kynsitarrat\/\" \/>\n<meta property=\"og:locale\" content=\"fi_FI\" \/>\n<meta property=\"og:type\" content=\"article\" \/>\n<meta property=\"og:title\" content=\"Glitter Gothic Nail stickers\" \/>\n<meta property=\"og:description\" content=\"Like Ink Nail tattoos \u2013 Glitter Gothic Nail stickers Tilaa glitter Nail stickers, joissa on goottilaisia ja mystisi\u00e4 kuvioita! Lis\u00e4\u00e4 manikyyriisi tummaa glamouria Like Ink Glitter Gothic Nail stickers . T\u00e4ss\u00e4 arkissa on kimaltelevia vaaleanpunaisia, mustia ja valkoisia kuvioita, joissa on ikonisia motiiveja, kuten h\u00e4m\u00e4h\u00e4kinverkkoja, k\u00e4denj\u00e4lki\u00e4, kalloja, syd\u00e4mi\u00e4, kuita ja pieni\u00e4 t\u00e4hti\u00e4. Koot vaihtelevat 3 mm:st\u00e4 15 mm:iin, joten n\u00e4m\u00e4 Nail stickers sopivat t\u00e4ydellisesti kaikkeen hienovaraisista yksityiskohdista rohkeisiin kynsiin. Glitter-viimeistelyjen ja symbolisten kuvien yhdistelm\u00e4 luo salaper\u00e4isen, edgy-ilmeen, joka on saanut inspiraationsa goottilaisesta estetiikasta, rock-kulttuurista ja y\u00f6n taikuudesta. Helppoja kiinnitt\u00e4\u00e4 ja mukavia k\u00e4ytt\u00e4\u00e4, tarrat pysyv\u00e4t paikoillaan useita p\u00e4ivi\u00e4 ilman tahroja tai irtoamista. Ei sotkua, ei kuivumisaikaa eik\u00e4 salonkik\u00e4yntej\u00e4 \u2013 vain v\u00e4lit\u00f6n glitter-Nail art , jossa on asennetta. Kuinka kiinnitt\u00e4\u00e4 Nail stickers Puhdista ja kuivaa kynsi Valitse tarra arkista ja nosta se varovasti pinseteill\u00e4 Aseta kuvio kynsille ja paina kevyesti Levit\u00e4 p\u00e4\u00e4llyslakka kest\u00e4vyyden ja kiillon lis\u00e4\u00e4miseksi Valmis! Tuotetiedot Arkin koko: 7 \u00d7 10 cm Kuvion koko: noin 3\u201315 mm V\u00e4rit: Kimaltava pinkki, musta ja valkoinen Kuvio: H\u00e4m\u00e4h\u00e4kinverkko, k\u00e4denj\u00e4lki, kallo, syd\u00e4n, kuu, t\u00e4hdet PS: Osta 6 arkkia ja maksa 5:st\u00e4 alennuskoodilla INKNAILS\" \/>\n<meta property=\"og:url\" content=\"https:\/\/likeink.com\/fi\/siirtotatuoinnit\/glitter-gothic-kynsitarrat\/\" \/>\n<meta property=\"og:site_name\" content=\"Like ink\" \/>\n<meta property=\"article:publisher\" content=\"https:\/\/www.facebook.com\/LikeInkSe\" \/>\n<meta property=\"article:modified_time\" content=\"2026-02-25T09:44:29+00:00\" \/>\n<meta property=\"og:image\" content=\"https:\/\/likeink.com\/wp-content\/uploads\/2026\/02\/nail-sticker-spider-web-likeink.png\" \/>\n\t<meta property=\"og:image:width\" content=\"1024\" \/>\n\t<meta property=\"og:image:height\" content=\"1024\" \/>\n\t<meta property=\"og:image:type\" content=\"image\/png\" \/>\n<meta name=\"twitter:card\" content=\"summary_large_image\" \/>\n<script type=\"application\/ld+json\" class=\"yoast-schema-graph\">{\"@context\":\"https:\\\/\\\/schema.org\",\"@graph\":[{\"@type\":\"WebPage\",\"@id\":\"https:\\\/\\\/likeink.com\\\/fi\\\/siirtotatuoinnit\\\/glitter-gothic-kynsitarrat\\\/\",\"url\":\"https:\\\/\\\/likeink.com\\\/fi\\\/siirtotatuoinnit\\\/glitter-gothic-kynsitarrat\\\/\",\"name\":\"Glitter Gothic Nail stickers Pink Black & White | Like Ink\",\"isPartOf\":{\"@id\":\"https:\\\/\\\/likeink.com\\\/fi\\\/#website\"},\"primaryImageOfPage\":{\"@id\":\"https:\\\/\\\/likeink.com\\\/fi\\\/siirtotatuoinnit\\\/glitter-gothic-kynsitarrat\\\/#primaryimage\"},\"image\":{\"@id\":\"https:\\\/\\\/likeink.com\\\/fi\\\/siirtotatuoinnit\\\/glitter-gothic-kynsitarrat\\\/#primaryimage\"},\"thumbnailUrl\":\"https:\\\/\\\/likeink.com\\\/wp-content\\\/uploads\\\/2026\\\/02\\\/nail-sticker-spider-web-likeink.png\",\"datePublished\":\"2026-02-09T12:44:17+00:00\",\"dateModified\":\"2026-02-25T09:44:29+00:00\",\"description\":\"Like Ink in kimaltelevat kynsilakat vaaleanpunaisena, mustana ja valkoisena. Kuviot: h\u00e4m\u00e4h\u00e4kinverkot, p\u00e4\u00e4kallot, kuut, syd\u00e4met ja t\u00e4hdet. Helppo levitt\u00e4\u00e4 ja trendik\u00e4s. - Like ink\",\"breadcrumb\":{\"@id\":\"https:\\\/\\\/likeink.com\\\/fi\\\/siirtotatuoinnit\\\/glitter-gothic-kynsitarrat\\\/#breadcrumb\"},\"inLanguage\":\"fi\",\"potentialAction\":[{\"@type\":\"ReadAction\",\"target\":[\"https:\\\/\\\/likeink.com\\\/fi\\\/siirtotatuoinnit\\\/glitter-gothic-kynsitarrat\\\/\"]}]},{\"@type\":\"ImageObject\",\"inLanguage\":\"fi\",\"@id\":\"https:\\\/\\\/likeink.com\\\/fi\\\/siirtotatuoinnit\\\/glitter-gothic-kynsitarrat\\\/#primaryimage\",\"url\":\"https:\\\/\\\/likeink.com\\\/wp-content\\\/uploads\\\/2026\\\/02\\\/nail-sticker-spider-web-likeink.png\",\"contentUrl\":\"https:\\\/\\\/likeink.com\\\/wp-content\\\/uploads\\\/2026\\\/02\\\/nail-sticker-spider-web-likeink.png\",\"width\":1024,\"height\":1024,\"caption\":\"Vaaleanpunaisella kynsilakalla p\u00e4\u00e4llystetyss\u00e4 k\u00e4dess\u00e4 on Halloween-aiheista kynsitaidetta, kuten punaisia glitter-syd\u00e4mi\u00e4, h\u00e4m\u00e4h\u00e4kinseittej\u00e4, t\u00e4hti\u00e4 ja h\u00e4m\u00e4h\u00e4kki, taustalla punaisia valoja ja verkkokoristeita.\"},{\"@type\":\"BreadcrumbList\",\"@id\":\"https:\\\/\\\/likeink.com\\\/fi\\\/siirtotatuoinnit\\\/glitter-gothic-kynsitarrat\\\/#breadcrumb\",\"itemListElement\":[{\"@type\":\"ListItem\",\"position\":1,\"name\":\"Hem\",\"item\":\"https:\\\/\\\/likeink.com\\\/fi\\\/\"},{\"@type\":\"ListItem\",\"position\":2,\"name\":\"Shop\",\"item\":\"https:\\\/\\\/likeink.com\\\/fi\\\/shop\\\/\"},{\"@type\":\"ListItem\",\"position\":3,\"name\":\"Glitter Gothic Nail stickers\"}]},{\"@type\":\"WebSite\",\"@id\":\"https:\\\/\\\/likeink.com\\\/fi\\\/#website\",\"url\":\"https:\\\/\\\/likeink.com\\\/fi\\\/\",\"name\":\"Like ink\",\"description\":\"Make your own custom design\",\"potentialAction\":[{\"@type\":\"SearchAction\",\"target\":{\"@type\":\"EntryPoint\",\"urlTemplate\":\"https:\\\/\\\/likeink.com\\\/fi\\\/?s={search_term_string}\"},\"query-input\":{\"@type\":\"PropertyValueSpecification\",\"valueRequired\":true,\"valueName\":\"search_term_string\"}}],\"inLanguage\":\"fi\"}]}<\/script>\n<!-- \/ Yoast SEO Premium plugin. -->","yoast_head_json":{"title":"Glitter Gothic Nail stickers Pink Black & White | Like Ink","description":"Like Ink in kimaltelevat kynsilakat vaaleanpunaisena, mustana ja valkoisena. Kuviot: h\u00e4m\u00e4h\u00e4kinverkot, p\u00e4\u00e4kallot, kuut, syd\u00e4met ja t\u00e4hdet. Helppo levitt\u00e4\u00e4 ja trendik\u00e4s. - Like ink","robots":{"index":"index","follow":"follow","max-snippet":"max-snippet:-1","max-image-preview":"max-image-preview:large","max-video-preview":"max-video-preview:-1"},"canonical":"https:\/\/likeink.com\/fi\/siirtotatuoinnit\/glitter-gothic-kynsitarrat\/","og_locale":"fi_FI","og_type":"article","og_title":"Glitter Gothic Nail stickers","og_description":"Like Ink Nail tattoos \u2013 Glitter Gothic Nail stickers Tilaa glitter Nail stickers, joissa on goottilaisia ja mystisi\u00e4 kuvioita! Lis\u00e4\u00e4 manikyyriisi tummaa glamouria Like Ink Glitter Gothic Nail stickers . T\u00e4ss\u00e4 arkissa on kimaltelevia vaaleanpunaisia, mustia ja valkoisia kuvioita, joissa on ikonisia motiiveja, kuten h\u00e4m\u00e4h\u00e4kinverkkoja, k\u00e4denj\u00e4lki\u00e4, kalloja, syd\u00e4mi\u00e4, kuita ja pieni\u00e4 t\u00e4hti\u00e4. Koot vaihtelevat 3 mm:st\u00e4 15 mm:iin, joten n\u00e4m\u00e4 Nail stickers sopivat t\u00e4ydellisesti kaikkeen hienovaraisista yksityiskohdista rohkeisiin kynsiin. Glitter-viimeistelyjen ja symbolisten kuvien yhdistelm\u00e4 luo salaper\u00e4isen, edgy-ilmeen, joka on saanut inspiraationsa goottilaisesta estetiikasta, rock-kulttuurista ja y\u00f6n taikuudesta. Helppoja kiinnitt\u00e4\u00e4 ja mukavia k\u00e4ytt\u00e4\u00e4, tarrat pysyv\u00e4t paikoillaan useita p\u00e4ivi\u00e4 ilman tahroja tai irtoamista. Ei sotkua, ei kuivumisaikaa eik\u00e4 salonkik\u00e4yntej\u00e4 \u2013 vain v\u00e4lit\u00f6n glitter-Nail art , jossa on asennetta. Kuinka kiinnitt\u00e4\u00e4 Nail stickers Puhdista ja kuivaa kynsi Valitse tarra arkista ja nosta se varovasti pinseteill\u00e4 Aseta kuvio kynsille ja paina kevyesti Levit\u00e4 p\u00e4\u00e4llyslakka kest\u00e4vyyden ja kiillon lis\u00e4\u00e4miseksi Valmis! Tuotetiedot Arkin koko: 7 \u00d7 10 cm Kuvion koko: noin 3\u201315 mm V\u00e4rit: Kimaltava pinkki, musta ja valkoinen Kuvio: H\u00e4m\u00e4h\u00e4kinverkko, k\u00e4denj\u00e4lki, kallo, syd\u00e4n, kuu, t\u00e4hdet PS: Osta 6 arkkia ja maksa 5:st\u00e4 alennuskoodilla INKNAILS","og_url":"https:\/\/likeink.com\/fi\/siirtotatuoinnit\/glitter-gothic-kynsitarrat\/","og_site_name":"Like ink","article_publisher":"https:\/\/www.facebook.com\/LikeInkSe","article_modified_time":"2026-02-25T09:44:29+00:00","og_image":[{"width":1024,"height":1024,"url":"https:\/\/likeink.com\/wp-content\/uploads\/2026\/02\/nail-sticker-spider-web-likeink.png","type":"image\/png"}],"twitter_card":"summary_large_image","schema":{"@context":"https:\/\/schema.org","@graph":[{"@type":"WebPage","@id":"https:\/\/likeink.com\/fi\/siirtotatuoinnit\/glitter-gothic-kynsitarrat\/","url":"https:\/\/likeink.com\/fi\/siirtotatuoinnit\/glitter-gothic-kynsitarrat\/","name":"Glitter Gothic Nail stickers Pink Black & White | Like Ink","isPartOf":{"@id":"https:\/\/likeink.com\/fi\/#website"},"primaryImageOfPage":{"@id":"https:\/\/likeink.com\/fi\/siirtotatuoinnit\/glitter-gothic-kynsitarrat\/#primaryimage"},"image":{"@id":"https:\/\/likeink.com\/fi\/siirtotatuoinnit\/glitter-gothic-kynsitarrat\/#primaryimage"},"thumbnailUrl":"https:\/\/likeink.com\/wp-content\/uploads\/2026\/02\/nail-sticker-spider-web-likeink.png","datePublished":"2026-02-09T12:44:17+00:00","dateModified":"2026-02-25T09:44:29+00:00","description":"Like Ink in kimaltelevat kynsilakat vaaleanpunaisena, mustana ja valkoisena. Kuviot: h\u00e4m\u00e4h\u00e4kinverkot, p\u00e4\u00e4kallot, kuut, syd\u00e4met ja t\u00e4hdet. Helppo levitt\u00e4\u00e4 ja trendik\u00e4s. - Like ink","breadcrumb":{"@id":"https:\/\/likeink.com\/fi\/siirtotatuoinnit\/glitter-gothic-kynsitarrat\/#breadcrumb"},"inLanguage":"fi","potentialAction":[{"@type":"ReadAction","target":["https:\/\/likeink.com\/fi\/siirtotatuoinnit\/glitter-gothic-kynsitarrat\/"]}]},{"@type":"ImageObject","inLanguage":"fi","@id":"https:\/\/likeink.com\/fi\/siirtotatuoinnit\/glitter-gothic-kynsitarrat\/#primaryimage","url":"https:\/\/likeink.com\/wp-content\/uploads\/2026\/02\/nail-sticker-spider-web-likeink.png","contentUrl":"https:\/\/likeink.com\/wp-content\/uploads\/2026\/02\/nail-sticker-spider-web-likeink.png","width":1024,"height":1024,"caption":"Vaaleanpunaisella kynsilakalla p\u00e4\u00e4llystetyss\u00e4 k\u00e4dess\u00e4 on Halloween-aiheista kynsitaidetta, kuten punaisia glitter-syd\u00e4mi\u00e4, h\u00e4m\u00e4h\u00e4kinseittej\u00e4, t\u00e4hti\u00e4 ja h\u00e4m\u00e4h\u00e4kki, taustalla punaisia valoja ja verkkokoristeita."},{"@type":"BreadcrumbList","@id":"https:\/\/likeink.com\/fi\/siirtotatuoinnit\/glitter-gothic-kynsitarrat\/#breadcrumb","itemListElement":[{"@type":"ListItem","position":1,"name":"Hem","item":"https:\/\/likeink.com\/fi\/"},{"@type":"ListItem","position":2,"name":"Shop","item":"https:\/\/likeink.com\/fi\/shop\/"},{"@type":"ListItem","position":3,"name":"Glitter Gothic Nail stickers"}]},{"@type":"WebSite","@id":"https:\/\/likeink.com\/fi\/#website","url":"https:\/\/likeink.com\/fi\/","name":"Like ink","description":"Make your own custom design","potentialAction":[{"@type":"SearchAction","target":{"@type":"EntryPoint","urlTemplate":"https:\/\/likeink.com\/fi\/?s={search_term_string}"},"query-input":{"@type":"PropertyValueSpecification","valueRequired":true,"valueName":"search_term_string"}}],"inLanguage":"fi"}]}},"_links":{"self":[{"href":"https:\/\/likeink.com\/fi\/wp-json\/wp\/v2\/product\/58681","targetHints":{"allow":["GET"]}}],"collection":[{"href":"https:\/\/likeink.com\/fi\/wp-json\/wp\/v2\/product"}],"about":[{"href":"https:\/\/likeink.com\/fi\/wp-json\/wp\/v2\/types\/product"}],"wp:featuredmedia":[{"embeddable":true,"href":"https:\/\/likeink.com\/fi\/wp-json\/wp\/v2\/media\/59252"}],"wp:attachment":[{"href":"https:\/\/likeink.com\/fi\/wp-json\/wp\/v2\/media?parent=58681"}],"wp:term":[{"taxonomy":"product_brand","embeddable":true,"href":"https:\/\/likeink.com\/fi\/wp-json\/wp\/v2\/product_brand?post=58681"},{"taxonomy":"product_cat","embeddable":true,"href":"https:\/\/likeink.com\/fi\/wp-json\/wp\/v2\/product_cat?post=58681"},{"taxonomy":"product_tag","embeddable":true,"href":"https:\/\/likeink.com\/fi\/wp-json\/wp\/v2\/product_tag?post=58681"}],"curies":[{"name":"wp","href":"https:\/\/api.w.org\/{rel}","templated":true}]}}