{"id":58682,"date":"2026-01-26T17:38:50","date_gmt":"2026-02-09T12:44:18","guid":{"rendered":"https:\/\/likeink.com\/gnuggisar\/pastellivariset-kynsitarrat\/"},"modified":"2026-02-25T09:44:30","modified_gmt":"2026-02-25T09:44:30","slug":"pastellivariset-kynsitarrat","status":"publish","type":"product","link":"https:\/\/likeink.com\/fi\/siirtotatuoinnit\/pastellivariset-kynsitarrat\/","title":{"rendered":"Pastellirokk Nail stickers"},"content":{"rendered":"","protected":false},"excerpt":{"rendered":"<p>Like Ink<br \/>\nNail tattoos<br \/>\n\u2013 Pastel Rock Nail stickers<\/p>\n<h2>Tilaa Nail stickers pastelliv\u00e4reill\u00e4 ja punkrock-henkisill\u00e4 kuvioilla!<\/h2>\n<p>Yhdist\u00e4 pehme\u00e4t v\u00e4rit ja rohkea asenne Like Ink<br \/>\nPastel Rock Nail stickers<br \/>\n-sarjan avulla. T\u00e4ss\u00e4 sarjassa yhdistyv\u00e4t pastellinsiniset ja -vaaleanpunaiset s\u00e4vyt sek\u00e4 silmiinpist\u00e4v\u00e4t mustat kuviot, joissa lukee \u201dRock\u201d ja \u201dHave a good day\u201d sek\u00e4 ikonisia motiiveja, kuten ristej\u00e4, syd\u00e4mi\u00e4, silmi\u00e4 ja t\u00e4hti\u00e4.<\/p>\n<p>Hell\u00e4varainen pastelliv\u00e4rien ja ter\u00e4vien mustien grafiikoiden kontrasti luo leikkis\u00e4n mutta s\u00e4rmikk\u00e4\u00e4n ilmeen, joka sopii t\u00e4ydellisesti kaikille, jotka rakastavat ilmeikk\u00e4it\u00e4 Nail art<br \/>\n-kynsitarroja rock-henkisell\u00e4 vivahteella. Ihanteellinen korostuskynsille, kokonaisille kuvioille tai luoville yhdistelmille.<\/p>\n<p>Helppoja kiinnitt\u00e4\u00e4 ja mukavia k\u00e4ytt\u00e4\u00e4, n\u00e4m\u00e4 Nail stickers<br \/>\npysyv\u00e4t paikoillaan useita p\u00e4ivi\u00e4 ilman tahraantumista tai kuoriutumista. Ei sotkua, ei kuivumisaikaa eik\u00e4 salonkik\u00e4yntej\u00e4 \u2013 vain vaivatonta Nail art<br \/>\n-kynsitarroja persoonallisuudella.<\/p>\n<p><strong> Nail stickers -tarrojen k\u00e4ytt\u00f6<\/strong><br \/>\nPuhdista ja kuivaa kynsi.<\/p>\n<p>Valitse tarra arkista ja nosta se varovasti pinseteill\u00e4.<\/p>\n<p>Aseta kuvio kynsille ja paina kevyesti.<\/p>\n<p>Levit\u00e4 p\u00e4\u00e4llyslakka kest\u00e4vyyden lis\u00e4\u00e4miseksi.<\/p>\n<p>Valmis!<\/p>\n<p><strong>Tuotetiedot<\/strong><\/p>\n<p><strong>Arkin koko:<\/strong><br \/>\n7 \u00d7 10 cm, tarrat ovat 5\u201312 mm.<br \/>\n<strong>V\u00e4rit:<\/strong><br \/>\nPastellisininen, pastellinpunainen ja musta<strong>.<br \/>\nMotiivit:<\/strong><br \/>\nTeksti, risti, syd\u00e4n, silm\u00e4t, t\u00e4hdet<strong>.<\/p>\n<p>PS:<\/strong><br \/>\nOsta 6 arkkia ja maksa vain 5:st\u00e4 alennuskoodilla<strong> INKNAILS <\/strong><br \/>\n\ud83c\udfb8\ud83d\udc96.<\/p>\n","protected":false},"featured_media":59232,"template":"","meta":[],"product_brand":[],"product_cat":[468],"product_tag":[],"class_list":{"0":"post-58682","1":"product","2":"type-product","3":"status-publish","4":"has-post-thumbnail","6":"product_cat-nailstickers-fi","8":"first","9":"instock","10":"taxable","11":"shipping-taxable","12":"purchasable","13":"product-type-simple"},"yoast_head":"<!-- This site is optimized with the Yoast SEO Premium plugin v26.2 (Yoast SEO v27.4) - https:\/\/yoast.com\/product\/yoast-seo-premium-wordpress\/ -->\n<title>Pastelliv\u00e4rinen rock-Nail stickers, sininen ja vaaleanpunainen | Like Ink<\/title>\n<meta name=\"description\" content=\"Pastellinsininen ja vaaleanpunainen Nail stickers, jossa on mustia rock-henkisi\u00e4 kuvioita Like Ink. Teksti\u00e4, ristej\u00e4, syd\u00e4mi\u00e4, silmi\u00e4 ja t\u00e4hti\u00e4. - Like ink\" \/>\n<meta name=\"robots\" content=\"index, follow, max-snippet:-1, max-image-preview:large, max-video-preview:-1\" \/>\n<link rel=\"canonical\" href=\"https:\/\/likeink.com\/fi\/siirtotatuoinnit\/pastellivariset-kynsitarrat\/\" \/>\n<meta property=\"og:locale\" content=\"fi_FI\" \/>\n<meta property=\"og:type\" content=\"article\" \/>\n<meta property=\"og:title\" content=\"Pastellirokk Nail stickers\" \/>\n<meta property=\"og:description\" content=\"Like Ink Nail tattoos \u2013 Pastel Rock Nail stickers Tilaa Nail stickers pastelliv\u00e4reill\u00e4 ja punkrock-henkisill\u00e4 kuvioilla! Yhdist\u00e4 pehme\u00e4t v\u00e4rit ja rohkea asenne Like Ink Pastel Rock Nail stickers -sarjan avulla. T\u00e4ss\u00e4 sarjassa yhdistyv\u00e4t pastellinsiniset ja -vaaleanpunaiset s\u00e4vyt sek\u00e4 silmiinpist\u00e4v\u00e4t mustat kuviot, joissa lukee \u201dRock\u201d ja \u201dHave a good day\u201d sek\u00e4 ikonisia motiiveja, kuten ristej\u00e4, syd\u00e4mi\u00e4, silmi\u00e4 ja t\u00e4hti\u00e4. Hell\u00e4varainen pastelliv\u00e4rien ja ter\u00e4vien mustien grafiikoiden kontrasti luo leikkis\u00e4n mutta s\u00e4rmikk\u00e4\u00e4n ilmeen, joka sopii t\u00e4ydellisesti kaikille, jotka rakastavat ilmeikk\u00e4it\u00e4 Nail art -kynsitarroja rock-henkisell\u00e4 vivahteella. Ihanteellinen korostuskynsille, kokonaisille kuvioille tai luoville yhdistelmille. Helppoja kiinnitt\u00e4\u00e4 ja mukavia k\u00e4ytt\u00e4\u00e4, n\u00e4m\u00e4 Nail stickers pysyv\u00e4t paikoillaan useita p\u00e4ivi\u00e4 ilman tahraantumista tai kuoriutumista. Ei sotkua, ei kuivumisaikaa eik\u00e4 salonkik\u00e4yntej\u00e4 \u2013 vain vaivatonta Nail art -kynsitarroja persoonallisuudella.  Nail stickers -tarrojen k\u00e4ytt\u00f6 Puhdista ja kuivaa kynsi. Valitse tarra arkista ja nosta se varovasti pinseteill\u00e4. Aseta kuvio kynsille ja paina kevyesti. Levit\u00e4 p\u00e4\u00e4llyslakka kest\u00e4vyyden lis\u00e4\u00e4miseksi. Valmis! Tuotetiedot Arkin koko: 7 \u00d7 10 cm, tarrat ovat 5\u201312 mm. V\u00e4rit: Pastellisininen, pastellinpunainen ja musta. Motiivit: Teksti, risti, syd\u00e4n, silm\u00e4t, t\u00e4hdet. PS: Osta 6 arkkia ja maksa vain 5:st\u00e4 alennuskoodilla INKNAILS \ud83c\udfb8\ud83d\udc96.\" \/>\n<meta property=\"og:url\" content=\"https:\/\/likeink.com\/fi\/siirtotatuoinnit\/pastellivariset-kynsitarrat\/\" \/>\n<meta property=\"og:site_name\" content=\"Like ink\" \/>\n<meta property=\"article:publisher\" content=\"https:\/\/www.facebook.com\/LikeInkSe\" \/>\n<meta property=\"article:modified_time\" content=\"2026-02-25T09:44:30+00:00\" \/>\n<meta property=\"og:image\" content=\"https:\/\/likeink.com\/wp-content\/uploads\/2026\/02\/nail-sticker-pink-design-likeink.png\" \/>\n\t<meta property=\"og:image:width\" content=\"1024\" \/>\n\t<meta property=\"og:image:height\" content=\"1024\" \/>\n\t<meta property=\"og:image:type\" content=\"image\/png\" \/>\n<meta name=\"twitter:card\" content=\"summary_large_image\" \/>\n<script type=\"application\/ld+json\" class=\"yoast-schema-graph\">{\"@context\":\"https:\\\/\\\/schema.org\",\"@graph\":[{\"@type\":\"WebPage\",\"@id\":\"https:\\\/\\\/likeink.com\\\/fi\\\/siirtotatuoinnit\\\/pastellivariset-kynsitarrat\\\/\",\"url\":\"https:\\\/\\\/likeink.com\\\/fi\\\/siirtotatuoinnit\\\/pastellivariset-kynsitarrat\\\/\",\"name\":\"Pastelliv\u00e4rinen rock-Nail stickers, sininen ja vaaleanpunainen | Like Ink\",\"isPartOf\":{\"@id\":\"https:\\\/\\\/likeink.com\\\/fi\\\/#website\"},\"primaryImageOfPage\":{\"@id\":\"https:\\\/\\\/likeink.com\\\/fi\\\/siirtotatuoinnit\\\/pastellivariset-kynsitarrat\\\/#primaryimage\"},\"image\":{\"@id\":\"https:\\\/\\\/likeink.com\\\/fi\\\/siirtotatuoinnit\\\/pastellivariset-kynsitarrat\\\/#primaryimage\"},\"thumbnailUrl\":\"https:\\\/\\\/likeink.com\\\/wp-content\\\/uploads\\\/2026\\\/02\\\/nail-sticker-pink-design-likeink.png\",\"datePublished\":\"2026-02-09T12:44:18+00:00\",\"dateModified\":\"2026-02-25T09:44:30+00:00\",\"description\":\"Pastellinsininen ja vaaleanpunainen Nail stickers, jossa on mustia rock-henkisi\u00e4 kuvioita Like Ink. Teksti\u00e4, ristej\u00e4, syd\u00e4mi\u00e4, silmi\u00e4 ja t\u00e4hti\u00e4. - Like ink\",\"breadcrumb\":{\"@id\":\"https:\\\/\\\/likeink.com\\\/fi\\\/siirtotatuoinnit\\\/pastellivariset-kynsitarrat\\\/#breadcrumb\"},\"inLanguage\":\"fi\",\"potentialAction\":[{\"@type\":\"ReadAction\",\"target\":[\"https:\\\/\\\/likeink.com\\\/fi\\\/siirtotatuoinnit\\\/pastellivariset-kynsitarrat\\\/\"]}]},{\"@type\":\"ImageObject\",\"inLanguage\":\"fi\",\"@id\":\"https:\\\/\\\/likeink.com\\\/fi\\\/siirtotatuoinnit\\\/pastellivariset-kynsitarrat\\\/#primaryimage\",\"url\":\"https:\\\/\\\/likeink.com\\\/wp-content\\\/uploads\\\/2026\\\/02\\\/nail-sticker-pink-design-likeink.png\",\"contentUrl\":\"https:\\\/\\\/likeink.com\\\/wp-content\\\/uploads\\\/2026\\\/02\\\/nail-sticker-pink-design-likeink.png\",\"width\":1024,\"height\":1024,\"caption\":\"Nudenv\u00e4risell\u00e4 kynsilakalla lakatussa k\u00e4dess\u00e4 on yksinkertaista kynsitaidetta: sininen syd\u00e4n t\u00e4hdell\u00e4, vaaleanpunainen teksti, jossa lukee Have a good day, ja musta perhonen. Taustalla on musta nastoitettu asuste.\"},{\"@type\":\"BreadcrumbList\",\"@id\":\"https:\\\/\\\/likeink.com\\\/fi\\\/siirtotatuoinnit\\\/pastellivariset-kynsitarrat\\\/#breadcrumb\",\"itemListElement\":[{\"@type\":\"ListItem\",\"position\":1,\"name\":\"Hem\",\"item\":\"https:\\\/\\\/likeink.com\\\/fi\\\/\"},{\"@type\":\"ListItem\",\"position\":2,\"name\":\"Shop\",\"item\":\"https:\\\/\\\/likeink.com\\\/fi\\\/shop\\\/\"},{\"@type\":\"ListItem\",\"position\":3,\"name\":\"Pastellirokk Nail stickers\"}]},{\"@type\":\"WebSite\",\"@id\":\"https:\\\/\\\/likeink.com\\\/fi\\\/#website\",\"url\":\"https:\\\/\\\/likeink.com\\\/fi\\\/\",\"name\":\"Like ink\",\"description\":\"Make your own custom design\",\"potentialAction\":[{\"@type\":\"SearchAction\",\"target\":{\"@type\":\"EntryPoint\",\"urlTemplate\":\"https:\\\/\\\/likeink.com\\\/fi\\\/?s={search_term_string}\"},\"query-input\":{\"@type\":\"PropertyValueSpecification\",\"valueRequired\":true,\"valueName\":\"search_term_string\"}}],\"inLanguage\":\"fi\"}]}<\/script>\n<!-- \/ Yoast SEO Premium plugin. -->","yoast_head_json":{"title":"Pastelliv\u00e4rinen rock-Nail stickers, sininen ja vaaleanpunainen | Like Ink","description":"Pastellinsininen ja vaaleanpunainen Nail stickers, jossa on mustia rock-henkisi\u00e4 kuvioita Like Ink. Teksti\u00e4, ristej\u00e4, syd\u00e4mi\u00e4, silmi\u00e4 ja t\u00e4hti\u00e4. - Like ink","robots":{"index":"index","follow":"follow","max-snippet":"max-snippet:-1","max-image-preview":"max-image-preview:large","max-video-preview":"max-video-preview:-1"},"canonical":"https:\/\/likeink.com\/fi\/siirtotatuoinnit\/pastellivariset-kynsitarrat\/","og_locale":"fi_FI","og_type":"article","og_title":"Pastellirokk Nail stickers","og_description":"Like Ink Nail tattoos \u2013 Pastel Rock Nail stickers Tilaa Nail stickers pastelliv\u00e4reill\u00e4 ja punkrock-henkisill\u00e4 kuvioilla! Yhdist\u00e4 pehme\u00e4t v\u00e4rit ja rohkea asenne Like Ink Pastel Rock Nail stickers -sarjan avulla. T\u00e4ss\u00e4 sarjassa yhdistyv\u00e4t pastellinsiniset ja -vaaleanpunaiset s\u00e4vyt sek\u00e4 silmiinpist\u00e4v\u00e4t mustat kuviot, joissa lukee \u201dRock\u201d ja \u201dHave a good day\u201d sek\u00e4 ikonisia motiiveja, kuten ristej\u00e4, syd\u00e4mi\u00e4, silmi\u00e4 ja t\u00e4hti\u00e4. Hell\u00e4varainen pastelliv\u00e4rien ja ter\u00e4vien mustien grafiikoiden kontrasti luo leikkis\u00e4n mutta s\u00e4rmikk\u00e4\u00e4n ilmeen, joka sopii t\u00e4ydellisesti kaikille, jotka rakastavat ilmeikk\u00e4it\u00e4 Nail art -kynsitarroja rock-henkisell\u00e4 vivahteella. Ihanteellinen korostuskynsille, kokonaisille kuvioille tai luoville yhdistelmille. Helppoja kiinnitt\u00e4\u00e4 ja mukavia k\u00e4ytt\u00e4\u00e4, n\u00e4m\u00e4 Nail stickers pysyv\u00e4t paikoillaan useita p\u00e4ivi\u00e4 ilman tahraantumista tai kuoriutumista. Ei sotkua, ei kuivumisaikaa eik\u00e4 salonkik\u00e4yntej\u00e4 \u2013 vain vaivatonta Nail art -kynsitarroja persoonallisuudella.  Nail stickers -tarrojen k\u00e4ytt\u00f6 Puhdista ja kuivaa kynsi. Valitse tarra arkista ja nosta se varovasti pinseteill\u00e4. Aseta kuvio kynsille ja paina kevyesti. Levit\u00e4 p\u00e4\u00e4llyslakka kest\u00e4vyyden lis\u00e4\u00e4miseksi. Valmis! Tuotetiedot Arkin koko: 7 \u00d7 10 cm, tarrat ovat 5\u201312 mm. V\u00e4rit: Pastellisininen, pastellinpunainen ja musta. Motiivit: Teksti, risti, syd\u00e4n, silm\u00e4t, t\u00e4hdet. PS: Osta 6 arkkia ja maksa vain 5:st\u00e4 alennuskoodilla INKNAILS \ud83c\udfb8\ud83d\udc96.","og_url":"https:\/\/likeink.com\/fi\/siirtotatuoinnit\/pastellivariset-kynsitarrat\/","og_site_name":"Like ink","article_publisher":"https:\/\/www.facebook.com\/LikeInkSe","article_modified_time":"2026-02-25T09:44:30+00:00","og_image":[{"width":1024,"height":1024,"url":"https:\/\/likeink.com\/wp-content\/uploads\/2026\/02\/nail-sticker-pink-design-likeink.png","type":"image\/png"}],"twitter_card":"summary_large_image","schema":{"@context":"https:\/\/schema.org","@graph":[{"@type":"WebPage","@id":"https:\/\/likeink.com\/fi\/siirtotatuoinnit\/pastellivariset-kynsitarrat\/","url":"https:\/\/likeink.com\/fi\/siirtotatuoinnit\/pastellivariset-kynsitarrat\/","name":"Pastelliv\u00e4rinen rock-Nail stickers, sininen ja vaaleanpunainen | Like Ink","isPartOf":{"@id":"https:\/\/likeink.com\/fi\/#website"},"primaryImageOfPage":{"@id":"https:\/\/likeink.com\/fi\/siirtotatuoinnit\/pastellivariset-kynsitarrat\/#primaryimage"},"image":{"@id":"https:\/\/likeink.com\/fi\/siirtotatuoinnit\/pastellivariset-kynsitarrat\/#primaryimage"},"thumbnailUrl":"https:\/\/likeink.com\/wp-content\/uploads\/2026\/02\/nail-sticker-pink-design-likeink.png","datePublished":"2026-02-09T12:44:18+00:00","dateModified":"2026-02-25T09:44:30+00:00","description":"Pastellinsininen ja vaaleanpunainen Nail stickers, jossa on mustia rock-henkisi\u00e4 kuvioita Like Ink. Teksti\u00e4, ristej\u00e4, syd\u00e4mi\u00e4, silmi\u00e4 ja t\u00e4hti\u00e4. - Like ink","breadcrumb":{"@id":"https:\/\/likeink.com\/fi\/siirtotatuoinnit\/pastellivariset-kynsitarrat\/#breadcrumb"},"inLanguage":"fi","potentialAction":[{"@type":"ReadAction","target":["https:\/\/likeink.com\/fi\/siirtotatuoinnit\/pastellivariset-kynsitarrat\/"]}]},{"@type":"ImageObject","inLanguage":"fi","@id":"https:\/\/likeink.com\/fi\/siirtotatuoinnit\/pastellivariset-kynsitarrat\/#primaryimage","url":"https:\/\/likeink.com\/wp-content\/uploads\/2026\/02\/nail-sticker-pink-design-likeink.png","contentUrl":"https:\/\/likeink.com\/wp-content\/uploads\/2026\/02\/nail-sticker-pink-design-likeink.png","width":1024,"height":1024,"caption":"Nudenv\u00e4risell\u00e4 kynsilakalla lakatussa k\u00e4dess\u00e4 on yksinkertaista kynsitaidetta: sininen syd\u00e4n t\u00e4hdell\u00e4, vaaleanpunainen teksti, jossa lukee Have a good day, ja musta perhonen. Taustalla on musta nastoitettu asuste."},{"@type":"BreadcrumbList","@id":"https:\/\/likeink.com\/fi\/siirtotatuoinnit\/pastellivariset-kynsitarrat\/#breadcrumb","itemListElement":[{"@type":"ListItem","position":1,"name":"Hem","item":"https:\/\/likeink.com\/fi\/"},{"@type":"ListItem","position":2,"name":"Shop","item":"https:\/\/likeink.com\/fi\/shop\/"},{"@type":"ListItem","position":3,"name":"Pastellirokk Nail stickers"}]},{"@type":"WebSite","@id":"https:\/\/likeink.com\/fi\/#website","url":"https:\/\/likeink.com\/fi\/","name":"Like ink","description":"Make your own custom design","potentialAction":[{"@type":"SearchAction","target":{"@type":"EntryPoint","urlTemplate":"https:\/\/likeink.com\/fi\/?s={search_term_string}"},"query-input":{"@type":"PropertyValueSpecification","valueRequired":true,"valueName":"search_term_string"}}],"inLanguage":"fi"}]}},"_links":{"self":[{"href":"https:\/\/likeink.com\/fi\/wp-json\/wp\/v2\/product\/58682","targetHints":{"allow":["GET"]}}],"collection":[{"href":"https:\/\/likeink.com\/fi\/wp-json\/wp\/v2\/product"}],"about":[{"href":"https:\/\/likeink.com\/fi\/wp-json\/wp\/v2\/types\/product"}],"wp:featuredmedia":[{"embeddable":true,"href":"https:\/\/likeink.com\/fi\/wp-json\/wp\/v2\/media\/59232"}],"wp:attachment":[{"href":"https:\/\/likeink.com\/fi\/wp-json\/wp\/v2\/media?parent=58682"}],"wp:term":[{"taxonomy":"product_brand","embeddable":true,"href":"https:\/\/likeink.com\/fi\/wp-json\/wp\/v2\/product_brand?post=58682"},{"taxonomy":"product_cat","embeddable":true,"href":"https:\/\/likeink.com\/fi\/wp-json\/wp\/v2\/product_cat?post=58682"},{"taxonomy":"product_tag","embeddable":true,"href":"https:\/\/likeink.com\/fi\/wp-json\/wp\/v2\/product_tag?post=58682"}],"curies":[{"name":"wp","href":"https:\/\/api.w.org\/{rel}","templated":true}]}}