{"id":58683,"date":"2026-01-26T15:33:54","date_gmt":"2026-02-09T12:44:19","guid":{"rendered":"https:\/\/likeink.com\/gnuggisar\/mystic-kynsitarrat-sininen-ja-musta\/"},"modified":"2026-02-25T09:44:31","modified_gmt":"2026-02-25T09:44:31","slug":"mystic-kynsitarrat-sininen-ja-musta","status":"publish","type":"product","link":"https:\/\/likeink.com\/fi\/siirtotatuoinnit\/mystic-kynsitarrat-sininen-ja-musta\/","title":{"rendered":"Mystic Nail stickers \u2013 Sininen ja musta"},"content":{"rendered":"","protected":false},"excerpt":{"rendered":"<p>Like Ink<br \/>\nNail tattoos<br \/>\n\u2013 Mystic-Nail stickers<\/p>\n<h2>Tilaa Nail stickers, jossa on mystisi\u00e4 sinisi\u00e4 ja mustia kuvioita!<\/h2>\n<p>Luo tumma ja salaper\u00e4inen manikyyri Like Ink<br \/>\nMystic-Nail stickers<br \/>\n-tarroilla. Tarroissa on rohkeita sinisi\u00e4 ja mustia kuvioita, kuten sanat &#8221;black&#8221; ja &#8221;evil&#8221;, yhdistettyn\u00e4 symbolisiin motiiveihin, kuten joogak\u00e4si, t\u00e4hdet, k\u00e4\u00e4rme, oksa ja minimalistiset pisteet.<\/p>\n<p>Motiivien koko vaihtelee 0,5\u20131 cm, joten n\u00e4m\u00e4 Nail stickers<br \/>\n-tarrat sopivat sek\u00e4 hienovaraisiin korostuksiin ett\u00e4 koko kynsien somistamiseen. Tekstin ja symbolien yhdistelm\u00e4 luo hieman mystisen, edgy-tyylisen estetiikan, joka on saanut inspiraationsa hengellisyydest\u00e4, symboliikasta ja modernista tatuointitaiteesta.<\/p>\n<p>Helppoja kiinnitt\u00e4\u00e4 ja mukavia k\u00e4ytt\u00e4\u00e4, ne pysyv\u00e4t paikoillaan useita p\u00e4ivi\u00e4 ilman tahraantumista tai kuoriutumista. Ei sotkua, ei kuivumisaikaa eik\u00e4 salonkik\u00e4yntej\u00e4 \u2013 vain ilmeikk\u00e4\u00e4t Nail art<br \/>\nmuutamassa minuutissa.<\/p>\n<p><strong>Kuinka kiinnitt\u00e4\u00e4 Nail stickers <\/strong><br \/>\nPuhdista ja kuivaa kynsi<\/p>\n<p>Valitse tarra arkista ja nosta se varovasti pinseteill\u00e4<\/p>\n<p>Aseta kuvio kynsille ja paina kevyesti<\/p>\n<p>Levit\u00e4 p\u00e4\u00e4llyslakka kest\u00e4vyyden lis\u00e4\u00e4miseksi<\/p>\n<p>Valmis!<\/p>\n<p><strong>Tuotetiedot<\/strong><\/p>\n<p><strong>Arkin koko:<\/strong><br \/>\n7 \u00d7 10 <strong>cm<br \/>\nKuvion koko:<\/strong><br \/>\nnoin 0,5\u20131 <strong>cm<br \/>\nV\u00e4rit:<\/strong><br \/>\nsininen ja <strong>musta<br \/>\nKuvio:<\/strong><br \/>\nteksti, joogak\u00e4si, t\u00e4hdet, k\u00e4\u00e4rme, oksa, pisteet<\/p>\n<p><strong>PS:<\/strong><br \/>\nOsta 6 arkkia ja maksa 5:st\u00e4 alennuskoodilla<strong> INKNAILS <\/strong><br \/>\n\ud83d\udda4<\/p>\n","protected":false},"featured_media":59132,"template":"","meta":[],"product_brand":[],"product_cat":[468],"product_tag":[],"class_list":{"0":"post-58683","1":"product","2":"type-product","3":"status-publish","4":"has-post-thumbnail","6":"product_cat-nailstickers-fi","8":"first","9":"instock","10":"taxable","11":"shipping-taxable","12":"purchasable","13":"product-type-simple"},"yoast_head":"<!-- This site is optimized with the Yoast SEO Premium plugin v26.2 (Yoast SEO v27.4) - https:\/\/yoast.com\/product\/yoast-seo-premium-wordpress\/ -->\n<title>Mystic Nail stickers Sininen ja musta | Like Ink<\/title>\n<meta name=\"description\" content=\"Like Ink in sininen ja musta Mystic-Nail stickers. Teksti\u00e4 ja symbolisia kuvioita, kuten joogak\u00e4si, k\u00e4\u00e4rme ja t\u00e4hdet. Helppo kiinnitt\u00e4\u00e4. - Like ink\" \/>\n<meta name=\"robots\" content=\"index, follow, max-snippet:-1, max-image-preview:large, max-video-preview:-1\" \/>\n<link rel=\"canonical\" href=\"https:\/\/likeink.com\/fi\/siirtotatuoinnit\/mystic-kynsitarrat-sininen-ja-musta\/\" \/>\n<meta property=\"og:locale\" content=\"fi_FI\" \/>\n<meta property=\"og:type\" content=\"article\" \/>\n<meta property=\"og:title\" content=\"Mystic Nail stickers \u2013 Sininen ja musta\" \/>\n<meta property=\"og:description\" content=\"Like Ink Nail tattoos \u2013 Mystic-Nail stickers Tilaa Nail stickers, jossa on mystisi\u00e4 sinisi\u00e4 ja mustia kuvioita! Luo tumma ja salaper\u00e4inen manikyyri Like Ink Mystic-Nail stickers -tarroilla. Tarroissa on rohkeita sinisi\u00e4 ja mustia kuvioita, kuten sanat &quot;black&quot; ja &quot;evil&quot;, yhdistettyn\u00e4 symbolisiin motiiveihin, kuten joogak\u00e4si, t\u00e4hdet, k\u00e4\u00e4rme, oksa ja minimalistiset pisteet. Motiivien koko vaihtelee 0,5\u20131 cm, joten n\u00e4m\u00e4 Nail stickers -tarrat sopivat sek\u00e4 hienovaraisiin korostuksiin ett\u00e4 koko kynsien somistamiseen. Tekstin ja symbolien yhdistelm\u00e4 luo hieman mystisen, edgy-tyylisen estetiikan, joka on saanut inspiraationsa hengellisyydest\u00e4, symboliikasta ja modernista tatuointitaiteesta. Helppoja kiinnitt\u00e4\u00e4 ja mukavia k\u00e4ytt\u00e4\u00e4, ne pysyv\u00e4t paikoillaan useita p\u00e4ivi\u00e4 ilman tahraantumista tai kuoriutumista. Ei sotkua, ei kuivumisaikaa eik\u00e4 salonkik\u00e4yntej\u00e4 \u2013 vain ilmeikk\u00e4\u00e4t Nail art muutamassa minuutissa. Kuinka kiinnitt\u00e4\u00e4 Nail stickers Puhdista ja kuivaa kynsi Valitse tarra arkista ja nosta se varovasti pinseteill\u00e4 Aseta kuvio kynsille ja paina kevyesti Levit\u00e4 p\u00e4\u00e4llyslakka kest\u00e4vyyden lis\u00e4\u00e4miseksi Valmis! Tuotetiedot Arkin koko: 7 \u00d7 10 cm Kuvion koko: noin 0,5\u20131 cm V\u00e4rit: sininen ja musta Kuvio: teksti, joogak\u00e4si, t\u00e4hdet, k\u00e4\u00e4rme, oksa, pisteet PS: Osta 6 arkkia ja maksa 5:st\u00e4 alennuskoodilla INKNAILS \ud83d\udda4\" \/>\n<meta property=\"og:url\" content=\"https:\/\/likeink.com\/fi\/siirtotatuoinnit\/mystic-kynsitarrat-sininen-ja-musta\/\" \/>\n<meta property=\"og:site_name\" content=\"Like ink\" \/>\n<meta property=\"article:publisher\" content=\"https:\/\/www.facebook.com\/LikeInkSe\" \/>\n<meta property=\"article:modified_time\" content=\"2026-02-25T09:44:31+00:00\" \/>\n<meta property=\"og:image\" content=\"https:\/\/likeink.com\/wp-content\/uploads\/2026\/02\/Man-Nailstickers-cool-likeink.png\" \/>\n\t<meta property=\"og:image:width\" content=\"1024\" \/>\n\t<meta property=\"og:image:height\" content=\"1024\" \/>\n\t<meta property=\"og:image:type\" content=\"image\/png\" \/>\n<meta name=\"twitter:card\" content=\"summary_large_image\" \/>\n<script type=\"application\/ld+json\" class=\"yoast-schema-graph\">{\"@context\":\"https:\\\/\\\/schema.org\",\"@graph\":[{\"@type\":\"WebPage\",\"@id\":\"https:\\\/\\\/likeink.com\\\/fi\\\/siirtotatuoinnit\\\/mystic-kynsitarrat-sininen-ja-musta\\\/\",\"url\":\"https:\\\/\\\/likeink.com\\\/fi\\\/siirtotatuoinnit\\\/mystic-kynsitarrat-sininen-ja-musta\\\/\",\"name\":\"Mystic Nail stickers Sininen ja musta | Like Ink\",\"isPartOf\":{\"@id\":\"https:\\\/\\\/likeink.com\\\/fi\\\/#website\"},\"primaryImageOfPage\":{\"@id\":\"https:\\\/\\\/likeink.com\\\/fi\\\/siirtotatuoinnit\\\/mystic-kynsitarrat-sininen-ja-musta\\\/#primaryimage\"},\"image\":{\"@id\":\"https:\\\/\\\/likeink.com\\\/fi\\\/siirtotatuoinnit\\\/mystic-kynsitarrat-sininen-ja-musta\\\/#primaryimage\"},\"thumbnailUrl\":\"https:\\\/\\\/likeink.com\\\/wp-content\\\/uploads\\\/2026\\\/02\\\/Man-Nailstickers-cool-likeink.png\",\"datePublished\":\"2026-02-09T12:44:19+00:00\",\"dateModified\":\"2026-02-25T09:44:31+00:00\",\"description\":\"Like Ink in sininen ja musta Mystic-Nail stickers. Teksti\u00e4 ja symbolisia kuvioita, kuten joogak\u00e4si, k\u00e4\u00e4rme ja t\u00e4hdet. Helppo kiinnitt\u00e4\u00e4. - Like ink\",\"breadcrumb\":{\"@id\":\"https:\\\/\\\/likeink.com\\\/fi\\\/siirtotatuoinnit\\\/mystic-kynsitarrat-sininen-ja-musta\\\/#breadcrumb\"},\"inLanguage\":\"fi\",\"potentialAction\":[{\"@type\":\"ReadAction\",\"target\":[\"https:\\\/\\\/likeink.com\\\/fi\\\/siirtotatuoinnit\\\/mystic-kynsitarrat-sininen-ja-musta\\\/\"]}]},{\"@type\":\"ImageObject\",\"inLanguage\":\"fi\",\"@id\":\"https:\\\/\\\/likeink.com\\\/fi\\\/siirtotatuoinnit\\\/mystic-kynsitarrat-sininen-ja-musta\\\/#primaryimage\",\"url\":\"https:\\\/\\\/likeink.com\\\/wp-content\\\/uploads\\\/2026\\\/02\\\/Man-Nailstickers-cool-likeink.png\",\"contentUrl\":\"https:\\\/\\\/likeink.com\\\/wp-content\\\/uploads\\\/2026\\\/02\\\/Man-Nailstickers-cool-likeink.png\",\"width\":1024,\"height\":1024,\"caption\":\"K\u00e4si, jossa on pitk\u00e4t, mustaksi maalatut kynnet, joissa on sinivalkoisia mystisi\u00e4 symboleja, kuten silm\u00e4t, hamsa-k\u00e4si, pisteit\u00e4, t\u00e4hti, spiraali ja aaltoviiva jokaisessa kynsiss\u00e4.\"},{\"@type\":\"BreadcrumbList\",\"@id\":\"https:\\\/\\\/likeink.com\\\/fi\\\/siirtotatuoinnit\\\/mystic-kynsitarrat-sininen-ja-musta\\\/#breadcrumb\",\"itemListElement\":[{\"@type\":\"ListItem\",\"position\":1,\"name\":\"Hem\",\"item\":\"https:\\\/\\\/likeink.com\\\/fi\\\/\"},{\"@type\":\"ListItem\",\"position\":2,\"name\":\"Shop\",\"item\":\"https:\\\/\\\/likeink.com\\\/fi\\\/shop\\\/\"},{\"@type\":\"ListItem\",\"position\":3,\"name\":\"Mystic Nail stickers \u2013 Sininen ja musta\"}]},{\"@type\":\"WebSite\",\"@id\":\"https:\\\/\\\/likeink.com\\\/fi\\\/#website\",\"url\":\"https:\\\/\\\/likeink.com\\\/fi\\\/\",\"name\":\"Like ink\",\"description\":\"Make your own custom design\",\"potentialAction\":[{\"@type\":\"SearchAction\",\"target\":{\"@type\":\"EntryPoint\",\"urlTemplate\":\"https:\\\/\\\/likeink.com\\\/fi\\\/?s={search_term_string}\"},\"query-input\":{\"@type\":\"PropertyValueSpecification\",\"valueRequired\":true,\"valueName\":\"search_term_string\"}}],\"inLanguage\":\"fi\"}]}<\/script>\n<!-- \/ Yoast SEO Premium plugin. -->","yoast_head_json":{"title":"Mystic Nail stickers Sininen ja musta | Like Ink","description":"Like Ink in sininen ja musta Mystic-Nail stickers. Teksti\u00e4 ja symbolisia kuvioita, kuten joogak\u00e4si, k\u00e4\u00e4rme ja t\u00e4hdet. Helppo kiinnitt\u00e4\u00e4. - Like ink","robots":{"index":"index","follow":"follow","max-snippet":"max-snippet:-1","max-image-preview":"max-image-preview:large","max-video-preview":"max-video-preview:-1"},"canonical":"https:\/\/likeink.com\/fi\/siirtotatuoinnit\/mystic-kynsitarrat-sininen-ja-musta\/","og_locale":"fi_FI","og_type":"article","og_title":"Mystic Nail stickers \u2013 Sininen ja musta","og_description":"Like Ink Nail tattoos \u2013 Mystic-Nail stickers Tilaa Nail stickers, jossa on mystisi\u00e4 sinisi\u00e4 ja mustia kuvioita! Luo tumma ja salaper\u00e4inen manikyyri Like Ink Mystic-Nail stickers -tarroilla. Tarroissa on rohkeita sinisi\u00e4 ja mustia kuvioita, kuten sanat \"black\" ja \"evil\", yhdistettyn\u00e4 symbolisiin motiiveihin, kuten joogak\u00e4si, t\u00e4hdet, k\u00e4\u00e4rme, oksa ja minimalistiset pisteet. Motiivien koko vaihtelee 0,5\u20131 cm, joten n\u00e4m\u00e4 Nail stickers -tarrat sopivat sek\u00e4 hienovaraisiin korostuksiin ett\u00e4 koko kynsien somistamiseen. Tekstin ja symbolien yhdistelm\u00e4 luo hieman mystisen, edgy-tyylisen estetiikan, joka on saanut inspiraationsa hengellisyydest\u00e4, symboliikasta ja modernista tatuointitaiteesta. Helppoja kiinnitt\u00e4\u00e4 ja mukavia k\u00e4ytt\u00e4\u00e4, ne pysyv\u00e4t paikoillaan useita p\u00e4ivi\u00e4 ilman tahraantumista tai kuoriutumista. Ei sotkua, ei kuivumisaikaa eik\u00e4 salonkik\u00e4yntej\u00e4 \u2013 vain ilmeikk\u00e4\u00e4t Nail art muutamassa minuutissa. Kuinka kiinnitt\u00e4\u00e4 Nail stickers Puhdista ja kuivaa kynsi Valitse tarra arkista ja nosta se varovasti pinseteill\u00e4 Aseta kuvio kynsille ja paina kevyesti Levit\u00e4 p\u00e4\u00e4llyslakka kest\u00e4vyyden lis\u00e4\u00e4miseksi Valmis! Tuotetiedot Arkin koko: 7 \u00d7 10 cm Kuvion koko: noin 0,5\u20131 cm V\u00e4rit: sininen ja musta Kuvio: teksti, joogak\u00e4si, t\u00e4hdet, k\u00e4\u00e4rme, oksa, pisteet PS: Osta 6 arkkia ja maksa 5:st\u00e4 alennuskoodilla INKNAILS \ud83d\udda4","og_url":"https:\/\/likeink.com\/fi\/siirtotatuoinnit\/mystic-kynsitarrat-sininen-ja-musta\/","og_site_name":"Like ink","article_publisher":"https:\/\/www.facebook.com\/LikeInkSe","article_modified_time":"2026-02-25T09:44:31+00:00","og_image":[{"width":1024,"height":1024,"url":"https:\/\/likeink.com\/wp-content\/uploads\/2026\/02\/Man-Nailstickers-cool-likeink.png","type":"image\/png"}],"twitter_card":"summary_large_image","schema":{"@context":"https:\/\/schema.org","@graph":[{"@type":"WebPage","@id":"https:\/\/likeink.com\/fi\/siirtotatuoinnit\/mystic-kynsitarrat-sininen-ja-musta\/","url":"https:\/\/likeink.com\/fi\/siirtotatuoinnit\/mystic-kynsitarrat-sininen-ja-musta\/","name":"Mystic Nail stickers Sininen ja musta | Like Ink","isPartOf":{"@id":"https:\/\/likeink.com\/fi\/#website"},"primaryImageOfPage":{"@id":"https:\/\/likeink.com\/fi\/siirtotatuoinnit\/mystic-kynsitarrat-sininen-ja-musta\/#primaryimage"},"image":{"@id":"https:\/\/likeink.com\/fi\/siirtotatuoinnit\/mystic-kynsitarrat-sininen-ja-musta\/#primaryimage"},"thumbnailUrl":"https:\/\/likeink.com\/wp-content\/uploads\/2026\/02\/Man-Nailstickers-cool-likeink.png","datePublished":"2026-02-09T12:44:19+00:00","dateModified":"2026-02-25T09:44:31+00:00","description":"Like Ink in sininen ja musta Mystic-Nail stickers. Teksti\u00e4 ja symbolisia kuvioita, kuten joogak\u00e4si, k\u00e4\u00e4rme ja t\u00e4hdet. Helppo kiinnitt\u00e4\u00e4. - Like ink","breadcrumb":{"@id":"https:\/\/likeink.com\/fi\/siirtotatuoinnit\/mystic-kynsitarrat-sininen-ja-musta\/#breadcrumb"},"inLanguage":"fi","potentialAction":[{"@type":"ReadAction","target":["https:\/\/likeink.com\/fi\/siirtotatuoinnit\/mystic-kynsitarrat-sininen-ja-musta\/"]}]},{"@type":"ImageObject","inLanguage":"fi","@id":"https:\/\/likeink.com\/fi\/siirtotatuoinnit\/mystic-kynsitarrat-sininen-ja-musta\/#primaryimage","url":"https:\/\/likeink.com\/wp-content\/uploads\/2026\/02\/Man-Nailstickers-cool-likeink.png","contentUrl":"https:\/\/likeink.com\/wp-content\/uploads\/2026\/02\/Man-Nailstickers-cool-likeink.png","width":1024,"height":1024,"caption":"K\u00e4si, jossa on pitk\u00e4t, mustaksi maalatut kynnet, joissa on sinivalkoisia mystisi\u00e4 symboleja, kuten silm\u00e4t, hamsa-k\u00e4si, pisteit\u00e4, t\u00e4hti, spiraali ja aaltoviiva jokaisessa kynsiss\u00e4."},{"@type":"BreadcrumbList","@id":"https:\/\/likeink.com\/fi\/siirtotatuoinnit\/mystic-kynsitarrat-sininen-ja-musta\/#breadcrumb","itemListElement":[{"@type":"ListItem","position":1,"name":"Hem","item":"https:\/\/likeink.com\/fi\/"},{"@type":"ListItem","position":2,"name":"Shop","item":"https:\/\/likeink.com\/fi\/shop\/"},{"@type":"ListItem","position":3,"name":"Mystic Nail stickers \u2013 Sininen ja musta"}]},{"@type":"WebSite","@id":"https:\/\/likeink.com\/fi\/#website","url":"https:\/\/likeink.com\/fi\/","name":"Like ink","description":"Make your own custom design","potentialAction":[{"@type":"SearchAction","target":{"@type":"EntryPoint","urlTemplate":"https:\/\/likeink.com\/fi\/?s={search_term_string}"},"query-input":{"@type":"PropertyValueSpecification","valueRequired":true,"valueName":"search_term_string"}}],"inLanguage":"fi"}]}},"_links":{"self":[{"href":"https:\/\/likeink.com\/fi\/wp-json\/wp\/v2\/product\/58683","targetHints":{"allow":["GET"]}}],"collection":[{"href":"https:\/\/likeink.com\/fi\/wp-json\/wp\/v2\/product"}],"about":[{"href":"https:\/\/likeink.com\/fi\/wp-json\/wp\/v2\/types\/product"}],"wp:featuredmedia":[{"embeddable":true,"href":"https:\/\/likeink.com\/fi\/wp-json\/wp\/v2\/media\/59132"}],"wp:attachment":[{"href":"https:\/\/likeink.com\/fi\/wp-json\/wp\/v2\/media?parent=58683"}],"wp:term":[{"taxonomy":"product_brand","embeddable":true,"href":"https:\/\/likeink.com\/fi\/wp-json\/wp\/v2\/product_brand?post=58683"},{"taxonomy":"product_cat","embeddable":true,"href":"https:\/\/likeink.com\/fi\/wp-json\/wp\/v2\/product_cat?post=58683"},{"taxonomy":"product_tag","embeddable":true,"href":"https:\/\/likeink.com\/fi\/wp-json\/wp\/v2\/product_tag?post=58683"}],"curies":[{"name":"wp","href":"https:\/\/api.w.org\/{rel}","templated":true}]}}