{"id":62290,"date":"2026-04-09T08:13:55","date_gmt":"2026-04-09T08:13:55","guid":{"rendered":"https:\/\/likeink.com\/gnuggisar\/colourful-dragron-tattoos\/"},"modified":"2026-04-09T09:30:14","modified_gmt":"2026-04-09T09:30:14","slug":"varikkaat-lohikaarmetatuoinnit","status":"publish","type":"product","link":"https:\/\/likeink.com\/fi\/siirtotatuoinnit\/varikkaat-lohikaarmetatuoinnit\/","title":{"rendered":"V\u00e4rikk\u00e4\u00e4t Lohik\u00e4\u00e4rmetatuoinnit"},"content":{"rendered":"","protected":false},"excerpt":{"rendered":"<p>V\u00e4rikk\u00e4\u00e4t Lohik\u00e4\u00e4rmetatuoinnit: N\u00e4m\u00e4 lohik\u00e4\u00e4rmetatuoinnit ovat v\u00e4rikk\u00e4it\u00e4 ja laadukkaita\u2014t\u00e4ydellisi\u00e4 seuraaviin bileisiin, festareille tai mihin tahansa tapahtumaan. Meid\u00e4n tilap\u00e4iset tatuoinnit ovat ihoyst\u00e4v\u00e4llisi\u00e4 ja hell\u00e4varaisia, joten niit\u00e4 on turvallista k\u00e4ytt\u00e4\u00e4.<\/p>\n<h2>Tilaa nyt arkki \u201cV\u00e4rikk\u00e4\u00e4t Lohik\u00e4\u00e4rmetatuoinnit\u201d ja ole siistein seuraavassa tapahtumassasi.<\/h2>\n<p>T\u00e4m\u00e4 valmiiksi suunniteltu arkki sis\u00e4lt\u00e4\u00e4 kaksi isoa lohik\u00e4\u00e4rmett\u00e4, jotka sopivat t\u00e4ydellisesti k\u00e4sivarsiin, jalkoihin tai yl\u00e4vartaloon. Saat my\u00f6s kaksi pienemp\u00e4\u00e4 k\u00e4\u00e4rmekuvaa, jotka voit laittaa kaulaan tai kasvoihin n\u00e4ytt\u00e4\u00e4ksesi rohkean tyylisi. L\u00e4het\u00e4mme tatuointisi 24 tunnin sis\u00e4ll\u00e4. Voit k\u00e4ytt\u00e4\u00e4 ne kaikki kerralla tai s\u00e4\u00e4st\u00e4\u00e4 osan my\u00f6hempiin hetkiin. Meid\u00e4n tilap\u00e4iset tatuoinnit valmistetaan Malm\u00f6ss\u00e4, Ruotsissa, ja ne ovat huippulaatua. N\u00e4m\u00e4 v\u00e4rikk\u00e4\u00e4t lohik\u00e4\u00e4rmeet on helppo laittaa iholle ja ne kest\u00e4v\u00e4t 2\u20137 p\u00e4iv\u00e4\u00e4.<\/p>\n<p>Kaikki Like Ink -tilap\u00e4iset tatuoinnit ovat:<br \/>\n\u2022 vegaanisia<br \/>\n\u2022 CE-merkittyj\u00e4<br \/>\n\u2022 ihoyst\u00e4v\u00e4llisi\u00e4<\/p>\n<p><strong>Arkin koko:<\/strong> A5<br \/>\n<strong>Tatuoinnin koko:<\/strong> 135&#215;112 mm<br \/>\n<strong>Tatuointien m\u00e4\u00e4r\u00e4:<\/strong> 4<\/p>\n","protected":false},"featured_media":62279,"template":"","meta":[],"product_brand":[],"product_cat":[211,51],"product_tag":[],"class_list":{"0":"post-62290","1":"product","2":"type-product","3":"status-publish","4":"has-post-thumbnail","6":"product_cat-satu-tatuointi","7":"product_cat-valmiit-arkit","9":"first","10":"instock","11":"taxable","12":"shipping-taxable","13":"purchasable","14":"product-type-simple"},"yoast_head":"<!-- This site is optimized with the Yoast SEO Premium plugin v26.2 (Yoast SEO v27.4) - https:\/\/yoast.com\/product\/yoast-seo-premium-wordpress\/ -->\n<title>V\u00e4rikk\u00e4\u00e4t Lohik\u00e4\u00e4rmetatuoinnit- Like ink<\/title>\n<meta name=\"description\" content=\"V\u00e4rikk\u00e4\u00e4t Lohik\u00e4\u00e4rmetatuoinnit tatuoinnit rohkeilla ja eloisilla designeilla. Helppo laittaa ihoon, ihoyst\u00e4v\u00e4llisi\u00e4 ja t\u00e4ydellisi\u00e4 festareille, bileisiin ja arjen hauskanpitoon.- Like ink\" \/>\n<meta name=\"robots\" content=\"index, follow, max-snippet:-1, max-image-preview:large, max-video-preview:-1\" \/>\n<link rel=\"canonical\" href=\"https:\/\/likeink.com\/fi\/siirtotatuoinnit\/varikkaat-lohikaarmetatuoinnit\/\" \/>\n<meta property=\"og:locale\" content=\"fi_FI\" \/>\n<meta property=\"og:type\" content=\"article\" \/>\n<meta property=\"og:title\" content=\"V\u00e4rikk\u00e4\u00e4t Lohik\u00e4\u00e4rmetatuoinnit\" \/>\n<meta property=\"og:description\" content=\"V\u00e4rikk\u00e4\u00e4t Lohik\u00e4\u00e4rmetatuoinnit: N\u00e4m\u00e4 lohik\u00e4\u00e4rmetatuoinnit ovat v\u00e4rikk\u00e4it\u00e4 ja laadukkaita\u2014t\u00e4ydellisi\u00e4 seuraaviin bileisiin, festareille tai mihin tahansa tapahtumaan. Meid\u00e4n tilap\u00e4iset tatuoinnit ovat ihoyst\u00e4v\u00e4llisi\u00e4 ja hell\u00e4varaisia, joten niit\u00e4 on turvallista k\u00e4ytt\u00e4\u00e4. Tilaa nyt arkki \u201cV\u00e4rikk\u00e4\u00e4t Lohik\u00e4\u00e4rmetatuoinnit\u201d ja ole siistein seuraavassa tapahtumassasi. T\u00e4m\u00e4 valmiiksi suunniteltu arkki sis\u00e4lt\u00e4\u00e4 kaksi isoa lohik\u00e4\u00e4rmett\u00e4, jotka sopivat t\u00e4ydellisesti k\u00e4sivarsiin, jalkoihin tai yl\u00e4vartaloon. Saat my\u00f6s kaksi pienemp\u00e4\u00e4 k\u00e4\u00e4rmekuvaa, jotka voit laittaa kaulaan tai kasvoihin n\u00e4ytt\u00e4\u00e4ksesi rohkean tyylisi. L\u00e4het\u00e4mme tatuointisi 24 tunnin sis\u00e4ll\u00e4. Voit k\u00e4ytt\u00e4\u00e4 ne kaikki kerralla tai s\u00e4\u00e4st\u00e4\u00e4 osan my\u00f6hempiin hetkiin. Meid\u00e4n tilap\u00e4iset tatuoinnit valmistetaan Malm\u00f6ss\u00e4, Ruotsissa, ja ne ovat huippulaatua. N\u00e4m\u00e4 v\u00e4rikk\u00e4\u00e4t lohik\u00e4\u00e4rmeet on helppo laittaa iholle ja ne kest\u00e4v\u00e4t 2\u20137 p\u00e4iv\u00e4\u00e4.  Kaikki Like Ink -tilap\u00e4iset tatuoinnit ovat: \u2022 vegaanisia \u2022 CE-merkittyj\u00e4 \u2022 ihoyst\u00e4v\u00e4llisi\u00e4  Arkin koko: A5 Tatuoinnin koko: 135x112 mm Tatuointien m\u00e4\u00e4r\u00e4: 4\" \/>\n<meta property=\"og:url\" content=\"https:\/\/likeink.com\/fi\/siirtotatuoinnit\/varikkaat-lohikaarmetatuoinnit\/\" \/>\n<meta property=\"og:site_name\" content=\"Like ink\" \/>\n<meta property=\"article:publisher\" content=\"https:\/\/www.facebook.com\/LikeInkSe\" \/>\n<meta property=\"article:modified_time\" content=\"2026-04-09T09:30:14+00:00\" \/>\n<meta property=\"og:image\" content=\"https:\/\/likeink.com\/wp-content\/uploads\/2026\/04\/Colourful-Dragons-Tattoos-Likeink.jpg\" \/>\n\t<meta property=\"og:image:width\" content=\"1600\" \/>\n\t<meta property=\"og:image:height\" content=\"1127\" \/>\n\t<meta property=\"og:image:type\" content=\"image\/jpeg\" \/>\n<meta name=\"twitter:card\" content=\"summary_large_image\" \/>\n<meta name=\"twitter:label1\" content=\"Arvioitu lukuaika\" \/>\n\t<meta name=\"twitter:data1\" content=\"1 minuutti\" \/>\n<script type=\"application\/ld+json\" class=\"yoast-schema-graph\">{\"@context\":\"https:\\\/\\\/schema.org\",\"@graph\":[{\"@type\":\"WebPage\",\"@id\":\"https:\\\/\\\/likeink.com\\\/fi\\\/siirtotatuoinnit\\\/varikkaat-lohikaarmetatuoinnit\\\/\",\"url\":\"https:\\\/\\\/likeink.com\\\/fi\\\/siirtotatuoinnit\\\/varikkaat-lohikaarmetatuoinnit\\\/\",\"name\":\"V\u00e4rikk\u00e4\u00e4t Lohik\u00e4\u00e4rmetatuoinnit- Like ink\",\"isPartOf\":{\"@id\":\"https:\\\/\\\/likeink.com\\\/fi\\\/#website\"},\"primaryImageOfPage\":{\"@id\":\"https:\\\/\\\/likeink.com\\\/fi\\\/siirtotatuoinnit\\\/varikkaat-lohikaarmetatuoinnit\\\/#primaryimage\"},\"image\":{\"@id\":\"https:\\\/\\\/likeink.com\\\/fi\\\/siirtotatuoinnit\\\/varikkaat-lohikaarmetatuoinnit\\\/#primaryimage\"},\"thumbnailUrl\":\"https:\\\/\\\/likeink.com\\\/wp-content\\\/uploads\\\/2026\\\/04\\\/Colourful-Dragons-Tattoos-Likeink.jpg\",\"datePublished\":\"2026-04-09T08:13:55+00:00\",\"dateModified\":\"2026-04-09T09:30:14+00:00\",\"description\":\"V\u00e4rikk\u00e4\u00e4t Lohik\u00e4\u00e4rmetatuoinnit tatuoinnit rohkeilla ja eloisilla designeilla. Helppo laittaa ihoon, ihoyst\u00e4v\u00e4llisi\u00e4 ja t\u00e4ydellisi\u00e4 festareille, bileisiin ja arjen hauskanpitoon.- Like ink\",\"breadcrumb\":{\"@id\":\"https:\\\/\\\/likeink.com\\\/fi\\\/siirtotatuoinnit\\\/varikkaat-lohikaarmetatuoinnit\\\/#breadcrumb\"},\"inLanguage\":\"fi\",\"potentialAction\":[{\"@type\":\"ReadAction\",\"target\":[\"https:\\\/\\\/likeink.com\\\/fi\\\/siirtotatuoinnit\\\/varikkaat-lohikaarmetatuoinnit\\\/\"]}]},{\"@type\":\"ImageObject\",\"inLanguage\":\"fi\",\"@id\":\"https:\\\/\\\/likeink.com\\\/fi\\\/siirtotatuoinnit\\\/varikkaat-lohikaarmetatuoinnit\\\/#primaryimage\",\"url\":\"https:\\\/\\\/likeink.com\\\/wp-content\\\/uploads\\\/2026\\\/04\\\/Colourful-Dragons-Tattoos-Likeink.jpg\",\"contentUrl\":\"https:\\\/\\\/likeink.com\\\/wp-content\\\/uploads\\\/2026\\\/04\\\/Colourful-Dragons-Tattoos-Likeink.jpg\",\"width\":1600,\"height\":1127,\"caption\":\"Kuvassa on kaksi v\u00e4rik\u00e4st\u00e4, koristeltua lohik\u00e4\u00e4rmett\u00e4 ja kaksi kuviollista k\u00e4\u00e4rmett\u00e4. Vasemmanpuoleista lohik\u00e4\u00e4rmett\u00e4 ymp\u00e4r\u00f6iv\u00e4t punaiset kukat ja vihre\u00e4t lehdet, kun taas oikeanpuoleinen lohik\u00e4\u00e4rme on sininen ja violetti. Kaksi mustakultaista k\u00e4\u00e4rmett\u00e4 on sijoitettu lohik\u00e4\u00e4rmeiden v\u00e4liin.\"},{\"@type\":\"BreadcrumbList\",\"@id\":\"https:\\\/\\\/likeink.com\\\/fi\\\/siirtotatuoinnit\\\/varikkaat-lohikaarmetatuoinnit\\\/#breadcrumb\",\"itemListElement\":[{\"@type\":\"ListItem\",\"position\":1,\"name\":\"Hem\",\"item\":\"https:\\\/\\\/likeink.com\\\/fi\\\/\"},{\"@type\":\"ListItem\",\"position\":2,\"name\":\"Shop\",\"item\":\"https:\\\/\\\/likeink.com\\\/fi\\\/shop\\\/\"},{\"@type\":\"ListItem\",\"position\":3,\"name\":\"V\u00e4rikk\u00e4\u00e4t Lohik\u00e4\u00e4rmetatuoinnit\"}]},{\"@type\":\"WebSite\",\"@id\":\"https:\\\/\\\/likeink.com\\\/fi\\\/#website\",\"url\":\"https:\\\/\\\/likeink.com\\\/fi\\\/\",\"name\":\"Like ink\",\"description\":\"Make your own custom design\",\"potentialAction\":[{\"@type\":\"SearchAction\",\"target\":{\"@type\":\"EntryPoint\",\"urlTemplate\":\"https:\\\/\\\/likeink.com\\\/fi\\\/?s={search_term_string}\"},\"query-input\":{\"@type\":\"PropertyValueSpecification\",\"valueRequired\":true,\"valueName\":\"search_term_string\"}}],\"inLanguage\":\"fi\"}]}<\/script>\n<!-- \/ Yoast SEO Premium plugin. -->","yoast_head_json":{"title":"V\u00e4rikk\u00e4\u00e4t Lohik\u00e4\u00e4rmetatuoinnit- Like ink","description":"V\u00e4rikk\u00e4\u00e4t Lohik\u00e4\u00e4rmetatuoinnit tatuoinnit rohkeilla ja eloisilla designeilla. Helppo laittaa ihoon, ihoyst\u00e4v\u00e4llisi\u00e4 ja t\u00e4ydellisi\u00e4 festareille, bileisiin ja arjen hauskanpitoon.- Like ink","robots":{"index":"index","follow":"follow","max-snippet":"max-snippet:-1","max-image-preview":"max-image-preview:large","max-video-preview":"max-video-preview:-1"},"canonical":"https:\/\/likeink.com\/fi\/siirtotatuoinnit\/varikkaat-lohikaarmetatuoinnit\/","og_locale":"fi_FI","og_type":"article","og_title":"V\u00e4rikk\u00e4\u00e4t Lohik\u00e4\u00e4rmetatuoinnit","og_description":"V\u00e4rikk\u00e4\u00e4t Lohik\u00e4\u00e4rmetatuoinnit: N\u00e4m\u00e4 lohik\u00e4\u00e4rmetatuoinnit ovat v\u00e4rikk\u00e4it\u00e4 ja laadukkaita\u2014t\u00e4ydellisi\u00e4 seuraaviin bileisiin, festareille tai mihin tahansa tapahtumaan. Meid\u00e4n tilap\u00e4iset tatuoinnit ovat ihoyst\u00e4v\u00e4llisi\u00e4 ja hell\u00e4varaisia, joten niit\u00e4 on turvallista k\u00e4ytt\u00e4\u00e4. Tilaa nyt arkki \u201cV\u00e4rikk\u00e4\u00e4t Lohik\u00e4\u00e4rmetatuoinnit\u201d ja ole siistein seuraavassa tapahtumassasi. T\u00e4m\u00e4 valmiiksi suunniteltu arkki sis\u00e4lt\u00e4\u00e4 kaksi isoa lohik\u00e4\u00e4rmett\u00e4, jotka sopivat t\u00e4ydellisesti k\u00e4sivarsiin, jalkoihin tai yl\u00e4vartaloon. Saat my\u00f6s kaksi pienemp\u00e4\u00e4 k\u00e4\u00e4rmekuvaa, jotka voit laittaa kaulaan tai kasvoihin n\u00e4ytt\u00e4\u00e4ksesi rohkean tyylisi. L\u00e4het\u00e4mme tatuointisi 24 tunnin sis\u00e4ll\u00e4. Voit k\u00e4ytt\u00e4\u00e4 ne kaikki kerralla tai s\u00e4\u00e4st\u00e4\u00e4 osan my\u00f6hempiin hetkiin. Meid\u00e4n tilap\u00e4iset tatuoinnit valmistetaan Malm\u00f6ss\u00e4, Ruotsissa, ja ne ovat huippulaatua. N\u00e4m\u00e4 v\u00e4rikk\u00e4\u00e4t lohik\u00e4\u00e4rmeet on helppo laittaa iholle ja ne kest\u00e4v\u00e4t 2\u20137 p\u00e4iv\u00e4\u00e4.  Kaikki Like Ink -tilap\u00e4iset tatuoinnit ovat: \u2022 vegaanisia \u2022 CE-merkittyj\u00e4 \u2022 ihoyst\u00e4v\u00e4llisi\u00e4  Arkin koko: A5 Tatuoinnin koko: 135x112 mm Tatuointien m\u00e4\u00e4r\u00e4: 4","og_url":"https:\/\/likeink.com\/fi\/siirtotatuoinnit\/varikkaat-lohikaarmetatuoinnit\/","og_site_name":"Like ink","article_publisher":"https:\/\/www.facebook.com\/LikeInkSe","article_modified_time":"2026-04-09T09:30:14+00:00","og_image":[{"width":1600,"height":1127,"url":"https:\/\/likeink.com\/wp-content\/uploads\/2026\/04\/Colourful-Dragons-Tattoos-Likeink.jpg","type":"image\/jpeg"}],"twitter_card":"summary_large_image","twitter_misc":{"Arvioitu lukuaika":"1 minuutti"},"schema":{"@context":"https:\/\/schema.org","@graph":[{"@type":"WebPage","@id":"https:\/\/likeink.com\/fi\/siirtotatuoinnit\/varikkaat-lohikaarmetatuoinnit\/","url":"https:\/\/likeink.com\/fi\/siirtotatuoinnit\/varikkaat-lohikaarmetatuoinnit\/","name":"V\u00e4rikk\u00e4\u00e4t Lohik\u00e4\u00e4rmetatuoinnit- Like ink","isPartOf":{"@id":"https:\/\/likeink.com\/fi\/#website"},"primaryImageOfPage":{"@id":"https:\/\/likeink.com\/fi\/siirtotatuoinnit\/varikkaat-lohikaarmetatuoinnit\/#primaryimage"},"image":{"@id":"https:\/\/likeink.com\/fi\/siirtotatuoinnit\/varikkaat-lohikaarmetatuoinnit\/#primaryimage"},"thumbnailUrl":"https:\/\/likeink.com\/wp-content\/uploads\/2026\/04\/Colourful-Dragons-Tattoos-Likeink.jpg","datePublished":"2026-04-09T08:13:55+00:00","dateModified":"2026-04-09T09:30:14+00:00","description":"V\u00e4rikk\u00e4\u00e4t Lohik\u00e4\u00e4rmetatuoinnit tatuoinnit rohkeilla ja eloisilla designeilla. Helppo laittaa ihoon, ihoyst\u00e4v\u00e4llisi\u00e4 ja t\u00e4ydellisi\u00e4 festareille, bileisiin ja arjen hauskanpitoon.- Like ink","breadcrumb":{"@id":"https:\/\/likeink.com\/fi\/siirtotatuoinnit\/varikkaat-lohikaarmetatuoinnit\/#breadcrumb"},"inLanguage":"fi","potentialAction":[{"@type":"ReadAction","target":["https:\/\/likeink.com\/fi\/siirtotatuoinnit\/varikkaat-lohikaarmetatuoinnit\/"]}]},{"@type":"ImageObject","inLanguage":"fi","@id":"https:\/\/likeink.com\/fi\/siirtotatuoinnit\/varikkaat-lohikaarmetatuoinnit\/#primaryimage","url":"https:\/\/likeink.com\/wp-content\/uploads\/2026\/04\/Colourful-Dragons-Tattoos-Likeink.jpg","contentUrl":"https:\/\/likeink.com\/wp-content\/uploads\/2026\/04\/Colourful-Dragons-Tattoos-Likeink.jpg","width":1600,"height":1127,"caption":"Kuvassa on kaksi v\u00e4rik\u00e4st\u00e4, koristeltua lohik\u00e4\u00e4rmett\u00e4 ja kaksi kuviollista k\u00e4\u00e4rmett\u00e4. Vasemmanpuoleista lohik\u00e4\u00e4rmett\u00e4 ymp\u00e4r\u00f6iv\u00e4t punaiset kukat ja vihre\u00e4t lehdet, kun taas oikeanpuoleinen lohik\u00e4\u00e4rme on sininen ja violetti. Kaksi mustakultaista k\u00e4\u00e4rmett\u00e4 on sijoitettu lohik\u00e4\u00e4rmeiden v\u00e4liin."},{"@type":"BreadcrumbList","@id":"https:\/\/likeink.com\/fi\/siirtotatuoinnit\/varikkaat-lohikaarmetatuoinnit\/#breadcrumb","itemListElement":[{"@type":"ListItem","position":1,"name":"Hem","item":"https:\/\/likeink.com\/fi\/"},{"@type":"ListItem","position":2,"name":"Shop","item":"https:\/\/likeink.com\/fi\/shop\/"},{"@type":"ListItem","position":3,"name":"V\u00e4rikk\u00e4\u00e4t Lohik\u00e4\u00e4rmetatuoinnit"}]},{"@type":"WebSite","@id":"https:\/\/likeink.com\/fi\/#website","url":"https:\/\/likeink.com\/fi\/","name":"Like ink","description":"Make your own custom design","potentialAction":[{"@type":"SearchAction","target":{"@type":"EntryPoint","urlTemplate":"https:\/\/likeink.com\/fi\/?s={search_term_string}"},"query-input":{"@type":"PropertyValueSpecification","valueRequired":true,"valueName":"search_term_string"}}],"inLanguage":"fi"}]}},"_links":{"self":[{"href":"https:\/\/likeink.com\/fi\/wp-json\/wp\/v2\/product\/62290","targetHints":{"allow":["GET"]}}],"collection":[{"href":"https:\/\/likeink.com\/fi\/wp-json\/wp\/v2\/product"}],"about":[{"href":"https:\/\/likeink.com\/fi\/wp-json\/wp\/v2\/types\/product"}],"wp:featuredmedia":[{"embeddable":true,"href":"https:\/\/likeink.com\/fi\/wp-json\/wp\/v2\/media\/62279"}],"wp:attachment":[{"href":"https:\/\/likeink.com\/fi\/wp-json\/wp\/v2\/media?parent=62290"}],"wp:term":[{"taxonomy":"product_brand","embeddable":true,"href":"https:\/\/likeink.com\/fi\/wp-json\/wp\/v2\/product_brand?post=62290"},{"taxonomy":"product_cat","embeddable":true,"href":"https:\/\/likeink.com\/fi\/wp-json\/wp\/v2\/product_cat?post=62290"},{"taxonomy":"product_tag","embeddable":true,"href":"https:\/\/likeink.com\/fi\/wp-json\/wp\/v2\/product_tag?post=62290"}],"curies":[{"name":"wp","href":"https:\/\/api.w.org\/{rel}","templated":true}]}}