{"id":62673,"date":"2026-04-15T08:37:28","date_gmt":"2026-04-15T08:37:28","guid":{"rendered":"https:\/\/likeink.com\/?post_type=product&#038;p=62673"},"modified":"2026-04-15T08:53:57","modified_gmt":"2026-04-15T08:53:57","slug":"creepy-bugs-siirtotatuoinnit-a5","status":"publish","type":"product","link":"https:\/\/likeink.com\/fi\/siirtotatuoinnit\/creepy-bugs-siirtotatuoinnit-a5\/","title":{"rendered":"Creepy Bugs Siirtotatuoinnit"},"content":{"rendered":"","protected":false},"excerpt":{"rendered":"<p>Siirtotatuointeja, joissa on yksityiskohtaisia ja realistisia kuoriaisia ja hy\u00f6nteisi\u00e4. N\u00e4m\u00e4 tatuoinnit ovat t\u00e4ydellisi\u00e4 luonnon yst\u00e4ville tai niille, jotka etsiv\u00e4t ainutlaatuisia ja huomiota her\u00e4tt\u00e4vi\u00e4 v\u00e4liaikaisia kehotatuointeja. Kauniita kyll\u00e4, mutta my\u00f6s melko \u00e4ll\u00f6tt\u00e4vi\u00e4, joten ne sopivat loistavasti teemajuhliin ja halloween-asuihin.<br \/>\nArkissa on 13 erikokoista hy\u00f6nteist\u00e4, ja ne t\u00e4ydent\u00e4v\u00e4t erinomaisesti pelottavaa halloween-asua. Valmistettu korkealaatuisella, myrkytt\u00f6m\u00e4ll\u00e4 musteella ja materiaaleilla, joten tatuoinnit ovat turvallisia ja helppoja kiinnitt\u00e4\u00e4.<\/p>\n<h2>Osta siirtotatuointeja, joissa on hy\u00f6nteisi\u00e4 ja kuoriaisia kasvoihin tai muille kehonosille<\/h2>\n<p>Tatuointimme ovat allergiayst\u00e4v\u00e4llisi\u00e4 ja turvallisia kaikille ihotyypeille. Ne on helppo kiinnitt\u00e4\u00e4 vedell\u00e4, ja ne kest\u00e4v\u00e4t useita p\u00e4ivi\u00e4, mik\u00e4 tekee niist\u00e4 t\u00e4ydellisi\u00e4 juhliin, festivaaleille ja naamiaisiin.<\/p>\n<p><strong>Arkin koko:<\/strong> A5<br \/>\n<strong>Tatuointien koko:<\/strong> noin 2-7 cm leve\u00e4<\/p>\n","protected":false},"featured_media":32646,"template":"","meta":[],"product_brand":[],"product_cat":[16],"product_tag":[],"class_list":{"0":"post-62673","1":"product","2":"type-product","3":"status-publish","4":"has-post-thumbnail","6":"product_cat-okategoriserad","8":"first","9":"instock","10":"taxable","11":"shipping-taxable","12":"purchasable","13":"product-type-simple"},"yoast_head":"<!-- This site is optimized with the Yoast SEO Premium plugin v26.2 (Yoast SEO v27.4) - https:\/\/yoast.com\/product\/yoast-seo-premium-wordpress\/ -->\n<title>Creepy Bugs Siirtotatuoinnit A5 | Like Ink<\/title>\n<meta name=\"description\" content=\"Creepy Bugs siirtotatuointeja realistisilla kovakuoriaisilla ja hy\u00f6nteisill\u00e4 eri muodoissa, v\u00e4reiss\u00e4 ja ko&#039;oissa. - Hyv\u00e4 laatu ja nopea toimitus!\" \/>\n<meta name=\"robots\" content=\"index, follow, max-snippet:-1, max-image-preview:large, max-video-preview:-1\" \/>\n<link rel=\"canonical\" href=\"https:\/\/likeink.com\/fi\/siirtotatuoinnit\/creepy-bugs-siirtotatuoinnit-a5\/\" \/>\n<meta property=\"og:locale\" content=\"fi_FI\" \/>\n<meta property=\"og:type\" content=\"article\" \/>\n<meta property=\"og:title\" content=\"Creepy Bugs Siirtotatuoinnit\" \/>\n<meta property=\"og:description\" content=\"Siirtotatuointeja, joissa on yksityiskohtaisia ja realistisia kuoriaisia ja hy\u00f6nteisi\u00e4. N\u00e4m\u00e4 tatuoinnit ovat t\u00e4ydellisi\u00e4 luonnon yst\u00e4ville tai niille, jotka etsiv\u00e4t ainutlaatuisia ja huomiota her\u00e4tt\u00e4vi\u00e4 v\u00e4liaikaisia kehotatuointeja. Kauniita kyll\u00e4, mutta my\u00f6s melko \u00e4ll\u00f6tt\u00e4vi\u00e4, joten ne sopivat loistavasti teemajuhliin ja halloween-asuihin. Arkissa on 13 erikokoista hy\u00f6nteist\u00e4, ja ne t\u00e4ydent\u00e4v\u00e4t erinomaisesti pelottavaa halloween-asua. Valmistettu korkealaatuisella, myrkytt\u00f6m\u00e4ll\u00e4 musteella ja materiaaleilla, joten tatuoinnit ovat turvallisia ja helppoja kiinnitt\u00e4\u00e4. Osta siirtotatuointeja, joissa on hy\u00f6nteisi\u00e4 ja kuoriaisia kasvoihin tai muille kehonosille Tatuointimme ovat allergiayst\u00e4v\u00e4llisi\u00e4 ja turvallisia kaikille ihotyypeille. Ne on helppo kiinnitt\u00e4\u00e4 vedell\u00e4, ja ne kest\u00e4v\u00e4t useita p\u00e4ivi\u00e4, mik\u00e4 tekee niist\u00e4 t\u00e4ydellisi\u00e4 juhliin, festivaaleille ja naamiaisiin.  Arkin koko: A5 Tatuointien koko: noin 2-7 cm leve\u00e4\" \/>\n<meta property=\"og:url\" content=\"https:\/\/likeink.com\/fi\/siirtotatuoinnit\/creepy-bugs-siirtotatuoinnit-a5\/\" \/>\n<meta property=\"og:site_name\" content=\"Like ink\" \/>\n<meta property=\"article:publisher\" content=\"https:\/\/www.facebook.com\/LikeInkSe\" \/>\n<meta property=\"article:modified_time\" content=\"2026-04-15T08:53:57+00:00\" \/>\n<meta property=\"og:image\" content=\"https:\/\/likeink.com\/wp-content\/uploads\/2024\/09\/1004-Creepy_Bugs_likeink_web.png\" \/>\n\t<meta property=\"og:image:width\" content=\"1400\" \/>\n\t<meta property=\"og:image:height\" content=\"987\" \/>\n\t<meta property=\"og:image:type\" content=\"image\/png\" \/>\n<meta name=\"twitter:card\" content=\"summary_large_image\" \/>\n<meta name=\"twitter:label1\" content=\"Arvioitu lukuaika\" \/>\n\t<meta name=\"twitter:data1\" content=\"1 minuutti\" \/>\n<script type=\"application\/ld+json\" class=\"yoast-schema-graph\">{\"@context\":\"https:\\\/\\\/schema.org\",\"@graph\":[{\"@type\":\"WebPage\",\"@id\":\"https:\\\/\\\/likeink.com\\\/fi\\\/siirtotatuoinnit\\\/creepy-bugs-siirtotatuoinnit-a5\\\/\",\"url\":\"https:\\\/\\\/likeink.com\\\/fi\\\/siirtotatuoinnit\\\/creepy-bugs-siirtotatuoinnit-a5\\\/\",\"name\":\"Creepy Bugs Siirtotatuoinnit A5 | Like Ink\",\"isPartOf\":{\"@id\":\"https:\\\/\\\/likeink.com\\\/fi\\\/#website\"},\"primaryImageOfPage\":{\"@id\":\"https:\\\/\\\/likeink.com\\\/fi\\\/siirtotatuoinnit\\\/creepy-bugs-siirtotatuoinnit-a5\\\/#primaryimage\"},\"image\":{\"@id\":\"https:\\\/\\\/likeink.com\\\/fi\\\/siirtotatuoinnit\\\/creepy-bugs-siirtotatuoinnit-a5\\\/#primaryimage\"},\"thumbnailUrl\":\"https:\\\/\\\/likeink.com\\\/wp-content\\\/uploads\\\/2024\\\/09\\\/1004-Creepy_Bugs_likeink_web.png\",\"datePublished\":\"2026-04-15T08:37:28+00:00\",\"dateModified\":\"2026-04-15T08:53:57+00:00\",\"description\":\"Creepy Bugs siirtotatuointeja realistisilla kovakuoriaisilla ja hy\u00f6nteisill\u00e4 eri muodoissa, v\u00e4reiss\u00e4 ja ko'oissa. - Hyv\u00e4 laatu ja nopea toimitus!\",\"breadcrumb\":{\"@id\":\"https:\\\/\\\/likeink.com\\\/fi\\\/siirtotatuoinnit\\\/creepy-bugs-siirtotatuoinnit-a5\\\/#breadcrumb\"},\"inLanguage\":\"fi\",\"potentialAction\":[{\"@type\":\"ReadAction\",\"target\":[\"https:\\\/\\\/likeink.com\\\/fi\\\/siirtotatuoinnit\\\/creepy-bugs-siirtotatuoinnit-a5\\\/\"]}]},{\"@type\":\"ImageObject\",\"inLanguage\":\"fi\",\"@id\":\"https:\\\/\\\/likeink.com\\\/fi\\\/siirtotatuoinnit\\\/creepy-bugs-siirtotatuoinnit-a5\\\/#primaryimage\",\"url\":\"https:\\\/\\\/likeink.com\\\/wp-content\\\/uploads\\\/2024\\\/09\\\/1004-Creepy_Bugs_likeink_web.png\",\"contentUrl\":\"https:\\\/\\\/likeink.com\\\/wp-content\\\/uploads\\\/2024\\\/09\\\/1004-Creepy_Bugs_likeink_web.png\",\"width\":1400,\"height\":987,\"caption\":\"Kokoelma siirtotatuointeja, joissa on yksityiskohtaisia kuvia erilaisista kovakuoriaisista ja hy\u00f6nteisist\u00e4, mukaan lukien vihreit\u00e4, ruskeita ja metallisia s\u00e4vyj\u00e4, joista joillakin on laajennetut siivet.\"},{\"@type\":\"BreadcrumbList\",\"@id\":\"https:\\\/\\\/likeink.com\\\/fi\\\/siirtotatuoinnit\\\/creepy-bugs-siirtotatuoinnit-a5\\\/#breadcrumb\",\"itemListElement\":[{\"@type\":\"ListItem\",\"position\":1,\"name\":\"Hem\",\"item\":\"https:\\\/\\\/likeink.com\\\/fi\\\/\"},{\"@type\":\"ListItem\",\"position\":2,\"name\":\"Shop\",\"item\":\"https:\\\/\\\/likeink.com\\\/fi\\\/shop\\\/\"},{\"@type\":\"ListItem\",\"position\":3,\"name\":\"Creepy Bugs Siirtotatuoinnit\"}]},{\"@type\":\"WebSite\",\"@id\":\"https:\\\/\\\/likeink.com\\\/fi\\\/#website\",\"url\":\"https:\\\/\\\/likeink.com\\\/fi\\\/\",\"name\":\"Like ink\",\"description\":\"Make your own custom design\",\"potentialAction\":[{\"@type\":\"SearchAction\",\"target\":{\"@type\":\"EntryPoint\",\"urlTemplate\":\"https:\\\/\\\/likeink.com\\\/fi\\\/?s={search_term_string}\"},\"query-input\":{\"@type\":\"PropertyValueSpecification\",\"valueRequired\":true,\"valueName\":\"search_term_string\"}}],\"inLanguage\":\"fi\"}]}<\/script>\n<!-- \/ Yoast SEO Premium plugin. -->","yoast_head_json":{"title":"Creepy Bugs Siirtotatuoinnit A5 | Like Ink","description":"Creepy Bugs siirtotatuointeja realistisilla kovakuoriaisilla ja hy\u00f6nteisill\u00e4 eri muodoissa, v\u00e4reiss\u00e4 ja ko'oissa. - Hyv\u00e4 laatu ja nopea toimitus!","robots":{"index":"index","follow":"follow","max-snippet":"max-snippet:-1","max-image-preview":"max-image-preview:large","max-video-preview":"max-video-preview:-1"},"canonical":"https:\/\/likeink.com\/fi\/siirtotatuoinnit\/creepy-bugs-siirtotatuoinnit-a5\/","og_locale":"fi_FI","og_type":"article","og_title":"Creepy Bugs Siirtotatuoinnit","og_description":"Siirtotatuointeja, joissa on yksityiskohtaisia ja realistisia kuoriaisia ja hy\u00f6nteisi\u00e4. N\u00e4m\u00e4 tatuoinnit ovat t\u00e4ydellisi\u00e4 luonnon yst\u00e4ville tai niille, jotka etsiv\u00e4t ainutlaatuisia ja huomiota her\u00e4tt\u00e4vi\u00e4 v\u00e4liaikaisia kehotatuointeja. Kauniita kyll\u00e4, mutta my\u00f6s melko \u00e4ll\u00f6tt\u00e4vi\u00e4, joten ne sopivat loistavasti teemajuhliin ja halloween-asuihin. Arkissa on 13 erikokoista hy\u00f6nteist\u00e4, ja ne t\u00e4ydent\u00e4v\u00e4t erinomaisesti pelottavaa halloween-asua. Valmistettu korkealaatuisella, myrkytt\u00f6m\u00e4ll\u00e4 musteella ja materiaaleilla, joten tatuoinnit ovat turvallisia ja helppoja kiinnitt\u00e4\u00e4. Osta siirtotatuointeja, joissa on hy\u00f6nteisi\u00e4 ja kuoriaisia kasvoihin tai muille kehonosille Tatuointimme ovat allergiayst\u00e4v\u00e4llisi\u00e4 ja turvallisia kaikille ihotyypeille. Ne on helppo kiinnitt\u00e4\u00e4 vedell\u00e4, ja ne kest\u00e4v\u00e4t useita p\u00e4ivi\u00e4, mik\u00e4 tekee niist\u00e4 t\u00e4ydellisi\u00e4 juhliin, festivaaleille ja naamiaisiin.  Arkin koko: A5 Tatuointien koko: noin 2-7 cm leve\u00e4","og_url":"https:\/\/likeink.com\/fi\/siirtotatuoinnit\/creepy-bugs-siirtotatuoinnit-a5\/","og_site_name":"Like ink","article_publisher":"https:\/\/www.facebook.com\/LikeInkSe","article_modified_time":"2026-04-15T08:53:57+00:00","og_image":[{"width":1400,"height":987,"url":"https:\/\/likeink.com\/wp-content\/uploads\/2024\/09\/1004-Creepy_Bugs_likeink_web.png","type":"image\/png"}],"twitter_card":"summary_large_image","twitter_misc":{"Arvioitu lukuaika":"1 minuutti"},"schema":{"@context":"https:\/\/schema.org","@graph":[{"@type":"WebPage","@id":"https:\/\/likeink.com\/fi\/siirtotatuoinnit\/creepy-bugs-siirtotatuoinnit-a5\/","url":"https:\/\/likeink.com\/fi\/siirtotatuoinnit\/creepy-bugs-siirtotatuoinnit-a5\/","name":"Creepy Bugs Siirtotatuoinnit A5 | Like Ink","isPartOf":{"@id":"https:\/\/likeink.com\/fi\/#website"},"primaryImageOfPage":{"@id":"https:\/\/likeink.com\/fi\/siirtotatuoinnit\/creepy-bugs-siirtotatuoinnit-a5\/#primaryimage"},"image":{"@id":"https:\/\/likeink.com\/fi\/siirtotatuoinnit\/creepy-bugs-siirtotatuoinnit-a5\/#primaryimage"},"thumbnailUrl":"https:\/\/likeink.com\/wp-content\/uploads\/2024\/09\/1004-Creepy_Bugs_likeink_web.png","datePublished":"2026-04-15T08:37:28+00:00","dateModified":"2026-04-15T08:53:57+00:00","description":"Creepy Bugs siirtotatuointeja realistisilla kovakuoriaisilla ja hy\u00f6nteisill\u00e4 eri muodoissa, v\u00e4reiss\u00e4 ja ko'oissa. - Hyv\u00e4 laatu ja nopea toimitus!","breadcrumb":{"@id":"https:\/\/likeink.com\/fi\/siirtotatuoinnit\/creepy-bugs-siirtotatuoinnit-a5\/#breadcrumb"},"inLanguage":"fi","potentialAction":[{"@type":"ReadAction","target":["https:\/\/likeink.com\/fi\/siirtotatuoinnit\/creepy-bugs-siirtotatuoinnit-a5\/"]}]},{"@type":"ImageObject","inLanguage":"fi","@id":"https:\/\/likeink.com\/fi\/siirtotatuoinnit\/creepy-bugs-siirtotatuoinnit-a5\/#primaryimage","url":"https:\/\/likeink.com\/wp-content\/uploads\/2024\/09\/1004-Creepy_Bugs_likeink_web.png","contentUrl":"https:\/\/likeink.com\/wp-content\/uploads\/2024\/09\/1004-Creepy_Bugs_likeink_web.png","width":1400,"height":987,"caption":"Kokoelma siirtotatuointeja, joissa on yksityiskohtaisia kuvia erilaisista kovakuoriaisista ja hy\u00f6nteisist\u00e4, mukaan lukien vihreit\u00e4, ruskeita ja metallisia s\u00e4vyj\u00e4, joista joillakin on laajennetut siivet."},{"@type":"BreadcrumbList","@id":"https:\/\/likeink.com\/fi\/siirtotatuoinnit\/creepy-bugs-siirtotatuoinnit-a5\/#breadcrumb","itemListElement":[{"@type":"ListItem","position":1,"name":"Hem","item":"https:\/\/likeink.com\/fi\/"},{"@type":"ListItem","position":2,"name":"Shop","item":"https:\/\/likeink.com\/fi\/shop\/"},{"@type":"ListItem","position":3,"name":"Creepy Bugs Siirtotatuoinnit"}]},{"@type":"WebSite","@id":"https:\/\/likeink.com\/fi\/#website","url":"https:\/\/likeink.com\/fi\/","name":"Like ink","description":"Make your own custom design","potentialAction":[{"@type":"SearchAction","target":{"@type":"EntryPoint","urlTemplate":"https:\/\/likeink.com\/fi\/?s={search_term_string}"},"query-input":{"@type":"PropertyValueSpecification","valueRequired":true,"valueName":"search_term_string"}}],"inLanguage":"fi"}]}},"_links":{"self":[{"href":"https:\/\/likeink.com\/fi\/wp-json\/wp\/v2\/product\/62673","targetHints":{"allow":["GET"]}}],"collection":[{"href":"https:\/\/likeink.com\/fi\/wp-json\/wp\/v2\/product"}],"about":[{"href":"https:\/\/likeink.com\/fi\/wp-json\/wp\/v2\/types\/product"}],"wp:featuredmedia":[{"embeddable":true,"href":"https:\/\/likeink.com\/fi\/wp-json\/wp\/v2\/media\/32646"}],"wp:attachment":[{"href":"https:\/\/likeink.com\/fi\/wp-json\/wp\/v2\/media?parent=62673"}],"wp:term":[{"taxonomy":"product_brand","embeddable":true,"href":"https:\/\/likeink.com\/fi\/wp-json\/wp\/v2\/product_brand?post=62673"},{"taxonomy":"product_cat","embeddable":true,"href":"https:\/\/likeink.com\/fi\/wp-json\/wp\/v2\/product_cat?post=62673"},{"taxonomy":"product_tag","embeddable":true,"href":"https:\/\/likeink.com\/fi\/wp-json\/wp\/v2\/product_tag?post=62673"}],"curies":[{"name":"wp","href":"https:\/\/api.w.org\/{rel}","templated":true}]}}