{"id":63531,"date":"2026-04-23T07:32:30","date_gmt":"2026-04-23T07:32:30","guid":{"rendered":"https:\/\/likeink.com\/?post_type=product&#038;p=63531"},"modified":"2026-04-23T08:02:12","modified_gmt":"2026-04-23T08:02:12","slug":"matt-machine-big-panther","status":"publish","type":"product","link":"https:\/\/likeink.com\/fi\/siirtotatuoinnit\/matt-machine-big-panther\/","title":{"rendered":"Matt Machine &#8220;Big Panther&#8221;"},"content":{"rendered":"","protected":false},"excerpt":{"rendered":"<p>Like Inkin valmiit arkit v\u00e4liaikaisilla tatuoinneilla ovat noin 20\u00d714 cm kokoisia ja sis\u00e4lt\u00e4v\u00e4t kuvassa n\u00e4kyv\u00e4t aiheet. Painamme ja l\u00e4het\u00e4mme tilauksesi 24 tunnin sis\u00e4ll\u00e4. Tatuoinnit ovat tyylikk\u00e4it\u00e4, korkealaatuisia, helppoja kiinnitt\u00e4\u00e4 ja helppoja pest\u00e4 pois. Like Ink noudattaa kaikkia EU:n kosmetiikkas\u00e4\u00e4d\u00f6ksi\u00e4, joten voit tilata luottavaisin mielin. T\u00e4m\u00e4 v\u00e4liaikaisten tatuointien arkki sis\u00e4lt\u00e4\u00e4 muun muassa kotkan ja pantterin. T\u00e4ydellinen sinulle, joka pid\u00e4t siisteist\u00e4 ja suurista tatuoinneista.<\/p>\n<h2><strong>V\u00e4liaikaiset tatuoinnit, suunnitellut tatuoija Mattias, tunnetaan my\u00f6s nimell\u00e4 Matt Machine<\/strong><\/h2>\n<p>T\u00e4m\u00e4 arkki on suunniteltu Mattias Anderssonin toimesta, joka tunnetaan my\u00f6s nimell\u00e4 Matt Machine, suosittu ja kokenut tatuoija Kung\u00e4lvist\u00e4. Mattias on py\u00f6ritt\u00e4nyt omaa yksityist\u00e4 studiota noin 12 vuotta ja ty\u00f6skentelee vain ajanvarauksella. H\u00e4n on rakastanut tatuointeja lapsuudesta asti ja tunnetaan sek\u00e4 pienist\u00e4, yksinkertaisista tatuoinneista ett\u00e4 suuremmista, r\u00e4\u00e4t\u00e4l\u00f6idyist\u00e4 projekteista. H\u00e4nen intohimonsa tatuointeihin ja vahva yhteys asiakkaisiin ovat suuri osa sit\u00e4, mik\u00e4 tekee h\u00e4nen ty\u00f6st\u00e4\u00e4n ainutlaatuista.<\/p>\n<p><strong>L\u00f6yd\u00e4 Mattias t\u00e4\u00e4lt\u00e4:<\/strong><br \/>\nInstagram: @straydogstattoo<br \/>\nStudio: @straydogstattoo<br \/>\nSijainti: G\u00f6teborg \/ Kung\u00e4lv<\/p>\n<p>Arkin koko: A5<br \/>\nTatuointien m\u00e4\u00e4r\u00e4: 5<br \/>\nTatuointien koko: noin 6-9 cm<\/p>\n","protected":false},"featured_media":63521,"template":"","meta":[],"product_brand":[],"product_cat":[507,51,501],"product_tag":[],"class_list":{"0":"post-63531","1":"product","2":"type-product","3":"status-publish","4":"has-post-thumbnail","6":"product_cat-old-school-retro-fi","7":"product_cat-valmiit-arkit","8":"product_cat-yhteistyot-tatuoijien-kanssa","10":"first","11":"instock","12":"taxable","13":"shipping-taxable","14":"purchasable","15":"product-type-simple"},"yoast_head":"<!-- This site is optimized with the Yoast SEO Premium plugin v26.2 (Yoast SEO v27.4) - https:\/\/yoast.com\/product\/yoast-seo-premium-wordpress\/ -->\n<title>Matt Machine &quot;Big Panther&quot; - Like ink<\/title>\n<meta name=\"description\" content=\"V\u00e4liaikaiset tatuoinnit Matt Machine &quot;Big Panther&quot; klassisilla tatuointiaiheilla, kuten pantteri ja kotka. Korkea laatu ja helppo kiinnitt\u00e4\u00e4.\" \/>\n<meta name=\"robots\" content=\"index, follow, max-snippet:-1, max-image-preview:large, max-video-preview:-1\" \/>\n<link rel=\"canonical\" href=\"https:\/\/likeink.com\/fi\/siirtotatuoinnit\/matt-machine-big-panther\/\" \/>\n<meta property=\"og:locale\" content=\"fi_FI\" \/>\n<meta property=\"og:type\" content=\"article\" \/>\n<meta property=\"og:title\" content=\"Matt Machine &quot;Big Panther&quot;\" \/>\n<meta property=\"og:description\" content=\"Like Inkin valmiit arkit v\u00e4liaikaisilla tatuoinneilla ovat noin 20\u00d714 cm kokoisia ja sis\u00e4lt\u00e4v\u00e4t kuvassa n\u00e4kyv\u00e4t aiheet. Painamme ja l\u00e4het\u00e4mme tilauksesi 24 tunnin sis\u00e4ll\u00e4. Tatuoinnit ovat tyylikk\u00e4it\u00e4, korkealaatuisia, helppoja kiinnitt\u00e4\u00e4 ja helppoja pest\u00e4 pois. Like Ink noudattaa kaikkia EU:n kosmetiikkas\u00e4\u00e4d\u00f6ksi\u00e4, joten voit tilata luottavaisin mielin. T\u00e4m\u00e4 v\u00e4liaikaisten tatuointien arkki sis\u00e4lt\u00e4\u00e4 muun muassa kotkan ja pantterin. T\u00e4ydellinen sinulle, joka pid\u00e4t siisteist\u00e4 ja suurista tatuoinneista. V\u00e4liaikaiset tatuoinnit, suunnitellut tatuoija Mattias, tunnetaan my\u00f6s nimell\u00e4 Matt Machine T\u00e4m\u00e4 arkki on suunniteltu Mattias Anderssonin toimesta, joka tunnetaan my\u00f6s nimell\u00e4 Matt Machine, suosittu ja kokenut tatuoija Kung\u00e4lvist\u00e4. Mattias on py\u00f6ritt\u00e4nyt omaa yksityist\u00e4 studiota noin 12 vuotta ja ty\u00f6skentelee vain ajanvarauksella. H\u00e4n on rakastanut tatuointeja lapsuudesta asti ja tunnetaan sek\u00e4 pienist\u00e4, yksinkertaisista tatuoinneista ett\u00e4 suuremmista, r\u00e4\u00e4t\u00e4l\u00f6idyist\u00e4 projekteista. H\u00e4nen intohimonsa tatuointeihin ja vahva yhteys asiakkaisiin ovat suuri osa sit\u00e4, mik\u00e4 tekee h\u00e4nen ty\u00f6st\u00e4\u00e4n ainutlaatuista.  L\u00f6yd\u00e4 Mattias t\u00e4\u00e4lt\u00e4: Instagram: @straydogstattoo Studio: @straydogstattoo Sijainti: G\u00f6teborg \/ Kung\u00e4lv  Arkin koko: A5 Tatuointien m\u00e4\u00e4r\u00e4: 5 Tatuointien koko: noin 6-9 cm\" \/>\n<meta property=\"og:url\" content=\"https:\/\/likeink.com\/fi\/siirtotatuoinnit\/matt-machine-big-panther\/\" \/>\n<meta property=\"og:site_name\" content=\"Like ink\" \/>\n<meta property=\"article:publisher\" content=\"https:\/\/www.facebook.com\/LikeInkSe\" \/>\n<meta property=\"article:modified_time\" content=\"2026-04-23T08:02:12+00:00\" \/>\n<meta property=\"og:image\" content=\"https:\/\/likeink.com\/wp-content\/uploads\/2026\/04\/BigPantherTattoo-MattMachine-Likeink.png\" \/>\n\t<meta property=\"og:image:width\" content=\"1400\" \/>\n\t<meta property=\"og:image:height\" content=\"986\" \/>\n\t<meta property=\"og:image:type\" content=\"image\/png\" \/>\n<meta name=\"twitter:card\" content=\"summary_large_image\" \/>\n<meta name=\"twitter:label1\" content=\"Arvioitu lukuaika\" \/>\n\t<meta name=\"twitter:data1\" content=\"1 minuutti\" \/>\n<!-- \/ Yoast SEO Premium plugin. -->","yoast_head_json":{"title":"Matt Machine \"Big Panther\" - Like ink","description":"V\u00e4liaikaiset tatuoinnit Matt Machine \"Big Panther\" klassisilla tatuointiaiheilla, kuten pantteri ja kotka. Korkea laatu ja helppo kiinnitt\u00e4\u00e4.","robots":{"index":"index","follow":"follow","max-snippet":"max-snippet:-1","max-image-preview":"max-image-preview:large","max-video-preview":"max-video-preview:-1"},"canonical":"https:\/\/likeink.com\/fi\/siirtotatuoinnit\/matt-machine-big-panther\/","og_locale":"fi_FI","og_type":"article","og_title":"Matt Machine \"Big Panther\"","og_description":"Like Inkin valmiit arkit v\u00e4liaikaisilla tatuoinneilla ovat noin 20\u00d714 cm kokoisia ja sis\u00e4lt\u00e4v\u00e4t kuvassa n\u00e4kyv\u00e4t aiheet. Painamme ja l\u00e4het\u00e4mme tilauksesi 24 tunnin sis\u00e4ll\u00e4. Tatuoinnit ovat tyylikk\u00e4it\u00e4, korkealaatuisia, helppoja kiinnitt\u00e4\u00e4 ja helppoja pest\u00e4 pois. Like Ink noudattaa kaikkia EU:n kosmetiikkas\u00e4\u00e4d\u00f6ksi\u00e4, joten voit tilata luottavaisin mielin. T\u00e4m\u00e4 v\u00e4liaikaisten tatuointien arkki sis\u00e4lt\u00e4\u00e4 muun muassa kotkan ja pantterin. T\u00e4ydellinen sinulle, joka pid\u00e4t siisteist\u00e4 ja suurista tatuoinneista. V\u00e4liaikaiset tatuoinnit, suunnitellut tatuoija Mattias, tunnetaan my\u00f6s nimell\u00e4 Matt Machine T\u00e4m\u00e4 arkki on suunniteltu Mattias Anderssonin toimesta, joka tunnetaan my\u00f6s nimell\u00e4 Matt Machine, suosittu ja kokenut tatuoija Kung\u00e4lvist\u00e4. Mattias on py\u00f6ritt\u00e4nyt omaa yksityist\u00e4 studiota noin 12 vuotta ja ty\u00f6skentelee vain ajanvarauksella. H\u00e4n on rakastanut tatuointeja lapsuudesta asti ja tunnetaan sek\u00e4 pienist\u00e4, yksinkertaisista tatuoinneista ett\u00e4 suuremmista, r\u00e4\u00e4t\u00e4l\u00f6idyist\u00e4 projekteista. H\u00e4nen intohimonsa tatuointeihin ja vahva yhteys asiakkaisiin ovat suuri osa sit\u00e4, mik\u00e4 tekee h\u00e4nen ty\u00f6st\u00e4\u00e4n ainutlaatuista.  L\u00f6yd\u00e4 Mattias t\u00e4\u00e4lt\u00e4: Instagram: @straydogstattoo Studio: @straydogstattoo Sijainti: G\u00f6teborg \/ Kung\u00e4lv  Arkin koko: A5 Tatuointien m\u00e4\u00e4r\u00e4: 5 Tatuointien koko: noin 6-9 cm","og_url":"https:\/\/likeink.com\/fi\/siirtotatuoinnit\/matt-machine-big-panther\/","og_site_name":"Like ink","article_publisher":"https:\/\/www.facebook.com\/LikeInkSe","article_modified_time":"2026-04-23T08:02:12+00:00","og_image":[{"width":1400,"height":986,"url":"https:\/\/likeink.com\/wp-content\/uploads\/2026\/04\/BigPantherTattoo-MattMachine-Likeink.png","type":"image\/png"}],"twitter_card":"summary_large_image","twitter_misc":{"Arvioitu lukuaika":"1 minuutti"},"schema":{"@context":"https:\/\/schema.org","@graph":[{"@type":"WebPage","@id":"https:\/\/likeink.com\/fi\/siirtotatuoinnit\/matt-machine-big-panther\/","url":"https:\/\/likeink.com\/fi\/siirtotatuoinnit\/matt-machine-big-panther\/","name":"Matt Machine \"Big Panther\" - Like ink","isPartOf":{"@id":"https:\/\/likeink.com\/fi\/#website"},"primaryImageOfPage":{"@id":"https:\/\/likeink.com\/fi\/siirtotatuoinnit\/matt-machine-big-panther\/#primaryimage"},"image":{"@id":"https:\/\/likeink.com\/fi\/siirtotatuoinnit\/matt-machine-big-panther\/#primaryimage"},"thumbnailUrl":"https:\/\/likeink.com\/wp-content\/uploads\/2026\/04\/BigPantherTattoo-MattMachine-Likeink.png","datePublished":"2026-04-23T07:32:30+00:00","dateModified":"2026-04-23T08:02:12+00:00","description":"V\u00e4liaikaiset tatuoinnit Matt Machine \"Big Panther\" klassisilla tatuointiaiheilla, kuten pantteri ja kotka. Korkea laatu ja helppo kiinnitt\u00e4\u00e4.","breadcrumb":{"@id":"https:\/\/likeink.com\/fi\/siirtotatuoinnit\/matt-machine-big-panther\/#breadcrumb"},"inLanguage":"fi","potentialAction":[{"@type":"ReadAction","target":["https:\/\/likeink.com\/fi\/siirtotatuoinnit\/matt-machine-big-panther\/"]}]},{"@type":"ImageObject","inLanguage":"fi","@id":"https:\/\/likeink.com\/fi\/siirtotatuoinnit\/matt-machine-big-panther\/#primaryimage","url":"https:\/\/likeink.com\/wp-content\/uploads\/2026\/04\/BigPantherTattoo-MattMachine-Likeink.png","contentUrl":"https:\/\/likeink.com\/wp-content\/uploads\/2026\/04\/BigPantherTattoo-MattMachine-Likeink.png","width":1400,"height":986,"caption":"Kokoelma v\u00e4rikk\u00e4it\u00e4 perinteisi\u00e4 tatuointimalleja, kuten karjuva musta pantteri, nainen v\u00e4rikk\u00e4\u00e4ss\u00e4 p\u00e4\u00e4hineess\u00e4, lent\u00e4v\u00e4 kotka, avokado kasvoilla ja sarjakuvamainen makkara nimelt\u00e4 Wiener."},{"@type":"BreadcrumbList","@id":"https:\/\/likeink.com\/fi\/siirtotatuoinnit\/matt-machine-big-panther\/#breadcrumb","itemListElement":[{"@type":"ListItem","position":1,"name":"Hem","item":"https:\/\/likeink.com\/fi\/"},{"@type":"ListItem","position":2,"name":"Shop","item":"https:\/\/likeink.com\/fi\/shop\/"},{"@type":"ListItem","position":3,"name":"Matt Machine &#8220;Big Panther&#8221;"}]},{"@type":"WebSite","@id":"https:\/\/likeink.com\/fi\/#website","url":"https:\/\/likeink.com\/fi\/","name":"Like ink","description":"Make your own custom design","potentialAction":[{"@type":"SearchAction","target":{"@type":"EntryPoint","urlTemplate":"https:\/\/likeink.com\/fi\/?s={search_term_string}"},"query-input":{"@type":"PropertyValueSpecification","valueRequired":true,"valueName":"search_term_string"}}],"inLanguage":"fi"}]}},"_links":{"self":[{"href":"https:\/\/likeink.com\/fi\/wp-json\/wp\/v2\/product\/63531","targetHints":{"allow":["GET"]}}],"collection":[{"href":"https:\/\/likeink.com\/fi\/wp-json\/wp\/v2\/product"}],"about":[{"href":"https:\/\/likeink.com\/fi\/wp-json\/wp\/v2\/types\/product"}],"wp:featuredmedia":[{"embeddable":true,"href":"https:\/\/likeink.com\/fi\/wp-json\/wp\/v2\/media\/63521"}],"wp:attachment":[{"href":"https:\/\/likeink.com\/fi\/wp-json\/wp\/v2\/media?parent=63531"}],"wp:term":[{"taxonomy":"product_brand","embeddable":true,"href":"https:\/\/likeink.com\/fi\/wp-json\/wp\/v2\/product_brand?post=63531"},{"taxonomy":"product_cat","embeddable":true,"href":"https:\/\/likeink.com\/fi\/wp-json\/wp\/v2\/product_cat?post=63531"},{"taxonomy":"product_tag","embeddable":true,"href":"https:\/\/likeink.com\/fi\/wp-json\/wp\/v2\/product_tag?post=63531"}],"curies":[{"name":"wp","href":"https:\/\/api.w.org\/{rel}","templated":true}]}}