{"id":63561,"date":"2026-04-23T08:22:40","date_gmt":"2026-04-23T08:22:40","guid":{"rendered":"https:\/\/likeink.com\/gnuggisar\/matt-machine-old-school-flashes\/"},"modified":"2026-04-23T08:37:59","modified_gmt":"2026-04-23T08:37:59","slug":"matt-machine-old-school-flashes","status":"publish","type":"product","link":"https:\/\/likeink.com\/fi\/siirtotatuoinnit\/matt-machine-old-school-flashes\/","title":{"rendered":"Matt Machine &#8220;Old School Flashes&#8221;"},"content":{"rendered":"","protected":false},"excerpt":{"rendered":"<p>Like Inkin valmiit arkit v\u00e4liaikaisilla tatuoinneilla ovat noin 20\u00d714 cm kokoisia ja sis\u00e4lt\u00e4v\u00e4t kuvassa n\u00e4kyv\u00e4t aiheet. Painamme ja l\u00e4het\u00e4mme tilauksesi 24 tunnin sis\u00e4ll\u00e4. Tatuoinnit ovat tyylikk\u00e4it\u00e4, korkealaatuisia, helppoja kiinnitt\u00e4\u00e4 ja helppoja pest\u00e4 pois. Like Ink noudattaa kaikkia EU:n kosmetiikkas\u00e4\u00e4d\u00f6ksi\u00e4, joten voit tilata luottavaisin mielin. T\u00e4m\u00e4 arkki sis\u00e4lt\u00e4\u00e4 12 tatuointia, joista jokaisessa on ainutlaatuinen design. N\u00e4m\u00e4 designit sopivat t\u00e4ydellisesti sinulle, joka pid\u00e4t old school tatuoinneista.<\/p>\n<h2><strong>V\u00e4liaikaiset tatuoinnit, suunnitellut tatuoija Mattias, tunnetaan my\u00f6s nimell\u00e4 Matt Machine<\/strong><\/h2>\n<p>T\u00e4m\u00e4 arkki on suunniteltu Mattias Anderssonin toimesta, joka tunnetaan my\u00f6s nimell\u00e4 Matt Machine, suosittu ja kokenut tatuoija Kung\u00e4lvist\u00e4. Mattias on py\u00f6ritt\u00e4nyt omaa yksityist\u00e4 studiota noin 12 vuotta ja ty\u00f6skentelee vain ajanvarauksella. H\u00e4n on rakastanut tatuointeja lapsuudesta asti ja tunnetaan sek\u00e4 pienist\u00e4, yksinkertaisista tatuoinneista ett\u00e4 suuremmista, r\u00e4\u00e4t\u00e4l\u00f6idyist\u00e4 projekteista. H\u00e4nen intohimonsa tatuointeihin ja vahva yhteys asiakkaisiin ovat suuri osa sit\u00e4, mik\u00e4 tekee h\u00e4nen ty\u00f6st\u00e4\u00e4n ainutlaatuista.<\/p>\n<p>L\u00f6yd\u00e4 Mattias t\u00e4\u00e4lt\u00e4:<br \/>\nInstagram: @straydogstattoo<br \/>\nStudio: @straydogstattoo<br \/>\nSijainti: G\u00f6teborg \/ Kung\u00e4lv<\/p>\n<p>Arkin koko: A5<br \/>\nTatuointien m\u00e4\u00e4r\u00e4: 12<br \/>\nTatuointien koko: noin 4-6 cm<\/p>\n","protected":false},"featured_media":63552,"template":"","meta":[],"product_brand":[],"product_cat":[507,51,501],"product_tag":[],"class_list":{"0":"post-63561","1":"product","2":"type-product","3":"status-publish","4":"has-post-thumbnail","6":"product_cat-old-school-retro-fi","7":"product_cat-valmiit-arkit","8":"product_cat-yhteistyot-tatuoijien-kanssa","10":"first","11":"instock","12":"taxable","13":"shipping-taxable","14":"purchasable","15":"product-type-simple"},"yoast_head":"<!-- This site is optimized with the Yoast SEO Premium plugin v26.2 (Yoast SEO v27.4) - https:\/\/yoast.com\/product\/yoast-seo-premium-wordpress\/ -->\n<title>Matt Machine &quot;Old School Flashes&quot; - Like ink<\/title>\n<meta name=\"description\" content=\"Matt Machine &quot;Old School Flashes&quot;. Arkki v\u00e4liaikaisia tatuointeja klassisilla old school -tyylisill\u00e4 kuvioilla. Korkea laatu, helppo kiinnitt\u00e4\u00e4 ja poistaa.\" \/>\n<meta name=\"robots\" content=\"index, follow, max-snippet:-1, max-image-preview:large, max-video-preview:-1\" \/>\n<link rel=\"canonical\" href=\"https:\/\/likeink.com\/fi\/siirtotatuoinnit\/matt-machine-old-school-flashes\/\" \/>\n<meta property=\"og:locale\" content=\"fi_FI\" \/>\n<meta property=\"og:type\" content=\"article\" \/>\n<meta property=\"og:title\" content=\"Matt Machine &quot;Old School Flashes&quot;\" \/>\n<meta property=\"og:description\" content=\"Like Inkin valmiit arkit v\u00e4liaikaisilla tatuoinneilla ovat noin 20\u00d714 cm kokoisia ja sis\u00e4lt\u00e4v\u00e4t kuvassa n\u00e4kyv\u00e4t aiheet. Painamme ja l\u00e4het\u00e4mme tilauksesi 24 tunnin sis\u00e4ll\u00e4. Tatuoinnit ovat tyylikk\u00e4it\u00e4, korkealaatuisia, helppoja kiinnitt\u00e4\u00e4 ja helppoja pest\u00e4 pois. Like Ink noudattaa kaikkia EU:n kosmetiikkas\u00e4\u00e4d\u00f6ksi\u00e4, joten voit tilata luottavaisin mielin. T\u00e4m\u00e4 arkki sis\u00e4lt\u00e4\u00e4 12 tatuointia, joista jokaisessa on ainutlaatuinen design. N\u00e4m\u00e4 designit sopivat t\u00e4ydellisesti sinulle, joka pid\u00e4t old school tatuoinneista. V\u00e4liaikaiset tatuoinnit, suunnitellut tatuoija Mattias, tunnetaan my\u00f6s nimell\u00e4 Matt Machine T\u00e4m\u00e4 arkki on suunniteltu Mattias Anderssonin toimesta, joka tunnetaan my\u00f6s nimell\u00e4 Matt Machine, suosittu ja kokenut tatuoija Kung\u00e4lvist\u00e4. Mattias on py\u00f6ritt\u00e4nyt omaa yksityist\u00e4 studiota noin 12 vuotta ja ty\u00f6skentelee vain ajanvarauksella. H\u00e4n on rakastanut tatuointeja lapsuudesta asti ja tunnetaan sek\u00e4 pienist\u00e4, yksinkertaisista tatuoinneista ett\u00e4 suuremmista, r\u00e4\u00e4t\u00e4l\u00f6idyist\u00e4 projekteista. H\u00e4nen intohimonsa tatuointeihin ja vahva yhteys asiakkaisiin ovat suuri osa sit\u00e4, mik\u00e4 tekee h\u00e4nen ty\u00f6st\u00e4\u00e4n ainutlaatuista.  L\u00f6yd\u00e4 Mattias t\u00e4\u00e4lt\u00e4: Instagram: @straydogstattoo Studio: @straydogstattoo Sijainti: G\u00f6teborg \/ Kung\u00e4lv  Arkin koko: A5 Tatuointien m\u00e4\u00e4r\u00e4: 12 Tatuointien koko: noin 4-6 cm\" \/>\n<meta property=\"og:url\" content=\"https:\/\/likeink.com\/fi\/siirtotatuoinnit\/matt-machine-old-school-flashes\/\" \/>\n<meta property=\"og:site_name\" content=\"Like ink\" \/>\n<meta property=\"article:publisher\" content=\"https:\/\/www.facebook.com\/LikeInkSe\" \/>\n<meta property=\"article:modified_time\" content=\"2026-04-23T08:37:59+00:00\" \/>\n<meta property=\"og:image\" content=\"https:\/\/likeink.com\/wp-content\/uploads\/2026\/04\/OldShool-Flashes-MattMachine-Likeink.png\" \/>\n\t<meta property=\"og:image:width\" content=\"1400\" \/>\n\t<meta property=\"og:image:height\" content=\"986\" \/>\n\t<meta property=\"og:image:type\" content=\"image\/png\" \/>\n<meta name=\"twitter:card\" content=\"summary_large_image\" \/>\n<meta name=\"twitter:label1\" content=\"Arvioitu lukuaika\" \/>\n\t<meta name=\"twitter:data1\" content=\"1 minuutti\" \/>\n<!-- \/ Yoast SEO Premium plugin. -->","yoast_head_json":{"title":"Matt Machine \"Old School Flashes\" - Like ink","description":"Matt Machine \"Old School Flashes\". Arkki v\u00e4liaikaisia tatuointeja klassisilla old school -tyylisill\u00e4 kuvioilla. Korkea laatu, helppo kiinnitt\u00e4\u00e4 ja poistaa.","robots":{"index":"index","follow":"follow","max-snippet":"max-snippet:-1","max-image-preview":"max-image-preview:large","max-video-preview":"max-video-preview:-1"},"canonical":"https:\/\/likeink.com\/fi\/siirtotatuoinnit\/matt-machine-old-school-flashes\/","og_locale":"fi_FI","og_type":"article","og_title":"Matt Machine \"Old School Flashes\"","og_description":"Like Inkin valmiit arkit v\u00e4liaikaisilla tatuoinneilla ovat noin 20\u00d714 cm kokoisia ja sis\u00e4lt\u00e4v\u00e4t kuvassa n\u00e4kyv\u00e4t aiheet. Painamme ja l\u00e4het\u00e4mme tilauksesi 24 tunnin sis\u00e4ll\u00e4. Tatuoinnit ovat tyylikk\u00e4it\u00e4, korkealaatuisia, helppoja kiinnitt\u00e4\u00e4 ja helppoja pest\u00e4 pois. Like Ink noudattaa kaikkia EU:n kosmetiikkas\u00e4\u00e4d\u00f6ksi\u00e4, joten voit tilata luottavaisin mielin. T\u00e4m\u00e4 arkki sis\u00e4lt\u00e4\u00e4 12 tatuointia, joista jokaisessa on ainutlaatuinen design. N\u00e4m\u00e4 designit sopivat t\u00e4ydellisesti sinulle, joka pid\u00e4t old school tatuoinneista. V\u00e4liaikaiset tatuoinnit, suunnitellut tatuoija Mattias, tunnetaan my\u00f6s nimell\u00e4 Matt Machine T\u00e4m\u00e4 arkki on suunniteltu Mattias Anderssonin toimesta, joka tunnetaan my\u00f6s nimell\u00e4 Matt Machine, suosittu ja kokenut tatuoija Kung\u00e4lvist\u00e4. Mattias on py\u00f6ritt\u00e4nyt omaa yksityist\u00e4 studiota noin 12 vuotta ja ty\u00f6skentelee vain ajanvarauksella. H\u00e4n on rakastanut tatuointeja lapsuudesta asti ja tunnetaan sek\u00e4 pienist\u00e4, yksinkertaisista tatuoinneista ett\u00e4 suuremmista, r\u00e4\u00e4t\u00e4l\u00f6idyist\u00e4 projekteista. H\u00e4nen intohimonsa tatuointeihin ja vahva yhteys asiakkaisiin ovat suuri osa sit\u00e4, mik\u00e4 tekee h\u00e4nen ty\u00f6st\u00e4\u00e4n ainutlaatuista.  L\u00f6yd\u00e4 Mattias t\u00e4\u00e4lt\u00e4: Instagram: @straydogstattoo Studio: @straydogstattoo Sijainti: G\u00f6teborg \/ Kung\u00e4lv  Arkin koko: A5 Tatuointien m\u00e4\u00e4r\u00e4: 12 Tatuointien koko: noin 4-6 cm","og_url":"https:\/\/likeink.com\/fi\/siirtotatuoinnit\/matt-machine-old-school-flashes\/","og_site_name":"Like ink","article_publisher":"https:\/\/www.facebook.com\/LikeInkSe","article_modified_time":"2026-04-23T08:37:59+00:00","og_image":[{"width":1400,"height":986,"url":"https:\/\/likeink.com\/wp-content\/uploads\/2026\/04\/OldShool-Flashes-MattMachine-Likeink.png","type":"image\/png"}],"twitter_card":"summary_large_image","twitter_misc":{"Arvioitu lukuaika":"1 minuutti"},"schema":{"@context":"https:\/\/schema.org","@graph":[{"@type":"WebPage","@id":"https:\/\/likeink.com\/fi\/siirtotatuoinnit\/matt-machine-old-school-flashes\/","url":"https:\/\/likeink.com\/fi\/siirtotatuoinnit\/matt-machine-old-school-flashes\/","name":"Matt Machine \"Old School Flashes\" - Like ink","isPartOf":{"@id":"https:\/\/likeink.com\/fi\/#website"},"primaryImageOfPage":{"@id":"https:\/\/likeink.com\/fi\/siirtotatuoinnit\/matt-machine-old-school-flashes\/#primaryimage"},"image":{"@id":"https:\/\/likeink.com\/fi\/siirtotatuoinnit\/matt-machine-old-school-flashes\/#primaryimage"},"thumbnailUrl":"https:\/\/likeink.com\/wp-content\/uploads\/2026\/04\/OldShool-Flashes-MattMachine-Likeink.png","datePublished":"2026-04-23T08:22:40+00:00","dateModified":"2026-04-23T08:37:59+00:00","description":"Matt Machine \"Old School Flashes\". Arkki v\u00e4liaikaisia tatuointeja klassisilla old school -tyylisill\u00e4 kuvioilla. Korkea laatu, helppo kiinnitt\u00e4\u00e4 ja poistaa.","breadcrumb":{"@id":"https:\/\/likeink.com\/fi\/siirtotatuoinnit\/matt-machine-old-school-flashes\/#breadcrumb"},"inLanguage":"fi","potentialAction":[{"@type":"ReadAction","target":["https:\/\/likeink.com\/fi\/siirtotatuoinnit\/matt-machine-old-school-flashes\/"]}]},{"@type":"ImageObject","inLanguage":"fi","@id":"https:\/\/likeink.com\/fi\/siirtotatuoinnit\/matt-machine-old-school-flashes\/#primaryimage","url":"https:\/\/likeink.com\/wp-content\/uploads\/2026\/04\/OldShool-Flashes-MattMachine-Likeink.png","contentUrl":"https:\/\/likeink.com\/wp-content\/uploads\/2026\/04\/OldShool-Flashes-MattMachine-Likeink.png","width":1400,"height":986,"caption":"Kokoelma v\u00e4rikk\u00e4it\u00e4, perinteisi\u00e4 tatuointimalleja, kuten perhosia, kotkia, p\u00e4\u00e4kallo silinterihattu p\u00e4\u00e4ss\u00e4, sarjakuvamainen koira, vesiposti, tikari ja sarjakuvahahmot, jotka muistuttavat ankkaa ja kaljua miest\u00e4."},{"@type":"BreadcrumbList","@id":"https:\/\/likeink.com\/fi\/siirtotatuoinnit\/matt-machine-old-school-flashes\/#breadcrumb","itemListElement":[{"@type":"ListItem","position":1,"name":"Hem","item":"https:\/\/likeink.com\/fi\/"},{"@type":"ListItem","position":2,"name":"Shop","item":"https:\/\/likeink.com\/fi\/shop\/"},{"@type":"ListItem","position":3,"name":"Matt Machine &#8220;Old School Flashes&#8221;"}]},{"@type":"WebSite","@id":"https:\/\/likeink.com\/fi\/#website","url":"https:\/\/likeink.com\/fi\/","name":"Like ink","description":"Make your own custom design","potentialAction":[{"@type":"SearchAction","target":{"@type":"EntryPoint","urlTemplate":"https:\/\/likeink.com\/fi\/?s={search_term_string}"},"query-input":{"@type":"PropertyValueSpecification","valueRequired":true,"valueName":"search_term_string"}}],"inLanguage":"fi"}]}},"_links":{"self":[{"href":"https:\/\/likeink.com\/fi\/wp-json\/wp\/v2\/product\/63561","targetHints":{"allow":["GET"]}}],"collection":[{"href":"https:\/\/likeink.com\/fi\/wp-json\/wp\/v2\/product"}],"about":[{"href":"https:\/\/likeink.com\/fi\/wp-json\/wp\/v2\/types\/product"}],"wp:featuredmedia":[{"embeddable":true,"href":"https:\/\/likeink.com\/fi\/wp-json\/wp\/v2\/media\/63552"}],"wp:attachment":[{"href":"https:\/\/likeink.com\/fi\/wp-json\/wp\/v2\/media?parent=63561"}],"wp:term":[{"taxonomy":"product_brand","embeddable":true,"href":"https:\/\/likeink.com\/fi\/wp-json\/wp\/v2\/product_brand?post=63561"},{"taxonomy":"product_cat","embeddable":true,"href":"https:\/\/likeink.com\/fi\/wp-json\/wp\/v2\/product_cat?post=63561"},{"taxonomy":"product_tag","embeddable":true,"href":"https:\/\/likeink.com\/fi\/wp-json\/wp\/v2\/product_tag?post=63561"}],"curies":[{"name":"wp","href":"https:\/\/api.w.org\/{rel}","templated":true}]}}