{"id":64130,"date":"2026-04-29T09:36:07","date_gmt":"2026-04-29T09:36:07","guid":{"rendered":"https:\/\/likeink.com\/?post_type=product&#038;p=64130"},"modified":"2026-04-29T11:06:56","modified_gmt":"2026-04-29T11:06:56","slug":"gender-reveal-valiaikaiset-tatuoinnit","status":"publish","type":"product","link":"https:\/\/likeink.com\/fi\/siirtotatuoinnit\/gender-reveal-valiaikaiset-tatuoinnit\/","title":{"rendered":"&#8220;Gender Reveal&#8221; v\u00e4liaikaiset tatuoinnit"},"content":{"rendered":"","protected":false},"excerpt":{"rendered":"<p>T\u00e4m\u00e4 arkki sis\u00e4lt\u00e4\u00e4 v\u00e4liaikaisia tatuointeja kauniilla designilla &#8220;Gender Reveal&#8221; -juhlaan. Mit\u00e4 luulet, kumpi tulee? Tytt\u00f6 vai poika? Like Inkin valmiit arkit v\u00e4liaikaisia tatuointeja ovat noin 20\u00d714 cm ja sis\u00e4lt\u00e4v\u00e4t kuvassa n\u00e4kyv\u00e4t designit. Painamme ja l\u00e4het\u00e4mme 24 tunnin sis\u00e4ll\u00e4 tilauksestasi. Tatuoinnit ovat tyylikk\u00e4it\u00e4, korkealaatuisia, helppoja kiinnitt\u00e4\u00e4 ja helppoja pest\u00e4 pois. Like Ink noudattaa kaikkia EU:n kosmetiikkas\u00e4\u00e4d\u00f6ksi\u00e4, joten voit tilata luottavaisin mielin.<\/p>\n<h2><strong>&#8220;Gender Reveal&#8221; v\u00e4liaikaiset tatuoinnit I vote girls ja I vote boys -designilla<\/strong><\/h2>\n<p>T\u00e4m\u00e4 arkki sis\u00e4lt\u00e4\u00e4 4 \u201cI vote girls\u201d -tatuointia ja 4 \u201cI vote boys\u201d -tatuointia. Arkki sis\u00e4lt\u00e4\u00e4 my\u00f6s pieni\u00e4 syd\u00e4mi\u00e4, t\u00e4hti\u00e4, karhuja, perhosia ja rusetteja.<\/p>\n<p>T\u00e4m\u00e4 on t\u00e4ydellinen sinulle, joka suunnittelet juhlia tai baby showeria. T\u00e4m\u00e4 arkki auttaa luomaan hauskan juhlan, jota kukaan ei unohda. Varmista, ett\u00e4 niit\u00e4 on tarpeeksi, jotta kaikki vieraat voivat kokeilla ja valita \u201cI vote boys\u201d tai \u201cI vote girls\u201d.<\/p>\n<p><strong>Arkin koko:<\/strong> A5<\/p>\n<p><strong>Tatuointien m\u00e4\u00e4r\u00e4:<\/strong> 8 suurta, noin 20 pient\u00e4<\/p>\n<p><strong>Suurten tatuointien koko:<\/strong> 5 cm<\/p>\n<p><strong>Pienten tatuointien koko:<\/strong> 1 cm<\/p>\n","protected":false},"featured_media":64107,"template":"","meta":[],"product_brand":[],"product_cat":[514,557,51],"product_tag":[],"class_list":{"0":"post-64130","1":"product","2":"type-product","3":"status-publish","4":"has-post-thumbnail","6":"product_cat-naamiaisasu-sesonki","7":"product_cat-rakkaus-romantiikka","8":"product_cat-valmiit-arkit","10":"first","11":"instock","12":"taxable","13":"shipping-taxable","14":"purchasable","15":"product-type-simple"},"yoast_head":"<!-- This site is optimized with the Yoast SEO Premium plugin v26.2 (Yoast SEO v27.5) - https:\/\/yoast.com\/product\/yoast-seo-premium-wordpress\/ -->\n<title>&quot;Gender Reveal&quot; v\u00e4liaikaiset tatuoinnit - I vote girs &amp; boys - Like ink<\/title>\n<meta name=\"description\" content=\"Osta &quot;Gender Reveal&quot; v\u00e4liaikaisia tatuointeja Team Girl ja Team Boy -teemoilla. Helppo kiinnitt\u00e4\u00e4, ihoyst\u00e4v\u00e4llisi\u00e4 ja hauskoja kaikille vieraille.\" \/>\n<meta name=\"robots\" content=\"index, follow, max-snippet:-1, max-image-preview:large, max-video-preview:-1\" \/>\n<link rel=\"canonical\" href=\"https:\/\/likeink.com\/fi\/siirtotatuoinnit\/gender-reveal-valiaikaiset-tatuoinnit\/\" \/>\n<meta property=\"og:locale\" content=\"fi_FI\" \/>\n<meta property=\"og:type\" content=\"article\" \/>\n<meta property=\"og:title\" content=\"&quot;Gender Reveal&quot; v\u00e4liaikaiset tatuoinnit\" \/>\n<meta property=\"og:description\" content=\"T\u00e4m\u00e4 arkki sis\u00e4lt\u00e4\u00e4 v\u00e4liaikaisia tatuointeja kauniilla designilla &quot;Gender Reveal&quot; -juhlaan. Mit\u00e4 luulet, kumpi tulee? Tytt\u00f6 vai poika? Like Inkin valmiit arkit v\u00e4liaikaisia tatuointeja ovat noin 20\u00d714 cm ja sis\u00e4lt\u00e4v\u00e4t kuvassa n\u00e4kyv\u00e4t designit. Painamme ja l\u00e4het\u00e4mme 24 tunnin sis\u00e4ll\u00e4 tilauksestasi. Tatuoinnit ovat tyylikk\u00e4it\u00e4, korkealaatuisia, helppoja kiinnitt\u00e4\u00e4 ja helppoja pest\u00e4 pois. Like Ink noudattaa kaikkia EU:n kosmetiikkas\u00e4\u00e4d\u00f6ksi\u00e4, joten voit tilata luottavaisin mielin. &quot;Gender Reveal&quot; v\u00e4liaikaiset tatuoinnit I vote girls ja I vote boys -designilla T\u00e4m\u00e4 arkki sis\u00e4lt\u00e4\u00e4 4 \u201cI vote girls\u201d -tatuointia ja 4 \u201cI vote boys\u201d -tatuointia. Arkki sis\u00e4lt\u00e4\u00e4 my\u00f6s pieni\u00e4 syd\u00e4mi\u00e4, t\u00e4hti\u00e4, karhuja, perhosia ja rusetteja.  T\u00e4m\u00e4 on t\u00e4ydellinen sinulle, joka suunnittelet juhlia tai baby showeria. T\u00e4m\u00e4 arkki auttaa luomaan hauskan juhlan, jota kukaan ei unohda. Varmista, ett\u00e4 niit\u00e4 on tarpeeksi, jotta kaikki vieraat voivat kokeilla ja valita \u201cI vote boys\u201d tai \u201cI vote girls\u201d.  Arkin koko: A5  Tatuointien m\u00e4\u00e4r\u00e4: 8 suurta, noin 20 pient\u00e4  Suurten tatuointien koko: 5 cm  Pienten tatuointien koko: 1 cm\" \/>\n<meta property=\"og:url\" content=\"https:\/\/likeink.com\/fi\/siirtotatuoinnit\/gender-reveal-valiaikaiset-tatuoinnit\/\" \/>\n<meta property=\"og:site_name\" content=\"Like ink\" \/>\n<meta property=\"article:publisher\" content=\"https:\/\/www.facebook.com\/LikeInkSe\" \/>\n<meta property=\"article:modified_time\" content=\"2026-04-29T11:06:56+00:00\" \/>\n<meta property=\"og:image\" content=\"https:\/\/likeink.com\/wp-content\/uploads\/2026\/04\/Gender-revial-tattoos-likeink.jpg\" \/>\n\t<meta property=\"og:image:width\" content=\"1800\" \/>\n\t<meta property=\"og:image:height\" content=\"1268\" \/>\n\t<meta property=\"og:image:type\" content=\"image\/jpeg\" \/>\n<meta name=\"twitter:card\" content=\"summary_large_image\" \/>\n<meta name=\"twitter:label1\" content=\"Arvioitu lukuaika\" \/>\n\t<meta name=\"twitter:data1\" content=\"1 minuutti\" \/>\n<!-- \/ Yoast SEO Premium plugin. -->","yoast_head_json":{"title":"\"Gender Reveal\" v\u00e4liaikaiset tatuoinnit - I vote girs & boys - Like ink","description":"Osta \"Gender Reveal\" v\u00e4liaikaisia tatuointeja Team Girl ja Team Boy -teemoilla. Helppo kiinnitt\u00e4\u00e4, ihoyst\u00e4v\u00e4llisi\u00e4 ja hauskoja kaikille vieraille.","robots":{"index":"index","follow":"follow","max-snippet":"max-snippet:-1","max-image-preview":"max-image-preview:large","max-video-preview":"max-video-preview:-1"},"canonical":"https:\/\/likeink.com\/fi\/siirtotatuoinnit\/gender-reveal-valiaikaiset-tatuoinnit\/","og_locale":"fi_FI","og_type":"article","og_title":"\"Gender Reveal\" v\u00e4liaikaiset tatuoinnit","og_description":"T\u00e4m\u00e4 arkki sis\u00e4lt\u00e4\u00e4 v\u00e4liaikaisia tatuointeja kauniilla designilla \"Gender Reveal\" -juhlaan. Mit\u00e4 luulet, kumpi tulee? Tytt\u00f6 vai poika? Like Inkin valmiit arkit v\u00e4liaikaisia tatuointeja ovat noin 20\u00d714 cm ja sis\u00e4lt\u00e4v\u00e4t kuvassa n\u00e4kyv\u00e4t designit. Painamme ja l\u00e4het\u00e4mme 24 tunnin sis\u00e4ll\u00e4 tilauksestasi. Tatuoinnit ovat tyylikk\u00e4it\u00e4, korkealaatuisia, helppoja kiinnitt\u00e4\u00e4 ja helppoja pest\u00e4 pois. Like Ink noudattaa kaikkia EU:n kosmetiikkas\u00e4\u00e4d\u00f6ksi\u00e4, joten voit tilata luottavaisin mielin. \"Gender Reveal\" v\u00e4liaikaiset tatuoinnit I vote girls ja I vote boys -designilla T\u00e4m\u00e4 arkki sis\u00e4lt\u00e4\u00e4 4 \u201cI vote girls\u201d -tatuointia ja 4 \u201cI vote boys\u201d -tatuointia. Arkki sis\u00e4lt\u00e4\u00e4 my\u00f6s pieni\u00e4 syd\u00e4mi\u00e4, t\u00e4hti\u00e4, karhuja, perhosia ja rusetteja.  T\u00e4m\u00e4 on t\u00e4ydellinen sinulle, joka suunnittelet juhlia tai baby showeria. T\u00e4m\u00e4 arkki auttaa luomaan hauskan juhlan, jota kukaan ei unohda. Varmista, ett\u00e4 niit\u00e4 on tarpeeksi, jotta kaikki vieraat voivat kokeilla ja valita \u201cI vote boys\u201d tai \u201cI vote girls\u201d.  Arkin koko: A5  Tatuointien m\u00e4\u00e4r\u00e4: 8 suurta, noin 20 pient\u00e4  Suurten tatuointien koko: 5 cm  Pienten tatuointien koko: 1 cm","og_url":"https:\/\/likeink.com\/fi\/siirtotatuoinnit\/gender-reveal-valiaikaiset-tatuoinnit\/","og_site_name":"Like ink","article_publisher":"https:\/\/www.facebook.com\/LikeInkSe","article_modified_time":"2026-04-29T11:06:56+00:00","og_image":[{"width":1800,"height":1268,"url":"https:\/\/likeink.com\/wp-content\/uploads\/2026\/04\/Gender-revial-tattoos-likeink.jpg","type":"image\/jpeg"}],"twitter_card":"summary_large_image","twitter_misc":{"Arvioitu lukuaika":"1 minuutti"},"schema":{"@context":"https:\/\/schema.org","@graph":[{"@type":"WebPage","@id":"https:\/\/likeink.com\/fi\/siirtotatuoinnit\/gender-reveal-valiaikaiset-tatuoinnit\/","url":"https:\/\/likeink.com\/fi\/siirtotatuoinnit\/gender-reveal-valiaikaiset-tatuoinnit\/","name":"\"Gender Reveal\" v\u00e4liaikaiset tatuoinnit - I vote girs & boys - Like ink","isPartOf":{"@id":"https:\/\/likeink.com\/fi\/#website"},"primaryImageOfPage":{"@id":"https:\/\/likeink.com\/fi\/siirtotatuoinnit\/gender-reveal-valiaikaiset-tatuoinnit\/#primaryimage"},"image":{"@id":"https:\/\/likeink.com\/fi\/siirtotatuoinnit\/gender-reveal-valiaikaiset-tatuoinnit\/#primaryimage"},"thumbnailUrl":"https:\/\/likeink.com\/wp-content\/uploads\/2026\/04\/Gender-revial-tattoos-likeink.jpg","datePublished":"2026-04-29T09:36:07+00:00","dateModified":"2026-04-29T11:06:56+00:00","description":"Osta \"Gender Reveal\" v\u00e4liaikaisia tatuointeja Team Girl ja Team Boy -teemoilla. Helppo kiinnitt\u00e4\u00e4, ihoyst\u00e4v\u00e4llisi\u00e4 ja hauskoja kaikille vieraille.","breadcrumb":{"@id":"https:\/\/likeink.com\/fi\/siirtotatuoinnit\/gender-reveal-valiaikaiset-tatuoinnit\/#breadcrumb"},"inLanguage":"fi","potentialAction":[{"@type":"ReadAction","target":["https:\/\/likeink.com\/fi\/siirtotatuoinnit\/gender-reveal-valiaikaiset-tatuoinnit\/"]}]},{"@type":"ImageObject","inLanguage":"fi","@id":"https:\/\/likeink.com\/fi\/siirtotatuoinnit\/gender-reveal-valiaikaiset-tatuoinnit\/#primaryimage","url":"https:\/\/likeink.com\/wp-content\/uploads\/2026\/04\/Gender-revial-tattoos-likeink.jpg","contentUrl":"https:\/\/likeink.com\/wp-content\/uploads\/2026\/04\/Gender-revial-tattoos-likeink.jpg","width":1800,"height":1268,"caption":"Kuvio, jossa toistuvat lauseet I VOTE Girls vaaleanpunaisella ja I VOTE Boys laivastonsinisell\u00e4, syd\u00e4mien, t\u00e4htien ja pienten sarjakuvanaamojen ymp\u00e4r\u00f6im\u00e4n\u00e4 valkoisella pohjalla."},{"@type":"BreadcrumbList","@id":"https:\/\/likeink.com\/fi\/siirtotatuoinnit\/gender-reveal-valiaikaiset-tatuoinnit\/#breadcrumb","itemListElement":[{"@type":"ListItem","position":1,"name":"Hem","item":"https:\/\/likeink.com\/fi\/"},{"@type":"ListItem","position":2,"name":"Shop","item":"https:\/\/likeink.com\/fi\/shop\/"},{"@type":"ListItem","position":3,"name":"&#8220;Gender Reveal&#8221; v\u00e4liaikaiset tatuoinnit"}]},{"@type":"WebSite","@id":"https:\/\/likeink.com\/fi\/#website","url":"https:\/\/likeink.com\/fi\/","name":"Like ink","description":"Make your own custom design","potentialAction":[{"@type":"SearchAction","target":{"@type":"EntryPoint","urlTemplate":"https:\/\/likeink.com\/fi\/?s={search_term_string}"},"query-input":{"@type":"PropertyValueSpecification","valueRequired":true,"valueName":"search_term_string"}}],"inLanguage":"fi"}]}},"_links":{"self":[{"href":"https:\/\/likeink.com\/fi\/wp-json\/wp\/v2\/product\/64130","targetHints":{"allow":["GET"]}}],"collection":[{"href":"https:\/\/likeink.com\/fi\/wp-json\/wp\/v2\/product"}],"about":[{"href":"https:\/\/likeink.com\/fi\/wp-json\/wp\/v2\/types\/product"}],"wp:featuredmedia":[{"embeddable":true,"href":"https:\/\/likeink.com\/fi\/wp-json\/wp\/v2\/media\/64107"}],"wp:attachment":[{"href":"https:\/\/likeink.com\/fi\/wp-json\/wp\/v2\/media?parent=64130"}],"wp:term":[{"taxonomy":"product_brand","embeddable":true,"href":"https:\/\/likeink.com\/fi\/wp-json\/wp\/v2\/product_brand?post=64130"},{"taxonomy":"product_cat","embeddable":true,"href":"https:\/\/likeink.com\/fi\/wp-json\/wp\/v2\/product_cat?post=64130"},{"taxonomy":"product_tag","embeddable":true,"href":"https:\/\/likeink.com\/fi\/wp-json\/wp\/v2\/product_tag?post=64130"}],"curies":[{"name":"wp","href":"https:\/\/api.w.org\/{rel}","templated":true}]}}