{"id":64472,"date":"2026-05-06T08:57:08","date_gmt":"2026-05-06T08:57:08","guid":{"rendered":"https:\/\/likeink.com\/?post_type=product&#038;p=64472"},"modified":"2026-05-06T09:25:54","modified_gmt":"2026-05-06T09:25:54","slug":"taalainmaanhevonen-tatuoinnit","status":"publish","type":"product","link":"https:\/\/likeink.com\/fi\/siirtotatuoinnit\/taalainmaanhevonen-tatuoinnit\/","title":{"rendered":"Taalainmaanhevonen tatuoinnit"},"content":{"rendered":"","protected":false},"excerpt":{"rendered":"<p>T\u00e4m\u00e4 arkki sis\u00e4lt\u00e4\u00e4 sek\u00e4 kuvitettuja ett\u00e4 valokuvattuja kuvia Taalainmaanhevosista. Ikoninen ruotsalainen koriste, jonka kaikki tunnistavat. Like Inkin valmiit arkit v\u00e4liaikaisilla tatuoinneilla ovat noin 20\u00d714 cm kokoisia ja sis\u00e4lt\u00e4v\u00e4t kuvassa n\u00e4kyv\u00e4t kuviot. Painamme ja l\u00e4het\u00e4mme tilauksesi 24 tunnin kuluessa. Tatuoinnit ovat tyylikk\u00e4it\u00e4, laadukkaita, helppoja kiinnitt\u00e4\u00e4 ja helppoja poistaa. Like Ink noudattaa kaikkia EU:n kosmetiikkas\u00e4\u00e4d\u00f6ksi\u00e4, joten voit tilata turvallisin mielin.<\/p>\n<h2><strong>V\u00e4liaikaiset tatuoinnit Taalainmaanhevonen kuvioilla<\/strong><\/h2>\n<p>T\u00e4m\u00e4 arkki sis\u00e4lt\u00e4\u00e4 Taalainmaanhevosia, kurbits koristekuvioita ja Mora puukon.<\/p>\n<p>Arkki sis\u00e4lt\u00e4\u00e4 16 suurta v\u00e4liaikaista tatuointia sek\u00e4 8 pienemp\u00e4\u00e4 syd\u00e4nt\u00e4. Suuret tatuoinnit sopivat t\u00e4ydellisesti koristeiksi sileille pinnoille ja niit\u00e4 voi k\u00e4ytt\u00e4\u00e4 my\u00f6s keholla v\u00e4liaikaisina tatuointeina juuri siell\u00e4 miss\u00e4 haluat. Pienet tatuoinnit sopivat t\u00e4ydellisesti k\u00e4siin tai kasvoihin. N\u00e4m\u00e4 tatuoinnit ovat t\u00e4ydellisi\u00e4 sinulle, joka pid\u00e4t ruotsalaisesta kulttuurista tai tarvitset jotain hauskaa teemajuhliin tai juhliin.<\/p>\n<p><strong>Arkin koko:<\/strong> A5<br \/>\n<strong>Tatuointien m\u00e4\u00e4r\u00e4:<\/strong> 16 suurta, 8 pient\u00e4<br \/>\n<strong>Tatuointien koko:<\/strong> 3 &#8211; 8 cm<\/p>\n","protected":false},"featured_media":64367,"template":"","meta":[],"product_brand":[],"product_cat":[520,51],"product_tag":[],"class_list":{"0":"post-64472","1":"product","2":"type-product","3":"status-publish","4":"has-post-thumbnail","6":"product_cat-elaimet-luonto","7":"product_cat-valmiit-arkit","9":"first","10":"instock","11":"taxable","12":"shipping-taxable","13":"purchasable","14":"product-type-simple"},"yoast_head":"<!-- This site is optimized with the Yoast SEO Premium plugin v27.5 (Yoast SEO v27.6) - https:\/\/yoast.com\/product\/yoast-seo-premium-wordpress\/ -->\n<title>Taalainmaanhevonen tatuoinnit - Like ink<\/title>\n<meta name=\"description\" content=\"Osta Taalainmaanhevonen tatuointeja v\u00e4rikk\u00e4ill\u00e4 ruotsalaisilla kuvioilla. T\u00e4ydellisi\u00e4 juhliin ja tapahtumiin, helppoja kiinnitt\u00e4\u00e4.\" \/>\n<meta name=\"robots\" content=\"index, follow, max-snippet:-1, max-image-preview:large, max-video-preview:-1\" \/>\n<link rel=\"canonical\" href=\"https:\/\/likeink.com\/fi\/siirtotatuoinnit\/taalainmaanhevonen-tatuoinnit\/\" \/>\n<meta property=\"og:locale\" content=\"fi_FI\" \/>\n<meta property=\"og:type\" content=\"article\" \/>\n<meta property=\"og:title\" content=\"Taalainmaanhevonen tatuoinnit\" \/>\n<meta property=\"og:description\" content=\"T\u00e4m\u00e4 arkki sis\u00e4lt\u00e4\u00e4 sek\u00e4 kuvitettuja ett\u00e4 valokuvattuja kuvia Taalainmaanhevosista. Ikoninen ruotsalainen koriste, jonka kaikki tunnistavat. Like Inkin valmiit arkit v\u00e4liaikaisilla tatuoinneilla ovat noin 20\u00d714 cm kokoisia ja sis\u00e4lt\u00e4v\u00e4t kuvassa n\u00e4kyv\u00e4t kuviot. Painamme ja l\u00e4het\u00e4mme tilauksesi 24 tunnin kuluessa. Tatuoinnit ovat tyylikk\u00e4it\u00e4, laadukkaita, helppoja kiinnitt\u00e4\u00e4 ja helppoja poistaa. Like Ink noudattaa kaikkia EU:n kosmetiikkas\u00e4\u00e4d\u00f6ksi\u00e4, joten voit tilata turvallisin mielin. V\u00e4liaikaiset tatuoinnit Taalainmaanhevonen kuvioilla T\u00e4m\u00e4 arkki sis\u00e4lt\u00e4\u00e4 Taalainmaanhevosia, kurbits koristekuvioita ja Mora puukon.  Arkki sis\u00e4lt\u00e4\u00e4 16 suurta v\u00e4liaikaista tatuointia sek\u00e4 8 pienemp\u00e4\u00e4 syd\u00e4nt\u00e4. Suuret tatuoinnit sopivat t\u00e4ydellisesti koristeiksi sileille pinnoille ja niit\u00e4 voi k\u00e4ytt\u00e4\u00e4 my\u00f6s keholla v\u00e4liaikaisina tatuointeina juuri siell\u00e4 miss\u00e4 haluat. Pienet tatuoinnit sopivat t\u00e4ydellisesti k\u00e4siin tai kasvoihin. N\u00e4m\u00e4 tatuoinnit ovat t\u00e4ydellisi\u00e4 sinulle, joka pid\u00e4t ruotsalaisesta kulttuurista tai tarvitset jotain hauskaa teemajuhliin tai juhliin.  Arkin koko: A5 Tatuointien m\u00e4\u00e4r\u00e4: 16 suurta, 8 pient\u00e4 Tatuointien koko: 3 - 8 cm\" \/>\n<meta property=\"og:url\" content=\"https:\/\/likeink.com\/fi\/siirtotatuoinnit\/taalainmaanhevonen-tatuoinnit\/\" \/>\n<meta property=\"og:site_name\" content=\"Like ink\" \/>\n<meta property=\"article:publisher\" content=\"https:\/\/www.facebook.com\/LikeInkSe\" \/>\n<meta property=\"article:modified_time\" content=\"2026-05-06T09:25:54+00:00\" \/>\n<meta property=\"og:image\" content=\"https:\/\/likeink.com\/wp-content\/uploads\/2026\/05\/Dalahast-tatuering-morakniv-likeink.jpg\" \/>\n\t<meta property=\"og:image:width\" content=\"1800\" \/>\n\t<meta property=\"og:image:height\" content=\"1268\" \/>\n\t<meta property=\"og:image:type\" content=\"image\/jpeg\" \/>\n<meta name=\"twitter:card\" content=\"summary_large_image\" \/>\n<meta name=\"twitter:label1\" content=\"Arvioitu lukuaika\" \/>\n\t<meta name=\"twitter:data1\" content=\"1 minuutti\" \/>\n<!-- \/ Yoast SEO Premium plugin. -->","yoast_head_json":{"title":"Taalainmaanhevonen tatuoinnit - Like ink","description":"Osta Taalainmaanhevonen tatuointeja v\u00e4rikk\u00e4ill\u00e4 ruotsalaisilla kuvioilla. T\u00e4ydellisi\u00e4 juhliin ja tapahtumiin, helppoja kiinnitt\u00e4\u00e4.","robots":{"index":"index","follow":"follow","max-snippet":"max-snippet:-1","max-image-preview":"max-image-preview:large","max-video-preview":"max-video-preview:-1"},"canonical":"https:\/\/likeink.com\/fi\/siirtotatuoinnit\/taalainmaanhevonen-tatuoinnit\/","og_locale":"fi_FI","og_type":"article","og_title":"Taalainmaanhevonen tatuoinnit","og_description":"T\u00e4m\u00e4 arkki sis\u00e4lt\u00e4\u00e4 sek\u00e4 kuvitettuja ett\u00e4 valokuvattuja kuvia Taalainmaanhevosista. Ikoninen ruotsalainen koriste, jonka kaikki tunnistavat. Like Inkin valmiit arkit v\u00e4liaikaisilla tatuoinneilla ovat noin 20\u00d714 cm kokoisia ja sis\u00e4lt\u00e4v\u00e4t kuvassa n\u00e4kyv\u00e4t kuviot. Painamme ja l\u00e4het\u00e4mme tilauksesi 24 tunnin kuluessa. Tatuoinnit ovat tyylikk\u00e4it\u00e4, laadukkaita, helppoja kiinnitt\u00e4\u00e4 ja helppoja poistaa. Like Ink noudattaa kaikkia EU:n kosmetiikkas\u00e4\u00e4d\u00f6ksi\u00e4, joten voit tilata turvallisin mielin. V\u00e4liaikaiset tatuoinnit Taalainmaanhevonen kuvioilla T\u00e4m\u00e4 arkki sis\u00e4lt\u00e4\u00e4 Taalainmaanhevosia, kurbits koristekuvioita ja Mora puukon.  Arkki sis\u00e4lt\u00e4\u00e4 16 suurta v\u00e4liaikaista tatuointia sek\u00e4 8 pienemp\u00e4\u00e4 syd\u00e4nt\u00e4. Suuret tatuoinnit sopivat t\u00e4ydellisesti koristeiksi sileille pinnoille ja niit\u00e4 voi k\u00e4ytt\u00e4\u00e4 my\u00f6s keholla v\u00e4liaikaisina tatuointeina juuri siell\u00e4 miss\u00e4 haluat. Pienet tatuoinnit sopivat t\u00e4ydellisesti k\u00e4siin tai kasvoihin. N\u00e4m\u00e4 tatuoinnit ovat t\u00e4ydellisi\u00e4 sinulle, joka pid\u00e4t ruotsalaisesta kulttuurista tai tarvitset jotain hauskaa teemajuhliin tai juhliin.  Arkin koko: A5 Tatuointien m\u00e4\u00e4r\u00e4: 16 suurta, 8 pient\u00e4 Tatuointien koko: 3 - 8 cm","og_url":"https:\/\/likeink.com\/fi\/siirtotatuoinnit\/taalainmaanhevonen-tatuoinnit\/","og_site_name":"Like ink","article_publisher":"https:\/\/www.facebook.com\/LikeInkSe","article_modified_time":"2026-05-06T09:25:54+00:00","og_image":[{"width":1800,"height":1268,"url":"https:\/\/likeink.com\/wp-content\/uploads\/2026\/05\/Dalahast-tatuering-morakniv-likeink.jpg","type":"image\/jpeg"}],"twitter_card":"summary_large_image","twitter_misc":{"Arvioitu lukuaika":"1 minuutti"},"schema":{"@context":"https:\/\/schema.org","@graph":[{"@type":"WebPage","@id":"https:\/\/likeink.com\/fi\/siirtotatuoinnit\/taalainmaanhevonen-tatuoinnit\/","url":"https:\/\/likeink.com\/fi\/siirtotatuoinnit\/taalainmaanhevonen-tatuoinnit\/","name":"Taalainmaanhevonen tatuoinnit - Like ink","isPartOf":{"@id":"https:\/\/likeink.com\/fi\/#website"},"primaryImageOfPage":{"@id":"https:\/\/likeink.com\/fi\/siirtotatuoinnit\/taalainmaanhevonen-tatuoinnit\/#primaryimage"},"image":{"@id":"https:\/\/likeink.com\/fi\/siirtotatuoinnit\/taalainmaanhevonen-tatuoinnit\/#primaryimage"},"thumbnailUrl":"https:\/\/likeink.com\/wp-content\/uploads\/2026\/05\/Dalahast-tatuering-morakniv-likeink.jpg","datePublished":"2026-05-06T08:57:08+00:00","dateModified":"2026-05-06T09:25:54+00:00","description":"Osta Taalainmaanhevonen tatuointeja v\u00e4rikk\u00e4ill\u00e4 ruotsalaisilla kuvioilla. T\u00e4ydellisi\u00e4 juhliin ja tapahtumiin, helppoja kiinnitt\u00e4\u00e4.","breadcrumb":{"@id":"https:\/\/likeink.com\/fi\/siirtotatuoinnit\/taalainmaanhevonen-tatuoinnit\/#breadcrumb"},"inLanguage":"fi","potentialAction":[{"@type":"ReadAction","target":["https:\/\/likeink.com\/fi\/siirtotatuoinnit\/taalainmaanhevonen-tatuoinnit\/"]}]},{"@type":"ImageObject","inLanguage":"fi","@id":"https:\/\/likeink.com\/fi\/siirtotatuoinnit\/taalainmaanhevonen-tatuoinnit\/#primaryimage","url":"https:\/\/likeink.com\/wp-content\/uploads\/2026\/05\/Dalahast-tatuering-morakniv-likeink.jpg","contentUrl":"https:\/\/likeink.com\/wp-content\/uploads\/2026\/05\/Dalahast-tatuering-morakniv-likeink.jpg","width":1800,"height":1268,"caption":"V\u00e4rikk\u00e4\u00e4t ruotsalaiset dalahevoset punaisella, mustalla ja valkoisella, joissa on koristeellisia kuvioita, ankkureita ja ruusuja. Puukahvaiset veitset ja kansantyyliset kukka- ja syd\u00e4nkuviot on j\u00e4rjestetty hevosten ymp\u00e4rille valkoiselle taustalle."},{"@type":"BreadcrumbList","@id":"https:\/\/likeink.com\/fi\/siirtotatuoinnit\/taalainmaanhevonen-tatuoinnit\/#breadcrumb","itemListElement":[{"@type":"ListItem","position":1,"name":"Hem","item":"https:\/\/likeink.com\/fi\/"},{"@type":"ListItem","position":2,"name":"Shop","item":"https:\/\/likeink.com\/fi\/shop\/"},{"@type":"ListItem","position":3,"name":"Taalainmaanhevonen tatuoinnit"}]},{"@type":"WebSite","@id":"https:\/\/likeink.com\/fi\/#website","url":"https:\/\/likeink.com\/fi\/","name":"Like ink","description":"Make your own custom design","potentialAction":[{"@type":"SearchAction","target":{"@type":"EntryPoint","urlTemplate":"https:\/\/likeink.com\/fi\/?s={search_term_string}"},"query-input":{"@type":"PropertyValueSpecification","valueRequired":true,"valueName":"search_term_string"}}],"inLanguage":"fi"}]}},"_links":{"self":[{"href":"https:\/\/likeink.com\/fi\/wp-json\/wp\/v2\/product\/64472","targetHints":{"allow":["GET"]}}],"collection":[{"href":"https:\/\/likeink.com\/fi\/wp-json\/wp\/v2\/product"}],"about":[{"href":"https:\/\/likeink.com\/fi\/wp-json\/wp\/v2\/types\/product"}],"wp:featuredmedia":[{"embeddable":true,"href":"https:\/\/likeink.com\/fi\/wp-json\/wp\/v2\/media\/64367"}],"wp:attachment":[{"href":"https:\/\/likeink.com\/fi\/wp-json\/wp\/v2\/media?parent=64472"}],"wp:term":[{"taxonomy":"product_brand","embeddable":true,"href":"https:\/\/likeink.com\/fi\/wp-json\/wp\/v2\/product_brand?post=64472"},{"taxonomy":"product_cat","embeddable":true,"href":"https:\/\/likeink.com\/fi\/wp-json\/wp\/v2\/product_cat?post=64472"},{"taxonomy":"product_tag","embeddable":true,"href":"https:\/\/likeink.com\/fi\/wp-json\/wp\/v2\/product_tag?post=64472"}],"curies":[{"name":"wp","href":"https:\/\/api.w.org\/{rel}","templated":true}]}}