{"id":64509,"date":"2026-05-06T12:38:20","date_gmt":"2026-05-06T12:38:27","guid":{"rendered":"https:\/\/likeink.com\/?post_type=product&#038;p=64509"},"modified":"2026-05-07T07:15:17","modified_gmt":"2026-05-07T07:15:17","slug":"villit-ruotsalaiset-kukat","status":"publish","type":"product","link":"https:\/\/likeink.com\/fi\/siirtotatuoinnit\/villit-ruotsalaiset-kukat\/","title":{"rendered":"Villit ruotsalaiset kukat"},"content":{"rendered":"","protected":false},"excerpt":{"rendered":"<p>T\u00e4m\u00e4 arkki sis\u00e4lt\u00e4\u00e4 suuria kuvia ruotsalaisista kukista: kielo, valkovuokko ja orvokki. T\u00e4ydellinen sinulle, joka pid\u00e4t kauniista v\u00e4liaikaisista tatuoinneista ja kukista. Like Inkin valmiit v\u00e4liaikaisten tatuointien arkit ovat noin 20 \u00d7 14 cm kokoisia ja sis\u00e4lt\u00e4v\u00e4t kuvassa n\u00e4kyv\u00e4t kuviot. Painamme ja l\u00e4het\u00e4mme tilauksesi 24 tunnin sis\u00e4ll\u00e4. Tatuoinnit ovat tyylikk\u00e4it\u00e4, korkealaatuisia, helppoja kiinnitt\u00e4\u00e4 ja helposti pest\u00e4vi\u00e4 pois. Like Ink noudattaa kaikkia EU:n kosmetiikkatuotteita koskevia s\u00e4\u00e4nt\u00f6j\u00e4, joten voit tilata turvallisin mielin.<\/p>\n<h2><strong>V\u00e4liaikaiset tatuoinnit kauniilla kukkakuvioilla<\/strong><\/h2>\n<p>T\u00e4m\u00e4 arkki sis\u00e4lt\u00e4\u00e4 kielotatuoinnin, valkovuokkotatuoinnin ja orvokkitatuoinnin.<\/p>\n<p>T\u00e4m\u00e4 arkki sis\u00e4lt\u00e4\u00e4 6 todella suurta v\u00e4liaikaista tatuointia. Lis\u00e4ksi mukana on 12 pienemp\u00e4\u00e4 tatuointia. Suuret tatuoinnit sopivat t\u00e4ydellisesti sileiden pintojen koristeluun sek\u00e4 k\u00e4ytett\u00e4v\u00e4ksi vartalolla v\u00e4liaikaisina tatuointeina. Pienet tatuoinnit sopivat erinomaisesti k\u00e4siin tai kasvoihin. N\u00e4m\u00e4 tatuoinnit ovat t\u00e4ydellisi\u00e4 sinulle, joka rakastat kauniita kukkia ja suuria tatuointeja.<\/p>\n<p><strong>Arkin koko:<\/strong> A5<br \/>\n<strong>Tatuointien m\u00e4\u00e4r\u00e4:<\/strong> 6 suurta, 12 pient\u00e4<br \/>\n<strong>Suurten tatuointien koko:<\/strong> 5 &#8211; 8 cm<br \/>\n<strong>Pienten tatuointien koko:<\/strong> 0.5 &#8211; 1 cm<\/p>\n","protected":false},"featured_media":64495,"template":"","meta":[],"product_brand":[],"product_cat":[520,51],"product_tag":[],"class_list":{"0":"post-64509","1":"product","2":"type-product","3":"status-publish","4":"has-post-thumbnail","6":"product_cat-elaimet-luonto","7":"product_cat-valmiit-arkit","9":"first","10":"instock","11":"taxable","12":"shipping-taxable","13":"purchasable","14":"product-type-simple"},"yoast_head":"<!-- This site is optimized with the Yoast SEO Premium plugin v27.5 (Yoast SEO v27.6) - https:\/\/yoast.com\/product\/yoast-seo-premium-wordpress\/ -->\n<title>Villit ruotsalaiset kukat - Like ink<\/title>\n<meta name=\"description\" content=\"Osta Villit ruotsalaiset kukat tyylikk\u00e4ill\u00e4 ja minimalistisilla kukkakuvioilla. T\u00e4ydellisi\u00e4 v\u00e4liaikaisia tatuointeja juhliin ja arkeen. Helppo kiinnitt\u00e4\u00e4.\" \/>\n<meta name=\"robots\" content=\"index, follow, max-snippet:-1, max-image-preview:large, max-video-preview:-1\" \/>\n<link rel=\"canonical\" href=\"https:\/\/likeink.com\/fi\/siirtotatuoinnit\/villit-ruotsalaiset-kukat\/\" \/>\n<meta property=\"og:locale\" content=\"fi_FI\" \/>\n<meta property=\"og:type\" content=\"article\" \/>\n<meta property=\"og:title\" content=\"Villit ruotsalaiset kukat\" \/>\n<meta property=\"og:description\" content=\"T\u00e4m\u00e4 arkki sis\u00e4lt\u00e4\u00e4 suuria kuvia ruotsalaisista kukista: kielo, valkovuokko ja orvokki. T\u00e4ydellinen sinulle, joka pid\u00e4t kauniista v\u00e4liaikaisista tatuoinneista ja kukista. Like Inkin valmiit v\u00e4liaikaisten tatuointien arkit ovat noin 20 \u00d7 14 cm kokoisia ja sis\u00e4lt\u00e4v\u00e4t kuvassa n\u00e4kyv\u00e4t kuviot. Painamme ja l\u00e4het\u00e4mme tilauksesi 24 tunnin sis\u00e4ll\u00e4. Tatuoinnit ovat tyylikk\u00e4it\u00e4, korkealaatuisia, helppoja kiinnitt\u00e4\u00e4 ja helposti pest\u00e4vi\u00e4 pois. Like Ink noudattaa kaikkia EU:n kosmetiikkatuotteita koskevia s\u00e4\u00e4nt\u00f6j\u00e4, joten voit tilata turvallisin mielin. V\u00e4liaikaiset tatuoinnit kauniilla kukkakuvioilla T\u00e4m\u00e4 arkki sis\u00e4lt\u00e4\u00e4 kielotatuoinnin, valkovuokkotatuoinnin ja orvokkitatuoinnin.  T\u00e4m\u00e4 arkki sis\u00e4lt\u00e4\u00e4 6 todella suurta v\u00e4liaikaista tatuointia. Lis\u00e4ksi mukana on 12 pienemp\u00e4\u00e4 tatuointia. Suuret tatuoinnit sopivat t\u00e4ydellisesti sileiden pintojen koristeluun sek\u00e4 k\u00e4ytett\u00e4v\u00e4ksi vartalolla v\u00e4liaikaisina tatuointeina. Pienet tatuoinnit sopivat erinomaisesti k\u00e4siin tai kasvoihin. N\u00e4m\u00e4 tatuoinnit ovat t\u00e4ydellisi\u00e4 sinulle, joka rakastat kauniita kukkia ja suuria tatuointeja.  Arkin koko: A5 Tatuointien m\u00e4\u00e4r\u00e4: 6 suurta, 12 pient\u00e4 Suurten tatuointien koko: 5 - 8 cm Pienten tatuointien koko: 0.5 - 1 cm\" \/>\n<meta property=\"og:url\" content=\"https:\/\/likeink.com\/fi\/siirtotatuoinnit\/villit-ruotsalaiset-kukat\/\" \/>\n<meta property=\"og:site_name\" content=\"Like ink\" \/>\n<meta property=\"article:publisher\" content=\"https:\/\/www.facebook.com\/LikeInkSe\" \/>\n<meta property=\"article:modified_time\" content=\"2026-05-07T07:15:17+00:00\" \/>\n<meta property=\"og:image\" content=\"https:\/\/likeink.com\/wp-content\/uploads\/2026\/05\/svenska-vilda-vaxter-tatuering-likeink.jpg\" \/>\n\t<meta property=\"og:image:width\" content=\"1800\" \/>\n\t<meta property=\"og:image:height\" content=\"1268\" \/>\n\t<meta property=\"og:image:type\" content=\"image\/jpeg\" \/>\n<meta name=\"twitter:card\" content=\"summary_large_image\" \/>\n<meta name=\"twitter:label1\" content=\"Arvioitu lukuaika\" \/>\n\t<meta name=\"twitter:data1\" content=\"1 minuutti\" \/>\n<!-- \/ Yoast SEO Premium plugin. -->","yoast_head_json":{"title":"Villit ruotsalaiset kukat - Like ink","description":"Osta Villit ruotsalaiset kukat tyylikk\u00e4ill\u00e4 ja minimalistisilla kukkakuvioilla. T\u00e4ydellisi\u00e4 v\u00e4liaikaisia tatuointeja juhliin ja arkeen. Helppo kiinnitt\u00e4\u00e4.","robots":{"index":"index","follow":"follow","max-snippet":"max-snippet:-1","max-image-preview":"max-image-preview:large","max-video-preview":"max-video-preview:-1"},"canonical":"https:\/\/likeink.com\/fi\/siirtotatuoinnit\/villit-ruotsalaiset-kukat\/","og_locale":"fi_FI","og_type":"article","og_title":"Villit ruotsalaiset kukat","og_description":"T\u00e4m\u00e4 arkki sis\u00e4lt\u00e4\u00e4 suuria kuvia ruotsalaisista kukista: kielo, valkovuokko ja orvokki. T\u00e4ydellinen sinulle, joka pid\u00e4t kauniista v\u00e4liaikaisista tatuoinneista ja kukista. Like Inkin valmiit v\u00e4liaikaisten tatuointien arkit ovat noin 20 \u00d7 14 cm kokoisia ja sis\u00e4lt\u00e4v\u00e4t kuvassa n\u00e4kyv\u00e4t kuviot. Painamme ja l\u00e4het\u00e4mme tilauksesi 24 tunnin sis\u00e4ll\u00e4. Tatuoinnit ovat tyylikk\u00e4it\u00e4, korkealaatuisia, helppoja kiinnitt\u00e4\u00e4 ja helposti pest\u00e4vi\u00e4 pois. Like Ink noudattaa kaikkia EU:n kosmetiikkatuotteita koskevia s\u00e4\u00e4nt\u00f6j\u00e4, joten voit tilata turvallisin mielin. V\u00e4liaikaiset tatuoinnit kauniilla kukkakuvioilla T\u00e4m\u00e4 arkki sis\u00e4lt\u00e4\u00e4 kielotatuoinnin, valkovuokkotatuoinnin ja orvokkitatuoinnin.  T\u00e4m\u00e4 arkki sis\u00e4lt\u00e4\u00e4 6 todella suurta v\u00e4liaikaista tatuointia. Lis\u00e4ksi mukana on 12 pienemp\u00e4\u00e4 tatuointia. Suuret tatuoinnit sopivat t\u00e4ydellisesti sileiden pintojen koristeluun sek\u00e4 k\u00e4ytett\u00e4v\u00e4ksi vartalolla v\u00e4liaikaisina tatuointeina. Pienet tatuoinnit sopivat erinomaisesti k\u00e4siin tai kasvoihin. N\u00e4m\u00e4 tatuoinnit ovat t\u00e4ydellisi\u00e4 sinulle, joka rakastat kauniita kukkia ja suuria tatuointeja.  Arkin koko: A5 Tatuointien m\u00e4\u00e4r\u00e4: 6 suurta, 12 pient\u00e4 Suurten tatuointien koko: 5 - 8 cm Pienten tatuointien koko: 0.5 - 1 cm","og_url":"https:\/\/likeink.com\/fi\/siirtotatuoinnit\/villit-ruotsalaiset-kukat\/","og_site_name":"Like ink","article_publisher":"https:\/\/www.facebook.com\/LikeInkSe","article_modified_time":"2026-05-07T07:15:17+00:00","og_image":[{"width":1800,"height":1268,"url":"https:\/\/likeink.com\/wp-content\/uploads\/2026\/05\/svenska-vilda-vaxter-tatuering-likeink.jpg","type":"image\/jpeg"}],"twitter_card":"summary_large_image","twitter_misc":{"Arvioitu lukuaika":"1 minuutti"},"schema":{"@context":"https:\/\/schema.org","@graph":[{"@type":"WebPage","@id":"https:\/\/likeink.com\/fi\/siirtotatuoinnit\/villit-ruotsalaiset-kukat\/","url":"https:\/\/likeink.com\/fi\/siirtotatuoinnit\/villit-ruotsalaiset-kukat\/","name":"Villit ruotsalaiset kukat - Like ink","isPartOf":{"@id":"https:\/\/likeink.com\/fi\/#website"},"primaryImageOfPage":{"@id":"https:\/\/likeink.com\/fi\/siirtotatuoinnit\/villit-ruotsalaiset-kukat\/#primaryimage"},"image":{"@id":"https:\/\/likeink.com\/fi\/siirtotatuoinnit\/villit-ruotsalaiset-kukat\/#primaryimage"},"thumbnailUrl":"https:\/\/likeink.com\/wp-content\/uploads\/2026\/05\/svenska-vilda-vaxter-tatuering-likeink.jpg","datePublished":"2026-05-06T12:38:27+00:00","dateModified":"2026-05-07T07:15:17+00:00","description":"Osta Villit ruotsalaiset kukat tyylikk\u00e4ill\u00e4 ja minimalistisilla kukkakuvioilla. T\u00e4ydellisi\u00e4 v\u00e4liaikaisia tatuointeja juhliin ja arkeen. Helppo kiinnitt\u00e4\u00e4.","breadcrumb":{"@id":"https:\/\/likeink.com\/fi\/siirtotatuoinnit\/villit-ruotsalaiset-kukat\/#breadcrumb"},"inLanguage":"fi","potentialAction":[{"@type":"ReadAction","target":["https:\/\/likeink.com\/fi\/siirtotatuoinnit\/villit-ruotsalaiset-kukat\/"]}]},{"@type":"ImageObject","inLanguage":"fi","@id":"https:\/\/likeink.com\/fi\/siirtotatuoinnit\/villit-ruotsalaiset-kukat\/#primaryimage","url":"https:\/\/likeink.com\/wp-content\/uploads\/2026\/05\/svenska-vilda-vaxter-tatuering-likeink.jpg","contentUrl":"https:\/\/likeink.com\/wp-content\/uploads\/2026\/05\/svenska-vilda-vaxter-tatuering-likeink.jpg","width":1800,"height":1268,"caption":"Mustavalkoisia viivapiirroksia erilaisista kukista, joissa on lehti\u00e4, pieni\u00e4 kukkia ja syd\u00e4mi\u00e4 hajallaan kuvan sis\u00e4ll\u00e4 valkoisella pohjalla."},{"@type":"BreadcrumbList","@id":"https:\/\/likeink.com\/fi\/siirtotatuoinnit\/villit-ruotsalaiset-kukat\/#breadcrumb","itemListElement":[{"@type":"ListItem","position":1,"name":"Hem","item":"https:\/\/likeink.com\/fi\/"},{"@type":"ListItem","position":2,"name":"Shop","item":"https:\/\/likeink.com\/fi\/shop\/"},{"@type":"ListItem","position":3,"name":"Villit ruotsalaiset kukat"}]},{"@type":"WebSite","@id":"https:\/\/likeink.com\/fi\/#website","url":"https:\/\/likeink.com\/fi\/","name":"Like ink","description":"Make your own custom design","potentialAction":[{"@type":"SearchAction","target":{"@type":"EntryPoint","urlTemplate":"https:\/\/likeink.com\/fi\/?s={search_term_string}"},"query-input":{"@type":"PropertyValueSpecification","valueRequired":true,"valueName":"search_term_string"}}],"inLanguage":"fi"}]}},"_links":{"self":[{"href":"https:\/\/likeink.com\/fi\/wp-json\/wp\/v2\/product\/64509","targetHints":{"allow":["GET"]}}],"collection":[{"href":"https:\/\/likeink.com\/fi\/wp-json\/wp\/v2\/product"}],"about":[{"href":"https:\/\/likeink.com\/fi\/wp-json\/wp\/v2\/types\/product"}],"wp:featuredmedia":[{"embeddable":true,"href":"https:\/\/likeink.com\/fi\/wp-json\/wp\/v2\/media\/64495"}],"wp:attachment":[{"href":"https:\/\/likeink.com\/fi\/wp-json\/wp\/v2\/media?parent=64509"}],"wp:term":[{"taxonomy":"product_brand","embeddable":true,"href":"https:\/\/likeink.com\/fi\/wp-json\/wp\/v2\/product_brand?post=64509"},{"taxonomy":"product_cat","embeddable":true,"href":"https:\/\/likeink.com\/fi\/wp-json\/wp\/v2\/product_cat?post=64509"},{"taxonomy":"product_tag","embeddable":true,"href":"https:\/\/likeink.com\/fi\/wp-json\/wp\/v2\/product_tag?post=64509"}],"curies":[{"name":"wp","href":"https:\/\/api.w.org\/{rel}","templated":true}]}}