{"id":64770,"date":"2026-05-08T07:49:16","date_gmt":"2026-05-08T07:49:16","guid":{"rendered":"https:\/\/likeink.com\/?post_type=product&#038;p=64770"},"modified":"2026-05-08T09:53:40","modified_gmt":"2026-05-08T09:53:40","slug":"aitienpaivan-tatuoinnit","status":"publish","type":"product","link":"https:\/\/likeink.com\/fi\/siirtotatuoinnit\/aitienpaivan-tatuoinnit\/","title":{"rendered":"\u00c4itienp\u00e4iv\u00e4n tatuoinnit"},"content":{"rendered":"","protected":false},"excerpt":{"rendered":"<p>T\u00e4m\u00e4 arkki sis\u00e4lt\u00e4\u00e4 kauniita v\u00e4liaikaisia tatuointeja \u00e4itienp\u00e4iv\u00e4\u00e4 varten. Osta n\u00e4m\u00e4 tatuoinnit n\u00e4ytt\u00e4\u00e4ksesi \u00e4idillesi, kuinka paljon h\u00e4n merkitsee sinulle. T\u00e4m\u00e4 arkki sis\u00e4lt\u00e4\u00e4 syd\u00e4mi\u00e4 ja kukkia kauniilla teksteill\u00e4. Like Inkin valmiit v\u00e4liaikaisten tatuointien arkit ovat kooltaan noin 20\u00d714 cm ja sis\u00e4lt\u00e4v\u00e4t kuvassa n\u00e4kyv\u00e4t kuviot. Painamme ja l\u00e4het\u00e4mme 24 tunnin kuluessa tilauksestasi. Tatuoinnit ovat tyylikk\u00e4it\u00e4, laadukkaita, helppoja kiinnitt\u00e4\u00e4 ja helppoja pest\u00e4 pois. Like Ink noudattaa kaikkia EU:n kosmetiikkatuotteita koskevia s\u00e4\u00e4nt\u00f6j\u00e4, joten voit tilata turvallisin mielin.<\/p>\n<h2><strong> V\u00e4liaikaiset tatuoinnit syd\u00e4n- ja kukka-aiheilla \u00e4itienp\u00e4iv\u00e4\u00e4n <\/strong><\/h2>\n<p>T\u00e4m\u00e4 arkki sis\u00e4lt\u00e4\u00e4 syd\u00e4mi\u00e4 ja kukkia, sek\u00e4 tekstill\u00e4 ett\u00e4 ilman.<\/p>\n<p>T\u00e4m\u00e4 arkki sis\u00e4lt\u00e4\u00e4 8 suurta v\u00e4liaikaista tatuointia. Se sis\u00e4lt\u00e4\u00e4 my\u00f6s 12 pienemp\u00e4\u00e4 tatuointia. Suuret tatuoinnit sopivat t\u00e4ydellisesti koristeiksi sileille pinnoille, ja niit\u00e4 voi k\u00e4ytt\u00e4\u00e4 my\u00f6s vartalolla v\u00e4liaikaisina tatuointeina. Pienet tatuoinnit sopivat t\u00e4ydellisesti kasvoihin tai k\u00e4siin, mutta niit\u00e4 voi k\u00e4ytt\u00e4\u00e4 my\u00f6s koristeina.<\/p>\n<p><strong>Arkin koko:<\/strong> A5<br \/>\n<strong>Tatuointien m\u00e4\u00e4r\u00e4:<\/strong> 8 suurta, 12 pient\u00e4<br \/>\n<strong>Suurten tatuointien koko:<\/strong> 4-6 cm<br \/>\n<strong>Pienten tatuointien koko:<\/strong> 0,7-1,5 cm<\/p>\n","protected":false},"featured_media":64688,"template":"","meta":[],"product_brand":[],"product_cat":[514,507,51],"product_tag":[],"class_list":{"0":"post-64770","1":"product","2":"type-product","3":"status-publish","4":"has-post-thumbnail","6":"product_cat-naamiaisasu-sesonki","7":"product_cat-old-school-ja-retro","8":"product_cat-valmiit-arkit","10":"first","11":"instock","12":"taxable","13":"shipping-taxable","14":"purchasable","15":"product-type-simple"},"yoast_head":"<!-- This site is optimized with the Yoast SEO Premium plugin v27.5 (Yoast SEO v27.6) - https:\/\/yoast.com\/product\/yoast-seo-premium-wordpress\/ -->\n<title>\u00c4itienp\u00e4iv\u00e4n tatuoinnit - Like ink<\/title>\n<meta name=\"description\" content=\"\u00c4itienp\u00e4iv\u00e4n tatuoinnit, joissa on syd\u00e4mi\u00e4, ruusuja ja tekstit &quot;Mom&quot; ja &quot;I love Mom&quot;. Kauniita v\u00e4liaikaisia tatuointeja \u00e4itienp\u00e4iv\u00e4n juhlistamiseen.\" \/>\n<meta name=\"robots\" content=\"index, follow, max-snippet:-1, max-image-preview:large, max-video-preview:-1\" \/>\n<link rel=\"canonical\" href=\"https:\/\/likeink.com\/fi\/siirtotatuoinnit\/aitienpaivan-tatuoinnit\/\" \/>\n<meta property=\"og:locale\" content=\"fi_FI\" \/>\n<meta property=\"og:type\" content=\"article\" \/>\n<meta property=\"og:title\" content=\"\u00c4itienp\u00e4iv\u00e4n tatuoinnit\" \/>\n<meta property=\"og:description\" content=\"T\u00e4m\u00e4 arkki sis\u00e4lt\u00e4\u00e4 kauniita v\u00e4liaikaisia tatuointeja \u00e4itienp\u00e4iv\u00e4\u00e4 varten. Osta n\u00e4m\u00e4 tatuoinnit n\u00e4ytt\u00e4\u00e4ksesi \u00e4idillesi, kuinka paljon h\u00e4n merkitsee sinulle. T\u00e4m\u00e4 arkki sis\u00e4lt\u00e4\u00e4 syd\u00e4mi\u00e4 ja kukkia kauniilla teksteill\u00e4. Like Inkin valmiit v\u00e4liaikaisten tatuointien arkit ovat kooltaan noin 20\u00d714 cm ja sis\u00e4lt\u00e4v\u00e4t kuvassa n\u00e4kyv\u00e4t kuviot. Painamme ja l\u00e4het\u00e4mme 24 tunnin kuluessa tilauksestasi. Tatuoinnit ovat tyylikk\u00e4it\u00e4, laadukkaita, helppoja kiinnitt\u00e4\u00e4 ja helppoja pest\u00e4 pois. Like Ink noudattaa kaikkia EU:n kosmetiikkatuotteita koskevia s\u00e4\u00e4nt\u00f6j\u00e4, joten voit tilata turvallisin mielin.  V\u00e4liaikaiset tatuoinnit syd\u00e4n- ja kukka-aiheilla \u00e4itienp\u00e4iv\u00e4\u00e4n  T\u00e4m\u00e4 arkki sis\u00e4lt\u00e4\u00e4 syd\u00e4mi\u00e4 ja kukkia, sek\u00e4 tekstill\u00e4 ett\u00e4 ilman.  T\u00e4m\u00e4 arkki sis\u00e4lt\u00e4\u00e4 8 suurta v\u00e4liaikaista tatuointia. Se sis\u00e4lt\u00e4\u00e4 my\u00f6s 12 pienemp\u00e4\u00e4 tatuointia. Suuret tatuoinnit sopivat t\u00e4ydellisesti koristeiksi sileille pinnoille, ja niit\u00e4 voi k\u00e4ytt\u00e4\u00e4 my\u00f6s vartalolla v\u00e4liaikaisina tatuointeina. Pienet tatuoinnit sopivat t\u00e4ydellisesti kasvoihin tai k\u00e4siin, mutta niit\u00e4 voi k\u00e4ytt\u00e4\u00e4 my\u00f6s koristeina.  Arkin koko: A5 Tatuointien m\u00e4\u00e4r\u00e4: 8 suurta, 12 pient\u00e4 Suurten tatuointien koko: 4-6 cm Pienten tatuointien koko: 0,7-1,5 cm\" \/>\n<meta property=\"og:url\" content=\"https:\/\/likeink.com\/fi\/siirtotatuoinnit\/aitienpaivan-tatuoinnit\/\" \/>\n<meta property=\"og:site_name\" content=\"Like ink\" \/>\n<meta property=\"article:publisher\" content=\"https:\/\/www.facebook.com\/LikeInkSe\" \/>\n<meta property=\"article:modified_time\" content=\"2026-05-08T09:53:40+00:00\" \/>\n<meta property=\"og:image\" content=\"https:\/\/likeink.com\/wp-content\/uploads\/2026\/05\/Mom-TemporaryTattoos-Likeink.jpg\" \/>\n\t<meta property=\"og:image:width\" content=\"1800\" \/>\n\t<meta property=\"og:image:height\" content=\"1268\" \/>\n\t<meta property=\"og:image:type\" content=\"image\/jpeg\" \/>\n<meta name=\"twitter:card\" content=\"summary_large_image\" \/>\n<meta name=\"twitter:label1\" content=\"Arvioitu lukuaika\" \/>\n\t<meta name=\"twitter:data1\" content=\"1 minuutti\" \/>\n<!-- \/ Yoast SEO Premium plugin. -->","yoast_head_json":{"title":"\u00c4itienp\u00e4iv\u00e4n tatuoinnit - Like ink","description":"\u00c4itienp\u00e4iv\u00e4n tatuoinnit, joissa on syd\u00e4mi\u00e4, ruusuja ja tekstit \"Mom\" ja \"I love Mom\". Kauniita v\u00e4liaikaisia tatuointeja \u00e4itienp\u00e4iv\u00e4n juhlistamiseen.","robots":{"index":"index","follow":"follow","max-snippet":"max-snippet:-1","max-image-preview":"max-image-preview:large","max-video-preview":"max-video-preview:-1"},"canonical":"https:\/\/likeink.com\/fi\/siirtotatuoinnit\/aitienpaivan-tatuoinnit\/","og_locale":"fi_FI","og_type":"article","og_title":"\u00c4itienp\u00e4iv\u00e4n tatuoinnit","og_description":"T\u00e4m\u00e4 arkki sis\u00e4lt\u00e4\u00e4 kauniita v\u00e4liaikaisia tatuointeja \u00e4itienp\u00e4iv\u00e4\u00e4 varten. Osta n\u00e4m\u00e4 tatuoinnit n\u00e4ytt\u00e4\u00e4ksesi \u00e4idillesi, kuinka paljon h\u00e4n merkitsee sinulle. T\u00e4m\u00e4 arkki sis\u00e4lt\u00e4\u00e4 syd\u00e4mi\u00e4 ja kukkia kauniilla teksteill\u00e4. Like Inkin valmiit v\u00e4liaikaisten tatuointien arkit ovat kooltaan noin 20\u00d714 cm ja sis\u00e4lt\u00e4v\u00e4t kuvassa n\u00e4kyv\u00e4t kuviot. Painamme ja l\u00e4het\u00e4mme 24 tunnin kuluessa tilauksestasi. Tatuoinnit ovat tyylikk\u00e4it\u00e4, laadukkaita, helppoja kiinnitt\u00e4\u00e4 ja helppoja pest\u00e4 pois. Like Ink noudattaa kaikkia EU:n kosmetiikkatuotteita koskevia s\u00e4\u00e4nt\u00f6j\u00e4, joten voit tilata turvallisin mielin.  V\u00e4liaikaiset tatuoinnit syd\u00e4n- ja kukka-aiheilla \u00e4itienp\u00e4iv\u00e4\u00e4n  T\u00e4m\u00e4 arkki sis\u00e4lt\u00e4\u00e4 syd\u00e4mi\u00e4 ja kukkia, sek\u00e4 tekstill\u00e4 ett\u00e4 ilman.  T\u00e4m\u00e4 arkki sis\u00e4lt\u00e4\u00e4 8 suurta v\u00e4liaikaista tatuointia. Se sis\u00e4lt\u00e4\u00e4 my\u00f6s 12 pienemp\u00e4\u00e4 tatuointia. Suuret tatuoinnit sopivat t\u00e4ydellisesti koristeiksi sileille pinnoille, ja niit\u00e4 voi k\u00e4ytt\u00e4\u00e4 my\u00f6s vartalolla v\u00e4liaikaisina tatuointeina. Pienet tatuoinnit sopivat t\u00e4ydellisesti kasvoihin tai k\u00e4siin, mutta niit\u00e4 voi k\u00e4ytt\u00e4\u00e4 my\u00f6s koristeina.  Arkin koko: A5 Tatuointien m\u00e4\u00e4r\u00e4: 8 suurta, 12 pient\u00e4 Suurten tatuointien koko: 4-6 cm Pienten tatuointien koko: 0,7-1,5 cm","og_url":"https:\/\/likeink.com\/fi\/siirtotatuoinnit\/aitienpaivan-tatuoinnit\/","og_site_name":"Like ink","article_publisher":"https:\/\/www.facebook.com\/LikeInkSe","article_modified_time":"2026-05-08T09:53:40+00:00","og_image":[{"width":1800,"height":1268,"url":"https:\/\/likeink.com\/wp-content\/uploads\/2026\/05\/Mom-TemporaryTattoos-Likeink.jpg","type":"image\/jpeg"}],"twitter_card":"summary_large_image","twitter_misc":{"Arvioitu lukuaika":"1 minuutti"},"schema":{"@context":"https:\/\/schema.org","@graph":[{"@type":"WebPage","@id":"https:\/\/likeink.com\/fi\/siirtotatuoinnit\/aitienpaivan-tatuoinnit\/","url":"https:\/\/likeink.com\/fi\/siirtotatuoinnit\/aitienpaivan-tatuoinnit\/","name":"\u00c4itienp\u00e4iv\u00e4n tatuoinnit - Like ink","isPartOf":{"@id":"https:\/\/likeink.com\/fi\/#website"},"primaryImageOfPage":{"@id":"https:\/\/likeink.com\/fi\/siirtotatuoinnit\/aitienpaivan-tatuoinnit\/#primaryimage"},"image":{"@id":"https:\/\/likeink.com\/fi\/siirtotatuoinnit\/aitienpaivan-tatuoinnit\/#primaryimage"},"thumbnailUrl":"https:\/\/likeink.com\/wp-content\/uploads\/2026\/05\/Mom-TemporaryTattoos-Likeink.jpg","datePublished":"2026-05-08T07:49:16+00:00","dateModified":"2026-05-08T09:53:40+00:00","description":"\u00c4itienp\u00e4iv\u00e4n tatuoinnit, joissa on syd\u00e4mi\u00e4, ruusuja ja tekstit \"Mom\" ja \"I love Mom\". Kauniita v\u00e4liaikaisia tatuointeja \u00e4itienp\u00e4iv\u00e4n juhlistamiseen.","breadcrumb":{"@id":"https:\/\/likeink.com\/fi\/siirtotatuoinnit\/aitienpaivan-tatuoinnit\/#breadcrumb"},"inLanguage":"fi","potentialAction":[{"@type":"ReadAction","target":["https:\/\/likeink.com\/fi\/siirtotatuoinnit\/aitienpaivan-tatuoinnit\/"]}]},{"@type":"ImageObject","inLanguage":"fi","@id":"https:\/\/likeink.com\/fi\/siirtotatuoinnit\/aitienpaivan-tatuoinnit\/#primaryimage","url":"https:\/\/likeink.com\/wp-content\/uploads\/2026\/05\/Mom-TemporaryTattoos-Likeink.jpg","contentUrl":"https:\/\/likeink.com\/wp-content\/uploads\/2026\/05\/Mom-TemporaryTattoos-Likeink.jpg","width":1800,"height":1268,"caption":"Kokoelma punaisia syd\u00e4mi\u00e4 ja ruusuja, joissa joissakin syd\u00e4miss\u00e4 on bannereita, joissa lukee MOM tai I \u2665 MOM tatuointityyliin, kaikki valkoisella pohjalla."},{"@type":"BreadcrumbList","@id":"https:\/\/likeink.com\/fi\/siirtotatuoinnit\/aitienpaivan-tatuoinnit\/#breadcrumb","itemListElement":[{"@type":"ListItem","position":1,"name":"Hem","item":"https:\/\/likeink.com\/fi\/"},{"@type":"ListItem","position":2,"name":"Shop","item":"https:\/\/likeink.com\/fi\/shop\/"},{"@type":"ListItem","position":3,"name":"\u00c4itienp\u00e4iv\u00e4n tatuoinnit"}]},{"@type":"WebSite","@id":"https:\/\/likeink.com\/fi\/#website","url":"https:\/\/likeink.com\/fi\/","name":"Like ink","description":"Make your own custom design","potentialAction":[{"@type":"SearchAction","target":{"@type":"EntryPoint","urlTemplate":"https:\/\/likeink.com\/fi\/?s={search_term_string}"},"query-input":{"@type":"PropertyValueSpecification","valueRequired":true,"valueName":"search_term_string"}}],"inLanguage":"fi"}]}},"_links":{"self":[{"href":"https:\/\/likeink.com\/fi\/wp-json\/wp\/v2\/product\/64770","targetHints":{"allow":["GET"]}}],"collection":[{"href":"https:\/\/likeink.com\/fi\/wp-json\/wp\/v2\/product"}],"about":[{"href":"https:\/\/likeink.com\/fi\/wp-json\/wp\/v2\/types\/product"}],"wp:featuredmedia":[{"embeddable":true,"href":"https:\/\/likeink.com\/fi\/wp-json\/wp\/v2\/media\/64688"}],"wp:attachment":[{"href":"https:\/\/likeink.com\/fi\/wp-json\/wp\/v2\/media?parent=64770"}],"wp:term":[{"taxonomy":"product_brand","embeddable":true,"href":"https:\/\/likeink.com\/fi\/wp-json\/wp\/v2\/product_brand?post=64770"},{"taxonomy":"product_cat","embeddable":true,"href":"https:\/\/likeink.com\/fi\/wp-json\/wp\/v2\/product_cat?post=64770"},{"taxonomy":"product_tag","embeddable":true,"href":"https:\/\/likeink.com\/fi\/wp-json\/wp\/v2\/product_tag?post=64770"}],"curies":[{"name":"wp","href":"https:\/\/api.w.org\/{rel}","templated":true}]}}