{"id":65069,"date":"2024-05-05T17:16:37","date_gmt":"2024-05-05T17:16:37","guid":{"rendered":"https:\/\/likeink.com\/gnuggisar\/heja-sverige-flaggor\/"},"modified":"2026-05-11T14:29:39","modified_gmt":"2026-05-11T14:29:39","slug":"kannusta-ruotsia-liput","status":"publish","type":"product","link":"https:\/\/likeink.com\/fi\/siirtotatuoinnit\/kannusta-ruotsia-liput\/","title":{"rendered":"Kannusta Ruotsia liput"},"content":{"rendered":"","protected":false},"excerpt":{"rendered":"<p>Kannusta Ruotsia liput on tatuointiarkki, joka sis\u00e4lt\u00e4\u00e4 Ruotsin lipun v\u00e4rit. Ne n\u00e4kyv\u00e4t erilaisissa kuvioissa, kuten perhosessa, pilottilaseja ja bandanaa k\u00e4ytt\u00e4v\u00e4ss\u00e4 tyt\u00f6ss\u00e4 sek\u00e4 syd\u00e4miss\u00e4 ja Ruotsin lipun eri muunnelmissa. Ruotsin lipulla varustettuja tatuointeja on eri kokoisina. Ruotsin lipputatuointi sopii t\u00e4ydellisesti k\u00e4ytett\u00e4v\u00e4ksi opiskelijajuhlissa, maaotteluissa, olympialaisten, MM-kisojen ja EM-kisojen aikana, kansallisp\u00e4iv\u00e4n\u00e4 ja muissa tilanteissa, joissa haluat koristella kehoasi tai kasvojasi tyylikk\u00e4\u00e4ll\u00e4 sinikeltaisella tatuoinnilla.<\/p>\n<h2>Osta v\u00e4liaikaisia tatuointeja Ruotsin lipuilla.<\/h2>\n<p>Kuviot sopivat hyvin tatuoinneiksi, joissa on selke\u00e4t \u00e4\u00e4riviivat ja kauniit keltaiset ja siniset s\u00e4vyt.<\/p>\n<p>Like Inkin tatuoinnit sopivat sek\u00e4 aikuisille ett\u00e4 lapsille. V\u00e4liaikaiset tatuointimme ovat helppoja kiinnitt\u00e4\u00e4, helppoja pest\u00e4 pois ja hell\u00e4varaisia iholle. Painamme ne omassa painossamme Malm\u00f6ss\u00e4 ja l\u00e4het\u00e4mme tilauksesi vuorokauden kuluessa.<\/p>\n<p><strong>Arkin koko:<\/strong> A5<br \/>\n<strong>Tatuointien m\u00e4\u00e4r\u00e4 Ruotsin lipulla:<\/strong> 13<br \/>\n<strong>Tatuointien koko:<\/strong> 65-30 mm<\/p>\n","protected":false},"featured_media":27017,"template":"","meta":[],"product_brand":[],"product_cat":[514,51],"product_tag":[],"class_list":{"0":"post-65069","1":"product","2":"type-product","3":"status-publish","4":"has-post-thumbnail","6":"product_cat-naamiaisasu-sesonki","7":"product_cat-valmiit-arkit","9":"first","10":"instock","11":"taxable","12":"shipping-taxable","13":"purchasable","14":"product-type-simple"},"yoast_head":"<!-- This site is optimized with the Yoast SEO Premium plugin v27.5 (Yoast SEO v27.6) - https:\/\/yoast.com\/product\/yoast-seo-premium-wordpress\/ -->\n<title>Kannusta Ruotsia liput - Like ink<\/title>\n<meta name=\"description\" content=\"Kannusta Ruotsia liput siirtotatuointeina ja v\u00e4liaikaisina tatuointeina. Hauskoja vaihtoehtoja Ruotsin v\u00e4reiss\u00e4, jotka sopivat tatuoinneiksi. - Like ink\" \/>\n<meta name=\"robots\" content=\"index, follow, max-snippet:-1, max-image-preview:large, max-video-preview:-1\" \/>\n<link rel=\"canonical\" href=\"https:\/\/likeink.com\/fi\/siirtotatuoinnit\/kannusta-ruotsia-liput\/\" \/>\n<meta property=\"og:locale\" content=\"fi_FI\" \/>\n<meta property=\"og:type\" content=\"article\" \/>\n<meta property=\"og:title\" content=\"Kannusta Ruotsia liput\" \/>\n<meta property=\"og:description\" content=\"Kannusta Ruotsia liput on tatuointiarkki, joka sis\u00e4lt\u00e4\u00e4 Ruotsin lipun v\u00e4rit. Ne n\u00e4kyv\u00e4t erilaisissa kuvioissa, kuten perhosessa, pilottilaseja ja bandanaa k\u00e4ytt\u00e4v\u00e4ss\u00e4 tyt\u00f6ss\u00e4 sek\u00e4 syd\u00e4miss\u00e4 ja Ruotsin lipun eri muunnelmissa. Ruotsin lipulla varustettuja tatuointeja on eri kokoisina. Ruotsin lipputatuointi sopii t\u00e4ydellisesti k\u00e4ytett\u00e4v\u00e4ksi opiskelijajuhlissa, maaotteluissa, olympialaisten, MM-kisojen ja EM-kisojen aikana, kansallisp\u00e4iv\u00e4n\u00e4 ja muissa tilanteissa, joissa haluat koristella kehoasi tai kasvojasi tyylikk\u00e4\u00e4ll\u00e4 sinikeltaisella tatuoinnilla. Osta v\u00e4liaikaisia tatuointeja Ruotsin lipuilla. Kuviot sopivat hyvin tatuoinneiksi, joissa on selke\u00e4t \u00e4\u00e4riviivat ja kauniit keltaiset ja siniset s\u00e4vyt.  Like Inkin tatuoinnit sopivat sek\u00e4 aikuisille ett\u00e4 lapsille. V\u00e4liaikaiset tatuointimme ovat helppoja kiinnitt\u00e4\u00e4, helppoja pest\u00e4 pois ja hell\u00e4varaisia iholle. Painamme ne omassa painossamme Malm\u00f6ss\u00e4 ja l\u00e4het\u00e4mme tilauksesi vuorokauden kuluessa.  Arkin koko: A5 Tatuointien m\u00e4\u00e4r\u00e4 Ruotsin lipulla: 13 Tatuointien koko: 65-30 mm\" \/>\n<meta property=\"og:url\" content=\"https:\/\/likeink.com\/fi\/siirtotatuoinnit\/kannusta-ruotsia-liput\/\" \/>\n<meta property=\"og:site_name\" content=\"Like ink\" \/>\n<meta property=\"article:publisher\" content=\"https:\/\/www.facebook.com\/LikeInkSe\" \/>\n<meta property=\"article:modified_time\" content=\"2026-05-11T14:29:39+00:00\" \/>\n<meta property=\"og:image\" content=\"https:\/\/likeink.com\/wp-content\/uploads\/2024\/05\/Heja-Sverige-Flaggor-Likeink.jpg\" \/>\n\t<meta property=\"og:image:width\" content=\"1400\" \/>\n\t<meta property=\"og:image:height\" content=\"986\" \/>\n\t<meta property=\"og:image:type\" content=\"image\/jpeg\" \/>\n<meta name=\"twitter:card\" content=\"summary_large_image\" \/>\n<meta name=\"twitter:label1\" content=\"Arvioitu lukuaika\" \/>\n\t<meta name=\"twitter:data1\" content=\"1 minuutti\" \/>\n<!-- \/ Yoast SEO Premium plugin. -->","yoast_head_json":{"title":"Kannusta Ruotsia liput - Like ink","description":"Kannusta Ruotsia liput siirtotatuointeina ja v\u00e4liaikaisina tatuointeina. Hauskoja vaihtoehtoja Ruotsin v\u00e4reiss\u00e4, jotka sopivat tatuoinneiksi. - Like ink","robots":{"index":"index","follow":"follow","max-snippet":"max-snippet:-1","max-image-preview":"max-image-preview:large","max-video-preview":"max-video-preview:-1"},"canonical":"https:\/\/likeink.com\/fi\/siirtotatuoinnit\/kannusta-ruotsia-liput\/","og_locale":"fi_FI","og_type":"article","og_title":"Kannusta Ruotsia liput","og_description":"Kannusta Ruotsia liput on tatuointiarkki, joka sis\u00e4lt\u00e4\u00e4 Ruotsin lipun v\u00e4rit. Ne n\u00e4kyv\u00e4t erilaisissa kuvioissa, kuten perhosessa, pilottilaseja ja bandanaa k\u00e4ytt\u00e4v\u00e4ss\u00e4 tyt\u00f6ss\u00e4 sek\u00e4 syd\u00e4miss\u00e4 ja Ruotsin lipun eri muunnelmissa. Ruotsin lipulla varustettuja tatuointeja on eri kokoisina. Ruotsin lipputatuointi sopii t\u00e4ydellisesti k\u00e4ytett\u00e4v\u00e4ksi opiskelijajuhlissa, maaotteluissa, olympialaisten, MM-kisojen ja EM-kisojen aikana, kansallisp\u00e4iv\u00e4n\u00e4 ja muissa tilanteissa, joissa haluat koristella kehoasi tai kasvojasi tyylikk\u00e4\u00e4ll\u00e4 sinikeltaisella tatuoinnilla. Osta v\u00e4liaikaisia tatuointeja Ruotsin lipuilla. Kuviot sopivat hyvin tatuoinneiksi, joissa on selke\u00e4t \u00e4\u00e4riviivat ja kauniit keltaiset ja siniset s\u00e4vyt.  Like Inkin tatuoinnit sopivat sek\u00e4 aikuisille ett\u00e4 lapsille. V\u00e4liaikaiset tatuointimme ovat helppoja kiinnitt\u00e4\u00e4, helppoja pest\u00e4 pois ja hell\u00e4varaisia iholle. Painamme ne omassa painossamme Malm\u00f6ss\u00e4 ja l\u00e4het\u00e4mme tilauksesi vuorokauden kuluessa.  Arkin koko: A5 Tatuointien m\u00e4\u00e4r\u00e4 Ruotsin lipulla: 13 Tatuointien koko: 65-30 mm","og_url":"https:\/\/likeink.com\/fi\/siirtotatuoinnit\/kannusta-ruotsia-liput\/","og_site_name":"Like ink","article_publisher":"https:\/\/www.facebook.com\/LikeInkSe","article_modified_time":"2026-05-11T14:29:39+00:00","og_image":[{"width":1400,"height":986,"url":"https:\/\/likeink.com\/wp-content\/uploads\/2024\/05\/Heja-Sverige-Flaggor-Likeink.jpg","type":"image\/jpeg"}],"twitter_card":"summary_large_image","twitter_misc":{"Arvioitu lukuaika":"1 minuutti"},"schema":{"@context":"https:\/\/schema.org","@graph":[{"@type":"WebPage","@id":"https:\/\/likeink.com\/fi\/siirtotatuoinnit\/kannusta-ruotsia-liput\/","url":"https:\/\/likeink.com\/fi\/siirtotatuoinnit\/kannusta-ruotsia-liput\/","name":"Kannusta Ruotsia liput - Like ink","isPartOf":{"@id":"https:\/\/likeink.com\/fi\/#website"},"primaryImageOfPage":{"@id":"https:\/\/likeink.com\/fi\/siirtotatuoinnit\/kannusta-ruotsia-liput\/#primaryimage"},"image":{"@id":"https:\/\/likeink.com\/fi\/siirtotatuoinnit\/kannusta-ruotsia-liput\/#primaryimage"},"thumbnailUrl":"https:\/\/likeink.com\/wp-content\/uploads\/2024\/05\/Heja-Sverige-Flaggor-Likeink.jpg","datePublished":"2024-05-05T17:16:37+00:00","dateModified":"2026-05-11T14:29:39+00:00","description":"Kannusta Ruotsia liput siirtotatuointeina ja v\u00e4liaikaisina tatuointeina. Hauskoja vaihtoehtoja Ruotsin v\u00e4reiss\u00e4, jotka sopivat tatuoinneiksi. - Like ink","breadcrumb":{"@id":"https:\/\/likeink.com\/fi\/siirtotatuoinnit\/kannusta-ruotsia-liput\/#breadcrumb"},"inLanguage":"fi","potentialAction":[{"@type":"ReadAction","target":["https:\/\/likeink.com\/fi\/siirtotatuoinnit\/kannusta-ruotsia-liput\/"]}]},{"@type":"ImageObject","inLanguage":"fi","@id":"https:\/\/likeink.com\/fi\/siirtotatuoinnit\/kannusta-ruotsia-liput\/#primaryimage","url":"https:\/\/likeink.com\/wp-content\/uploads\/2024\/05\/Heja-Sverige-Flaggor-Likeink.jpg","contentUrl":"https:\/\/likeink.com\/wp-content\/uploads\/2024\/05\/Heja-Sverige-Flaggor-Likeink.jpg","width":1400,"height":986,"caption":"Ruotsin lipun hierotatuoinnit Like Inkilt\u00e4."},{"@type":"BreadcrumbList","@id":"https:\/\/likeink.com\/fi\/siirtotatuoinnit\/kannusta-ruotsia-liput\/#breadcrumb","itemListElement":[{"@type":"ListItem","position":1,"name":"Hem","item":"https:\/\/likeink.com\/fi\/"},{"@type":"ListItem","position":2,"name":"Shop","item":"https:\/\/likeink.com\/fi\/shop\/"},{"@type":"ListItem","position":3,"name":"Kannusta Ruotsia liput"}]},{"@type":"WebSite","@id":"https:\/\/likeink.com\/fi\/#website","url":"https:\/\/likeink.com\/fi\/","name":"Like ink","description":"Make your own custom design","potentialAction":[{"@type":"SearchAction","target":{"@type":"EntryPoint","urlTemplate":"https:\/\/likeink.com\/fi\/?s={search_term_string}"},"query-input":{"@type":"PropertyValueSpecification","valueRequired":true,"valueName":"search_term_string"}}],"inLanguage":"fi"}]}},"_links":{"self":[{"href":"https:\/\/likeink.com\/fi\/wp-json\/wp\/v2\/product\/65069","targetHints":{"allow":["GET"]}}],"collection":[{"href":"https:\/\/likeink.com\/fi\/wp-json\/wp\/v2\/product"}],"about":[{"href":"https:\/\/likeink.com\/fi\/wp-json\/wp\/v2\/types\/product"}],"wp:featuredmedia":[{"embeddable":true,"href":"https:\/\/likeink.com\/fi\/wp-json\/wp\/v2\/media\/27017"}],"wp:attachment":[{"href":"https:\/\/likeink.com\/fi\/wp-json\/wp\/v2\/media?parent=65069"}],"wp:term":[{"taxonomy":"product_brand","embeddable":true,"href":"https:\/\/likeink.com\/fi\/wp-json\/wp\/v2\/product_brand?post=65069"},{"taxonomy":"product_cat","embeddable":true,"href":"https:\/\/likeink.com\/fi\/wp-json\/wp\/v2\/product_cat?post=65069"},{"taxonomy":"product_tag","embeddable":true,"href":"https:\/\/likeink.com\/fi\/wp-json\/wp\/v2\/product_tag?post=65069"}],"curies":[{"name":"wp","href":"https:\/\/api.w.org\/{rel}","templated":true}]}}