{"id":65113,"date":"2021-02-18T13:25:15","date_gmt":"2021-02-18T13:25:15","guid":{"rendered":"https:\/\/likeink.com\/gnuggisar\/flash-1-by-kain-at-zoi-tattoo\/"},"modified":"2026-05-12T11:14:45","modified_gmt":"2026-05-12T11:14:45","slug":"flash-pentagram-by-kain-toro-at-zoi-tattoo","status":"publish","type":"product","link":"https:\/\/likeink.com\/fi\/siirtotatuoinnit\/flash-pentagram-by-kain-toro-at-zoi-tattoo\/","title":{"rendered":"Flash &#8220;Pentagram&#8221; Kain Torolta Zoi Tattoossa"},"content":{"rendered":"","protected":false},"excerpt":{"rendered":"<p>Valmiit v\u00e4liaikaisten tatuointien arkkimme ovat kooltaan noin 20\u00d715 cm ja t\u00e4ynn\u00e4 kuvassa n\u00e4kyv\u00e4\u00e4 designia. Varmistaaksemme tyytyv\u00e4isyytesi painamme ja l\u00e4het\u00e4mme arkin 24 tunnin kuluessa tilauksestasi.<\/p>\n<h2>V\u00e4liaikaiset tatuoinnit Kainilta<\/h2>\n<p>T\u00e4m\u00e4n arkin on suunnitellut lahjakas tatuoija Kain Toro Zoi Tattoossa.<\/p>\n<p><strong>T\u00e4m\u00e4 on Kain:<\/strong> Eritt\u00e4in lahjakas tatuoija Kolumbiasta, joka ty\u00f6skentelee Zoi Tattoossa Malm\u00f6ss\u00e4, Ruotsissa. Kain rakastaa black and grey -tyyli\u00e4, p\u00e4\u00e4kalloja ja rock n rollia. Muutama vuosi sitten Kain tatuoi ankkurin kyyn\u00e4rvarteeni. Olin vaikuttunut siit\u00e4, kuinka nopeasti h\u00e4n tatuoi, kuinka hienoiksi viivat tulivat ja h\u00e4nen tarkasta yksityiskohtien tajustaan.<br \/>\nOlemme innoissamme voidessamme tarjota muutamia Kainin designeja v\u00e4liaikaisina tatuointeina!<\/p>\n<p><strong>Ota yhteytt\u00e4 Kainiin:<\/strong><\/p>\n<p><strong>Instagram:<\/strong><\/p>\n<p>@6kain6<\/p>\n<p><strong>Studio:<\/strong><\/p>\n<p>Zoi Tattoo<\/p>\n<p><strong>Osoite:<\/strong><\/p>\n<p>Stora Nygatan 42, MALM\u00d6<\/p>\n<p><strong>Verkkosivusto:<\/strong> https:\/\/www.zoitattoo.com<\/p>\n","protected":false},"featured_media":4731,"template":"","meta":[],"product_brand":[],"product_cat":[51,501],"product_tag":[],"class_list":{"0":"post-65113","1":"product","2":"type-product","3":"status-publish","4":"has-post-thumbnail","6":"product_cat-valmiit-arkit","7":"product_cat-yhteistyot-tatuoijien-kanssa","9":"first","10":"instock","11":"taxable","12":"shipping-taxable","13":"purchasable","14":"product-type-simple"},"yoast_head":"<!-- This site is optimized with the Yoast SEO Premium plugin v27.5 (Yoast SEO v27.6) - https:\/\/yoast.com\/product\/yoast-seo-premium-wordpress\/ -->\n<title>Flash &quot;Pentagram&quot; Kain Torolta Zoi Tattoossa<\/title>\n<meta name=\"description\" content=\"Pentagrammitatuointi: osta fake tattoos flash sheet tatuoija Kainin suunnittelemana Zoi Inkiss\u00e4. A5-arkki 98 kr, nopeat toimitukset ja ilmainen toimitus.\" \/>\n<meta name=\"robots\" content=\"index, follow, max-snippet:-1, max-image-preview:large, max-video-preview:-1\" \/>\n<link rel=\"canonical\" href=\"https:\/\/likeink.com\/fi\/siirtotatuoinnit\/flash-pentagram-by-kain-toro-at-zoi-tattoo\/\" \/>\n<meta property=\"og:locale\" content=\"fi_FI\" \/>\n<meta property=\"og:type\" content=\"article\" \/>\n<meta property=\"og:title\" content=\"Flash &quot;Pentagram&quot; Kain Torolta Zoi Tattoossa\" \/>\n<meta property=\"og:description\" content=\"Valmiit v\u00e4liaikaisten tatuointien arkkimme ovat kooltaan noin 20\u00d715 cm ja t\u00e4ynn\u00e4 kuvassa n\u00e4kyv\u00e4\u00e4 designia. Varmistaaksemme tyytyv\u00e4isyytesi painamme ja l\u00e4het\u00e4mme arkin 24 tunnin kuluessa tilauksestasi. V\u00e4liaikaiset tatuoinnit Kainilta T\u00e4m\u00e4n arkin on suunnitellut lahjakas tatuoija Kain Toro Zoi Tattoossa.  T\u00e4m\u00e4 on Kain: Eritt\u00e4in lahjakas tatuoija Kolumbiasta, joka ty\u00f6skentelee Zoi Tattoossa Malm\u00f6ss\u00e4, Ruotsissa. Kain rakastaa black and grey -tyyli\u00e4, p\u00e4\u00e4kalloja ja rock n rollia. Muutama vuosi sitten Kain tatuoi ankkurin kyyn\u00e4rvarteeni. Olin vaikuttunut siit\u00e4, kuinka nopeasti h\u00e4n tatuoi, kuinka hienoiksi viivat tulivat ja h\u00e4nen tarkasta yksityiskohtien tajustaan. Olemme innoissamme voidessamme tarjota muutamia Kainin designeja v\u00e4liaikaisina tatuointeina!  Ota yhteytt\u00e4 Kainiin:  Instagram:  @6kain6  Studio:  Zoi Tattoo  Osoite:  Stora Nygatan 42, MALM\u00d6  Verkkosivusto: https:\/\/www.zoitattoo.com\" \/>\n<meta property=\"og:url\" content=\"https:\/\/likeink.com\/fi\/siirtotatuoinnit\/flash-pentagram-by-kain-toro-at-zoi-tattoo\/\" \/>\n<meta property=\"og:site_name\" content=\"Like ink\" \/>\n<meta property=\"article:publisher\" content=\"https:\/\/www.facebook.com\/LikeInkSe\" \/>\n<meta property=\"article:modified_time\" content=\"2026-05-12T11:14:45+00:00\" \/>\n<meta property=\"og:image\" content=\"https:\/\/likeink.com\/wp-content\/uploads\/2021\/02\/Kain4-TRYCK-e1613654184334.jpg\" \/>\n\t<meta property=\"og:image:width\" content=\"1135\" \/>\n\t<meta property=\"og:image:height\" content=\"800\" \/>\n\t<meta property=\"og:image:type\" content=\"image\/jpeg\" \/>\n<meta name=\"twitter:card\" content=\"summary_large_image\" \/>\n<meta name=\"twitter:label1\" content=\"Arvioitu lukuaika\" \/>\n\t<meta name=\"twitter:data1\" content=\"1 minuutti\" \/>\n<!-- \/ Yoast SEO Premium plugin. -->","yoast_head_json":{"title":"Flash \"Pentagram\" Kain Torolta Zoi Tattoossa","description":"Pentagrammitatuointi: osta fake tattoos flash sheet tatuoija Kainin suunnittelemana Zoi Inkiss\u00e4. A5-arkki 98 kr, nopeat toimitukset ja ilmainen toimitus.","robots":{"index":"index","follow":"follow","max-snippet":"max-snippet:-1","max-image-preview":"max-image-preview:large","max-video-preview":"max-video-preview:-1"},"canonical":"https:\/\/likeink.com\/fi\/siirtotatuoinnit\/flash-pentagram-by-kain-toro-at-zoi-tattoo\/","og_locale":"fi_FI","og_type":"article","og_title":"Flash \"Pentagram\" Kain Torolta Zoi Tattoossa","og_description":"Valmiit v\u00e4liaikaisten tatuointien arkkimme ovat kooltaan noin 20\u00d715 cm ja t\u00e4ynn\u00e4 kuvassa n\u00e4kyv\u00e4\u00e4 designia. Varmistaaksemme tyytyv\u00e4isyytesi painamme ja l\u00e4het\u00e4mme arkin 24 tunnin kuluessa tilauksestasi. V\u00e4liaikaiset tatuoinnit Kainilta T\u00e4m\u00e4n arkin on suunnitellut lahjakas tatuoija Kain Toro Zoi Tattoossa.  T\u00e4m\u00e4 on Kain: Eritt\u00e4in lahjakas tatuoija Kolumbiasta, joka ty\u00f6skentelee Zoi Tattoossa Malm\u00f6ss\u00e4, Ruotsissa. Kain rakastaa black and grey -tyyli\u00e4, p\u00e4\u00e4kalloja ja rock n rollia. Muutama vuosi sitten Kain tatuoi ankkurin kyyn\u00e4rvarteeni. Olin vaikuttunut siit\u00e4, kuinka nopeasti h\u00e4n tatuoi, kuinka hienoiksi viivat tulivat ja h\u00e4nen tarkasta yksityiskohtien tajustaan. Olemme innoissamme voidessamme tarjota muutamia Kainin designeja v\u00e4liaikaisina tatuointeina!  Ota yhteytt\u00e4 Kainiin:  Instagram:  @6kain6  Studio:  Zoi Tattoo  Osoite:  Stora Nygatan 42, MALM\u00d6  Verkkosivusto: https:\/\/www.zoitattoo.com","og_url":"https:\/\/likeink.com\/fi\/siirtotatuoinnit\/flash-pentagram-by-kain-toro-at-zoi-tattoo\/","og_site_name":"Like ink","article_publisher":"https:\/\/www.facebook.com\/LikeInkSe","article_modified_time":"2026-05-12T11:14:45+00:00","og_image":[{"width":1135,"height":800,"url":"https:\/\/likeink.com\/wp-content\/uploads\/2021\/02\/Kain4-TRYCK-e1613654184334.jpg","type":"image\/jpeg"}],"twitter_card":"summary_large_image","twitter_misc":{"Arvioitu lukuaika":"1 minuutti"},"schema":{"@context":"https:\/\/schema.org","@graph":[{"@type":"WebPage","@id":"https:\/\/likeink.com\/fi\/siirtotatuoinnit\/flash-pentagram-by-kain-toro-at-zoi-tattoo\/","url":"https:\/\/likeink.com\/fi\/siirtotatuoinnit\/flash-pentagram-by-kain-toro-at-zoi-tattoo\/","name":"Flash \"Pentagram\" Kain Torolta Zoi Tattoossa","isPartOf":{"@id":"https:\/\/likeink.com\/fi\/#website"},"primaryImageOfPage":{"@id":"https:\/\/likeink.com\/fi\/siirtotatuoinnit\/flash-pentagram-by-kain-toro-at-zoi-tattoo\/#primaryimage"},"image":{"@id":"https:\/\/likeink.com\/fi\/siirtotatuoinnit\/flash-pentagram-by-kain-toro-at-zoi-tattoo\/#primaryimage"},"thumbnailUrl":"https:\/\/likeink.com\/wp-content\/uploads\/2021\/02\/Kain4-TRYCK-e1613654184334.jpg","datePublished":"2021-02-18T13:25:15+00:00","dateModified":"2026-05-12T11:14:45+00:00","description":"Pentagrammitatuointi: osta fake tattoos flash sheet tatuoija Kainin suunnittelemana Zoi Inkiss\u00e4. A5-arkki 98 kr, nopeat toimitukset ja ilmainen toimitus.","breadcrumb":{"@id":"https:\/\/likeink.com\/fi\/siirtotatuoinnit\/flash-pentagram-by-kain-toro-at-zoi-tattoo\/#breadcrumb"},"inLanguage":"fi","potentialAction":[{"@type":"ReadAction","target":["https:\/\/likeink.com\/fi\/siirtotatuoinnit\/flash-pentagram-by-kain-toro-at-zoi-tattoo\/"]}]},{"@type":"ImageObject","inLanguage":"fi","@id":"https:\/\/likeink.com\/fi\/siirtotatuoinnit\/flash-pentagram-by-kain-toro-at-zoi-tattoo\/#primaryimage","url":"https:\/\/likeink.com\/wp-content\/uploads\/2021\/02\/Kain4-TRYCK-e1613654184334.jpg","contentUrl":"https:\/\/likeink.com\/wp-content\/uploads\/2021\/02\/Kain4-TRYCK-e1613654184334.jpg","width":1135,"height":800,"caption":"Tattoo designs by Kan Toro."},{"@type":"BreadcrumbList","@id":"https:\/\/likeink.com\/fi\/siirtotatuoinnit\/flash-pentagram-by-kain-toro-at-zoi-tattoo\/#breadcrumb","itemListElement":[{"@type":"ListItem","position":1,"name":"Hem","item":"https:\/\/likeink.com\/fi\/"},{"@type":"ListItem","position":2,"name":"Shop","item":"https:\/\/likeink.com\/fi\/shop\/"},{"@type":"ListItem","position":3,"name":"Flash &#8220;Pentagram&#8221; Kain Torolta Zoi Tattoossa"}]},{"@type":"WebSite","@id":"https:\/\/likeink.com\/fi\/#website","url":"https:\/\/likeink.com\/fi\/","name":"Like ink","description":"Make your own custom design","potentialAction":[{"@type":"SearchAction","target":{"@type":"EntryPoint","urlTemplate":"https:\/\/likeink.com\/fi\/?s={search_term_string}"},"query-input":{"@type":"PropertyValueSpecification","valueRequired":true,"valueName":"search_term_string"}}],"inLanguage":"fi"}]}},"_links":{"self":[{"href":"https:\/\/likeink.com\/fi\/wp-json\/wp\/v2\/product\/65113","targetHints":{"allow":["GET"]}}],"collection":[{"href":"https:\/\/likeink.com\/fi\/wp-json\/wp\/v2\/product"}],"about":[{"href":"https:\/\/likeink.com\/fi\/wp-json\/wp\/v2\/types\/product"}],"wp:featuredmedia":[{"embeddable":true,"href":"https:\/\/likeink.com\/fi\/wp-json\/wp\/v2\/media\/4731"}],"wp:attachment":[{"href":"https:\/\/likeink.com\/fi\/wp-json\/wp\/v2\/media?parent=65113"}],"wp:term":[{"taxonomy":"product_brand","embeddable":true,"href":"https:\/\/likeink.com\/fi\/wp-json\/wp\/v2\/product_brand?post=65113"},{"taxonomy":"product_cat","embeddable":true,"href":"https:\/\/likeink.com\/fi\/wp-json\/wp\/v2\/product_cat?post=65113"},{"taxonomy":"product_tag","embeddable":true,"href":"https:\/\/likeink.com\/fi\/wp-json\/wp\/v2\/product_tag?post=65113"}],"curies":[{"name":"wp","href":"https:\/\/api.w.org\/{rel}","templated":true}]}}