{"id":4198,"date":"2020-11-05T13:39:52","date_gmt":"2020-11-05T13:39:52","guid":{"rendered":"https:\/\/likeink.se\/kindertattoos\/"},"modified":"2025-06-24T06:16:22","modified_gmt":"2025-06-24T06:16:22","slug":"kindertattoos","status":"publish","type":"page","link":"https:\/\/likeink.com\/nl\/kindertattoos\/","title":{"rendered":"Kindertattoos"},"content":{"rendered":"\t\t<div data-elementor-type=\"wp-page\" data-elementor-id=\"4198\" class=\"elementor elementor-4198 elementor-4193\" data-elementor-post-type=\"page\">\n\t\t\t\t<div class=\"elementor-element elementor-element-68595e68 e-flex e-con-boxed e-con e-parent\" data-id=\"68595e68\" data-element_type=\"container\">\n\t\t\t\t\t<div class=\"e-con-inner\">\n\t\t\t\t<div class=\"elementor-element elementor-element-50b9bfc9 elementor-widget elementor-widget-text-editor\" data-id=\"50b9bfc9\" data-element_type=\"widget\" data-widget_type=\"text-editor.default\">\n\t\t\t\t<div class=\"elementor-widget-container\">\n\t\t\t\t\t\t\t\t\t<h1>Kindertattoos met een eigen ontwerp.<\/h1>\nKindertattoos voor alle gelegenheden. Bij ons kan je je eigen tatoeages met een eigen ontwerp of afbeelding maken. Wij maken gebruik van milieuvriendelijk materiaal en alle neptattoos zijn allergievriendelijk en getest.\n<h2 style=\"font-size: 1.50em!important;\">Kinderen houden van tattoos!<\/h2>\nMisschien ben je op zoek naar tattoos voor een kinderfeestje, een verkleedfeestje, voor Halloween of houdt je kind net als heel veel anderen ervan om zich op verschillende manieren te versieren en verkleden.\nEen outfit afmaken met tijdelijke tatoeages of thema-tatoeages op een kinderfeestje of sportevenement is een gemakkelijke en leuke manier om n\u00e9t dat beetje extra te cre\u00ebren.\n<h3><b>Allergievriendelijke kindertattoos <\/b><\/h3>\nDe fabrikant van het materiaal dat wij bij Like ink gebruiken om de tijdelijke tatoeages van te maken, maakt gebruik van milieuvriendelijke lijm, papier en inkt. De kindertattoos van Like ink zijn allergievriendelijk en getest. Ze worden aanbevolen voor en kunnen zonder problemen of risico op bekende allergie\u00ebn gebruikt worden door iedereen ouder dan drie jaar. De leeftijdsgrens van drie jaar is niet bepaald omdat de tatoeages een reactie kunnen veroorzaken op de huid van een jonger kind, maar omdat ze deze kunnen opeten.\n<h3><b>Hoe lang blijft een kindertattoo zitten?<\/b><\/h3>\nOnze kindertattoos blijven 1-14 dagen zitten, afhankelijk van het huidtype en waar je de tatoeage plakt.\nJe kunt de tatoeage makkelijk wegwassen met zeep en warm water, zelfs direct na het aanbrengen van de tatoeage als je dat wil.\n<h3><b>Tattoos voor kinderen met een eigen ontwerp.<\/b><\/h3>\nAlle kinderen zijn verschillend en daarom zijn zelfontworpen <a href=\"https:\/\/likeink.com\/\">neptattoos<\/a> het coolste wat een kind kan hebben.\nWat heel veel mensen, zowel kinderen als volwassenen, aan de service van Like ink waarderen, is dat je zelfgekozen afbeeldingen kan uploaden die wij vervolgens voor je afdrukken en naar je opsturen in het gewenste formaat en aantal.\nSommige kinderen willen dezelfde tatoeages als hun idool of hun ouders, een afbeelding die ze zelf hebben getekend of een foto, terwijl anderen van honden, paarden of vliegtuigen houden, of voor afbeeldingen uit een computerspel of een serie kiezen. De keuze is aan jou, upload je zelfgekozen afbeeldingen en wij produceren en verzenden je tatoeages binnen 24 uur.\n<h3><b>Onze kindertattoos in een grote campagne <\/b><\/h3>\nAfgelopen zomer hebben we een succesvolle samenwerking gehad met \u00e9\u00e9n van de grootste apotheken van Zweden, Apotek Hj\u00e4rtat.\n\nHet doel van deze campagne was om het aantal ge\u00efnfecteerde insectenbeten te verminderen met behulp van tattoos voor kinderen.\nKinderen vinden het moeilijk om niet te krabben aan beten en steken van muggen, teken, paardenvliegen en wespen.\nOm kinderen eraan te herinneren niet te krabben, ontwikkelde Apotek Hj\u00e4rtat samen met een ervaren tatoe\u00eberder afbeeldingen waarbij de insectenbeet zelf onderdeel werd van de tatoeage. Zo\u2019n coole, mooie tatoeage naast de insectenbeet herinnert kinderen eraan dat ze hun vingers onder controle moeten houden. Dit versnelt het genezingsproces.\nZo eenvoudig en zo slim, de campagne was een doorslaand succes!\nDe tatoeages werden ge\u00efllustreerd door de Zweedse tatoe\u00eberder Victoria Sundqvist en werden vanaf week 24 gratis uitgedeeld bij alle vestigingen van Apotek Hj\u00e4rtat. Meer informatie over de tatoeages vind je bij <a href=\"https:\/\/www.apotekhjartat.se\/gaddad\/\" target=\"_blank\" rel=\"noopener noreferrer\">Apotek hj\u00e4rtat<\/a> (in het Zweeds).\n\n<img decoding=\"async\" class=\"alignnone size-full wp-image-4186\" src=\"https:\/\/likeink.com\/wp-content\/uploads\/2020\/11\/barntatueringar.jpg\" alt=\"barntatueringar\" width=\"600\" height=\"596\" srcset=\"https:\/\/likeink.com\/wp-content\/uploads\/2020\/11\/barntatueringar.jpg 600w, https:\/\/likeink.com\/wp-content\/uploads\/2020\/11\/barntatueringar-310x308.jpg 310w, https:\/\/likeink.com\/wp-content\/uploads\/2020\/11\/barntatueringar-100x100.jpg 100w, https:\/\/likeink.com\/wp-content\/uploads\/2020\/11\/barntatueringar-510x507.jpg 510w, https:\/\/likeink.com\/wp-content\/uploads\/2020\/11\/barntatueringar-300x298.jpg 300w, https:\/\/likeink.com\/wp-content\/uploads\/2020\/11\/barntatueringar-150x150.jpg 150w, https:\/\/likeink.com\/wp-content\/uploads\/2020\/11\/barntatueringar-247x245.jpg 247w\" sizes=\"(max-width: 600px) 100vw, 600px\" \/>\n<h4><b>Tatoe\u00eber een telefoonnummer op je kind<\/b><\/h4>\nEen andere goede tip voor kindertattoos is om tatoeages te bestellen met het telefoonnummer van een volwassene. Dit biedt extra veiligheid als je kinderen verdwalen en naar huis willen bellen.\nJe kunt kindertattoos dus in veel verschillende contexten gebruiken. Het is een leuk en populair product, zowel voor kinderen als voor volwassenen.\n<h4><b>Makkelijk aan te brengen<\/b><\/h4>\n<ol>\n \t<li>Knip de afbeelding zo strak mogelijk langs de rand uit.<\/li>\n \t<li>Verwijder het beschermplastic.<\/li>\n \t<li>Breng het plakkerige oppervlak aan op de huid, op de plek waar je de tatoeage wilt hebben.<\/li>\n \t<li>Maak de tatoeage nat met een vochtig doekje of houd de tatoeage ongeveer 20 seconden lang onder de stromende kraan.<\/li>\n \t<li>Verwijder het papier.<\/li>\n \t<li>Wear it like a rockstar!<\/li>\n<\/ol>\t\t\t\t\t\t\t\t<\/div>\n\t\t\t\t<\/div>\n\t\t\t\t\t<\/div>\n\t\t\t\t<\/div>\n\t\t\t\t<\/div>\n\t\t","protected":false},"excerpt":{"rendered":"<p>Kindertattoos met een eigen ontwerp. Kindertattoos voor alle gelegenheden. Bij ons kan je je eigen tatoeages met een eigen ontwerp of afbeelding maken. Wij maken gebruik van milieuvriendelijk materiaal en alle neptattoos zijn allergievriendelijk en getest. Kinderen houden van tattoos! Misschien ben je op zoek naar tattoos voor een kinderfeestje, een verkleedfeestje, voor Halloween of [&hellip;]<\/p>\n","protected":false},"author":7,"featured_media":0,"parent":0,"menu_order":0,"comment_status":"closed","ping_status":"open","template":"","meta":{"footnotes":""},"class_list":["post-4198","page","type-page","status-publish","hentry"],"yoast_head":"<!-- This site is optimized with the Yoast SEO Premium plugin v26.2 (Yoast SEO v27.5) - https:\/\/yoast.com\/product\/yoast-seo-premium-wordpress\/ -->\n<title>Kindertattoos met je eigen ontwerp \u2013 Koop tattoos voor kinderen | Like ink<\/title>\n<meta name=\"description\" content=\"Kindertattoos voor alle gelegenheden. Maak je eigen tattoos voor kinderen met je eigen ontwerp of afbeelding. Gratis verzending!\" \/>\n<meta name=\"robots\" content=\"index, follow, max-snippet:-1, max-image-preview:large, max-video-preview:-1\" \/>\n<link rel=\"canonical\" href=\"https:\/\/likeink.com\/nl\/kindertattoos\/\" \/>\n<meta property=\"og:locale\" content=\"nl_NL\" \/>\n<meta property=\"og:type\" content=\"article\" \/>\n<meta property=\"og:title\" content=\"Kindertattoos\" \/>\n<meta property=\"og:description\" content=\"Kindertattoos met een eigen ontwerp. Kindertattoos voor alle gelegenheden. Bij ons kan je je eigen tatoeages met een eigen ontwerp of afbeelding maken.\" \/>\n<meta property=\"og:url\" content=\"https:\/\/likeink.com\/nl\/kindertattoos\/\" \/>\n<meta property=\"og:site_name\" content=\"Like ink\" \/>\n<meta property=\"article:publisher\" content=\"https:\/\/www.facebook.com\/LikeInkSe\" \/>\n<meta property=\"article:modified_time\" content=\"2025-06-24T06:16:22+00:00\" \/>\n<meta property=\"og:image\" content=\"https:\/\/likeink.se\/wp-content\/uploads\/2020\/11\/barntatueringar.jpg\" \/>\n<meta name=\"twitter:card\" content=\"summary_large_image\" \/>\n<meta name=\"twitter:label1\" content=\"Geschatte leestijd\" \/>\n\t<meta name=\"twitter:data1\" content=\"3 minuten\" \/>\n<!-- \/ Yoast SEO Premium plugin. -->","yoast_head_json":{"title":"Kindertattoos met je eigen ontwerp \u2013 Koop tattoos voor kinderen | Like ink","description":"Kindertattoos voor alle gelegenheden. Maak je eigen tattoos voor kinderen met je eigen ontwerp of afbeelding. Gratis verzending!","robots":{"index":"index","follow":"follow","max-snippet":"max-snippet:-1","max-image-preview":"max-image-preview:large","max-video-preview":"max-video-preview:-1"},"canonical":"https:\/\/likeink.com\/nl\/kindertattoos\/","og_locale":"nl_NL","og_type":"article","og_title":"Kindertattoos","og_description":"Kindertattoos met een eigen ontwerp. Kindertattoos voor alle gelegenheden. Bij ons kan je je eigen tatoeages met een eigen ontwerp of afbeelding maken.","og_url":"https:\/\/likeink.com\/nl\/kindertattoos\/","og_site_name":"Like ink","article_publisher":"https:\/\/www.facebook.com\/LikeInkSe","article_modified_time":"2025-06-24T06:16:22+00:00","og_image":[{"url":"https:\/\/likeink.se\/wp-content\/uploads\/2020\/11\/barntatueringar.jpg","type":"","width":"","height":""}],"twitter_card":"summary_large_image","twitter_misc":{"Geschatte leestijd":"3 minuten"},"schema":{"@context":"https:\/\/schema.org","@graph":[{"@type":"WebPage","@id":"https:\/\/likeink.com\/nl\/kindertattoos\/","url":"https:\/\/likeink.com\/nl\/kindertattoos\/","name":"Kindertattoos met je eigen ontwerp \u2013 Koop tattoos voor kinderen | Like ink","isPartOf":{"@id":"https:\/\/likeink.com\/nl\/#website"},"primaryImageOfPage":{"@id":"https:\/\/likeink.com\/nl\/kindertattoos\/#primaryimage"},"image":{"@id":"https:\/\/likeink.com\/nl\/kindertattoos\/#primaryimage"},"thumbnailUrl":"https:\/\/likeink.com\/wp-content\/uploads\/2020\/11\/barntatueringar.jpg","datePublished":"2020-11-05T13:39:52+00:00","dateModified":"2025-06-24T06:16:22+00:00","description":"Kindertattoos voor alle gelegenheden. Maak je eigen tattoos voor kinderen met je eigen ontwerp of afbeelding. Gratis verzending!","breadcrumb":{"@id":"https:\/\/likeink.com\/nl\/kindertattoos\/#breadcrumb"},"inLanguage":"nl-NL","potentialAction":[{"@type":"ReadAction","target":["https:\/\/likeink.com\/nl\/kindertattoos\/"]}]},{"@type":"ImageObject","inLanguage":"nl-NL","@id":"https:\/\/likeink.com\/nl\/kindertattoos\/#primaryimage","url":"https:\/\/likeink.com\/wp-content\/uploads\/2020\/11\/barntatueringar.jpg","contentUrl":"https:\/\/likeink.com\/wp-content\/uploads\/2020\/11\/barntatueringar.jpg"},{"@type":"BreadcrumbList","@id":"https:\/\/likeink.com\/nl\/kindertattoos\/#breadcrumb","itemListElement":[{"@type":"ListItem","position":1,"name":"Hem","item":"https:\/\/likeink.com\/nl\/"},{"@type":"ListItem","position":2,"name":"Kindertattoos"}]},{"@type":"WebSite","@id":"https:\/\/likeink.com\/nl\/#website","url":"https:\/\/likeink.com\/nl\/","name":"Like ink","description":"Maak je eigen tijdelijke tatoeages","potentialAction":[{"@type":"SearchAction","target":{"@type":"EntryPoint","urlTemplate":"https:\/\/likeink.com\/nl\/?s={search_term_string}"},"query-input":{"@type":"PropertyValueSpecification","valueRequired":true,"valueName":"search_term_string"}}],"inLanguage":"nl-NL"}]}},"_links":{"self":[{"href":"https:\/\/likeink.com\/nl\/wp-json\/wp\/v2\/pages\/4198","targetHints":{"allow":["GET"]}}],"collection":[{"href":"https:\/\/likeink.com\/nl\/wp-json\/wp\/v2\/pages"}],"about":[{"href":"https:\/\/likeink.com\/nl\/wp-json\/wp\/v2\/types\/page"}],"author":[{"embeddable":true,"href":"https:\/\/likeink.com\/nl\/wp-json\/wp\/v2\/users\/7"}],"replies":[{"embeddable":true,"href":"https:\/\/likeink.com\/nl\/wp-json\/wp\/v2\/comments?post=4198"}],"version-history":[{"count":1,"href":"https:\/\/likeink.com\/nl\/wp-json\/wp\/v2\/pages\/4198\/revisions"}],"predecessor-version":[{"id":45898,"href":"https:\/\/likeink.com\/nl\/wp-json\/wp\/v2\/pages\/4198\/revisions\/45898"}],"wp:attachment":[{"href":"https:\/\/likeink.com\/nl\/wp-json\/wp\/v2\/media?parent=4198"}],"curies":[{"name":"wp","href":"https:\/\/api.w.org\/{rel}","templated":true}]}}