{"id":14517,"date":"2022-11-11T18:38:29","date_gmt":"2022-11-11T18:38:29","guid":{"rendered":"https:\/\/likeink.se\/produkt\/flash-by-malin-carper-color-tattoos\/"},"modified":"2026-04-24T07:27:31","modified_gmt":"2026-04-24T07:27:31","slug":"flash-by-malin-carper-color-tattoos","status":"publish","type":"product","link":"https:\/\/likeink.com\/nl\/tijdelijke-tattoo\/flash-by-malin-carper-color-tattoos\/","title":{"rendered":"Flash &#8220;Kleurtatoeages&#8221; by Malin Carper at Bad Mood Tattoo"},"content":{"rendered":"","protected":false},"excerpt":{"rendered":"<p>Like Inks kant en klare vellen met tijdelijke tatoeages zijn 20&#215;14 cm groot en gevuld met de ontwerpen die je op de afbeelding ziet. We printen en verzenden jouw vel tatoeages binnen 24 uur.<\/p>\n<h2>Bestel tijdelijke tatoeages ontworpen door tatoe\u00eberder Malin Carper<\/h2>\n<p>Dit vel is ontworpen door de getalenteerde tatoe\u00eberder Malin Carper van Bad Mood Tattoo in Helsingborg, Zweden. We zijn blij dat we kunst van Malin kunnen aanbieden, een van de meest indrukwekkende tatoe\u00eberders die we hebben gezien. Bestel een vel tijdelijke tatoeages om haar kunst een paar dagen te dragen, en als je een echte tatoeage wilt, neem dan een kijkje op Malins Instagram.<\/p>\n<p><strong>Dit is Malin:<\/strong><br \/>\nIk ben Malin Carper, oorspronkelijk uit Arboga en werk nu bij Bad Mood Tattoo in Helsingborg. Ik werk het liefst in color realism met een vleugje abstract.<br \/>\nIk werk sinds 2010 in de tatoeagebranche en in al die jaren heb ik veel bijzondere plekken bezocht, als gast gewerkt bij andere tatoe\u00eberders, getatoe\u00eberd op beurzen, muzikanten getatoe\u00eberd en veel goede vrienden ontmoet. Ik had me niets beters kunnen wensen. Ik hoop dat je mijn kleine flashes leuk vindt, sommige zijn al gezet als tatoeage.<\/p>\n<p>All the best!<\/p>\n<p>Malin<\/p>\n<p>Formaat vel: A5<br \/>\nFormaat tatoeages: Grootste ontwerp is 135&#215;50 mm en het kleinste 38&#215;18 mm<\/p>\n<p><strong>Neem contact op met Malin:<\/strong><\/p>\n<p><strong>Instagram:<\/strong><br \/>\n@malincarper<\/p>\n<p><strong>Studio:<\/strong><br \/>\nBad Mood Tattoo<\/p>\n<p><strong>Adres:<\/strong><br \/>\nNedre L\u00e5ngvinkelsgatan 17, 25220 Helsingborg<\/p>\n<p><strong>Website:<\/strong><br \/>\ncarperink.se<\/p>\n","protected":false},"featured_media":14500,"template":"","meta":[],"product_brand":[],"product_cat":[521,54,502],"product_tag":[],"class_list":{"0":"post-14517","1":"product","2":"type-product","3":"status-publish","4":"has-post-thumbnail","6":"product_cat-dieren-natuur","7":"product_cat-kant-en-klare-vellen","8":"product_cat-samenwerkingen-met-tatoeeerders","10":"first","11":"instock","12":"taxable","13":"shipping-taxable","14":"purchasable","15":"product-type-simple"},"yoast_head":"<!-- This site is optimized with the Yoast SEO Premium plugin v27.5 (Yoast SEO v27.6) - https:\/\/yoast.com\/product\/yoast-seo-premium-wordpress\/ -->\n<title>Kleurtatoeages: Mooie tijdelijke kleurtatoeages - Like ink<\/title>\n<meta name=\"description\" content=\"Tatoeagevel met Kleurtatoeages ontworpen door de tatoe\u00eberder Malin Carper bij Bad Mood Tattoo! Gratis en snelle verzending! - Like ink\" \/>\n<meta name=\"robots\" content=\"index, follow, max-snippet:-1, max-image-preview:large, max-video-preview:-1\" \/>\n<link rel=\"canonical\" href=\"https:\/\/likeink.com\/nl\/tijdelijke-tattoo\/flash-by-malin-carper-color-tattoos\/\" \/>\n<meta property=\"og:locale\" content=\"nl_NL\" \/>\n<meta property=\"og:type\" content=\"article\" \/>\n<meta property=\"og:title\" content=\"Flash &quot;Kleurtatoeages&quot; by Malin Carper at Bad Mood Tattoo\" \/>\n<meta property=\"og:description\" content=\"Like Inks kant en klare vellen met tijdelijke tatoeages zijn 20x14 cm groot en gevuld met de ontwerpen die je op de afbeelding ziet. We printen en verzenden jouw vel tatoeages binnen 24 uur. Bestel tijdelijke tatoeages ontworpen door tatoe\u00eberder Malin Carper Dit vel is ontworpen door de getalenteerde tatoe\u00eberder Malin Carper van Bad Mood Tattoo in Helsingborg, Zweden. We zijn blij dat we kunst van Malin kunnen aanbieden, een van de meest indrukwekkende tatoe\u00eberders die we hebben gezien. Bestel een vel tijdelijke tatoeages om haar kunst een paar dagen te dragen, en als je een echte tatoeage wilt, neem dan een kijkje op Malins Instagram.  Dit is Malin: Ik ben Malin Carper, oorspronkelijk uit Arboga en werk nu bij Bad Mood Tattoo in Helsingborg. Ik werk het liefst in color realism met een vleugje abstract. Ik werk sinds 2010 in de tatoeagebranche en in al die jaren heb ik veel bijzondere plekken bezocht, als gast gewerkt bij andere tatoe\u00eberders, getatoe\u00eberd op beurzen, muzikanten getatoe\u00eberd en veel goede vrienden ontmoet. Ik had me niets beters kunnen wensen. Ik hoop dat je mijn kleine flashes leuk vindt, sommige zijn al gezet als tatoeage.  All the best!  Malin  Formaat vel: A5 Formaat tatoeages: Grootste ontwerp is 135x50 mm en het kleinste 38x18 mm  Neem contact op met Malin:  Instagram: @malincarper  Studio: Bad Mood Tattoo  Adres: Nedre L\u00e5ngvinkelsgatan 17, 25220 Helsingborg  Website: carperink.se\" \/>\n<meta property=\"og:url\" content=\"https:\/\/likeink.com\/nl\/tijdelijke-tattoo\/flash-by-malin-carper-color-tattoos\/\" \/>\n<meta property=\"og:site_name\" content=\"Like ink\" \/>\n<meta property=\"article:publisher\" content=\"https:\/\/www.facebook.com\/LikeInkSe\" \/>\n<meta property=\"article:modified_time\" content=\"2026-04-24T07:27:31+00:00\" \/>\n<meta property=\"og:image\" content=\"https:\/\/likeink.com\/wp-content\/uploads\/2022\/11\/MalinCarper_Tatuerare_ColorTattoos_Likeink.jpg\" \/>\n\t<meta property=\"og:image:width\" content=\"1500\" \/>\n\t<meta property=\"og:image:height\" content=\"1057\" \/>\n\t<meta property=\"og:image:type\" content=\"image\/jpeg\" \/>\n<meta name=\"twitter:card\" content=\"summary_large_image\" \/>\n<meta name=\"twitter:label1\" content=\"Geschatte leestijd\" \/>\n\t<meta name=\"twitter:data1\" content=\"1 minuut\" \/>\n<!-- \/ Yoast SEO Premium plugin. -->","yoast_head_json":{"title":"Kleurtatoeages: Mooie tijdelijke kleurtatoeages - Like ink","description":"Tatoeagevel met Kleurtatoeages ontworpen door de tatoe\u00eberder Malin Carper bij Bad Mood Tattoo! Gratis en snelle verzending! - Like ink","robots":{"index":"index","follow":"follow","max-snippet":"max-snippet:-1","max-image-preview":"max-image-preview:large","max-video-preview":"max-video-preview:-1"},"canonical":"https:\/\/likeink.com\/nl\/tijdelijke-tattoo\/flash-by-malin-carper-color-tattoos\/","og_locale":"nl_NL","og_type":"article","og_title":"Flash \"Kleurtatoeages\" by Malin Carper at Bad Mood Tattoo","og_description":"Like Inks kant en klare vellen met tijdelijke tatoeages zijn 20x14 cm groot en gevuld met de ontwerpen die je op de afbeelding ziet. We printen en verzenden jouw vel tatoeages binnen 24 uur. Bestel tijdelijke tatoeages ontworpen door tatoe\u00eberder Malin Carper Dit vel is ontworpen door de getalenteerde tatoe\u00eberder Malin Carper van Bad Mood Tattoo in Helsingborg, Zweden. We zijn blij dat we kunst van Malin kunnen aanbieden, een van de meest indrukwekkende tatoe\u00eberders die we hebben gezien. Bestel een vel tijdelijke tatoeages om haar kunst een paar dagen te dragen, en als je een echte tatoeage wilt, neem dan een kijkje op Malins Instagram.  Dit is Malin: Ik ben Malin Carper, oorspronkelijk uit Arboga en werk nu bij Bad Mood Tattoo in Helsingborg. Ik werk het liefst in color realism met een vleugje abstract. Ik werk sinds 2010 in de tatoeagebranche en in al die jaren heb ik veel bijzondere plekken bezocht, als gast gewerkt bij andere tatoe\u00eberders, getatoe\u00eberd op beurzen, muzikanten getatoe\u00eberd en veel goede vrienden ontmoet. Ik had me niets beters kunnen wensen. Ik hoop dat je mijn kleine flashes leuk vindt, sommige zijn al gezet als tatoeage.  All the best!  Malin  Formaat vel: A5 Formaat tatoeages: Grootste ontwerp is 135x50 mm en het kleinste 38x18 mm  Neem contact op met Malin:  Instagram: @malincarper  Studio: Bad Mood Tattoo  Adres: Nedre L\u00e5ngvinkelsgatan 17, 25220 Helsingborg  Website: carperink.se","og_url":"https:\/\/likeink.com\/nl\/tijdelijke-tattoo\/flash-by-malin-carper-color-tattoos\/","og_site_name":"Like ink","article_publisher":"https:\/\/www.facebook.com\/LikeInkSe","article_modified_time":"2026-04-24T07:27:31+00:00","og_image":[{"width":1500,"height":1057,"url":"https:\/\/likeink.com\/wp-content\/uploads\/2022\/11\/MalinCarper_Tatuerare_ColorTattoos_Likeink.jpg","type":"image\/jpeg"}],"twitter_card":"summary_large_image","twitter_misc":{"Geschatte leestijd":"1 minuut"},"schema":{"@context":"https:\/\/schema.org","@graph":[{"@type":"WebPage","@id":"https:\/\/likeink.com\/nl\/tijdelijke-tattoo\/flash-by-malin-carper-color-tattoos\/","url":"https:\/\/likeink.com\/nl\/tijdelijke-tattoo\/flash-by-malin-carper-color-tattoos\/","name":"Kleurtatoeages: Mooie tijdelijke kleurtatoeages - Like ink","isPartOf":{"@id":"https:\/\/likeink.com\/nl\/#website"},"primaryImageOfPage":{"@id":"https:\/\/likeink.com\/nl\/tijdelijke-tattoo\/flash-by-malin-carper-color-tattoos\/#primaryimage"},"image":{"@id":"https:\/\/likeink.com\/nl\/tijdelijke-tattoo\/flash-by-malin-carper-color-tattoos\/#primaryimage"},"thumbnailUrl":"https:\/\/likeink.com\/wp-content\/uploads\/2022\/11\/MalinCarper_Tatuerare_ColorTattoos_Likeink.jpg","datePublished":"2022-11-11T18:38:29+00:00","dateModified":"2026-04-24T07:27:31+00:00","description":"Tatoeagevel met Kleurtatoeages ontworpen door de tatoe\u00eberder Malin Carper bij Bad Mood Tattoo! Gratis en snelle verzending! - Like ink","breadcrumb":{"@id":"https:\/\/likeink.com\/nl\/tijdelijke-tattoo\/flash-by-malin-carper-color-tattoos\/#breadcrumb"},"inLanguage":"nl-NL","potentialAction":[{"@type":"ReadAction","target":["https:\/\/likeink.com\/nl\/tijdelijke-tattoo\/flash-by-malin-carper-color-tattoos\/"]}]},{"@type":"ImageObject","inLanguage":"nl-NL","@id":"https:\/\/likeink.com\/nl\/tijdelijke-tattoo\/flash-by-malin-carper-color-tattoos\/#primaryimage","url":"https:\/\/likeink.com\/wp-content\/uploads\/2022\/11\/MalinCarper_Tatuerare_ColorTattoos_Likeink.jpg","contentUrl":"https:\/\/likeink.com\/wp-content\/uploads\/2022\/11\/MalinCarper_Tatuerare_ColorTattoos_Likeink.jpg","width":1500,"height":1057,"caption":"Tatoeage bloem nep tatoeages Like ink."},{"@type":"BreadcrumbList","@id":"https:\/\/likeink.com\/nl\/tijdelijke-tattoo\/flash-by-malin-carper-color-tattoos\/#breadcrumb","itemListElement":[{"@type":"ListItem","position":1,"name":"Hem","item":"https:\/\/likeink.com\/nl\/"},{"@type":"ListItem","position":2,"name":"Winkel","item":"https:\/\/likeink.com\/nl\/winkel\/"},{"@type":"ListItem","position":3,"name":"Flash &#8220;Kleurtatoeages&#8221; by Malin Carper at Bad Mood Tattoo"}]},{"@type":"WebSite","@id":"https:\/\/likeink.com\/nl\/#website","url":"https:\/\/likeink.com\/nl\/","name":"Like ink","description":"Maak je eigen tijdelijke tatoeages","potentialAction":[{"@type":"SearchAction","target":{"@type":"EntryPoint","urlTemplate":"https:\/\/likeink.com\/nl\/?s={search_term_string}"},"query-input":{"@type":"PropertyValueSpecification","valueRequired":true,"valueName":"search_term_string"}}],"inLanguage":"nl-NL"}]}},"_links":{"self":[{"href":"https:\/\/likeink.com\/nl\/wp-json\/wp\/v2\/product\/14517","targetHints":{"allow":["GET"]}}],"collection":[{"href":"https:\/\/likeink.com\/nl\/wp-json\/wp\/v2\/product"}],"about":[{"href":"https:\/\/likeink.com\/nl\/wp-json\/wp\/v2\/types\/product"}],"wp:featuredmedia":[{"embeddable":true,"href":"https:\/\/likeink.com\/nl\/wp-json\/wp\/v2\/media\/14500"}],"wp:attachment":[{"href":"https:\/\/likeink.com\/nl\/wp-json\/wp\/v2\/media?parent=14517"}],"wp:term":[{"taxonomy":"product_brand","embeddable":true,"href":"https:\/\/likeink.com\/nl\/wp-json\/wp\/v2\/product_brand?post=14517"},{"taxonomy":"product_cat","embeddable":true,"href":"https:\/\/likeink.com\/nl\/wp-json\/wp\/v2\/product_cat?post=14517"},{"taxonomy":"product_tag","embeddable":true,"href":"https:\/\/likeink.com\/nl\/wp-json\/wp\/v2\/product_tag?post=14517"}],"curies":[{"name":"wp","href":"https:\/\/api.w.org\/{rel}","templated":true}]}}