{"id":16014,"date":"2023-03-31T18:10:09","date_gmt":"2023-03-31T18:10:09","guid":{"rendered":"https:\/\/likeink.se\/produkt\/flash-grim-reaper-tattoo-by-kain\/"},"modified":"2026-04-27T14:32:33","modified_gmt":"2026-04-27T14:32:33","slug":"grim-reaper-tattoo","status":"publish","type":"product","link":"https:\/\/likeink.com\/nl\/tijdelijke-tattoo\/grim-reaper-tattoo\/","title":{"rendered":"Flash &#8220;Grim Reaper&#8221; by Kain at Zoi Tattoo"},"content":{"rendered":"","protected":false},"excerpt":{"rendered":"<p>Onze kant en klare wegwerpvellen met tijdelijke tatoeages zijn 20\u00d714 cm groot en gevuld met het ontwerp dat je op de afbeelding ziet. We printen en verzenden het vel binnen 24 uur nadat je hebt besteld.<\/p>\n<h2>Bestel tijdelijke tatoeages met de Magere Hein, slang en schedel<\/h2>\n<p>Dit vel is ontworpen door de getalenteerde tatoe\u00eberder Kain Toro bij Zoi Tattoo.<\/p>\n<p><strong>Dit is Kain:<\/strong> Een zeer getalenteerde tatoe\u00eberder uit Colombia die werkt bij Zoi Tattoo in Malm\u00f6, Zweden. Kain houdt van black and grey, schedels en rock n roll. Een paar jaar geleden tatoe\u00eberde Kain een anker op mijn onderarm. Ik was onder de indruk van hoe snel hij tatoe\u00eberde, hoe strak de lijnen werden en zijn gevoel voor detail.<br \/>\nWe zijn erg enthousiast om een aantal van Kains ontwerpen als tijdelijke tatoeages aan te bieden!<\/p>\n<p><strong>Neem contact op met Kain:<\/strong><\/p>\n<p><strong>Instagram:<\/strong><\/p>\n<p>@6kain6<\/p>\n<p><strong>Studio:<\/strong><\/p>\n<p>Zoi Tattoo<\/p>\n<p><strong>Adres:<\/strong><\/p>\n<p>Stora Nygatan 42, MALM\u00d6<\/p>\n<p><strong>Website:<\/strong> https:\/\/www.zoitattoo.com<\/p>\n","protected":false},"featured_media":16004,"template":"","meta":[],"product_brand":[],"product_cat":[54,502],"product_tag":[],"class_list":{"0":"post-16014","1":"product","2":"type-product","3":"status-publish","4":"has-post-thumbnail","6":"product_cat-kant-en-klare-vellen","7":"product_cat-samenwerkingen-met-tatoeeerders","9":"first","10":"instock","11":"taxable","12":"shipping-taxable","13":"purchasable","14":"product-type-simple"},"yoast_head":"<!-- This site is optimized with the Yoast SEO Premium plugin v27.5 (Yoast SEO v27.6) - https:\/\/yoast.com\/product\/yoast-seo-premium-wordpress\/ -->\n<title>Grim Reaper Tattoo door Kain bij Zoi Tattoo A5 - Like ink<\/title>\n<meta name=\"description\" content=\"Bestel een grim reaper tattoo samen met een schedel en slang Fake Tattoos van de getalenteerde tatoe\u00eberder Kain. - Like ink\" \/>\n<meta name=\"robots\" content=\"index, follow, max-snippet:-1, max-image-preview:large, max-video-preview:-1\" \/>\n<link rel=\"canonical\" href=\"https:\/\/likeink.com\/nl\/tijdelijke-tattoo\/grim-reaper-tattoo\/\" \/>\n<meta property=\"og:locale\" content=\"nl_NL\" \/>\n<meta property=\"og:type\" content=\"article\" \/>\n<meta property=\"og:title\" content=\"Flash &quot;Grim Reaper&quot; by Kain at Zoi Tattoo\" \/>\n<meta property=\"og:description\" content=\"Onze kant en klare wegwerpvellen met tijdelijke tatoeages zijn 20\u00d714 cm groot en gevuld met het ontwerp dat je op de afbeelding ziet. We printen en verzenden het vel binnen 24 uur nadat je hebt besteld.  Bestel tijdelijke tatoeages met de Magere Hein, slang en schedel  Dit vel is ontworpen door de getalenteerde tatoe\u00eberder Kain Toro bij Zoi Tattoo.  Dit is Kain: Een zeer getalenteerde tatoe\u00eberder uit Colombia die werkt bij Zoi Tattoo in Malm\u00f6, Zweden. Kain houdt van black and grey, schedels en rock n roll. Een paar jaar geleden tatoe\u00eberde Kain een anker op mijn onderarm. Ik was onder de indruk van hoe snel hij tatoe\u00eberde, hoe strak de lijnen werden en zijn gevoel voor detail. We zijn erg enthousiast om een aantal van Kains ontwerpen als tijdelijke tatoeages aan te bieden!  Neem contact op met Kain:  Instagram:  @6kain6  Studio:  Zoi Tattoo  Adres:  Stora Nygatan 42, MALM\u00d6  Website: https:\/\/www.zoitattoo.com\" \/>\n<meta property=\"og:url\" content=\"https:\/\/likeink.com\/nl\/tijdelijke-tattoo\/grim-reaper-tattoo\/\" \/>\n<meta property=\"og:site_name\" content=\"Like ink\" \/>\n<meta property=\"article:publisher\" content=\"https:\/\/www.facebook.com\/LikeInkSe\" \/>\n<meta property=\"article:modified_time\" content=\"2026-04-27T14:32:33+00:00\" \/>\n<meta property=\"og:image\" content=\"https:\/\/likeink.com\/wp-content\/uploads\/2023\/03\/Kain-Liemannen-Tatuering-Likeink.jpg\" \/>\n\t<meta property=\"og:image:width\" content=\"1100\" \/>\n\t<meta property=\"og:image:height\" content=\"775\" \/>\n\t<meta property=\"og:image:type\" content=\"image\/jpeg\" \/>\n<meta name=\"twitter:card\" content=\"summary_large_image\" \/>\n<meta name=\"twitter:label1\" content=\"Geschatte leestijd\" \/>\n\t<meta name=\"twitter:data1\" content=\"1 minuut\" \/>\n<!-- \/ Yoast SEO Premium plugin. -->","yoast_head_json":{"title":"Grim Reaper Tattoo door Kain bij Zoi Tattoo A5 - Like ink","description":"Bestel een grim reaper tattoo samen met een schedel en slang Fake Tattoos van de getalenteerde tatoe\u00eberder Kain. - Like ink","robots":{"index":"index","follow":"follow","max-snippet":"max-snippet:-1","max-image-preview":"max-image-preview:large","max-video-preview":"max-video-preview:-1"},"canonical":"https:\/\/likeink.com\/nl\/tijdelijke-tattoo\/grim-reaper-tattoo\/","og_locale":"nl_NL","og_type":"article","og_title":"Flash \"Grim Reaper\" by Kain at Zoi Tattoo","og_description":"Onze kant en klare wegwerpvellen met tijdelijke tatoeages zijn 20\u00d714 cm groot en gevuld met het ontwerp dat je op de afbeelding ziet. We printen en verzenden het vel binnen 24 uur nadat je hebt besteld.  Bestel tijdelijke tatoeages met de Magere Hein, slang en schedel  Dit vel is ontworpen door de getalenteerde tatoe\u00eberder Kain Toro bij Zoi Tattoo.  Dit is Kain: Een zeer getalenteerde tatoe\u00eberder uit Colombia die werkt bij Zoi Tattoo in Malm\u00f6, Zweden. Kain houdt van black and grey, schedels en rock n roll. Een paar jaar geleden tatoe\u00eberde Kain een anker op mijn onderarm. Ik was onder de indruk van hoe snel hij tatoe\u00eberde, hoe strak de lijnen werden en zijn gevoel voor detail. We zijn erg enthousiast om een aantal van Kains ontwerpen als tijdelijke tatoeages aan te bieden!  Neem contact op met Kain:  Instagram:  @6kain6  Studio:  Zoi Tattoo  Adres:  Stora Nygatan 42, MALM\u00d6  Website: https:\/\/www.zoitattoo.com","og_url":"https:\/\/likeink.com\/nl\/tijdelijke-tattoo\/grim-reaper-tattoo\/","og_site_name":"Like ink","article_publisher":"https:\/\/www.facebook.com\/LikeInkSe","article_modified_time":"2026-04-27T14:32:33+00:00","og_image":[{"width":1100,"height":775,"url":"https:\/\/likeink.com\/wp-content\/uploads\/2023\/03\/Kain-Liemannen-Tatuering-Likeink.jpg","type":"image\/jpeg"}],"twitter_card":"summary_large_image","twitter_misc":{"Geschatte leestijd":"1 minuut"},"schema":{"@context":"https:\/\/schema.org","@graph":[{"@type":"WebPage","@id":"https:\/\/likeink.com\/nl\/tijdelijke-tattoo\/grim-reaper-tattoo\/","url":"https:\/\/likeink.com\/nl\/tijdelijke-tattoo\/grim-reaper-tattoo\/","name":"Grim Reaper Tattoo door Kain bij Zoi Tattoo A5 - Like ink","isPartOf":{"@id":"https:\/\/likeink.com\/nl\/#website"},"primaryImageOfPage":{"@id":"https:\/\/likeink.com\/nl\/tijdelijke-tattoo\/grim-reaper-tattoo\/#primaryimage"},"image":{"@id":"https:\/\/likeink.com\/nl\/tijdelijke-tattoo\/grim-reaper-tattoo\/#primaryimage"},"thumbnailUrl":"https:\/\/likeink.com\/wp-content\/uploads\/2023\/03\/Kain-Liemannen-Tatuering-Likeink.jpg","datePublished":"2023-03-31T18:10:09+00:00","dateModified":"2026-04-27T14:32:33+00:00","description":"Bestel een grim reaper tattoo samen met een schedel en slang Fake Tattoos van de getalenteerde tatoe\u00eberder Kain. - Like ink","breadcrumb":{"@id":"https:\/\/likeink.com\/nl\/tijdelijke-tattoo\/grim-reaper-tattoo\/#breadcrumb"},"inLanguage":"nl-NL","potentialAction":[{"@type":"ReadAction","target":["https:\/\/likeink.com\/nl\/tijdelijke-tattoo\/grim-reaper-tattoo\/"]}]},{"@type":"ImageObject","inLanguage":"nl-NL","@id":"https:\/\/likeink.com\/nl\/tijdelijke-tattoo\/grim-reaper-tattoo\/#primaryimage","url":"https:\/\/likeink.com\/wp-content\/uploads\/2023\/03\/Kain-Liemannen-Tatuering-Likeink.jpg","contentUrl":"https:\/\/likeink.com\/wp-content\/uploads\/2023\/03\/Kain-Liemannen-Tatuering-Likeink.jpg","width":1100,"height":775,"caption":"Tatoeages van tatoe\u00eberder Liemannens schedel."},{"@type":"BreadcrumbList","@id":"https:\/\/likeink.com\/nl\/tijdelijke-tattoo\/grim-reaper-tattoo\/#breadcrumb","itemListElement":[{"@type":"ListItem","position":1,"name":"Hem","item":"https:\/\/likeink.com\/nl\/"},{"@type":"ListItem","position":2,"name":"Winkel","item":"https:\/\/likeink.com\/nl\/winkel\/"},{"@type":"ListItem","position":3,"name":"Flash &#8220;Grim Reaper&#8221; by Kain at Zoi Tattoo"}]},{"@type":"WebSite","@id":"https:\/\/likeink.com\/nl\/#website","url":"https:\/\/likeink.com\/nl\/","name":"Like ink","description":"Maak je eigen tijdelijke tatoeages","potentialAction":[{"@type":"SearchAction","target":{"@type":"EntryPoint","urlTemplate":"https:\/\/likeink.com\/nl\/?s={search_term_string}"},"query-input":{"@type":"PropertyValueSpecification","valueRequired":true,"valueName":"search_term_string"}}],"inLanguage":"nl-NL"}]}},"_links":{"self":[{"href":"https:\/\/likeink.com\/nl\/wp-json\/wp\/v2\/product\/16014","targetHints":{"allow":["GET"]}}],"collection":[{"href":"https:\/\/likeink.com\/nl\/wp-json\/wp\/v2\/product"}],"about":[{"href":"https:\/\/likeink.com\/nl\/wp-json\/wp\/v2\/types\/product"}],"wp:featuredmedia":[{"embeddable":true,"href":"https:\/\/likeink.com\/nl\/wp-json\/wp\/v2\/media\/16004"}],"wp:attachment":[{"href":"https:\/\/likeink.com\/nl\/wp-json\/wp\/v2\/media?parent=16014"}],"wp:term":[{"taxonomy":"product_brand","embeddable":true,"href":"https:\/\/likeink.com\/nl\/wp-json\/wp\/v2\/product_brand?post=16014"},{"taxonomy":"product_cat","embeddable":true,"href":"https:\/\/likeink.com\/nl\/wp-json\/wp\/v2\/product_cat?post=16014"},{"taxonomy":"product_tag","embeddable":true,"href":"https:\/\/likeink.com\/nl\/wp-json\/wp\/v2\/product_tag?post=16014"}],"curies":[{"name":"wp","href":"https:\/\/api.w.org\/{rel}","templated":true}]}}