{"id":17107,"date":"2023-04-18T14:14:34","date_gmt":"2023-04-18T14:14:34","guid":{"rendered":"https:\/\/likeink.se\/produkt\/flash-suger-skull-by-oliver-brechensbauer\/"},"modified":"2026-04-27T12:26:49","modified_gmt":"2026-04-27T12:26:49","slug":"flash-suger-skull-by-oliver-brechensbauer","status":"publish","type":"product","link":"https:\/\/likeink.com\/nl\/tijdelijke-tattoo\/flash-suger-skull-by-oliver-brechensbauer\/","title":{"rendered":"Flash &#8220;Suger skull&#8221; by Oliver Brechensbauer at Zoi Tattoo"},"content":{"rendered":"","protected":false},"excerpt":{"rendered":"<p>Like Inks kant en klare vellen met tijdelijke tatoeages zijn ongeveer 20&#215;14 cm groot en gevuld met de ontwerpen die je op de afbeelding ziet. We printen en verzenden jouw vel met deze stijlvolle tatoeages binnen 24 uur na je bestelling. De tatoeages zien er goed uit, zijn van hoge kwaliteit en zijn eenvoudig aan te brengen en gemakkelijk te verwijderen. Like Ink voldoet aan alle EU wetgeving voor cosmetische producten, zodat je met een gerust gevoel tijdelijke tatoeages bij ons kunt bestellen.<\/p>\n<h2>Bestel tijdelijke tatoeages met sugar skull motieven ontworpen door tatoe\u00eberder Oliver Brechensbauer<\/h2>\n<p>Dit vel is ontworpen door tatoe\u00eberder Oliver Brechensbauer, een vriendelijke en getalenteerde tattoo artist gevestigd in Malm\u00f6 bij de tattoostudio Zoi Tattoo. We zijn erg blij dat we flash vellen van deze super coole tatoe\u00eberder kunnen aanbieden.<\/p>\n<p><strong>Neem contact op met Oliver:<\/strong><\/p>\n<p><strong>Instagram:<\/strong><\/p>\n<p>@bbauer_tattooing<\/p>\n<p><strong>Studio:<\/strong><\/p>\n<p>Zoi Tattoo<\/p>\n<p><strong>Adres:<\/strong><\/p>\n<p>Sora Nygatan 42, Malm\u00f6<\/p>\n","protected":false},"featured_media":16677,"template":"","meta":[],"product_brand":[],"product_cat":[54,502],"product_tag":[],"class_list":{"0":"post-17107","1":"product","2":"type-product","3":"status-publish","4":"has-post-thumbnail","6":"product_cat-kant-en-klare-vellen","7":"product_cat-samenwerkingen-met-tatoeeerders-nl","9":"first","10":"instock","11":"taxable","12":"shipping-taxable","13":"purchasable","14":"product-type-simple"},"yoast_head":"<!-- This site is optimized with the Yoast SEO Premium plugin v26.2 (Yoast SEO v27.5) - https:\/\/yoast.com\/product\/yoast-seo-premium-wordpress\/ -->\n<title>Flash Suger Skull nep tatoeages door Oliver Brechensbauer - Like ink<\/title>\n<meta name=\"description\" content=\"Bestel Suger Skull nep tatoeages en tijger tatoeages van de tatoe\u00eberder Oliver Brechensbauer. Real Fake Tattoos! - Like ink\" \/>\n<meta name=\"robots\" content=\"index, follow, max-snippet:-1, max-image-preview:large, max-video-preview:-1\" \/>\n<link rel=\"canonical\" href=\"https:\/\/likeink.com\/nl\/tijdelijke-tattoo\/flash-suger-skull-by-oliver-brechensbauer\/\" \/>\n<meta property=\"og:locale\" content=\"nl_NL\" \/>\n<meta property=\"og:type\" content=\"article\" \/>\n<meta property=\"og:title\" content=\"Flash &quot;Suger skull&quot; by Oliver Brechensbauer at Zoi Tattoo\" \/>\n<meta property=\"og:description\" content=\"Like Inks kant en klare vellen met tijdelijke tatoeages zijn ongeveer 20x14 cm groot en gevuld met de ontwerpen die je op de afbeelding ziet. We printen en verzenden jouw vel met deze stijlvolle tatoeages binnen 24 uur na je bestelling. De tatoeages zien er goed uit, zijn van hoge kwaliteit en zijn eenvoudig aan te brengen en gemakkelijk te verwijderen. Like Ink voldoet aan alle EU wetgeving voor cosmetische producten, zodat je met een gerust gevoel tijdelijke tatoeages bij ons kunt bestellen. Bestel tijdelijke tatoeages met sugar skull motieven ontworpen door tatoe\u00eberder Oliver Brechensbauer Dit vel is ontworpen door tatoe\u00eberder Oliver Brechensbauer, een vriendelijke en getalenteerde tattoo artist gevestigd in Malm\u00f6 bij de tattoostudio Zoi Tattoo. We zijn erg blij dat we flash vellen van deze super coole tatoe\u00eberder kunnen aanbieden.  Neem contact op met Oliver:  Instagram:  @bbauer_tattooing  Studio:  Zoi Tattoo  Adres:  Sora Nygatan 42, Malm\u00f6\" \/>\n<meta property=\"og:url\" content=\"https:\/\/likeink.com\/nl\/tijdelijke-tattoo\/flash-suger-skull-by-oliver-brechensbauer\/\" \/>\n<meta property=\"og:site_name\" content=\"Like ink\" \/>\n<meta property=\"article:publisher\" content=\"https:\/\/www.facebook.com\/LikeInkSe\" \/>\n<meta property=\"article:modified_time\" content=\"2026-04-27T12:26:49+00:00\" \/>\n<meta property=\"og:image\" content=\"https:\/\/likeink.com\/wp-content\/uploads\/2023\/04\/Oliver-Brechensbauer-SugerSkull-FakeTattoos.png\" \/>\n\t<meta property=\"og:image:width\" content=\"1200\" \/>\n\t<meta property=\"og:image:height\" content=\"845\" \/>\n\t<meta property=\"og:image:type\" content=\"image\/png\" \/>\n<meta name=\"twitter:card\" content=\"summary_large_image\" \/>\n<meta name=\"twitter:label1\" content=\"Geschatte leestijd\" \/>\n\t<meta name=\"twitter:data1\" content=\"1 minuut\" \/>\n<!-- \/ Yoast SEO Premium plugin. -->","yoast_head_json":{"title":"Flash Suger Skull nep tatoeages door Oliver Brechensbauer - Like ink","description":"Bestel Suger Skull nep tatoeages en tijger tatoeages van de tatoe\u00eberder Oliver Brechensbauer. Real Fake Tattoos! - Like ink","robots":{"index":"index","follow":"follow","max-snippet":"max-snippet:-1","max-image-preview":"max-image-preview:large","max-video-preview":"max-video-preview:-1"},"canonical":"https:\/\/likeink.com\/nl\/tijdelijke-tattoo\/flash-suger-skull-by-oliver-brechensbauer\/","og_locale":"nl_NL","og_type":"article","og_title":"Flash \"Suger skull\" by Oliver Brechensbauer at Zoi Tattoo","og_description":"Like Inks kant en klare vellen met tijdelijke tatoeages zijn ongeveer 20x14 cm groot en gevuld met de ontwerpen die je op de afbeelding ziet. We printen en verzenden jouw vel met deze stijlvolle tatoeages binnen 24 uur na je bestelling. De tatoeages zien er goed uit, zijn van hoge kwaliteit en zijn eenvoudig aan te brengen en gemakkelijk te verwijderen. Like Ink voldoet aan alle EU wetgeving voor cosmetische producten, zodat je met een gerust gevoel tijdelijke tatoeages bij ons kunt bestellen. Bestel tijdelijke tatoeages met sugar skull motieven ontworpen door tatoe\u00eberder Oliver Brechensbauer Dit vel is ontworpen door tatoe\u00eberder Oliver Brechensbauer, een vriendelijke en getalenteerde tattoo artist gevestigd in Malm\u00f6 bij de tattoostudio Zoi Tattoo. We zijn erg blij dat we flash vellen van deze super coole tatoe\u00eberder kunnen aanbieden.  Neem contact op met Oliver:  Instagram:  @bbauer_tattooing  Studio:  Zoi Tattoo  Adres:  Sora Nygatan 42, Malm\u00f6","og_url":"https:\/\/likeink.com\/nl\/tijdelijke-tattoo\/flash-suger-skull-by-oliver-brechensbauer\/","og_site_name":"Like ink","article_publisher":"https:\/\/www.facebook.com\/LikeInkSe","article_modified_time":"2026-04-27T12:26:49+00:00","og_image":[{"width":1200,"height":845,"url":"https:\/\/likeink.com\/wp-content\/uploads\/2023\/04\/Oliver-Brechensbauer-SugerSkull-FakeTattoos.png","type":"image\/png"}],"twitter_card":"summary_large_image","twitter_misc":{"Geschatte leestijd":"1 minuut"},"schema":{"@context":"https:\/\/schema.org","@graph":[{"@type":"WebPage","@id":"https:\/\/likeink.com\/nl\/tijdelijke-tattoo\/flash-suger-skull-by-oliver-brechensbauer\/","url":"https:\/\/likeink.com\/nl\/tijdelijke-tattoo\/flash-suger-skull-by-oliver-brechensbauer\/","name":"Flash Suger Skull nep tatoeages door Oliver Brechensbauer - Like ink","isPartOf":{"@id":"https:\/\/likeink.com\/nl\/#website"},"primaryImageOfPage":{"@id":"https:\/\/likeink.com\/nl\/tijdelijke-tattoo\/flash-suger-skull-by-oliver-brechensbauer\/#primaryimage"},"image":{"@id":"https:\/\/likeink.com\/nl\/tijdelijke-tattoo\/flash-suger-skull-by-oliver-brechensbauer\/#primaryimage"},"thumbnailUrl":"https:\/\/likeink.com\/wp-content\/uploads\/2023\/04\/Oliver-Brechensbauer-SugerSkull-FakeTattoos.png","datePublished":"2023-04-18T14:14:34+00:00","dateModified":"2026-04-27T12:26:49+00:00","description":"Bestel Suger Skull nep tatoeages en tijger tatoeages van de tatoe\u00eberder Oliver Brechensbauer. Real Fake Tattoos! - Like ink","breadcrumb":{"@id":"https:\/\/likeink.com\/nl\/tijdelijke-tattoo\/flash-suger-skull-by-oliver-brechensbauer\/#breadcrumb"},"inLanguage":"nl-NL","potentialAction":[{"@type":"ReadAction","target":["https:\/\/likeink.com\/nl\/tijdelijke-tattoo\/flash-suger-skull-by-oliver-brechensbauer\/"]}]},{"@type":"ImageObject","inLanguage":"nl-NL","@id":"https:\/\/likeink.com\/nl\/tijdelijke-tattoo\/flash-suger-skull-by-oliver-brechensbauer\/#primaryimage","url":"https:\/\/likeink.com\/wp-content\/uploads\/2023\/04\/Oliver-Brechensbauer-SugerSkull-FakeTattoos.png","contentUrl":"https:\/\/likeink.com\/wp-content\/uploads\/2023\/04\/Oliver-Brechensbauer-SugerSkull-FakeTattoos.png","width":1200,"height":845,"caption":"Sugar skull Tattoos - Zoi Tattoo - Like ink - Artist Oliver"},{"@type":"BreadcrumbList","@id":"https:\/\/likeink.com\/nl\/tijdelijke-tattoo\/flash-suger-skull-by-oliver-brechensbauer\/#breadcrumb","itemListElement":[{"@type":"ListItem","position":1,"name":"Hem","item":"https:\/\/likeink.com\/nl\/"},{"@type":"ListItem","position":2,"name":"Winkel","item":"https:\/\/likeink.com\/nl\/winkel\/"},{"@type":"ListItem","position":3,"name":"Flash &#8220;Suger skull&#8221; by Oliver Brechensbauer at Zoi Tattoo"}]},{"@type":"WebSite","@id":"https:\/\/likeink.com\/nl\/#website","url":"https:\/\/likeink.com\/nl\/","name":"Like ink","description":"Maak je eigen tijdelijke tatoeages","potentialAction":[{"@type":"SearchAction","target":{"@type":"EntryPoint","urlTemplate":"https:\/\/likeink.com\/nl\/?s={search_term_string}"},"query-input":{"@type":"PropertyValueSpecification","valueRequired":true,"valueName":"search_term_string"}}],"inLanguage":"nl-NL"}]}},"_links":{"self":[{"href":"https:\/\/likeink.com\/nl\/wp-json\/wp\/v2\/product\/17107","targetHints":{"allow":["GET"]}}],"collection":[{"href":"https:\/\/likeink.com\/nl\/wp-json\/wp\/v2\/product"}],"about":[{"href":"https:\/\/likeink.com\/nl\/wp-json\/wp\/v2\/types\/product"}],"wp:featuredmedia":[{"embeddable":true,"href":"https:\/\/likeink.com\/nl\/wp-json\/wp\/v2\/media\/16677"}],"wp:attachment":[{"href":"https:\/\/likeink.com\/nl\/wp-json\/wp\/v2\/media?parent=17107"}],"wp:term":[{"taxonomy":"product_brand","embeddable":true,"href":"https:\/\/likeink.com\/nl\/wp-json\/wp\/v2\/product_brand?post=17107"},{"taxonomy":"product_cat","embeddable":true,"href":"https:\/\/likeink.com\/nl\/wp-json\/wp\/v2\/product_cat?post=17107"},{"taxonomy":"product_tag","embeddable":true,"href":"https:\/\/likeink.com\/nl\/wp-json\/wp\/v2\/product_tag?post=17107"}],"curies":[{"name":"wp","href":"https:\/\/api.w.org\/{rel}","templated":true}]}}