{"id":17164,"date":"2023-04-18T11:53:18","date_gmt":"2023-04-18T11:53:18","guid":{"rendered":"https:\/\/likeink.se\/produkt\/bite-me\/"},"modified":"2026-04-27T13:32:36","modified_gmt":"2026-04-27T13:32:36","slug":"bite-me","status":"publish","type":"product","link":"https:\/\/likeink.com\/nl\/tijdelijke-tattoo\/bite-me\/","title":{"rendered":"Flash &#8220;Bite Me&#8221; by Matt Machine at Straydogs Tattoo"},"content":{"rendered":"","protected":false},"excerpt":{"rendered":"<p>Like Inks kant en klare vellen met tijdelijke tatoeages zijn ongeveer 20&#215;14 cm groot en gevuld met de ontwerpen die je op de afbeelding ziet. We printen en verzenden jouw vel met deze stijlvolle tatoeages binnen 24 uur na je bestelling. De tatoeages zien er goed uit, zijn van hoge kwaliteit en zijn eenvoudig aan te brengen en gemakkelijk te verwijderen. Like Ink voldoet aan alle EU wetgeving voor cosmetische producten, zodat je met een gerust gevoel tijdelijke tatoeages bij ons kunt bestellen.<\/p>\n<h2>Bestel tijdelijke tatoeages ontworpen door de tatoe\u00eberder Mattias, ook bekend als Matt Machine van Stray Dogs Tattoo<\/h2>\n<p>Dit vel is ontworpen door de geweldige tatoe\u00eberder &#8220;Matt Machine&#8221;, een ervaren en zeer populaire tatoe\u00eberder gevestigd in Kung\u00e4lv. Echt leuk om werk van deze super coole tatoe\u00eberder aan te bieden!<br \/>\n<strong>Dit is Mattias Andersson, ook bekend als Matt Machine:<\/strong><br \/>\nMijn naam is Mattias Andersson, ook wel Matt Machine genoemd. Een bijnaam die ik voor de lol kreeg van de jongens van Sick Boys Tattoo, nadat ik een keer meer dan 15 uur achter elkaar had getatoe\u00eberd tijdens een jubileumfeest in mijn studio. Ik heb de bijnaam gehouden \ud83d\ude0a hij past bij me.<br \/>\nWie ben ik dan? Ik ben bijna 41 jaar oud. Ik ben getrouwd, heb twee kinderen, een hond en twee katten. Ik rijd een Volvo stationwagen en woon in een huis. Ik leef het Svensson leven met voetbaltrainingen en alles wat daarbij hoort. Maar ik ben zelf niet echt het typische type, maar gelukkig kan je altijd je eigen ding doen in je &#8220;jongenskamer&#8221;, wat in mijn geval de tattoostudio is. Daar voelt het altijd helemaal goed. Daar past iedereen en is iedereen welkom!<br \/>\nIk heb nu ongeveer 12 jaar een eigen studio, waar ik alleen op afspraak tatoe\u00eber, geen inloop. Ik hou van tatoeages sinds ik 6 jaar oud was en ben dankbaar voor alle klanten die blijven komen, zowel uit de regio als van ver weg om door mij getatoe\u00eberd te worden. Alle klanten zijn belangrijk. Kleine naam tatoeages net zo goed als grote rugprojecten. Ik doe alles waarvan ik voel dat ik het aankan! Ik ben tenslotte een tatoe\u00eberder. Wil je een grote zwarte stip die de helft van je dij bedekt, dan is dat ook prima.<br \/>\nHet voelt alsof ik geluk heb, maar in werkelijkheid komt wat je hebt door jaren van hard werken. Een sterke klantenkring opbouwen kost tijd en inzet. Het tatoe\u00eberdersvak is niet zo rock en roll als veel mensen denken. Het is bijna een 24\/7 baan. Maar de vrijheid maakt dat goed. De vrijheid om zelf te kiezen hoe en wanneer je werkt. En het feit dat ik hou van wat ik doe! Tatoeages zijn gewoon het beste \ud83d\ude02\ud83d\udc4d<br \/>\n<strong>Neem contact op met Mattias:<\/strong><br \/>\nJe kunt mij en al mijn traditionele werk vinden op social media<br \/>\n<strong>Instagram:<\/strong><br \/>\n@straydogstattoo<br \/>\n<strong>Studio:<\/strong><br \/>\n@straydogstattoo<br \/>\n<strong>Adres:<\/strong><br \/>\nG\u00f6teborg \/ Kung\u00e4lv<\/p>\n","protected":false},"featured_media":16611,"template":"","meta":[],"product_brand":[],"product_cat":[54,502],"product_tag":[],"class_list":{"0":"post-17164","1":"product","2":"type-product","3":"status-publish","4":"has-post-thumbnail","6":"product_cat-kant-en-klare-vellen","7":"product_cat-samenwerkingen-met-tatoeeerders","9":"first","10":"instock","11":"taxable","12":"shipping-taxable","13":"purchasable","14":"product-type-simple"},"yoast_head":"<!-- This site is optimized with the Yoast SEO Premium plugin v27.5 (Yoast SEO v27.6) - https:\/\/yoast.com\/product\/yoast-seo-premium-wordpress\/ -->\n<title>Flash Bite Me - tatoeages van Matt Machine bij Stray Dogs Tattoo - Like ink<\/title>\n<meta name=\"description\" content=\"Flash Bite Me - vel met tijdelijke tatoeages van Matt bij Stray Dogs Tattoo! We hopen dat je ze leuk vindt! Gratis en snelle verzending! - Like ink\" \/>\n<meta name=\"robots\" content=\"index, follow, max-snippet:-1, max-image-preview:large, max-video-preview:-1\" \/>\n<link rel=\"canonical\" href=\"https:\/\/likeink.com\/nl\/tijdelijke-tattoo\/bite-me\/\" \/>\n<meta property=\"og:locale\" content=\"nl_NL\" \/>\n<meta property=\"og:type\" content=\"article\" \/>\n<meta property=\"og:title\" content=\"Flash &quot;Bite Me&quot; by Matt Machine at Straydogs Tattoo\" \/>\n<meta property=\"og:description\" content=\"Like Inks kant en klare vellen met tijdelijke tatoeages zijn ongeveer 20x14 cm groot en gevuld met de ontwerpen die je op de afbeelding ziet. We printen en verzenden jouw vel met deze stijlvolle tatoeages binnen 24 uur na je bestelling. De tatoeages zien er goed uit, zijn van hoge kwaliteit en zijn eenvoudig aan te brengen en gemakkelijk te verwijderen. Like Ink voldoet aan alle EU wetgeving voor cosmetische producten, zodat je met een gerust gevoel tijdelijke tatoeages bij ons kunt bestellen. Bestel tijdelijke tatoeages ontworpen door de tatoe\u00eberder Mattias, ook bekend als Matt Machine van Stray Dogs Tattoo Dit vel is ontworpen door de geweldige tatoe\u00eberder &quot;Matt Machine&quot;, een ervaren en zeer populaire tatoe\u00eberder gevestigd in Kung\u00e4lv. Echt leuk om werk van deze super coole tatoe\u00eberder aan te bieden! Dit is Mattias Andersson, ook bekend als Matt Machine: Mijn naam is Mattias Andersson, ook wel Matt Machine genoemd. Een bijnaam die ik voor de lol kreeg van de jongens van Sick Boys Tattoo, nadat ik een keer meer dan 15 uur achter elkaar had getatoe\u00eberd tijdens een jubileumfeest in mijn studio. Ik heb de bijnaam gehouden \ud83d\ude0a hij past bij me. Wie ben ik dan? Ik ben bijna 41 jaar oud. Ik ben getrouwd, heb twee kinderen, een hond en twee katten. Ik rijd een Volvo stationwagen en woon in een huis. Ik leef het Svensson leven met voetbaltrainingen en alles wat daarbij hoort. Maar ik ben zelf niet echt het typische type, maar gelukkig kan je altijd je eigen ding doen in je &quot;jongenskamer&quot;, wat in mijn geval de tattoostudio is. Daar voelt het altijd helemaal goed. Daar past iedereen en is iedereen welkom! Ik heb nu ongeveer 12 jaar een eigen studio, waar ik alleen op afspraak tatoe\u00eber, geen inloop. Ik hou van tatoeages sinds ik 6 jaar oud was en ben dankbaar voor alle klanten die blijven komen, zowel uit de regio als van ver weg om door mij getatoe\u00eberd te worden. Alle klanten zijn belangrijk. Kleine naam tatoeages net zo goed als grote rugprojecten. Ik doe alles waarvan ik voel dat ik het aankan! Ik ben tenslotte een tatoe\u00eberder. Wil je een grote zwarte stip die de helft van je dij bedekt, dan is dat ook prima. Het voelt alsof ik geluk heb, maar in werkelijkheid komt wat je hebt door jaren van hard werken. Een sterke klantenkring opbouwen kost tijd en inzet. Het tatoe\u00eberdersvak is niet zo rock en roll als veel mensen denken. Het is bijna een 24\/7 baan. Maar de vrijheid maakt dat goed. De vrijheid om zelf te kiezen hoe en wanneer je werkt. En het feit dat ik hou van wat ik doe! Tatoeages zijn gewoon het beste \ud83d\ude02\ud83d\udc4d Neem contact op met Mattias: Je kunt mij en al mijn traditionele werk vinden op social media Instagram: @straydogstattoo Studio: @straydogstattoo Adres: G\u00f6teborg \/ Kung\u00e4lv\" \/>\n<meta property=\"og:url\" content=\"https:\/\/likeink.com\/nl\/tijdelijke-tattoo\/bite-me\/\" \/>\n<meta property=\"og:site_name\" content=\"Like ink\" \/>\n<meta property=\"article:publisher\" content=\"https:\/\/www.facebook.com\/LikeInkSe\" \/>\n<meta property=\"article:modified_time\" content=\"2026-04-27T13:32:36+00:00\" \/>\n<meta property=\"og:image\" content=\"https:\/\/likeink.com\/wp-content\/uploads\/2023\/04\/MattMachine-BiteMe-Likeink-Faketattoos.png\" \/>\n\t<meta property=\"og:image:width\" content=\"600\" \/>\n\t<meta property=\"og:image:height\" content=\"422\" \/>\n\t<meta property=\"og:image:type\" content=\"image\/png\" \/>\n<meta name=\"twitter:card\" content=\"summary_large_image\" \/>\n<meta name=\"twitter:label1\" content=\"Geschatte leestijd\" \/>\n\t<meta name=\"twitter:data1\" content=\"1 minuut\" \/>\n<!-- \/ Yoast SEO Premium plugin. -->","yoast_head_json":{"title":"Flash Bite Me - tatoeages van Matt Machine bij Stray Dogs Tattoo - Like ink","description":"Flash Bite Me - vel met tijdelijke tatoeages van Matt bij Stray Dogs Tattoo! We hopen dat je ze leuk vindt! Gratis en snelle verzending! - Like ink","robots":{"index":"index","follow":"follow","max-snippet":"max-snippet:-1","max-image-preview":"max-image-preview:large","max-video-preview":"max-video-preview:-1"},"canonical":"https:\/\/likeink.com\/nl\/tijdelijke-tattoo\/bite-me\/","og_locale":"nl_NL","og_type":"article","og_title":"Flash \"Bite Me\" by Matt Machine at Straydogs Tattoo","og_description":"Like Inks kant en klare vellen met tijdelijke tatoeages zijn ongeveer 20x14 cm groot en gevuld met de ontwerpen die je op de afbeelding ziet. We printen en verzenden jouw vel met deze stijlvolle tatoeages binnen 24 uur na je bestelling. De tatoeages zien er goed uit, zijn van hoge kwaliteit en zijn eenvoudig aan te brengen en gemakkelijk te verwijderen. Like Ink voldoet aan alle EU wetgeving voor cosmetische producten, zodat je met een gerust gevoel tijdelijke tatoeages bij ons kunt bestellen. Bestel tijdelijke tatoeages ontworpen door de tatoe\u00eberder Mattias, ook bekend als Matt Machine van Stray Dogs Tattoo Dit vel is ontworpen door de geweldige tatoe\u00eberder \"Matt Machine\", een ervaren en zeer populaire tatoe\u00eberder gevestigd in Kung\u00e4lv. Echt leuk om werk van deze super coole tatoe\u00eberder aan te bieden! Dit is Mattias Andersson, ook bekend als Matt Machine: Mijn naam is Mattias Andersson, ook wel Matt Machine genoemd. Een bijnaam die ik voor de lol kreeg van de jongens van Sick Boys Tattoo, nadat ik een keer meer dan 15 uur achter elkaar had getatoe\u00eberd tijdens een jubileumfeest in mijn studio. Ik heb de bijnaam gehouden \ud83d\ude0a hij past bij me. Wie ben ik dan? Ik ben bijna 41 jaar oud. Ik ben getrouwd, heb twee kinderen, een hond en twee katten. Ik rijd een Volvo stationwagen en woon in een huis. Ik leef het Svensson leven met voetbaltrainingen en alles wat daarbij hoort. Maar ik ben zelf niet echt het typische type, maar gelukkig kan je altijd je eigen ding doen in je \"jongenskamer\", wat in mijn geval de tattoostudio is. Daar voelt het altijd helemaal goed. Daar past iedereen en is iedereen welkom! Ik heb nu ongeveer 12 jaar een eigen studio, waar ik alleen op afspraak tatoe\u00eber, geen inloop. Ik hou van tatoeages sinds ik 6 jaar oud was en ben dankbaar voor alle klanten die blijven komen, zowel uit de regio als van ver weg om door mij getatoe\u00eberd te worden. Alle klanten zijn belangrijk. Kleine naam tatoeages net zo goed als grote rugprojecten. Ik doe alles waarvan ik voel dat ik het aankan! Ik ben tenslotte een tatoe\u00eberder. Wil je een grote zwarte stip die de helft van je dij bedekt, dan is dat ook prima. Het voelt alsof ik geluk heb, maar in werkelijkheid komt wat je hebt door jaren van hard werken. Een sterke klantenkring opbouwen kost tijd en inzet. Het tatoe\u00eberdersvak is niet zo rock en roll als veel mensen denken. Het is bijna een 24\/7 baan. Maar de vrijheid maakt dat goed. De vrijheid om zelf te kiezen hoe en wanneer je werkt. En het feit dat ik hou van wat ik doe! Tatoeages zijn gewoon het beste \ud83d\ude02\ud83d\udc4d Neem contact op met Mattias: Je kunt mij en al mijn traditionele werk vinden op social media Instagram: @straydogstattoo Studio: @straydogstattoo Adres: G\u00f6teborg \/ Kung\u00e4lv","og_url":"https:\/\/likeink.com\/nl\/tijdelijke-tattoo\/bite-me\/","og_site_name":"Like ink","article_publisher":"https:\/\/www.facebook.com\/LikeInkSe","article_modified_time":"2026-04-27T13:32:36+00:00","og_image":[{"width":600,"height":422,"url":"https:\/\/likeink.com\/wp-content\/uploads\/2023\/04\/MattMachine-BiteMe-Likeink-Faketattoos.png","type":"image\/png"}],"twitter_card":"summary_large_image","twitter_misc":{"Geschatte leestijd":"1 minuut"},"schema":{"@context":"https:\/\/schema.org","@graph":[{"@type":"WebPage","@id":"https:\/\/likeink.com\/nl\/tijdelijke-tattoo\/bite-me\/","url":"https:\/\/likeink.com\/nl\/tijdelijke-tattoo\/bite-me\/","name":"Flash Bite Me - tatoeages van Matt Machine bij Stray Dogs Tattoo - Like ink","isPartOf":{"@id":"https:\/\/likeink.com\/nl\/#website"},"primaryImageOfPage":{"@id":"https:\/\/likeink.com\/nl\/tijdelijke-tattoo\/bite-me\/#primaryimage"},"image":{"@id":"https:\/\/likeink.com\/nl\/tijdelijke-tattoo\/bite-me\/#primaryimage"},"thumbnailUrl":"https:\/\/likeink.com\/wp-content\/uploads\/2023\/04\/MattMachine-BiteMe-Likeink-Faketattoos.png","datePublished":"2023-04-18T11:53:18+00:00","dateModified":"2026-04-27T13:32:36+00:00","description":"Flash Bite Me - vel met tijdelijke tatoeages van Matt bij Stray Dogs Tattoo! We hopen dat je ze leuk vindt! Gratis en snelle verzending! - Like ink","breadcrumb":{"@id":"https:\/\/likeink.com\/nl\/tijdelijke-tattoo\/bite-me\/#breadcrumb"},"inLanguage":"nl-NL","potentialAction":[{"@type":"ReadAction","target":["https:\/\/likeink.com\/nl\/tijdelijke-tattoo\/bite-me\/"]}]},{"@type":"ImageObject","inLanguage":"nl-NL","@id":"https:\/\/likeink.com\/nl\/tijdelijke-tattoo\/bite-me\/#primaryimage","url":"https:\/\/likeink.com\/wp-content\/uploads\/2023\/04\/MattMachine-BiteMe-Likeink-Faketattoos.png","contentUrl":"https:\/\/likeink.com\/wp-content\/uploads\/2023\/04\/MattMachine-BiteMe-Likeink-Faketattoos.png","width":600,"height":422,"caption":"Stray Dogs Tattoo Flash Tattoos - Fake Tattoo - Like ink"},{"@type":"BreadcrumbList","@id":"https:\/\/likeink.com\/nl\/tijdelijke-tattoo\/bite-me\/#breadcrumb","itemListElement":[{"@type":"ListItem","position":1,"name":"Hem","item":"https:\/\/likeink.com\/nl\/"},{"@type":"ListItem","position":2,"name":"Winkel","item":"https:\/\/likeink.com\/nl\/winkel\/"},{"@type":"ListItem","position":3,"name":"Flash &#8220;Bite Me&#8221; by Matt Machine at Straydogs Tattoo"}]},{"@type":"WebSite","@id":"https:\/\/likeink.com\/nl\/#website","url":"https:\/\/likeink.com\/nl\/","name":"Like ink","description":"Maak je eigen tijdelijke tatoeages","potentialAction":[{"@type":"SearchAction","target":{"@type":"EntryPoint","urlTemplate":"https:\/\/likeink.com\/nl\/?s={search_term_string}"},"query-input":{"@type":"PropertyValueSpecification","valueRequired":true,"valueName":"search_term_string"}}],"inLanguage":"nl-NL"}]}},"_links":{"self":[{"href":"https:\/\/likeink.com\/nl\/wp-json\/wp\/v2\/product\/17164","targetHints":{"allow":["GET"]}}],"collection":[{"href":"https:\/\/likeink.com\/nl\/wp-json\/wp\/v2\/product"}],"about":[{"href":"https:\/\/likeink.com\/nl\/wp-json\/wp\/v2\/types\/product"}],"wp:featuredmedia":[{"embeddable":true,"href":"https:\/\/likeink.com\/nl\/wp-json\/wp\/v2\/media\/16611"}],"wp:attachment":[{"href":"https:\/\/likeink.com\/nl\/wp-json\/wp\/v2\/media?parent=17164"}],"wp:term":[{"taxonomy":"product_brand","embeddable":true,"href":"https:\/\/likeink.com\/nl\/wp-json\/wp\/v2\/product_brand?post=17164"},{"taxonomy":"product_cat","embeddable":true,"href":"https:\/\/likeink.com\/nl\/wp-json\/wp\/v2\/product_cat?post=17164"},{"taxonomy":"product_tag","embeddable":true,"href":"https:\/\/likeink.com\/nl\/wp-json\/wp\/v2\/product_tag?post=17164"}],"curies":[{"name":"wp","href":"https:\/\/api.w.org\/{rel}","templated":true}]}}