{"id":17516,"date":"2023-04-21T14:03:51","date_gmt":"2023-04-21T14:03:51","guid":{"rendered":"https:\/\/likeink.se\/gnuggis\/djurens-ratt-save-animals\/"},"modified":"2024-02-14T15:51:26","modified_gmt":"2024-02-14T15:51:26","slug":"djurens-ratt-save-animals","status":"publish","type":"product","link":"https:\/\/likeink.com\/nl\/tijdelijke-tattoo\/djurens-ratt-save-animals\/","title":{"rendered":"Djurens R\u00e4tt Save Animals"},"content":{"rendered":"","protected":false},"excerpt":{"rendered":"<p>Tijdelijk tatoe\u00ebren ten voordele van de dieren met wrijftatoeages van ons bij Like ink!<br \/>\nLike ink drukt stijlvolle, veganistische en allergie-geteste wrijftatoeages die nu zijn gemarkeerd met Djurens R\u00e4tts I`M VEGAN.<br \/>\nOp dit moment hebben we een campagne samen met Djurens R\u00e4tt! 30% van de omzet van kant-en-klare vellen in de categorie Djurens R\u00e4tt in Like inks webshop gaat naar het werk van Djurens R\u00e4tt om de omstandigheden voor dieren in Zweden die het slechtst af zijn te verbeteren.<\/p>\n<h2> Bestel wrijftatoeages en steun Djurens R\u00e4tt <\/h2>\n<p>Een A5 vel kost 11 Euro en hoe meer vellen je bestelt, hoe meer korting! Shop nu en vergeet niet om alle foto&#8217;s van deze wrijftatoeages te taggen met @likeinkse op Instagram en TikTok, we doneren 10 SEK extra per tag en delen natuurlijk ook jouw foto.<\/p>\n<p>Velgrootte: A5<br \/>\nTatoeageformaat: De dieren zijn 4-5 cm<\/p>\n","protected":false},"featured_media":17037,"template":"","meta":[],"product_brand":[],"product_cat":[521,54,538],"product_tag":[],"class_list":{"0":"post-17516","1":"product","2":"type-product","3":"status-publish","4":"has-post-thumbnail","6":"product_cat-dieren-natuur","7":"product_cat-kant-en-klare-vellen","8":"product_cat-samenwerkingen-met-bedrijven","10":"first","11":"instock","12":"taxable","13":"shipping-taxable","14":"purchasable","15":"product-type-simple"},"yoast_head":"<!-- This site is optimized with the Yoast SEO Premium plugin v26.2 (Yoast SEO v27.5) - https:\/\/yoast.com\/product\/yoast-seo-premium-wordpress\/ -->\n<title>Djurens R\u00e4tt &quot;Save Animals&quot; nep-tatoeages I A5 - Like ink<\/title>\n<meta name=\"description\" content=\"30% van de omzet gaat naar Djurens R\u00e4tt! Bestel een vel met stijlvolle, veganistische en allergievriendelijke wrijftatoeages voor 11 Euro - Like ink\" \/>\n<meta name=\"robots\" content=\"index, follow, max-snippet:-1, max-image-preview:large, max-video-preview:-1\" \/>\n<link rel=\"canonical\" href=\"https:\/\/likeink.com\/nl\/tijdelijke-tattoo\/djurens-ratt-save-animals\/\" \/>\n<meta property=\"og:locale\" content=\"nl_NL\" \/>\n<meta property=\"og:type\" content=\"article\" \/>\n<meta property=\"og:title\" content=\"Djurens R\u00e4tt Save Animals\" \/>\n<meta property=\"og:description\" content=\"Tijdelijk tatoe\u00ebren ten voordele van de dieren met wrijftatoeages van ons bij Like ink! Like ink drukt stijlvolle, veganistische en allergie-geteste wrijftatoeages die nu zijn gemarkeerd met Djurens R\u00e4tts I`M VEGAN. Op dit moment hebben we een campagne samen met Djurens R\u00e4tt! 30% van de omzet van kant-en-klare vellen in de categorie Djurens R\u00e4tt in Like inks webshop gaat naar het werk van Djurens R\u00e4tt om de omstandigheden voor dieren in Zweden die het slechtst af zijn te verbeteren.   Bestel wrijftatoeages en steun Djurens R\u00e4tt   Een A5 vel kost 11 Euro en hoe meer vellen je bestelt, hoe meer korting! Shop nu en vergeet niet om alle foto&#039;s van deze wrijftatoeages te taggen met @likeinkse op Instagram en TikTok, we doneren 10 SEK extra per tag en delen natuurlijk ook jouw foto.  Velgrootte: A5 Tatoeageformaat: De dieren zijn 4-5 cm\" \/>\n<meta property=\"og:url\" content=\"https:\/\/likeink.com\/nl\/tijdelijke-tattoo\/djurens-ratt-save-animals\/\" \/>\n<meta property=\"og:site_name\" content=\"Like ink\" \/>\n<meta property=\"article:publisher\" content=\"https:\/\/www.facebook.com\/LikeInkSe\" \/>\n<meta property=\"article:modified_time\" content=\"2024-02-14T15:51:26+00:00\" \/>\n<meta property=\"og:image\" content=\"https:\/\/likeink.com\/wp-content\/uploads\/2023\/04\/IMVEGAN-Djurensratt-Tatueringar-Likeink.png\" \/>\n\t<meta property=\"og:image:width\" content=\"1920\" \/>\n\t<meta property=\"og:image:height\" content=\"1354\" \/>\n\t<meta property=\"og:image:type\" content=\"image\/png\" \/>\n<meta name=\"twitter:card\" content=\"summary_large_image\" \/>\n<!-- \/ Yoast SEO Premium plugin. -->","yoast_head_json":{"title":"Djurens R\u00e4tt \"Save Animals\" nep-tatoeages I A5 - Like ink","description":"30% van de omzet gaat naar Djurens R\u00e4tt! Bestel een vel met stijlvolle, veganistische en allergievriendelijke wrijftatoeages voor 11 Euro - Like ink","robots":{"index":"index","follow":"follow","max-snippet":"max-snippet:-1","max-image-preview":"max-image-preview:large","max-video-preview":"max-video-preview:-1"},"canonical":"https:\/\/likeink.com\/nl\/tijdelijke-tattoo\/djurens-ratt-save-animals\/","og_locale":"nl_NL","og_type":"article","og_title":"Djurens R\u00e4tt Save Animals","og_description":"Tijdelijk tatoe\u00ebren ten voordele van de dieren met wrijftatoeages van ons bij Like ink! Like ink drukt stijlvolle, veganistische en allergie-geteste wrijftatoeages die nu zijn gemarkeerd met Djurens R\u00e4tts I`M VEGAN. Op dit moment hebben we een campagne samen met Djurens R\u00e4tt! 30% van de omzet van kant-en-klare vellen in de categorie Djurens R\u00e4tt in Like inks webshop gaat naar het werk van Djurens R\u00e4tt om de omstandigheden voor dieren in Zweden die het slechtst af zijn te verbeteren.   Bestel wrijftatoeages en steun Djurens R\u00e4tt   Een A5 vel kost 11 Euro en hoe meer vellen je bestelt, hoe meer korting! Shop nu en vergeet niet om alle foto's van deze wrijftatoeages te taggen met @likeinkse op Instagram en TikTok, we doneren 10 SEK extra per tag en delen natuurlijk ook jouw foto.  Velgrootte: A5 Tatoeageformaat: De dieren zijn 4-5 cm","og_url":"https:\/\/likeink.com\/nl\/tijdelijke-tattoo\/djurens-ratt-save-animals\/","og_site_name":"Like ink","article_publisher":"https:\/\/www.facebook.com\/LikeInkSe","article_modified_time":"2024-02-14T15:51:26+00:00","og_image":[{"width":1920,"height":1354,"url":"https:\/\/likeink.com\/wp-content\/uploads\/2023\/04\/IMVEGAN-Djurensratt-Tatueringar-Likeink.png","type":"image\/png"}],"twitter_card":"summary_large_image","schema":{"@context":"https:\/\/schema.org","@graph":[{"@type":"WebPage","@id":"https:\/\/likeink.com\/nl\/tijdelijke-tattoo\/djurens-ratt-save-animals\/","url":"https:\/\/likeink.com\/nl\/tijdelijke-tattoo\/djurens-ratt-save-animals\/","name":"Djurens R\u00e4tt \"Save Animals\" nep-tatoeages I A5 - Like ink","isPartOf":{"@id":"https:\/\/likeink.com\/nl\/#website"},"primaryImageOfPage":{"@id":"https:\/\/likeink.com\/nl\/tijdelijke-tattoo\/djurens-ratt-save-animals\/#primaryimage"},"image":{"@id":"https:\/\/likeink.com\/nl\/tijdelijke-tattoo\/djurens-ratt-save-animals\/#primaryimage"},"thumbnailUrl":"https:\/\/likeink.com\/wp-content\/uploads\/2023\/04\/IMVEGAN-Djurensratt-Tatueringar-Likeink.png","datePublished":"2023-04-21T14:03:51+00:00","dateModified":"2024-02-14T15:51:26+00:00","description":"30% van de omzet gaat naar Djurens R\u00e4tt! Bestel een vel met stijlvolle, veganistische en allergievriendelijke wrijftatoeages voor 11 Euro - Like ink","breadcrumb":{"@id":"https:\/\/likeink.com\/nl\/tijdelijke-tattoo\/djurens-ratt-save-animals\/#breadcrumb"},"inLanguage":"nl-NL","potentialAction":[{"@type":"ReadAction","target":["https:\/\/likeink.com\/nl\/tijdelijke-tattoo\/djurens-ratt-save-animals\/"]}]},{"@type":"ImageObject","inLanguage":"nl-NL","@id":"https:\/\/likeink.com\/nl\/tijdelijke-tattoo\/djurens-ratt-save-animals\/#primaryimage","url":"https:\/\/likeink.com\/wp-content\/uploads\/2023\/04\/IMVEGAN-Djurensratt-Tatueringar-Likeink.png","contentUrl":"https:\/\/likeink.com\/wp-content\/uploads\/2023\/04\/IMVEGAN-Djurensratt-Tatueringar-Likeink.png","width":1920,"height":1354,"caption":"IM VEGAN kosmetiska gnuggistatueringar"},{"@type":"BreadcrumbList","@id":"https:\/\/likeink.com\/nl\/tijdelijke-tattoo\/djurens-ratt-save-animals\/#breadcrumb","itemListElement":[{"@type":"ListItem","position":1,"name":"Hem","item":"https:\/\/likeink.com\/nl\/"},{"@type":"ListItem","position":2,"name":"Winkel","item":"https:\/\/likeink.com\/nl\/winkel\/"},{"@type":"ListItem","position":3,"name":"Djurens R\u00e4tt Save Animals"}]},{"@type":"WebSite","@id":"https:\/\/likeink.com\/nl\/#website","url":"https:\/\/likeink.com\/nl\/","name":"Like ink","description":"Maak je eigen tijdelijke tatoeages","potentialAction":[{"@type":"SearchAction","target":{"@type":"EntryPoint","urlTemplate":"https:\/\/likeink.com\/nl\/?s={search_term_string}"},"query-input":{"@type":"PropertyValueSpecification","valueRequired":true,"valueName":"search_term_string"}}],"inLanguage":"nl-NL"}]}},"_links":{"self":[{"href":"https:\/\/likeink.com\/nl\/wp-json\/wp\/v2\/product\/17516","targetHints":{"allow":["GET"]}}],"collection":[{"href":"https:\/\/likeink.com\/nl\/wp-json\/wp\/v2\/product"}],"about":[{"href":"https:\/\/likeink.com\/nl\/wp-json\/wp\/v2\/types\/product"}],"wp:featuredmedia":[{"embeddable":true,"href":"https:\/\/likeink.com\/nl\/wp-json\/wp\/v2\/media\/17037"}],"wp:attachment":[{"href":"https:\/\/likeink.com\/nl\/wp-json\/wp\/v2\/media?parent=17516"}],"wp:term":[{"taxonomy":"product_brand","embeddable":true,"href":"https:\/\/likeink.com\/nl\/wp-json\/wp\/v2\/product_brand?post=17516"},{"taxonomy":"product_cat","embeddable":true,"href":"https:\/\/likeink.com\/nl\/wp-json\/wp\/v2\/product_cat?post=17516"},{"taxonomy":"product_tag","embeddable":true,"href":"https:\/\/likeink.com\/nl\/wp-json\/wp\/v2\/product_tag?post=17516"}],"curies":[{"name":"wp","href":"https:\/\/api.w.org\/{rel}","templated":true}]}}