{"id":17527,"date":"2023-04-21T14:02:01","date_gmt":"2023-04-21T14:02:01","guid":{"rendered":"https:\/\/likeink.se\/gnuggis\/djurens-ratt-vegan-vibes\/"},"modified":"2026-03-06T08:12:36","modified_gmt":"2026-03-06T08:12:36","slug":"djurens-ratt-vegan-vibes","status":"publish","type":"product","link":"https:\/\/likeink.com\/nl\/tijdelijke-tattoo\/djurens-ratt-vegan-vibes\/","title":{"rendered":"Djurens R\u00e4tt Vegan Vibes"},"content":{"rendered":"","protected":false},"excerpt":{"rendered":"<p>Tijdelijk tatoe\u00ebren ten voordele van de dieren met wrijftatoeages van ons bij Like ink!<br \/>\nLike ink drukt stijlvolle, veganistische en allergie-geteste wrijftatoeages die nu zijn gemarkeerd met Djurens R\u00e4tts I`M VEGAN.<br \/>\nOp dit moment hebben we een campagne samen met Djurens R\u00e4tt! 30% van de omzet van kant-en-klare vellen in de categorie Djurens R\u00e4tt in Like inks webshop gaat naar het werk van Djurens R\u00e4tt om de omstandigheden voor dieren in Zweden die het slechtst af zijn te verbeteren.<\/p>\n<h2> Bestel nep-tatoeages &#8220;Vegan Vibes&#8221; en steun Djurens R\u00e4tt <\/h2>\n<p>Een A5 vel kost 11 Euro en hoe meer vellen je bestelt, hoe meer korting! Shop nu en vergeet niet om alle foto&#8217;s van deze wrijftatoeages te taggen met @likeinkse op Instagram en TikTok, we doneren 10 SEK extra per tag en delen natuurlijk ook jouw foto.<\/p>\n<p>Velgrootte: A4<br \/>\nTatoeageformaat: 3-7cm<\/p>\n","protected":false},"featured_media":60035,"template":"","meta":[],"product_brand":[],"product_cat":[54,289],"product_tag":[],"class_list":{"0":"post-17527","1":"product","2":"type-product","3":"status-publish","4":"has-post-thumbnail","6":"product_cat-kant-en-klare-vellen","7":"product_cat-liefdadigheid-nl","9":"first","10":"instock","11":"taxable","12":"shipping-taxable","13":"purchasable","14":"product-type-simple"},"yoast_head":"<!-- This site is optimized with the Yoast SEO Premium plugin v26.2 (Yoast SEO v27.4) - https:\/\/yoast.com\/product\/yoast-seo-premium-wordpress\/ -->\n<title>Vegan Vibes tatoeages waarvan de winst naar Djurens R\u00e4tt gaat.<\/title>\n<meta name=\"description\" content=\"Vegan Vibes tatoeages. Bestel nep-tatoeages &quot;Vegan Vibes&quot; en steun Djurens R\u00e4tt - Like ink\" \/>\n<meta name=\"robots\" content=\"index, follow, max-snippet:-1, max-image-preview:large, max-video-preview:-1\" \/>\n<link rel=\"canonical\" href=\"https:\/\/likeink.com\/nl\/tijdelijke-tattoo\/djurens-ratt-vegan-vibes\/\" \/>\n<meta property=\"og:locale\" content=\"nl_NL\" \/>\n<meta property=\"og:type\" content=\"article\" \/>\n<meta property=\"og:title\" content=\"Djurens R\u00e4tt Vegan Vibes\" \/>\n<meta property=\"og:description\" content=\"Tijdelijk tatoe\u00ebren ten voordele van de dieren met wrijftatoeages van ons bij Like ink! Like ink drukt stijlvolle, veganistische en allergie-geteste wrijftatoeages die nu zijn gemarkeerd met Djurens R\u00e4tts I`M VEGAN. Op dit moment hebben we een campagne samen met Djurens R\u00e4tt! 30% van de omzet van kant-en-klare vellen in de categorie Djurens R\u00e4tt in Like inks webshop gaat naar het werk van Djurens R\u00e4tt om de omstandigheden voor dieren in Zweden die het slechtst af zijn te verbeteren.   Bestel nep-tatoeages &quot;Vegan Vibes&quot; en steun Djurens R\u00e4tt   Een A5 vel kost 11 Euro en hoe meer vellen je bestelt, hoe meer korting! Shop nu en vergeet niet om alle foto&#039;s van deze wrijftatoeages te taggen met @likeinkse op Instagram en TikTok, we doneren 10 SEK extra per tag en delen natuurlijk ook jouw foto.  Velgrootte: A4 Tatoeageformaat: 3-7cm\" \/>\n<meta property=\"og:url\" content=\"https:\/\/likeink.com\/nl\/tijdelijke-tattoo\/djurens-ratt-vegan-vibes\/\" \/>\n<meta property=\"og:site_name\" content=\"Like ink\" \/>\n<meta property=\"article:publisher\" content=\"https:\/\/www.facebook.com\/LikeInkSe\" \/>\n<meta property=\"article:modified_time\" content=\"2026-03-06T08:12:36+00:00\" \/>\n<meta property=\"og:image\" content=\"https:\/\/likeink.com\/wp-content\/uploads\/2026\/03\/Vegan-TemporaryTattoos-Djurensratt-Likeink-1024x724.png\" \/>\n\t<meta property=\"og:image:width\" content=\"1024\" \/>\n\t<meta property=\"og:image:height\" content=\"724\" \/>\n\t<meta property=\"og:image:type\" content=\"image\/png\" \/>\n<meta name=\"twitter:card\" content=\"summary_large_image\" \/>\n<meta name=\"twitter:label1\" content=\"Geschatte leestijd\" \/>\n\t<meta name=\"twitter:data1\" content=\"1 minuut\" \/>\n<script type=\"application\/ld+json\" class=\"yoast-schema-graph\">{\"@context\":\"https:\\\/\\\/schema.org\",\"@graph\":[{\"@type\":\"WebPage\",\"@id\":\"https:\\\/\\\/likeink.com\\\/nl\\\/tijdelijke-tattoo\\\/djurens-ratt-vegan-vibes\\\/\",\"url\":\"https:\\\/\\\/likeink.com\\\/nl\\\/tijdelijke-tattoo\\\/djurens-ratt-vegan-vibes\\\/\",\"name\":\"Vegan Vibes tatoeages waarvan de winst naar Djurens R\u00e4tt gaat.\",\"isPartOf\":{\"@id\":\"https:\\\/\\\/likeink.com\\\/nl\\\/#website\"},\"primaryImageOfPage\":{\"@id\":\"https:\\\/\\\/likeink.com\\\/nl\\\/tijdelijke-tattoo\\\/djurens-ratt-vegan-vibes\\\/#primaryimage\"},\"image\":{\"@id\":\"https:\\\/\\\/likeink.com\\\/nl\\\/tijdelijke-tattoo\\\/djurens-ratt-vegan-vibes\\\/#primaryimage\"},\"thumbnailUrl\":\"https:\\\/\\\/likeink.com\\\/wp-content\\\/uploads\\\/2026\\\/03\\\/Vegan-TemporaryTattoos-Djurensratt-Likeink-scaled.png\",\"datePublished\":\"2023-04-21T14:02:01+00:00\",\"dateModified\":\"2026-03-06T08:12:36+00:00\",\"description\":\"Vegan Vibes tatoeages. Bestel nep-tatoeages \\\"Vegan Vibes\\\" en steun Djurens R\u00e4tt - Like ink\",\"breadcrumb\":{\"@id\":\"https:\\\/\\\/likeink.com\\\/nl\\\/tijdelijke-tattoo\\\/djurens-ratt-vegan-vibes\\\/#breadcrumb\"},\"inLanguage\":\"nl-NL\",\"potentialAction\":[{\"@type\":\"ReadAction\",\"target\":[\"https:\\\/\\\/likeink.com\\\/nl\\\/tijdelijke-tattoo\\\/djurens-ratt-vegan-vibes\\\/\"]}]},{\"@type\":\"ImageObject\",\"inLanguage\":\"nl-NL\",\"@id\":\"https:\\\/\\\/likeink.com\\\/nl\\\/tijdelijke-tattoo\\\/djurens-ratt-vegan-vibes\\\/#primaryimage\",\"url\":\"https:\\\/\\\/likeink.com\\\/wp-content\\\/uploads\\\/2026\\\/03\\\/Vegan-TemporaryTattoos-Djurensratt-Likeink-scaled.png\",\"contentUrl\":\"https:\\\/\\\/likeink.com\\\/wp-content\\\/uploads\\\/2026\\\/03\\\/Vegan-TemporaryTattoos-Djurensratt-Likeink-scaled.png\",\"width\":2560,\"height\":1811,\"caption\":\"Een collage van kleurrijke veganistische afbeeldingen, waaronder een schattige koe, fruit, groenten, hartjes, bladeren en zinnen als \\\"Vegan Vibes,\\\" \\\"Cruelty Free,\\\" \\\"Go Vegan,\\\" \\\"Plant Power,\\\" en verschillende veganistische symbolen.\"},{\"@type\":\"BreadcrumbList\",\"@id\":\"https:\\\/\\\/likeink.com\\\/nl\\\/tijdelijke-tattoo\\\/djurens-ratt-vegan-vibes\\\/#breadcrumb\",\"itemListElement\":[{\"@type\":\"ListItem\",\"position\":1,\"name\":\"Hem\",\"item\":\"https:\\\/\\\/likeink.com\\\/nl\\\/\"},{\"@type\":\"ListItem\",\"position\":2,\"name\":\"Winkel\",\"item\":\"https:\\\/\\\/likeink.com\\\/nl\\\/winkel\\\/\"},{\"@type\":\"ListItem\",\"position\":3,\"name\":\"Djurens R\u00e4tt Vegan Vibes\"}]},{\"@type\":\"WebSite\",\"@id\":\"https:\\\/\\\/likeink.com\\\/nl\\\/#website\",\"url\":\"https:\\\/\\\/likeink.com\\\/nl\\\/\",\"name\":\"Like ink\",\"description\":\"Maak je eigen tijdelijke tatoeages\",\"potentialAction\":[{\"@type\":\"SearchAction\",\"target\":{\"@type\":\"EntryPoint\",\"urlTemplate\":\"https:\\\/\\\/likeink.com\\\/nl\\\/?s={search_term_string}\"},\"query-input\":{\"@type\":\"PropertyValueSpecification\",\"valueRequired\":true,\"valueName\":\"search_term_string\"}}],\"inLanguage\":\"nl-NL\"}]}<\/script>\n<!-- \/ Yoast SEO Premium plugin. -->","yoast_head_json":{"title":"Vegan Vibes tatoeages waarvan de winst naar Djurens R\u00e4tt gaat.","description":"Vegan Vibes tatoeages. Bestel nep-tatoeages \"Vegan Vibes\" en steun Djurens R\u00e4tt - Like ink","robots":{"index":"index","follow":"follow","max-snippet":"max-snippet:-1","max-image-preview":"max-image-preview:large","max-video-preview":"max-video-preview:-1"},"canonical":"https:\/\/likeink.com\/nl\/tijdelijke-tattoo\/djurens-ratt-vegan-vibes\/","og_locale":"nl_NL","og_type":"article","og_title":"Djurens R\u00e4tt Vegan Vibes","og_description":"Tijdelijk tatoe\u00ebren ten voordele van de dieren met wrijftatoeages van ons bij Like ink! Like ink drukt stijlvolle, veganistische en allergie-geteste wrijftatoeages die nu zijn gemarkeerd met Djurens R\u00e4tts I`M VEGAN. Op dit moment hebben we een campagne samen met Djurens R\u00e4tt! 30% van de omzet van kant-en-klare vellen in de categorie Djurens R\u00e4tt in Like inks webshop gaat naar het werk van Djurens R\u00e4tt om de omstandigheden voor dieren in Zweden die het slechtst af zijn te verbeteren.   Bestel nep-tatoeages \"Vegan Vibes\" en steun Djurens R\u00e4tt   Een A5 vel kost 11 Euro en hoe meer vellen je bestelt, hoe meer korting! Shop nu en vergeet niet om alle foto's van deze wrijftatoeages te taggen met @likeinkse op Instagram en TikTok, we doneren 10 SEK extra per tag en delen natuurlijk ook jouw foto.  Velgrootte: A4 Tatoeageformaat: 3-7cm","og_url":"https:\/\/likeink.com\/nl\/tijdelijke-tattoo\/djurens-ratt-vegan-vibes\/","og_site_name":"Like ink","article_publisher":"https:\/\/www.facebook.com\/LikeInkSe","article_modified_time":"2026-03-06T08:12:36+00:00","og_image":[{"width":1024,"height":724,"url":"https:\/\/likeink.com\/wp-content\/uploads\/2026\/03\/Vegan-TemporaryTattoos-Djurensratt-Likeink-1024x724.png","type":"image\/png"}],"twitter_card":"summary_large_image","twitter_misc":{"Geschatte leestijd":"1 minuut"},"schema":{"@context":"https:\/\/schema.org","@graph":[{"@type":"WebPage","@id":"https:\/\/likeink.com\/nl\/tijdelijke-tattoo\/djurens-ratt-vegan-vibes\/","url":"https:\/\/likeink.com\/nl\/tijdelijke-tattoo\/djurens-ratt-vegan-vibes\/","name":"Vegan Vibes tatoeages waarvan de winst naar Djurens R\u00e4tt gaat.","isPartOf":{"@id":"https:\/\/likeink.com\/nl\/#website"},"primaryImageOfPage":{"@id":"https:\/\/likeink.com\/nl\/tijdelijke-tattoo\/djurens-ratt-vegan-vibes\/#primaryimage"},"image":{"@id":"https:\/\/likeink.com\/nl\/tijdelijke-tattoo\/djurens-ratt-vegan-vibes\/#primaryimage"},"thumbnailUrl":"https:\/\/likeink.com\/wp-content\/uploads\/2026\/03\/Vegan-TemporaryTattoos-Djurensratt-Likeink-scaled.png","datePublished":"2023-04-21T14:02:01+00:00","dateModified":"2026-03-06T08:12:36+00:00","description":"Vegan Vibes tatoeages. Bestel nep-tatoeages \"Vegan Vibes\" en steun Djurens R\u00e4tt - Like ink","breadcrumb":{"@id":"https:\/\/likeink.com\/nl\/tijdelijke-tattoo\/djurens-ratt-vegan-vibes\/#breadcrumb"},"inLanguage":"nl-NL","potentialAction":[{"@type":"ReadAction","target":["https:\/\/likeink.com\/nl\/tijdelijke-tattoo\/djurens-ratt-vegan-vibes\/"]}]},{"@type":"ImageObject","inLanguage":"nl-NL","@id":"https:\/\/likeink.com\/nl\/tijdelijke-tattoo\/djurens-ratt-vegan-vibes\/#primaryimage","url":"https:\/\/likeink.com\/wp-content\/uploads\/2026\/03\/Vegan-TemporaryTattoos-Djurensratt-Likeink-scaled.png","contentUrl":"https:\/\/likeink.com\/wp-content\/uploads\/2026\/03\/Vegan-TemporaryTattoos-Djurensratt-Likeink-scaled.png","width":2560,"height":1811,"caption":"Een collage van kleurrijke veganistische afbeeldingen, waaronder een schattige koe, fruit, groenten, hartjes, bladeren en zinnen als \"Vegan Vibes,\" \"Cruelty Free,\" \"Go Vegan,\" \"Plant Power,\" en verschillende veganistische symbolen."},{"@type":"BreadcrumbList","@id":"https:\/\/likeink.com\/nl\/tijdelijke-tattoo\/djurens-ratt-vegan-vibes\/#breadcrumb","itemListElement":[{"@type":"ListItem","position":1,"name":"Hem","item":"https:\/\/likeink.com\/nl\/"},{"@type":"ListItem","position":2,"name":"Winkel","item":"https:\/\/likeink.com\/nl\/winkel\/"},{"@type":"ListItem","position":3,"name":"Djurens R\u00e4tt Vegan Vibes"}]},{"@type":"WebSite","@id":"https:\/\/likeink.com\/nl\/#website","url":"https:\/\/likeink.com\/nl\/","name":"Like ink","description":"Maak je eigen tijdelijke tatoeages","potentialAction":[{"@type":"SearchAction","target":{"@type":"EntryPoint","urlTemplate":"https:\/\/likeink.com\/nl\/?s={search_term_string}"},"query-input":{"@type":"PropertyValueSpecification","valueRequired":true,"valueName":"search_term_string"}}],"inLanguage":"nl-NL"}]}},"_links":{"self":[{"href":"https:\/\/likeink.com\/nl\/wp-json\/wp\/v2\/product\/17527","targetHints":{"allow":["GET"]}}],"collection":[{"href":"https:\/\/likeink.com\/nl\/wp-json\/wp\/v2\/product"}],"about":[{"href":"https:\/\/likeink.com\/nl\/wp-json\/wp\/v2\/types\/product"}],"wp:featuredmedia":[{"embeddable":true,"href":"https:\/\/likeink.com\/nl\/wp-json\/wp\/v2\/media\/60035"}],"wp:attachment":[{"href":"https:\/\/likeink.com\/nl\/wp-json\/wp\/v2\/media?parent=17527"}],"wp:term":[{"taxonomy":"product_brand","embeddable":true,"href":"https:\/\/likeink.com\/nl\/wp-json\/wp\/v2\/product_brand?post=17527"},{"taxonomy":"product_cat","embeddable":true,"href":"https:\/\/likeink.com\/nl\/wp-json\/wp\/v2\/product_cat?post=17527"},{"taxonomy":"product_tag","embeddable":true,"href":"https:\/\/likeink.com\/nl\/wp-json\/wp\/v2\/product_tag?post=17527"}],"curies":[{"name":"wp","href":"https:\/\/api.w.org\/{rel}","templated":true}]}}