{"id":17539,"date":"2023-04-20T14:21:23","date_gmt":"2023-04-20T14:21:23","guid":{"rendered":"https:\/\/likeink.se\/gnuggis\/djurens-ratt-illustrations-by-nathalie-anna-gill\/"},"modified":"2024-02-14T15:51:33","modified_gmt":"2024-02-14T15:51:33","slug":"djurens-ratt-illustrations-by-nathalie-anna-gill","status":"publish","type":"product","link":"https:\/\/likeink.com\/nl\/tijdelijke-tattoo\/djurens-ratt-illustrations-by-nathalie-anna-gill\/","title":{"rendered":"Djurens R\u00e4tt Illustrations by Nathalie Anna Gill"},"content":{"rendered":"","protected":false},"excerpt":{"rendered":"<p>Tijdelijk tatoe\u00ebren ten voordele van de dieren met wrijftatoeages van ons bij Like ink!<br \/>\nLike ink drukt stijlvolle, veganistische en allergie-geteste wrijftatoeages die nu zijn gemarkeerd met Djurens R\u00e4tts I`M VEGAN.<br \/>\nOp dit moment hebben we een campagne samen met Djurens R\u00e4tt! 30% van de omzet van kant-en-klare vellen in de categorie Djurens R\u00e4tt in Like inks webshop gaat naar het werk van Djurens R\u00e4tt om de omstandigheden voor dieren in Zweden die het slechtst af zijn te verbeteren.<\/p>\n<h2> Bestel nep-tatoeages ontworpen door illustratrice Nathalie Anna Gill en doneer tegelijkertijd geld aan liefdadigheid <\/h2>\n<p>Een A5 vel kost 11 Euro en hoe meer vellen je bestelt, hoe meer korting! Shop nu en vergeet niet om alle foto&#8217;s van deze wrijftatoeages te taggen met @likeinkse op Instagram en TikTok, we doneren 10 SEK extra per tag en delen natuurlijk ook jouw foto.<\/p>\n<p><strong>Woorden van de illustrator:<\/strong> Dierenmotieven en afbeeldingen van dieren zijn iets wat veel mensen interesseert en leuk vinden om naar te kijken, dus ik heb genoten van elk moment toen ik op zoek was naar inspiratie voor mijn tatoeageontwerpen in samenwerking met Djurens R\u00e4tt.<br \/>\nAlle uren resulteerden in een paar favorieten die ik wilde schetsen met mijn eigen twist, en in sommige gevallen werden de resultaten net zo gek als ik wilde! Enkele dieren kregen accessoires om hun persoonlijkheden uit te drukken en mijn persoonlijke favoriet is de coole eend op een skateboard, omdat je zou kunnen denken dat het verzonnen is, terwijl het in werkelijkheid ECHT een echte foto is van een eendenkuiken op een skateboard!<br \/>\nMijn stijl is meestal minimalistisch met strakke en eenvoudige lijnen die toch veel uitdrukken. En ik vind dat het eigenlijk de eenvoud is die het geheel maakt. In deze samenwerking was het voldoende om met kleine middelen te werken om creatieve resultaten te bereiken, waarbij de samenwerking tussen mij als kunstenaar, Like Ink en Djurens R\u00e4tt ons allemaal in staat stelt om bij te dragen en iets te ondersteunen waar we allemaal voor staan &#8211; Dierenrechten.<br \/>\n\/\/ Nathalie Anna Gill | Illustrator<\/p>\n<p>Velgrootte: A5<br \/>\nTatoeageformaat: 1-8 cm<\/p>\n","protected":false},"featured_media":17023,"template":"","meta":[],"product_brand":[],"product_cat":[521,54,538,502],"product_tag":[],"class_list":{"0":"post-17539","1":"product","2":"type-product","3":"status-publish","4":"has-post-thumbnail","6":"product_cat-dieren-natuur","7":"product_cat-kant-en-klare-vellen","8":"product_cat-samenwerkingen-met-bedrijven","9":"product_cat-samenwerkingen-met-tatoeeerders-nl","11":"first","12":"instock","13":"taxable","14":"shipping-taxable","15":"purchasable","16":"product-type-simple"},"yoast_head":"<!-- This site is optimized with the Yoast SEO Premium plugin v26.2 (Yoast SEO v27.5) - https:\/\/yoast.com\/product\/yoast-seo-premium-wordpress\/ -->\n<title>Nathalie Anna Gill nep-tatoeages - Like ink<\/title>\n<meta name=\"description\" content=\"Bestel nep-tatoeages ontworpen door illustratrice Nathalie Anna Gill en doneer tegelijkertijd geld aan liefdadigheid - Like ink\" \/>\n<meta name=\"robots\" content=\"index, follow, max-snippet:-1, max-image-preview:large, max-video-preview:-1\" \/>\n<link rel=\"canonical\" href=\"https:\/\/likeink.com\/nl\/tijdelijke-tattoo\/djurens-ratt-illustrations-by-nathalie-anna-gill\/\" \/>\n<meta property=\"og:locale\" content=\"nl_NL\" \/>\n<meta property=\"og:type\" content=\"article\" \/>\n<meta property=\"og:title\" content=\"Djurens R\u00e4tt Illustrations by Nathalie Anna Gill\" \/>\n<meta property=\"og:description\" content=\"Tijdelijk tatoe\u00ebren ten voordele van de dieren met wrijftatoeages van ons bij Like ink! Like ink drukt stijlvolle, veganistische en allergie-geteste wrijftatoeages die nu zijn gemarkeerd met Djurens R\u00e4tts I`M VEGAN. Op dit moment hebben we een campagne samen met Djurens R\u00e4tt! 30% van de omzet van kant-en-klare vellen in de categorie Djurens R\u00e4tt in Like inks webshop gaat naar het werk van Djurens R\u00e4tt om de omstandigheden voor dieren in Zweden die het slechtst af zijn te verbeteren.   Bestel nep-tatoeages ontworpen door illustratrice Nathalie Anna Gill en doneer tegelijkertijd geld aan liefdadigheid   Een A5 vel kost 11 Euro en hoe meer vellen je bestelt, hoe meer korting! Shop nu en vergeet niet om alle foto&#039;s van deze wrijftatoeages te taggen met @likeinkse op Instagram en TikTok, we doneren 10 SEK extra per tag en delen natuurlijk ook jouw foto.  Woorden van de illustrator: Dierenmotieven en afbeeldingen van dieren zijn iets wat veel mensen interesseert en leuk vinden om naar te kijken, dus ik heb genoten van elk moment toen ik op zoek was naar inspiratie voor mijn tatoeageontwerpen in samenwerking met Djurens R\u00e4tt. Alle uren resulteerden in een paar favorieten die ik wilde schetsen met mijn eigen twist, en in sommige gevallen werden de resultaten net zo gek als ik wilde! Enkele dieren kregen accessoires om hun persoonlijkheden uit te drukken en mijn persoonlijke favoriet is de coole eend op een skateboard, omdat je zou kunnen denken dat het verzonnen is, terwijl het in werkelijkheid ECHT een echte foto is van een eendenkuiken op een skateboard! Mijn stijl is meestal minimalistisch met strakke en eenvoudige lijnen die toch veel uitdrukken. En ik vind dat het eigenlijk de eenvoud is die het geheel maakt. In deze samenwerking was het voldoende om met kleine middelen te werken om creatieve resultaten te bereiken, waarbij de samenwerking tussen mij als kunstenaar, Like Ink en Djurens R\u00e4tt ons allemaal in staat stelt om bij te dragen en iets te ondersteunen waar we allemaal voor staan - Dierenrechten. \/\/ Nathalie Anna Gill | Illustrator  Velgrootte: A5 Tatoeageformaat: 1-8 cm\" \/>\n<meta property=\"og:url\" content=\"https:\/\/likeink.com\/nl\/tijdelijke-tattoo\/djurens-ratt-illustrations-by-nathalie-anna-gill\/\" \/>\n<meta property=\"og:site_name\" content=\"Like ink\" \/>\n<meta property=\"article:publisher\" content=\"https:\/\/www.facebook.com\/LikeInkSe\" \/>\n<meta property=\"article:modified_time\" content=\"2024-02-14T15:51:33+00:00\" \/>\n<meta property=\"og:image\" content=\"https:\/\/likeink.com\/wp-content\/uploads\/2023\/04\/DjurensRatt-AnnaNathalieGill-design-Likeink.png\" \/>\n\t<meta property=\"og:image:width\" content=\"500\" \/>\n\t<meta property=\"og:image:height\" content=\"352\" \/>\n\t<meta property=\"og:image:type\" content=\"image\/png\" \/>\n<meta name=\"twitter:card\" content=\"summary_large_image\" \/>\n<!-- \/ Yoast SEO Premium plugin. -->","yoast_head_json":{"title":"Nathalie Anna Gill nep-tatoeages - Like ink","description":"Bestel nep-tatoeages ontworpen door illustratrice Nathalie Anna Gill en doneer tegelijkertijd geld aan liefdadigheid - Like ink","robots":{"index":"index","follow":"follow","max-snippet":"max-snippet:-1","max-image-preview":"max-image-preview:large","max-video-preview":"max-video-preview:-1"},"canonical":"https:\/\/likeink.com\/nl\/tijdelijke-tattoo\/djurens-ratt-illustrations-by-nathalie-anna-gill\/","og_locale":"nl_NL","og_type":"article","og_title":"Djurens R\u00e4tt Illustrations by Nathalie Anna Gill","og_description":"Tijdelijk tatoe\u00ebren ten voordele van de dieren met wrijftatoeages van ons bij Like ink! Like ink drukt stijlvolle, veganistische en allergie-geteste wrijftatoeages die nu zijn gemarkeerd met Djurens R\u00e4tts I`M VEGAN. Op dit moment hebben we een campagne samen met Djurens R\u00e4tt! 30% van de omzet van kant-en-klare vellen in de categorie Djurens R\u00e4tt in Like inks webshop gaat naar het werk van Djurens R\u00e4tt om de omstandigheden voor dieren in Zweden die het slechtst af zijn te verbeteren.   Bestel nep-tatoeages ontworpen door illustratrice Nathalie Anna Gill en doneer tegelijkertijd geld aan liefdadigheid   Een A5 vel kost 11 Euro en hoe meer vellen je bestelt, hoe meer korting! Shop nu en vergeet niet om alle foto's van deze wrijftatoeages te taggen met @likeinkse op Instagram en TikTok, we doneren 10 SEK extra per tag en delen natuurlijk ook jouw foto.  Woorden van de illustrator: Dierenmotieven en afbeeldingen van dieren zijn iets wat veel mensen interesseert en leuk vinden om naar te kijken, dus ik heb genoten van elk moment toen ik op zoek was naar inspiratie voor mijn tatoeageontwerpen in samenwerking met Djurens R\u00e4tt. Alle uren resulteerden in een paar favorieten die ik wilde schetsen met mijn eigen twist, en in sommige gevallen werden de resultaten net zo gek als ik wilde! Enkele dieren kregen accessoires om hun persoonlijkheden uit te drukken en mijn persoonlijke favoriet is de coole eend op een skateboard, omdat je zou kunnen denken dat het verzonnen is, terwijl het in werkelijkheid ECHT een echte foto is van een eendenkuiken op een skateboard! Mijn stijl is meestal minimalistisch met strakke en eenvoudige lijnen die toch veel uitdrukken. En ik vind dat het eigenlijk de eenvoud is die het geheel maakt. In deze samenwerking was het voldoende om met kleine middelen te werken om creatieve resultaten te bereiken, waarbij de samenwerking tussen mij als kunstenaar, Like Ink en Djurens R\u00e4tt ons allemaal in staat stelt om bij te dragen en iets te ondersteunen waar we allemaal voor staan - Dierenrechten. \/\/ Nathalie Anna Gill | Illustrator  Velgrootte: A5 Tatoeageformaat: 1-8 cm","og_url":"https:\/\/likeink.com\/nl\/tijdelijke-tattoo\/djurens-ratt-illustrations-by-nathalie-anna-gill\/","og_site_name":"Like ink","article_publisher":"https:\/\/www.facebook.com\/LikeInkSe","article_modified_time":"2024-02-14T15:51:33+00:00","og_image":[{"width":500,"height":352,"url":"https:\/\/likeink.com\/wp-content\/uploads\/2023\/04\/DjurensRatt-AnnaNathalieGill-design-Likeink.png","type":"image\/png"}],"twitter_card":"summary_large_image","schema":{"@context":"https:\/\/schema.org","@graph":[{"@type":"WebPage","@id":"https:\/\/likeink.com\/nl\/tijdelijke-tattoo\/djurens-ratt-illustrations-by-nathalie-anna-gill\/","url":"https:\/\/likeink.com\/nl\/tijdelijke-tattoo\/djurens-ratt-illustrations-by-nathalie-anna-gill\/","name":"Nathalie Anna Gill nep-tatoeages - Like ink","isPartOf":{"@id":"https:\/\/likeink.com\/nl\/#website"},"primaryImageOfPage":{"@id":"https:\/\/likeink.com\/nl\/tijdelijke-tattoo\/djurens-ratt-illustrations-by-nathalie-anna-gill\/#primaryimage"},"image":{"@id":"https:\/\/likeink.com\/nl\/tijdelijke-tattoo\/djurens-ratt-illustrations-by-nathalie-anna-gill\/#primaryimage"},"thumbnailUrl":"https:\/\/likeink.com\/wp-content\/uploads\/2023\/04\/DjurensRatt-AnnaNathalieGill-design-Likeink.png","datePublished":"2023-04-20T14:21:23+00:00","dateModified":"2024-02-14T15:51:33+00:00","description":"Bestel nep-tatoeages ontworpen door illustratrice Nathalie Anna Gill en doneer tegelijkertijd geld aan liefdadigheid - Like ink","breadcrumb":{"@id":"https:\/\/likeink.com\/nl\/tijdelijke-tattoo\/djurens-ratt-illustrations-by-nathalie-anna-gill\/#breadcrumb"},"inLanguage":"nl-NL","potentialAction":[{"@type":"ReadAction","target":["https:\/\/likeink.com\/nl\/tijdelijke-tattoo\/djurens-ratt-illustrations-by-nathalie-anna-gill\/"]}]},{"@type":"ImageObject","inLanguage":"nl-NL","@id":"https:\/\/likeink.com\/nl\/tijdelijke-tattoo\/djurens-ratt-illustrations-by-nathalie-anna-gill\/#primaryimage","url":"https:\/\/likeink.com\/wp-content\/uploads\/2023\/04\/DjurensRatt-AnnaNathalieGill-design-Likeink.png","contentUrl":"https:\/\/likeink.com\/wp-content\/uploads\/2023\/04\/DjurensRatt-AnnaNathalieGill-design-Likeink.png","width":500,"height":352,"caption":"Gnuggis-tatueringar i samarbete med Djurens R\u00e4tt."},{"@type":"BreadcrumbList","@id":"https:\/\/likeink.com\/nl\/tijdelijke-tattoo\/djurens-ratt-illustrations-by-nathalie-anna-gill\/#breadcrumb","itemListElement":[{"@type":"ListItem","position":1,"name":"Hem","item":"https:\/\/likeink.com\/nl\/"},{"@type":"ListItem","position":2,"name":"Winkel","item":"https:\/\/likeink.com\/nl\/winkel\/"},{"@type":"ListItem","position":3,"name":"Djurens R\u00e4tt Illustrations by Nathalie Anna Gill"}]},{"@type":"WebSite","@id":"https:\/\/likeink.com\/nl\/#website","url":"https:\/\/likeink.com\/nl\/","name":"Like ink","description":"Maak je eigen tijdelijke tatoeages","potentialAction":[{"@type":"SearchAction","target":{"@type":"EntryPoint","urlTemplate":"https:\/\/likeink.com\/nl\/?s={search_term_string}"},"query-input":{"@type":"PropertyValueSpecification","valueRequired":true,"valueName":"search_term_string"}}],"inLanguage":"nl-NL"}]}},"_links":{"self":[{"href":"https:\/\/likeink.com\/nl\/wp-json\/wp\/v2\/product\/17539","targetHints":{"allow":["GET"]}}],"collection":[{"href":"https:\/\/likeink.com\/nl\/wp-json\/wp\/v2\/product"}],"about":[{"href":"https:\/\/likeink.com\/nl\/wp-json\/wp\/v2\/types\/product"}],"wp:featuredmedia":[{"embeddable":true,"href":"https:\/\/likeink.com\/nl\/wp-json\/wp\/v2\/media\/17023"}],"wp:attachment":[{"href":"https:\/\/likeink.com\/nl\/wp-json\/wp\/v2\/media?parent=17539"}],"wp:term":[{"taxonomy":"product_brand","embeddable":true,"href":"https:\/\/likeink.com\/nl\/wp-json\/wp\/v2\/product_brand?post=17539"},{"taxonomy":"product_cat","embeddable":true,"href":"https:\/\/likeink.com\/nl\/wp-json\/wp\/v2\/product_cat?post=17539"},{"taxonomy":"product_tag","embeddable":true,"href":"https:\/\/likeink.com\/nl\/wp-json\/wp\/v2\/product_tag?post=17539"}],"curies":[{"name":"wp","href":"https:\/\/api.w.org\/{rel}","templated":true}]}}