{"id":17723,"date":"2023-05-02T15:17:52","date_gmt":"2023-05-02T15:17:52","guid":{"rendered":"https:\/\/likeink.se\/gnuggis\/old-school-orm-tatuering-a5-ark\/"},"modified":"2026-03-16T21:58:04","modified_gmt":"2026-03-16T21:58:04","slug":"oude-school-slang-tattoo","status":"publish","type":"product","link":"https:\/\/likeink.com\/nl\/tijdelijke-tattoo\/oude-school-slang-tattoo\/","title":{"rendered":"Oude school slang tattoo"},"content":{"rendered":"","protected":false},"excerpt":{"rendered":"<p>Onze vellen met nep-tatoeages zijn 20&#215;14 cm groot en dit vel is gevuld met slangen in verschillende combinaties in een echte old school tatoeagestijl. Wij printen en verzenden uw bestelling binnen 24 uur!<br \/>\nHier krijg je tatoeage-ontwerpen van slangen, bloemen en schedels in prachtige matte kleuren.<\/p>\n<h2>Bestel nep-tatoeages met slangen in old school stijl<\/h2>\n<p><strong>Wat betekent een slangen-tatoeage?<\/strong><br \/>\nSlangen hebben een lange geschiedenis en komen voor in veel culturen en mythologie\u00ebn over de hele wereld, en daarom kan hun symboliek vari\u00ebren.<br \/>\nIn sommige culturen en mythologie\u00ebn wordt de slang gezien als een symbool van geboorte, dood en wedergeboorte, omdat het zijn huid afwerpt en een vernieuwingsproces ondergaat. De slang kan ook wijsheid, genezing en transformatie vertegenwoordigen. In de Griekse mythologie werd Asklepios, de god van de geneeskunde en genezing, vaak afgebeeld met een slang om zijn staf gewikkeld.<br \/>\nIn andere culturen kunnen slangen verleiding en zonde symboliseren, zoals in het verhaal van Adam en Eva in de Bijbel, waar de slang Eva verleidt om de verboden vrucht te eten.<br \/>\nAls tatoeage kan een slang veel verschillende dingen betekenen, afhankelijk van de drager en de persoonlijke betekenis ervan. Het kan verandering, genezing, wijsheid, creativiteit of het overwinnen van uitdagingen en tegenspoed vertegenwoordigen. Het is belangrijk om in gedachten te houden dat slangen-tatoeages verschillend kunnen worden ge\u00efnterpreteerd, afhankelijk van hun ontwerp en de context waarin ze worden gebruikt.<\/p>\n<p>Alle nep-tatoeages van ons bij Like ink zijn gemaakt in Zweden en zijn eenvoudig aan te brengen en af te wassen. De tatoeages zien er geweldig uit, zijn veganistisch en allergievriendelijk.<\/p>\n<p>Velgrootte: A5<br \/>\nAantal tatoeages: 7<br \/>\nAfmetingen tatoeages: 3-12 cm + tranen 1 cm<\/p>\n","protected":false},"featured_media":17590,"template":"","meta":[],"product_brand":[],"product_cat":[521,54,508],"product_tag":[],"class_list":{"0":"post-17723","1":"product","2":"type-product","3":"status-publish","4":"has-post-thumbnail","6":"product_cat-dieren-natuur","7":"product_cat-kant-en-klare-vellen","8":"product_cat-old-school-retro-nl","10":"first","11":"instock","12":"taxable","13":"shipping-taxable","14":"purchasable","15":"product-type-simple"},"yoast_head":"<!-- This site is optimized with the Yoast SEO Premium plugin v26.2 (Yoast SEO v27.5) - https:\/\/yoast.com\/product\/yoast-seo-premium-wordpress\/ -->\n<title>Oude school slang tattoo A5 I Fake tattoo - Like ink<\/title>\n<meta name=\"description\" content=\"Oude school slang tattoo in mooie kleuren! Slang, schedel en bloem! Gratis verzending en snelle levering! - Like ink\" \/>\n<meta name=\"robots\" content=\"index, follow, max-snippet:-1, max-image-preview:large, max-video-preview:-1\" \/>\n<link rel=\"canonical\" href=\"https:\/\/likeink.com\/nl\/tijdelijke-tattoo\/oude-school-slang-tattoo\/\" \/>\n<meta property=\"og:locale\" content=\"nl_NL\" \/>\n<meta property=\"og:type\" content=\"article\" \/>\n<meta property=\"og:title\" content=\"Oude school slang tattoo\" \/>\n<meta property=\"og:description\" content=\"Onze vellen met nep-tatoeages zijn 20x14 cm groot en dit vel is gevuld met slangen in verschillende combinaties in een echte old school tatoeagestijl. Wij printen en verzenden uw bestelling binnen 24 uur! Hier krijg je tatoeage-ontwerpen van slangen, bloemen en schedels in prachtige matte kleuren.  Bestel nep-tatoeages met slangen in old school stijl  Wat betekent een slangen-tatoeage? Slangen hebben een lange geschiedenis en komen voor in veel culturen en mythologie\u00ebn over de hele wereld, en daarom kan hun symboliek vari\u00ebren. In sommige culturen en mythologie\u00ebn wordt de slang gezien als een symbool van geboorte, dood en wedergeboorte, omdat het zijn huid afwerpt en een vernieuwingsproces ondergaat. De slang kan ook wijsheid, genezing en transformatie vertegenwoordigen. In de Griekse mythologie werd Asklepios, de god van de geneeskunde en genezing, vaak afgebeeld met een slang om zijn staf gewikkeld. In andere culturen kunnen slangen verleiding en zonde symboliseren, zoals in het verhaal van Adam en Eva in de Bijbel, waar de slang Eva verleidt om de verboden vrucht te eten. Als tatoeage kan een slang veel verschillende dingen betekenen, afhankelijk van de drager en de persoonlijke betekenis ervan. Het kan verandering, genezing, wijsheid, creativiteit of het overwinnen van uitdagingen en tegenspoed vertegenwoordigen. Het is belangrijk om in gedachten te houden dat slangen-tatoeages verschillend kunnen worden ge\u00efnterpreteerd, afhankelijk van hun ontwerp en de context waarin ze worden gebruikt.  Alle nep-tatoeages van ons bij Like ink zijn gemaakt in Zweden en zijn eenvoudig aan te brengen en af te wassen. De tatoeages zien er geweldig uit, zijn veganistisch en allergievriendelijk.  Velgrootte: A5 Aantal tatoeages: 7 Afmetingen tatoeages: 3-12 cm + tranen 1 cm\" \/>\n<meta property=\"og:url\" content=\"https:\/\/likeink.com\/nl\/tijdelijke-tattoo\/oude-school-slang-tattoo\/\" \/>\n<meta property=\"og:site_name\" content=\"Like ink\" \/>\n<meta property=\"article:publisher\" content=\"https:\/\/www.facebook.com\/LikeInkSe\" \/>\n<meta property=\"article:modified_time\" content=\"2026-03-16T21:58:04+00:00\" \/>\n<meta property=\"og:image\" content=\"https:\/\/likeink.com\/wp-content\/uploads\/2023\/05\/Oldschool-snake-tattoos-Likeink.jpg\" \/>\n\t<meta property=\"og:image:width\" content=\"1200\" \/>\n\t<meta property=\"og:image:height\" content=\"845\" \/>\n\t<meta property=\"og:image:type\" content=\"image\/jpeg\" \/>\n<meta name=\"twitter:card\" content=\"summary_large_image\" \/>\n<!-- \/ Yoast SEO Premium plugin. -->","yoast_head_json":{"title":"Oude school slang tattoo A5 I Fake tattoo - Like ink","description":"Oude school slang tattoo in mooie kleuren! Slang, schedel en bloem! Gratis verzending en snelle levering! - Like ink","robots":{"index":"index","follow":"follow","max-snippet":"max-snippet:-1","max-image-preview":"max-image-preview:large","max-video-preview":"max-video-preview:-1"},"canonical":"https:\/\/likeink.com\/nl\/tijdelijke-tattoo\/oude-school-slang-tattoo\/","og_locale":"nl_NL","og_type":"article","og_title":"Oude school slang tattoo","og_description":"Onze vellen met nep-tatoeages zijn 20x14 cm groot en dit vel is gevuld met slangen in verschillende combinaties in een echte old school tatoeagestijl. Wij printen en verzenden uw bestelling binnen 24 uur! Hier krijg je tatoeage-ontwerpen van slangen, bloemen en schedels in prachtige matte kleuren.  Bestel nep-tatoeages met slangen in old school stijl  Wat betekent een slangen-tatoeage? Slangen hebben een lange geschiedenis en komen voor in veel culturen en mythologie\u00ebn over de hele wereld, en daarom kan hun symboliek vari\u00ebren. In sommige culturen en mythologie\u00ebn wordt de slang gezien als een symbool van geboorte, dood en wedergeboorte, omdat het zijn huid afwerpt en een vernieuwingsproces ondergaat. De slang kan ook wijsheid, genezing en transformatie vertegenwoordigen. In de Griekse mythologie werd Asklepios, de god van de geneeskunde en genezing, vaak afgebeeld met een slang om zijn staf gewikkeld. In andere culturen kunnen slangen verleiding en zonde symboliseren, zoals in het verhaal van Adam en Eva in de Bijbel, waar de slang Eva verleidt om de verboden vrucht te eten. Als tatoeage kan een slang veel verschillende dingen betekenen, afhankelijk van de drager en de persoonlijke betekenis ervan. Het kan verandering, genezing, wijsheid, creativiteit of het overwinnen van uitdagingen en tegenspoed vertegenwoordigen. Het is belangrijk om in gedachten te houden dat slangen-tatoeages verschillend kunnen worden ge\u00efnterpreteerd, afhankelijk van hun ontwerp en de context waarin ze worden gebruikt.  Alle nep-tatoeages van ons bij Like ink zijn gemaakt in Zweden en zijn eenvoudig aan te brengen en af te wassen. De tatoeages zien er geweldig uit, zijn veganistisch en allergievriendelijk.  Velgrootte: A5 Aantal tatoeages: 7 Afmetingen tatoeages: 3-12 cm + tranen 1 cm","og_url":"https:\/\/likeink.com\/nl\/tijdelijke-tattoo\/oude-school-slang-tattoo\/","og_site_name":"Like ink","article_publisher":"https:\/\/www.facebook.com\/LikeInkSe","article_modified_time":"2026-03-16T21:58:04+00:00","og_image":[{"width":1200,"height":845,"url":"https:\/\/likeink.com\/wp-content\/uploads\/2023\/05\/Oldschool-snake-tattoos-Likeink.jpg","type":"image\/jpeg"}],"twitter_card":"summary_large_image","schema":{"@context":"https:\/\/schema.org","@graph":[{"@type":"WebPage","@id":"https:\/\/likeink.com\/nl\/tijdelijke-tattoo\/oude-school-slang-tattoo\/","url":"https:\/\/likeink.com\/nl\/tijdelijke-tattoo\/oude-school-slang-tattoo\/","name":"Oude school slang tattoo A5 I Fake tattoo - Like ink","isPartOf":{"@id":"https:\/\/likeink.com\/nl\/#website"},"primaryImageOfPage":{"@id":"https:\/\/likeink.com\/nl\/tijdelijke-tattoo\/oude-school-slang-tattoo\/#primaryimage"},"image":{"@id":"https:\/\/likeink.com\/nl\/tijdelijke-tattoo\/oude-school-slang-tattoo\/#primaryimage"},"thumbnailUrl":"https:\/\/likeink.com\/wp-content\/uploads\/2023\/05\/Oldschool-snake-tattoos-Likeink.jpg","datePublished":"2023-05-02T15:17:52+00:00","dateModified":"2026-03-16T21:58:04+00:00","description":"Oude school slang tattoo in mooie kleuren! Slang, schedel en bloem! Gratis verzending en snelle levering! - Like ink","breadcrumb":{"@id":"https:\/\/likeink.com\/nl\/tijdelijke-tattoo\/oude-school-slang-tattoo\/#breadcrumb"},"inLanguage":"nl-NL","potentialAction":[{"@type":"ReadAction","target":["https:\/\/likeink.com\/nl\/tijdelijke-tattoo\/oude-school-slang-tattoo\/"]}]},{"@type":"ImageObject","inLanguage":"nl-NL","@id":"https:\/\/likeink.com\/nl\/tijdelijke-tattoo\/oude-school-slang-tattoo\/#primaryimage","url":"https:\/\/likeink.com\/wp-content\/uploads\/2023\/05\/Oldschool-snake-tattoos-Likeink.jpg","contentUrl":"https:\/\/likeink.com\/wp-content\/uploads\/2023\/05\/Oldschool-snake-tattoos-Likeink.jpg","width":1200,"height":845,"caption":"Oldschool snake tattoo sheet"},{"@type":"BreadcrumbList","@id":"https:\/\/likeink.com\/nl\/tijdelijke-tattoo\/oude-school-slang-tattoo\/#breadcrumb","itemListElement":[{"@type":"ListItem","position":1,"name":"Hem","item":"https:\/\/likeink.com\/nl\/"},{"@type":"ListItem","position":2,"name":"Winkel","item":"https:\/\/likeink.com\/nl\/winkel\/"},{"@type":"ListItem","position":3,"name":"Oude school slang tattoo"}]},{"@type":"WebSite","@id":"https:\/\/likeink.com\/nl\/#website","url":"https:\/\/likeink.com\/nl\/","name":"Like ink","description":"Maak je eigen tijdelijke tatoeages","potentialAction":[{"@type":"SearchAction","target":{"@type":"EntryPoint","urlTemplate":"https:\/\/likeink.com\/nl\/?s={search_term_string}"},"query-input":{"@type":"PropertyValueSpecification","valueRequired":true,"valueName":"search_term_string"}}],"inLanguage":"nl-NL"}]}},"_links":{"self":[{"href":"https:\/\/likeink.com\/nl\/wp-json\/wp\/v2\/product\/17723","targetHints":{"allow":["GET"]}}],"collection":[{"href":"https:\/\/likeink.com\/nl\/wp-json\/wp\/v2\/product"}],"about":[{"href":"https:\/\/likeink.com\/nl\/wp-json\/wp\/v2\/types\/product"}],"wp:featuredmedia":[{"embeddable":true,"href":"https:\/\/likeink.com\/nl\/wp-json\/wp\/v2\/media\/17590"}],"wp:attachment":[{"href":"https:\/\/likeink.com\/nl\/wp-json\/wp\/v2\/media?parent=17723"}],"wp:term":[{"taxonomy":"product_brand","embeddable":true,"href":"https:\/\/likeink.com\/nl\/wp-json\/wp\/v2\/product_brand?post=17723"},{"taxonomy":"product_cat","embeddable":true,"href":"https:\/\/likeink.com\/nl\/wp-json\/wp\/v2\/product_cat?post=17723"},{"taxonomy":"product_tag","embeddable":true,"href":"https:\/\/likeink.com\/nl\/wp-json\/wp\/v2\/product_tag?post=17723"}],"curies":[{"name":"wp","href":"https:\/\/api.w.org\/{rel}","templated":true}]}}