{"id":18360,"date":"2023-05-25T13:31:18","date_gmt":"2023-05-25T13:31:18","guid":{"rendered":"https:\/\/likeink.se\/gnuggis\/6-kanda-viking-symboler\/"},"modified":"2026-03-16T21:58:27","modified_gmt":"2026-03-16T21:58:27","slug":"6-bekende-viking-symbolen","status":"publish","type":"product","link":"https:\/\/likeink.com\/nl\/tijdelijke-tattoo\/6-bekende-viking-symbolen\/","title":{"rendered":"6 bekende Viking-symbolen"},"content":{"rendered":"","protected":false},"excerpt":{"rendered":"<p>Bestel nep-tatoeages van 6 bekende Viking-symbolen! Leuk voor het Viking-feest of om een potenti\u00eble tatoeage uit te proberen.<\/p>\n<p>Hieronder beschrijven we de betekenis ervan.<br \/>\nDe <strong>Valknut<\/strong>, ook bekend onder verschillende namen zoals <strong>Odins knoop<\/strong>, Hrungnirs hart, de knoop van de gedode krijger en het hart van Vala, is zonder twijfel een van de meest prominente en geliefde Viking-symbolen. Het heeft een diepe betekenis als een symbool dat geassocieerd wordt met Odin, de machtige Noorse god.<br \/>\n<strong>Yggdrasil, de Boom des Levens<\/strong>, heeft grote betekenis zowel als een prominent Viking-symbool als een essentieel element van het Noorse geloof. Volgens de Noorse mythologie is Yggdrasil de majestueuze boom die dienstdoet als kosmische verbinding tussen de negen werelden, waaronder Asgard, Midgard, Muspelheim, Jotunheim, Vanaheim, Niflheim, Alfheim, Svartalfheim en Helheim.<br \/>\n<strong>Aegishjalmr<\/strong>, ook bekend als de Helm van Angst en Verschrikking, is een ander Viking-symbool dat bescherming vertegenwoordigt. Het is een runestaf gevormd door de Oud-Noorse woorden &#8220;aegis&#8221;, wat schild betekent, en &#8220;hjalmr&#8221;, wat helm betekent.<br \/>\nDe <strong>Viking-kompas<\/strong>, ook bekend als het Runen-kompas of Vegvisir, wordt vaak geassocieerd met Aegishjalmr vanwege hun gelijkenis. Het is een Viking-symbool bestaande uit verstrengelde runestaven en wordt geassocieerd met begeleiding.<br \/>\n<strong>Odins Driehoorn<\/strong>, ook bekend als de Hoorn Triskelion, is een Viking-symbool dat de drie hoorns vertegenwoordigt in de mythe van Odins zoektocht naar de magische mede, Odhroerir\/\u00d3\u00f0rerir, ook bekend als de Mede van Po\u00ebzie.<br \/>\n<strong>Mj\u00f6lnir<\/strong>, de hamer van Thor, heeft een enorme betekenis en wordt beschouwd als een van de belangrijkste Viking-symbolen\/Noorse symbolen. Het symboliseert kracht en bescherming, en zijn rol in de Noorse mythologie wordt zeer gerespecteerd.<\/p>\n<h2>Bestel nep-tatoeages van zes bekende Viking-symbolen<\/h2>\n<p>Alle tatoeages worden gemaakt door getatoe\u00eberde Vikingen, en we verzenden je bestelling binnen 24 uur.<\/p>\n<p>Velgrootte: A5<br \/>\nAantal tatoeages: 6<br \/>\nTatoeageformaat: 7 cm<\/p>\n","protected":false},"featured_media":18352,"template":"","meta":[],"product_brand":[],"product_cat":[54,544],"product_tag":[],"class_list":{"0":"post-18360","1":"product","2":"type-product","3":"status-publish","4":"has-post-thumbnail","6":"product_cat-kant-en-klare-vellen","7":"product_cat-tribaal-symbolen-runen","9":"first","10":"instock","11":"taxable","12":"shipping-taxable","13":"purchasable","14":"product-type-simple"},"yoast_head":"<!-- This site is optimized with the Yoast SEO Premium plugin v26.2 (Yoast SEO v27.4) - https:\/\/yoast.com\/product\/yoast-seo-premium-wordpress\/ -->\n<title>6 bekende Viking-symbolen A5, Fake Tattoos - Like ink<\/title>\n<meta name=\"description\" content=\"Koop een vel met 6 bekende Viking-symbolen als tatoeages! Snelle levering en gratis verzending! - Like ink\" \/>\n<meta name=\"robots\" content=\"index, follow, max-snippet:-1, max-image-preview:large, max-video-preview:-1\" \/>\n<link rel=\"canonical\" href=\"https:\/\/likeink.com\/nl\/tijdelijke-tattoo\/6-bekende-viking-symbolen\/\" \/>\n<meta property=\"og:locale\" content=\"nl_NL\" \/>\n<meta property=\"og:type\" content=\"article\" \/>\n<meta property=\"og:title\" content=\"6 bekende Viking-symbolen\" \/>\n<meta property=\"og:description\" content=\"Bestel nep-tatoeages van 6 bekende Viking-symbolen! Leuk voor het Viking-feest of om een potenti\u00eble tatoeage uit te proberen.  Hieronder beschrijven we de betekenis ervan. De Valknut, ook bekend onder verschillende namen zoals Odins knoop, Hrungnirs hart, de knoop van de gedode krijger en het hart van Vala, is zonder twijfel een van de meest prominente en geliefde Viking-symbolen. Het heeft een diepe betekenis als een symbool dat geassocieerd wordt met Odin, de machtige Noorse god. Yggdrasil, de Boom des Levens, heeft grote betekenis zowel als een prominent Viking-symbool als een essentieel element van het Noorse geloof. Volgens de Noorse mythologie is Yggdrasil de majestueuze boom die dienstdoet als kosmische verbinding tussen de negen werelden, waaronder Asgard, Midgard, Muspelheim, Jotunheim, Vanaheim, Niflheim, Alfheim, Svartalfheim en Helheim. Aegishjalmr, ook bekend als de Helm van Angst en Verschrikking, is een ander Viking-symbool dat bescherming vertegenwoordigt. Het is een runestaf gevormd door de Oud-Noorse woorden &quot;aegis&quot;, wat schild betekent, en &quot;hjalmr&quot;, wat helm betekent. De Viking-kompas, ook bekend als het Runen-kompas of Vegvisir, wordt vaak geassocieerd met Aegishjalmr vanwege hun gelijkenis. Het is een Viking-symbool bestaande uit verstrengelde runestaven en wordt geassocieerd met begeleiding. Odins Driehoorn, ook bekend als de Hoorn Triskelion, is een Viking-symbool dat de drie hoorns vertegenwoordigt in de mythe van Odins zoektocht naar de magische mede, Odhroerir\/\u00d3\u00f0rerir, ook bekend als de Mede van Po\u00ebzie. Mj\u00f6lnir, de hamer van Thor, heeft een enorme betekenis en wordt beschouwd als een van de belangrijkste Viking-symbolen\/Noorse symbolen. Het symboliseert kracht en bescherming, en zijn rol in de Noorse mythologie wordt zeer gerespecteerd.  Bestel nep-tatoeages van zes bekende Viking-symbolen  Alle tatoeages worden gemaakt door getatoe\u00eberde Vikingen, en we verzenden je bestelling binnen 24 uur.  Velgrootte: A5 Aantal tatoeages: 6 Tatoeageformaat: 7 cm\" \/>\n<meta property=\"og:url\" content=\"https:\/\/likeink.com\/nl\/tijdelijke-tattoo\/6-bekende-viking-symbolen\/\" \/>\n<meta property=\"og:site_name\" content=\"Like ink\" \/>\n<meta property=\"article:publisher\" content=\"https:\/\/www.facebook.com\/LikeInkSe\" \/>\n<meta property=\"article:modified_time\" content=\"2026-03-16T21:58:27+00:00\" \/>\n<meta property=\"og:image\" content=\"https:\/\/likeink.com\/wp-content\/uploads\/2023\/05\/Viking-symboler-faketattoo-likeink.jpg\" \/>\n\t<meta property=\"og:image:width\" content=\"2481\" \/>\n\t<meta property=\"og:image:height\" content=\"1749\" \/>\n\t<meta property=\"og:image:type\" content=\"image\/jpeg\" \/>\n<meta name=\"twitter:card\" content=\"summary_large_image\" \/>\n<!-- \/ Yoast SEO Premium plugin. -->","yoast_head_json":{"title":"6 bekende Viking-symbolen A5, Fake Tattoos - Like ink","description":"Koop een vel met 6 bekende Viking-symbolen als tatoeages! Snelle levering en gratis verzending! - Like ink","robots":{"index":"index","follow":"follow","max-snippet":"max-snippet:-1","max-image-preview":"max-image-preview:large","max-video-preview":"max-video-preview:-1"},"canonical":"https:\/\/likeink.com\/nl\/tijdelijke-tattoo\/6-bekende-viking-symbolen\/","og_locale":"nl_NL","og_type":"article","og_title":"6 bekende Viking-symbolen","og_description":"Bestel nep-tatoeages van 6 bekende Viking-symbolen! Leuk voor het Viking-feest of om een potenti\u00eble tatoeage uit te proberen.  Hieronder beschrijven we de betekenis ervan. De Valknut, ook bekend onder verschillende namen zoals Odins knoop, Hrungnirs hart, de knoop van de gedode krijger en het hart van Vala, is zonder twijfel een van de meest prominente en geliefde Viking-symbolen. Het heeft een diepe betekenis als een symbool dat geassocieerd wordt met Odin, de machtige Noorse god. Yggdrasil, de Boom des Levens, heeft grote betekenis zowel als een prominent Viking-symbool als een essentieel element van het Noorse geloof. Volgens de Noorse mythologie is Yggdrasil de majestueuze boom die dienstdoet als kosmische verbinding tussen de negen werelden, waaronder Asgard, Midgard, Muspelheim, Jotunheim, Vanaheim, Niflheim, Alfheim, Svartalfheim en Helheim. Aegishjalmr, ook bekend als de Helm van Angst en Verschrikking, is een ander Viking-symbool dat bescherming vertegenwoordigt. Het is een runestaf gevormd door de Oud-Noorse woorden \"aegis\", wat schild betekent, en \"hjalmr\", wat helm betekent. De Viking-kompas, ook bekend als het Runen-kompas of Vegvisir, wordt vaak geassocieerd met Aegishjalmr vanwege hun gelijkenis. Het is een Viking-symbool bestaande uit verstrengelde runestaven en wordt geassocieerd met begeleiding. Odins Driehoorn, ook bekend als de Hoorn Triskelion, is een Viking-symbool dat de drie hoorns vertegenwoordigt in de mythe van Odins zoektocht naar de magische mede, Odhroerir\/\u00d3\u00f0rerir, ook bekend als de Mede van Po\u00ebzie. Mj\u00f6lnir, de hamer van Thor, heeft een enorme betekenis en wordt beschouwd als een van de belangrijkste Viking-symbolen\/Noorse symbolen. Het symboliseert kracht en bescherming, en zijn rol in de Noorse mythologie wordt zeer gerespecteerd.  Bestel nep-tatoeages van zes bekende Viking-symbolen  Alle tatoeages worden gemaakt door getatoe\u00eberde Vikingen, en we verzenden je bestelling binnen 24 uur.  Velgrootte: A5 Aantal tatoeages: 6 Tatoeageformaat: 7 cm","og_url":"https:\/\/likeink.com\/nl\/tijdelijke-tattoo\/6-bekende-viking-symbolen\/","og_site_name":"Like ink","article_publisher":"https:\/\/www.facebook.com\/LikeInkSe","article_modified_time":"2026-03-16T21:58:27+00:00","og_image":[{"width":2481,"height":1749,"url":"https:\/\/likeink.com\/wp-content\/uploads\/2023\/05\/Viking-symboler-faketattoo-likeink.jpg","type":"image\/jpeg"}],"twitter_card":"summary_large_image","schema":{"@context":"https:\/\/schema.org","@graph":[{"@type":"WebPage","@id":"https:\/\/likeink.com\/nl\/tijdelijke-tattoo\/6-bekende-viking-symbolen\/","url":"https:\/\/likeink.com\/nl\/tijdelijke-tattoo\/6-bekende-viking-symbolen\/","name":"6 bekende Viking-symbolen A5, Fake Tattoos - Like ink","isPartOf":{"@id":"https:\/\/likeink.com\/nl\/#website"},"primaryImageOfPage":{"@id":"https:\/\/likeink.com\/nl\/tijdelijke-tattoo\/6-bekende-viking-symbolen\/#primaryimage"},"image":{"@id":"https:\/\/likeink.com\/nl\/tijdelijke-tattoo\/6-bekende-viking-symbolen\/#primaryimage"},"thumbnailUrl":"https:\/\/likeink.com\/wp-content\/uploads\/2023\/05\/Viking-symboler-faketattoo-likeink.jpg","datePublished":"2023-05-25T13:31:18+00:00","dateModified":"2026-03-16T21:58:27+00:00","description":"Koop een vel met 6 bekende Viking-symbolen als tatoeages! Snelle levering en gratis verzending! - Like ink","breadcrumb":{"@id":"https:\/\/likeink.com\/nl\/tijdelijke-tattoo\/6-bekende-viking-symbolen\/#breadcrumb"},"inLanguage":"nl-NL","potentialAction":[{"@type":"ReadAction","target":["https:\/\/likeink.com\/nl\/tijdelijke-tattoo\/6-bekende-viking-symbolen\/"]}]},{"@type":"ImageObject","inLanguage":"nl-NL","@id":"https:\/\/likeink.com\/nl\/tijdelijke-tattoo\/6-bekende-viking-symbolen\/#primaryimage","url":"https:\/\/likeink.com\/wp-content\/uploads\/2023\/05\/Viking-symboler-faketattoo-likeink.jpg","contentUrl":"https:\/\/likeink.com\/wp-content\/uploads\/2023\/05\/Viking-symboler-faketattoo-likeink.jpg","width":2481,"height":1749,"caption":"Koop nep tatoeages met 6 bekende Viking-symbolen."},{"@type":"BreadcrumbList","@id":"https:\/\/likeink.com\/nl\/tijdelijke-tattoo\/6-bekende-viking-symbolen\/#breadcrumb","itemListElement":[{"@type":"ListItem","position":1,"name":"Hem","item":"https:\/\/likeink.com\/nl\/"},{"@type":"ListItem","position":2,"name":"Winkel","item":"https:\/\/likeink.com\/nl\/winkel\/"},{"@type":"ListItem","position":3,"name":"6 bekende Viking-symbolen"}]},{"@type":"WebSite","@id":"https:\/\/likeink.com\/nl\/#website","url":"https:\/\/likeink.com\/nl\/","name":"Like ink","description":"Maak je eigen tijdelijke tatoeages","potentialAction":[{"@type":"SearchAction","target":{"@type":"EntryPoint","urlTemplate":"https:\/\/likeink.com\/nl\/?s={search_term_string}"},"query-input":{"@type":"PropertyValueSpecification","valueRequired":true,"valueName":"search_term_string"}}],"inLanguage":"nl-NL"}]}},"_links":{"self":[{"href":"https:\/\/likeink.com\/nl\/wp-json\/wp\/v2\/product\/18360","targetHints":{"allow":["GET"]}}],"collection":[{"href":"https:\/\/likeink.com\/nl\/wp-json\/wp\/v2\/product"}],"about":[{"href":"https:\/\/likeink.com\/nl\/wp-json\/wp\/v2\/types\/product"}],"wp:featuredmedia":[{"embeddable":true,"href":"https:\/\/likeink.com\/nl\/wp-json\/wp\/v2\/media\/18352"}],"wp:attachment":[{"href":"https:\/\/likeink.com\/nl\/wp-json\/wp\/v2\/media?parent=18360"}],"wp:term":[{"taxonomy":"product_brand","embeddable":true,"href":"https:\/\/likeink.com\/nl\/wp-json\/wp\/v2\/product_brand?post=18360"},{"taxonomy":"product_cat","embeddable":true,"href":"https:\/\/likeink.com\/nl\/wp-json\/wp\/v2\/product_cat?post=18360"},{"taxonomy":"product_tag","embeddable":true,"href":"https:\/\/likeink.com\/nl\/wp-json\/wp\/v2\/product_tag?post=18360"}],"curies":[{"name":"wp","href":"https:\/\/api.w.org\/{rel}","templated":true}]}}