{"id":2425,"date":"2020-01-21T15:32:35","date_gmt":"2020-01-21T15:32:35","guid":{"rendered":"https:\/\/likeink.se\/produkt\/flash-4-by-helene-at-studio-black\/"},"modified":"2026-04-28T13:22:40","modified_gmt":"2026-04-28T13:22:40","slug":"flash-4-by-helene-at-studio-black","status":"publish","type":"product","link":"https:\/\/likeink.com\/nl\/tijdelijke-tattoo\/flash-4-by-helene-at-studio-black\/","title":{"rendered":"Flash &#8220;blad tatoeages&#8221; by Hel\u00e9ne at Studio Bl\u00e4ck"},"content":{"rendered":"","protected":false},"excerpt":{"rendered":"<p>Onze kant en klare vellen met tijdelijke tatoeages zijn ongeveer 20\u00d715 cm groot en gevuld met het ontwerp dat je op de afbeelding ziet. We printen en verzenden jouw vel met tijdelijke tatoeages binnen 24 uur na je bestelling.<\/p>\n<h2>Tijdelijke tatoeages Flash &#8220;Leaf&#8221; van Hel\u00e9ne<\/h2>\n<p>Dit vel is ontworpen door de getalenteerde tatoe\u00eberder Hel\u00e9ne van Studio Bl\u00e4ck in V\u00e4rmland.<\/p>\n<p><strong>Dit is Hel\u00e9ne:<\/strong><br \/>\nTatoe\u00eberder uit Zweden die van tatoeages en tatoe\u00ebren HOUDT. Het proces om de idee\u00ebn van mijn klanten om te zetten in tatoeages is de meest inspirerende manier om kunst te cre\u00ebren. Daarom werk ik in alle stijlen, van old school met dikke lijnen tot fotorealisme. Wat past bij de visie, persoonlijkheid en stijl van mijn klant.<\/p>\n<p>Als het gaat om kleine tatoeages, houd ik van eenvoudige ontwerpen met een mooie flow. Klassieke fijne lijnen en misschien een klein beetje kleur. De schoonheid van het leven zit in de kleine details, net als bij tatoeages.<\/p>\n<p>Ik hoop dat je deze vellen met ontwerpen mooi vindt. Tag gerust Like Ink en mij wanneer je foto\u2019s plaatst met deze tijdelijke tatoeages op social media. Ik hoop dat we elkaar zien bij Studio Bl\u00e4ck in de magische bossen van V\u00e4rmland.<\/p>\n<p><strong>Als je contact wilt opnemen met Hel\u00e9ne:<\/strong><\/p>\n<p><strong>Instagram:<\/strong><br \/>\nhelene_studioblack<\/p>\n<p><strong>Facebook:<\/strong><br \/>\nFacebook.com\/studioblack.forshaga<\/p>\n<p><strong>Studio:<\/strong><br \/>\nStudio Bl\u00e4ck<\/p>\n<p><strong>Adres:<\/strong><br \/>\nStorgatan 33, 667 30 FORSHAGA<\/p>\n<p><strong>Website:<\/strong><br \/>\nstudioblack.se<\/p>\n","protected":false},"featured_media":60106,"template":"","meta":[],"product_brand":[],"product_cat":[521,54,502],"product_tag":[],"class_list":{"0":"post-2425","1":"product","2":"type-product","3":"status-publish","4":"has-post-thumbnail","6":"product_cat-dieren-natuur","7":"product_cat-kant-en-klare-vellen","8":"product_cat-samenwerkingen-met-tatoeeerders-nl","10":"first","11":"instock","12":"taxable","13":"shipping-taxable","14":"purchasable","15":"product-type-simple"},"yoast_head":"<!-- This site is optimized with the Yoast SEO Premium plugin v26.2 (Yoast SEO v27.4) - https:\/\/yoast.com\/product\/yoast-seo-premium-wordpress\/ -->\n<title>blad tatoeages flash sheet door tatoe\u00eberder Helene - Like ink<\/title>\n<meta name=\"description\" content=\"Mooi blad tatoeage ontwerp door tatoe\u00eberder. De tatoeages zijn makkelijk te gebruiken en zien er realistisch uit. Wereldwijde verzending! - Like ink\" \/>\n<meta name=\"robots\" content=\"index, follow, max-snippet:-1, max-image-preview:large, max-video-preview:-1\" \/>\n<link rel=\"canonical\" href=\"https:\/\/likeink.com\/nl\/tijdelijke-tattoo\/flash-4-by-helene-at-studio-black\/\" \/>\n<meta property=\"og:locale\" content=\"nl_NL\" \/>\n<meta property=\"og:type\" content=\"article\" \/>\n<meta property=\"og:title\" content=\"Flash &quot;blad tatoeages&quot; by Hel\u00e9ne at Studio Bl\u00e4ck\" \/>\n<meta property=\"og:description\" content=\"Onze kant en klare vellen met tijdelijke tatoeages zijn ongeveer 20\u00d715 cm groot en gevuld met het ontwerp dat je op de afbeelding ziet. We printen en verzenden jouw vel met tijdelijke tatoeages binnen 24 uur na je bestelling. Tijdelijke tatoeages Flash &quot;Leaf&quot; van Hel\u00e9ne Dit vel is ontworpen door de getalenteerde tatoe\u00eberder Hel\u00e9ne van Studio Bl\u00e4ck in V\u00e4rmland.  Dit is Hel\u00e9ne: Tatoe\u00eberder uit Zweden die van tatoeages en tatoe\u00ebren HOUDT. Het proces om de idee\u00ebn van mijn klanten om te zetten in tatoeages is de meest inspirerende manier om kunst te cre\u00ebren. Daarom werk ik in alle stijlen, van old school met dikke lijnen tot fotorealisme. Wat past bij de visie, persoonlijkheid en stijl van mijn klant.  Als het gaat om kleine tatoeages, houd ik van eenvoudige ontwerpen met een mooie flow. Klassieke fijne lijnen en misschien een klein beetje kleur. De schoonheid van het leven zit in de kleine details, net als bij tatoeages.  Ik hoop dat je deze vellen met ontwerpen mooi vindt. Tag gerust Like Ink en mij wanneer je foto\u2019s plaatst met deze tijdelijke tatoeages op social media. Ik hoop dat we elkaar zien bij Studio Bl\u00e4ck in de magische bossen van V\u00e4rmland.  Als je contact wilt opnemen met Hel\u00e9ne:  Instagram: helene_studioblack  Facebook: Facebook.com\/studioblack.forshaga  Studio: Studio Bl\u00e4ck  Adres: Storgatan 33, 667 30 FORSHAGA  Website: studioblack.se\" \/>\n<meta property=\"og:url\" content=\"https:\/\/likeink.com\/nl\/tijdelijke-tattoo\/flash-4-by-helene-at-studio-black\/\" \/>\n<meta property=\"og:site_name\" content=\"Like ink\" \/>\n<meta property=\"article:publisher\" content=\"https:\/\/www.facebook.com\/LikeInkSe\" \/>\n<meta property=\"article:modified_time\" content=\"2026-04-28T13:22:40+00:00\" \/>\n<meta property=\"og:image\" content=\"https:\/\/likeink.com\/wp-content\/uploads\/2026\/03\/Illustrationer-tatuerare-kvist-likeink.jpg\" \/>\n\t<meta property=\"og:image:width\" content=\"1800\" \/>\n\t<meta property=\"og:image:height\" content=\"1268\" \/>\n\t<meta property=\"og:image:type\" content=\"image\/jpeg\" \/>\n<meta name=\"twitter:card\" content=\"summary_large_image\" \/>\n<meta name=\"twitter:label1\" content=\"Geschatte leestijd\" \/>\n\t<meta name=\"twitter:data1\" content=\"1 minuut\" \/>\n<!-- \/ Yoast SEO Premium plugin. -->","yoast_head_json":{"title":"blad tatoeages flash sheet door tatoe\u00eberder Helene - Like ink","description":"Mooi blad tatoeage ontwerp door tatoe\u00eberder. De tatoeages zijn makkelijk te gebruiken en zien er realistisch uit. Wereldwijde verzending! - Like ink","robots":{"index":"index","follow":"follow","max-snippet":"max-snippet:-1","max-image-preview":"max-image-preview:large","max-video-preview":"max-video-preview:-1"},"canonical":"https:\/\/likeink.com\/nl\/tijdelijke-tattoo\/flash-4-by-helene-at-studio-black\/","og_locale":"nl_NL","og_type":"article","og_title":"Flash \"blad tatoeages\" by Hel\u00e9ne at Studio Bl\u00e4ck","og_description":"Onze kant en klare vellen met tijdelijke tatoeages zijn ongeveer 20\u00d715 cm groot en gevuld met het ontwerp dat je op de afbeelding ziet. We printen en verzenden jouw vel met tijdelijke tatoeages binnen 24 uur na je bestelling. Tijdelijke tatoeages Flash \"Leaf\" van Hel\u00e9ne Dit vel is ontworpen door de getalenteerde tatoe\u00eberder Hel\u00e9ne van Studio Bl\u00e4ck in V\u00e4rmland.  Dit is Hel\u00e9ne: Tatoe\u00eberder uit Zweden die van tatoeages en tatoe\u00ebren HOUDT. Het proces om de idee\u00ebn van mijn klanten om te zetten in tatoeages is de meest inspirerende manier om kunst te cre\u00ebren. Daarom werk ik in alle stijlen, van old school met dikke lijnen tot fotorealisme. Wat past bij de visie, persoonlijkheid en stijl van mijn klant.  Als het gaat om kleine tatoeages, houd ik van eenvoudige ontwerpen met een mooie flow. Klassieke fijne lijnen en misschien een klein beetje kleur. De schoonheid van het leven zit in de kleine details, net als bij tatoeages.  Ik hoop dat je deze vellen met ontwerpen mooi vindt. Tag gerust Like Ink en mij wanneer je foto\u2019s plaatst met deze tijdelijke tatoeages op social media. Ik hoop dat we elkaar zien bij Studio Bl\u00e4ck in de magische bossen van V\u00e4rmland.  Als je contact wilt opnemen met Hel\u00e9ne:  Instagram: helene_studioblack  Facebook: Facebook.com\/studioblack.forshaga  Studio: Studio Bl\u00e4ck  Adres: Storgatan 33, 667 30 FORSHAGA  Website: studioblack.se","og_url":"https:\/\/likeink.com\/nl\/tijdelijke-tattoo\/flash-4-by-helene-at-studio-black\/","og_site_name":"Like ink","article_publisher":"https:\/\/www.facebook.com\/LikeInkSe","article_modified_time":"2026-04-28T13:22:40+00:00","og_image":[{"width":1800,"height":1268,"url":"https:\/\/likeink.com\/wp-content\/uploads\/2026\/03\/Illustrationer-tatuerare-kvist-likeink.jpg","type":"image\/jpeg"}],"twitter_card":"summary_large_image","twitter_misc":{"Geschatte leestijd":"1 minuut"},"schema":{"@context":"https:\/\/schema.org","@graph":[{"@type":"WebPage","@id":"https:\/\/likeink.com\/nl\/tijdelijke-tattoo\/flash-4-by-helene-at-studio-black\/","url":"https:\/\/likeink.com\/nl\/tijdelijke-tattoo\/flash-4-by-helene-at-studio-black\/","name":"blad tatoeages flash sheet door tatoe\u00eberder Helene - Like ink","isPartOf":{"@id":"https:\/\/likeink.com\/nl\/#website"},"primaryImageOfPage":{"@id":"https:\/\/likeink.com\/nl\/tijdelijke-tattoo\/flash-4-by-helene-at-studio-black\/#primaryimage"},"image":{"@id":"https:\/\/likeink.com\/nl\/tijdelijke-tattoo\/flash-4-by-helene-at-studio-black\/#primaryimage"},"thumbnailUrl":"https:\/\/likeink.com\/wp-content\/uploads\/2026\/03\/Illustrationer-tatuerare-kvist-likeink.jpg","datePublished":"2020-01-21T15:32:35+00:00","dateModified":"2026-04-28T13:22:40+00:00","description":"Mooi blad tatoeage ontwerp door tatoe\u00eberder. De tatoeages zijn makkelijk te gebruiken en zien er realistisch uit. Wereldwijde verzending! - Like ink","breadcrumb":{"@id":"https:\/\/likeink.com\/nl\/tijdelijke-tattoo\/flash-4-by-helene-at-studio-black\/#breadcrumb"},"inLanguage":"nl-NL","potentialAction":[{"@type":"ReadAction","target":["https:\/\/likeink.com\/nl\/tijdelijke-tattoo\/flash-4-by-helene-at-studio-black\/"]}]},{"@type":"ImageObject","inLanguage":"nl-NL","@id":"https:\/\/likeink.com\/nl\/tijdelijke-tattoo\/flash-4-by-helene-at-studio-black\/#primaryimage","url":"https:\/\/likeink.com\/wp-content\/uploads\/2026\/03\/Illustrationer-tatuerare-kvist-likeink.jpg","contentUrl":"https:\/\/likeink.com\/wp-content\/uploads\/2026\/03\/Illustrationer-tatuerare-kvist-likeink.jpg","width":1800,"height":1268,"caption":"Een collage van handgetekende illustraties bevat vogels, bladeren, bloemen, enveloppen, een theekopje en een papieren bootje, waarbij sommige elementen worden geaccentueerd door waterverfspatten in paars en blauw."},{"@type":"BreadcrumbList","@id":"https:\/\/likeink.com\/nl\/tijdelijke-tattoo\/flash-4-by-helene-at-studio-black\/#breadcrumb","itemListElement":[{"@type":"ListItem","position":1,"name":"Hem","item":"https:\/\/likeink.com\/nl\/"},{"@type":"ListItem","position":2,"name":"Winkel","item":"https:\/\/likeink.com\/nl\/winkel\/"},{"@type":"ListItem","position":3,"name":"Flash &#8220;blad tatoeages&#8221; by Hel\u00e9ne at Studio Bl\u00e4ck"}]},{"@type":"WebSite","@id":"https:\/\/likeink.com\/nl\/#website","url":"https:\/\/likeink.com\/nl\/","name":"Like ink","description":"Maak je eigen tijdelijke tatoeages","potentialAction":[{"@type":"SearchAction","target":{"@type":"EntryPoint","urlTemplate":"https:\/\/likeink.com\/nl\/?s={search_term_string}"},"query-input":{"@type":"PropertyValueSpecification","valueRequired":true,"valueName":"search_term_string"}}],"inLanguage":"nl-NL"}]}},"_links":{"self":[{"href":"https:\/\/likeink.com\/nl\/wp-json\/wp\/v2\/product\/2425","targetHints":{"allow":["GET"]}}],"collection":[{"href":"https:\/\/likeink.com\/nl\/wp-json\/wp\/v2\/product"}],"about":[{"href":"https:\/\/likeink.com\/nl\/wp-json\/wp\/v2\/types\/product"}],"wp:featuredmedia":[{"embeddable":true,"href":"https:\/\/likeink.com\/nl\/wp-json\/wp\/v2\/media\/60106"}],"wp:attachment":[{"href":"https:\/\/likeink.com\/nl\/wp-json\/wp\/v2\/media?parent=2425"}],"wp:term":[{"taxonomy":"product_brand","embeddable":true,"href":"https:\/\/likeink.com\/nl\/wp-json\/wp\/v2\/product_brand?post=2425"},{"taxonomy":"product_cat","embeddable":true,"href":"https:\/\/likeink.com\/nl\/wp-json\/wp\/v2\/product_cat?post=2425"},{"taxonomy":"product_tag","embeddable":true,"href":"https:\/\/likeink.com\/nl\/wp-json\/wp\/v2\/product_tag?post=2425"}],"curies":[{"name":"wp","href":"https:\/\/api.w.org\/{rel}","templated":true}]}}