{"id":24284,"date":"2024-01-14T17:34:13","date_gmt":"2024-01-14T17:34:13","guid":{"rendered":"https:\/\/likeink.se\/gnuggis\/official-swedish-ink-fake-tattoos\/"},"modified":"2024-02-14T15:52:34","modified_gmt":"2024-02-14T15:52:34","slug":"official-swedish-ink-nep-tattoos","status":"publish","type":"product","link":"https:\/\/likeink.com\/nl\/tijdelijke-tattoo\/official-swedish-ink-nep-tattoos\/","title":{"rendered":"Official Swedish Ink Nep Tattoos"},"content":{"rendered":"","protected":false},"excerpt":{"rendered":"<p>Official Swedish Ink Tijdelijke Tattoos: Like Ink&#8217;s tijdelijke tattoos zijn een eerbetoon aan het artistieke talent en de gemeenschapsgeest die binnen de tattoo wereld bloeit. Wij bij Like Ink zijn opgetogen om serieuze tatoe\u00eberders en de tattoo gemeenschap samen te zien komen in partnerschap met ons bij Like Ink. De samenwerking met Marcus, die Swedish Ink runt, is het bewijs en een voorbeeld dat zelfs tatoe\u00eberders, tattoo verzamelaars en tattoo liefhebbers denken dat nep tattoos best leuk zijn en een alternatieve manier om te genieten van getatoe\u00eberd zijn zonder een permanente tattoo te moeten krijgen.<\/p>\n<h2>Bestel nep tattoos in samenwerking met Swedish Ink en ontwerpen getekend door tatoe\u00eberder Patrik Sj\u00f6stj\u00e4rna<\/h2>\n<p>Dit vel met tijdelijke tattoos bevat het logo van Swedish Ink samen met originele ontwerpen gecre\u00eberd door de getalenteerde tatoe\u00eberder Patrik Sj\u00f6stj\u00e4rna. Het is een canvas van creativiteit, toegankelijk voor iedereen die de kunst van inkt op huid waardeert, zelfs al is het maar voor een paar dagen.<br \/>\nSwedish Ink, geleid door Marcus Andersson, is meer dan slechts een Instagram-account. Het is een centraal punt voor tatoe\u00eberders, enthousiastelingen, en voor iedereen die getatoe\u00eberd is of ernaar kijkt om dat te worden. Dit platform is rijk aan voortdurende updates over de tattoo scene in Zweden, en biedt een stroom van informatie over beurzen, evenementen en nieuws binnen de tattoo wereld. Het is een bron van inspiratie en een schatkist vol tips om uitzonderlijke tatoe\u00eberders te vinden. Dus of je nu een tattoo verzamelaar bent, een tatoe\u00eberder, of gewoon van tattoos houdt, het is zeker de moeite waard om te bekijken en @officialswedishink op Instagram te volgen.<br \/>\nDe tattoos op dit vel zijn getekend met de finesse waar Patrik Sj\u00f6stj\u00e4rna bekend om staat, en hij brengt zijn expertise van zijn studio&#8217;s in Bor\u00e5s en Sk\u00f6vde naar een nog breder publiek. Deze samenwerking met Like Ink is het bewijs van de gedeelde passie en toewijding aan het vak, waardoor de schoonheid van tattoos beschikbaar wordt voor iedereen, of je nu de kunst tijdelijk wilt verkennen of een tijd wilt boeken voor een echte tattoo.<\/p>\n<p>Contact:<br \/>\nSwedish Ink: @Officialswedishink<br \/>\nPatrik: @patriktattoos, studio in Sk\u00f6vde en Bor\u00e5s.<\/p>\n<p>Afmeting vel: A5<br \/>\nAfmeting tattoos: 3-10 cm<\/p>\n","protected":false},"featured_media":24255,"template":"","meta":[],"product_brand":[],"product_cat":[54,188],"product_tag":[],"class_list":{"0":"post-24284","1":"product","2":"type-product","3":"status-publish","4":"has-post-thumbnail","6":"product_cat-kant-en-klare-vellen","7":"product_cat-samenwerkingen-met-tatoeeerders","9":"first","10":"instock","11":"taxable","12":"shipping-taxable","13":"purchasable","14":"product-type-simple"},"yoast_head":"<!-- This site is optimized with the Yoast SEO Premium plugin v26.2 (Yoast SEO v27.4) - https:\/\/yoast.com\/product\/yoast-seo-premium-wordpress\/ -->\n<title>Official Swedish Ink Nep Tattoos - Like ink<\/title>\n<meta name=\"description\" content=\"Official Swedish Ink nep tattoo vellen ontworpen door tatoe\u00eberder Patrik Sj\u00f6stj\u00e4rna. We hebben het hier over ECHTE NEP TATTOOS. - Like ink\" \/>\n<meta name=\"robots\" content=\"index, follow, max-snippet:-1, max-image-preview:large, max-video-preview:-1\" \/>\n<link rel=\"canonical\" href=\"https:\/\/likeink.com\/nl\/tijdelijke-tattoo\/official-swedish-ink-nep-tattoos\/\" \/>\n<meta property=\"og:locale\" content=\"nl_NL\" \/>\n<meta property=\"og:type\" content=\"article\" \/>\n<meta property=\"og:title\" content=\"Official Swedish Ink Nep Tattoos\" \/>\n<meta property=\"og:description\" content=\"Official Swedish Ink Tijdelijke Tattoos: Like Ink&#039;s tijdelijke tattoos zijn een eerbetoon aan het artistieke talent en de gemeenschapsgeest die binnen de tattoo wereld bloeit. Wij bij Like Ink zijn opgetogen om serieuze tatoe\u00eberders en de tattoo gemeenschap samen te zien komen in partnerschap met ons bij Like Ink. De samenwerking met Marcus, die Swedish Ink runt, is het bewijs en een voorbeeld dat zelfs tatoe\u00eberders, tattoo verzamelaars en tattoo liefhebbers denken dat nep tattoos best leuk zijn en een alternatieve manier om te genieten van getatoe\u00eberd zijn zonder een permanente tattoo te moeten krijgen.  Bestel nep tattoos in samenwerking met Swedish Ink en ontwerpen getekend door tatoe\u00eberder Patrik Sj\u00f6stj\u00e4rna Dit vel met tijdelijke tattoos bevat het logo van Swedish Ink samen met originele ontwerpen gecre\u00eberd door de getalenteerde tatoe\u00eberder Patrik Sj\u00f6stj\u00e4rna. Het is een canvas van creativiteit, toegankelijk voor iedereen die de kunst van inkt op huid waardeert, zelfs al is het maar voor een paar dagen. Swedish Ink, geleid door Marcus Andersson, is meer dan slechts een Instagram-account. Het is een centraal punt voor tatoe\u00eberders, enthousiastelingen, en voor iedereen die getatoe\u00eberd is of ernaar kijkt om dat te worden. Dit platform is rijk aan voortdurende updates over de tattoo scene in Zweden, en biedt een stroom van informatie over beurzen, evenementen en nieuws binnen de tattoo wereld. Het is een bron van inspiratie en een schatkist vol tips om uitzonderlijke tatoe\u00eberders te vinden. Dus of je nu een tattoo verzamelaar bent, een tatoe\u00eberder, of gewoon van tattoos houdt, het is zeker de moeite waard om te bekijken en @officialswedishink op Instagram te volgen. De tattoos op dit vel zijn getekend met de finesse waar Patrik Sj\u00f6stj\u00e4rna bekend om staat, en hij brengt zijn expertise van zijn studio&#039;s in Bor\u00e5s en Sk\u00f6vde naar een nog breder publiek. Deze samenwerking met Like Ink is het bewijs van de gedeelde passie en toewijding aan het vak, waardoor de schoonheid van tattoos beschikbaar wordt voor iedereen, of je nu de kunst tijdelijk wilt verkennen of een tijd wilt boeken voor een echte tattoo.  Contact: Swedish Ink: @Officialswedishink Patrik: @patriktattoos, studio in Sk\u00f6vde en Bor\u00e5s.  Afmeting vel: A5 Afmeting tattoos: 3-10 cm\" \/>\n<meta property=\"og:url\" content=\"https:\/\/likeink.com\/nl\/tijdelijke-tattoo\/official-swedish-ink-nep-tattoos\/\" \/>\n<meta property=\"og:site_name\" content=\"Like ink\" \/>\n<meta property=\"article:publisher\" content=\"https:\/\/www.facebook.com\/LikeInkSe\" \/>\n<meta property=\"article:modified_time\" content=\"2024-02-14T15:52:34+00:00\" \/>\n<meta property=\"og:image\" content=\"https:\/\/likeink.com\/wp-content\/uploads\/2024\/01\/OfficialSwedishInk-Tattoos-Likeink.jpg\" \/>\n\t<meta property=\"og:image:width\" content=\"1702\" \/>\n\t<meta property=\"og:image:height\" content=\"1200\" \/>\n\t<meta property=\"og:image:type\" content=\"image\/jpeg\" \/>\n<meta name=\"twitter:card\" content=\"summary_large_image\" \/>\n<meta name=\"twitter:label1\" content=\"Geschatte leestijd\" \/>\n\t<meta name=\"twitter:data1\" content=\"1 minuut\" \/>\n<script type=\"application\/ld+json\" class=\"yoast-schema-graph\">{\"@context\":\"https:\\\/\\\/schema.org\",\"@graph\":[{\"@type\":\"WebPage\",\"@id\":\"https:\\\/\\\/likeink.com\\\/nl\\\/tijdelijke-tattoo\\\/official-swedish-ink-nep-tattoos\\\/\",\"url\":\"https:\\\/\\\/likeink.com\\\/nl\\\/tijdelijke-tattoo\\\/official-swedish-ink-nep-tattoos\\\/\",\"name\":\"Official Swedish Ink Nep Tattoos - Like ink\",\"isPartOf\":{\"@id\":\"https:\\\/\\\/likeink.com\\\/nl\\\/#website\"},\"primaryImageOfPage\":{\"@id\":\"https:\\\/\\\/likeink.com\\\/nl\\\/tijdelijke-tattoo\\\/official-swedish-ink-nep-tattoos\\\/#primaryimage\"},\"image\":{\"@id\":\"https:\\\/\\\/likeink.com\\\/nl\\\/tijdelijke-tattoo\\\/official-swedish-ink-nep-tattoos\\\/#primaryimage\"},\"thumbnailUrl\":\"https:\\\/\\\/likeink.com\\\/wp-content\\\/uploads\\\/2024\\\/01\\\/OfficialSwedishInk-Tattoos-Likeink.jpg\",\"datePublished\":\"2024-01-14T17:34:13+00:00\",\"dateModified\":\"2024-02-14T15:52:34+00:00\",\"description\":\"Official Swedish Ink nep tattoo vellen ontworpen door tatoe\u00eberder Patrik Sj\u00f6stj\u00e4rna. We hebben het hier over ECHTE NEP TATTOOS. - Like ink\",\"breadcrumb\":{\"@id\":\"https:\\\/\\\/likeink.com\\\/nl\\\/tijdelijke-tattoo\\\/official-swedish-ink-nep-tattoos\\\/#breadcrumb\"},\"inLanguage\":\"nl-NL\",\"potentialAction\":[{\"@type\":\"ReadAction\",\"target\":[\"https:\\\/\\\/likeink.com\\\/nl\\\/tijdelijke-tattoo\\\/official-swedish-ink-nep-tattoos\\\/\"]}]},{\"@type\":\"ImageObject\",\"inLanguage\":\"nl-NL\",\"@id\":\"https:\\\/\\\/likeink.com\\\/nl\\\/tijdelijke-tattoo\\\/official-swedish-ink-nep-tattoos\\\/#primaryimage\",\"url\":\"https:\\\/\\\/likeink.com\\\/wp-content\\\/uploads\\\/2024\\\/01\\\/OfficialSwedishInk-Tattoos-Likeink.jpg\",\"contentUrl\":\"https:\\\/\\\/likeink.com\\\/wp-content\\\/uploads\\\/2024\\\/01\\\/OfficialSwedishInk-Tattoos-Likeink.jpg\",\"width\":1702,\"height\":1200,\"caption\":\"Verzameling van tijdelijke tattoos van Official Swedish Ink, ontworpen door tatoe\u00eberder Patrik Sj\u00f6stj\u00e4rna.\"},{\"@type\":\"BreadcrumbList\",\"@id\":\"https:\\\/\\\/likeink.com\\\/nl\\\/tijdelijke-tattoo\\\/official-swedish-ink-nep-tattoos\\\/#breadcrumb\",\"itemListElement\":[{\"@type\":\"ListItem\",\"position\":1,\"name\":\"Hem\",\"item\":\"https:\\\/\\\/likeink.com\\\/nl\\\/\"},{\"@type\":\"ListItem\",\"position\":2,\"name\":\"Winkel\",\"item\":\"https:\\\/\\\/likeink.com\\\/nl\\\/winkel\\\/\"},{\"@type\":\"ListItem\",\"position\":3,\"name\":\"Official Swedish Ink Nep Tattoos\"}]},{\"@type\":\"WebSite\",\"@id\":\"https:\\\/\\\/likeink.com\\\/nl\\\/#website\",\"url\":\"https:\\\/\\\/likeink.com\\\/nl\\\/\",\"name\":\"Like ink\",\"description\":\"Maak je eigen tijdelijke tatoeages\",\"potentialAction\":[{\"@type\":\"SearchAction\",\"target\":{\"@type\":\"EntryPoint\",\"urlTemplate\":\"https:\\\/\\\/likeink.com\\\/nl\\\/?s={search_term_string}\"},\"query-input\":{\"@type\":\"PropertyValueSpecification\",\"valueRequired\":true,\"valueName\":\"search_term_string\"}}],\"inLanguage\":\"nl-NL\"}]}<\/script>\n<!-- \/ Yoast SEO Premium plugin. -->","yoast_head_json":{"title":"Official Swedish Ink Nep Tattoos - Like ink","description":"Official Swedish Ink nep tattoo vellen ontworpen door tatoe\u00eberder Patrik Sj\u00f6stj\u00e4rna. We hebben het hier over ECHTE NEP TATTOOS. - Like ink","robots":{"index":"index","follow":"follow","max-snippet":"max-snippet:-1","max-image-preview":"max-image-preview:large","max-video-preview":"max-video-preview:-1"},"canonical":"https:\/\/likeink.com\/nl\/tijdelijke-tattoo\/official-swedish-ink-nep-tattoos\/","og_locale":"nl_NL","og_type":"article","og_title":"Official Swedish Ink Nep Tattoos","og_description":"Official Swedish Ink Tijdelijke Tattoos: Like Ink's tijdelijke tattoos zijn een eerbetoon aan het artistieke talent en de gemeenschapsgeest die binnen de tattoo wereld bloeit. Wij bij Like Ink zijn opgetogen om serieuze tatoe\u00eberders en de tattoo gemeenschap samen te zien komen in partnerschap met ons bij Like Ink. De samenwerking met Marcus, die Swedish Ink runt, is het bewijs en een voorbeeld dat zelfs tatoe\u00eberders, tattoo verzamelaars en tattoo liefhebbers denken dat nep tattoos best leuk zijn en een alternatieve manier om te genieten van getatoe\u00eberd zijn zonder een permanente tattoo te moeten krijgen.  Bestel nep tattoos in samenwerking met Swedish Ink en ontwerpen getekend door tatoe\u00eberder Patrik Sj\u00f6stj\u00e4rna Dit vel met tijdelijke tattoos bevat het logo van Swedish Ink samen met originele ontwerpen gecre\u00eberd door de getalenteerde tatoe\u00eberder Patrik Sj\u00f6stj\u00e4rna. Het is een canvas van creativiteit, toegankelijk voor iedereen die de kunst van inkt op huid waardeert, zelfs al is het maar voor een paar dagen. Swedish Ink, geleid door Marcus Andersson, is meer dan slechts een Instagram-account. Het is een centraal punt voor tatoe\u00eberders, enthousiastelingen, en voor iedereen die getatoe\u00eberd is of ernaar kijkt om dat te worden. Dit platform is rijk aan voortdurende updates over de tattoo scene in Zweden, en biedt een stroom van informatie over beurzen, evenementen en nieuws binnen de tattoo wereld. Het is een bron van inspiratie en een schatkist vol tips om uitzonderlijke tatoe\u00eberders te vinden. Dus of je nu een tattoo verzamelaar bent, een tatoe\u00eberder, of gewoon van tattoos houdt, het is zeker de moeite waard om te bekijken en @officialswedishink op Instagram te volgen. De tattoos op dit vel zijn getekend met de finesse waar Patrik Sj\u00f6stj\u00e4rna bekend om staat, en hij brengt zijn expertise van zijn studio's in Bor\u00e5s en Sk\u00f6vde naar een nog breder publiek. Deze samenwerking met Like Ink is het bewijs van de gedeelde passie en toewijding aan het vak, waardoor de schoonheid van tattoos beschikbaar wordt voor iedereen, of je nu de kunst tijdelijk wilt verkennen of een tijd wilt boeken voor een echte tattoo.  Contact: Swedish Ink: @Officialswedishink Patrik: @patriktattoos, studio in Sk\u00f6vde en Bor\u00e5s.  Afmeting vel: A5 Afmeting tattoos: 3-10 cm","og_url":"https:\/\/likeink.com\/nl\/tijdelijke-tattoo\/official-swedish-ink-nep-tattoos\/","og_site_name":"Like ink","article_publisher":"https:\/\/www.facebook.com\/LikeInkSe","article_modified_time":"2024-02-14T15:52:34+00:00","og_image":[{"width":1702,"height":1200,"url":"https:\/\/likeink.com\/wp-content\/uploads\/2024\/01\/OfficialSwedishInk-Tattoos-Likeink.jpg","type":"image\/jpeg"}],"twitter_card":"summary_large_image","twitter_misc":{"Geschatte leestijd":"1 minuut"},"schema":{"@context":"https:\/\/schema.org","@graph":[{"@type":"WebPage","@id":"https:\/\/likeink.com\/nl\/tijdelijke-tattoo\/official-swedish-ink-nep-tattoos\/","url":"https:\/\/likeink.com\/nl\/tijdelijke-tattoo\/official-swedish-ink-nep-tattoos\/","name":"Official Swedish Ink Nep Tattoos - Like ink","isPartOf":{"@id":"https:\/\/likeink.com\/nl\/#website"},"primaryImageOfPage":{"@id":"https:\/\/likeink.com\/nl\/tijdelijke-tattoo\/official-swedish-ink-nep-tattoos\/#primaryimage"},"image":{"@id":"https:\/\/likeink.com\/nl\/tijdelijke-tattoo\/official-swedish-ink-nep-tattoos\/#primaryimage"},"thumbnailUrl":"https:\/\/likeink.com\/wp-content\/uploads\/2024\/01\/OfficialSwedishInk-Tattoos-Likeink.jpg","datePublished":"2024-01-14T17:34:13+00:00","dateModified":"2024-02-14T15:52:34+00:00","description":"Official Swedish Ink nep tattoo vellen ontworpen door tatoe\u00eberder Patrik Sj\u00f6stj\u00e4rna. We hebben het hier over ECHTE NEP TATTOOS. - Like ink","breadcrumb":{"@id":"https:\/\/likeink.com\/nl\/tijdelijke-tattoo\/official-swedish-ink-nep-tattoos\/#breadcrumb"},"inLanguage":"nl-NL","potentialAction":[{"@type":"ReadAction","target":["https:\/\/likeink.com\/nl\/tijdelijke-tattoo\/official-swedish-ink-nep-tattoos\/"]}]},{"@type":"ImageObject","inLanguage":"nl-NL","@id":"https:\/\/likeink.com\/nl\/tijdelijke-tattoo\/official-swedish-ink-nep-tattoos\/#primaryimage","url":"https:\/\/likeink.com\/wp-content\/uploads\/2024\/01\/OfficialSwedishInk-Tattoos-Likeink.jpg","contentUrl":"https:\/\/likeink.com\/wp-content\/uploads\/2024\/01\/OfficialSwedishInk-Tattoos-Likeink.jpg","width":1702,"height":1200,"caption":"Verzameling van tijdelijke tattoos van Official Swedish Ink, ontworpen door tatoe\u00eberder Patrik Sj\u00f6stj\u00e4rna."},{"@type":"BreadcrumbList","@id":"https:\/\/likeink.com\/nl\/tijdelijke-tattoo\/official-swedish-ink-nep-tattoos\/#breadcrumb","itemListElement":[{"@type":"ListItem","position":1,"name":"Hem","item":"https:\/\/likeink.com\/nl\/"},{"@type":"ListItem","position":2,"name":"Winkel","item":"https:\/\/likeink.com\/nl\/winkel\/"},{"@type":"ListItem","position":3,"name":"Official Swedish Ink Nep Tattoos"}]},{"@type":"WebSite","@id":"https:\/\/likeink.com\/nl\/#website","url":"https:\/\/likeink.com\/nl\/","name":"Like ink","description":"Maak je eigen tijdelijke tatoeages","potentialAction":[{"@type":"SearchAction","target":{"@type":"EntryPoint","urlTemplate":"https:\/\/likeink.com\/nl\/?s={search_term_string}"},"query-input":{"@type":"PropertyValueSpecification","valueRequired":true,"valueName":"search_term_string"}}],"inLanguage":"nl-NL"}]}},"_links":{"self":[{"href":"https:\/\/likeink.com\/nl\/wp-json\/wp\/v2\/product\/24284","targetHints":{"allow":["GET"]}}],"collection":[{"href":"https:\/\/likeink.com\/nl\/wp-json\/wp\/v2\/product"}],"about":[{"href":"https:\/\/likeink.com\/nl\/wp-json\/wp\/v2\/types\/product"}],"wp:featuredmedia":[{"embeddable":true,"href":"https:\/\/likeink.com\/nl\/wp-json\/wp\/v2\/media\/24255"}],"wp:attachment":[{"href":"https:\/\/likeink.com\/nl\/wp-json\/wp\/v2\/media?parent=24284"}],"wp:term":[{"taxonomy":"product_brand","embeddable":true,"href":"https:\/\/likeink.com\/nl\/wp-json\/wp\/v2\/product_brand?post=24284"},{"taxonomy":"product_cat","embeddable":true,"href":"https:\/\/likeink.com\/nl\/wp-json\/wp\/v2\/product_cat?post=24284"},{"taxonomy":"product_tag","embeddable":true,"href":"https:\/\/likeink.com\/nl\/wp-json\/wp\/v2\/product_tag?post=24284"}],"curies":[{"name":"wp","href":"https:\/\/api.w.org\/{rel}","templated":true}]}}