{"id":24794,"date":"2024-02-12T15:00:56","date_gmt":"2024-02-12T15:00:56","guid":{"rendered":"https:\/\/likeink.se\/gnuggis\/sagieart\/"},"modified":"2024-02-14T15:52:34","modified_gmt":"2024-02-14T15:52:34","slug":"flash-van-sagie-tattoo","status":"publish","type":"product","link":"https:\/\/likeink.com\/nl\/tijdelijke-tattoo\/flash-van-sagie-tattoo\/","title":{"rendered":"Flash &#8220;Unicum Gallery&#8221; van Sagie Tattoo"},"content":{"rendered":"","protected":false},"excerpt":{"rendered":"<p>Dit blad is ontworpen door de tatoe\u00eberder en graffiti-artiest Sagie Tattoo! Het is echt leuk om deze kleurrijke tattoo-kunstwerken in de vorm van kwalitatieve tijdelijke tatoeages aan te kunnen bieden.<\/p>\n<h2>Bestel tijdelijke tatoeages ontworpen door Sagie Tattoo.<\/h2>\n<p><strong>Dit is Christofer \u201dSagie\u201d:<\/strong> Christofer is een erkend getalenteerde graffiti-schilder en tatoe\u00eberder. Hij werkt dagelijks in zijn eigen studio, Unikum Gallery in J\u00f6nk\u00f6ping. Christofer werkt veel met aquarel-tatoeages en stijlen die dicht bij graffiti en streetart liggen, graag met een beetje kleur buiten de lijnen! Sagie is al meer dan 10 jaar bezig met tatoe\u00ebren en heeft zich bijna drie decennia lang met graffiti beziggehouden.<br \/>\nLike inks kant-en-klare bladen met tijdelijke tatoeages zijn ongeveer 20\u00d714 cm groot en gevuld met de ontwerpen die je op de afbeelding ziet. We drukken en versturen je blad met tatoeages binnen 24 uur na je bestelling.<\/p>\n<p><strong>Bladgrootte:<\/strong> A5<br \/>\n<strong>Grootte van de tatoeages:<\/strong> 6-10 cm<\/p>\n<p><strong>Neem contact op met Christofer:<\/strong><\/p>\n<p><strong>Instagram:<\/strong><br \/>\nsagietattoo<br \/>\nsagieart<\/p>\n<p><strong>Studio:<\/strong><br \/>\nUnikum Gallery<\/p>\n<p><strong>Adres:<\/strong><br \/>\nFornkullegatan 2, J\u00f6nk\u00f6ping<\/p>\n<p><strong>Website:<\/strong><br \/>\nsagie.se<\/p>\n","protected":false},"featured_media":24787,"template":"","meta":[],"product_brand":[],"product_cat":[521,54,502],"product_tag":[],"class_list":{"0":"post-24794","1":"product","2":"type-product","3":"status-publish","4":"has-post-thumbnail","6":"product_cat-dieren-natuur","7":"product_cat-kant-en-klare-vellen","8":"product_cat-samenwerkingen-met-tatoeeerders-nl","10":"first","11":"instock","12":"taxable","13":"shipping-taxable","14":"purchasable","15":"product-type-simple"},"yoast_head":"<!-- This site is optimized with the Yoast SEO Premium plugin v26.2 (Yoast SEO v27.5) - https:\/\/yoast.com\/product\/yoast-seo-premium-wordpress\/ -->\n<title>Flash &quot;Unicum Gallery&quot; van Sagie Tattoo - Like ink<\/title>\n<meta name=\"description\" content=\"Dit blad is ontworpen door de tatoe\u00eberder en graffiti-artiest Sagie Tattoo. Prachtige tijdelijke tatoeages van hoge kwaliteit! - Like ink\" \/>\n<meta name=\"robots\" content=\"index, follow, max-snippet:-1, max-image-preview:large, max-video-preview:-1\" \/>\n<link rel=\"canonical\" href=\"https:\/\/likeink.com\/nl\/tijdelijke-tattoo\/flash-van-sagie-tattoo\/\" \/>\n<meta property=\"og:locale\" content=\"nl_NL\" \/>\n<meta property=\"og:type\" content=\"article\" \/>\n<meta property=\"og:title\" content=\"Flash &quot;Unicum Gallery&quot; van Sagie Tattoo\" \/>\n<meta property=\"og:description\" content=\"Dit blad is ontworpen door de tatoe\u00eberder en graffiti-artiest Sagie Tattoo! Het is echt leuk om deze kleurrijke tattoo-kunstwerken in de vorm van kwalitatieve tijdelijke tatoeages aan te kunnen bieden. Bestel tijdelijke tatoeages ontworpen door Sagie Tattoo. Dit is Christofer \u201dSagie\u201d: Christofer is een erkend getalenteerde graffiti-schilder en tatoe\u00eberder. Hij werkt dagelijks in zijn eigen studio, Unikum Gallery in J\u00f6nk\u00f6ping. Christofer werkt veel met aquarel-tatoeages en stijlen die dicht bij graffiti en streetart liggen, graag met een beetje kleur buiten de lijnen! Sagie is al meer dan 10 jaar bezig met tatoe\u00ebren en heeft zich bijna drie decennia lang met graffiti beziggehouden. Like inks kant-en-klare bladen met tijdelijke tatoeages zijn ongeveer 20\u00d714 cm groot en gevuld met de ontwerpen die je op de afbeelding ziet. We drukken en versturen je blad met tatoeages binnen 24 uur na je bestelling.  Bladgrootte: A5 Grootte van de tatoeages: 6-10 cm  Neem contact op met Christofer:  Instagram: sagietattoo sagieart  Studio: Unikum Gallery  Adres: Fornkullegatan 2, J\u00f6nk\u00f6ping  Website: sagie.se\" \/>\n<meta property=\"og:url\" content=\"https:\/\/likeink.com\/nl\/tijdelijke-tattoo\/flash-van-sagie-tattoo\/\" \/>\n<meta property=\"og:site_name\" content=\"Like ink\" \/>\n<meta property=\"article:publisher\" content=\"https:\/\/www.facebook.com\/LikeInkSe\" \/>\n<meta property=\"article:modified_time\" content=\"2024-02-14T15:52:34+00:00\" \/>\n<meta property=\"og:image\" content=\"https:\/\/likeink.com\/wp-content\/uploads\/2024\/02\/SAGIE-UNIKUM-GALLERY-TATTOOS-LIKEINK-1.jpg\" \/>\n\t<meta property=\"og:image:width\" content=\"1702\" \/>\n\t<meta property=\"og:image:height\" content=\"1200\" \/>\n\t<meta property=\"og:image:type\" content=\"image\/jpeg\" \/>\n<meta name=\"twitter:card\" content=\"summary_large_image\" \/>\n<meta name=\"twitter:label1\" content=\"Geschatte leestijd\" \/>\n\t<meta name=\"twitter:data1\" content=\"1 minuut\" \/>\n<!-- \/ Yoast SEO Premium plugin. -->","yoast_head_json":{"title":"Flash \"Unicum Gallery\" van Sagie Tattoo - Like ink","description":"Dit blad is ontworpen door de tatoe\u00eberder en graffiti-artiest Sagie Tattoo. Prachtige tijdelijke tatoeages van hoge kwaliteit! - Like ink","robots":{"index":"index","follow":"follow","max-snippet":"max-snippet:-1","max-image-preview":"max-image-preview:large","max-video-preview":"max-video-preview:-1"},"canonical":"https:\/\/likeink.com\/nl\/tijdelijke-tattoo\/flash-van-sagie-tattoo\/","og_locale":"nl_NL","og_type":"article","og_title":"Flash \"Unicum Gallery\" van Sagie Tattoo","og_description":"Dit blad is ontworpen door de tatoe\u00eberder en graffiti-artiest Sagie Tattoo! Het is echt leuk om deze kleurrijke tattoo-kunstwerken in de vorm van kwalitatieve tijdelijke tatoeages aan te kunnen bieden. Bestel tijdelijke tatoeages ontworpen door Sagie Tattoo. Dit is Christofer \u201dSagie\u201d: Christofer is een erkend getalenteerde graffiti-schilder en tatoe\u00eberder. Hij werkt dagelijks in zijn eigen studio, Unikum Gallery in J\u00f6nk\u00f6ping. Christofer werkt veel met aquarel-tatoeages en stijlen die dicht bij graffiti en streetart liggen, graag met een beetje kleur buiten de lijnen! Sagie is al meer dan 10 jaar bezig met tatoe\u00ebren en heeft zich bijna drie decennia lang met graffiti beziggehouden. Like inks kant-en-klare bladen met tijdelijke tatoeages zijn ongeveer 20\u00d714 cm groot en gevuld met de ontwerpen die je op de afbeelding ziet. We drukken en versturen je blad met tatoeages binnen 24 uur na je bestelling.  Bladgrootte: A5 Grootte van de tatoeages: 6-10 cm  Neem contact op met Christofer:  Instagram: sagietattoo sagieart  Studio: Unikum Gallery  Adres: Fornkullegatan 2, J\u00f6nk\u00f6ping  Website: sagie.se","og_url":"https:\/\/likeink.com\/nl\/tijdelijke-tattoo\/flash-van-sagie-tattoo\/","og_site_name":"Like ink","article_publisher":"https:\/\/www.facebook.com\/LikeInkSe","article_modified_time":"2024-02-14T15:52:34+00:00","og_image":[{"width":1702,"height":1200,"url":"https:\/\/likeink.com\/wp-content\/uploads\/2024\/02\/SAGIE-UNIKUM-GALLERY-TATTOOS-LIKEINK-1.jpg","type":"image\/jpeg"}],"twitter_card":"summary_large_image","twitter_misc":{"Geschatte leestijd":"1 minuut"},"schema":{"@context":"https:\/\/schema.org","@graph":[{"@type":"WebPage","@id":"https:\/\/likeink.com\/nl\/tijdelijke-tattoo\/flash-van-sagie-tattoo\/","url":"https:\/\/likeink.com\/nl\/tijdelijke-tattoo\/flash-van-sagie-tattoo\/","name":"Flash \"Unicum Gallery\" van Sagie Tattoo - Like ink","isPartOf":{"@id":"https:\/\/likeink.com\/nl\/#website"},"primaryImageOfPage":{"@id":"https:\/\/likeink.com\/nl\/tijdelijke-tattoo\/flash-van-sagie-tattoo\/#primaryimage"},"image":{"@id":"https:\/\/likeink.com\/nl\/tijdelijke-tattoo\/flash-van-sagie-tattoo\/#primaryimage"},"thumbnailUrl":"https:\/\/likeink.com\/wp-content\/uploads\/2024\/02\/SAGIE-UNIKUM-GALLERY-TATTOOS-LIKEINK-1.jpg","datePublished":"2024-02-12T15:00:56+00:00","dateModified":"2024-02-14T15:52:34+00:00","description":"Dit blad is ontworpen door de tatoe\u00eberder en graffiti-artiest Sagie Tattoo. Prachtige tijdelijke tatoeages van hoge kwaliteit! - Like ink","breadcrumb":{"@id":"https:\/\/likeink.com\/nl\/tijdelijke-tattoo\/flash-van-sagie-tattoo\/#breadcrumb"},"inLanguage":"nl-NL","potentialAction":[{"@type":"ReadAction","target":["https:\/\/likeink.com\/nl\/tijdelijke-tattoo\/flash-van-sagie-tattoo\/"]}]},{"@type":"ImageObject","inLanguage":"nl-NL","@id":"https:\/\/likeink.com\/nl\/tijdelijke-tattoo\/flash-van-sagie-tattoo\/#primaryimage","url":"https:\/\/likeink.com\/wp-content\/uploads\/2024\/02\/SAGIE-UNIKUM-GALLERY-TATTOOS-LIKEINK-1.jpg","contentUrl":"https:\/\/likeink.com\/wp-content\/uploads\/2024\/02\/SAGIE-UNIKUM-GALLERY-TATTOOS-LIKEINK-1.jpg","width":1702,"height":1200,"caption":"5 grote dierentatoeages in waterverf"},{"@type":"BreadcrumbList","@id":"https:\/\/likeink.com\/nl\/tijdelijke-tattoo\/flash-van-sagie-tattoo\/#breadcrumb","itemListElement":[{"@type":"ListItem","position":1,"name":"Hem","item":"https:\/\/likeink.com\/nl\/"},{"@type":"ListItem","position":2,"name":"Winkel","item":"https:\/\/likeink.com\/nl\/winkel\/"},{"@type":"ListItem","position":3,"name":"Flash &#8220;Unicum Gallery&#8221; van Sagie Tattoo"}]},{"@type":"WebSite","@id":"https:\/\/likeink.com\/nl\/#website","url":"https:\/\/likeink.com\/nl\/","name":"Like ink","description":"Maak je eigen tijdelijke tatoeages","potentialAction":[{"@type":"SearchAction","target":{"@type":"EntryPoint","urlTemplate":"https:\/\/likeink.com\/nl\/?s={search_term_string}"},"query-input":{"@type":"PropertyValueSpecification","valueRequired":true,"valueName":"search_term_string"}}],"inLanguage":"nl-NL"}]}},"_links":{"self":[{"href":"https:\/\/likeink.com\/nl\/wp-json\/wp\/v2\/product\/24794","targetHints":{"allow":["GET"]}}],"collection":[{"href":"https:\/\/likeink.com\/nl\/wp-json\/wp\/v2\/product"}],"about":[{"href":"https:\/\/likeink.com\/nl\/wp-json\/wp\/v2\/types\/product"}],"wp:featuredmedia":[{"embeddable":true,"href":"https:\/\/likeink.com\/nl\/wp-json\/wp\/v2\/media\/24787"}],"wp:attachment":[{"href":"https:\/\/likeink.com\/nl\/wp-json\/wp\/v2\/media?parent=24794"}],"wp:term":[{"taxonomy":"product_brand","embeddable":true,"href":"https:\/\/likeink.com\/nl\/wp-json\/wp\/v2\/product_brand?post=24794"},{"taxonomy":"product_cat","embeddable":true,"href":"https:\/\/likeink.com\/nl\/wp-json\/wp\/v2\/product_cat?post=24794"},{"taxonomy":"product_tag","embeddable":true,"href":"https:\/\/likeink.com\/nl\/wp-json\/wp\/v2\/product_tag?post=24794"}],"curies":[{"name":"wp","href":"https:\/\/api.w.org\/{rel}","templated":true}]}}