{"id":35821,"date":"2025-03-10T13:30:22","date_gmt":"2025-03-10T13:30:22","guid":{"rendered":"https:\/\/likeink.se\/gnuggis\/flash-mix-sheet-by-kristoffer-don-cash\/"},"modified":"2025-03-10T13:46:39","modified_gmt":"2025-03-10T13:46:39","slug":"flash-mix-sheet-by-kristoffer-don-cash","status":"publish","type":"product","link":"https:\/\/likeink.com\/nl\/tijdelijke-tattoo\/flash-mix-sheet-by-kristoffer-don-cash\/","title":{"rendered":"Flash \u201dMix Sheet\u201d by Kristoffer Don Cash"},"content":{"rendered":"","protected":false},"excerpt":{"rendered":"<p>Ontdek unieke siertotattoos gecre\u00eberd door tatoe\u00eberder Kristoffer Don Cash. Elk ontwerp is met de hand getekend en ge\u00efnspireerd op zijn kenmerkende stijl, met grafische details en een vleugje realisme. De tatoeages zijn veganistisch, hypoallergeen en eenvoudig met water aan te brengen. Deze siertotattoos blijven meerdere dagen zitten, maar kunnen gemakkelijk worden afgewassen wanneer je een nieuw ontwerp wilt proberen.  <\/p>\n<h2>Bestel tatoeages ontworpen door tatoe\u00eberder Kristoffer Don Cash<\/h2>\n<p><strong>Over Kristoffer Segerstr\u00f6m:<\/strong><br \/>\nIk werk 93,6% van de tijd met zwarte inkt en geef de voorkeur aan grafische ontwerpen met een vleugje realisme.<br \/>\nZoals velen in de industrie heb ik een achtergrond in graffiti, maar na een tijdje voelde ik dat het tijd was om verder te gaan en begon ik kunst te studeren. Tijdens mijn studie ontdekte ik tatoeages, en op een late avond in een studio besloot ik mijn eigen dijbeen te tatoe\u00ebren \u2013 vanaf dat moment was ik verslaafd!  <\/p>\n<p>Ik werk nu ongeveer tien jaar als tatoe\u00eberder en hou van elk aspect van het vak. Ik heb in studios over de hele wereld gasttatoeages gezet en ben van plan dit te blijven doen zolang mijn rug het toelaat!  <\/p>\n<p><strong>Naam:<\/strong> Kristoffer Don Cash<br \/>\n<strong>Instagram:<\/strong> @k.doncash<br \/>\n<strong>Studio:<\/strong> Kopparhjerta Falun \/ Stockholm<br \/>\n<strong>Studio Instagram:<\/strong> @kopparhjerta  <\/p>\n<p><strong>Vellformaat:<\/strong> A5<br \/>\n<strong>Aantal tatoeages:<\/strong> 22<br \/>\n<strong>Tatoeagegrootte:<\/strong> 25-85 mm  <\/p>\n","protected":false},"featured_media":35813,"template":"","meta":[],"product_brand":[],"product_cat":[54,502],"product_tag":[],"class_list":{"0":"post-35821","1":"product","2":"type-product","3":"status-publish","4":"has-post-thumbnail","6":"product_cat-kant-en-klare-vellen","7":"product_cat-samenwerkingen-met-tatoeeerders-nl","9":"first","10":"instock","11":"taxable","12":"shipping-taxable","13":"purchasable","14":"product-type-simple"},"yoast_head":"<!-- This site is optimized with the Yoast SEO Premium plugin v26.2 (Yoast SEO v27.5) - https:\/\/yoast.com\/product\/yoast-seo-premium-wordpress\/ -->\n<title>Bestel siertotattoos van tatoe\u00eberder Kristoffer Don Cash - Like ink<\/title>\n<meta name=\"description\" content=\"Ontdek siertotattoos ontworpen door tatoe\u00eberder Kristoffer Don Cash. Veganistisch, hypoallergeen en eenvoudig aan te brengen en te verwijderen.\" \/>\n<meta name=\"robots\" content=\"index, follow, max-snippet:-1, max-image-preview:large, max-video-preview:-1\" \/>\n<link rel=\"canonical\" href=\"https:\/\/likeink.com\/nl\/tijdelijke-tattoo\/flash-mix-sheet-by-kristoffer-don-cash\/\" \/>\n<meta property=\"og:locale\" content=\"nl_NL\" \/>\n<meta property=\"og:type\" content=\"article\" \/>\n<meta property=\"og:title\" content=\"Flash \u201dMix Sheet\u201d by Kristoffer Don Cash\" \/>\n<meta property=\"og:description\" content=\"Ontdek unieke siertotattoos gecre\u00eberd door tatoe\u00eberder Kristoffer Don Cash. Elk ontwerp is met de hand getekend en ge\u00efnspireerd op zijn kenmerkende stijl, met grafische details en een vleugje realisme. De tatoeages zijn veganistisch, hypoallergeen en eenvoudig met water aan te brengen. Deze siertotattoos blijven meerdere dagen zitten, maar kunnen gemakkelijk worden afgewassen wanneer je een nieuw ontwerp wilt proberen.   Bestel tatoeages ontworpen door tatoe\u00eberder Kristoffer Don Cash   Over Kristoffer Segerstr\u00f6m:  Ik werk 93,6% van de tijd met zwarte inkt en geef de voorkeur aan grafische ontwerpen met een vleugje realisme.  Zoals velen in de industrie heb ik een achtergrond in graffiti, maar na een tijdje voelde ik dat het tijd was om verder te gaan en begon ik kunst te studeren. Tijdens mijn studie ontdekte ik tatoeages, en op een late avond in een studio besloot ik mijn eigen dijbeen te tatoe\u00ebren \u2013 vanaf dat moment was ik verslaafd!   Ik werk nu ongeveer tien jaar als tatoe\u00eberder en hou van elk aspect van het vak. Ik heb in studios over de hele wereld gasttatoeages gezet en ben van plan dit te blijven doen zolang mijn rug het toelaat!   Naam: Kristoffer Don Cash  Instagram: @k.doncash  Studio: Kopparhjerta Falun \/ Stockholm  Studio Instagram: @kopparhjerta   Vellformaat: A5  Aantal tatoeages: 22  Tatoeagegrootte: 25-85 mm\" \/>\n<meta property=\"og:url\" content=\"https:\/\/likeink.com\/nl\/tijdelijke-tattoo\/flash-mix-sheet-by-kristoffer-don-cash\/\" \/>\n<meta property=\"og:site_name\" content=\"Like ink\" \/>\n<meta property=\"article:publisher\" content=\"https:\/\/www.facebook.com\/LikeInkSe\" \/>\n<meta property=\"article:modified_time\" content=\"2025-03-10T13:46:39+00:00\" \/>\n<meta property=\"og:image\" content=\"https:\/\/likeink.com\/wp-content\/uploads\/2025\/03\/Kopparhjerta-Tatuering-Likeink.jpg\" \/>\n\t<meta property=\"og:image:width\" content=\"1600\" \/>\n\t<meta property=\"og:image:height\" content=\"1127\" \/>\n\t<meta property=\"og:image:type\" content=\"image\/jpeg\" \/>\n<meta name=\"twitter:card\" content=\"summary_large_image\" \/>\n<meta name=\"twitter:label1\" content=\"Geschatte leestijd\" \/>\n\t<meta name=\"twitter:data1\" content=\"1 minuut\" \/>\n<!-- \/ Yoast SEO Premium plugin. -->","yoast_head_json":{"title":"Bestel siertotattoos van tatoe\u00eberder Kristoffer Don Cash - Like ink","description":"Ontdek siertotattoos ontworpen door tatoe\u00eberder Kristoffer Don Cash. Veganistisch, hypoallergeen en eenvoudig aan te brengen en te verwijderen.","robots":{"index":"index","follow":"follow","max-snippet":"max-snippet:-1","max-image-preview":"max-image-preview:large","max-video-preview":"max-video-preview:-1"},"canonical":"https:\/\/likeink.com\/nl\/tijdelijke-tattoo\/flash-mix-sheet-by-kristoffer-don-cash\/","og_locale":"nl_NL","og_type":"article","og_title":"Flash \u201dMix Sheet\u201d by Kristoffer Don Cash","og_description":"Ontdek unieke siertotattoos gecre\u00eberd door tatoe\u00eberder Kristoffer Don Cash. Elk ontwerp is met de hand getekend en ge\u00efnspireerd op zijn kenmerkende stijl, met grafische details en een vleugje realisme. De tatoeages zijn veganistisch, hypoallergeen en eenvoudig met water aan te brengen. Deze siertotattoos blijven meerdere dagen zitten, maar kunnen gemakkelijk worden afgewassen wanneer je een nieuw ontwerp wilt proberen.   Bestel tatoeages ontworpen door tatoe\u00eberder Kristoffer Don Cash   Over Kristoffer Segerstr\u00f6m:  Ik werk 93,6% van de tijd met zwarte inkt en geef de voorkeur aan grafische ontwerpen met een vleugje realisme.  Zoals velen in de industrie heb ik een achtergrond in graffiti, maar na een tijdje voelde ik dat het tijd was om verder te gaan en begon ik kunst te studeren. Tijdens mijn studie ontdekte ik tatoeages, en op een late avond in een studio besloot ik mijn eigen dijbeen te tatoe\u00ebren \u2013 vanaf dat moment was ik verslaafd!   Ik werk nu ongeveer tien jaar als tatoe\u00eberder en hou van elk aspect van het vak. Ik heb in studios over de hele wereld gasttatoeages gezet en ben van plan dit te blijven doen zolang mijn rug het toelaat!   Naam: Kristoffer Don Cash  Instagram: @k.doncash  Studio: Kopparhjerta Falun \/ Stockholm  Studio Instagram: @kopparhjerta   Vellformaat: A5  Aantal tatoeages: 22  Tatoeagegrootte: 25-85 mm","og_url":"https:\/\/likeink.com\/nl\/tijdelijke-tattoo\/flash-mix-sheet-by-kristoffer-don-cash\/","og_site_name":"Like ink","article_publisher":"https:\/\/www.facebook.com\/LikeInkSe","article_modified_time":"2025-03-10T13:46:39+00:00","og_image":[{"width":1600,"height":1127,"url":"https:\/\/likeink.com\/wp-content\/uploads\/2025\/03\/Kopparhjerta-Tatuering-Likeink.jpg","type":"image\/jpeg"}],"twitter_card":"summary_large_image","twitter_misc":{"Geschatte leestijd":"1 minuut"},"schema":{"@context":"https:\/\/schema.org","@graph":[{"@type":"WebPage","@id":"https:\/\/likeink.com\/nl\/tijdelijke-tattoo\/flash-mix-sheet-by-kristoffer-don-cash\/","url":"https:\/\/likeink.com\/nl\/tijdelijke-tattoo\/flash-mix-sheet-by-kristoffer-don-cash\/","name":"Bestel siertotattoos van tatoe\u00eberder Kristoffer Don Cash - Like ink","isPartOf":{"@id":"https:\/\/likeink.com\/nl\/#website"},"primaryImageOfPage":{"@id":"https:\/\/likeink.com\/nl\/tijdelijke-tattoo\/flash-mix-sheet-by-kristoffer-don-cash\/#primaryimage"},"image":{"@id":"https:\/\/likeink.com\/nl\/tijdelijke-tattoo\/flash-mix-sheet-by-kristoffer-don-cash\/#primaryimage"},"thumbnailUrl":"https:\/\/likeink.com\/wp-content\/uploads\/2025\/03\/Kopparhjerta-Tatuering-Likeink.jpg","datePublished":"2025-03-10T13:30:22+00:00","dateModified":"2025-03-10T13:46:39+00:00","description":"Ontdek siertotattoos ontworpen door tatoe\u00eberder Kristoffer Don Cash. Veganistisch, hypoallergeen en eenvoudig aan te brengen en te verwijderen.","breadcrumb":{"@id":"https:\/\/likeink.com\/nl\/tijdelijke-tattoo\/flash-mix-sheet-by-kristoffer-don-cash\/#breadcrumb"},"inLanguage":"nl-NL","potentialAction":[{"@type":"ReadAction","target":["https:\/\/likeink.com\/nl\/tijdelijke-tattoo\/flash-mix-sheet-by-kristoffer-don-cash\/"]}]},{"@type":"ImageObject","inLanguage":"nl-NL","@id":"https:\/\/likeink.com\/nl\/tijdelijke-tattoo\/flash-mix-sheet-by-kristoffer-don-cash\/#primaryimage","url":"https:\/\/likeink.com\/wp-content\/uploads\/2025\/03\/Kopparhjerta-Tatuering-Likeink.jpg","contentUrl":"https:\/\/likeink.com\/wp-content\/uploads\/2025\/03\/Kopparhjerta-Tatuering-Likeink.jpg","width":1600,"height":1127,"caption":"Een verzameling zwart-witte tijdelijke tatoeages met een mix van vintage, gotische en moderne elementen. Bevat bloemenmotieven, abstracte symbolen en handgeschreven woorden."},{"@type":"BreadcrumbList","@id":"https:\/\/likeink.com\/nl\/tijdelijke-tattoo\/flash-mix-sheet-by-kristoffer-don-cash\/#breadcrumb","itemListElement":[{"@type":"ListItem","position":1,"name":"Hem","item":"https:\/\/likeink.com\/nl\/"},{"@type":"ListItem","position":2,"name":"Winkel","item":"https:\/\/likeink.com\/nl\/winkel\/"},{"@type":"ListItem","position":3,"name":"Flash \u201dMix Sheet\u201d by Kristoffer Don Cash"}]},{"@type":"WebSite","@id":"https:\/\/likeink.com\/nl\/#website","url":"https:\/\/likeink.com\/nl\/","name":"Like ink","description":"Maak je eigen tijdelijke tatoeages","potentialAction":[{"@type":"SearchAction","target":{"@type":"EntryPoint","urlTemplate":"https:\/\/likeink.com\/nl\/?s={search_term_string}"},"query-input":{"@type":"PropertyValueSpecification","valueRequired":true,"valueName":"search_term_string"}}],"inLanguage":"nl-NL"}]}},"_links":{"self":[{"href":"https:\/\/likeink.com\/nl\/wp-json\/wp\/v2\/product\/35821","targetHints":{"allow":["GET"]}}],"collection":[{"href":"https:\/\/likeink.com\/nl\/wp-json\/wp\/v2\/product"}],"about":[{"href":"https:\/\/likeink.com\/nl\/wp-json\/wp\/v2\/types\/product"}],"wp:featuredmedia":[{"embeddable":true,"href":"https:\/\/likeink.com\/nl\/wp-json\/wp\/v2\/media\/35813"}],"wp:attachment":[{"href":"https:\/\/likeink.com\/nl\/wp-json\/wp\/v2\/media?parent=35821"}],"wp:term":[{"taxonomy":"product_brand","embeddable":true,"href":"https:\/\/likeink.com\/nl\/wp-json\/wp\/v2\/product_brand?post=35821"},{"taxonomy":"product_cat","embeddable":true,"href":"https:\/\/likeink.com\/nl\/wp-json\/wp\/v2\/product_cat?post=35821"},{"taxonomy":"product_tag","embeddable":true,"href":"https:\/\/likeink.com\/nl\/wp-json\/wp\/v2\/product_tag?post=35821"}],"curies":[{"name":"wp","href":"https:\/\/api.w.org\/{rel}","templated":true}]}}