{"id":4946,"date":"2021-03-18T13:35:13","date_gmt":"2021-03-18T13:35:13","guid":{"rendered":"https:\/\/likeink.se\/produkt\/flash-3-by-annica-at-accas-tattoo\/"},"modified":"2024-02-14T15:48:30","modified_gmt":"2024-02-14T15:48:30","slug":"annica-at-accas-tattoo","status":"publish","type":"product","link":"https:\/\/likeink.com\/nl\/tijdelijke-tattoo\/annica-at-accas-tattoo\/","title":{"rendered":"Flash &#8220;Flowers&#8221; by Studio by Akka"},"content":{"rendered":"","protected":false},"excerpt":{"rendered":"<p>Our finished disposable sheets with fake tattoos are approximately 20\u00d715 cm large and filled with the design you see in the picture.o ensure your satisfaction, we will print and send the sheet within 24 hours after you have ordered. This sheet is designed by the talented tattoo Annica at Akkas Tattoo.<\/p>\n<p>Beautiful flower tattoos and flamingo tattoo made by the tattoo artist Akka in Sweden.<\/p>\n<p><strong>This is Annica:<\/strong> I have always loved to draw and work with my hands.<br \/>\nThe dream of becoming a tattoo artist grew stronger for each year, until I finally decided to take the big step and open my own shop. I\u2019m completely self-thaught and have worked hard to get to where I\u2019m today. I have been a tattoo artist for almost eight years now and I love my job. I\u2019m participating at several tattoo conventions each year. In 2018 I won my first price in a tattoo competition and in 2019 I got sponsorship from IQ Tattoocare and Supply-division Denmark.<br \/>\nWhat I like to tattoo the most is all different kinds of designs in color in styles like avantgarde, trash polka and watercolor. But I don\u2019t want to be limoted so therefore I\u2019m tattooing almost everything. If you want to know more about me and see my work then check out the links.<\/p>\n<p><strong>Get in touch with Annica:<\/strong><\/p>\n<p><strong>Instagram<\/strong><br \/>\nakkas_tattoo<\/p>\n<p><strong>Facebook:<\/strong><br \/>\nAkkas Tattoo<\/p>\n<p><strong>Studio:<\/strong><br \/>\nAkkas Tattoo<br \/>\nAdress:<\/p>\n<p>S\u00f6dra J\u00e4rnv\u00e4gsgatan 27 i Vinsl\u00f6v<br \/>\nWeb: www.akkastattoo.se<\/p>\n","protected":false},"featured_media":4928,"template":"","meta":[],"product_brand":[],"product_cat":[54],"product_tag":[],"class_list":{"0":"post-4946","1":"product","2":"type-product","3":"status-publish","4":"has-post-thumbnail","6":"product_cat-kant-en-klare-vellen","8":"first","9":"instock","10":"taxable","11":"shipping-taxable","12":"purchasable","13":"product-type-simple"},"yoast_head":"<!-- This site is optimized with the Yoast SEO Premium plugin v26.2 (Yoast SEO v27.4) - https:\/\/yoast.com\/product\/yoast-seo-premium-wordpress\/ -->\n<title>Tijdelijke tatoeages door de tatoe\u00eberder Annica | Akkas Tattoo Like ink<\/title>\n<meta name=\"description\" content=\"Bestel tijdelijke tatoeages van de tatoe\u00eberder Annica bij Akkas Tattoo. Alleen bij Like ink. Wij verzenden wereldwijd binnen 24 uur. - Like ink\" \/>\n<meta name=\"robots\" content=\"index, follow, max-snippet:-1, max-image-preview:large, max-video-preview:-1\" \/>\n<link rel=\"canonical\" href=\"https:\/\/likeink.com\/nl\/tijdelijke-tattoo\/annica-at-accas-tattoo\/\" \/>\n<meta property=\"og:locale\" content=\"nl_NL\" \/>\n<meta property=\"og:type\" content=\"article\" \/>\n<meta property=\"og:title\" content=\"Flash &quot;Flowers&quot; by Studio by Akka\" \/>\n<meta property=\"og:description\" content=\"Our finished disposable sheets with fake tattoos are approximately 20\u00d715 cm large and filled with the design you see in the picture.o ensure your satisfaction, we will print and send the sheet within 24 hours after you have ordered. This sheet is designed by the talented tattoo Annica at Akkas Tattoo.  Beautiful flower tattoos and flamingo tattoo made by the tattoo artist Akka in Sweden.  This is Annica: I have always loved to draw and work with my hands. The dream of becoming a tattoo artist grew stronger for each year, until I finally decided to take the big step and open my own shop. I\u2019m completely self-thaught and have worked hard to get to where I\u2019m today. I have been a tattoo artist for almost eight years now and I love my job. I\u2019m participating at several tattoo conventions each year. In 2018 I won my first price in a tattoo competition and in 2019 I got sponsorship from IQ Tattoocare and Supply-division Denmark. What I like to tattoo the most is all different kinds of designs in color in styles like avantgarde, trash polka and watercolor. But I don\u2019t want to be limoted so therefore I\u2019m tattooing almost everything. If you want to know more about me and see my work then check out the links.  Get in touch with Annica:  Instagram akkas_tattoo  Facebook: Akkas Tattoo  Studio: Akkas Tattoo Adress:  S\u00f6dra J\u00e4rnv\u00e4gsgatan 27 i Vinsl\u00f6v Web: www.akkastattoo.se\" \/>\n<meta property=\"og:url\" content=\"https:\/\/likeink.com\/nl\/tijdelijke-tattoo\/annica-at-accas-tattoo\/\" \/>\n<meta property=\"og:site_name\" content=\"Like ink\" \/>\n<meta property=\"article:publisher\" content=\"https:\/\/www.facebook.com\/LikeInkSe\" \/>\n<meta property=\"article:modified_time\" content=\"2024-02-14T15:48:30+00:00\" \/>\n<meta property=\"og:image\" content=\"https:\/\/likeink.com\/wp-content\/uploads\/2021\/03\/Akka3.jpeg\" \/>\n\t<meta property=\"og:image:width\" content=\"1668\" \/>\n\t<meta property=\"og:image:height\" content=\"1179\" \/>\n\t<meta property=\"og:image:type\" content=\"image\/jpeg\" \/>\n<meta name=\"twitter:card\" content=\"summary_large_image\" \/>\n<script type=\"application\/ld+json\" class=\"yoast-schema-graph\">{\"@context\":\"https:\\\/\\\/schema.org\",\"@graph\":[{\"@type\":\"WebPage\",\"@id\":\"https:\\\/\\\/likeink.com\\\/nl\\\/tijdelijke-tattoo\\\/annica-at-accas-tattoo\\\/\",\"url\":\"https:\\\/\\\/likeink.com\\\/nl\\\/tijdelijke-tattoo\\\/annica-at-accas-tattoo\\\/\",\"name\":\"Tijdelijke tatoeages door de tatoe\u00eberder Annica | Akkas Tattoo Like ink\",\"isPartOf\":{\"@id\":\"https:\\\/\\\/likeink.com\\\/nl\\\/#website\"},\"primaryImageOfPage\":{\"@id\":\"https:\\\/\\\/likeink.com\\\/nl\\\/tijdelijke-tattoo\\\/annica-at-accas-tattoo\\\/#primaryimage\"},\"image\":{\"@id\":\"https:\\\/\\\/likeink.com\\\/nl\\\/tijdelijke-tattoo\\\/annica-at-accas-tattoo\\\/#primaryimage\"},\"thumbnailUrl\":\"https:\\\/\\\/likeink.com\\\/wp-content\\\/uploads\\\/2021\\\/03\\\/Akka3.jpeg\",\"datePublished\":\"2021-03-18T13:35:13+00:00\",\"dateModified\":\"2024-02-14T15:48:30+00:00\",\"description\":\"Bestel tijdelijke tatoeages van de tatoe\u00eberder Annica bij Akkas Tattoo. Alleen bij Like ink. Wij verzenden wereldwijd binnen 24 uur. - Like ink\",\"breadcrumb\":{\"@id\":\"https:\\\/\\\/likeink.com\\\/nl\\\/tijdelijke-tattoo\\\/annica-at-accas-tattoo\\\/#breadcrumb\"},\"inLanguage\":\"nl-NL\",\"potentialAction\":[{\"@type\":\"ReadAction\",\"target\":[\"https:\\\/\\\/likeink.com\\\/nl\\\/tijdelijke-tattoo\\\/annica-at-accas-tattoo\\\/\"]}]},{\"@type\":\"ImageObject\",\"inLanguage\":\"nl-NL\",\"@id\":\"https:\\\/\\\/likeink.com\\\/nl\\\/tijdelijke-tattoo\\\/annica-at-accas-tattoo\\\/#primaryimage\",\"url\":\"https:\\\/\\\/likeink.com\\\/wp-content\\\/uploads\\\/2021\\\/03\\\/Akka3.jpeg\",\"contentUrl\":\"https:\\\/\\\/likeink.com\\\/wp-content\\\/uploads\\\/2021\\\/03\\\/Akka3.jpeg\",\"width\":1668,\"height\":1179,\"caption\":\"Koop Tijdelijke tatoeages met motieven van bloemen ontworpen door Akkas Tattoo.\"},{\"@type\":\"BreadcrumbList\",\"@id\":\"https:\\\/\\\/likeink.com\\\/nl\\\/tijdelijke-tattoo\\\/annica-at-accas-tattoo\\\/#breadcrumb\",\"itemListElement\":[{\"@type\":\"ListItem\",\"position\":1,\"name\":\"Hem\",\"item\":\"https:\\\/\\\/likeink.com\\\/nl\\\/\"},{\"@type\":\"ListItem\",\"position\":2,\"name\":\"Winkel\",\"item\":\"https:\\\/\\\/likeink.com\\\/nl\\\/winkel\\\/\"},{\"@type\":\"ListItem\",\"position\":3,\"name\":\"Flash &#8220;Flowers&#8221; by Studio by Akka\"}]},{\"@type\":\"WebSite\",\"@id\":\"https:\\\/\\\/likeink.com\\\/nl\\\/#website\",\"url\":\"https:\\\/\\\/likeink.com\\\/nl\\\/\",\"name\":\"Like ink\",\"description\":\"Maak je eigen tijdelijke tatoeages\",\"potentialAction\":[{\"@type\":\"SearchAction\",\"target\":{\"@type\":\"EntryPoint\",\"urlTemplate\":\"https:\\\/\\\/likeink.com\\\/nl\\\/?s={search_term_string}\"},\"query-input\":{\"@type\":\"PropertyValueSpecification\",\"valueRequired\":true,\"valueName\":\"search_term_string\"}}],\"inLanguage\":\"nl-NL\"}]}<\/script>\n<!-- \/ Yoast SEO Premium plugin. -->","yoast_head_json":{"title":"Tijdelijke tatoeages door de tatoe\u00eberder Annica | Akkas Tattoo Like ink","description":"Bestel tijdelijke tatoeages van de tatoe\u00eberder Annica bij Akkas Tattoo. Alleen bij Like ink. Wij verzenden wereldwijd binnen 24 uur. - Like ink","robots":{"index":"index","follow":"follow","max-snippet":"max-snippet:-1","max-image-preview":"max-image-preview:large","max-video-preview":"max-video-preview:-1"},"canonical":"https:\/\/likeink.com\/nl\/tijdelijke-tattoo\/annica-at-accas-tattoo\/","og_locale":"nl_NL","og_type":"article","og_title":"Flash \"Flowers\" by Studio by Akka","og_description":"Our finished disposable sheets with fake tattoos are approximately 20\u00d715 cm large and filled with the design you see in the picture.o ensure your satisfaction, we will print and send the sheet within 24 hours after you have ordered. This sheet is designed by the talented tattoo Annica at Akkas Tattoo.  Beautiful flower tattoos and flamingo tattoo made by the tattoo artist Akka in Sweden.  This is Annica: I have always loved to draw and work with my hands. The dream of becoming a tattoo artist grew stronger for each year, until I finally decided to take the big step and open my own shop. I\u2019m completely self-thaught and have worked hard to get to where I\u2019m today. I have been a tattoo artist for almost eight years now and I love my job. I\u2019m participating at several tattoo conventions each year. In 2018 I won my first price in a tattoo competition and in 2019 I got sponsorship from IQ Tattoocare and Supply-division Denmark. What I like to tattoo the most is all different kinds of designs in color in styles like avantgarde, trash polka and watercolor. But I don\u2019t want to be limoted so therefore I\u2019m tattooing almost everything. If you want to know more about me and see my work then check out the links.  Get in touch with Annica:  Instagram akkas_tattoo  Facebook: Akkas Tattoo  Studio: Akkas Tattoo Adress:  S\u00f6dra J\u00e4rnv\u00e4gsgatan 27 i Vinsl\u00f6v Web: www.akkastattoo.se","og_url":"https:\/\/likeink.com\/nl\/tijdelijke-tattoo\/annica-at-accas-tattoo\/","og_site_name":"Like ink","article_publisher":"https:\/\/www.facebook.com\/LikeInkSe","article_modified_time":"2024-02-14T15:48:30+00:00","og_image":[{"width":1668,"height":1179,"url":"https:\/\/likeink.com\/wp-content\/uploads\/2021\/03\/Akka3.jpeg","type":"image\/jpeg"}],"twitter_card":"summary_large_image","schema":{"@context":"https:\/\/schema.org","@graph":[{"@type":"WebPage","@id":"https:\/\/likeink.com\/nl\/tijdelijke-tattoo\/annica-at-accas-tattoo\/","url":"https:\/\/likeink.com\/nl\/tijdelijke-tattoo\/annica-at-accas-tattoo\/","name":"Tijdelijke tatoeages door de tatoe\u00eberder Annica | Akkas Tattoo Like ink","isPartOf":{"@id":"https:\/\/likeink.com\/nl\/#website"},"primaryImageOfPage":{"@id":"https:\/\/likeink.com\/nl\/tijdelijke-tattoo\/annica-at-accas-tattoo\/#primaryimage"},"image":{"@id":"https:\/\/likeink.com\/nl\/tijdelijke-tattoo\/annica-at-accas-tattoo\/#primaryimage"},"thumbnailUrl":"https:\/\/likeink.com\/wp-content\/uploads\/2021\/03\/Akka3.jpeg","datePublished":"2021-03-18T13:35:13+00:00","dateModified":"2024-02-14T15:48:30+00:00","description":"Bestel tijdelijke tatoeages van de tatoe\u00eberder Annica bij Akkas Tattoo. Alleen bij Like ink. Wij verzenden wereldwijd binnen 24 uur. - Like ink","breadcrumb":{"@id":"https:\/\/likeink.com\/nl\/tijdelijke-tattoo\/annica-at-accas-tattoo\/#breadcrumb"},"inLanguage":"nl-NL","potentialAction":[{"@type":"ReadAction","target":["https:\/\/likeink.com\/nl\/tijdelijke-tattoo\/annica-at-accas-tattoo\/"]}]},{"@type":"ImageObject","inLanguage":"nl-NL","@id":"https:\/\/likeink.com\/nl\/tijdelijke-tattoo\/annica-at-accas-tattoo\/#primaryimage","url":"https:\/\/likeink.com\/wp-content\/uploads\/2021\/03\/Akka3.jpeg","contentUrl":"https:\/\/likeink.com\/wp-content\/uploads\/2021\/03\/Akka3.jpeg","width":1668,"height":1179,"caption":"Koop Tijdelijke tatoeages met motieven van bloemen ontworpen door Akkas Tattoo."},{"@type":"BreadcrumbList","@id":"https:\/\/likeink.com\/nl\/tijdelijke-tattoo\/annica-at-accas-tattoo\/#breadcrumb","itemListElement":[{"@type":"ListItem","position":1,"name":"Hem","item":"https:\/\/likeink.com\/nl\/"},{"@type":"ListItem","position":2,"name":"Winkel","item":"https:\/\/likeink.com\/nl\/winkel\/"},{"@type":"ListItem","position":3,"name":"Flash &#8220;Flowers&#8221; by Studio by Akka"}]},{"@type":"WebSite","@id":"https:\/\/likeink.com\/nl\/#website","url":"https:\/\/likeink.com\/nl\/","name":"Like ink","description":"Maak je eigen tijdelijke tatoeages","potentialAction":[{"@type":"SearchAction","target":{"@type":"EntryPoint","urlTemplate":"https:\/\/likeink.com\/nl\/?s={search_term_string}"},"query-input":{"@type":"PropertyValueSpecification","valueRequired":true,"valueName":"search_term_string"}}],"inLanguage":"nl-NL"}]}},"_links":{"self":[{"href":"https:\/\/likeink.com\/nl\/wp-json\/wp\/v2\/product\/4946","targetHints":{"allow":["GET"]}}],"collection":[{"href":"https:\/\/likeink.com\/nl\/wp-json\/wp\/v2\/product"}],"about":[{"href":"https:\/\/likeink.com\/nl\/wp-json\/wp\/v2\/types\/product"}],"wp:featuredmedia":[{"embeddable":true,"href":"https:\/\/likeink.com\/nl\/wp-json\/wp\/v2\/media\/4928"}],"wp:attachment":[{"href":"https:\/\/likeink.com\/nl\/wp-json\/wp\/v2\/media?parent=4946"}],"wp:term":[{"taxonomy":"product_brand","embeddable":true,"href":"https:\/\/likeink.com\/nl\/wp-json\/wp\/v2\/product_brand?post=4946"},{"taxonomy":"product_cat","embeddable":true,"href":"https:\/\/likeink.com\/nl\/wp-json\/wp\/v2\/product_cat?post=4946"},{"taxonomy":"product_tag","embeddable":true,"href":"https:\/\/likeink.com\/nl\/wp-json\/wp\/v2\/product_tag?post=4946"}],"curies":[{"name":"wp","href":"https:\/\/api.w.org\/{rel}","templated":true}]}}