{"id":53155,"date":"2025-11-30T16:56:44","date_gmt":"2025-11-30T16:56:44","guid":{"rendered":"https:\/\/likeink.com\/gnuggis\/eye-makeup-flower-tattoos\/"},"modified":"2025-11-30T17:15:03","modified_gmt":"2025-11-30T17:15:03","slug":"eye-makeup-flower-tattoos","status":"publish","type":"product","link":"https:\/\/likeink.com\/nl\/tijdelijke-tattoo\/eye-makeup-flower-tattoos\/","title":{"rendered":"Eye Makeup Flower Tattoos"},"content":{"rendered":"","protected":false},"excerpt":{"rendered":"<p><strong>Eye Makeup Flower Tattoos \u2013 Kleurrijke bloemenmotieven die je make-up versterken.<\/strong><\/p>\n<p>Geef je make-up een creatieve boost met Like Ink Eye Makeup Flower Tattoos \u2013 een vel met drie sets kleurrijke oogtatoeages ge\u00efnspireerd op bloemen en artistieke kleurcombinaties. Ze zijn ontworpen om samen met make-up te worden gedragen en zorgen voor een unieke, levendige look. Perfect voor festivals, zomerfeesten, fotoshoots of wanneer je op een kleurrijke en fantasierijke manier wilt opvallen.<br \/>\nElke set is apart gestanst en eenvoudig los te maken voor een gemakkelijke applicatie.<\/p>\n<h2>Koop kleurrijke oogtatoeages van hoge kwaliteit.<\/h2>\n<p>Onze Eye Makeup Flower Tattoos zijn ontworpen om comfortabel en veilig te blijven zitten, terwijl ze een levendige en gedetailleerde uitstraling geven. Dankzij onze slimme precisietechnologie hecht de lijm alleen aan het motief zelf, zonder storende plastic film eromheen \u2013 dit zorgt voor een professionele make-upachtige afwerking. De motieven zijn ongeveer 4 cm breed en passen bij de meeste oogvormen.<\/p>\n<p>Zoals altijd zijn de tijdelijke tatoeages van Like Ink huidvriendelijk, hypoallergeen en eenvoudig aan te brengen en te verwijderen. Cre\u00eber in slechts enkele seconden een kleurrijke en creatieve oogmake-up \u2013 helemaal zonder ingewikkelde tools.<\/p>\n<p>\u2728 Geef je look een bloeiende twist met de tijdelijke tatoeages van Like Ink \u2013 het zijn de details die het verschil maken! \u2728<\/p>\n<p><strong>Formaat:<\/strong> A6 &#8211; Tattoos,\u00a0 4 cm.<\/p>\n","protected":false},"featured_media":53103,"template":"","meta":[],"product_brand":[],"product_cat":[54,544],"product_tag":[],"class_list":{"0":"post-53155","1":"product","2":"type-product","3":"status-publish","4":"has-post-thumbnail","6":"product_cat-kant-en-klare-vellen","7":"product_cat-tribaal-symbolen-runen","9":"first","10":"instock","11":"taxable","12":"shipping-taxable","13":"purchasable","14":"product-type-simple"},"yoast_head":"<!-- This site is optimized with the Yoast SEO Premium plugin v27.5 (Yoast SEO v27.6) - https:\/\/yoast.com\/product\/yoast-seo-premium-wordpress\/ -->\n<title>Eye Makeup Flower Tattoos - Like ink<\/title>\n<meta name=\"description\" content=\"Eye Makeup Flower Tattoos: Kleurrijke bloemen- en kleurclusters die zowel boven als onder de ogen kunnen worden aangebracht voor een speelse en opvallende make-uplook.\" \/>\n<meta name=\"robots\" content=\"index, follow, max-snippet:-1, max-image-preview:large, max-video-preview:-1\" \/>\n<link rel=\"canonical\" href=\"https:\/\/likeink.com\/nl\/tijdelijke-tattoo\/eye-makeup-flower-tattoos\/\" \/>\n<meta property=\"og:locale\" content=\"nl_NL\" \/>\n<meta property=\"og:type\" content=\"article\" \/>\n<meta property=\"og:title\" content=\"Eye Makeup Flower Tattoos\" \/>\n<meta property=\"og:description\" content=\"Eye Makeup Flower Tattoos \u2013 Kleurrijke bloemenmotieven die je make-up versterken.  Geef je make-up een creatieve boost met Like Ink Eye Makeup Flower Tattoos \u2013 een vel met drie sets kleurrijke oogtatoeages ge\u00efnspireerd op bloemen en artistieke kleurcombinaties. Ze zijn ontworpen om samen met make-up te worden gedragen en zorgen voor een unieke, levendige look. Perfect voor festivals, zomerfeesten, fotoshoots of wanneer je op een kleurrijke en fantasierijke manier wilt opvallen. Elke set is apart gestanst en eenvoudig los te maken voor een gemakkelijke applicatie. Koop kleurrijke oogtatoeages van hoge kwaliteit. Onze Eye Makeup Flower Tattoos zijn ontworpen om comfortabel en veilig te blijven zitten, terwijl ze een levendige en gedetailleerde uitstraling geven. Dankzij onze slimme precisietechnologie hecht de lijm alleen aan het motief zelf, zonder storende plastic film eromheen \u2013 dit zorgt voor een professionele make-upachtige afwerking. De motieven zijn ongeveer 4 cm breed en passen bij de meeste oogvormen.  Zoals altijd zijn de tijdelijke tatoeages van Like Ink huidvriendelijk, hypoallergeen en eenvoudig aan te brengen en te verwijderen. Cre\u00eber in slechts enkele seconden een kleurrijke en creatieve oogmake-up \u2013 helemaal zonder ingewikkelde tools.  \u2728 Geef je look een bloeiende twist met de tijdelijke tatoeages van Like Ink \u2013 het zijn de details die het verschil maken! \u2728  Formaat: A6 - Tattoos,\u00a0 4 cm.\" \/>\n<meta property=\"og:url\" content=\"https:\/\/likeink.com\/nl\/tijdelijke-tattoo\/eye-makeup-flower-tattoos\/\" \/>\n<meta property=\"og:site_name\" content=\"Like ink\" \/>\n<meta property=\"article:publisher\" content=\"https:\/\/www.facebook.com\/LikeInkSe\" \/>\n<meta property=\"article:modified_time\" content=\"2025-11-30T17:15:03+00:00\" \/>\n<meta property=\"og:image\" content=\"https:\/\/likeink.com\/wp-content\/uploads\/2025\/11\/Eyelash-Tattoo-Flower-Color-Likeink-1024x1024.png\" \/>\n\t<meta property=\"og:image:width\" content=\"1024\" \/>\n\t<meta property=\"og:image:height\" content=\"1024\" \/>\n\t<meta property=\"og:image:type\" content=\"image\/png\" \/>\n<meta name=\"twitter:card\" content=\"summary_large_image\" \/>\n<meta name=\"twitter:label1\" content=\"Geschatte leestijd\" \/>\n\t<meta name=\"twitter:data1\" content=\"1 minuut\" \/>\n<!-- \/ Yoast SEO Premium plugin. -->","yoast_head_json":{"title":"Eye Makeup Flower Tattoos - Like ink","description":"Eye Makeup Flower Tattoos: Kleurrijke bloemen- en kleurclusters die zowel boven als onder de ogen kunnen worden aangebracht voor een speelse en opvallende make-uplook.","robots":{"index":"index","follow":"follow","max-snippet":"max-snippet:-1","max-image-preview":"max-image-preview:large","max-video-preview":"max-video-preview:-1"},"canonical":"https:\/\/likeink.com\/nl\/tijdelijke-tattoo\/eye-makeup-flower-tattoos\/","og_locale":"nl_NL","og_type":"article","og_title":"Eye Makeup Flower Tattoos","og_description":"Eye Makeup Flower Tattoos \u2013 Kleurrijke bloemenmotieven die je make-up versterken.  Geef je make-up een creatieve boost met Like Ink Eye Makeup Flower Tattoos \u2013 een vel met drie sets kleurrijke oogtatoeages ge\u00efnspireerd op bloemen en artistieke kleurcombinaties. Ze zijn ontworpen om samen met make-up te worden gedragen en zorgen voor een unieke, levendige look. Perfect voor festivals, zomerfeesten, fotoshoots of wanneer je op een kleurrijke en fantasierijke manier wilt opvallen. Elke set is apart gestanst en eenvoudig los te maken voor een gemakkelijke applicatie. Koop kleurrijke oogtatoeages van hoge kwaliteit. Onze Eye Makeup Flower Tattoos zijn ontworpen om comfortabel en veilig te blijven zitten, terwijl ze een levendige en gedetailleerde uitstraling geven. Dankzij onze slimme precisietechnologie hecht de lijm alleen aan het motief zelf, zonder storende plastic film eromheen \u2013 dit zorgt voor een professionele make-upachtige afwerking. De motieven zijn ongeveer 4 cm breed en passen bij de meeste oogvormen.  Zoals altijd zijn de tijdelijke tatoeages van Like Ink huidvriendelijk, hypoallergeen en eenvoudig aan te brengen en te verwijderen. Cre\u00eber in slechts enkele seconden een kleurrijke en creatieve oogmake-up \u2013 helemaal zonder ingewikkelde tools.  \u2728 Geef je look een bloeiende twist met de tijdelijke tatoeages van Like Ink \u2013 het zijn de details die het verschil maken! \u2728  Formaat: A6 - Tattoos,\u00a0 4 cm.","og_url":"https:\/\/likeink.com\/nl\/tijdelijke-tattoo\/eye-makeup-flower-tattoos\/","og_site_name":"Like ink","article_publisher":"https:\/\/www.facebook.com\/LikeInkSe","article_modified_time":"2025-11-30T17:15:03+00:00","og_image":[{"width":1024,"height":1024,"url":"https:\/\/likeink.com\/wp-content\/uploads\/2025\/11\/Eyelash-Tattoo-Flower-Color-Likeink-1024x1024.png","type":"image\/png"}],"twitter_card":"summary_large_image","twitter_misc":{"Geschatte leestijd":"1 minuut"},"schema":{"@context":"https:\/\/schema.org","@graph":[{"@type":"WebPage","@id":"https:\/\/likeink.com\/nl\/tijdelijke-tattoo\/eye-makeup-flower-tattoos\/","url":"https:\/\/likeink.com\/nl\/tijdelijke-tattoo\/eye-makeup-flower-tattoos\/","name":"Eye Makeup Flower Tattoos - Like ink","isPartOf":{"@id":"https:\/\/likeink.com\/nl\/#website"},"primaryImageOfPage":{"@id":"https:\/\/likeink.com\/nl\/tijdelijke-tattoo\/eye-makeup-flower-tattoos\/#primaryimage"},"image":{"@id":"https:\/\/likeink.com\/nl\/tijdelijke-tattoo\/eye-makeup-flower-tattoos\/#primaryimage"},"thumbnailUrl":"https:\/\/likeink.com\/wp-content\/uploads\/2025\/11\/Eyelash-Tattoo-Flower-Color-Likeink.png","datePublished":"2025-11-30T16:56:44+00:00","dateModified":"2025-11-30T17:15:03+00:00","description":"Eye Makeup Flower Tattoos: Kleurrijke bloemen- en kleurclusters die zowel boven als onder de ogen kunnen worden aangebracht voor een speelse en opvallende make-uplook.","breadcrumb":{"@id":"https:\/\/likeink.com\/nl\/tijdelijke-tattoo\/eye-makeup-flower-tattoos\/#breadcrumb"},"inLanguage":"nl-NL","potentialAction":[{"@type":"ReadAction","target":["https:\/\/likeink.com\/nl\/tijdelijke-tattoo\/eye-makeup-flower-tattoos\/"]}]},{"@type":"ImageObject","inLanguage":"nl-NL","@id":"https:\/\/likeink.com\/nl\/tijdelijke-tattoo\/eye-makeup-flower-tattoos\/#primaryimage","url":"https:\/\/likeink.com\/wp-content\/uploads\/2025\/11\/Eyelash-Tattoo-Flower-Color-Likeink.png","contentUrl":"https:\/\/likeink.com\/wp-content\/uploads\/2025\/11\/Eyelash-Tattoo-Flower-Color-Likeink.png","width":1772,"height":1772,"caption":"N\u00e4rbild av en kvinnas ansikte med f\u00e4rgglad, utsmyckad \u00f6gonmakeup med en gul lotus och bl\u00e5gr\u00f6nt virvlande m\u00f6nster runt hennes bl\u00e5 \u00f6ga."},{"@type":"BreadcrumbList","@id":"https:\/\/likeink.com\/nl\/tijdelijke-tattoo\/eye-makeup-flower-tattoos\/#breadcrumb","itemListElement":[{"@type":"ListItem","position":1,"name":"Hem","item":"https:\/\/likeink.com\/nl\/"},{"@type":"ListItem","position":2,"name":"Winkel","item":"https:\/\/likeink.com\/nl\/winkel\/"},{"@type":"ListItem","position":3,"name":"Eye Makeup Flower Tattoos"}]},{"@type":"WebSite","@id":"https:\/\/likeink.com\/nl\/#website","url":"https:\/\/likeink.com\/nl\/","name":"Like ink","description":"Maak je eigen tijdelijke tatoeages","potentialAction":[{"@type":"SearchAction","target":{"@type":"EntryPoint","urlTemplate":"https:\/\/likeink.com\/nl\/?s={search_term_string}"},"query-input":{"@type":"PropertyValueSpecification","valueRequired":true,"valueName":"search_term_string"}}],"inLanguage":"nl-NL"}]}},"_links":{"self":[{"href":"https:\/\/likeink.com\/nl\/wp-json\/wp\/v2\/product\/53155","targetHints":{"allow":["GET"]}}],"collection":[{"href":"https:\/\/likeink.com\/nl\/wp-json\/wp\/v2\/product"}],"about":[{"href":"https:\/\/likeink.com\/nl\/wp-json\/wp\/v2\/types\/product"}],"wp:featuredmedia":[{"embeddable":true,"href":"https:\/\/likeink.com\/nl\/wp-json\/wp\/v2\/media\/53103"}],"wp:attachment":[{"href":"https:\/\/likeink.com\/nl\/wp-json\/wp\/v2\/media?parent=53155"}],"wp:term":[{"taxonomy":"product_brand","embeddable":true,"href":"https:\/\/likeink.com\/nl\/wp-json\/wp\/v2\/product_brand?post=53155"},{"taxonomy":"product_cat","embeddable":true,"href":"https:\/\/likeink.com\/nl\/wp-json\/wp\/v2\/product_cat?post=53155"},{"taxonomy":"product_tag","embeddable":true,"href":"https:\/\/likeink.com\/nl\/wp-json\/wp\/v2\/product_tag?post=53155"}],"curies":[{"name":"wp","href":"https:\/\/api.w.org\/{rel}","templated":true}]}}