{"id":58786,"date":"2026-01-27T13:03:50","date_gmt":"2026-02-09T14:32:35","guid":{"rendered":"https:\/\/likeink.com\/gnuggisar\/speelse-zwart-witte-nagelstickers\/"},"modified":"2026-02-25T09:35:38","modified_gmt":"2026-02-25T09:35:38","slug":"speelse-zwart-witte-nagelstickers","status":"publish","type":"product","link":"https:\/\/likeink.com\/nl\/tijdelijke-tattoo\/speelse-zwart-witte-nagelstickers\/","title":{"rendered":"Speelse zwart-wit Nail stickers"},"content":{"rendered":"","protected":false},"excerpt":{"rendered":"<p>Like Ink<br \/>\nNail tattoos<br \/>\n\u2013 Speelse zwart-witte &#8216; Nail stickers<br \/>\n&#8216;<\/p>\n<h2>Bestel &#8216; Nail stickers &#8216; met zachte en speelse ge\u00efllustreerde ontwerpen!<\/h2>\n<p>Cre\u00eber een charmante en expressieve manicure met &#8216; Like Ink<br \/>\n&#8216; Speelse zwart-witte &#8216; Nail stickers<br \/>\n&#8216;. Dit vel bevat fijn ge\u00efllustreerde motieven in klassiek zwart-wit, waaronder een schattige puppy, een vlinder, een gebroken hart en andere speelse symbolen.<\/p>\n<p>Met motiefgroottes vari\u00ebrend van ongeveer 3 tot 12 mm zijn deze Nail stickers<br \/>\nperfect voor zowel subtiele details als evenwichtige accentnagels. De zachte illustratiestijl geeft een vriendelijk, artistiek gevoel, terwijl het monochrome kleurenpalet de look strak en veelzijdig houdt.<\/p>\n<p>Ideaal voor dagelijks gebruik, creatieve Nail art<br \/>\nof iedereen die houdt van expressieve maar ingetogen ontwerpen. Deze Nail stickers<br \/>\nzijn gemakkelijk aan te brengen en comfortabel om te dragen en blijven meerdere dagen zitten zonder te vlekken of af te bladderen.<\/p>\n<p>Geen geknoei, geen droogtijd en geen bezoek aan de salon nodig \u2013 gewoon prachtig ge\u00efllustreerde Nail art<br \/>\nin enkele minuten.<\/p>\n<p><strong>Hoe breng je Nail stickers aan?<\/strong><br \/>\nReinig en droog de nagel.<\/p>\n<p>Kies een sticker uit het vel en til deze voorzichtig op met een pincet.<\/p>\n<p>Plaats het ontwerp op de nagel en druk het voorzichtig aan.<\/p>\n<p>Breng een topcoat aan voor extra duurzaamheid.<\/p>\n<p>Klaar!<\/p>\n<p><strong>Productinformatie<\/strong><\/p>\n<p><strong>Afmetingen vel:<\/strong><br \/>\n7 \u00d7 10 <strong>cm<br \/>\nKleuren:<\/strong><br \/>\nzwart-wit<br \/>\n<strong>Motieven:<\/strong><br \/>\npuppy, vlinder, gebroken hart, <strong>symbolen<br \/>\nAfmetingen motieven:<\/strong><br \/>\nca. 3\u201312 <strong>mm<\/p>\n<p>PS:<\/strong><br \/>\nKoop 6 vellen en betaal er 5 met de kortingscode<strong> INKNAILS <\/strong><br \/>\n\ud83d\udda4\u2728<\/p>\n","protected":false},"featured_media":59379,"template":"","meta":[],"product_brand":[],"product_cat":[469],"product_tag":[],"class_list":{"0":"post-58786","1":"product","2":"type-product","3":"status-publish","4":"has-post-thumbnail","6":"product_cat-nail-stickers","8":"first","9":"instock","10":"taxable","11":"shipping-taxable","12":"purchasable","13":"product-type-simple"},"yoast_head":"<!-- This site is optimized with the Yoast SEO Premium plugin v26.2 (Yoast SEO v27.4) - https:\/\/yoast.com\/product\/yoast-seo-premium-wordpress\/ -->\n<title>Speelse zwart-wit Nail stickers | Like Ink<\/title>\n<meta name=\"description\" content=\"Prachtig ge\u00efllustreerde zwart-wit Nail stickers van Like Ink. Met speelse motieven zoals puppy&#039;s, vlinders en gebroken harten. - Like ink\" \/>\n<meta name=\"robots\" content=\"index, follow, max-snippet:-1, max-image-preview:large, max-video-preview:-1\" \/>\n<link rel=\"canonical\" href=\"https:\/\/likeink.com\/nl\/tijdelijke-tattoo\/speelse-zwart-witte-nagelstickers\/\" \/>\n<meta property=\"og:locale\" content=\"nl_NL\" \/>\n<meta property=\"og:type\" content=\"article\" \/>\n<meta property=\"og:title\" content=\"Speelse zwart-wit Nail stickers\" \/>\n<meta property=\"og:description\" content=\"Like Ink Nail tattoos \u2013 Speelse zwart-witte &#039; Nail stickers &#039; Bestel &#039; Nail stickers &#039; met zachte en speelse ge\u00efllustreerde ontwerpen! Cre\u00eber een charmante en expressieve manicure met &#039; Like Ink &#039; Speelse zwart-witte &#039; Nail stickers &#039;. Dit vel bevat fijn ge\u00efllustreerde motieven in klassiek zwart-wit, waaronder een schattige puppy, een vlinder, een gebroken hart en andere speelse symbolen. Met motiefgroottes vari\u00ebrend van ongeveer 3 tot 12 mm zijn deze Nail stickers perfect voor zowel subtiele details als evenwichtige accentnagels. De zachte illustratiestijl geeft een vriendelijk, artistiek gevoel, terwijl het monochrome kleurenpalet de look strak en veelzijdig houdt. Ideaal voor dagelijks gebruik, creatieve Nail art of iedereen die houdt van expressieve maar ingetogen ontwerpen. Deze Nail stickers zijn gemakkelijk aan te brengen en comfortabel om te dragen en blijven meerdere dagen zitten zonder te vlekken of af te bladderen. Geen geknoei, geen droogtijd en geen bezoek aan de salon nodig \u2013 gewoon prachtig ge\u00efllustreerde Nail art in enkele minuten. Hoe breng je Nail stickers aan? Reinig en droog de nagel. Kies een sticker uit het vel en til deze voorzichtig op met een pincet. Plaats het ontwerp op de nagel en druk het voorzichtig aan. Breng een topcoat aan voor extra duurzaamheid. Klaar! Productinformatie Afmetingen vel: 7 \u00d7 10 cm Kleuren: zwart-wit Motieven: puppy, vlinder, gebroken hart, symbolen Afmetingen motieven: ca. 3\u201312 mm PS: Koop 6 vellen en betaal er 5 met de kortingscode INKNAILS \ud83d\udda4\u2728\" \/>\n<meta property=\"og:url\" content=\"https:\/\/likeink.com\/nl\/tijdelijke-tattoo\/speelse-zwart-witte-nagelstickers\/\" \/>\n<meta property=\"og:site_name\" content=\"Like ink\" \/>\n<meta property=\"article:publisher\" content=\"https:\/\/www.facebook.com\/LikeInkSe\" \/>\n<meta property=\"article:modified_time\" content=\"2026-02-25T09:35:38+00:00\" \/>\n<meta property=\"og:image\" content=\"https:\/\/likeink.com\/wp-content\/uploads\/2026\/02\/nail-stickers-symbols-design-likeink.png\" \/>\n\t<meta property=\"og:image:width\" content=\"1024\" \/>\n\t<meta property=\"og:image:height\" content=\"1024\" \/>\n\t<meta property=\"og:image:type\" content=\"image\/png\" \/>\n<meta name=\"twitter:card\" content=\"summary_large_image\" \/>\n<script type=\"application\/ld+json\" class=\"yoast-schema-graph\">{\"@context\":\"https:\\\/\\\/schema.org\",\"@graph\":[{\"@type\":\"WebPage\",\"@id\":\"https:\\\/\\\/likeink.com\\\/nl\\\/tijdelijke-tattoo\\\/speelse-zwart-witte-nagelstickers\\\/\",\"url\":\"https:\\\/\\\/likeink.com\\\/nl\\\/tijdelijke-tattoo\\\/speelse-zwart-witte-nagelstickers\\\/\",\"name\":\"Speelse zwart-wit Nail stickers | Like Ink\",\"isPartOf\":{\"@id\":\"https:\\\/\\\/likeink.com\\\/nl\\\/#website\"},\"primaryImageOfPage\":{\"@id\":\"https:\\\/\\\/likeink.com\\\/nl\\\/tijdelijke-tattoo\\\/speelse-zwart-witte-nagelstickers\\\/#primaryimage\"},\"image\":{\"@id\":\"https:\\\/\\\/likeink.com\\\/nl\\\/tijdelijke-tattoo\\\/speelse-zwart-witte-nagelstickers\\\/#primaryimage\"},\"thumbnailUrl\":\"https:\\\/\\\/likeink.com\\\/wp-content\\\/uploads\\\/2026\\\/02\\\/nail-stickers-symbols-design-likeink.png\",\"datePublished\":\"2026-02-09T14:32:35+00:00\",\"dateModified\":\"2026-02-25T09:35:38+00:00\",\"description\":\"Prachtig ge\u00efllustreerde zwart-wit Nail stickers van Like Ink. Met speelse motieven zoals puppy's, vlinders en gebroken harten. - Like ink\",\"breadcrumb\":{\"@id\":\"https:\\\/\\\/likeink.com\\\/nl\\\/tijdelijke-tattoo\\\/speelse-zwart-witte-nagelstickers\\\/#breadcrumb\"},\"inLanguage\":\"nl-NL\",\"potentialAction\":[{\"@type\":\"ReadAction\",\"target\":[\"https:\\\/\\\/likeink.com\\\/nl\\\/tijdelijke-tattoo\\\/speelse-zwart-witte-nagelstickers\\\/\"]}]},{\"@type\":\"ImageObject\",\"inLanguage\":\"nl-NL\",\"@id\":\"https:\\\/\\\/likeink.com\\\/nl\\\/tijdelijke-tattoo\\\/speelse-zwart-witte-nagelstickers\\\/#primaryimage\",\"url\":\"https:\\\/\\\/likeink.com\\\/wp-content\\\/uploads\\\/2026\\\/02\\\/nail-stickers-symbols-design-likeink.png\",\"contentUrl\":\"https:\\\/\\\/likeink.com\\\/wp-content\\\/uploads\\\/2026\\\/02\\\/nail-stickers-symbols-design-likeink.png\",\"width\":1024,\"height\":1024,\"caption\":\"Een hand met vier vingernagels, elk met minimalistische zwarte nagelkunst: een lachend wolkje, een madeliefje, een cartoonhondje en een bij, allemaal op een achtergrond van nude nagellak.\"},{\"@type\":\"BreadcrumbList\",\"@id\":\"https:\\\/\\\/likeink.com\\\/nl\\\/tijdelijke-tattoo\\\/speelse-zwart-witte-nagelstickers\\\/#breadcrumb\",\"itemListElement\":[{\"@type\":\"ListItem\",\"position\":1,\"name\":\"Hem\",\"item\":\"https:\\\/\\\/likeink.com\\\/nl\\\/\"},{\"@type\":\"ListItem\",\"position\":2,\"name\":\"Winkel\",\"item\":\"https:\\\/\\\/likeink.com\\\/nl\\\/winkel\\\/\"},{\"@type\":\"ListItem\",\"position\":3,\"name\":\"Speelse zwart-wit Nail stickers\"}]},{\"@type\":\"WebSite\",\"@id\":\"https:\\\/\\\/likeink.com\\\/nl\\\/#website\",\"url\":\"https:\\\/\\\/likeink.com\\\/nl\\\/\",\"name\":\"Like ink\",\"description\":\"Maak je eigen tijdelijke tatoeages\",\"potentialAction\":[{\"@type\":\"SearchAction\",\"target\":{\"@type\":\"EntryPoint\",\"urlTemplate\":\"https:\\\/\\\/likeink.com\\\/nl\\\/?s={search_term_string}\"},\"query-input\":{\"@type\":\"PropertyValueSpecification\",\"valueRequired\":true,\"valueName\":\"search_term_string\"}}],\"inLanguage\":\"nl-NL\"}]}<\/script>\n<!-- \/ Yoast SEO Premium plugin. -->","yoast_head_json":{"title":"Speelse zwart-wit Nail stickers | Like Ink","description":"Prachtig ge\u00efllustreerde zwart-wit Nail stickers van Like Ink. Met speelse motieven zoals puppy's, vlinders en gebroken harten. - Like ink","robots":{"index":"index","follow":"follow","max-snippet":"max-snippet:-1","max-image-preview":"max-image-preview:large","max-video-preview":"max-video-preview:-1"},"canonical":"https:\/\/likeink.com\/nl\/tijdelijke-tattoo\/speelse-zwart-witte-nagelstickers\/","og_locale":"nl_NL","og_type":"article","og_title":"Speelse zwart-wit Nail stickers","og_description":"Like Ink Nail tattoos \u2013 Speelse zwart-witte ' Nail stickers ' Bestel ' Nail stickers ' met zachte en speelse ge\u00efllustreerde ontwerpen! Cre\u00eber een charmante en expressieve manicure met ' Like Ink ' Speelse zwart-witte ' Nail stickers '. Dit vel bevat fijn ge\u00efllustreerde motieven in klassiek zwart-wit, waaronder een schattige puppy, een vlinder, een gebroken hart en andere speelse symbolen. Met motiefgroottes vari\u00ebrend van ongeveer 3 tot 12 mm zijn deze Nail stickers perfect voor zowel subtiele details als evenwichtige accentnagels. De zachte illustratiestijl geeft een vriendelijk, artistiek gevoel, terwijl het monochrome kleurenpalet de look strak en veelzijdig houdt. Ideaal voor dagelijks gebruik, creatieve Nail art of iedereen die houdt van expressieve maar ingetogen ontwerpen. Deze Nail stickers zijn gemakkelijk aan te brengen en comfortabel om te dragen en blijven meerdere dagen zitten zonder te vlekken of af te bladderen. Geen geknoei, geen droogtijd en geen bezoek aan de salon nodig \u2013 gewoon prachtig ge\u00efllustreerde Nail art in enkele minuten. Hoe breng je Nail stickers aan? Reinig en droog de nagel. Kies een sticker uit het vel en til deze voorzichtig op met een pincet. Plaats het ontwerp op de nagel en druk het voorzichtig aan. Breng een topcoat aan voor extra duurzaamheid. Klaar! Productinformatie Afmetingen vel: 7 \u00d7 10 cm Kleuren: zwart-wit Motieven: puppy, vlinder, gebroken hart, symbolen Afmetingen motieven: ca. 3\u201312 mm PS: Koop 6 vellen en betaal er 5 met de kortingscode INKNAILS \ud83d\udda4\u2728","og_url":"https:\/\/likeink.com\/nl\/tijdelijke-tattoo\/speelse-zwart-witte-nagelstickers\/","og_site_name":"Like ink","article_publisher":"https:\/\/www.facebook.com\/LikeInkSe","article_modified_time":"2026-02-25T09:35:38+00:00","og_image":[{"width":1024,"height":1024,"url":"https:\/\/likeink.com\/wp-content\/uploads\/2026\/02\/nail-stickers-symbols-design-likeink.png","type":"image\/png"}],"twitter_card":"summary_large_image","schema":{"@context":"https:\/\/schema.org","@graph":[{"@type":"WebPage","@id":"https:\/\/likeink.com\/nl\/tijdelijke-tattoo\/speelse-zwart-witte-nagelstickers\/","url":"https:\/\/likeink.com\/nl\/tijdelijke-tattoo\/speelse-zwart-witte-nagelstickers\/","name":"Speelse zwart-wit Nail stickers | Like Ink","isPartOf":{"@id":"https:\/\/likeink.com\/nl\/#website"},"primaryImageOfPage":{"@id":"https:\/\/likeink.com\/nl\/tijdelijke-tattoo\/speelse-zwart-witte-nagelstickers\/#primaryimage"},"image":{"@id":"https:\/\/likeink.com\/nl\/tijdelijke-tattoo\/speelse-zwart-witte-nagelstickers\/#primaryimage"},"thumbnailUrl":"https:\/\/likeink.com\/wp-content\/uploads\/2026\/02\/nail-stickers-symbols-design-likeink.png","datePublished":"2026-02-09T14:32:35+00:00","dateModified":"2026-02-25T09:35:38+00:00","description":"Prachtig ge\u00efllustreerde zwart-wit Nail stickers van Like Ink. Met speelse motieven zoals puppy's, vlinders en gebroken harten. - Like ink","breadcrumb":{"@id":"https:\/\/likeink.com\/nl\/tijdelijke-tattoo\/speelse-zwart-witte-nagelstickers\/#breadcrumb"},"inLanguage":"nl-NL","potentialAction":[{"@type":"ReadAction","target":["https:\/\/likeink.com\/nl\/tijdelijke-tattoo\/speelse-zwart-witte-nagelstickers\/"]}]},{"@type":"ImageObject","inLanguage":"nl-NL","@id":"https:\/\/likeink.com\/nl\/tijdelijke-tattoo\/speelse-zwart-witte-nagelstickers\/#primaryimage","url":"https:\/\/likeink.com\/wp-content\/uploads\/2026\/02\/nail-stickers-symbols-design-likeink.png","contentUrl":"https:\/\/likeink.com\/wp-content\/uploads\/2026\/02\/nail-stickers-symbols-design-likeink.png","width":1024,"height":1024,"caption":"Een hand met vier vingernagels, elk met minimalistische zwarte nagelkunst: een lachend wolkje, een madeliefje, een cartoonhondje en een bij, allemaal op een achtergrond van nude nagellak."},{"@type":"BreadcrumbList","@id":"https:\/\/likeink.com\/nl\/tijdelijke-tattoo\/speelse-zwart-witte-nagelstickers\/#breadcrumb","itemListElement":[{"@type":"ListItem","position":1,"name":"Hem","item":"https:\/\/likeink.com\/nl\/"},{"@type":"ListItem","position":2,"name":"Winkel","item":"https:\/\/likeink.com\/nl\/winkel\/"},{"@type":"ListItem","position":3,"name":"Speelse zwart-wit Nail stickers"}]},{"@type":"WebSite","@id":"https:\/\/likeink.com\/nl\/#website","url":"https:\/\/likeink.com\/nl\/","name":"Like ink","description":"Maak je eigen tijdelijke tatoeages","potentialAction":[{"@type":"SearchAction","target":{"@type":"EntryPoint","urlTemplate":"https:\/\/likeink.com\/nl\/?s={search_term_string}"},"query-input":{"@type":"PropertyValueSpecification","valueRequired":true,"valueName":"search_term_string"}}],"inLanguage":"nl-NL"}]}},"_links":{"self":[{"href":"https:\/\/likeink.com\/nl\/wp-json\/wp\/v2\/product\/58786","targetHints":{"allow":["GET"]}}],"collection":[{"href":"https:\/\/likeink.com\/nl\/wp-json\/wp\/v2\/product"}],"about":[{"href":"https:\/\/likeink.com\/nl\/wp-json\/wp\/v2\/types\/product"}],"wp:featuredmedia":[{"embeddable":true,"href":"https:\/\/likeink.com\/nl\/wp-json\/wp\/v2\/media\/59379"}],"wp:attachment":[{"href":"https:\/\/likeink.com\/nl\/wp-json\/wp\/v2\/media?parent=58786"}],"wp:term":[{"taxonomy":"product_brand","embeddable":true,"href":"https:\/\/likeink.com\/nl\/wp-json\/wp\/v2\/product_brand?post=58786"},{"taxonomy":"product_cat","embeddable":true,"href":"https:\/\/likeink.com\/nl\/wp-json\/wp\/v2\/product_cat?post=58786"},{"taxonomy":"product_tag","embeddable":true,"href":"https:\/\/likeink.com\/nl\/wp-json\/wp\/v2\/product_tag?post=58786"}],"curies":[{"name":"wp","href":"https:\/\/api.w.org\/{rel}","templated":true}]}}