{"id":63557,"date":"2026-04-23T08:22:40","date_gmt":"2026-04-23T08:22:40","guid":{"rendered":"https:\/\/likeink.com\/gnuggisar\/matt-machine-old-school-flashes\/"},"modified":"2026-04-23T08:35:28","modified_gmt":"2026-04-23T08:35:28","slug":"matt-machine-old-school-flashes","status":"publish","type":"product","link":"https:\/\/likeink.com\/nl\/tijdelijke-tattoo\/matt-machine-old-school-flashes\/","title":{"rendered":"Matt Machine &#8220;Old School Flashes&#8221;"},"content":{"rendered":"","protected":false},"excerpt":{"rendered":"<p>Like Inks kant en klare vellen met tijdelijke tatoeages zijn ongeveer 20\u00d714 cm en bevatten de ontwerpen die op de afbeelding worden getoond. We printen en verzenden binnen 24 uur na je bestelling. De tatoeages zijn stijlvol, van hoge kwaliteit, eenvoudig aan te brengen en gemakkelijk te verwijderen. Like Ink volgt alle EU regels voor cosmetische producten, zodat je met vertrouwen kunt bestellen. Dit vel bevat 12 tatoeages, elk met een uniek ontwerp. De ontwerpen zijn perfect voor jou als je van old school tatoeages houdt.<\/p>\n<h2><strong>Tijdelijke tatoeages ontworpen door tatoe\u00eberder Mattias, ook bekend als Matt Machine<\/strong><\/h2>\n<p>Dit vel is ontworpen door Mattias Andersson, ook bekend als Matt Machine, een populaire en ervaren tatoe\u00eberder uit Kung\u00e4lv. Mattias runt al ongeveer 12 jaar zijn eigen priv\u00e9studio en werkt uitsluitend op afspraak. Hij houdt al van tatoeages sinds zijn jeugd en staat bekend om zowel kleine, eenvoudige tatoeages als grotere, op maat gemaakte projecten. Zijn passie voor tatoe\u00ebren en sterke band met zijn klanten maken zijn werk uniek.<\/p>\n<p>Vind Mattias hier:<br \/>\nInstagram: @straydogstattoo<br \/>\nStudio: @straydogstattoo<br \/>\nLocatie: G\u00f6teborg \/ Kung\u00e4lv<\/p>\n<p>Formaat vel: A5<br \/>\nAantal tatoeages: 12<br \/>\nFormaat tatoeages: ca 4-6 cm<\/p>\n","protected":false},"featured_media":63548,"template":"","meta":[],"product_brand":[],"product_cat":[54,508,502],"product_tag":[],"class_list":{"0":"post-63557","1":"product","2":"type-product","3":"status-publish","4":"has-post-thumbnail","6":"product_cat-kant-en-klare-vellen","7":"product_cat-old-school-retro-nl","8":"product_cat-samenwerkingen-met-tatoeeerders-nl","10":"first","11":"instock","12":"taxable","13":"shipping-taxable","14":"purchasable","15":"product-type-simple"},"yoast_head":"<!-- This site is optimized with the Yoast SEO Premium plugin v26.2 (Yoast SEO v27.4) - https:\/\/yoast.com\/product\/yoast-seo-premium-wordpress\/ -->\n<title>Matt Machine &quot;Old School Flashes&quot; - Like ink<\/title>\n<meta name=\"description\" content=\"Matt Machine &quot;Old School Flashes&quot;. Tijdelijke tatoeages met klassieke old school ontwerpen. Hoge kwaliteit en eenvoudig aan te brengen.\" \/>\n<meta name=\"robots\" content=\"index, follow, max-snippet:-1, max-image-preview:large, max-video-preview:-1\" \/>\n<link rel=\"canonical\" href=\"https:\/\/likeink.com\/nl\/tijdelijke-tattoo\/matt-machine-old-school-flashes\/\" \/>\n<meta property=\"og:locale\" content=\"nl_NL\" \/>\n<meta property=\"og:type\" content=\"article\" \/>\n<meta property=\"og:title\" content=\"Matt Machine &quot;Old School Flashes&quot;\" \/>\n<meta property=\"og:description\" content=\"Like Inks kant en klare vellen met tijdelijke tatoeages zijn ongeveer 20\u00d714 cm en bevatten de ontwerpen die op de afbeelding worden getoond. We printen en verzenden binnen 24 uur na je bestelling. De tatoeages zijn stijlvol, van hoge kwaliteit, eenvoudig aan te brengen en gemakkelijk te verwijderen. Like Ink volgt alle EU regels voor cosmetische producten, zodat je met vertrouwen kunt bestellen. Dit vel bevat 12 tatoeages, elk met een uniek ontwerp. De ontwerpen zijn perfect voor jou als je van old school tatoeages houdt. Tijdelijke tatoeages ontworpen door tatoe\u00eberder Mattias, ook bekend als Matt Machine Dit vel is ontworpen door Mattias Andersson, ook bekend als Matt Machine, een populaire en ervaren tatoe\u00eberder uit Kung\u00e4lv. Mattias runt al ongeveer 12 jaar zijn eigen priv\u00e9studio en werkt uitsluitend op afspraak. Hij houdt al van tatoeages sinds zijn jeugd en staat bekend om zowel kleine, eenvoudige tatoeages als grotere, op maat gemaakte projecten. Zijn passie voor tatoe\u00ebren en sterke band met zijn klanten maken zijn werk uniek.  Vind Mattias hier: Instagram: @straydogstattoo Studio: @straydogstattoo Locatie: G\u00f6teborg \/ Kung\u00e4lv  Formaat vel: A5 Aantal tatoeages: 12 Formaat tatoeages: ca 4-6 cm\" \/>\n<meta property=\"og:url\" content=\"https:\/\/likeink.com\/nl\/tijdelijke-tattoo\/matt-machine-old-school-flashes\/\" \/>\n<meta property=\"og:site_name\" content=\"Like ink\" \/>\n<meta property=\"article:publisher\" content=\"https:\/\/www.facebook.com\/LikeInkSe\" \/>\n<meta property=\"article:modified_time\" content=\"2026-04-23T08:35:28+00:00\" \/>\n<meta property=\"og:image\" content=\"https:\/\/likeink.com\/wp-content\/uploads\/2026\/04\/OldShool-Flashes-MattMachine-Likeink.png\" \/>\n\t<meta property=\"og:image:width\" content=\"1400\" \/>\n\t<meta property=\"og:image:height\" content=\"986\" \/>\n\t<meta property=\"og:image:type\" content=\"image\/png\" \/>\n<meta name=\"twitter:card\" content=\"summary_large_image\" \/>\n<meta name=\"twitter:label1\" content=\"Geschatte leestijd\" \/>\n\t<meta name=\"twitter:data1\" content=\"1 minuut\" \/>\n<!-- \/ Yoast SEO Premium plugin. -->","yoast_head_json":{"title":"Matt Machine \"Old School Flashes\" - Like ink","description":"Matt Machine \"Old School Flashes\". Tijdelijke tatoeages met klassieke old school ontwerpen. Hoge kwaliteit en eenvoudig aan te brengen.","robots":{"index":"index","follow":"follow","max-snippet":"max-snippet:-1","max-image-preview":"max-image-preview:large","max-video-preview":"max-video-preview:-1"},"canonical":"https:\/\/likeink.com\/nl\/tijdelijke-tattoo\/matt-machine-old-school-flashes\/","og_locale":"nl_NL","og_type":"article","og_title":"Matt Machine \"Old School Flashes\"","og_description":"Like Inks kant en klare vellen met tijdelijke tatoeages zijn ongeveer 20\u00d714 cm en bevatten de ontwerpen die op de afbeelding worden getoond. We printen en verzenden binnen 24 uur na je bestelling. De tatoeages zijn stijlvol, van hoge kwaliteit, eenvoudig aan te brengen en gemakkelijk te verwijderen. Like Ink volgt alle EU regels voor cosmetische producten, zodat je met vertrouwen kunt bestellen. Dit vel bevat 12 tatoeages, elk met een uniek ontwerp. De ontwerpen zijn perfect voor jou als je van old school tatoeages houdt. Tijdelijke tatoeages ontworpen door tatoe\u00eberder Mattias, ook bekend als Matt Machine Dit vel is ontworpen door Mattias Andersson, ook bekend als Matt Machine, een populaire en ervaren tatoe\u00eberder uit Kung\u00e4lv. Mattias runt al ongeveer 12 jaar zijn eigen priv\u00e9studio en werkt uitsluitend op afspraak. Hij houdt al van tatoeages sinds zijn jeugd en staat bekend om zowel kleine, eenvoudige tatoeages als grotere, op maat gemaakte projecten. Zijn passie voor tatoe\u00ebren en sterke band met zijn klanten maken zijn werk uniek.  Vind Mattias hier: Instagram: @straydogstattoo Studio: @straydogstattoo Locatie: G\u00f6teborg \/ Kung\u00e4lv  Formaat vel: A5 Aantal tatoeages: 12 Formaat tatoeages: ca 4-6 cm","og_url":"https:\/\/likeink.com\/nl\/tijdelijke-tattoo\/matt-machine-old-school-flashes\/","og_site_name":"Like ink","article_publisher":"https:\/\/www.facebook.com\/LikeInkSe","article_modified_time":"2026-04-23T08:35:28+00:00","og_image":[{"width":1400,"height":986,"url":"https:\/\/likeink.com\/wp-content\/uploads\/2026\/04\/OldShool-Flashes-MattMachine-Likeink.png","type":"image\/png"}],"twitter_card":"summary_large_image","twitter_misc":{"Geschatte leestijd":"1 minuut"},"schema":{"@context":"https:\/\/schema.org","@graph":[{"@type":"WebPage","@id":"https:\/\/likeink.com\/nl\/tijdelijke-tattoo\/matt-machine-old-school-flashes\/","url":"https:\/\/likeink.com\/nl\/tijdelijke-tattoo\/matt-machine-old-school-flashes\/","name":"Matt Machine \"Old School Flashes\" - Like ink","isPartOf":{"@id":"https:\/\/likeink.com\/nl\/#website"},"primaryImageOfPage":{"@id":"https:\/\/likeink.com\/nl\/tijdelijke-tattoo\/matt-machine-old-school-flashes\/#primaryimage"},"image":{"@id":"https:\/\/likeink.com\/nl\/tijdelijke-tattoo\/matt-machine-old-school-flashes\/#primaryimage"},"thumbnailUrl":"https:\/\/likeink.com\/wp-content\/uploads\/2026\/04\/OldShool-Flashes-MattMachine-Likeink.png","datePublished":"2026-04-23T08:22:40+00:00","dateModified":"2026-04-23T08:35:28+00:00","description":"Matt Machine \"Old School Flashes\". Tijdelijke tatoeages met klassieke old school ontwerpen. Hoge kwaliteit en eenvoudig aan te brengen.","breadcrumb":{"@id":"https:\/\/likeink.com\/nl\/tijdelijke-tattoo\/matt-machine-old-school-flashes\/#breadcrumb"},"inLanguage":"nl-NL","potentialAction":[{"@type":"ReadAction","target":["https:\/\/likeink.com\/nl\/tijdelijke-tattoo\/matt-machine-old-school-flashes\/"]}]},{"@type":"ImageObject","inLanguage":"nl-NL","@id":"https:\/\/likeink.com\/nl\/tijdelijke-tattoo\/matt-machine-old-school-flashes\/#primaryimage","url":"https:\/\/likeink.com\/wp-content\/uploads\/2026\/04\/OldShool-Flashes-MattMachine-Likeink.png","contentUrl":"https:\/\/likeink.com\/wp-content\/uploads\/2026\/04\/OldShool-Flashes-MattMachine-Likeink.png","width":1400,"height":986,"caption":"Een verzameling kleurrijke illustraties in cartoon- en traditionele tatoeagestijl, waaronder vlinders, adelaars, een schedel met een hoge hoed, een roos met een spandoek, een brandkraan met een hond, cartoongezichten en een dolk door een hart."},{"@type":"BreadcrumbList","@id":"https:\/\/likeink.com\/nl\/tijdelijke-tattoo\/matt-machine-old-school-flashes\/#breadcrumb","itemListElement":[{"@type":"ListItem","position":1,"name":"Hem","item":"https:\/\/likeink.com\/nl\/"},{"@type":"ListItem","position":2,"name":"Winkel","item":"https:\/\/likeink.com\/nl\/winkel\/"},{"@type":"ListItem","position":3,"name":"Matt Machine &#8220;Old School Flashes&#8221;"}]},{"@type":"WebSite","@id":"https:\/\/likeink.com\/nl\/#website","url":"https:\/\/likeink.com\/nl\/","name":"Like ink","description":"Maak je eigen tijdelijke tatoeages","potentialAction":[{"@type":"SearchAction","target":{"@type":"EntryPoint","urlTemplate":"https:\/\/likeink.com\/nl\/?s={search_term_string}"},"query-input":{"@type":"PropertyValueSpecification","valueRequired":true,"valueName":"search_term_string"}}],"inLanguage":"nl-NL"}]}},"_links":{"self":[{"href":"https:\/\/likeink.com\/nl\/wp-json\/wp\/v2\/product\/63557","targetHints":{"allow":["GET"]}}],"collection":[{"href":"https:\/\/likeink.com\/nl\/wp-json\/wp\/v2\/product"}],"about":[{"href":"https:\/\/likeink.com\/nl\/wp-json\/wp\/v2\/types\/product"}],"wp:featuredmedia":[{"embeddable":true,"href":"https:\/\/likeink.com\/nl\/wp-json\/wp\/v2\/media\/63548"}],"wp:attachment":[{"href":"https:\/\/likeink.com\/nl\/wp-json\/wp\/v2\/media?parent=63557"}],"wp:term":[{"taxonomy":"product_brand","embeddable":true,"href":"https:\/\/likeink.com\/nl\/wp-json\/wp\/v2\/product_brand?post=63557"},{"taxonomy":"product_cat","embeddable":true,"href":"https:\/\/likeink.com\/nl\/wp-json\/wp\/v2\/product_cat?post=63557"},{"taxonomy":"product_tag","embeddable":true,"href":"https:\/\/likeink.com\/nl\/wp-json\/wp\/v2\/product_tag?post=63557"}],"curies":[{"name":"wp","href":"https:\/\/api.w.org\/{rel}","templated":true}]}}