{"id":65068,"date":"2024-05-05T17:16:37","date_gmt":"2024-05-05T17:16:37","guid":{"rendered":"https:\/\/likeink.com\/gnuggisar\/heja-sverige-flaggor\/"},"modified":"2026-05-11T14:26:07","modified_gmt":"2026-05-11T14:26:07","slug":"hup-zweden-vlaggen","status":"publish","type":"product","link":"https:\/\/likeink.com\/nl\/tijdelijke-tattoo\/hup-zweden-vlaggen\/","title":{"rendered":"Hup Zweden vlaggen"},"content":{"rendered":"","protected":false},"excerpt":{"rendered":"<p>Hup Zweden vlaggen is een vel met tattoos in de kleuren van de Zweedse vlag. Deze worden gepresenteerd in verschillende ontwerpen, zoals een vlinder, een meisje met pilotenbril en bandana, hartjes en verschillende varianten van de Zweedse vlag. De tattoos met de Zweedse vlag zijn verkrijgbaar in verschillende formaten. Een tattoo met de Zweedse vlag is perfect om te dragen bij studentenfeesten, interlands, tijdens de Olympische Spelen, het WK en EK, de nationale feestdag en andere gelegenheden waarbij je je lichaam of gezicht wilt versieren met een stoere blauwgele tattoo.<\/p>\n<h2>Koop tijdelijke tattoos met Zweedse vlaggen.<\/h2>\n<p>De ontwerpen werken goed als tattoos met duidelijke contouren en mooie gele en blauwe tinten.<\/p>\n<p>De tattoos van Like Ink zijn geschikt voor zowel volwassenen als kinderen. Onze tijdelijke tattoos zijn eenvoudig aan te brengen, gemakkelijk af te wassen en zacht voor de huid. We drukken ze in onze eigen drukkerij in Malm\u00f6 en verzenden je bestelling binnen \u00e9\u00e9n dag.<\/p>\n<p><strong>Formaat vel:<\/strong> A5<br \/>\n<strong>Aantal tattoos met de Zweedse vlag:<\/strong> 13<br \/>\n<strong>Formaat tattoos:<\/strong> 65-30 mm<\/p>\n","protected":false},"featured_media":27014,"template":"","meta":[],"product_brand":[],"product_cat":[54,515],"product_tag":[],"class_list":{"0":"post-65068","1":"product","2":"type-product","3":"status-publish","4":"has-post-thumbnail","6":"product_cat-kant-en-klare-vellen","7":"product_cat-verkleed-seizoen","9":"first","10":"instock","11":"taxable","12":"shipping-taxable","13":"purchasable","14":"product-type-simple"},"yoast_head":"<!-- This site is optimized with the Yoast SEO Premium plugin v27.5 (Yoast SEO v27.6) - https:\/\/yoast.com\/product\/yoast-seo-premium-wordpress\/ -->\n<title>Hup Zweden vlaggen - Like ink<\/title>\n<meta name=\"description\" content=\"Hup Zweden vlaggen als plaktattoos en tijdelijke tattoos. Leuke varianten in de kleuren van Zweden die perfect zijn als tattoos. - Like ink\" \/>\n<meta name=\"robots\" content=\"index, follow, max-snippet:-1, max-image-preview:large, max-video-preview:-1\" \/>\n<link rel=\"canonical\" href=\"https:\/\/likeink.com\/nl\/tijdelijke-tattoo\/hup-zweden-vlaggen\/\" \/>\n<meta property=\"og:locale\" content=\"nl_NL\" \/>\n<meta property=\"og:type\" content=\"article\" \/>\n<meta property=\"og:title\" content=\"Hup Zweden vlaggen\" \/>\n<meta property=\"og:description\" content=\"Hup Zweden vlaggen is een vel met tattoos in de kleuren van de Zweedse vlag. Deze worden gepresenteerd in verschillende ontwerpen, zoals een vlinder, een meisje met pilotenbril en bandana, hartjes en verschillende varianten van de Zweedse vlag. De tattoos met de Zweedse vlag zijn verkrijgbaar in verschillende formaten. Een tattoo met de Zweedse vlag is perfect om te dragen bij studentenfeesten, interlands, tijdens de Olympische Spelen, het WK en EK, de nationale feestdag en andere gelegenheden waarbij je je lichaam of gezicht wilt versieren met een stoere blauwgele tattoo. Koop tijdelijke tattoos met Zweedse vlaggen. De ontwerpen werken goed als tattoos met duidelijke contouren en mooie gele en blauwe tinten.  De tattoos van Like Ink zijn geschikt voor zowel volwassenen als kinderen. Onze tijdelijke tattoos zijn eenvoudig aan te brengen, gemakkelijk af te wassen en zacht voor de huid. We drukken ze in onze eigen drukkerij in Malm\u00f6 en verzenden je bestelling binnen \u00e9\u00e9n dag.  Formaat vel: A5 Aantal tattoos met de Zweedse vlag: 13 Formaat tattoos: 65-30 mm\" \/>\n<meta property=\"og:url\" content=\"https:\/\/likeink.com\/nl\/tijdelijke-tattoo\/hup-zweden-vlaggen\/\" \/>\n<meta property=\"og:site_name\" content=\"Like ink\" \/>\n<meta property=\"article:publisher\" content=\"https:\/\/www.facebook.com\/LikeInkSe\" \/>\n<meta property=\"article:modified_time\" content=\"2026-05-11T14:26:07+00:00\" \/>\n<meta property=\"og:image\" content=\"https:\/\/likeink.com\/wp-content\/uploads\/2024\/05\/Heja-Sverige-Flaggor-Likeink.jpg\" \/>\n\t<meta property=\"og:image:width\" content=\"1400\" \/>\n\t<meta property=\"og:image:height\" content=\"986\" \/>\n\t<meta property=\"og:image:type\" content=\"image\/jpeg\" \/>\n<meta name=\"twitter:card\" content=\"summary_large_image\" \/>\n<meta name=\"twitter:label1\" content=\"Geschatte leestijd\" \/>\n\t<meta name=\"twitter:data1\" content=\"1 minuut\" \/>\n<!-- \/ Yoast SEO Premium plugin. -->","yoast_head_json":{"title":"Hup Zweden vlaggen - Like ink","description":"Hup Zweden vlaggen als plaktattoos en tijdelijke tattoos. Leuke varianten in de kleuren van Zweden die perfect zijn als tattoos. - Like ink","robots":{"index":"index","follow":"follow","max-snippet":"max-snippet:-1","max-image-preview":"max-image-preview:large","max-video-preview":"max-video-preview:-1"},"canonical":"https:\/\/likeink.com\/nl\/tijdelijke-tattoo\/hup-zweden-vlaggen\/","og_locale":"nl_NL","og_type":"article","og_title":"Hup Zweden vlaggen","og_description":"Hup Zweden vlaggen is een vel met tattoos in de kleuren van de Zweedse vlag. Deze worden gepresenteerd in verschillende ontwerpen, zoals een vlinder, een meisje met pilotenbril en bandana, hartjes en verschillende varianten van de Zweedse vlag. De tattoos met de Zweedse vlag zijn verkrijgbaar in verschillende formaten. Een tattoo met de Zweedse vlag is perfect om te dragen bij studentenfeesten, interlands, tijdens de Olympische Spelen, het WK en EK, de nationale feestdag en andere gelegenheden waarbij je je lichaam of gezicht wilt versieren met een stoere blauwgele tattoo. Koop tijdelijke tattoos met Zweedse vlaggen. De ontwerpen werken goed als tattoos met duidelijke contouren en mooie gele en blauwe tinten.  De tattoos van Like Ink zijn geschikt voor zowel volwassenen als kinderen. Onze tijdelijke tattoos zijn eenvoudig aan te brengen, gemakkelijk af te wassen en zacht voor de huid. We drukken ze in onze eigen drukkerij in Malm\u00f6 en verzenden je bestelling binnen \u00e9\u00e9n dag.  Formaat vel: A5 Aantal tattoos met de Zweedse vlag: 13 Formaat tattoos: 65-30 mm","og_url":"https:\/\/likeink.com\/nl\/tijdelijke-tattoo\/hup-zweden-vlaggen\/","og_site_name":"Like ink","article_publisher":"https:\/\/www.facebook.com\/LikeInkSe","article_modified_time":"2026-05-11T14:26:07+00:00","og_image":[{"width":1400,"height":986,"url":"https:\/\/likeink.com\/wp-content\/uploads\/2024\/05\/Heja-Sverige-Flaggor-Likeink.jpg","type":"image\/jpeg"}],"twitter_card":"summary_large_image","twitter_misc":{"Geschatte leestijd":"1 minuut"},"schema":{"@context":"https:\/\/schema.org","@graph":[{"@type":"WebPage","@id":"https:\/\/likeink.com\/nl\/tijdelijke-tattoo\/hup-zweden-vlaggen\/","url":"https:\/\/likeink.com\/nl\/tijdelijke-tattoo\/hup-zweden-vlaggen\/","name":"Hup Zweden vlaggen - Like ink","isPartOf":{"@id":"https:\/\/likeink.com\/nl\/#website"},"primaryImageOfPage":{"@id":"https:\/\/likeink.com\/nl\/tijdelijke-tattoo\/hup-zweden-vlaggen\/#primaryimage"},"image":{"@id":"https:\/\/likeink.com\/nl\/tijdelijke-tattoo\/hup-zweden-vlaggen\/#primaryimage"},"thumbnailUrl":"https:\/\/likeink.com\/wp-content\/uploads\/2024\/05\/Heja-Sverige-Flaggor-Likeink.jpg","datePublished":"2024-05-05T17:16:37+00:00","dateModified":"2026-05-11T14:26:07+00:00","description":"Hup Zweden vlaggen als plaktattoos en tijdelijke tattoos. Leuke varianten in de kleuren van Zweden die perfect zijn als tattoos. - Like ink","breadcrumb":{"@id":"https:\/\/likeink.com\/nl\/tijdelijke-tattoo\/hup-zweden-vlaggen\/#breadcrumb"},"inLanguage":"nl-NL","potentialAction":[{"@type":"ReadAction","target":["https:\/\/likeink.com\/nl\/tijdelijke-tattoo\/hup-zweden-vlaggen\/"]}]},{"@type":"ImageObject","inLanguage":"nl-NL","@id":"https:\/\/likeink.com\/nl\/tijdelijke-tattoo\/hup-zweden-vlaggen\/#primaryimage","url":"https:\/\/likeink.com\/wp-content\/uploads\/2024\/05\/Heja-Sverige-Flaggor-Likeink.jpg","contentUrl":"https:\/\/likeink.com\/wp-content\/uploads\/2024\/05\/Heja-Sverige-Flaggor-Likeink.jpg","width":1400,"height":986,"caption":"Zweedse vlag wrijftattoos van Like Ink."},{"@type":"BreadcrumbList","@id":"https:\/\/likeink.com\/nl\/tijdelijke-tattoo\/hup-zweden-vlaggen\/#breadcrumb","itemListElement":[{"@type":"ListItem","position":1,"name":"Hem","item":"https:\/\/likeink.com\/nl\/"},{"@type":"ListItem","position":2,"name":"Winkel","item":"https:\/\/likeink.com\/nl\/winkel\/"},{"@type":"ListItem","position":3,"name":"Hup Zweden vlaggen"}]},{"@type":"WebSite","@id":"https:\/\/likeink.com\/nl\/#website","url":"https:\/\/likeink.com\/nl\/","name":"Like ink","description":"Maak je eigen tijdelijke tatoeages","potentialAction":[{"@type":"SearchAction","target":{"@type":"EntryPoint","urlTemplate":"https:\/\/likeink.com\/nl\/?s={search_term_string}"},"query-input":{"@type":"PropertyValueSpecification","valueRequired":true,"valueName":"search_term_string"}}],"inLanguage":"nl-NL"}]}},"_links":{"self":[{"href":"https:\/\/likeink.com\/nl\/wp-json\/wp\/v2\/product\/65068","targetHints":{"allow":["GET"]}}],"collection":[{"href":"https:\/\/likeink.com\/nl\/wp-json\/wp\/v2\/product"}],"about":[{"href":"https:\/\/likeink.com\/nl\/wp-json\/wp\/v2\/types\/product"}],"wp:featuredmedia":[{"embeddable":true,"href":"https:\/\/likeink.com\/nl\/wp-json\/wp\/v2\/media\/27014"}],"wp:attachment":[{"href":"https:\/\/likeink.com\/nl\/wp-json\/wp\/v2\/media?parent=65068"}],"wp:term":[{"taxonomy":"product_brand","embeddable":true,"href":"https:\/\/likeink.com\/nl\/wp-json\/wp\/v2\/product_brand?post=65068"},{"taxonomy":"product_cat","embeddable":true,"href":"https:\/\/likeink.com\/nl\/wp-json\/wp\/v2\/product_cat?post=65068"},{"taxonomy":"product_tag","embeddable":true,"href":"https:\/\/likeink.com\/nl\/wp-json\/wp\/v2\/product_tag?post=65068"}],"curies":[{"name":"wp","href":"https:\/\/api.w.org\/{rel}","templated":true}]}}