{"id":65110,"date":"2021-02-18T13:25:15","date_gmt":"2021-02-18T13:25:15","guid":{"rendered":"https:\/\/likeink.com\/gnuggisar\/flash-1-by-kain-at-zoi-tattoo\/"},"modified":"2026-05-12T11:11:46","modified_gmt":"2026-05-12T11:11:46","slug":"flash-pentagram-by-kain-toro-at-zoi-tattoo","status":"publish","type":"product","link":"https:\/\/likeink.com\/nl\/tijdelijke-tattoo\/flash-pentagram-by-kain-toro-at-zoi-tattoo\/","title":{"rendered":"Flash &#8220;Pentagram&#8221; door Kain Toro bij Zoi Tattoo"},"content":{"rendered":"","protected":false},"excerpt":{"rendered":"<p>Onze kant-en-klare vellen met tijdelijke tattoos zijn ongeveer 20\u00d715 cm groot en gevuld met het ontwerp dat je op de afbeelding ziet. Om ervoor te zorgen dat je tevreden bent, drukken en verzenden we het vel binnen 24 uur na je bestelling.<\/p>\n<h2>Tijdelijke tattoos door Kain<\/h2>\n<p>Dit vel is ontworpen door de getalenteerde tattooartiest Kain Toro bij Zoi Tattoo.<\/p>\n<p><strong>Dit is Kain:<\/strong> Een supergetalenteerde tattooartiest uit Colombia die werkt bij Zoi Tattoo in Malm\u00f6, Zweden. Kain houdt van black and grey, schedels en rock n roll. Een paar jaar geleden tatoe\u00eberde Kain een anker op mijn onderarm. Ik was onder de indruk van hoe snel hij tatoe\u00eberde, hoe fijn de lijnen werden en zijn gevoel voor detail.<br \/>\nWe zijn enthousiast om een paar van Kains ontwerpen als tijdelijke tattoos aan te bieden!<\/p>\n<p><strong>Neem contact op met Kain:<\/strong><\/p>\n<p><strong>Instagram:<\/strong><\/p>\n<p>@6kain6<\/p>\n<p><strong>Studio:<\/strong><\/p>\n<p>Zoi Tattoo<\/p>\n<p><strong>Adres:<\/strong><\/p>\n<p>Stora Nygatan 42, MALM\u00d6<\/p>\n<p><strong>Website:<\/strong> https:\/\/www.zoitattoo.com<\/p>\n","protected":false},"featured_media":4729,"template":"","meta":[],"product_brand":[],"product_cat":[54,502],"product_tag":[],"class_list":{"0":"post-65110","1":"product","2":"type-product","3":"status-publish","4":"has-post-thumbnail","6":"product_cat-kant-en-klare-vellen","7":"product_cat-samenwerkingen-met-tatoeeerders","9":"first","10":"instock","11":"taxable","12":"shipping-taxable","13":"purchasable","14":"product-type-simple"},"yoast_head":"<!-- This site is optimized with the Yoast SEO Premium plugin v27.5 (Yoast SEO v27.6) - https:\/\/yoast.com\/product\/yoast-seo-premium-wordpress\/ -->\n<title>Flash &quot;Pentagram&quot; door Kain Toro bij Zoi Tattoo<\/title>\n<meta name=\"description\" content=\"Pentagram tattoo: koop een fake tattoos flash sheet met ontwerp van tattooartiest Kain bij Zoi Ink. A5-vel voor 98 kr, snelle levering en gratis verzending.\" \/>\n<meta name=\"robots\" content=\"index, follow, max-snippet:-1, max-image-preview:large, max-video-preview:-1\" \/>\n<link rel=\"canonical\" href=\"https:\/\/likeink.com\/nl\/tijdelijke-tattoo\/flash-pentagram-by-kain-toro-at-zoi-tattoo\/\" \/>\n<meta property=\"og:locale\" content=\"nl_NL\" \/>\n<meta property=\"og:type\" content=\"article\" \/>\n<meta property=\"og:title\" content=\"Flash &quot;Pentagram&quot; door Kain Toro bij Zoi Tattoo\" \/>\n<meta property=\"og:description\" content=\"Onze kant-en-klare vellen met tijdelijke tattoos zijn ongeveer 20\u00d715 cm groot en gevuld met het ontwerp dat je op de afbeelding ziet. Om ervoor te zorgen dat je tevreden bent, drukken en verzenden we het vel binnen 24 uur na je bestelling. Tijdelijke tattoos door Kain Dit vel is ontworpen door de getalenteerde tattooartiest Kain Toro bij Zoi Tattoo.  Dit is Kain: Een supergetalenteerde tattooartiest uit Colombia die werkt bij Zoi Tattoo in Malm\u00f6, Zweden. Kain houdt van black and grey, schedels en rock n roll. Een paar jaar geleden tatoe\u00eberde Kain een anker op mijn onderarm. Ik was onder de indruk van hoe snel hij tatoe\u00eberde, hoe fijn de lijnen werden en zijn gevoel voor detail. We zijn enthousiast om een paar van Kains ontwerpen als tijdelijke tattoos aan te bieden!  Neem contact op met Kain:  Instagram:  @6kain6  Studio:  Zoi Tattoo  Adres:  Stora Nygatan 42, MALM\u00d6  Website: https:\/\/www.zoitattoo.com\" \/>\n<meta property=\"og:url\" content=\"https:\/\/likeink.com\/nl\/tijdelijke-tattoo\/flash-pentagram-by-kain-toro-at-zoi-tattoo\/\" \/>\n<meta property=\"og:site_name\" content=\"Like ink\" \/>\n<meta property=\"article:publisher\" content=\"https:\/\/www.facebook.com\/LikeInkSe\" \/>\n<meta property=\"article:modified_time\" content=\"2026-05-12T11:11:46+00:00\" \/>\n<meta property=\"og:image\" content=\"https:\/\/likeink.com\/wp-content\/uploads\/2021\/02\/Kain4-TRYCK-e1613654184334.jpg\" \/>\n\t<meta property=\"og:image:width\" content=\"1135\" \/>\n\t<meta property=\"og:image:height\" content=\"800\" \/>\n\t<meta property=\"og:image:type\" content=\"image\/jpeg\" \/>\n<meta name=\"twitter:card\" content=\"summary_large_image\" \/>\n<meta name=\"twitter:label1\" content=\"Geschatte leestijd\" \/>\n\t<meta name=\"twitter:data1\" content=\"1 minuut\" \/>\n<!-- \/ Yoast SEO Premium plugin. -->","yoast_head_json":{"title":"Flash \"Pentagram\" door Kain Toro bij Zoi Tattoo","description":"Pentagram tattoo: koop een fake tattoos flash sheet met ontwerp van tattooartiest Kain bij Zoi Ink. A5-vel voor 98 kr, snelle levering en gratis verzending.","robots":{"index":"index","follow":"follow","max-snippet":"max-snippet:-1","max-image-preview":"max-image-preview:large","max-video-preview":"max-video-preview:-1"},"canonical":"https:\/\/likeink.com\/nl\/tijdelijke-tattoo\/flash-pentagram-by-kain-toro-at-zoi-tattoo\/","og_locale":"nl_NL","og_type":"article","og_title":"Flash \"Pentagram\" door Kain Toro bij Zoi Tattoo","og_description":"Onze kant-en-klare vellen met tijdelijke tattoos zijn ongeveer 20\u00d715 cm groot en gevuld met het ontwerp dat je op de afbeelding ziet. Om ervoor te zorgen dat je tevreden bent, drukken en verzenden we het vel binnen 24 uur na je bestelling. Tijdelijke tattoos door Kain Dit vel is ontworpen door de getalenteerde tattooartiest Kain Toro bij Zoi Tattoo.  Dit is Kain: Een supergetalenteerde tattooartiest uit Colombia die werkt bij Zoi Tattoo in Malm\u00f6, Zweden. Kain houdt van black and grey, schedels en rock n roll. Een paar jaar geleden tatoe\u00eberde Kain een anker op mijn onderarm. Ik was onder de indruk van hoe snel hij tatoe\u00eberde, hoe fijn de lijnen werden en zijn gevoel voor detail. We zijn enthousiast om een paar van Kains ontwerpen als tijdelijke tattoos aan te bieden!  Neem contact op met Kain:  Instagram:  @6kain6  Studio:  Zoi Tattoo  Adres:  Stora Nygatan 42, MALM\u00d6  Website: https:\/\/www.zoitattoo.com","og_url":"https:\/\/likeink.com\/nl\/tijdelijke-tattoo\/flash-pentagram-by-kain-toro-at-zoi-tattoo\/","og_site_name":"Like ink","article_publisher":"https:\/\/www.facebook.com\/LikeInkSe","article_modified_time":"2026-05-12T11:11:46+00:00","og_image":[{"width":1135,"height":800,"url":"https:\/\/likeink.com\/wp-content\/uploads\/2021\/02\/Kain4-TRYCK-e1613654184334.jpg","type":"image\/jpeg"}],"twitter_card":"summary_large_image","twitter_misc":{"Geschatte leestijd":"1 minuut"},"schema":{"@context":"https:\/\/schema.org","@graph":[{"@type":"WebPage","@id":"https:\/\/likeink.com\/nl\/tijdelijke-tattoo\/flash-pentagram-by-kain-toro-at-zoi-tattoo\/","url":"https:\/\/likeink.com\/nl\/tijdelijke-tattoo\/flash-pentagram-by-kain-toro-at-zoi-tattoo\/","name":"Flash \"Pentagram\" door Kain Toro bij Zoi Tattoo","isPartOf":{"@id":"https:\/\/likeink.com\/nl\/#website"},"primaryImageOfPage":{"@id":"https:\/\/likeink.com\/nl\/tijdelijke-tattoo\/flash-pentagram-by-kain-toro-at-zoi-tattoo\/#primaryimage"},"image":{"@id":"https:\/\/likeink.com\/nl\/tijdelijke-tattoo\/flash-pentagram-by-kain-toro-at-zoi-tattoo\/#primaryimage"},"thumbnailUrl":"https:\/\/likeink.com\/wp-content\/uploads\/2021\/02\/Kain4-TRYCK-e1613654184334.jpg","datePublished":"2021-02-18T13:25:15+00:00","dateModified":"2026-05-12T11:11:46+00:00","description":"Pentagram tattoo: koop een fake tattoos flash sheet met ontwerp van tattooartiest Kain bij Zoi Ink. A5-vel voor 98 kr, snelle levering en gratis verzending.","breadcrumb":{"@id":"https:\/\/likeink.com\/nl\/tijdelijke-tattoo\/flash-pentagram-by-kain-toro-at-zoi-tattoo\/#breadcrumb"},"inLanguage":"nl-NL","potentialAction":[{"@type":"ReadAction","target":["https:\/\/likeink.com\/nl\/tijdelijke-tattoo\/flash-pentagram-by-kain-toro-at-zoi-tattoo\/"]}]},{"@type":"ImageObject","inLanguage":"nl-NL","@id":"https:\/\/likeink.com\/nl\/tijdelijke-tattoo\/flash-pentagram-by-kain-toro-at-zoi-tattoo\/#primaryimage","url":"https:\/\/likeink.com\/wp-content\/uploads\/2021\/02\/Kain4-TRYCK-e1613654184334.jpg","contentUrl":"https:\/\/likeink.com\/wp-content\/uploads\/2021\/02\/Kain4-TRYCK-e1613654184334.jpg","width":1135,"height":800,"caption":"Tattoo designs by Kan Toro."},{"@type":"BreadcrumbList","@id":"https:\/\/likeink.com\/nl\/tijdelijke-tattoo\/flash-pentagram-by-kain-toro-at-zoi-tattoo\/#breadcrumb","itemListElement":[{"@type":"ListItem","position":1,"name":"Hem","item":"https:\/\/likeink.com\/nl\/"},{"@type":"ListItem","position":2,"name":"Winkel","item":"https:\/\/likeink.com\/nl\/winkel\/"},{"@type":"ListItem","position":3,"name":"Flash &#8220;Pentagram&#8221; door Kain Toro bij Zoi Tattoo"}]},{"@type":"WebSite","@id":"https:\/\/likeink.com\/nl\/#website","url":"https:\/\/likeink.com\/nl\/","name":"Like ink","description":"Maak je eigen tijdelijke tatoeages","potentialAction":[{"@type":"SearchAction","target":{"@type":"EntryPoint","urlTemplate":"https:\/\/likeink.com\/nl\/?s={search_term_string}"},"query-input":{"@type":"PropertyValueSpecification","valueRequired":true,"valueName":"search_term_string"}}],"inLanguage":"nl-NL"}]}},"_links":{"self":[{"href":"https:\/\/likeink.com\/nl\/wp-json\/wp\/v2\/product\/65110","targetHints":{"allow":["GET"]}}],"collection":[{"href":"https:\/\/likeink.com\/nl\/wp-json\/wp\/v2\/product"}],"about":[{"href":"https:\/\/likeink.com\/nl\/wp-json\/wp\/v2\/types\/product"}],"wp:featuredmedia":[{"embeddable":true,"href":"https:\/\/likeink.com\/nl\/wp-json\/wp\/v2\/media\/4729"}],"wp:attachment":[{"href":"https:\/\/likeink.com\/nl\/wp-json\/wp\/v2\/media?parent=65110"}],"wp:term":[{"taxonomy":"product_brand","embeddable":true,"href":"https:\/\/likeink.com\/nl\/wp-json\/wp\/v2\/product_brand?post=65110"},{"taxonomy":"product_cat","embeddable":true,"href":"https:\/\/likeink.com\/nl\/wp-json\/wp\/v2\/product_cat?post=65110"},{"taxonomy":"product_tag","embeddable":true,"href":"https:\/\/likeink.com\/nl\/wp-json\/wp\/v2\/product_tag?post=65110"}],"curies":[{"name":"wp","href":"https:\/\/api.w.org\/{rel}","templated":true}]}}