{"id":53835,"date":"2025-12-12T07:50:19","date_gmt":"2025-12-12T07:50:19","guid":{"rendered":"https:\/\/likeink.com\/hva-er-semi-permanente-tatoveringer\/"},"modified":"2025-12-15T10:54:05","modified_gmt":"2025-12-15T10:54:05","slug":"hva-er-semi-permanente-tatoveringer","status":"publish","type":"page","link":"https:\/\/likeink.com\/no\/hva-er-semi-permanente-tatoveringer\/","title":{"rendered":"Hva er semi-permanente tatoveringer?"},"content":{"rendered":"\t\t<div data-elementor-type=\"wp-page\" data-elementor-id=\"53835\" class=\"elementor elementor-53835 elementor-29657\" data-elementor-post-type=\"page\">\n\t\t\t\t<div class=\"elementor-element elementor-element-25fb5ec2 e-flex e-con-boxed e-con e-parent\" data-id=\"25fb5ec2\" data-element_type=\"container\">\n\t\t\t\t\t<div class=\"e-con-inner\">\n\t\t<div class=\"elementor-element elementor-element-6f1b73d e-con-full e-flex e-con e-child\" data-id=\"6f1b73d\" data-element_type=\"container\">\n\t\t\t\t<div class=\"elementor-element elementor-element-13049ff elementor-widget elementor-widget-text-editor\" data-id=\"13049ff\" data-element_type=\"widget\" data-widget_type=\"text-editor.default\">\n\t\t\t\t<div class=\"elementor-widget-container\">\n\t\t\t\t\t\t\t\t\t<h1>Hva er semi-permanente tatoveringer?<\/h1>\n<p>Semi-permanente tatoveringer er en type tatoveringer som varer lenger enn midlertidige tatoveringer, men som ikke er permanente. De p\u00e5f\u00f8res ved hjelp av en spesiell teknikk som gj\u00f8r at fargen trenger inn i de \u00f8vre lagene av huden, noe som gir et naturlig og realistisk utseende som kan vare i flere uker hvis du velger en p\u00e5litelig leverand\u00f8r.<\/p>\n<h2>Fordeler med midlertidige tatoveringer\/overf\u00f8ringer sammenlignet med semi-permanente tatoveringer<\/h2>\n<p>Midlertidige tatoveringer, ogs\u00e5 kjent som overf\u00f8ringsbilder, er sv\u00e6rt popul\u00e6re p\u00e5 grunn av deres kortvarige natur og enkle p\u00e5f\u00f8ring og fjerning. Her er noen av fordelene med midlertidige tatoveringer:<\/p>\n<h3><b>Enkel p\u00e5f\u00f8ring og fjerning<\/b><\/h3>\n<p>Midlertidige tatoveringer er enkle \u00e5 p\u00e5f\u00f8re med litt vann og kan fjernes med s\u00e5pe og vann eller alkohol. Et annet tips er \u00e5 legge et stykke tape over tatoveringen og trekke den av.<\/p>\n<h3><b>Kostnadseffektiv<\/b><\/h3>\n<p>Overf\u00f8ringstatoveringer er mye billigere enn semi-permanente tatoveringer.<\/p>\n<h3><b>Fleksibilitet<\/b><\/h3>\n<p>Siden overf\u00f8ringstatoveringer er midlertidige, kan du endre design s\u00e5 ofte du vil uten \u00e5 bekymre deg for langsiktige konsekvenser.<\/p>\n<h3><b>Ingen smerte<\/b><\/h3>\n<p>P\u00e5f\u00f8ringen er smertefri, noe som gj\u00f8r dem ideelle for barn og voksne som er redde for n\u00e5ler. Like ink&#x27;s midlertidige tatoveringer overholder alle EUs kosmetikkforskrifter og er dermatologisk testet. Semi-permanente tatoveringer gj\u00f8r heller ikke vondt \u00e5 p\u00e5f\u00f8re, men kan ikke vaskes av som en vanlig overf\u00f8ring. En semi-permanent tatovering blekner over tid.<\/p>\n<h3><b>Tilpassede alternativer<\/b><\/h3>\n<p>Det er veldig enkelt \u00e5 bestille <a href=\"https:\/\/Likeink.com\/temporary-tattoo\/custom-temporary-tattoos\/\">tilpassede midlertidige tatoveringer<\/a><br>med tilpassede design og st\u00f8rrelser, noe som er perfekt for bedrifter som \u00f8nsker \u00e5 markedsf\u00f8re merkevaren sin eller for spesielle arrangementer, testing f\u00f8r man f\u00e5r en permanent tatovering og kles seg ut til kostymefester.<\/p>\n<h2>Begrensninger ved semi-permanente tatoveringer<\/h2>\n<p>Til tross for fordelene har semi-permanente tatoveringer noen viktige begrensninger man b\u00f8r v\u00e6re klar over:<\/p>\n<h3><b>Ingen tilpasning<\/b><\/h3>\n<p>Det er vanligvis ikke mulig \u00e5 bestille semi-permanente tatoveringer med tilpassede design. De fleste produsenter tilbyr kun forh\u00e5ndsdesignede motiver i forh\u00e5ndsbestemte st\u00f8rrelser.<\/p>\n<h3><b>Ikke egnet for bedriftsarrangementer<\/b><\/h3>\n<p>Siden disse tatoveringene utvikler seg over tid og det kan ta flere dager f\u00f8r de f\u00e5r full effekt, er de ikke ideelle \u00e5 gi til ansatte eller kunder p\u00e5 l\u00f8p, festivaler eller andre arrangementer. De fleste \u00f8nsker ogs\u00e5 muligheten til \u00e5 vaske av denne typen midlertidige tatoveringer n\u00e5r festen, l\u00f8pet eller arrangementet er over.<\/p>\n<h3><b>Begrenset fargepalett<\/b><\/h3>\n<p>Semi-permanente tatoveringer er vanligvis bare tilgjengelige i \u00e9n farge, noe som begrenser deres visuelle appell sammenlignet med flerfargede midlertidige alternativer. Farge er morsomt og i\u00f8ynefallende.<\/p>\n<h2>Fordeler med semi-permanente tatoveringer<\/h2>\n<p>Til tross for sine begrensninger har semi-permanente tatoveringer ogs\u00e5 noen unike fordeler:<\/p>\n<h3><b>Lenger holdbarhet<\/b><\/h3>\n<p>De varer betydelig lenger enn midlertidige tatoveringer, noe som er perfekt for de som \u00f8nsker \u00e5 pr\u00f8ve ut et design over en lengre periode.<\/p>\n<h3><b>Naturlig utseende<\/b><\/h3>\n<p><i>Siden<\/i> fargen trenger dypere inn i huden, ser semi-permanente tatoveringer mer naturlige og realistiske ut enn overf\u00f8rings tatoveringer.<\/p>\n<h3><b>Ingen daglig vedlikehold<\/b><\/h3>\n<p>Du trenger ikke \u00e5 bekymre deg for at de skal vaskes av i dusjen eller falme raskt.<\/p>\n<h2>Konklusjon<\/h2>\n<p>N\u00e5r du velger mellom midlertidige og semi-permanente tatoveringer, er det viktig \u00e5 vurdere dine spesifikke behov og bruksomr\u00e5der. Midlertidige tatoveringer tilbyr fleksibilitet, tilpasningsmuligheter og enkel p\u00e5f\u00f8ring, noe som gj\u00f8r dem ideelle for bedrifter, arrangementer, bryllup, fester og personlig bruk. P\u00e5 den annen side, hvis du vil ha noe som ser mer naturlig ut og varer lenger, kan semi-permanente tatoveringer v\u00e6re et bedre alternativ til tross for deres begrensninger i farge- og designmuligheter. Semi-permanente tatoveringer er et alternativ til ekte tatoveringer, mens overf\u00f8ringsbilder er best for bedrifter, fester og andre mer midlertidige anledninger.<br>Ved \u00e5 forst\u00e5 fordelene og begrensningene ved begge typer tatoveringer, kan du ta et informert valg som passer best til dine behov.<\/p>\n<p>Hos Like Ink kan du bestille klassiske midlertidige tatoveringer\/overf\u00f8ringsbilder med hvilket som helst design du \u00f8nsker. Vi hos Like Ink kan ogs\u00e5 lage <a href=\"https:\/\/likeink.com\/no\/for-bedrifter\/\">semi-permanente tatoveringer<\/a> med tilpassede design for deg p\u00e5 foresp\u00f8rsel. Det gjelder en minimumsbestilling p\u00e5 100 stykker per design. <span style=\"font-size: 1.1em;\">For forh\u00e5ndsdesignede semi-permanente tatoveringer, sjekk ut <\/span><span style=\"font-size: 1.1em;\"><a href=\"http:\/\/For pre-designed semi-permanent tattoos, check out\">https:\/\/inkrebel.com\/<\/a><\/span><\/p>\t\t\t\t\t\t\t\t<\/div>\n\t\t\t\t<\/div>\n\t\t\t\t<\/div>\n\t\t\t\t\t<\/div>\n\t\t\t\t<\/div>\n\t\t\t\t<\/div>\n\t\t","protected":false},"excerpt":{"rendered":"<p>Hva er semi-permanente tatoveringer? Semi-permanente tatoveringer er en type tatoveringer som varer lenger enn midlertidige tatoveringer, men som ikke er permanente. De p\u00e5f\u00f8res ved hjelp av en spesiell teknikk som gj\u00f8r at fargen trenger inn i de \u00f8vre lagene av huden, noe som gir et naturlig og realistisk utseende som kan vare i flere uker [&hellip;]<\/p>\n","protected":false},"author":4,"featured_media":0,"parent":0,"menu_order":0,"comment_status":"closed","ping_status":"closed","template":"","meta":{"footnotes":""},"class_list":["post-53835","page","type-page","status-publish","hentry"],"yoast_head":"<!-- This site is optimized with the Yoast SEO Premium plugin v26.2 (Yoast SEO v27.5) - https:\/\/yoast.com\/product\/yoast-seo-premium-wordpress\/ -->\n<title>Semi-permanente tatoveringer \u2013 alt du trenger \u00e5 vite - Like ink<\/title>\n<meta name=\"description\" content=\"Oppdag fordelene med midlertidige tatoveringer sammenlignet med semi-permanente tatoveringer: Rask p\u00e5f\u00f8ring og ideelt for arrangementer og kostymer.\" \/>\n<meta name=\"robots\" content=\"index, follow, max-snippet:-1, max-image-preview:large, max-video-preview:-1\" \/>\n<link rel=\"canonical\" href=\"https:\/\/likeink.com\/no\/hva-er-semi-permanente-tatoveringer\/\" \/>\n<meta property=\"og:locale\" content=\"nb_NO\" \/>\n<meta property=\"og:type\" content=\"article\" \/>\n<meta property=\"og:title\" content=\"Hva er semi-permanente tatoveringer?\" \/>\n<meta property=\"og:description\" content=\"Hva er semi-permanente tatoveringer? Semi-permanente tatoveringer er en type tatoveringer som varer lenger enn midlertidige tatoveringer, men som ikke er\" \/>\n<meta property=\"og:url\" content=\"https:\/\/likeink.com\/no\/hva-er-semi-permanente-tatoveringer\/\" \/>\n<meta property=\"og:site_name\" content=\"Like ink\" \/>\n<meta property=\"article:publisher\" content=\"https:\/\/www.facebook.com\/LikeInkSe\" \/>\n<meta property=\"article:modified_time\" content=\"2025-12-15T10:54:05+00:00\" \/>\n<meta name=\"twitter:card\" content=\"summary_large_image\" \/>\n<meta name=\"twitter:label1\" content=\"Ansl. lesetid\" \/>\n\t<meta name=\"twitter:data1\" content=\"3 minutter\" \/>\n<!-- \/ Yoast SEO Premium plugin. -->","yoast_head_json":{"title":"Semi-permanente tatoveringer \u2013 alt du trenger \u00e5 vite - Like ink","description":"Oppdag fordelene med midlertidige tatoveringer sammenlignet med semi-permanente tatoveringer: Rask p\u00e5f\u00f8ring og ideelt for arrangementer og kostymer.","robots":{"index":"index","follow":"follow","max-snippet":"max-snippet:-1","max-image-preview":"max-image-preview:large","max-video-preview":"max-video-preview:-1"},"canonical":"https:\/\/likeink.com\/no\/hva-er-semi-permanente-tatoveringer\/","og_locale":"nb_NO","og_type":"article","og_title":"Hva er semi-permanente tatoveringer?","og_description":"Hva er semi-permanente tatoveringer? Semi-permanente tatoveringer er en type tatoveringer som varer lenger enn midlertidige tatoveringer, men som ikke er","og_url":"https:\/\/likeink.com\/no\/hva-er-semi-permanente-tatoveringer\/","og_site_name":"Like ink","article_publisher":"https:\/\/www.facebook.com\/LikeInkSe","article_modified_time":"2025-12-15T10:54:05+00:00","twitter_card":"summary_large_image","twitter_misc":{"Ansl. lesetid":"3 minutter"},"schema":{"@context":"https:\/\/schema.org","@graph":[{"@type":"WebPage","@id":"https:\/\/likeink.com\/no\/hva-er-semi-permanente-tatoveringer\/","url":"https:\/\/likeink.com\/no\/hva-er-semi-permanente-tatoveringer\/","name":"Semi-permanente tatoveringer \u2013 alt du trenger \u00e5 vite - Like ink","isPartOf":{"@id":"https:\/\/likeink.com\/no\/#website"},"datePublished":"2025-12-12T07:50:19+00:00","dateModified":"2025-12-15T10:54:05+00:00","description":"Oppdag fordelene med midlertidige tatoveringer sammenlignet med semi-permanente tatoveringer: Rask p\u00e5f\u00f8ring og ideelt for arrangementer og kostymer.","breadcrumb":{"@id":"https:\/\/likeink.com\/no\/hva-er-semi-permanente-tatoveringer\/#breadcrumb"},"inLanguage":"nb-NO","potentialAction":[{"@type":"ReadAction","target":["https:\/\/likeink.com\/no\/hva-er-semi-permanente-tatoveringer\/"]}]},{"@type":"BreadcrumbList","@id":"https:\/\/likeink.com\/no\/hva-er-semi-permanente-tatoveringer\/#breadcrumb","itemListElement":[{"@type":"ListItem","position":1,"name":"Hem","item":"https:\/\/likeink.com\/no\/"},{"@type":"ListItem","position":2,"name":"Hva er semi-permanente tatoveringer?"}]},{"@type":"WebSite","@id":"https:\/\/likeink.com\/no\/#website","url":"https:\/\/likeink.com\/no\/","name":"Like ink","description":"Make your own custom design","potentialAction":[{"@type":"SearchAction","target":{"@type":"EntryPoint","urlTemplate":"https:\/\/likeink.com\/no\/?s={search_term_string}"},"query-input":{"@type":"PropertyValueSpecification","valueRequired":true,"valueName":"search_term_string"}}],"inLanguage":"nb-NO"}]}},"_links":{"self":[{"href":"https:\/\/likeink.com\/no\/wp-json\/wp\/v2\/pages\/53835","targetHints":{"allow":["GET"]}}],"collection":[{"href":"https:\/\/likeink.com\/no\/wp-json\/wp\/v2\/pages"}],"about":[{"href":"https:\/\/likeink.com\/no\/wp-json\/wp\/v2\/types\/page"}],"author":[{"embeddable":true,"href":"https:\/\/likeink.com\/no\/wp-json\/wp\/v2\/users\/4"}],"replies":[{"embeddable":true,"href":"https:\/\/likeink.com\/no\/wp-json\/wp\/v2\/comments?post=53835"}],"version-history":[{"count":11,"href":"https:\/\/likeink.com\/no\/wp-json\/wp\/v2\/pages\/53835\/revisions"}],"predecessor-version":[{"id":54738,"href":"https:\/\/likeink.com\/no\/wp-json\/wp\/v2\/pages\/53835\/revisions\/54738"}],"wp:attachment":[{"href":"https:\/\/likeink.com\/no\/wp-json\/wp\/v2\/media?parent=53835"}],"curies":[{"name":"wp","href":"https:\/\/api.w.org\/{rel}","templated":true}]}}