{"id":53837,"date":"2025-12-12T07:50:24","date_gmt":"2025-12-12T07:50:24","guid":{"rendered":"https:\/\/likeink.com\/styrke-posisjonen-i-bransjen-for-midlertidige-tatoveringer\/"},"modified":"2025-12-15T10:52:12","modified_gmt":"2025-12-15T10:52:12","slug":"styrke-posisjonen-i-bransjen-for-midlertidige-tatoveringer","status":"publish","type":"page","link":"https:\/\/likeink.com\/no\/styrke-posisjonen-i-bransjen-for-midlertidige-tatoveringer\/","title":{"rendered":"Styrke posisjonen i bransjen for midlertidige tatoveringer"},"content":{"rendered":"<p>Like Ink AB kj\u00f8per opp eiendelene til Fake Tattoos AB og styrker dermed sin posisjon i bransjen for midlertidige tatoveringer. Med slagordet \u00ab<strong>REAL FAKE TATTOOS<\/strong><\/p>\n<p>\u00bb passer dette oppkj\u00f8pet perfekt for Like Ink. Les mer.<\/p>\n<p><strong>Utvidet rekkevidde og kapasitet i bransjen for midlertidige tatoveringer<\/strong><\/p>\n<p>Malm\u00f6, Sverige \u2013 1. mai 2024 \u2013 Like Ink AB, en ledende leverand\u00f8r i bransjen for midlertidige tatoveringer, er glad for \u00e5 kunngj\u00f8re oppkj\u00f8pet av eiendelene til Fake Tattoos. Dette strategiske oppkj\u00f8pet markerer en viktig milep\u00e6l i Like Inks vekstbane, og kombinerer den omfattende erfaringen og de ekspansive nettverkene til begge selskapene.<\/p>\n<p>Fake Tattoos har v\u00e6rt en fremtredende akt\u00f8r i markedet i omtrent 10 \u00e5r, mens Like Ink har vokst raskt de siste 8 \u00e5rene. Fusjonen av disse to veletablerte enhetene vil utnytte deres samlede bransjekompetanse og solide kundebase, og posisjonere Like Ink for enest\u00e5ende vekst og innovasjon.<\/p>\n<p>\u00abVi er glade for \u00e5 \u00f8nske Fake Tattoos&#x27; kunder og kontakter velkommen til Like Ink-familien\u00bb, sier Gustav Hedlund, administrerende direkt\u00f8r i Like Ink Ltd. \u00abDette oppkj\u00f8pet styrker ikke bare v\u00e5r markedsposisjon, men forbedrer ogs\u00e5 v\u00e5r evne til \u00e5 betjene et bredere spekter av kunder, fra private kunder til store organisasjoner, med h\u00f8ykvalitets, spesialdesignede midlertidige tatoveringer.\u00bb<\/p>\n<p>Med integreringen av Fake Tattoos&#x27; ressurser er Like Ink n\u00e5 bedre rustet til \u00e5 m\u00f8te kundenes ulike behov gjennom sin e-handelsplattform. Selskapet er opptatt av \u00e5 levere rask og p\u00e5litelig service til privatkunder, foreninger og bedrifter over hele Europa og Storbritannia, og sikre de h\u00f8yeste standarder for kvalitet og kundetilfredshet.<\/p>\n<p>En av de viktigste fordelene med dette oppkj\u00f8pet er Like Inks \u00f8kte kapasitet til \u00e5 betjene store ordrer. Med flere tatoveringsvarianter tilgjengelig og konkurransedyktige priser for bestillinger p\u00e5 over 5000 tatoveringer, er Like Ink klar til \u00e5 bli den foretrukne leverand\u00f8ren for store kunder som s\u00f8ker kostnadseffektive, tilpassbare tatoveringsl\u00f8sninger.<\/p>\n<p>\u00abFremover vil vi fokusere p\u00e5 \u00e5 utnytte v\u00e5r utvidede kapasitet til \u00e5 drive videre vekst og innovasjon\u00bb, la Gustav til. \u00abVi er dedikert til \u00e5 tilby eksepsjonell service og produkter av h\u00f8y kvalitet til v\u00e5re kunder, og dette oppkj\u00f8pet er et viktig skritt i den retningen.\u00bb<\/p>\n<p>For mer informasjon om Like Ink Ltd og deres produkter, bes\u00f8k <a href=\"http:\/\/www.Likeink.com\/\" target=\"_new\" rel=\"noreferrer noopener\">wwwLikeink..com<\/a><\/p>\n<p><strong>Om Like Ink Ltd<\/strong><\/p>\n<p>Like Ink Ltd er et raskt voksende selskap som spesialiserer seg p\u00e5 h\u00f8ykvalitets, spesialdesignede midlertidige tatoveringer. Med et sterkt engasjement for kundetilfredshet og innovative l\u00f8sninger, betjener Like Ink en mangfoldig kundekrets gjennom sin effektive e-handelsplattform. Selskapet er dedikert til \u00e5 tilby rask levering og et bredt utvalg av tatoveringsalternativer for \u00e5 m\u00f8te behovene til private kunder, foreninger og bedrifter.<\/p>\n<p><strong>Om Fake Tattoos<\/strong><\/p>\n<p>Fake Tattoos har v\u00e6rt en kjent leverand\u00f8r av midlertidige tatoveringer i det siste ti\u00e5ret, og betjener store selskaper og organisasjoner hovedsakelig i Sverige, Norge, Danmark og Frankrike. Med et rykte for kvalitet og et sterkt nettverk av kunder har Fake Tattoos v\u00e6rt en betydelig akt\u00f8r i bransjen, kjent for sine gode priser for store kunder.<\/p>\n<p><strong>For kunder<\/strong><\/p>\n<p>av<\/p>\n<p><strong>Like Ink og Fake Tattoos<\/strong><\/p>\n<p>Kunder av b\u00e5de Like Ink og Fake Tattoos vil dra nytte av denne spennende utviklingen. Like Inks \u00f8kte kapasitet vil sikre enda raskere leveringstider og et bredere utvalg av h\u00f8ykvalitets, spesialdesignede falske tatoveringer. I tillegg kan st\u00f8rre kunder n\u00e5 nyte godt av flere tatoveringsvarianter og konkurransedyktige priser for bulkbestillinger p\u00e5 over 5000 tatoveringer. Denne fusjonen lover en forbedret og mer omfattende serviceopplevelse for alle kunder.<\/p>\n<p><strong>Kontakt:<\/strong><\/p>\n<p>Like Ink Ltd<br \/>\nE-post: gustav (@)Likeink<\/p>\n<p>.se<br \/>\nTelefon: +44 1205 200888<br \/>\nNettsted: <a href=\"http:\/\/www.Likeink.com\/\" target=\"_new\" rel=\"noreferrer noopener\">wwwLikeink..com<\/a><\/p>\n","protected":false},"excerpt":{"rendered":"<p>Like Ink AB kj\u00f8per opp eiendelene til Fake Tattoos AB og styrker dermed sin posisjon i bransjen for midlertidige tatoveringer. Med slagordet \u00abREAL FAKE TATTOOS \u00bb passer dette oppkj\u00f8pet perfekt for Like Ink. Les mer. Utvidet rekkevidde og kapasitet i bransjen for midlertidige tatoveringer Malm\u00f6, Sverige \u2013 1. mai 2024 \u2013 Like Ink AB, en [&hellip;]<\/p>\n","protected":false},"author":4,"featured_media":0,"parent":0,"menu_order":0,"comment_status":"closed","ping_status":"closed","template":"","meta":{"footnotes":""},"class_list":["post-53837","page","type-page","status-publish","hentry"],"yoast_head":"<!-- This site is optimized with the Yoast SEO Premium plugin v26.2 (Yoast SEO v27.4) - https:\/\/yoast.com\/product\/yoast-seo-premium-wordpress\/ -->\n<title>Like Ink: Styrker posisjonen i bransjen for midlertidige tatoveringer<\/title>\n<meta name=\"description\" content=\"Like Ink AB kj\u00f8per opp eiendelene til Fake Tattoos AB og styrker dermed sin posisjon i bransjen for midlertidige tatoveringer. Les mer.\" \/>\n<meta name=\"robots\" content=\"index, follow, max-snippet:-1, max-image-preview:large, max-video-preview:-1\" \/>\n<link rel=\"canonical\" href=\"https:\/\/likeink.com\/no\/styrke-posisjonen-i-bransjen-for-midlertidige-tatoveringer\/\" \/>\n<meta property=\"og:locale\" content=\"nb_NO\" \/>\n<meta property=\"og:type\" content=\"article\" \/>\n<meta property=\"og:title\" content=\"Styrke posisjonen i bransjen for midlertidige tatoveringer\" \/>\n<meta property=\"og:description\" content=\"Like Ink AB kj\u00f8per opp eiendelene til Fake Tattoos AB og styrker dermed sin posisjon i bransjen for midlertidige tatoveringer. Med slagordet \u00abREAL FAKE\" \/>\n<meta property=\"og:url\" content=\"https:\/\/likeink.com\/no\/styrke-posisjonen-i-bransjen-for-midlertidige-tatoveringer\/\" \/>\n<meta property=\"og:site_name\" content=\"Like ink\" \/>\n<meta property=\"article:publisher\" content=\"https:\/\/www.facebook.com\/LikeInkSe\" \/>\n<meta property=\"article:modified_time\" content=\"2025-12-15T10:52:12+00:00\" \/>\n<meta name=\"twitter:card\" content=\"summary_large_image\" \/>\n<meta name=\"twitter:label1\" content=\"Ansl. lesetid\" \/>\n\t<meta name=\"twitter:data1\" content=\"3 minutter\" \/>\n<script type=\"application\/ld+json\" class=\"yoast-schema-graph\">{\"@context\":\"https:\\\/\\\/schema.org\",\"@graph\":[{\"@type\":\"WebPage\",\"@id\":\"https:\\\/\\\/likeink.com\\\/no\\\/styrke-posisjonen-i-bransjen-for-midlertidige-tatoveringer\\\/\",\"url\":\"https:\\\/\\\/likeink.com\\\/no\\\/styrke-posisjonen-i-bransjen-for-midlertidige-tatoveringer\\\/\",\"name\":\"Like Ink: Styrker posisjonen i bransjen for midlertidige tatoveringer\",\"isPartOf\":{\"@id\":\"https:\\\/\\\/likeink.com\\\/no\\\/#website\"},\"datePublished\":\"2025-12-12T07:50:24+00:00\",\"dateModified\":\"2025-12-15T10:52:12+00:00\",\"description\":\"Like Ink AB kj\u00f8per opp eiendelene til Fake Tattoos AB og styrker dermed sin posisjon i bransjen for midlertidige tatoveringer. Les mer.\",\"breadcrumb\":{\"@id\":\"https:\\\/\\\/likeink.com\\\/no\\\/styrke-posisjonen-i-bransjen-for-midlertidige-tatoveringer\\\/#breadcrumb\"},\"inLanguage\":\"nb-NO\",\"potentialAction\":[{\"@type\":\"ReadAction\",\"target\":[\"https:\\\/\\\/likeink.com\\\/no\\\/styrke-posisjonen-i-bransjen-for-midlertidige-tatoveringer\\\/\"]}]},{\"@type\":\"BreadcrumbList\",\"@id\":\"https:\\\/\\\/likeink.com\\\/no\\\/styrke-posisjonen-i-bransjen-for-midlertidige-tatoveringer\\\/#breadcrumb\",\"itemListElement\":[{\"@type\":\"ListItem\",\"position\":1,\"name\":\"Hem\",\"item\":\"https:\\\/\\\/likeink.com\\\/no\\\/\"},{\"@type\":\"ListItem\",\"position\":2,\"name\":\"Styrke posisjonen i bransjen for midlertidige tatoveringer\"}]},{\"@type\":\"WebSite\",\"@id\":\"https:\\\/\\\/likeink.com\\\/no\\\/#website\",\"url\":\"https:\\\/\\\/likeink.com\\\/no\\\/\",\"name\":\"Like ink\",\"description\":\"Make your own custom design\",\"potentialAction\":[{\"@type\":\"SearchAction\",\"target\":{\"@type\":\"EntryPoint\",\"urlTemplate\":\"https:\\\/\\\/likeink.com\\\/no\\\/?s={search_term_string}\"},\"query-input\":{\"@type\":\"PropertyValueSpecification\",\"valueRequired\":true,\"valueName\":\"search_term_string\"}}],\"inLanguage\":\"nb-NO\"}]}<\/script>\n<!-- \/ Yoast SEO Premium plugin. -->","yoast_head_json":{"title":"Like Ink: Styrker posisjonen i bransjen for midlertidige tatoveringer","description":"Like Ink AB kj\u00f8per opp eiendelene til Fake Tattoos AB og styrker dermed sin posisjon i bransjen for midlertidige tatoveringer. Les mer.","robots":{"index":"index","follow":"follow","max-snippet":"max-snippet:-1","max-image-preview":"max-image-preview:large","max-video-preview":"max-video-preview:-1"},"canonical":"https:\/\/likeink.com\/no\/styrke-posisjonen-i-bransjen-for-midlertidige-tatoveringer\/","og_locale":"nb_NO","og_type":"article","og_title":"Styrke posisjonen i bransjen for midlertidige tatoveringer","og_description":"Like Ink AB kj\u00f8per opp eiendelene til Fake Tattoos AB og styrker dermed sin posisjon i bransjen for midlertidige tatoveringer. Med slagordet \u00abREAL FAKE","og_url":"https:\/\/likeink.com\/no\/styrke-posisjonen-i-bransjen-for-midlertidige-tatoveringer\/","og_site_name":"Like ink","article_publisher":"https:\/\/www.facebook.com\/LikeInkSe","article_modified_time":"2025-12-15T10:52:12+00:00","twitter_card":"summary_large_image","twitter_misc":{"Ansl. lesetid":"3 minutter"},"schema":{"@context":"https:\/\/schema.org","@graph":[{"@type":"WebPage","@id":"https:\/\/likeink.com\/no\/styrke-posisjonen-i-bransjen-for-midlertidige-tatoveringer\/","url":"https:\/\/likeink.com\/no\/styrke-posisjonen-i-bransjen-for-midlertidige-tatoveringer\/","name":"Like Ink: Styrker posisjonen i bransjen for midlertidige tatoveringer","isPartOf":{"@id":"https:\/\/likeink.com\/no\/#website"},"datePublished":"2025-12-12T07:50:24+00:00","dateModified":"2025-12-15T10:52:12+00:00","description":"Like Ink AB kj\u00f8per opp eiendelene til Fake Tattoos AB og styrker dermed sin posisjon i bransjen for midlertidige tatoveringer. Les mer.","breadcrumb":{"@id":"https:\/\/likeink.com\/no\/styrke-posisjonen-i-bransjen-for-midlertidige-tatoveringer\/#breadcrumb"},"inLanguage":"nb-NO","potentialAction":[{"@type":"ReadAction","target":["https:\/\/likeink.com\/no\/styrke-posisjonen-i-bransjen-for-midlertidige-tatoveringer\/"]}]},{"@type":"BreadcrumbList","@id":"https:\/\/likeink.com\/no\/styrke-posisjonen-i-bransjen-for-midlertidige-tatoveringer\/#breadcrumb","itemListElement":[{"@type":"ListItem","position":1,"name":"Hem","item":"https:\/\/likeink.com\/no\/"},{"@type":"ListItem","position":2,"name":"Styrke posisjonen i bransjen for midlertidige tatoveringer"}]},{"@type":"WebSite","@id":"https:\/\/likeink.com\/no\/#website","url":"https:\/\/likeink.com\/no\/","name":"Like ink","description":"Make your own custom design","potentialAction":[{"@type":"SearchAction","target":{"@type":"EntryPoint","urlTemplate":"https:\/\/likeink.com\/no\/?s={search_term_string}"},"query-input":{"@type":"PropertyValueSpecification","valueRequired":true,"valueName":"search_term_string"}}],"inLanguage":"nb-NO"}]}},"_links":{"self":[{"href":"https:\/\/likeink.com\/no\/wp-json\/wp\/v2\/pages\/53837","targetHints":{"allow":["GET"]}}],"collection":[{"href":"https:\/\/likeink.com\/no\/wp-json\/wp\/v2\/pages"}],"about":[{"href":"https:\/\/likeink.com\/no\/wp-json\/wp\/v2\/types\/page"}],"author":[{"embeddable":true,"href":"https:\/\/likeink.com\/no\/wp-json\/wp\/v2\/users\/4"}],"replies":[{"embeddable":true,"href":"https:\/\/likeink.com\/no\/wp-json\/wp\/v2\/comments?post=53837"}],"version-history":[{"count":1,"href":"https:\/\/likeink.com\/no\/wp-json\/wp\/v2\/pages\/53837\/revisions"}],"predecessor-version":[{"id":53921,"href":"https:\/\/likeink.com\/no\/wp-json\/wp\/v2\/pages\/53837\/revisions\/53921"}],"wp:attachment":[{"href":"https:\/\/likeink.com\/no\/wp-json\/wp\/v2\/media?parent=53837"}],"curies":[{"name":"wp","href":"https:\/\/api.w.org\/{rel}","templated":true}]}}