{"id":53844,"date":"2025-12-12T07:50:47","date_gmt":"2025-12-12T07:50:47","guid":{"rendered":"https:\/\/likeink.com\/tatoveringer-for-barn\/"},"modified":"2025-12-15T10:54:06","modified_gmt":"2025-12-15T10:54:06","slug":"tatoveringer-for-barn","status":"publish","type":"page","link":"https:\/\/likeink.com\/no\/tatoveringer-for-barn\/","title":{"rendered":"tatoveringer for barn"},"content":{"rendered":"\t\t<div data-elementor-type=\"wp-page\" data-elementor-id=\"53844\" class=\"elementor elementor-53844 elementor-4193\" data-elementor-post-type=\"page\">\n\t\t\t\t<div class=\"elementor-element elementor-element-17ee507a e-flex e-con-boxed e-con e-parent\" data-id=\"17ee507a\" data-element_type=\"container\">\n\t\t\t\t\t<div class=\"e-con-inner\">\n\t\t<div class=\"elementor-element elementor-element-67693fd e-con-full e-flex e-con e-child\" data-id=\"67693fd\" data-element_type=\"container\">\n\t\t\t\t<div class=\"elementor-element elementor-element-17a8de1b elementor-widget elementor-widget-text-editor\" data-id=\"17a8de1b\" data-element_type=\"widget\" data-widget_type=\"text-editor.default\">\n\t\t\t\t<div class=\"elementor-widget-container\">\n\t\t\t\t\t\t\t\t\t<h1 style=\"font-size: 2em!important;\">Tatoveringer for barn med motivet du selv velger.<\/h1>\n<p>Tatoveringer for barn til alle anledninger. Lag dine egne tatoveringsdesign med individuelle motiver. Vi bruker milj\u00f8vennlig materiale, og alle v\u00e5re tatoveringer er allergivennlige og grundig testet.<\/p>\n<h2 style=\"font-size: 1.50em!important;\">Barn elsker tatoveringer!<\/h2>\n<p>\nVi har tatoveringer som er perfekte for barnebursdager, kostymefester, Halloween eller andre anledninger n\u00e5r barnet ditt \u00f8nsker \u00e5 kle seg ut.<br>\nGi barnebursdagen eller arrangementet et ekstra personlig preg med en tatovering med tema.<\/p><p><br><\/p>\n<h3><b>Allergivenlige tatoveringer for barn<\/b><\/h3>\n<p>Like ink-tatoveringen din er laget av milj\u00f8vennlig lim, papir og blekk. Like ink-tatoveringer for barn er allergivennlige og grundig testet. V\u00e5re tatoveringer anbefales og kan brukes av barn over tre \u00e5r uten risiko for allergi. Vi anbefaler v\u00e5re tatoveringer for barn over tre \u00e5r, ikke p\u00e5 grunn av hudreaksjoner hos barn under tre \u00e5r, men fordi de kan spise dem!<\/p><p><br><\/p>\n<h3><b>Hvor lenge varer en tatovering for barn?<\/b><\/h3>\n<p>V\u00e5re tatoveringer for barn holder seg i 1\u201314 dager, avhengig av hudtype og hvor tatoveringen er plassert. Tatoveringene kan enkelt vaskes av med s\u00e5pe og vann, s\u00e5 du kan fjerne dem n\u00e5r du vil etter p\u00e5f\u00f8ring.<\/p><p><br><\/p>\n<h3><b>Individuelt designede tatoveringer for barn.<\/b><\/h3>\n<p>\nAlle barn er forskjellige, s\u00e5 en unik <a href=\"https:\/\/Likeink.com\/\">tatovering som kan gnides p\u00e5<\/a>\ner den perfekte l\u00f8sningen.<br>\nI likhet med Inks bestselgende tatoveringer kan du laste opp designet du \u00f8nsker, som vi sender deg i den st\u00f8rrelsen og antallet du trenger.<br>\nNoen barn \u00f8nsker samme tatovering som idolene eller foreldrene sine, et motiv de selv har designet eller et foto. Noen barn elsker hunder, hester, fly eller \u00f8nsker et design fra et dataspill eller en tegneserie. Uansett hva du velger, last opp designet du \u00f8nsker, s\u00e5 sender vi tatoveringene dine innen 24 timer.<\/p><p><br><\/p>\n<h3><b>V\u00e5re tatoveringer for barn var en del av en stor kampanje<\/b><\/h3>\n<p>I sommer samarbeidet vi med suksess med et av Sveriges st\u00f8rste apotek: Apotek Hj\u00e4rtat.<\/p>\n<p>\nIdeen bak kampanjen var \u00e5 bidra til \u00e5 redusere infiserte insektbitt med tatoveringer.<br>\nBarn kan ha vanskelig for \u00e5 la v\u00e6re \u00e5 kl\u00f8 p\u00e5 bitt fra mygg, fl\u00e5tt, bremser og veps.<br>\nApotek Hj\u00e4rtat samarbeidet med en ledende tatoveringskunstner for \u00e5 designe en tatovering med et motiv som integrerer bittet i tatoveringen. Tatoveringen minner barna om \u00e5 ikke kl\u00f8, slik at bittene leges raskere.<br>\nEnkelt og smart \u2013 kampanjen ble en stor suksess!<br>\nTatoveringene er laget av tatoveringskunstneren Victoria Sundqvist og har blitt delt ut gratis p\u00e5 Apotek Hj\u00e4rtat siden midten av juni. Finn mer informasjon her:<a href=\"https:\/\/www.apotekhjartat.se\/gaddad\/\" target=\"_blank\" rel=\"noopener noreferrer\"> Apotek hj\u00e4rtat<\/a>\n.<\/p>\n<p><img decoding=\"async\" class=\"alignnone size-full wp-image-4186\" src=\"https:\/\/Likeink.com\/wp-content\/uploads\/2020\/11\/barntatueringar.jpg\" alt=\"barntatueringar\" width=\"600\" height=\"596\" srcset=\"https:\/\/likeink.com\/wp-content\/uploads\/2020\/11\/barntatueringar.jpg 600w, https:\/\/likeink.com\/wp-content\/uploads\/2020\/11\/barntatueringar-310x308.jpg 310w, https:\/\/likeink.com\/wp-content\/uploads\/2020\/11\/barntatueringar-100x100.jpg 100w, https:\/\/likeink.com\/wp-content\/uploads\/2020\/11\/barntatueringar-510x507.jpg 510w, https:\/\/likeink.com\/wp-content\/uploads\/2020\/11\/barntatueringar-300x298.jpg 300w, https:\/\/likeink.com\/wp-content\/uploads\/2020\/11\/barntatueringar-150x150.jpg 150w, https:\/\/likeink.com\/wp-content\/uploads\/2020\/11\/barntatueringar-247x245.jpg 247w\" sizes=\"(max-width: 600px) 100vw, 600px\" \/><\/p>\n<h4><b><br><\/b><\/h4><h4><b>Tatover barnet ditt med et telefonnummer<\/b><\/h4>\n<p>\nEn god id\u00e9 for barnes tatoveringer er en tatovering med en voksens telefonnummer, slik at du kan f\u00f8le deg trygg hvis barnet ditt g\u00e5r seg vill og trenger hjelp til \u00e5 ringe hjem.<br>\nBarnes tatoveringer kan brukes til en rekke anledninger, og er popul\u00e6re og morsomme for b\u00e5de barn og voksne.<\/p>\n<h4><b><br><\/b><\/h4><h4><b>Enkel \u00e5 p\u00e5f\u00f8re<\/b><\/h4>\n<ol>\n<li>Klipp ut motivet, og la det v\u00e6re s\u00e5 lite igjen rundt kantene som mulig.<\/li>\n<li>Fjern beskyttelsesplasten.<\/li>\n<li>Plasser den klebrige siden p\u00e5 huden der du vil ha tatoveringen.<\/li>\n<li>Fukt tatoveringen med en lunken klut eller hold den under rennende vann i omtrent 20 sekunder.<\/li>\n<li>Fjern papiret.<\/li>\n<li>Bruk den som en rockestjerne!<\/li>\n<\/ol>\t\t\t\t\t\t\t\t<\/div>\n\t\t\t\t<\/div>\n\t\t\t\t<\/div>\n\t\t\t\t\t<\/div>\n\t\t\t\t<\/div>\n\t\t\t\t<\/div>\n\t\t","protected":false},"excerpt":{"rendered":"<p>Tatoveringer for barn med motivet du selv velger. Tatoveringer for barn til alle anledninger. Lag dine egne tatoveringsdesign med individuelle motiver. Vi bruker milj\u00f8vennlig materiale, og alle v\u00e5re tatoveringer er allergivennlige og grundig testet. Barn elsker tatoveringer! Vi har tatoveringer som er perfekte for barnebursdager, kostymefester, Halloween eller andre anledninger n\u00e5r barnet ditt \u00f8nsker \u00e5 [&hellip;]<\/p>\n","protected":false},"author":7,"featured_media":0,"parent":0,"menu_order":0,"comment_status":"closed","ping_status":"open","template":"","meta":{"footnotes":""},"class_list":["post-53844","page","type-page","status-publish","hentry"],"yoast_head":"<!-- This site is optimized with the Yoast SEO Premium plugin v26.2 (Yoast SEO v27.5) - https:\/\/yoast.com\/product\/yoast-seo-premium-wordpress\/ -->\n<title>Tatoveringer for barn: Tatoveringer for barn med individuelle design \u2013 | Like ink<\/title>\n<meta name=\"description\" content=\"Tatoveringer for barn: Tatoveringer for barn til alle anledninger. Design tatoveringer for barn med motiver eller m\u00f8nstre du selv lager. Milj\u00f8vennlige tatoveringer med gratis levering!\" \/>\n<meta name=\"robots\" content=\"index, follow, max-snippet:-1, max-image-preview:large, max-video-preview:-1\" \/>\n<link rel=\"canonical\" href=\"https:\/\/likeink.com\/no\/tatoveringer-for-barn\/\" \/>\n<meta property=\"og:locale\" content=\"nb_NO\" \/>\n<meta property=\"og:type\" content=\"article\" \/>\n<meta property=\"og:title\" content=\"tatoveringer for barn\" \/>\n<meta property=\"og:description\" content=\"Tatoveringer for barn med motivet du selv velger. Tatoveringer for barn til alle anledninger. Lag dine egne tatoveringsdesign med individuelle motiver. Vi\" \/>\n<meta property=\"og:url\" content=\"https:\/\/likeink.com\/no\/tatoveringer-for-barn\/\" \/>\n<meta property=\"og:site_name\" content=\"Like ink\" \/>\n<meta property=\"article:publisher\" content=\"https:\/\/www.facebook.com\/LikeInkSe\" \/>\n<meta property=\"article:modified_time\" content=\"2025-12-15T10:54:06+00:00\" \/>\n<meta property=\"og:image\" content=\"https:\/\/likeink.com\/wp-content\/uploads\/2020\/11\/barntatueringar.jpg\" \/>\n\t<meta property=\"og:image:width\" content=\"600\" \/>\n\t<meta property=\"og:image:height\" content=\"596\" \/>\n\t<meta property=\"og:image:type\" content=\"image\/jpeg\" \/>\n<meta name=\"twitter:card\" content=\"summary_large_image\" \/>\n<meta name=\"twitter:label1\" content=\"Ansl. lesetid\" \/>\n\t<meta name=\"twitter:data1\" content=\"3 minutter\" \/>\n<!-- \/ Yoast SEO Premium plugin. -->","yoast_head_json":{"title":"Tatoveringer for barn: Tatoveringer for barn med individuelle design \u2013 | Like ink","description":"Tatoveringer for barn: Tatoveringer for barn til alle anledninger. Design tatoveringer for barn med motiver eller m\u00f8nstre du selv lager. Milj\u00f8vennlige tatoveringer med gratis levering!","robots":{"index":"index","follow":"follow","max-snippet":"max-snippet:-1","max-image-preview":"max-image-preview:large","max-video-preview":"max-video-preview:-1"},"canonical":"https:\/\/likeink.com\/no\/tatoveringer-for-barn\/","og_locale":"nb_NO","og_type":"article","og_title":"tatoveringer for barn","og_description":"Tatoveringer for barn med motivet du selv velger. Tatoveringer for barn til alle anledninger. Lag dine egne tatoveringsdesign med individuelle motiver. Vi","og_url":"https:\/\/likeink.com\/no\/tatoveringer-for-barn\/","og_site_name":"Like ink","article_publisher":"https:\/\/www.facebook.com\/LikeInkSe","article_modified_time":"2025-12-15T10:54:06+00:00","og_image":[{"width":600,"height":596,"url":"https:\/\/likeink.com\/wp-content\/uploads\/2020\/11\/barntatueringar.jpg","type":"image\/jpeg"}],"twitter_card":"summary_large_image","twitter_misc":{"Ansl. lesetid":"3 minutter"},"schema":{"@context":"https:\/\/schema.org","@graph":[{"@type":"WebPage","@id":"https:\/\/likeink.com\/no\/tatoveringer-for-barn\/","url":"https:\/\/likeink.com\/no\/tatoveringer-for-barn\/","name":"Tatoveringer for barn: Tatoveringer for barn med individuelle design \u2013 | Like ink","isPartOf":{"@id":"https:\/\/likeink.com\/no\/#website"},"primaryImageOfPage":{"@id":"https:\/\/likeink.com\/no\/tatoveringer-for-barn\/#primaryimage"},"image":{"@id":"https:\/\/likeink.com\/no\/tatoveringer-for-barn\/#primaryimage"},"thumbnailUrl":"https:\/\/Likeink.com\/wp-content\/uploads\/2020\/11\/barntatueringar.jpg","datePublished":"2025-12-12T07:50:47+00:00","dateModified":"2025-12-15T10:54:06+00:00","description":"Tatoveringer for barn: Tatoveringer for barn til alle anledninger. Design tatoveringer for barn med motiver eller m\u00f8nstre du selv lager. Milj\u00f8vennlige tatoveringer med gratis levering!","breadcrumb":{"@id":"https:\/\/likeink.com\/no\/tatoveringer-for-barn\/#breadcrumb"},"inLanguage":"nb-NO","potentialAction":[{"@type":"ReadAction","target":["https:\/\/likeink.com\/no\/tatoveringer-for-barn\/"]}]},{"@type":"ImageObject","inLanguage":"nb-NO","@id":"https:\/\/likeink.com\/no\/tatoveringer-for-barn\/#primaryimage","url":"https:\/\/Likeink.com\/wp-content\/uploads\/2020\/11\/barntatueringar.jpg","contentUrl":"https:\/\/Likeink.com\/wp-content\/uploads\/2020\/11\/barntatueringar.jpg"},{"@type":"BreadcrumbList","@id":"https:\/\/likeink.com\/no\/tatoveringer-for-barn\/#breadcrumb","itemListElement":[{"@type":"ListItem","position":1,"name":"Hem","item":"https:\/\/likeink.com\/no\/"},{"@type":"ListItem","position":2,"name":"tatoveringer for barn"}]},{"@type":"WebSite","@id":"https:\/\/likeink.com\/no\/#website","url":"https:\/\/likeink.com\/no\/","name":"Like ink","description":"Make your own custom design","potentialAction":[{"@type":"SearchAction","target":{"@type":"EntryPoint","urlTemplate":"https:\/\/likeink.com\/no\/?s={search_term_string}"},"query-input":{"@type":"PropertyValueSpecification","valueRequired":true,"valueName":"search_term_string"}}],"inLanguage":"nb-NO"}]}},"_links":{"self":[{"href":"https:\/\/likeink.com\/no\/wp-json\/wp\/v2\/pages\/53844","targetHints":{"allow":["GET"]}}],"collection":[{"href":"https:\/\/likeink.com\/no\/wp-json\/wp\/v2\/pages"}],"about":[{"href":"https:\/\/likeink.com\/no\/wp-json\/wp\/v2\/types\/page"}],"author":[{"embeddable":true,"href":"https:\/\/likeink.com\/no\/wp-json\/wp\/v2\/users\/7"}],"replies":[{"embeddable":true,"href":"https:\/\/likeink.com\/no\/wp-json\/wp\/v2\/comments?post=53844"}],"version-history":[{"count":11,"href":"https:\/\/likeink.com\/no\/wp-json\/wp\/v2\/pages\/53844\/revisions"}],"predecessor-version":[{"id":54746,"href":"https:\/\/likeink.com\/no\/wp-json\/wp\/v2\/pages\/53844\/revisions\/54746"}],"wp:attachment":[{"href":"https:\/\/likeink.com\/no\/wp-json\/wp\/v2\/media?parent=53844"}],"curies":[{"name":"wp","href":"https:\/\/api.w.org\/{rel}","templated":true}]}}