{"id":53849,"date":"2025-12-12T07:51:01","date_gmt":"2025-12-12T07:51:01","guid":{"rendered":"https:\/\/likeink.com\/vilkar-og-betingelser\/"},"modified":"2025-12-15T10:54:07","modified_gmt":"2025-12-15T10:54:07","slug":"vilkar-og-betingelser","status":"publish","type":"page","link":"https:\/\/likeink.com\/no\/vilkar-og-betingelser\/","title":{"rendered":"Vilk\u00e5r og betingelser"},"content":{"rendered":"\t\t<div data-elementor-type=\"wp-page\" data-elementor-id=\"53849\" class=\"elementor elementor-53849 elementor-944\" data-elementor-post-type=\"page\">\n\t\t\t\t<div class=\"elementor-element elementor-element-67a8800 e-flex e-con-boxed e-con e-parent\" data-id=\"67a8800\" data-element_type=\"container\">\n\t\t\t\t\t<div class=\"e-con-inner\">\n\t\t\t\t<div class=\"elementor-element elementor-element-a7746f8 elementor-widget__width-initial elementor-widget elementor-widget-text-editor\" data-id=\"a7746f8\" data-element_type=\"widget\" data-widget_type=\"text-editor.default\">\n\t\t\t\t<div class=\"elementor-widget-container\">\n\t\t\t\t\t\t\t\t\t<h2>Vilk\u00e5r og betingelser<\/h2>\n<p>Selskapet har hovedkontor i Malm\u00f6, og nettstedet wwwLikeink..se eies av Like ink AB med organisasjonsnummer 5568116825. Selskapets postadresse er Holmgatan 8A, hvor Like Inks trykkeri ogs\u00e5 ligger.<\/p>\n<p>OPPSUMMERT MENER VI AT DET SKAL V\u00c6RE ENKELT \u00c5 BESTILLE P\u00c5 INTERNETT.<\/p>\n<p class=\"p2\">Vi overholder alle gjeldende lover. Hvis du har sp\u00f8rsm\u00e5l eller problemer, kan du kontakte oss. Du er ansvarlig for det opplastede bildet, og vi er ansvarlige for \u00e5 levere midlertidige tatoveringer av verdensklasse.<\/p>\n<p class=\"p3\"><b>Bestilling<br \/><\/b>N\u00e5r du har fullf\u00f8rt bestillingen, vil du motta en bekreftelse p\u00e5 bestillingen til din e-postadresse. I bekreftelsen finner du all informasjon om produktet, prisen, fakturering og levering.<\/p>\n<p class=\"p3\"><a href=\"mailto:info@Likeink.se\">Hvis du finner feil i ordrebekreftelsen, b\u00f8r du umiddelbart kontakte oss via e-post p\u00e5: info@Likeink.se.<\/a><\/p>\n<p class=\"p1\"><b>Pris<\/b> Alle priser i nettbutikken wwwLikeink..se er angitt i svenske kroner (SEK) og alle priser er inklusive 25 % merverdiavgift (MVA).<\/p>\n<p class=\"p1\"><b>Upassende innhold<br \/><\/b>Like Ink forbeholder seg retten til \u00e5 fjerne bilder eller tekst som er ulovlige, st\u00f8tende, uanstendige, rasistiske eller religi\u00f8st st\u00f8tende.<\/p>\n<p class=\"p1\"><b>Opphavsrett<\/b> Like Ink trykker bildene og teksten som kunden laster opp. Like Ink har ikke noe ansvar for innholdet i det endelige produktet. Kunden garanterer at han\/hun har lovlig rett til \u00e5 bruke, publisere og overf\u00f8re materialet som lastes opp p\u00e5 Like Ink. Kunden er alene ansvarlig for \u00e5 laste opp materiale som ikke krenker andres immaterielle rettigheter, og at innholdet ikke bryter med svensk lov. Kunder samtykker i \u00e5 holde Like Ink skadesl\u00f8s uten forbehold for alle krav som m\u00e5tte oppst\u00e5 som f\u00f8lge av krenkelse av tredjeparts rettigheter, inkludert, men ikke begrenset til, opphavsrett, som f\u00f8lge av bruk av data overf\u00f8rt fra kunden.<\/p>\n<p class=\"p1\"><b>Produktinformasjon<br \/><\/b>Vi forbeholder oss retten til \u00e5 gj\u00f8re trykkfeil p\u00e5 dette nettstedet s\u00e5 vel som p\u00e5 det endelige produktet. Vi garanterer ikke at det endelige produktet vil gjenspeile det n\u00f8yaktige utseendet til det leverte bildet. Fargeforskjeller kan forekomme avhengig av kvaliteten og oppl\u00f8sningen p\u00e5 det opplastede bildet. Vi vil alltid gj\u00f8re v\u00e5rt beste for \u00e5 gjengi produktene s\u00e5 n\u00f8yaktig som mulig.<\/p>\n<h3 class=\"p1\"><strong>Levering<\/strong><\/h3>\n<p class=\"p2\">Alle kj\u00f8p fra Like Ink i Storbritannia inkluderer merverdiavgift (MVA) og frakt i den endelige prisen. V\u00e5re produkter leveres i Storbritannia ved hjelp av den vanlige posttjenesten. Normal leveringstid er 2-6 virkedager. I visse perioder av \u00e5ret kan leveringstiden v\u00e6re litt lengre. Hvis du \u00f8nsker \u00e5 f\u00e5 produktet levert raskere, m\u00e5 du velge ekspresslevering og betale et ekstra gebyr. Ekspresslevering sender produktet ditt innen 24 timer. Det er opp til kunden \u00e5 velge riktig leveringsalternativ som passer dine behov.<\/p>\n<p class=\"p1\"><b>Returrett:<br \/><\/b>N\u00e5r du kj\u00f8per varer fra Like Ink-nettstedet, har du if\u00f8lge loven 14 dager fra det tidspunktet du mottok produktet til \u00e5 returnere produktet hvis du ikke er forn\u00f8yd. Du m\u00e5 forklare hvorfor du returnerer produktet.<\/p>\n<p class=\"p1\">Forklaringen skal sendes til info@Likeink.se. Meldingen m\u00e5 inneholde: navn, adresse, e-postadresse, ordrenummer og en klar forklaring p\u00e5 hvorfor du er misforn\u00f8yd med det endelige produktet.<\/p>\n<p class=\"p1\">Du m\u00e5 returnere produktet\/produktene til oss s\u00e5 snart som mulig og innen den lovbestemte fristen p\u00e5 14 dager.<\/p>\n<p class=\"p1\">Kunden er ansvarlig for kostnadene ved retur av produktet, levering og tilstanden til produktet som returneres. Vi forbeholder oss retten til \u00e5 kreve et gebyr hvis produktet som returneres til oss er skadet. Gebyret vil gjenspeile den reduserte verdien av den skadede varen sammenlignet med den opprinnelige produktverdien.<\/p>\n<p class=\"p1\">Hvis vi ikke kan rette feilen eller levere et lignende produkt, vil vi refundere deg for det defekte produktet i samsvar med gjeldende forbrukerbeskyttelseslover.<\/p>\n<p class=\"p1\">Vi forbeholder oss retten til \u00e5 avvise en klage hvis det viser seg at produktet ikke er feil i henhold til gjeldende forbrukerbeskyttelseslovgivning. For klager f\u00f8lger vi retningslinjene fra det svenske klagenemnda p\u00e5 arn.se.<\/p>\n<p class=\"p2\">Ved kj\u00f8p av et spesialbestilt produkt kan kunden ikke gj\u00f8re endringer eller trekke tilbake bestillingen n\u00e5r produksjonen er startet.<\/p>\n<h3 class=\"p1\"><strong>Informasjon om informasjonskapsler<\/strong><\/h3>\n<p class=\"p1\">I henhold til loven om elektronisk overf\u00f8ring m\u00e5 bes\u00f8kende p\u00e5 et nettsted informeres om at det brukes informasjonskapsler p\u00e5 nettstedet. En informasjonskapsel er en liten tekstfil som nettsteder lagrer p\u00e5 bes\u00f8kendes datamaskiner for \u00e5 spore brukerens nettleserhistorikk. Informasjonskapsler gir nettsteder tilgang til informasjon om hva bes\u00f8kende p\u00e5 nettstedet har s\u00f8kt etter. Du kan stille inn nettleseren din til \u00e5 avvise informasjonskapsler. Mer informasjon finner du p\u00e5 Posten og Telekommunikasjonsverkets nettsted. For \u00e5 effektivisere internettbruken og forbedre handleopplevelsen bruker Like Ink informasjonskapsler.<\/p>\n<p class=\"p1\"><b>Personopplysninger<br \/><\/b>Ved \u00e5 handle hos Like Ink samtykker du til v\u00e5r personvernpolicy og v\u00e5r behandling av dine personopplysninger. Vi lover at vi vil beskytte ditt personvern og ikke samle inn mer informasjon enn det som er n\u00f8dvendig for \u00e5 behandle din bestilling. Vi vil aldri selge eller videreformidle dine opplysninger til tredjepart uten rettslig grunnlag.<\/p>\n<p class=\"p1\">Like Ink er ansvarlig for behandlingen av personopplysninger som du har gitt oss som kunde. Dine personopplysninger behandles av oss for \u00e5 behandle bestillingen din, samt for \u00e5 sende nyhetsbrev eller kampanjetilbud i henhold til kundens individuelle behov.<\/p>\n<p class=\"p1\">Nedenfor finner du en oversikt over hvordan Like Ink lagrer og behandler dine opplysninger i samsvar med personvernforordningen (GDPR).<\/p>\n<p class=\"p1\"><b>Hva utgj\u00f8r personopplysninger?<\/b> Personopplysninger er all informasjon som direkte eller indirekte kan knyttes til en fysisk person.<\/p>\n<p class=\"p1\"><b>Hvilken informasjon lagrer vi?<br \/><\/b>For \u00e5 behandle bestillingen din og svare p\u00e5 sp\u00f8rsm\u00e5l knyttet til bestillingen (kundeservice), lagrer vi ditt for- og etternavn, adresse, telefonnummer, e-postadresse, IP-adresse og kj\u00f8pshistorikk.<\/p>\n<p class=\"p1\">Opplysningene dine lagres s\u00e5 lenge vi har et rettslig grunnlag for \u00e5 behandle dem, for eksempel for \u00e5 oppfylle avtalen mellom oss eller for \u00e5 overholde en lovplikt i henhold til regnskapsloven.<\/p>\n<p class=\"p1\"><b>Rettslig grunnlag<\/b><br \/>I forbindelse med et kj\u00f8p behandles dine personopplysninger for \u00e5 fullf\u00f8re avtalen med deg.<\/p>\n<p>Markedsf\u00f8ring, kampanjer og lignende utsendelser gj\u00f8res med ditt samtykke. Du kan n\u00e5r som helst melde deg av v\u00e5rt nyhetsbrev.<\/p>\n<p class=\"p1\">Hvilken informasjon deles? Hvorfor deles informasjonen?<\/p>\n<p class=\"p1\"><b>Betalingsleverand\u00f8r<br \/><\/b>N\u00e5r du foretar et kj\u00f8p p\u00e5 Like Ink-nettstedet, deles informasjon med v\u00e5r betalingsleverand\u00f8r. Informasjonen som deles med betalingsleverand\u00f8ren er kundens navn, adresse, e-postadresse og telefonnummer. Hvis du velger \u00e5 betale med faktura, lagres ogs\u00e5 personnummeret ditt hos betalingsleverand\u00f8ren. Informasjonen lagres for \u00e5 gjennomf\u00f8re kj\u00f8pet og for \u00e5 beskytte partene mot svindel.<\/p>\n<p>Betalingsleverand\u00f8ren (betalingstjenesten) vi bruker er: Klarna.<\/p>\n<p class=\"p1\"><b>Transportselskaper<\/b><br \/>For \u00e5 kunne levere bestillingene dine og fullf\u00f8re avtalen v\u00e5r, m\u00e5 vi dele spesifikk informasjon med transportselskapet. Informasjonen som deles med transportselskapet er: kundens fornavn, etternavn, telefonnummer, e-postadresse og leveringsadresse. E-postadresse og\/eller mobiltelefonnummer kan ogs\u00e5 deles med transportselskapet for varslingsform\u00e5l.<\/p>\n<p>Transportselskapet vi samarbeider med er: Postnord.<\/p>\n<p class=\"p1\"><b>Nyhetsbrev<\/b><br \/>Hvis du har abonnert p\u00e5 v\u00e5rt nyhetsbrev, vil fornavn, etternavn og e-postadresse bli delt med v\u00e5r nyhetsbrevleverand\u00f8r. Vi deler denne informasjonen for \u00e5 holde deg oppdatert med informasjon og tilbud for markedsf\u00f8ringsform\u00e5l.<\/p>\n<p class=\"p1\"><b>Retten til innsyn<\/b><br \/>Du har rett til \u00e5 be om en utskrift av alle dine personopplysninger som er lagret. De forespurte utskriftene vil bli levert elektronisk i et lesbart format.<\/p>\n<p class=\"p1\"><b>Rett til retting<\/b><br \/>Du har rett til \u00e5 be oss om \u00e5 oppdatere opplysninger som er uriktige eller supplere opplysninger som er mangelfulle.<\/p>\n<p class=\"p1\"><b>Retten til \u00e5 bli slettet<\/b><br \/>Du kan n\u00e5r som helst be om at vi sletter dine personopplysninger. Det finnes imidlertid noen unntak fra retten til \u00e5 slette dine personopplysninger. For eksempel kan vi v\u00e6re p\u00e5lagt \u00e5 oppbevare dine personopplysninger av juridiske \u00e5rsaker i henhold til regnskapsloven.<\/p>\n<p class=\"p1\"><b>Ansvarlig for databeskyttelse<\/b><br \/>Like Ink er ansvarlig for lagring og behandling av personopplysninger innhentet gjennom nettstedet og for \u00e5 sikre at reglene overholdes.<\/p>\n<p class=\"p1\"><b>Slik beskytter vi dine personopplysninger<\/b><br \/>Vi bruker bransjestandarder som SSL\/TLS og enveisalgoritmer for \u00e5 lagre, behandle og kommunisere sensitiv informasjon som personopplysninger og passord p\u00e5 en sikker m\u00e5te.<\/p>\n<p class=\"p1\"><b>Endringer i de generelle vilk\u00e5rene<\/b><\/p>\n<p class=\"p1\">Vi forbeholder oss retten til \u00e5 gj\u00f8re endringer i de generelle vilk\u00e5rene n\u00e5r som helst. Endringer i de generelle vilk\u00e5rene vil bli lagt ut p\u00e5 nettstedet v\u00e5rt. De endrede vilk\u00e5rene gjelder n\u00e5r en kunde bes\u00f8ker nettstedet eller legger inn en bestilling.<\/p>\n<p class=\"p1\"><b>Tvister og lovvalg<br \/><\/b>Dersom en tvist ikke kan l\u00f8ses med selskapets kundeservice, har kunden rett til \u00e5 kontakte Allm\u00e4nna Reklamationsn\u00e4mnden (ARN) p\u00e5 arn.se. For innbyggere i et annet EU-land enn Sverige kan klager sendes inn online via EU-kommisjonens tvistel\u00f8sningsplattform p\u00e5 http:\/\/ec.europa.eu\/consumers\/odr.<\/p>\n<p class=\"p1\">I tilfelle en tvist, f\u00f8lger vi avgj\u00f8relsene fra ARN eller det tilsvarende tvistel\u00f8sningsorganet.<\/p>\n<p class=\"p1\">Tvister om tolkningen eller anvendelsen av disse generelle vilk\u00e5rene skal tolkes i samsvar med svensk rett og lovgivning.<\/p>\n<p class=\"p1\">Hvis du har sp\u00f8rsm\u00e5l om Like Ink eller v\u00e5re vilk\u00e5r og betingelser, kan du kontakte oss p\u00e5: info@Likeink.se.<\/p>\n\t\t\t\t\t\t\t\t<\/div>\n\t\t\t\t<\/div>\n\t\t\t\t\t<\/div>\n\t\t\t\t<\/div>\n\t\t\t\t<\/div>\n\t\t","protected":false},"excerpt":{"rendered":"<p>Vilk\u00e5r og betingelser Selskapet har hovedkontor i Malm\u00f6, og nettstedet wwwLikeink..se eies av Like ink AB med organisasjonsnummer 5568116825. Selskapets postadresse er Holmgatan 8A, hvor Like Inks trykkeri ogs\u00e5 ligger. OPPSUMMERT MENER VI AT DET SKAL V\u00c6RE ENKELT \u00c5 BESTILLE P\u00c5 INTERNETT. Vi overholder alle gjeldende lover. Hvis du har sp\u00f8rsm\u00e5l eller problemer, kan du [&hellip;]<\/p>\n","protected":false},"author":7,"featured_media":0,"parent":0,"menu_order":0,"comment_status":"closed","ping_status":"closed","template":"","meta":{"footnotes":""},"class_list":["post-53849","page","type-page","status-publish","hentry"],"yoast_head":"<!-- This site is optimized with the Yoast SEO Premium plugin v26.2 (Yoast SEO v27.4) - https:\/\/yoast.com\/product\/yoast-seo-premium-wordpress\/ -->\n<title>Som blekk Vilk\u00e5r og betingelser - Like ink<\/title>\n<meta name=\"description\" content=\"Som blekk Vilk\u00e5r og betingelser. - Like ink\" \/>\n<meta name=\"robots\" content=\"index, follow, max-snippet:-1, max-image-preview:large, max-video-preview:-1\" \/>\n<link rel=\"canonical\" href=\"https:\/\/likeink.com\/no\/vilkar-og-betingelser\/\" \/>\n<meta property=\"og:locale\" content=\"nb_NO\" \/>\n<meta property=\"og:type\" content=\"article\" \/>\n<meta property=\"og:title\" content=\"Vilk\u00e5r og betingelser\" \/>\n<meta property=\"og:description\" content=\"Vilk\u00e5r og betingelser Selskapet har hovedkontor i Malm\u00f6, og nettstedet wwwLikeink..se eies av Like ink AB med organisasjonsnummer 5568116825. Selskapets\" \/>\n<meta property=\"og:url\" content=\"https:\/\/likeink.com\/no\/vilkar-og-betingelser\/\" \/>\n<meta property=\"og:site_name\" content=\"Like ink\" \/>\n<meta property=\"article:publisher\" content=\"https:\/\/www.facebook.com\/LikeInkSe\" \/>\n<meta property=\"article:modified_time\" content=\"2025-12-15T10:54:07+00:00\" \/>\n<meta name=\"twitter:card\" content=\"summary_large_image\" \/>\n<meta name=\"twitter:label1\" content=\"Ansl. lesetid\" \/>\n\t<meta name=\"twitter:data1\" content=\"7 minutter\" \/>\n<script type=\"application\/ld+json\" class=\"yoast-schema-graph\">{\"@context\":\"https:\\\/\\\/schema.org\",\"@graph\":[{\"@type\":\"WebPage\",\"@id\":\"https:\\\/\\\/likeink.com\\\/no\\\/vilkar-og-betingelser\\\/\",\"url\":\"https:\\\/\\\/likeink.com\\\/no\\\/vilkar-og-betingelser\\\/\",\"name\":\"Som blekk Vilk\u00e5r og betingelser - Like ink\",\"isPartOf\":{\"@id\":\"https:\\\/\\\/likeink.com\\\/no\\\/#website\"},\"datePublished\":\"2025-12-12T07:51:01+00:00\",\"dateModified\":\"2025-12-15T10:54:07+00:00\",\"description\":\"Som blekk Vilk\u00e5r og betingelser. - Like ink\",\"breadcrumb\":{\"@id\":\"https:\\\/\\\/likeink.com\\\/no\\\/vilkar-og-betingelser\\\/#breadcrumb\"},\"inLanguage\":\"nb-NO\",\"potentialAction\":[{\"@type\":\"ReadAction\",\"target\":[\"https:\\\/\\\/likeink.com\\\/no\\\/vilkar-og-betingelser\\\/\"]}]},{\"@type\":\"BreadcrumbList\",\"@id\":\"https:\\\/\\\/likeink.com\\\/no\\\/vilkar-og-betingelser\\\/#breadcrumb\",\"itemListElement\":[{\"@type\":\"ListItem\",\"position\":1,\"name\":\"Hem\",\"item\":\"https:\\\/\\\/likeink.com\\\/no\\\/\"},{\"@type\":\"ListItem\",\"position\":2,\"name\":\"Vilk\u00e5r og betingelser\"}]},{\"@type\":\"WebSite\",\"@id\":\"https:\\\/\\\/likeink.com\\\/no\\\/#website\",\"url\":\"https:\\\/\\\/likeink.com\\\/no\\\/\",\"name\":\"Like ink\",\"description\":\"Make your own custom design\",\"potentialAction\":[{\"@type\":\"SearchAction\",\"target\":{\"@type\":\"EntryPoint\",\"urlTemplate\":\"https:\\\/\\\/likeink.com\\\/no\\\/?s={search_term_string}\"},\"query-input\":{\"@type\":\"PropertyValueSpecification\",\"valueRequired\":true,\"valueName\":\"search_term_string\"}}],\"inLanguage\":\"nb-NO\"}]}<\/script>\n<!-- \/ Yoast SEO Premium plugin. -->","yoast_head_json":{"title":"Som blekk Vilk\u00e5r og betingelser - Like ink","description":"Som blekk Vilk\u00e5r og betingelser. - Like ink","robots":{"index":"index","follow":"follow","max-snippet":"max-snippet:-1","max-image-preview":"max-image-preview:large","max-video-preview":"max-video-preview:-1"},"canonical":"https:\/\/likeink.com\/no\/vilkar-og-betingelser\/","og_locale":"nb_NO","og_type":"article","og_title":"Vilk\u00e5r og betingelser","og_description":"Vilk\u00e5r og betingelser Selskapet har hovedkontor i Malm\u00f6, og nettstedet wwwLikeink..se eies av Like ink AB med organisasjonsnummer 5568116825. Selskapets","og_url":"https:\/\/likeink.com\/no\/vilkar-og-betingelser\/","og_site_name":"Like ink","article_publisher":"https:\/\/www.facebook.com\/LikeInkSe","article_modified_time":"2025-12-15T10:54:07+00:00","twitter_card":"summary_large_image","twitter_misc":{"Ansl. lesetid":"7 minutter"},"schema":{"@context":"https:\/\/schema.org","@graph":[{"@type":"WebPage","@id":"https:\/\/likeink.com\/no\/vilkar-og-betingelser\/","url":"https:\/\/likeink.com\/no\/vilkar-og-betingelser\/","name":"Som blekk Vilk\u00e5r og betingelser - Like ink","isPartOf":{"@id":"https:\/\/likeink.com\/no\/#website"},"datePublished":"2025-12-12T07:51:01+00:00","dateModified":"2025-12-15T10:54:07+00:00","description":"Som blekk Vilk\u00e5r og betingelser. - Like ink","breadcrumb":{"@id":"https:\/\/likeink.com\/no\/vilkar-og-betingelser\/#breadcrumb"},"inLanguage":"nb-NO","potentialAction":[{"@type":"ReadAction","target":["https:\/\/likeink.com\/no\/vilkar-og-betingelser\/"]}]},{"@type":"BreadcrumbList","@id":"https:\/\/likeink.com\/no\/vilkar-og-betingelser\/#breadcrumb","itemListElement":[{"@type":"ListItem","position":1,"name":"Hem","item":"https:\/\/likeink.com\/no\/"},{"@type":"ListItem","position":2,"name":"Vilk\u00e5r og betingelser"}]},{"@type":"WebSite","@id":"https:\/\/likeink.com\/no\/#website","url":"https:\/\/likeink.com\/no\/","name":"Like ink","description":"Make your own custom design","potentialAction":[{"@type":"SearchAction","target":{"@type":"EntryPoint","urlTemplate":"https:\/\/likeink.com\/no\/?s={search_term_string}"},"query-input":{"@type":"PropertyValueSpecification","valueRequired":true,"valueName":"search_term_string"}}],"inLanguage":"nb-NO"}]}},"_links":{"self":[{"href":"https:\/\/likeink.com\/no\/wp-json\/wp\/v2\/pages\/53849","targetHints":{"allow":["GET"]}}],"collection":[{"href":"https:\/\/likeink.com\/no\/wp-json\/wp\/v2\/pages"}],"about":[{"href":"https:\/\/likeink.com\/no\/wp-json\/wp\/v2\/types\/page"}],"author":[{"embeddable":true,"href":"https:\/\/likeink.com\/no\/wp-json\/wp\/v2\/users\/7"}],"replies":[{"embeddable":true,"href":"https:\/\/likeink.com\/no\/wp-json\/wp\/v2\/comments?post=53849"}],"version-history":[{"count":11,"href":"https:\/\/likeink.com\/no\/wp-json\/wp\/v2\/pages\/53849\/revisions"}],"predecessor-version":[{"id":54750,"href":"https:\/\/likeink.com\/no\/wp-json\/wp\/v2\/pages\/53849\/revisions\/54750"}],"wp:attachment":[{"href":"https:\/\/likeink.com\/no\/wp-json\/wp\/v2\/media?parent=53849"}],"curies":[{"name":"wp","href":"https:\/\/api.w.org\/{rel}","templated":true}]}}