{"id":53781,"date":"2025-11-30T16:25:40","date_gmt":"2025-12-12T07:49:16","guid":{"rendered":"https:\/\/likeink.com\/gnuggis\/svart-oye-kunst-tatoveringer\/"},"modified":"2026-01-30T11:32:48","modified_gmt":"2026-01-30T11:32:48","slug":"svart-oye-kunst-tatoveringer","status":"publish","type":"product","link":"https:\/\/likeink.com\/no\/faketatureringar\/svart-oye-kunst-tatoveringer\/","title":{"rendered":"Svart \u00f8ye-kunst-tatoveringer"},"content":{"rendered":"","protected":false},"excerpt":{"rendered":"<p>Black Eye Art Tattoos: Elegante sorte \u00f8yetatoveringer i tynne, dekorative m\u00f8nstre som rammer inn \u00f8yet b\u00e5de over og under.<\/p>\n<p><strong>Black Eye Art Tattoos \u2013 Elegante sorte design for en eyeliner-effekt.<\/strong><\/p>\n<p>Forbedre sminken din med Like Ink Black Eye Art Tattoos \u2013 dekorative, svarte minitatoveringer designet for \u00e5 plasseres under og over \u00f8ynene. Hvert ark inneholder tre komplette sett som skaper en unik og dramatisk effekt sammen med din vanlige sminke. Perfekt for fester, fotoshoots, temakvelder eller n\u00e5r du \u00f8nsker \u00e5 skape et stilig og kunstnerisk utseende uten problemer.<br \/>\nKlipp ut paret du \u00f8nsker \u00e5 bruke og plasser dem som \u00f8nsket.<\/p>\n<h2>Kj\u00f8p \u00f8yetatoveringer av h\u00f8y kvalitet<\/h2>\n<p>V\u00e5re Black Eye Art Tattoos er designet for \u00e5 holde seg sikkert p\u00e5 plass samtidig som de gir et flatterende, detaljert resultat. Takket v\u00e6re v\u00e5r smarte presisjonsteknologi fester limet seg bare til det trykte designet \u2013 ingen un\u00f8dvendig plastfilm rundt tatoveringen, noe som gir et rent og profesjonelt resultat. Tatoveringene er ca. 4 cm brede og gir et unikt preg til ethvert utseende.<br \/>\nLike Ink&#x27;s Siirtotatuointi er ogs\u00e5 allergivennlige, sk\u00e5nsomme mot huden og enkle \u00e5 p\u00e5f\u00f8re og fjerne. Lag en kreativ og effektfull \u00f8yemakeup p\u00e5 bare noen sekunder \u2013 uten avanserte pensler eller makeup-ferdigheter.<br \/>\n\u2728 Forvandle makeupen din med Like Ink \u2013 sm\u00e5 detaljer som gj\u00f8r en stor forskjell! <strong>\u2728<\/p>\n<p>St\u00f8rrelse:<\/strong> A6-ark, tatoveringene er ca. 4 cm.<\/p>\n","protected":false},"featured_media":53098,"template":"","meta":[],"product_brand":[],"product_cat":[365,366],"product_tag":[],"class_list":{"0":"post-53781","1":"product","2":"type-product","3":"status-publish","4":"has-post-thumbnail","6":"product_cat-ferdige-ark","7":"product_cat-ferietatoveringer","9":"first","10":"instock","11":"taxable","12":"shipping-taxable","13":"purchasable","14":"product-type-simple"},"yoast_head":"<!-- This site is optimized with the Yoast SEO Premium plugin v26.2 (Yoast SEO v27.4) - https:\/\/yoast.com\/product\/yoast-seo-premium-wordpress\/ -->\n<title>Svart \u00f8ye-kunst-tatoveringer - Like ink<\/title>\n<meta name=\"description\" content=\"Utforsk din kreativitet med v\u00e5re fantastiske Black Eye Art-tatoveringer, designet for \u00e5 gj\u00f8re et dristig inntrykk. Oppdag din unike stil i dag! - Like ink\" \/>\n<meta name=\"robots\" content=\"index, follow, max-snippet:-1, max-image-preview:large, max-video-preview:-1\" \/>\n<link rel=\"canonical\" href=\"https:\/\/likeink.com\/no\/faketatureringar\/svart-oye-kunst-tatoveringer\/\" \/>\n<meta property=\"og:locale\" content=\"nb_NO\" \/>\n<meta property=\"og:type\" content=\"article\" \/>\n<meta property=\"og:title\" content=\"Svart \u00f8ye-kunst-tatoveringer\" \/>\n<meta property=\"og:description\" content=\"Black Eye Art Tattoos: Elegante sorte \u00f8yetatoveringer i tynne, dekorative m\u00f8nstre som rammer inn \u00f8yet b\u00e5de over og under. Black Eye Art Tattoos \u2013 Elegante sorte design for en eyeliner-effekt. Forbedre sminken din med Like Ink Black Eye Art Tattoos \u2013 dekorative, svarte minitatoveringer designet for \u00e5 plasseres under og over \u00f8ynene. Hvert ark inneholder tre komplette sett som skaper en unik og dramatisk effekt sammen med din vanlige sminke. Perfekt for fester, fotoshoots, temakvelder eller n\u00e5r du \u00f8nsker \u00e5 skape et stilig og kunstnerisk utseende uten problemer. Klipp ut paret du \u00f8nsker \u00e5 bruke og plasser dem som \u00f8nsket. Kj\u00f8p \u00f8yetatoveringer av h\u00f8y kvalitet  V\u00e5re Black Eye Art Tattoos er designet for \u00e5 holde seg sikkert p\u00e5 plass samtidig som de gir et flatterende, detaljert resultat. Takket v\u00e6re v\u00e5r smarte presisjonsteknologi fester limet seg bare til det trykte designet \u2013 ingen un\u00f8dvendig plastfilm rundt tatoveringen, noe som gir et rent og profesjonelt resultat. Tatoveringene er ca. 4 cm brede og gir et unikt preg til ethvert utseende. Like Ink&#x27;s Siirtotatuointi er ogs\u00e5 allergivennlige, sk\u00e5nsomme mot huden og enkle \u00e5 p\u00e5f\u00f8re og fjerne. Lag en kreativ og effektfull \u00f8yemakeup p\u00e5 bare noen sekunder \u2013 uten avanserte pensler eller makeup-ferdigheter. \u2728 Forvandle makeupen din med Like Ink \u2013 sm\u00e5 detaljer som gj\u00f8r en stor forskjell! \u2728 St\u00f8rrelse: A6-ark, tatoveringene er ca. 4 cm.\" \/>\n<meta property=\"og:url\" content=\"https:\/\/likeink.com\/no\/faketatureringar\/svart-oye-kunst-tatoveringer\/\" \/>\n<meta property=\"og:site_name\" content=\"Like ink\" \/>\n<meta property=\"article:publisher\" content=\"https:\/\/www.facebook.com\/LikeInkSe\" \/>\n<meta property=\"article:modified_time\" content=\"2026-01-30T11:32:48+00:00\" \/>\n<meta property=\"og:image\" content=\"https:\/\/likeink.com\/wp-content\/uploads\/2025\/11\/Eyelash-black-Tattoos-Likeink-1024x1024.png\" \/>\n\t<meta property=\"og:image:width\" content=\"1024\" \/>\n\t<meta property=\"og:image:height\" content=\"1024\" \/>\n\t<meta property=\"og:image:type\" content=\"image\/png\" \/>\n<meta name=\"twitter:card\" content=\"summary_large_image\" \/>\n<script type=\"application\/ld+json\" class=\"yoast-schema-graph\">{\"@context\":\"https:\\\/\\\/schema.org\",\"@graph\":[{\"@type\":\"WebPage\",\"@id\":\"https:\\\/\\\/likeink.com\\\/no\\\/faketatureringar\\\/svart-oye-kunst-tatoveringer\\\/\",\"url\":\"https:\\\/\\\/likeink.com\\\/no\\\/faketatureringar\\\/svart-oye-kunst-tatoveringer\\\/\",\"name\":\"Svart \u00f8ye-kunst-tatoveringer - Like ink\",\"isPartOf\":{\"@id\":\"https:\\\/\\\/likeink.com\\\/no\\\/#website\"},\"primaryImageOfPage\":{\"@id\":\"https:\\\/\\\/likeink.com\\\/no\\\/faketatureringar\\\/svart-oye-kunst-tatoveringer\\\/#primaryimage\"},\"image\":{\"@id\":\"https:\\\/\\\/likeink.com\\\/no\\\/faketatureringar\\\/svart-oye-kunst-tatoveringer\\\/#primaryimage\"},\"thumbnailUrl\":\"https:\\\/\\\/likeink.com\\\/wp-content\\\/uploads\\\/2025\\\/11\\\/Eyelash-black-Tattoos-Likeink.png\",\"datePublished\":\"2025-12-12T07:49:16+00:00\",\"dateModified\":\"2026-01-30T11:32:48+00:00\",\"description\":\"Utforsk din kreativitet med v\u00e5re fantastiske Black Eye Art-tatoveringer, designet for \u00e5 gj\u00f8re et dristig inntrykk. Oppdag din unike stil i dag! - Like ink\",\"breadcrumb\":{\"@id\":\"https:\\\/\\\/likeink.com\\\/no\\\/faketatureringar\\\/svart-oye-kunst-tatoveringer\\\/#breadcrumb\"},\"inLanguage\":\"nb-NO\",\"potentialAction\":[{\"@type\":\"ReadAction\",\"target\":[\"https:\\\/\\\/likeink.com\\\/no\\\/faketatureringar\\\/svart-oye-kunst-tatoveringer\\\/\"]}]},{\"@type\":\"ImageObject\",\"inLanguage\":\"nb-NO\",\"@id\":\"https:\\\/\\\/likeink.com\\\/no\\\/faketatureringar\\\/svart-oye-kunst-tatoveringer\\\/#primaryimage\",\"url\":\"https:\\\/\\\/likeink.com\\\/wp-content\\\/uploads\\\/2025\\\/11\\\/Eyelash-black-Tattoos-Likeink.png\",\"contentUrl\":\"https:\\\/\\\/likeink.com\\\/wp-content\\\/uploads\\\/2025\\\/11\\\/Eyelash-black-Tattoos-Likeink.png\",\"width\":1772,\"height\":1772,\"caption\":\"En kvinna med l\u00e5ngt brunt h\u00e5r har intrikata svarta blom- och virvelm\u00f6nster ritade runt h\u00f6ger \u00f6ga, fr\u00e5n \u00f6gonlocket till kinden, vilket skapar en konstn\u00e4rlig och sl\u00e5ende makeuplook.\"},{\"@type\":\"BreadcrumbList\",\"@id\":\"https:\\\/\\\/likeink.com\\\/no\\\/faketatureringar\\\/svart-oye-kunst-tatoveringer\\\/#breadcrumb\",\"itemListElement\":[{\"@type\":\"ListItem\",\"position\":1,\"name\":\"Hem\",\"item\":\"https:\\\/\\\/likeink.com\\\/no\\\/\"},{\"@type\":\"ListItem\",\"position\":2,\"name\":\"Butikk\",\"item\":\"https:\\\/\\\/likeink.com\\\/no\\\/butikk\\\/\"},{\"@type\":\"ListItem\",\"position\":3,\"name\":\"Svart \u00f8ye-kunst-tatoveringer\"}]},{\"@type\":\"WebSite\",\"@id\":\"https:\\\/\\\/likeink.com\\\/no\\\/#website\",\"url\":\"https:\\\/\\\/likeink.com\\\/no\\\/\",\"name\":\"Like ink\",\"description\":\"Make your own custom design\",\"potentialAction\":[{\"@type\":\"SearchAction\",\"target\":{\"@type\":\"EntryPoint\",\"urlTemplate\":\"https:\\\/\\\/likeink.com\\\/no\\\/?s={search_term_string}\"},\"query-input\":{\"@type\":\"PropertyValueSpecification\",\"valueRequired\":true,\"valueName\":\"search_term_string\"}}],\"inLanguage\":\"nb-NO\"}]}<\/script>\n<!-- \/ Yoast SEO Premium plugin. -->","yoast_head_json":{"title":"Svart \u00f8ye-kunst-tatoveringer - Like ink","description":"Utforsk din kreativitet med v\u00e5re fantastiske Black Eye Art-tatoveringer, designet for \u00e5 gj\u00f8re et dristig inntrykk. Oppdag din unike stil i dag! - Like ink","robots":{"index":"index","follow":"follow","max-snippet":"max-snippet:-1","max-image-preview":"max-image-preview:large","max-video-preview":"max-video-preview:-1"},"canonical":"https:\/\/likeink.com\/no\/faketatureringar\/svart-oye-kunst-tatoveringer\/","og_locale":"nb_NO","og_type":"article","og_title":"Svart \u00f8ye-kunst-tatoveringer","og_description":"Black Eye Art Tattoos: Elegante sorte \u00f8yetatoveringer i tynne, dekorative m\u00f8nstre som rammer inn \u00f8yet b\u00e5de over og under. Black Eye Art Tattoos \u2013 Elegante sorte design for en eyeliner-effekt. Forbedre sminken din med Like Ink Black Eye Art Tattoos \u2013 dekorative, svarte minitatoveringer designet for \u00e5 plasseres under og over \u00f8ynene. Hvert ark inneholder tre komplette sett som skaper en unik og dramatisk effekt sammen med din vanlige sminke. Perfekt for fester, fotoshoots, temakvelder eller n\u00e5r du \u00f8nsker \u00e5 skape et stilig og kunstnerisk utseende uten problemer. Klipp ut paret du \u00f8nsker \u00e5 bruke og plasser dem som \u00f8nsket. Kj\u00f8p \u00f8yetatoveringer av h\u00f8y kvalitet  V\u00e5re Black Eye Art Tattoos er designet for \u00e5 holde seg sikkert p\u00e5 plass samtidig som de gir et flatterende, detaljert resultat. Takket v\u00e6re v\u00e5r smarte presisjonsteknologi fester limet seg bare til det trykte designet \u2013 ingen un\u00f8dvendig plastfilm rundt tatoveringen, noe som gir et rent og profesjonelt resultat. Tatoveringene er ca. 4 cm brede og gir et unikt preg til ethvert utseende. Like Ink&#x27;s Siirtotatuointi er ogs\u00e5 allergivennlige, sk\u00e5nsomme mot huden og enkle \u00e5 p\u00e5f\u00f8re og fjerne. Lag en kreativ og effektfull \u00f8yemakeup p\u00e5 bare noen sekunder \u2013 uten avanserte pensler eller makeup-ferdigheter. \u2728 Forvandle makeupen din med Like Ink \u2013 sm\u00e5 detaljer som gj\u00f8r en stor forskjell! \u2728 St\u00f8rrelse: A6-ark, tatoveringene er ca. 4 cm.","og_url":"https:\/\/likeink.com\/no\/faketatureringar\/svart-oye-kunst-tatoveringer\/","og_site_name":"Like ink","article_publisher":"https:\/\/www.facebook.com\/LikeInkSe","article_modified_time":"2026-01-30T11:32:48+00:00","og_image":[{"width":1024,"height":1024,"url":"https:\/\/likeink.com\/wp-content\/uploads\/2025\/11\/Eyelash-black-Tattoos-Likeink-1024x1024.png","type":"image\/png"}],"twitter_card":"summary_large_image","schema":{"@context":"https:\/\/schema.org","@graph":[{"@type":"WebPage","@id":"https:\/\/likeink.com\/no\/faketatureringar\/svart-oye-kunst-tatoveringer\/","url":"https:\/\/likeink.com\/no\/faketatureringar\/svart-oye-kunst-tatoveringer\/","name":"Svart \u00f8ye-kunst-tatoveringer - Like ink","isPartOf":{"@id":"https:\/\/likeink.com\/no\/#website"},"primaryImageOfPage":{"@id":"https:\/\/likeink.com\/no\/faketatureringar\/svart-oye-kunst-tatoveringer\/#primaryimage"},"image":{"@id":"https:\/\/likeink.com\/no\/faketatureringar\/svart-oye-kunst-tatoveringer\/#primaryimage"},"thumbnailUrl":"https:\/\/likeink.com\/wp-content\/uploads\/2025\/11\/Eyelash-black-Tattoos-Likeink.png","datePublished":"2025-12-12T07:49:16+00:00","dateModified":"2026-01-30T11:32:48+00:00","description":"Utforsk din kreativitet med v\u00e5re fantastiske Black Eye Art-tatoveringer, designet for \u00e5 gj\u00f8re et dristig inntrykk. Oppdag din unike stil i dag! - Like ink","breadcrumb":{"@id":"https:\/\/likeink.com\/no\/faketatureringar\/svart-oye-kunst-tatoveringer\/#breadcrumb"},"inLanguage":"nb-NO","potentialAction":[{"@type":"ReadAction","target":["https:\/\/likeink.com\/no\/faketatureringar\/svart-oye-kunst-tatoveringer\/"]}]},{"@type":"ImageObject","inLanguage":"nb-NO","@id":"https:\/\/likeink.com\/no\/faketatureringar\/svart-oye-kunst-tatoveringer\/#primaryimage","url":"https:\/\/likeink.com\/wp-content\/uploads\/2025\/11\/Eyelash-black-Tattoos-Likeink.png","contentUrl":"https:\/\/likeink.com\/wp-content\/uploads\/2025\/11\/Eyelash-black-Tattoos-Likeink.png","width":1772,"height":1772,"caption":"En kvinna med l\u00e5ngt brunt h\u00e5r har intrikata svarta blom- och virvelm\u00f6nster ritade runt h\u00f6ger \u00f6ga, fr\u00e5n \u00f6gonlocket till kinden, vilket skapar en konstn\u00e4rlig och sl\u00e5ende makeuplook."},{"@type":"BreadcrumbList","@id":"https:\/\/likeink.com\/no\/faketatureringar\/svart-oye-kunst-tatoveringer\/#breadcrumb","itemListElement":[{"@type":"ListItem","position":1,"name":"Hem","item":"https:\/\/likeink.com\/no\/"},{"@type":"ListItem","position":2,"name":"Butikk","item":"https:\/\/likeink.com\/no\/butikk\/"},{"@type":"ListItem","position":3,"name":"Svart \u00f8ye-kunst-tatoveringer"}]},{"@type":"WebSite","@id":"https:\/\/likeink.com\/no\/#website","url":"https:\/\/likeink.com\/no\/","name":"Like ink","description":"Make your own custom design","potentialAction":[{"@type":"SearchAction","target":{"@type":"EntryPoint","urlTemplate":"https:\/\/likeink.com\/no\/?s={search_term_string}"},"query-input":{"@type":"PropertyValueSpecification","valueRequired":true,"valueName":"search_term_string"}}],"inLanguage":"nb-NO"}]}},"_links":{"self":[{"href":"https:\/\/likeink.com\/no\/wp-json\/wp\/v2\/product\/53781","targetHints":{"allow":["GET"]}}],"collection":[{"href":"https:\/\/likeink.com\/no\/wp-json\/wp\/v2\/product"}],"about":[{"href":"https:\/\/likeink.com\/no\/wp-json\/wp\/v2\/types\/product"}],"wp:featuredmedia":[{"embeddable":true,"href":"https:\/\/likeink.com\/no\/wp-json\/wp\/v2\/media\/53098"}],"wp:attachment":[{"href":"https:\/\/likeink.com\/no\/wp-json\/wp\/v2\/media?parent=53781"}],"wp:term":[{"taxonomy":"product_brand","embeddable":true,"href":"https:\/\/likeink.com\/no\/wp-json\/wp\/v2\/product_brand?post=53781"},{"taxonomy":"product_cat","embeddable":true,"href":"https:\/\/likeink.com\/no\/wp-json\/wp\/v2\/product_cat?post=53781"},{"taxonomy":"product_tag","embeddable":true,"href":"https:\/\/likeink.com\/no\/wp-json\/wp\/v2\/product_tag?post=53781"}],"curies":[{"name":"wp","href":"https:\/\/api.w.org\/{rel}","templated":true}]}}