{"id":53784,"date":"2025-11-26T14:52:21","date_gmt":"2025-12-12T07:49:19","guid":{"rendered":"https:\/\/likeink.com\/gnuggis\/fregnetatoveringer-silver-moon\/"},"modified":"2026-01-30T11:32:55","modified_gmt":"2026-01-30T11:32:55","slug":"fregnetatoveringer-silver-moon","status":"publish","type":"product","link":"https:\/\/likeink.com\/no\/faketatureringar\/fregnetatoveringer-silver-moon\/","title":{"rendered":"Fregnetatoveringer Silver Moon"},"content":{"rendered":"","protected":false},"excerpt":{"rendered":"<p><strong>Like Ink Freckle Tattoos Moon \u2013 Glitrende s\u00f8lvklaser med sm\u00e5 prikker, stjerner, kvister og en m\u00e5ne.<\/strong><\/p>\n<p>Gi utseendet ditt et magisk preg med Like Ink Metallic Freckle Tattoos \u2013 glitrende s\u00f8lvfargede midlertidige tatoveringer som plasseres over nesen og under \u00f8ynene. Perfekt for en kveld p\u00e5 byen, festival eller nytt\u00e5rsaften n\u00e5r du vil skinne litt ekstra!<\/p>\n<h2>Kj\u00f8p s\u00f8lvfregnetatoveringer i god kvalitet<\/h2>\n<p>V\u00e5re Freckle Tattoos er designet for \u00e5 holde seg p\u00e5 plass i lang tid og gi et naturlig, stilig utseende. Takket v\u00e6re det smarte designet fester limet seg bare til selve tatoveringen \u2013 ingen un\u00f8dvendig plastfilm rundt som \u00f8delegger helhetsinntrykket. Superstilige freckle-tatoveringer i god kvalitet.<\/p>\n<p>Dessuten er Like Ink Freckle Tattoos allergivennlige og sk\u00e5nsomme mot huden, noe som gj\u00f8r dem trygge \u00e5 bruke selv p\u00e5 sensitiv hud. Enkle \u00e5 p\u00e5f\u00f8re og enkle \u00e5 fjerne \u2013 skap ditt dr\u00f8mmelook p\u00e5 bare noen f\u00e5 minutter.<\/p>\n<p>\u2728 Skap magi med Like Ink Freckle Tattoos \u2013 en glitrende detalj som gj\u00f8r hele forskjellen! \u2728<\/p>\n<p><strong>St\u00f8rrelse:<\/strong><br \/>\n15X4 cm<\/p>\n","protected":false},"featured_media":52959,"template":"","meta":[],"product_brand":[],"product_cat":[365,518,547],"product_tag":[],"class_list":{"0":"post-53784","1":"product","2":"type-product","3":"status-publish","4":"has-post-thumbnail","6":"product_cat-ferdige-ark","7":"product_cat-maskerade-sesong","8":"product_cat-tribal-symboler-og-runer","10":"first","11":"instock","12":"taxable","13":"shipping-taxable","14":"purchasable","15":"product-type-simple"},"yoast_head":"<!-- This site is optimized with the Yoast SEO Premium plugin v27.5 (Yoast SEO v27.6) - https:\/\/yoast.com\/product\/yoast-seo-premium-wordpress\/ -->\n<title>Fregnetatoveringer Silver Moon - Like ink<\/title>\n<meta name=\"description\" content=\"Fregnetatoveringer Silver Moon: Tatoveringsklaser med glitrende stjerner, prikker, kvister og en m\u00e5ne plassert over nesen og under \u00f8ynene.\" \/>\n<meta name=\"robots\" content=\"index, follow, max-snippet:-1, max-image-preview:large, max-video-preview:-1\" \/>\n<link rel=\"canonical\" href=\"https:\/\/likeink.com\/no\/faketatureringar\/fregnetatoveringer-silver-moon\/\" \/>\n<meta property=\"og:locale\" content=\"nb_NO\" \/>\n<meta property=\"og:type\" content=\"article\" \/>\n<meta property=\"og:title\" content=\"Fregnetatoveringer Silver Moon\" \/>\n<meta property=\"og:description\" content=\"Like Ink Freckle Tattoos Moon \u2013 Glitrende s\u00f8lvklaser med sm\u00e5 prikker, stjerner, kvister og en m\u00e5ne. Gi utseendet ditt et magisk preg med Like Ink Metallic Freckle Tattoos \u2013 glitrende s\u00f8lvfargede midlertidige tatoveringer som plasseres over nesen og under \u00f8ynene. Perfekt for en kveld p\u00e5 byen, festival eller nytt\u00e5rsaften n\u00e5r du vil skinne litt ekstra! Kj\u00f8p s\u00f8lvfregnetatoveringer i god kvalitetV\u00e5re Freckle Tattoos er designet for \u00e5 holde seg p\u00e5 plass i lang tid og gi et naturlig, stilig utseende. Takket v\u00e6re det smarte designet fester limet seg bare til selve tatoveringen \u2013 ingen un\u00f8dvendig plastfilm rundt som \u00f8delegger helhetsinntrykket. Superstilige freckle-tatoveringer i god kvalitet. Dessuten er Like Ink Freckle Tattoos allergivennlige og sk\u00e5nsomme mot huden, noe som gj\u00f8r dem trygge \u00e5 bruke selv p\u00e5 sensitiv hud. Enkle \u00e5 p\u00e5f\u00f8re og enkle \u00e5 fjerne \u2013 skap ditt dr\u00f8mmelook p\u00e5 bare noen f\u00e5 minutter. \u2728 Skap magi med Like Ink Freckle Tattoos \u2013 en glitrende detalj som gj\u00f8r hele forskjellen! \u2728 St\u00f8rrelse: 15X4 cm\" \/>\n<meta property=\"og:url\" content=\"https:\/\/likeink.com\/no\/faketatureringar\/fregnetatoveringer-silver-moon\/\" \/>\n<meta property=\"og:site_name\" content=\"Like ink\" \/>\n<meta property=\"article:publisher\" content=\"https:\/\/www.facebook.com\/LikeInkSe\" \/>\n<meta property=\"article:modified_time\" content=\"2026-01-30T11:32:55+00:00\" \/>\n<meta property=\"og:image\" content=\"https:\/\/likeink.com\/wp-content\/uploads\/2025\/11\/FreckleMoonTattoo-silver-Likeink.png\" \/>\n\t<meta property=\"og:image:width\" content=\"1772\" \/>\n\t<meta property=\"og:image:height\" content=\"1772\" \/>\n\t<meta property=\"og:image:type\" content=\"image\/png\" \/>\n<meta name=\"twitter:card\" content=\"summary_large_image\" \/>\n<!-- \/ Yoast SEO Premium plugin. -->","yoast_head_json":{"title":"Fregnetatoveringer Silver Moon - Like ink","description":"Fregnetatoveringer Silver Moon: Tatoveringsklaser med glitrende stjerner, prikker, kvister og en m\u00e5ne plassert over nesen og under \u00f8ynene.","robots":{"index":"index","follow":"follow","max-snippet":"max-snippet:-1","max-image-preview":"max-image-preview:large","max-video-preview":"max-video-preview:-1"},"canonical":"https:\/\/likeink.com\/no\/faketatureringar\/fregnetatoveringer-silver-moon\/","og_locale":"nb_NO","og_type":"article","og_title":"Fregnetatoveringer Silver Moon","og_description":"Like Ink Freckle Tattoos Moon \u2013 Glitrende s\u00f8lvklaser med sm\u00e5 prikker, stjerner, kvister og en m\u00e5ne. Gi utseendet ditt et magisk preg med Like Ink Metallic Freckle Tattoos \u2013 glitrende s\u00f8lvfargede midlertidige tatoveringer som plasseres over nesen og under \u00f8ynene. Perfekt for en kveld p\u00e5 byen, festival eller nytt\u00e5rsaften n\u00e5r du vil skinne litt ekstra! Kj\u00f8p s\u00f8lvfregnetatoveringer i god kvalitetV\u00e5re Freckle Tattoos er designet for \u00e5 holde seg p\u00e5 plass i lang tid og gi et naturlig, stilig utseende. Takket v\u00e6re det smarte designet fester limet seg bare til selve tatoveringen \u2013 ingen un\u00f8dvendig plastfilm rundt som \u00f8delegger helhetsinntrykket. Superstilige freckle-tatoveringer i god kvalitet. Dessuten er Like Ink Freckle Tattoos allergivennlige og sk\u00e5nsomme mot huden, noe som gj\u00f8r dem trygge \u00e5 bruke selv p\u00e5 sensitiv hud. Enkle \u00e5 p\u00e5f\u00f8re og enkle \u00e5 fjerne \u2013 skap ditt dr\u00f8mmelook p\u00e5 bare noen f\u00e5 minutter. \u2728 Skap magi med Like Ink Freckle Tattoos \u2013 en glitrende detalj som gj\u00f8r hele forskjellen! \u2728 St\u00f8rrelse: 15X4 cm","og_url":"https:\/\/likeink.com\/no\/faketatureringar\/fregnetatoveringer-silver-moon\/","og_site_name":"Like ink","article_publisher":"https:\/\/www.facebook.com\/LikeInkSe","article_modified_time":"2026-01-30T11:32:55+00:00","og_image":[{"width":1772,"height":1772,"url":"https:\/\/likeink.com\/wp-content\/uploads\/2025\/11\/FreckleMoonTattoo-silver-Likeink.png","type":"image\/png"}],"twitter_card":"summary_large_image","schema":{"@context":"https:\/\/schema.org","@graph":[{"@type":"WebPage","@id":"https:\/\/likeink.com\/no\/faketatureringar\/fregnetatoveringer-silver-moon\/","url":"https:\/\/likeink.com\/no\/faketatureringar\/fregnetatoveringer-silver-moon\/","name":"Fregnetatoveringer Silver Moon - Like ink","isPartOf":{"@id":"https:\/\/likeink.com\/no\/#website"},"primaryImageOfPage":{"@id":"https:\/\/likeink.com\/no\/faketatureringar\/fregnetatoveringer-silver-moon\/#primaryimage"},"image":{"@id":"https:\/\/likeink.com\/no\/faketatureringar\/fregnetatoveringer-silver-moon\/#primaryimage"},"thumbnailUrl":"https:\/\/likeink.com\/wp-content\/uploads\/2025\/11\/FreckleMoonTattoo-silver-Likeink.png","datePublished":"2025-12-12T07:49:19+00:00","dateModified":"2026-01-30T11:32:55+00:00","description":"Fregnetatoveringer Silver Moon: Tatoveringsklaser med glitrende stjerner, prikker, kvister og en m\u00e5ne plassert over nesen og under \u00f8ynene.","breadcrumb":{"@id":"https:\/\/likeink.com\/no\/faketatureringar\/fregnetatoveringer-silver-moon\/#breadcrumb"},"inLanguage":"nb-NO","potentialAction":[{"@type":"ReadAction","target":["https:\/\/likeink.com\/no\/faketatureringar\/fregnetatoveringer-silver-moon\/"]}]},{"@type":"ImageObject","inLanguage":"nb-NO","@id":"https:\/\/likeink.com\/no\/faketatureringar\/fregnetatoveringer-silver-moon\/#primaryimage","url":"https:\/\/likeink.com\/wp-content\/uploads\/2025\/11\/FreckleMoonTattoo-silver-Likeink.png","contentUrl":"https:\/\/likeink.com\/wp-content\/uploads\/2025\/11\/FreckleMoonTattoo-silver-Likeink.png","width":1772,"height":1772,"caption":"SIlver Freckle Tattoos Moon and Stars"},{"@type":"BreadcrumbList","@id":"https:\/\/likeink.com\/no\/faketatureringar\/fregnetatoveringer-silver-moon\/#breadcrumb","itemListElement":[{"@type":"ListItem","position":1,"name":"Hem","item":"https:\/\/likeink.com\/no\/"},{"@type":"ListItem","position":2,"name":"Butikk","item":"https:\/\/likeink.com\/no\/butikk\/"},{"@type":"ListItem","position":3,"name":"Fregnetatoveringer Silver Moon"}]},{"@type":"WebSite","@id":"https:\/\/likeink.com\/no\/#website","url":"https:\/\/likeink.com\/no\/","name":"Like ink","description":"Make your own custom design","potentialAction":[{"@type":"SearchAction","target":{"@type":"EntryPoint","urlTemplate":"https:\/\/likeink.com\/no\/?s={search_term_string}"},"query-input":{"@type":"PropertyValueSpecification","valueRequired":true,"valueName":"search_term_string"}}],"inLanguage":"nb-NO"}]}},"_links":{"self":[{"href":"https:\/\/likeink.com\/no\/wp-json\/wp\/v2\/product\/53784","targetHints":{"allow":["GET"]}}],"collection":[{"href":"https:\/\/likeink.com\/no\/wp-json\/wp\/v2\/product"}],"about":[{"href":"https:\/\/likeink.com\/no\/wp-json\/wp\/v2\/types\/product"}],"wp:featuredmedia":[{"embeddable":true,"href":"https:\/\/likeink.com\/no\/wp-json\/wp\/v2\/media\/52959"}],"wp:attachment":[{"href":"https:\/\/likeink.com\/no\/wp-json\/wp\/v2\/media?parent=53784"}],"wp:term":[{"taxonomy":"product_brand","embeddable":true,"href":"https:\/\/likeink.com\/no\/wp-json\/wp\/v2\/product_brand?post=53784"},{"taxonomy":"product_cat","embeddable":true,"href":"https:\/\/likeink.com\/no\/wp-json\/wp\/v2\/product_cat?post=53784"},{"taxonomy":"product_tag","embeddable":true,"href":"https:\/\/likeink.com\/no\/wp-json\/wp\/v2\/product_tag?post=53784"}],"curies":[{"name":"wp","href":"https:\/\/api.w.org\/{rel}","templated":true}]}}