{"id":53788,"date":"2025-09-08T11:56:47","date_gmt":"2025-12-12T07:49:24","guid":{"rendered":"https:\/\/likeink.com\/gnuggis\/lafufu-babyer-a5\/"},"modified":"2026-03-16T20:39:08","modified_gmt":"2026-03-16T20:39:08","slug":"lafufu-babyer-a5","status":"publish","type":"product","link":"https:\/\/likeink.com\/no\/faketatureringar\/lafufu-babyer-a5\/","title":{"rendered":"Lafufu-babyer"},"content":{"rendered":"","protected":false},"excerpt":{"rendered":"<p>M\u00f8t Lafufu, det godhjertede monsteret inspirert av den virale Labubu-sensasjonen. Hvert A5-ark er fylt med fargerike, h\u00e5ndtegnede Lafufu-midlertidige tatoveringer, designet og produsert i Sverige.<br \/>\nEnten du er p\u00e5 jakt etter en liten venn som kan lyse opp dagen din eller et lekent statement-plagg, er disse tatoveringene det perfekte valget for fester, arrangementer eller bare for \u00e5 vise frem din unike stil.<\/p>\n<h2>Kj\u00f8p dine Lafufu-tatoveringer i dag.<\/h2>\n<p>Like Ink-tatoveringer er enkle \u00e5 p\u00e5f\u00f8re og varer i flere dager \u2013 bare trekk av, kle p\u00e5 og smil!<\/p>\n<p><strong>Arkst\u00f8rrelse: A5<br \/>\nAntall tatoveringer: 16<br \/>\nTatoveringsst\u00f8rrelse:<\/strong><br \/>\nca. 3\u20135 cm<\/p>\n","protected":false},"featured_media":53789,"template":"","meta":[],"product_brand":[],"product_cat":[369,365,371],"product_tag":[],"class_list":{"0":"post-53788","1":"product","2":"type-product","3":"status-publish","4":"has-post-thumbnail","6":"product_cat-andre-tatoveringer","7":"product_cat-ferdige-ark","8":"product_cat-tatoveringer-for-barn","10":"first","11":"instock","12":"taxable","13":"shipping-taxable","14":"purchasable","15":"product-type-simple"},"yoast_head":"<!-- This site is optimized with the Yoast SEO Premium plugin v26.2 (Yoast SEO v27.4) - https:\/\/yoast.com\/product\/yoast-seo-premium-wordpress\/ -->\n<title>Lafufu-babyer - Like ink<\/title>\n<meta name=\"description\" content=\"Kj\u00f8p Lafufu-babyer falske tatoveringer inspirert av den virale Labubu-figuren. Hvert A5-ark har lekne, h\u00e5ndtegnede monsterdesign \u2013 enkle \u00e5 p\u00e5f\u00f8re og langvarige.\" \/>\n<meta name=\"robots\" content=\"index, follow, max-snippet:-1, max-image-preview:large, max-video-preview:-1\" \/>\n<link rel=\"canonical\" href=\"https:\/\/likeink.com\/no\/faketatureringar\/lafufu-babyer-a5\/\" \/>\n<meta property=\"og:locale\" content=\"nb_NO\" \/>\n<meta property=\"og:type\" content=\"article\" \/>\n<meta property=\"og:title\" content=\"Lafufu-babyer\" \/>\n<meta property=\"og:description\" content=\"M\u00f8t Lafufu, det godhjertede monsteret inspirert av den virale Labubu-sensasjonen. Hvert A5-ark er fylt med fargerike, h\u00e5ndtegnede Lafufu-midlertidige tatoveringer, designet og produsert i Sverige. Enten du er p\u00e5 jakt etter en liten venn som kan lyse opp dagen din eller et lekent statement-plagg, er disse tatoveringene det perfekte valget for fester, arrangementer eller bare for \u00e5 vise frem din unike stil. Kj\u00f8p dine Lafufu-tatoveringer i dag.Like Ink-tatoveringer er enkle \u00e5 p\u00e5f\u00f8re og varer i flere dager \u2013 bare trekk av, kle p\u00e5 og smil! Arkst\u00f8rrelse: A5 Antall tatoveringer: 16 Tatoveringsst\u00f8rrelse: ca. 3\u20135 cm\" \/>\n<meta property=\"og:url\" content=\"https:\/\/likeink.com\/no\/faketatureringar\/lafufu-babyer-a5\/\" \/>\n<meta property=\"og:site_name\" content=\"Like ink\" \/>\n<meta property=\"article:publisher\" content=\"https:\/\/www.facebook.com\/LikeInkSe\" \/>\n<meta property=\"article:modified_time\" content=\"2026-03-16T20:39:08+00:00\" \/>\n<meta property=\"og:image\" content=\"https:\/\/likeink.com\/wp-content\/uploads\/2025\/08\/Labubu-babies-tattoos-likeink.jpg\" \/>\n\t<meta property=\"og:image:width\" content=\"1985\" \/>\n\t<meta property=\"og:image:height\" content=\"1400\" \/>\n\t<meta property=\"og:image:type\" content=\"image\/jpeg\" \/>\n<meta name=\"twitter:card\" content=\"summary_large_image\" \/>\n<script type=\"application\/ld+json\" class=\"yoast-schema-graph\">{\"@context\":\"https:\\\/\\\/schema.org\",\"@graph\":[{\"@type\":\"WebPage\",\"@id\":\"https:\\\/\\\/likeink.com\\\/no\\\/faketatureringar\\\/lafufu-babyer-a5\\\/\",\"url\":\"https:\\\/\\\/likeink.com\\\/no\\\/faketatureringar\\\/lafufu-babyer-a5\\\/\",\"name\":\"Lafufu-babyer - Like ink\",\"isPartOf\":{\"@id\":\"https:\\\/\\\/likeink.com\\\/no\\\/#website\"},\"primaryImageOfPage\":{\"@id\":\"https:\\\/\\\/likeink.com\\\/no\\\/faketatureringar\\\/lafufu-babyer-a5\\\/#primaryimage\"},\"image\":{\"@id\":\"https:\\\/\\\/likeink.com\\\/no\\\/faketatureringar\\\/lafufu-babyer-a5\\\/#primaryimage\"},\"thumbnailUrl\":\"https:\\\/\\\/likeink.com\\\/wp-content\\\/uploads\\\/2025\\\/08\\\/Labubu-babies-tattoos-likeink.jpg\",\"datePublished\":\"2025-12-12T07:49:24+00:00\",\"dateModified\":\"2026-03-16T20:39:08+00:00\",\"description\":\"Kj\u00f8p Lafufu-babyer falske tatoveringer inspirert av den virale Labubu-figuren. Hvert A5-ark har lekne, h\u00e5ndtegnede monsterdesign \u2013 enkle \u00e5 p\u00e5f\u00f8re og langvarige.\",\"breadcrumb\":{\"@id\":\"https:\\\/\\\/likeink.com\\\/no\\\/faketatureringar\\\/lafufu-babyer-a5\\\/#breadcrumb\"},\"inLanguage\":\"nb-NO\",\"potentialAction\":[{\"@type\":\"ReadAction\",\"target\":[\"https:\\\/\\\/likeink.com\\\/no\\\/faketatureringar\\\/lafufu-babyer-a5\\\/\"]}]},{\"@type\":\"ImageObject\",\"inLanguage\":\"nb-NO\",\"@id\":\"https:\\\/\\\/likeink.com\\\/no\\\/faketatureringar\\\/lafufu-babyer-a5\\\/#primaryimage\",\"url\":\"https:\\\/\\\/likeink.com\\\/wp-content\\\/uploads\\\/2025\\\/08\\\/Labubu-babies-tattoos-likeink.jpg\",\"contentUrl\":\"https:\\\/\\\/likeink.com\\\/wp-content\\\/uploads\\\/2025\\\/08\\\/Labubu-babies-tattoos-likeink.jpg\",\"width\":1985,\"height\":1400,\"caption\":\"Sheet of Labubu babies temporary tattoos with soft-colored baby monster characters in different outfits, moods, and activities.\"},{\"@type\":\"BreadcrumbList\",\"@id\":\"https:\\\/\\\/likeink.com\\\/no\\\/faketatureringar\\\/lafufu-babyer-a5\\\/#breadcrumb\",\"itemListElement\":[{\"@type\":\"ListItem\",\"position\":1,\"name\":\"Hem\",\"item\":\"https:\\\/\\\/likeink.com\\\/no\\\/\"},{\"@type\":\"ListItem\",\"position\":2,\"name\":\"Butikk\",\"item\":\"https:\\\/\\\/likeink.com\\\/no\\\/butikk\\\/\"},{\"@type\":\"ListItem\",\"position\":3,\"name\":\"Lafufu-babyer\"}]},{\"@type\":\"WebSite\",\"@id\":\"https:\\\/\\\/likeink.com\\\/no\\\/#website\",\"url\":\"https:\\\/\\\/likeink.com\\\/no\\\/\",\"name\":\"Like ink\",\"description\":\"Make your own custom design\",\"potentialAction\":[{\"@type\":\"SearchAction\",\"target\":{\"@type\":\"EntryPoint\",\"urlTemplate\":\"https:\\\/\\\/likeink.com\\\/no\\\/?s={search_term_string}\"},\"query-input\":{\"@type\":\"PropertyValueSpecification\",\"valueRequired\":true,\"valueName\":\"search_term_string\"}}],\"inLanguage\":\"nb-NO\"}]}<\/script>\n<!-- \/ Yoast SEO Premium plugin. -->","yoast_head_json":{"title":"Lafufu-babyer - Like ink","description":"Kj\u00f8p Lafufu-babyer falske tatoveringer inspirert av den virale Labubu-figuren. Hvert A5-ark har lekne, h\u00e5ndtegnede monsterdesign \u2013 enkle \u00e5 p\u00e5f\u00f8re og langvarige.","robots":{"index":"index","follow":"follow","max-snippet":"max-snippet:-1","max-image-preview":"max-image-preview:large","max-video-preview":"max-video-preview:-1"},"canonical":"https:\/\/likeink.com\/no\/faketatureringar\/lafufu-babyer-a5\/","og_locale":"nb_NO","og_type":"article","og_title":"Lafufu-babyer","og_description":"M\u00f8t Lafufu, det godhjertede monsteret inspirert av den virale Labubu-sensasjonen. Hvert A5-ark er fylt med fargerike, h\u00e5ndtegnede Lafufu-midlertidige tatoveringer, designet og produsert i Sverige. Enten du er p\u00e5 jakt etter en liten venn som kan lyse opp dagen din eller et lekent statement-plagg, er disse tatoveringene det perfekte valget for fester, arrangementer eller bare for \u00e5 vise frem din unike stil. Kj\u00f8p dine Lafufu-tatoveringer i dag.Like Ink-tatoveringer er enkle \u00e5 p\u00e5f\u00f8re og varer i flere dager \u2013 bare trekk av, kle p\u00e5 og smil! Arkst\u00f8rrelse: A5 Antall tatoveringer: 16 Tatoveringsst\u00f8rrelse: ca. 3\u20135 cm","og_url":"https:\/\/likeink.com\/no\/faketatureringar\/lafufu-babyer-a5\/","og_site_name":"Like ink","article_publisher":"https:\/\/www.facebook.com\/LikeInkSe","article_modified_time":"2026-03-16T20:39:08+00:00","og_image":[{"width":1985,"height":1400,"url":"https:\/\/likeink.com\/wp-content\/uploads\/2025\/08\/Labubu-babies-tattoos-likeink.jpg","type":"image\/jpeg"}],"twitter_card":"summary_large_image","schema":{"@context":"https:\/\/schema.org","@graph":[{"@type":"WebPage","@id":"https:\/\/likeink.com\/no\/faketatureringar\/lafufu-babyer-a5\/","url":"https:\/\/likeink.com\/no\/faketatureringar\/lafufu-babyer-a5\/","name":"Lafufu-babyer - Like ink","isPartOf":{"@id":"https:\/\/likeink.com\/no\/#website"},"primaryImageOfPage":{"@id":"https:\/\/likeink.com\/no\/faketatureringar\/lafufu-babyer-a5\/#primaryimage"},"image":{"@id":"https:\/\/likeink.com\/no\/faketatureringar\/lafufu-babyer-a5\/#primaryimage"},"thumbnailUrl":"https:\/\/likeink.com\/wp-content\/uploads\/2025\/08\/Labubu-babies-tattoos-likeink.jpg","datePublished":"2025-12-12T07:49:24+00:00","dateModified":"2026-03-16T20:39:08+00:00","description":"Kj\u00f8p Lafufu-babyer falske tatoveringer inspirert av den virale Labubu-figuren. Hvert A5-ark har lekne, h\u00e5ndtegnede monsterdesign \u2013 enkle \u00e5 p\u00e5f\u00f8re og langvarige.","breadcrumb":{"@id":"https:\/\/likeink.com\/no\/faketatureringar\/lafufu-babyer-a5\/#breadcrumb"},"inLanguage":"nb-NO","potentialAction":[{"@type":"ReadAction","target":["https:\/\/likeink.com\/no\/faketatureringar\/lafufu-babyer-a5\/"]}]},{"@type":"ImageObject","inLanguage":"nb-NO","@id":"https:\/\/likeink.com\/no\/faketatureringar\/lafufu-babyer-a5\/#primaryimage","url":"https:\/\/likeink.com\/wp-content\/uploads\/2025\/08\/Labubu-babies-tattoos-likeink.jpg","contentUrl":"https:\/\/likeink.com\/wp-content\/uploads\/2025\/08\/Labubu-babies-tattoos-likeink.jpg","width":1985,"height":1400,"caption":"Sheet of Labubu babies temporary tattoos with soft-colored baby monster characters in different outfits, moods, and activities."},{"@type":"BreadcrumbList","@id":"https:\/\/likeink.com\/no\/faketatureringar\/lafufu-babyer-a5\/#breadcrumb","itemListElement":[{"@type":"ListItem","position":1,"name":"Hem","item":"https:\/\/likeink.com\/no\/"},{"@type":"ListItem","position":2,"name":"Butikk","item":"https:\/\/likeink.com\/no\/butikk\/"},{"@type":"ListItem","position":3,"name":"Lafufu-babyer"}]},{"@type":"WebSite","@id":"https:\/\/likeink.com\/no\/#website","url":"https:\/\/likeink.com\/no\/","name":"Like ink","description":"Make your own custom design","potentialAction":[{"@type":"SearchAction","target":{"@type":"EntryPoint","urlTemplate":"https:\/\/likeink.com\/no\/?s={search_term_string}"},"query-input":{"@type":"PropertyValueSpecification","valueRequired":true,"valueName":"search_term_string"}}],"inLanguage":"nb-NO"}]}},"_links":{"self":[{"href":"https:\/\/likeink.com\/no\/wp-json\/wp\/v2\/product\/53788","targetHints":{"allow":["GET"]}}],"collection":[{"href":"https:\/\/likeink.com\/no\/wp-json\/wp\/v2\/product"}],"about":[{"href":"https:\/\/likeink.com\/no\/wp-json\/wp\/v2\/types\/product"}],"wp:featuredmedia":[{"embeddable":true,"href":"https:\/\/likeink.com\/no\/wp-json\/wp\/v2\/media\/53789"}],"wp:attachment":[{"href":"https:\/\/likeink.com\/no\/wp-json\/wp\/v2\/media?parent=53788"}],"wp:term":[{"taxonomy":"product_brand","embeddable":true,"href":"https:\/\/likeink.com\/no\/wp-json\/wp\/v2\/product_brand?post=53788"},{"taxonomy":"product_cat","embeddable":true,"href":"https:\/\/likeink.com\/no\/wp-json\/wp\/v2\/product_cat?post=53788"},{"taxonomy":"product_tag","embeddable":true,"href":"https:\/\/likeink.com\/no\/wp-json\/wp\/v2\/product_tag?post=53788"}],"curies":[{"name":"wp","href":"https:\/\/api.w.org\/{rel}","templated":true}]}}