{"id":53792,"date":"2025-08-29T12:41:09","date_gmt":"2025-12-12T07:49:27","guid":{"rendered":"https:\/\/likeink.com\/gnuggis\/lafufu-fargerike-tatoveringer-a5\/"},"modified":"2026-03-16T20:39:08","modified_gmt":"2026-03-16T20:39:08","slug":"lafufu-fargerike-tatoveringer-a5","status":"publish","type":"product","link":"https:\/\/likeink.com\/no\/faketatureringar\/lafufu-fargerike-tatoveringer-a5\/","title":{"rendered":"Lafufu Fargerike tatoveringer"},"content":{"rendered":"<p><span data-mce-type=\"bookmark\" style=\"display: inline-block; width: 0px; overflow: hidden; line-height: 0;\" class=\"mce_SELRES_start\">\ufeff<\/span><\/p>\n","protected":false},"excerpt":{"rendered":"<p>Lafufu-tatoveringer er inspirert av den virale sensasjonen Labubu. Bestill et A5-ark fylt med fargerike og lekne Lafufu-midlertidige tatoveringer, stolt produsert i Sverige. De er perfekte hvis du vil ha en liten venn \u2013 et godhjertet monster \u2013 ved din side.<\/p>\n<h2>Bestill Lafufu midlertidige tatoveringer.<\/h2>\n<p>Like Ink-tatoveringer er enkle \u00e5 p\u00e5f\u00f8re og varer i flere dager, noe som gj\u00f8r dem ideelle for fester, arrangementer eller bare for \u00e5 uttrykke din unike stil.<\/p>\n<p><strong>Arkst\u00f8rrelse: A5<br \/>\nAntall tatoveringer: 13<br \/>\nTatoveringsst\u00f8rrelse:<\/strong><br \/>\nca. 3\u20135 cm<\/p>\n","protected":false},"featured_media":53793,"template":"","meta":[],"product_brand":[],"product_cat":[369,365,371],"product_tag":[],"class_list":{"0":"post-53792","1":"product","2":"type-product","3":"status-publish","4":"has-post-thumbnail","6":"product_cat-andre-tatoveringer","7":"product_cat-ferdige-ark","8":"product_cat-tatoveringer-for-barn","10":"first","11":"instock","12":"taxable","13":"shipping-taxable","14":"purchasable","15":"product-type-simple"},"yoast_head":"<!-- This site is optimized with the Yoast SEO Premium plugin v26.2 (Yoast SEO v27.4) - https:\/\/yoast.com\/product\/yoast-seo-premium-wordpress\/ -->\n<title>Lafufu Fargerike tatoveringer A5 - Like ink<\/title>\n<meta name=\"description\" content=\"Oppdag Lafufu Colourful Tattoos A5 \u2013 et morsomt ark med 13 lekne, midlertidige tatoveringer inspirert av Labubu. Enkle \u00e5 p\u00e5f\u00f8re, langvarige og produsert i Sverige.\" \/>\n<meta name=\"robots\" content=\"index, follow, max-snippet:-1, max-image-preview:large, max-video-preview:-1\" \/>\n<link rel=\"canonical\" href=\"https:\/\/likeink.com\/no\/faketatureringar\/lafufu-fargerike-tatoveringer-a5\/\" \/>\n<meta property=\"og:locale\" content=\"nb_NO\" \/>\n<meta property=\"og:type\" content=\"article\" \/>\n<meta property=\"og:title\" content=\"Lafufu Fargerike tatoveringer\" \/>\n<meta property=\"og:description\" content=\"Lafufu-tatoveringer er inspirert av den virale sensasjonen Labubu. Bestill et A5-ark fylt med fargerike og lekne Lafufu-midlertidige tatoveringer, stolt produsert i Sverige. De er perfekte hvis du vil ha en liten venn \u2013 et godhjertet monster \u2013 ved din side. Bestill Lafufu midlertidige tatoveringer.Like Ink-tatoveringer er enkle \u00e5 p\u00e5f\u00f8re og varer i flere dager, noe som gj\u00f8r dem ideelle for fester, arrangementer eller bare for \u00e5 uttrykke din unike stil. Arkst\u00f8rrelse: A5 Antall tatoveringer: 13 Tatoveringsst\u00f8rrelse: ca. 3\u20135 cm\" \/>\n<meta property=\"og:url\" content=\"https:\/\/likeink.com\/no\/faketatureringar\/lafufu-fargerike-tatoveringer-a5\/\" \/>\n<meta property=\"og:site_name\" content=\"Like ink\" \/>\n<meta property=\"article:publisher\" content=\"https:\/\/www.facebook.com\/LikeInkSe\" \/>\n<meta property=\"article:modified_time\" content=\"2026-03-16T20:39:08+00:00\" \/>\n<meta property=\"og:image\" content=\"https:\/\/likeink.com\/wp-content\/uploads\/2025\/08\/Labubu-Tatttoo-Likeink.jpg\" \/>\n\t<meta property=\"og:image:width\" content=\"1702\" \/>\n\t<meta property=\"og:image:height\" content=\"1200\" \/>\n\t<meta property=\"og:image:type\" content=\"image\/jpeg\" \/>\n<meta name=\"twitter:card\" content=\"summary_large_image\" \/>\n<script type=\"application\/ld+json\" class=\"yoast-schema-graph\">{\"@context\":\"https:\\\/\\\/schema.org\",\"@graph\":[{\"@type\":\"WebPage\",\"@id\":\"https:\\\/\\\/likeink.com\\\/no\\\/faketatureringar\\\/lafufu-fargerike-tatoveringer-a5\\\/\",\"url\":\"https:\\\/\\\/likeink.com\\\/no\\\/faketatureringar\\\/lafufu-fargerike-tatoveringer-a5\\\/\",\"name\":\"Lafufu Fargerike tatoveringer A5 - Like ink\",\"isPartOf\":{\"@id\":\"https:\\\/\\\/likeink.com\\\/no\\\/#website\"},\"primaryImageOfPage\":{\"@id\":\"https:\\\/\\\/likeink.com\\\/no\\\/faketatureringar\\\/lafufu-fargerike-tatoveringer-a5\\\/#primaryimage\"},\"image\":{\"@id\":\"https:\\\/\\\/likeink.com\\\/no\\\/faketatureringar\\\/lafufu-fargerike-tatoveringer-a5\\\/#primaryimage\"},\"thumbnailUrl\":\"https:\\\/\\\/likeink.com\\\/wp-content\\\/uploads\\\/2025\\\/08\\\/Labubu-Tatttoo-Likeink.jpg\",\"datePublished\":\"2025-12-12T07:49:27+00:00\",\"dateModified\":\"2026-03-16T20:39:08+00:00\",\"description\":\"Oppdag Lafufu Colourful Tattoos A5 \u2013 et morsomt ark med 13 lekne, midlertidige tatoveringer inspirert av Labubu. Enkle \u00e5 p\u00e5f\u00f8re, langvarige og produsert i Sverige.\",\"breadcrumb\":{\"@id\":\"https:\\\/\\\/likeink.com\\\/no\\\/faketatureringar\\\/lafufu-fargerike-tatoveringer-a5\\\/#breadcrumb\"},\"inLanguage\":\"nb-NO\",\"potentialAction\":[{\"@type\":\"ReadAction\",\"target\":[\"https:\\\/\\\/likeink.com\\\/no\\\/faketatureringar\\\/lafufu-fargerike-tatoveringer-a5\\\/\"]}]},{\"@type\":\"ImageObject\",\"inLanguage\":\"nb-NO\",\"@id\":\"https:\\\/\\\/likeink.com\\\/no\\\/faketatureringar\\\/lafufu-fargerike-tatoveringer-a5\\\/#primaryimage\",\"url\":\"https:\\\/\\\/likeink.com\\\/wp-content\\\/uploads\\\/2025\\\/08\\\/Labubu-Tatttoo-Likeink.jpg\",\"contentUrl\":\"https:\\\/\\\/likeink.com\\\/wp-content\\\/uploads\\\/2025\\\/08\\\/Labubu-Tatttoo-Likeink.jpg\",\"width\":1702,\"height\":1200,\"caption\":\"Sheet of temporary tattoos with cartoon-style Labubu monster figures in bunny costumes, showing various poses and emotions.\"},{\"@type\":\"BreadcrumbList\",\"@id\":\"https:\\\/\\\/likeink.com\\\/no\\\/faketatureringar\\\/lafufu-fargerike-tatoveringer-a5\\\/#breadcrumb\",\"itemListElement\":[{\"@type\":\"ListItem\",\"position\":1,\"name\":\"Hem\",\"item\":\"https:\\\/\\\/likeink.com\\\/no\\\/\"},{\"@type\":\"ListItem\",\"position\":2,\"name\":\"Butikk\",\"item\":\"https:\\\/\\\/likeink.com\\\/no\\\/butikk\\\/\"},{\"@type\":\"ListItem\",\"position\":3,\"name\":\"Lafufu Fargerike tatoveringer\"}]},{\"@type\":\"WebSite\",\"@id\":\"https:\\\/\\\/likeink.com\\\/no\\\/#website\",\"url\":\"https:\\\/\\\/likeink.com\\\/no\\\/\",\"name\":\"Like ink\",\"description\":\"Make your own custom design\",\"potentialAction\":[{\"@type\":\"SearchAction\",\"target\":{\"@type\":\"EntryPoint\",\"urlTemplate\":\"https:\\\/\\\/likeink.com\\\/no\\\/?s={search_term_string}\"},\"query-input\":{\"@type\":\"PropertyValueSpecification\",\"valueRequired\":true,\"valueName\":\"search_term_string\"}}],\"inLanguage\":\"nb-NO\"}]}<\/script>\n<!-- \/ Yoast SEO Premium plugin. -->","yoast_head_json":{"title":"Lafufu Fargerike tatoveringer A5 - Like ink","description":"Oppdag Lafufu Colourful Tattoos A5 \u2013 et morsomt ark med 13 lekne, midlertidige tatoveringer inspirert av Labubu. Enkle \u00e5 p\u00e5f\u00f8re, langvarige og produsert i Sverige.","robots":{"index":"index","follow":"follow","max-snippet":"max-snippet:-1","max-image-preview":"max-image-preview:large","max-video-preview":"max-video-preview:-1"},"canonical":"https:\/\/likeink.com\/no\/faketatureringar\/lafufu-fargerike-tatoveringer-a5\/","og_locale":"nb_NO","og_type":"article","og_title":"Lafufu Fargerike tatoveringer","og_description":"Lafufu-tatoveringer er inspirert av den virale sensasjonen Labubu. Bestill et A5-ark fylt med fargerike og lekne Lafufu-midlertidige tatoveringer, stolt produsert i Sverige. De er perfekte hvis du vil ha en liten venn \u2013 et godhjertet monster \u2013 ved din side. Bestill Lafufu midlertidige tatoveringer.Like Ink-tatoveringer er enkle \u00e5 p\u00e5f\u00f8re og varer i flere dager, noe som gj\u00f8r dem ideelle for fester, arrangementer eller bare for \u00e5 uttrykke din unike stil. Arkst\u00f8rrelse: A5 Antall tatoveringer: 13 Tatoveringsst\u00f8rrelse: ca. 3\u20135 cm","og_url":"https:\/\/likeink.com\/no\/faketatureringar\/lafufu-fargerike-tatoveringer-a5\/","og_site_name":"Like ink","article_publisher":"https:\/\/www.facebook.com\/LikeInkSe","article_modified_time":"2026-03-16T20:39:08+00:00","og_image":[{"width":1702,"height":1200,"url":"https:\/\/likeink.com\/wp-content\/uploads\/2025\/08\/Labubu-Tatttoo-Likeink.jpg","type":"image\/jpeg"}],"twitter_card":"summary_large_image","schema":{"@context":"https:\/\/schema.org","@graph":[{"@type":"WebPage","@id":"https:\/\/likeink.com\/no\/faketatureringar\/lafufu-fargerike-tatoveringer-a5\/","url":"https:\/\/likeink.com\/no\/faketatureringar\/lafufu-fargerike-tatoveringer-a5\/","name":"Lafufu Fargerike tatoveringer A5 - Like ink","isPartOf":{"@id":"https:\/\/likeink.com\/no\/#website"},"primaryImageOfPage":{"@id":"https:\/\/likeink.com\/no\/faketatureringar\/lafufu-fargerike-tatoveringer-a5\/#primaryimage"},"image":{"@id":"https:\/\/likeink.com\/no\/faketatureringar\/lafufu-fargerike-tatoveringer-a5\/#primaryimage"},"thumbnailUrl":"https:\/\/likeink.com\/wp-content\/uploads\/2025\/08\/Labubu-Tatttoo-Likeink.jpg","datePublished":"2025-12-12T07:49:27+00:00","dateModified":"2026-03-16T20:39:08+00:00","description":"Oppdag Lafufu Colourful Tattoos A5 \u2013 et morsomt ark med 13 lekne, midlertidige tatoveringer inspirert av Labubu. Enkle \u00e5 p\u00e5f\u00f8re, langvarige og produsert i Sverige.","breadcrumb":{"@id":"https:\/\/likeink.com\/no\/faketatureringar\/lafufu-fargerike-tatoveringer-a5\/#breadcrumb"},"inLanguage":"nb-NO","potentialAction":[{"@type":"ReadAction","target":["https:\/\/likeink.com\/no\/faketatureringar\/lafufu-fargerike-tatoveringer-a5\/"]}]},{"@type":"ImageObject","inLanguage":"nb-NO","@id":"https:\/\/likeink.com\/no\/faketatureringar\/lafufu-fargerike-tatoveringer-a5\/#primaryimage","url":"https:\/\/likeink.com\/wp-content\/uploads\/2025\/08\/Labubu-Tatttoo-Likeink.jpg","contentUrl":"https:\/\/likeink.com\/wp-content\/uploads\/2025\/08\/Labubu-Tatttoo-Likeink.jpg","width":1702,"height":1200,"caption":"Sheet of temporary tattoos with cartoon-style Labubu monster figures in bunny costumes, showing various poses and emotions."},{"@type":"BreadcrumbList","@id":"https:\/\/likeink.com\/no\/faketatureringar\/lafufu-fargerike-tatoveringer-a5\/#breadcrumb","itemListElement":[{"@type":"ListItem","position":1,"name":"Hem","item":"https:\/\/likeink.com\/no\/"},{"@type":"ListItem","position":2,"name":"Butikk","item":"https:\/\/likeink.com\/no\/butikk\/"},{"@type":"ListItem","position":3,"name":"Lafufu Fargerike tatoveringer"}]},{"@type":"WebSite","@id":"https:\/\/likeink.com\/no\/#website","url":"https:\/\/likeink.com\/no\/","name":"Like ink","description":"Make your own custom design","potentialAction":[{"@type":"SearchAction","target":{"@type":"EntryPoint","urlTemplate":"https:\/\/likeink.com\/no\/?s={search_term_string}"},"query-input":{"@type":"PropertyValueSpecification","valueRequired":true,"valueName":"search_term_string"}}],"inLanguage":"nb-NO"}]}},"_links":{"self":[{"href":"https:\/\/likeink.com\/no\/wp-json\/wp\/v2\/product\/53792","targetHints":{"allow":["GET"]}}],"collection":[{"href":"https:\/\/likeink.com\/no\/wp-json\/wp\/v2\/product"}],"about":[{"href":"https:\/\/likeink.com\/no\/wp-json\/wp\/v2\/types\/product"}],"wp:featuredmedia":[{"embeddable":true,"href":"https:\/\/likeink.com\/no\/wp-json\/wp\/v2\/media\/53793"}],"wp:attachment":[{"href":"https:\/\/likeink.com\/no\/wp-json\/wp\/v2\/media?parent=53792"}],"wp:term":[{"taxonomy":"product_brand","embeddable":true,"href":"https:\/\/likeink.com\/no\/wp-json\/wp\/v2\/product_brand?post=53792"},{"taxonomy":"product_cat","embeddable":true,"href":"https:\/\/likeink.com\/no\/wp-json\/wp\/v2\/product_cat?post=53792"},{"taxonomy":"product_tag","embeddable":true,"href":"https:\/\/likeink.com\/no\/wp-json\/wp\/v2\/product_tag?post=53792"}],"curies":[{"name":"wp","href":"https:\/\/api.w.org\/{rel}","templated":true}]}}