{"id":53800,"date":"2025-03-25T13:33:52","date_gmt":"2025-12-12T07:49:33","guid":{"rendered":"https:\/\/likeink.com\/gnuggis\/ironiske-sitattatoveringer-the-ironic-company-a5\/"},"modified":"2026-03-16T20:39:19","modified_gmt":"2026-03-16T20:39:19","slug":"ironiske-sitattatoveringer-the-ironic-company-a5","status":"publish","type":"product","link":"https:\/\/likeink.com\/no\/faketatureringar\/ironiske-sitattatoveringer-the-ironic-company-a5\/","title":{"rendered":"Ironiske sitattatoveringer \u00abThe Ironic Company\u00bb"},"content":{"rendered":"","protected":false},"excerpt":{"rendered":"<p>Et A5-ark fylt med midlertidige tatoveringer med ironiske sitater, designet av det skarpe teamet bak The Ironic Company. Perfekt for fester, festivaler eller bare for \u00e5 sette tonen i hverdagen med litt sarkasme.<\/p>\n<h2>Kj\u00f8p morsomme sitattatoveringer som er enkle \u00e5 p\u00e5f\u00f8re og vaske av<\/h2>\n<p>\u2714 Rask levering<br \/>\n\u2714 Allergivenlig og sk\u00e5nsom mot huden<br \/>\n\u2714 Enkel \u00e5 p\u00e5f\u00f8re \u2013 plasser, fukt, ferdig!<br \/>\n\u2714 Enkel \u00e5 vaske av<\/p>\n<p>Vis verden din humor \u2013 uten \u00e5 binde deg for livet!<\/p>\n<p>Arkst\u00f8rrelse: A5<br \/>\nAntall tatoveringer: 12<br \/>\nTatoveringsst\u00f8rrelse: 30\u201365 mm<\/p>\n","protected":false},"featured_media":53801,"template":"","meta":[],"product_brand":[],"product_cat":[365,368],"product_tag":[],"class_list":{"0":"post-53800","1":"product","2":"type-product","3":"status-publish","4":"has-post-thumbnail","6":"product_cat-ferdige-ark","7":"product_cat-morsomme-tatoveringer","9":"first","10":"instock","11":"taxable","12":"shipping-taxable","13":"purchasable","14":"product-type-simple"},"yoast_head":"<!-- This site is optimized with the Yoast SEO Premium plugin v26.2 (Yoast SEO v27.4) - https:\/\/yoast.com\/product\/yoast-seo-premium-wordpress\/ -->\n<title>Ironiske sitat-tatoveringer - Like ink<\/title>\n<meta name=\"description\" content=\"Ironiske sitattatoveringer designet av \u00abThe Ironic Company\u00bb. Rask levering, allergivennlige tatoveringer og rask frakt! - Like ink\" \/>\n<meta name=\"robots\" content=\"index, follow, max-snippet:-1, max-image-preview:large, max-video-preview:-1\" \/>\n<link rel=\"canonical\" href=\"https:\/\/likeink.com\/no\/faketatureringar\/ironiske-sitattatoveringer-the-ironic-company-a5\/\" \/>\n<meta property=\"og:locale\" content=\"nb_NO\" \/>\n<meta property=\"og:type\" content=\"article\" \/>\n<meta property=\"og:title\" content=\"Ironiske sitattatoveringer \u00abThe Ironic Company\u00bb\" \/>\n<meta property=\"og:description\" content=\"Et A5-ark fylt med midlertidige tatoveringer med ironiske sitater, designet av det skarpe teamet bak The Ironic Company. Perfekt for fester, festivaler eller bare for \u00e5 sette tonen i hverdagen med litt sarkasme. Kj\u00f8p morsomme sitattatoveringer som er enkle \u00e5 p\u00e5f\u00f8re og vaske av\u2714 Rask levering \u2714 Allergivenlig og sk\u00e5nsom mot huden \u2714 Enkel \u00e5 p\u00e5f\u00f8re \u2013 plasser, fukt, ferdig! \u2714 Enkel \u00e5 vaske av Vis verden din humor \u2013 uten \u00e5 binde deg for livet! Arkst\u00f8rrelse: A5 Antall tatoveringer: 12 Tatoveringsst\u00f8rrelse: 30\u201365 mm\" \/>\n<meta property=\"og:url\" content=\"https:\/\/likeink.com\/no\/faketatureringar\/ironiske-sitattatoveringer-the-ironic-company-a5\/\" \/>\n<meta property=\"og:site_name\" content=\"Like ink\" \/>\n<meta property=\"article:publisher\" content=\"https:\/\/www.facebook.com\/LikeInkSe\" \/>\n<meta property=\"article:modified_time\" content=\"2026-03-16T20:39:19+00:00\" \/>\n<meta property=\"og:image\" content=\"https:\/\/likeink.com\/wp-content\/uploads\/2025\/03\/StayWeirdTattoos-Likeink-1.jpg\" \/>\n\t<meta property=\"og:image:width\" content=\"1400\" \/>\n\t<meta property=\"og:image:height\" content=\"986\" \/>\n\t<meta property=\"og:image:type\" content=\"image\/jpeg\" \/>\n<meta name=\"twitter:card\" content=\"summary_large_image\" \/>\n<script type=\"application\/ld+json\" class=\"yoast-schema-graph\">{\"@context\":\"https:\\\/\\\/schema.org\",\"@graph\":[{\"@type\":\"WebPage\",\"@id\":\"https:\\\/\\\/likeink.com\\\/no\\\/faketatureringar\\\/ironiske-sitattatoveringer-the-ironic-company-a5\\\/\",\"url\":\"https:\\\/\\\/likeink.com\\\/no\\\/faketatureringar\\\/ironiske-sitattatoveringer-the-ironic-company-a5\\\/\",\"name\":\"Ironiske sitat-tatoveringer - Like ink\",\"isPartOf\":{\"@id\":\"https:\\\/\\\/likeink.com\\\/no\\\/#website\"},\"primaryImageOfPage\":{\"@id\":\"https:\\\/\\\/likeink.com\\\/no\\\/faketatureringar\\\/ironiske-sitattatoveringer-the-ironic-company-a5\\\/#primaryimage\"},\"image\":{\"@id\":\"https:\\\/\\\/likeink.com\\\/no\\\/faketatureringar\\\/ironiske-sitattatoveringer-the-ironic-company-a5\\\/#primaryimage\"},\"thumbnailUrl\":\"https:\\\/\\\/likeink.com\\\/wp-content\\\/uploads\\\/2025\\\/03\\\/StayWeirdTattoos-Likeink-1.jpg\",\"datePublished\":\"2025-12-12T07:49:33+00:00\",\"dateModified\":\"2026-03-16T20:39:19+00:00\",\"description\":\"Ironiske sitattatoveringer designet av \u00abThe Ironic Company\u00bb. Rask levering, allergivennlige tatoveringer og rask frakt! - Like ink\",\"breadcrumb\":{\"@id\":\"https:\\\/\\\/likeink.com\\\/no\\\/faketatureringar\\\/ironiske-sitattatoveringer-the-ironic-company-a5\\\/#breadcrumb\"},\"inLanguage\":\"nb-NO\",\"potentialAction\":[{\"@type\":\"ReadAction\",\"target\":[\"https:\\\/\\\/likeink.com\\\/no\\\/faketatureringar\\\/ironiske-sitattatoveringer-the-ironic-company-a5\\\/\"]}]},{\"@type\":\"ImageObject\",\"inLanguage\":\"nb-NO\",\"@id\":\"https:\\\/\\\/likeink.com\\\/no\\\/faketatureringar\\\/ironiske-sitattatoveringer-the-ironic-company-a5\\\/#primaryimage\",\"url\":\"https:\\\/\\\/likeink.com\\\/wp-content\\\/uploads\\\/2025\\\/03\\\/StayWeirdTattoos-Likeink-1.jpg\",\"contentUrl\":\"https:\\\/\\\/likeink.com\\\/wp-content\\\/uploads\\\/2025\\\/03\\\/StayWeirdTattoos-Likeink-1.jpg\",\"width\":1400,\"height\":986,\"caption\":\"Temporary tattoos with fun and quirky quotes, coffee-themed sayings, and positive affirmations.\"},{\"@type\":\"BreadcrumbList\",\"@id\":\"https:\\\/\\\/likeink.com\\\/no\\\/faketatureringar\\\/ironiske-sitattatoveringer-the-ironic-company-a5\\\/#breadcrumb\",\"itemListElement\":[{\"@type\":\"ListItem\",\"position\":1,\"name\":\"Hem\",\"item\":\"https:\\\/\\\/likeink.com\\\/no\\\/\"},{\"@type\":\"ListItem\",\"position\":2,\"name\":\"Butikk\",\"item\":\"https:\\\/\\\/likeink.com\\\/no\\\/butikk\\\/\"},{\"@type\":\"ListItem\",\"position\":3,\"name\":\"Ironiske sitattatoveringer \u00abThe Ironic Company\u00bb\"}]},{\"@type\":\"WebSite\",\"@id\":\"https:\\\/\\\/likeink.com\\\/no\\\/#website\",\"url\":\"https:\\\/\\\/likeink.com\\\/no\\\/\",\"name\":\"Like ink\",\"description\":\"Make your own custom design\",\"potentialAction\":[{\"@type\":\"SearchAction\",\"target\":{\"@type\":\"EntryPoint\",\"urlTemplate\":\"https:\\\/\\\/likeink.com\\\/no\\\/?s={search_term_string}\"},\"query-input\":{\"@type\":\"PropertyValueSpecification\",\"valueRequired\":true,\"valueName\":\"search_term_string\"}}],\"inLanguage\":\"nb-NO\"}]}<\/script>\n<!-- \/ Yoast SEO Premium plugin. -->","yoast_head_json":{"title":"Ironiske sitat-tatoveringer - Like ink","description":"Ironiske sitattatoveringer designet av \u00abThe Ironic Company\u00bb. Rask levering, allergivennlige tatoveringer og rask frakt! - Like ink","robots":{"index":"index","follow":"follow","max-snippet":"max-snippet:-1","max-image-preview":"max-image-preview:large","max-video-preview":"max-video-preview:-1"},"canonical":"https:\/\/likeink.com\/no\/faketatureringar\/ironiske-sitattatoveringer-the-ironic-company-a5\/","og_locale":"nb_NO","og_type":"article","og_title":"Ironiske sitattatoveringer \u00abThe Ironic Company\u00bb","og_description":"Et A5-ark fylt med midlertidige tatoveringer med ironiske sitater, designet av det skarpe teamet bak The Ironic Company. Perfekt for fester, festivaler eller bare for \u00e5 sette tonen i hverdagen med litt sarkasme. Kj\u00f8p morsomme sitattatoveringer som er enkle \u00e5 p\u00e5f\u00f8re og vaske av\u2714 Rask levering \u2714 Allergivenlig og sk\u00e5nsom mot huden \u2714 Enkel \u00e5 p\u00e5f\u00f8re \u2013 plasser, fukt, ferdig! \u2714 Enkel \u00e5 vaske av Vis verden din humor \u2013 uten \u00e5 binde deg for livet! Arkst\u00f8rrelse: A5 Antall tatoveringer: 12 Tatoveringsst\u00f8rrelse: 30\u201365 mm","og_url":"https:\/\/likeink.com\/no\/faketatureringar\/ironiske-sitattatoveringer-the-ironic-company-a5\/","og_site_name":"Like ink","article_publisher":"https:\/\/www.facebook.com\/LikeInkSe","article_modified_time":"2026-03-16T20:39:19+00:00","og_image":[{"width":1400,"height":986,"url":"https:\/\/likeink.com\/wp-content\/uploads\/2025\/03\/StayWeirdTattoos-Likeink-1.jpg","type":"image\/jpeg"}],"twitter_card":"summary_large_image","schema":{"@context":"https:\/\/schema.org","@graph":[{"@type":"WebPage","@id":"https:\/\/likeink.com\/no\/faketatureringar\/ironiske-sitattatoveringer-the-ironic-company-a5\/","url":"https:\/\/likeink.com\/no\/faketatureringar\/ironiske-sitattatoveringer-the-ironic-company-a5\/","name":"Ironiske sitat-tatoveringer - Like ink","isPartOf":{"@id":"https:\/\/likeink.com\/no\/#website"},"primaryImageOfPage":{"@id":"https:\/\/likeink.com\/no\/faketatureringar\/ironiske-sitattatoveringer-the-ironic-company-a5\/#primaryimage"},"image":{"@id":"https:\/\/likeink.com\/no\/faketatureringar\/ironiske-sitattatoveringer-the-ironic-company-a5\/#primaryimage"},"thumbnailUrl":"https:\/\/likeink.com\/wp-content\/uploads\/2025\/03\/StayWeirdTattoos-Likeink-1.jpg","datePublished":"2025-12-12T07:49:33+00:00","dateModified":"2026-03-16T20:39:19+00:00","description":"Ironiske sitattatoveringer designet av \u00abThe Ironic Company\u00bb. Rask levering, allergivennlige tatoveringer og rask frakt! - Like ink","breadcrumb":{"@id":"https:\/\/likeink.com\/no\/faketatureringar\/ironiske-sitattatoveringer-the-ironic-company-a5\/#breadcrumb"},"inLanguage":"nb-NO","potentialAction":[{"@type":"ReadAction","target":["https:\/\/likeink.com\/no\/faketatureringar\/ironiske-sitattatoveringer-the-ironic-company-a5\/"]}]},{"@type":"ImageObject","inLanguage":"nb-NO","@id":"https:\/\/likeink.com\/no\/faketatureringar\/ironiske-sitattatoveringer-the-ironic-company-a5\/#primaryimage","url":"https:\/\/likeink.com\/wp-content\/uploads\/2025\/03\/StayWeirdTattoos-Likeink-1.jpg","contentUrl":"https:\/\/likeink.com\/wp-content\/uploads\/2025\/03\/StayWeirdTattoos-Likeink-1.jpg","width":1400,"height":986,"caption":"Temporary tattoos with fun and quirky quotes, coffee-themed sayings, and positive affirmations."},{"@type":"BreadcrumbList","@id":"https:\/\/likeink.com\/no\/faketatureringar\/ironiske-sitattatoveringer-the-ironic-company-a5\/#breadcrumb","itemListElement":[{"@type":"ListItem","position":1,"name":"Hem","item":"https:\/\/likeink.com\/no\/"},{"@type":"ListItem","position":2,"name":"Butikk","item":"https:\/\/likeink.com\/no\/butikk\/"},{"@type":"ListItem","position":3,"name":"Ironiske sitattatoveringer \u00abThe Ironic Company\u00bb"}]},{"@type":"WebSite","@id":"https:\/\/likeink.com\/no\/#website","url":"https:\/\/likeink.com\/no\/","name":"Like ink","description":"Make your own custom design","potentialAction":[{"@type":"SearchAction","target":{"@type":"EntryPoint","urlTemplate":"https:\/\/likeink.com\/no\/?s={search_term_string}"},"query-input":{"@type":"PropertyValueSpecification","valueRequired":true,"valueName":"search_term_string"}}],"inLanguage":"nb-NO"}]}},"_links":{"self":[{"href":"https:\/\/likeink.com\/no\/wp-json\/wp\/v2\/product\/53800","targetHints":{"allow":["GET"]}}],"collection":[{"href":"https:\/\/likeink.com\/no\/wp-json\/wp\/v2\/product"}],"about":[{"href":"https:\/\/likeink.com\/no\/wp-json\/wp\/v2\/types\/product"}],"wp:featuredmedia":[{"embeddable":true,"href":"https:\/\/likeink.com\/no\/wp-json\/wp\/v2\/media\/53801"}],"wp:attachment":[{"href":"https:\/\/likeink.com\/no\/wp-json\/wp\/v2\/media?parent=53800"}],"wp:term":[{"taxonomy":"product_brand","embeddable":true,"href":"https:\/\/likeink.com\/no\/wp-json\/wp\/v2\/product_brand?post=53800"},{"taxonomy":"product_cat","embeddable":true,"href":"https:\/\/likeink.com\/no\/wp-json\/wp\/v2\/product_cat?post=53800"},{"taxonomy":"product_tag","embeddable":true,"href":"https:\/\/likeink.com\/no\/wp-json\/wp\/v2\/product_tag?post=53800"}],"curies":[{"name":"wp","href":"https:\/\/api.w.org\/{rel}","templated":true}]}}